{"id":16295,"date":"2023-07-23T12:05:57","date_gmt":"2023-07-23T12:05:57","guid":{"rendered":"https:\/\/monti.lt\/?page_id=16295"},"modified":"2023-07-23T12:05:57","modified_gmt":"2023-07-23T12:05:57","slug":"klientu-atsiliepimu-tvarkymo-taisykles","status":"publish","type":"page","link":"https:\/\/monti.lt\/en\/klientu-atsiliepimu-tvarkymo-taisykles\/","title":{"rendered":"Klient\u0173 atsiliepim\u0173 tvarkymo taisykl\u0117s"},"content":{"rendered":"<p><strong>MB AJ PREKYBA KLIENT\u0172 ATSILIEPIM\u0172 TVARKYMO TAISYKL\u0116S<\/strong><\/p>\n\n\n\n<ol class=\"wp-block-list\">\n<li><strong>BENDROSIOS NUOSTATOS<\/strong><\/li>\n<\/ol>\n\n\n\n<ol class=\"wp-block-list\">\n<li>\u0160ios Klient\u0173 atsiliepim\u0173 tvarkymo taisykl\u0117s (toliau \u2013 Taisykl\u0117s) nustato MB AJ prekyba klient\u0173 atsiliepim\u0173 rinkimo, tvarkymo ir j\u0173 vie\u0161inimo tvark\u0105.&nbsp;<\/li>\n\n\n\n<li>Taisykl\u0117se reglamentuojamas MB AJ prekyba klient\u0173 atsiliepim\u0173 skelbimas neapima atsiliepim\u0173, kurie skelbiami tre\u010di\u0173j\u0173 \u0161ali\u0173 interneto svetain\u0117se bei socialiniuose tinkluose.<\/li>\n\n\n\n<li>Taisykl\u0117s skelbiamos interneto svetain\u0117je www.monti.lt.<\/li>\n<\/ol>\n\n\n\n<ol class=\"wp-block-list\">\n<li><strong>TAISYKL\u0116SE NAUDOJAMOS S\u0104VOKOS<\/strong><\/li>\n<\/ol>\n\n\n\n<ol class=\"wp-block-list\">\n<li><strong>Atsiliepimas<\/strong> \u2013 el. pa\u0161tu, telefonu, apklausos anketoje, Bendrov\u0117s socialiniuose tinkluose, tre\u010di\u0173j\u0173 \u0161ali\u0173 interneto svetain\u0117se ar kitu b\u016bdu pateikta nuomon\u0117 ar rekomendacija apie Bendrov\u0117s teikiamas paslaugas ir aptarnavim\u0105.<\/li>\n\n\n\n<li><strong>Bendrov\u0117<\/strong> \u2013 MB AJ prekyba, juridinio asmens kodas 305914903, buvein\u0117s adresas V. Nagevi\u010diaus g. 3, Vilnius.<\/li>\n\n\n\n<li><strong>Klientas<\/strong> \u2013 fizinis ar juridinis asmuo, sutarties pagrindu gav\u0119s ar ketinantis gauti paslaugas i\u0161 Bendrov\u0117s.<\/li>\n\n\n\n<li><strong>Paslaugos<\/strong> \u2013 bet kokios&nbsp; Bendrov\u0117s internetin\u0117s parduotuv\u0117s teikiamos paslaugos.<\/li>\n\n\n\n<li>Kitos Taisykl\u0117se naudojamos s\u0105vokos suprantamos taip, kaip apibr\u0117\u017etos Lietuvos Respublikos reklamos \u012fstatyme, Lietuvos Respublikos nes\u0105\u017einingos komercin\u0117s veiklos vartotojams draudimo \u012fstatyme ir kituose vartotoj\u0173 teisi\u0173 apsaug\u0105 reglamentuojan\u010diuose teis\u0117s aktuose.<\/li>\n<\/ol>\n\n\n\n<ol class=\"wp-block-list\">\n<li><strong>ATSILIEPIM\u0172 RINKIMO TVARKA<\/strong><\/li>\n<\/ol>\n\n\n\n<ol class=\"wp-block-list\">\n<li>Atsiliepimai renkami:\n<ol class=\"wp-block-list\">\n<li>Bendrov\u0117s iniciatyva, kreipiantis \u012f Klientus j\u0173 nurodytu elektroninio pa\u0161to adresu arba savitarnos svetain\u0117je po to, kai jie pasira\u0161\u0117 Pirkimo \u2013 pardavimo sutart\u012f, arba po to, kai gavo Paslaugas, tokiu b\u016bdu u\u017etikrinant, kad Atsiliepimas yra gaunamas i\u0161 asmens, kuris i\u0161 ties\u0173 sudar\u0117 su Bendrove Pirkimo \u2013 pardavimo sutart\u012f ir\/ar gavo Bendrov\u0117s teikiamas Paslaugas.<\/li>\n\n\n\n<li>Kliento iniciatyva, jam pateikus Atsiliepim\u0105 telefonu, elektroninio pa\u0161tu, Bendrov\u0117s socialiniuose tinkluose, tre\u010di\u0173j\u0173 \u0161ali\u0173 interneto svetain\u0117se (naudojant Bendrov\u0117je registruot\u0105 Kliento vard\u0105, pavard\u0119, telefono numer\u012f ar elektroninio pa\u0161to adres\u0105) ar savitarnos svetain\u0117je po to, kai pasira\u0161oma Pirkimo \u2013 pardavimo sutartis ar gaunamos Paslaugos, tokiu b\u016bdu u\u017etikrinant, kad Atsiliepimas yra gaunamas i\u0161 asmens, kuris i\u0161 ties\u0173 sudar\u0117 su Bendrove Pirkimo \u2013 pardavimo sutart\u012f ir\/ar gavo Bendrov\u0117s teikiamas Paslaugas.<\/li>\n<\/ol>\n<\/li>\n\n\n\n<li>Bendrov\u0117 skelbia autenti\u0161kus, t. y. pa\u010di\u0173 Klient\u0173 parengtus ir Bendrovei pateiktus Atsiliepimus.<\/li>\n\n\n\n<li>Bendrov\u0117 nekoreguoja gaut\u0173 Atsiliepim\u0173 teksto, i\u0161skyrus akivaizd\u017eias gramatines ar skyrybos klaidas. Taip pat gali b\u016bti koreguojamas Atsiliepimo ilgis, su s\u0105lyga, kad pateikiama tik dalis Atsiliepimo teksto, Atsiliepimo neperfrazuojant ir nekei\u010diant jo esm\u0117s.<\/li>\n\n\n\n<li>Bendrov\u0117 neskelbia Atsiliepim\u0173, kurie:\n<ol class=\"wp-block-list\">\n<li>yra susij\u0119 su nelegalia veikla;<\/li>\n\n\n\n<li>Atsiliepim\u0173 turinys yra \u012f\u017eeid\u017eiantis arba nesusij\u0119s su Bendrov\u0117s teikiamomis paslaugomis ar prek\u0117s \u017eenklu;<\/li>\n\n\n\n<li>Atsiliepimuose yra keiksma\u017eod\u017ei\u0173, neapykantos kurstymo, diskriminacijos, grasinim\u0173 ir pan.;<\/li>\n\n\n\n<li>Atsiliepimuose nurodoma asmens duomenis sudaranti ar kitokia neskelbtina informacija.<\/li>\n<\/ol>\n<\/li>\n\n\n\n<li>Bendrovei nusprendus pavie\u0161inti Kliento Atsiliepim\u0105, Kliento pra\u0161oma pateikti sutikim\u0105 d\u0117l Atsiliepimo skelbimo vie\u0161ai. Klient\u0173 sutikimai saugomi tol, kol vie\u0161inamas Atsiliepimas.<\/li>\n\n\n\n<li>Atsiliepimai gali b\u016bti skelbiami Bendrov\u0117s valdomose interneto svetain\u0117se, savitarnos svetain\u0117se, tiesiogin\u0117s rinkodaros prane\u0161imuose kitiems klientams, reklamuojant Bendrov\u0117s teikiamas paslaugas naujien\u0173 portaluose ar socialiniuose tinkluose, skelbiant Bendrov\u0117s naujienas ir pan.&nbsp;<\/li>\n\n\n\n<li>Vie\u0161ai skelbiamas Atsiliepim\u0105 para\u0161iusio asmens vardas bei pavard\u0117s pirmoji raid\u0117 ar juridinio asmens pavadinimas bei Atsiliepimo turinys.<\/li>\n\n\n\n<li>Atsiliepimai Bendrovei teikiami neatlygintinai.<\/li>\n<\/ol>\n\n\n\n<ol class=\"wp-block-list\">\n<li><strong>BAIGIAMOSIOS NUOSTATOS<\/strong><\/li>\n<\/ol>\n\n\n\n<ol class=\"wp-block-list\">\n<li>Asmenys gali kreiptis d\u0117l Bendrov\u0117s vykdomo Atsiliepim\u0173 tvarkymo el. pa\u0161tu: labas@monti.lt.<\/li>\n\n\n\n<li>Asmenys, manantys, kad j\u0173 teis\u0117s buvo pa\u017eeistos, gali kreiptis \u012f Valstybin\u0119 vartotoj\u0173 teisi\u0173 apsaugos tarnyb\u0105 ra\u0161tu adresu: Vilniaus g. 25, Vilnius, arba per Vartotoj\u0173 teisi\u0173 informacin\u0119 sistem\u0105 (VTIS) &#8211; <a href=\"http:\/\/www.vtis.lt\">www.vtis.lt<\/a>.&nbsp;<\/li>\n\n\n\n<li>Pasikeitus teis\u0117s akt\u0173 reikalavimams ir\/arba Bendrov\u0117s procesams, teikiamoms Paslaugoms, Bendrov\u0117 turi teis\u0119 viena\u0161ali\u0161kai pakeisti ir (arba) papildyti \u0161ias Taisykles. Taisykli\u0173 pakeitimai skelbiami Bendrov\u0117s interneto svetain\u0117je www.monti.lt.<\/li>\n<\/ol>","protected":false},"excerpt":{"rendered":"<p>MB AJ PREKYBA KLIENT\u0172 ATSILIEPIM\u0172 TVARKYMO TAISYKL\u0116S<\/p>","protected":false},"author":1,"featured_media":0,"parent":0,"menu_order":0,"comment_status":"closed","ping_status":"closed","template":"","meta":{"_acf_changed":false,"iawp_total_views":119,"footnotes":""},"class_list":["post-16295","page","type-page","status-publish","hentry"],"acf":[],"yoast_head":"<!-- This site is optimized with the Yoast SEO plugin v23.3 - https:\/\/yoast.com\/wordpress\/plugins\/seo\/ -->\n<title>Klient\u0173 atsiliepim\u0173 tvarkymo taisykl\u0117s - Montessori \u017eaislai<\/title>\n<meta name=\"robots\" content=\"index, follow, max-snippet:-1, max-image-preview:large, max-video-preview:-1\" \/>\n<link rel=\"canonical\" href=\"https:\/\/monti.lt\/en\/klientu-atsiliepimu-tvarkymo-taisykles\/\" \/>\n<meta property=\"og:locale\" content=\"en_US\" \/>\n<meta property=\"og:type\" content=\"article\" \/>\n<meta property=\"og:title\" content=\"Klient\u0173 atsiliepim\u0173 tvarkymo taisykl\u0117s - Montessori \u017eaislai\" \/>\n<meta property=\"og:description\" content=\"MB AJ PREKYBA KLIENT\u0172 ATSILIEPIM\u0172 TVARKYMO TAISYKL\u0116S\" \/>\n<meta property=\"og:url\" content=\"https:\/\/monti.lt\/en\/klientu-atsiliepimu-tvarkymo-taisykles\/\" \/>\n<meta property=\"og:site_name\" content=\"Montessori \u017eaislai\" \/>\n<meta name=\"twitter:card\" content=\"summary_large_image\" \/>\n<meta name=\"twitter:label1\" content=\"Est. reading time\" \/>\n\t<meta name=\"twitter:data1\" content=\"3 minutes\" \/>\n<script type=\"application\/ld+json\" class=\"yoast-schema-graph\">{\"@context\":\"https:\/\/schema.org\",\"@graph\":[{\"@type\":\"WebPage\",\"@id\":\"https:\/\/monti.lt\/klientu-atsiliepimu-tvarkymo-taisykles\/\",\"url\":\"https:\/\/monti.lt\/klientu-atsiliepimu-tvarkymo-taisykles\/\",\"name\":\"Klient\u0173 atsiliepim\u0173 tvarkymo taisykl\u0117s - Montessori \u017eaislai\",\"isPartOf\":{\"@id\":\"https:\/\/monti.lt\/#website\"},\"datePublished\":\"2023-07-23T12:05:57+00:00\",\"dateModified\":\"2023-07-23T12:05:57+00:00\",\"breadcrumb\":{\"@id\":\"https:\/\/monti.lt\/klientu-atsiliepimu-tvarkymo-taisykles\/#breadcrumb\"},\"inLanguage\":\"en-US\",\"potentialAction\":[{\"@type\":\"ReadAction\",\"target\":[\"https:\/\/monti.lt\/klientu-atsiliepimu-tvarkymo-taisykles\/\"]}]},{\"@type\":\"BreadcrumbList\",\"@id\":\"https:\/\/monti.lt\/klientu-atsiliepimu-tvarkymo-taisykles\/#breadcrumb\",\"itemListElement\":[{\"@type\":\"ListItem\",\"position\":1,\"name\":\"Home\",\"item\":\"https:\/\/monti.lt\/\"},{\"@type\":\"ListItem\",\"position\":2,\"name\":\"Klient\u0173 atsiliepim\u0173 tvarkymo taisykl\u0117s\"}]},{\"@type\":\"WebSite\",\"@id\":\"https:\/\/monti.lt\/#website\",\"url\":\"https:\/\/monti.lt\/\",\"name\":\"Montessori \u017eaislai\",\"description\":\"\",\"publisher\":{\"@id\":\"https:\/\/monti.lt\/#organization\"},\"potentialAction\":[{\"@type\":\"SearchAction\",\"target\":{\"@type\":\"EntryPoint\",\"urlTemplate\":\"https:\/\/monti.lt\/?s={search_term_string}\"},\"query-input\":\"required name=search_term_string\"}],\"inLanguage\":\"en-US\"},{\"@type\":\"Organization\",\"@id\":\"https:\/\/monti.lt\/#organization\",\"name\":\"Montessori \u017eaislai\",\"url\":\"https:\/\/monti.lt\/\",\"logo\":{\"@type\":\"ImageObject\",\"inLanguage\":\"en-US\",\"@id\":\"https:\/\/monti.lt\/#\/schema\/logo\/image\/\",\"url\":\"https:\/\/monti.lt\/wp-content\/uploads\/2022\/03\/montilogo-1.png\",\"contentUrl\":\"https:\/\/monti.lt\/wp-content\/uploads\/2022\/03\/montilogo-1.png\",\"width\":512,\"height\":512,\"caption\":\"Montessori \u017eaislai\"},\"image\":{\"@id\":\"https:\/\/monti.lt\/#\/schema\/logo\/image\/\"}}]}<\/script>\n<!-- \/ Yoast SEO plugin. -->","yoast_head_json":{"title":"Klient\u0173 atsiliepim\u0173 tvarkymo taisykl\u0117s - Montessori \u017eaislai","robots":{"index":"index","follow":"follow","max-snippet":"max-snippet:-1","max-image-preview":"max-image-preview:large","max-video-preview":"max-video-preview:-1"},"canonical":"https:\/\/monti.lt\/en\/klientu-atsiliepimu-tvarkymo-taisykles\/","og_locale":"en_US","og_type":"article","og_title":"Klient\u0173 atsiliepim\u0173 tvarkymo taisykl\u0117s - Montessori \u017eaislai","og_description":"MB AJ PREKYBA KLIENT\u0172 ATSILIEPIM\u0172 TVARKYMO TAISYKL\u0116S","og_url":"https:\/\/monti.lt\/en\/klientu-atsiliepimu-tvarkymo-taisykles\/","og_site_name":"Montessori \u017eaislai","twitter_card":"summary_large_image","twitter_misc":{"Est. reading time":"3 minutes"},"schema":{"@context":"https:\/\/schema.org","@graph":[{"@type":"WebPage","@id":"https:\/\/monti.lt\/klientu-atsiliepimu-tvarkymo-taisykles\/","url":"https:\/\/monti.lt\/klientu-atsiliepimu-tvarkymo-taisykles\/","name":"Klient\u0173 atsiliepim\u0173 tvarkymo taisykl\u0117s - Montessori \u017eaislai","isPartOf":{"@id":"https:\/\/monti.lt\/#website"},"datePublished":"2023-07-23T12:05:57+00:00","dateModified":"2023-07-23T12:05:57+00:00","breadcrumb":{"@id":"https:\/\/monti.lt\/klientu-atsiliepimu-tvarkymo-taisykles\/#breadcrumb"},"inLanguage":"en-US","potentialAction":[{"@type":"ReadAction","target":["https:\/\/monti.lt\/klientu-atsiliepimu-tvarkymo-taisykles\/"]}]},{"@type":"BreadcrumbList","@id":"https:\/\/monti.lt\/klientu-atsiliepimu-tvarkymo-taisykles\/#breadcrumb","itemListElement":[{"@type":"ListItem","position":1,"name":"Home","item":"https:\/\/monti.lt\/"},{"@type":"ListItem","position":2,"name":"Klient\u0173 atsiliepim\u0173 tvarkymo taisykl\u0117s"}]},{"@type":"WebSite","@id":"https:\/\/monti.lt\/#website","url":"https:\/\/monti.lt\/","name":"Montessori \u017eaislai","description":"","publisher":{"@id":"https:\/\/monti.lt\/#organization"},"potentialAction":[{"@type":"SearchAction","target":{"@type":"EntryPoint","urlTemplate":"https:\/\/monti.lt\/?s={search_term_string}"},"query-input":"required name=search_term_string"}],"inLanguage":"en-US"},{"@type":"Organization","@id":"https:\/\/monti.lt\/#organization","name":"Montessori \u017eaislai","url":"https:\/\/monti.lt\/","logo":{"@type":"ImageObject","inLanguage":"en-US","@id":"https:\/\/monti.lt\/#\/schema\/logo\/image\/","url":"https:\/\/monti.lt\/wp-content\/uploads\/2022\/03\/montilogo-1.png","contentUrl":"https:\/\/monti.lt\/wp-content\/uploads\/2022\/03\/montilogo-1.png","width":512,"height":512,"caption":"Montessori \u017eaislai"},"image":{"@id":"https:\/\/monti.lt\/#\/schema\/logo\/image\/"}}]}},"_links":{"self":[{"href":"https:\/\/monti.lt\/en\/wp-json\/wp\/v2\/pages\/16295"}],"collection":[{"href":"https:\/\/monti.lt\/en\/wp-json\/wp\/v2\/pages"}],"about":[{"href":"https:\/\/monti.lt\/en\/wp-json\/wp\/v2\/types\/page"}],"author":[{"embeddable":true,"href":"https:\/\/monti.lt\/en\/wp-json\/wp\/v2\/users\/1"}],"replies":[{"embeddable":true,"href":"https:\/\/monti.lt\/en\/wp-json\/wp\/v2\/comments?post=16295"}],"version-history":[{"count":1,"href":"https:\/\/monti.lt\/en\/wp-json\/wp\/v2\/pages\/16295\/revisions"}],"predecessor-version":[{"id":16296,"href":"https:\/\/monti.lt\/en\/wp-json\/wp\/v2\/pages\/16295\/revisions\/16296"}],"wp:attachment":[{"href":"https:\/\/monti.lt\/en\/wp-json\/wp\/v2\/media?parent=16295"}],"curies":[{"name":"wp","href":"https:\/\/api.w.org\/{rel}","templated":true}]}}