{"id":10268,"date":"2022-10-07T13:55:20","date_gmt":"2022-10-07T13:55:20","guid":{"rendered":"https:\/\/monti.lt\/?post_type=product&#038;p=10268"},"modified":"2026-02-24T11:58:13","modified_gmt":"2026-02-24T11:58:13","slug":"juoda-piesimo-plansete-2","status":"publish","type":"product","link":"https:\/\/monti.lt\/en\/product\/juoda-piesimo-plansete-2\/","title":{"rendered":"Juoda didel\u0117 pie\u0161imo plan\u0161et\u0117"},"content":{"rendered":"<div class=\"mpof_ki myre_zn myre_8v_l _0d3bd_YrWCD\">\n<div class=\"mp4t_16_s mryx_16_s mr3m_1 mli2_1 mh85_56 mh85_0_l\">\n<div class=\"mgn2_16 _0d3bd_5pK0q\">\n<h1>PIE\u0160IMO LENTEL\u0116 12 &#8220;XXL<\/h1>\n<\/div>\n<\/div>\n<\/div>\n<div class=\"mpof_ki myre_zn myre_8v_l _0d3bd_YrWCD\">\n<div class=\"mp4t_16_s mryx_16_s mr3m_1 mli2_1 mh85_56 mh85_0_l\">\n<div class=\"mgn2_16 _0d3bd_5pK0q\">\n<ul>\n<li><strong>VEIKIMO&nbsp;<\/strong>&#8211; plan\u0161etinio kompiuterio ekranas&nbsp;<strong>XXL dydis<\/strong>&nbsp;kurio ekrano \u012fstri\u017eain\u0117 yra 12 \u201d, jis sukuria vaizd\u0105 d\u0117l sl\u0117gio j\u0117gos.&nbsp;<strong>Kiekvienas prisilietimas<\/strong>&nbsp;(tai neb\u016btinai turi b\u016bti ra\u0161iklis \u2013 ekranas net reaguoja \u012f nag\u0105!)&nbsp;<strong>ekrane pasirodo vaizdas \/ tekstas<\/strong>&nbsp;&#8211; k\u0105 ant jo sukuriate. Vir\u0161utin\u0117je dalyje yra&nbsp;<strong>rankena, kuri leis patogiai laikyti ra\u0161ikl\u012f<\/strong> , nebijant jo pamesti.<\/li>\n<\/ul>\n<ul>\n<li><strong>SAUGU<\/strong>&nbsp;&#8211; tablet\u0117 yra be dulki\u0173 ir nekenksminga akims! Jis neskleid\u017eia spinduliuot\u0117s ir yra visi\u0161kai saugus naudoti. Is&nbsp;<strong>lengvas ir itin plonas \u2013 nesunkiai galime pasl\u0117pti kuprin\u0117je, rankin\u0117je ar portfelyje<\/strong> .<\/li>\n<\/ul>\n<ul>\n<li><strong>EKRANO U\u017dRAKIMO FUNKCIJA<\/strong>&nbsp;&#8211; apa\u010dioje yra slankiklis, kuris leis jums apsaugoti turin\u012f ekrane.&nbsp;<strong>Taip svarbios pastabos, pvz., i\u0161 mokyklos ar darbo, bus apsaugotos nuo nety\u010dinio i\u0161trynimo<\/strong> . Plan\u0161et\u0117 taip pat turi ang\u0105, leid\u017eian\u010di\u0105 pritvirtinti virveles.<\/li>\n<\/ul>\n<ul>\n<li><strong>APLINKOS APSAUGA&nbsp;<\/strong>\u2013 Plan\u0161etinio kompiuterio naudojimas taip pat labai prisideda prie aplinkos apsaugos.&nbsp;<strong>Jums nereikia nuolat pirkti ra\u0161ymo\/pie\u0161imo pried\u0173 \u2013 tereikia naudoti plan\u0161etin\u012f kompiuter\u012f<\/strong> . Dirbate biure, ar esate studentas? Pakeiskite tradicinius u\u017era\u0161us plan\u0161etiniu kompiuteriu! Ar j\u016bs\u0173 vaikas m\u0117gsta pie\u0161ti? Leisk jam \u017eaisti be nieko! Produktas leid\u017eia naudoti kelis kartus.<\/li>\n<\/ul>\n<ul>\n<li><strong>SPECIFIKACIJA<\/strong>&nbsp;&#8211; juoda spalva; am\u017eius: 3+; maitinimas: CR 2025 baterija (pridedama); ekrano dydis: 12 coli\u0173; plan\u0161et\u0117s matmenys (plotis \/ auk\u0161tis): 19 \/ 28,5 cm; ra\u0161iklio ilgis: 12,5 cm; rinkinio svoris: 180g; svoris su pakuote: 215g.<\/li>\n<\/ul>\n<\/div>\n<\/div>\n<\/div>\n<div class=\"mpof_ki myre_zn myre_8v_l _0d3bd_YrWCD\">\n<div class=\"mp4t_16_s mryx_16_s mr3m_1 mli2_1 mh85_56 mh85_0_l\">\n<div class=\"mgn2_16 _0d3bd_5pK0q\">\n<p><strong>SPECIFIKACIJA<\/strong><\/p>\n<ul>\n<li>juoda spalva<\/li>\n<li>am\u017eius: 3+<\/li>\n<li>Maitinimas: CR 2025 baterija (pridedama)<\/li>\n<li>ekrano dydis: 12&#8243;<\/li>\n<li>plan\u0161et\u0117s matmenys (plotis \/ auk\u0161tis): 19 \/ 28,5 cm<\/li>\n<li>pie\u0161tuko ilgis: 12 cm<\/li>\n<li>rinkinio svoris: 180 g<\/li>\n<li>svoris su pakuote: 215g<\/li>\n<\/ul>\n<p><strong>\u012eSKAITANT<\/strong><\/p>\n<ul>\n<li>lentel\u0117<\/li>\n<li>ra\u0161iklis<\/li>\n<\/ul>\n<\/div>\n<\/div>\n<\/div>","protected":false},"excerpt":{"rendered":"<p>PIE\u0160IMO LENTEL\u0116 12 &#8220;XXL VEIKIMO&nbsp;&#8211; plan\u0161etinio kompiuterio ekranas&nbsp;XXL dydis&nbsp;kurio ekrano \u012fstri\u017eain\u0117 yra 12 \u201d, jis sukuria vaizd\u0105 d\u0117l sl\u0117gio j\u0117gos.&nbsp;Kiekvienas prisilietimas&nbsp;(tai neb\u016btinai turi b\u016bti ra\u0161iklis \u2013 ekranas net reaguoja \u012f nag\u0105!)&nbsp;ekrane pasirodo vaizdas \/ tekstas&nbsp;&#8211; k\u0105 ant jo sukuriate. Vir\u0161utin\u0117je dalyje yra&nbsp;rankena, kuri leis patogiai laikyti ra\u0161ikl\u012f , nebijant jo pamesti. SAUGU&nbsp;&#8211; tablet\u0117 yra be [&hellip;]<\/p>","protected":false},"featured_media":10270,"template":"","meta":{"_acf_changed":false,"iawp_total_views":964},"product_cat":[218,84,89,49,39],"product_tag":[96,97,98,99],"class_list":{"0":"post-10268","1":"product","2":"type-product","3":"status-publish","4":"has-post-thumbnail","6":"product_cat-darzeliu-grupems","7":"product_cat-lavinamieji-zaislai","8":"product_cat-mokausi-piesti","9":"product_cat-visi-zaislai","10":"product_cat-zaislai","11":"product_tag-2-m-3-m","12":"product_tag-3-m-4-m","13":"product_tag-5-m-7-m","14":"product_tag-8-m-11-m","16":"first","17":"outofstock","18":"sale","19":"taxable","20":"shipping-taxable","21":"purchasable","22":"product-type-simple"},"acf":[],"yoast_head":"<!-- This site is optimized with the Yoast SEO plugin v23.3 - https:\/\/yoast.com\/wordpress\/plugins\/seo\/ -->\n<title>Juoda didel\u0117 pie\u0161imo plan\u0161et\u0117 - Montessori \u017eaislai<\/title>\n<meta name=\"robots\" content=\"index, follow, max-snippet:-1, max-image-preview:large, max-video-preview:-1\" \/>\n<link rel=\"canonical\" href=\"https:\/\/monti.lt\/en\/product\/juoda-piesimo-plansete-2\/\" \/>\n<meta property=\"og:locale\" content=\"en_US\" \/>\n<meta property=\"og:type\" content=\"article\" \/>\n<meta property=\"og:title\" content=\"Juoda didel\u0117 pie\u0161imo plan\u0161et\u0117 - Montessori \u017eaislai\" \/>\n<meta property=\"og:description\" content=\"PIE\u0160IMO LENTEL\u0116 12 &#8220;XXL VEIKIMO&nbsp;&#8211; plan\u0161etinio kompiuterio ekranas&nbsp;XXL dydis&nbsp;kurio ekrano \u012fstri\u017eain\u0117 yra 12 \u201d, jis sukuria vaizd\u0105 d\u0117l sl\u0117gio j\u0117gos.&nbsp;Kiekvienas prisilietimas&nbsp;(tai neb\u016btinai turi b\u016bti ra\u0161iklis \u2013 ekranas net reaguoja \u012f nag\u0105!)&nbsp;ekrane pasirodo vaizdas \/ tekstas&nbsp;&#8211; k\u0105 ant jo sukuriate. Vir\u0161utin\u0117je dalyje yra&nbsp;rankena, kuri leis patogiai laikyti ra\u0161ikl\u012f , nebijant jo pamesti. SAUGU&nbsp;&#8211; tablet\u0117 yra be [&hellip;]\" \/>\n<meta property=\"og:url\" content=\"https:\/\/monti.lt\/en\/product\/juoda-piesimo-plansete-2\/\" \/>\n<meta property=\"og:site_name\" content=\"Montessori \u017eaislai\" \/>\n<meta property=\"article:modified_time\" content=\"2026-02-24T11:58:13+00:00\" \/>\n<meta property=\"og:image\" content=\"https:\/\/monti.lt\/wp-content\/uploads\/2022\/10\/lit_pl_Piesimo-plansete-12-quot-juoda-14235_1.jpg\" \/>\n\t<meta property=\"og:image:width\" content=\"500\" \/>\n\t<meta property=\"og:image:height\" content=\"500\" \/>\n\t<meta property=\"og:image:type\" content=\"image\/jpeg\" \/>\n<meta name=\"twitter:card\" content=\"summary_large_image\" \/>\n<meta name=\"twitter:label1\" content=\"Est. reading time\" \/>\n\t<meta name=\"twitter:data1\" content=\"2 minutes\" \/>\n<script type=\"application\/ld+json\" class=\"yoast-schema-graph\">{\"@context\":\"https:\/\/schema.org\",\"@graph\":[{\"@type\":\"WebPage\",\"@id\":\"https:\/\/monti.lt\/product\/juoda-piesimo-plansete-2\/\",\"url\":\"https:\/\/monti.lt\/product\/juoda-piesimo-plansete-2\/\",\"name\":\"Juoda didel\u0117 pie\u0161imo plan\u0161et\u0117 - Montessori \u017eaislai\",\"isPartOf\":{\"@id\":\"https:\/\/monti.lt\/#website\"},\"primaryImageOfPage\":{\"@id\":\"https:\/\/monti.lt\/product\/juoda-piesimo-plansete-2\/#primaryimage\"},\"image\":{\"@id\":\"https:\/\/monti.lt\/product\/juoda-piesimo-plansete-2\/#primaryimage\"},\"thumbnailUrl\":\"https:\/\/monti.lt\/wp-content\/uploads\/2022\/10\/lit_pl_Piesimo-plansete-12-quot-juoda-14235_1.jpg\",\"datePublished\":\"2022-10-07T13:55:20+00:00\",\"dateModified\":\"2026-02-24T11:58:13+00:00\",\"breadcrumb\":{\"@id\":\"https:\/\/monti.lt\/product\/juoda-piesimo-plansete-2\/#breadcrumb\"},\"inLanguage\":\"en-US\",\"potentialAction\":[{\"@type\":\"ReadAction\",\"target\":[\"https:\/\/monti.lt\/product\/juoda-piesimo-plansete-2\/\"]}]},{\"@type\":\"ImageObject\",\"inLanguage\":\"en-US\",\"@id\":\"https:\/\/monti.lt\/product\/juoda-piesimo-plansete-2\/#primaryimage\",\"url\":\"https:\/\/monti.lt\/wp-content\/uploads\/2022\/10\/lit_pl_Piesimo-plansete-12-quot-juoda-14235_1.jpg\",\"contentUrl\":\"https:\/\/monti.lt\/wp-content\/uploads\/2022\/10\/lit_pl_Piesimo-plansete-12-quot-juoda-14235_1.jpg\",\"width\":500,\"height\":500,\"caption\":\"pie\u0161imo plan\u010det\u0117\"},{\"@type\":\"BreadcrumbList\",\"@id\":\"https:\/\/monti.lt\/product\/juoda-piesimo-plansete-2\/#breadcrumb\",\"itemListElement\":[{\"@type\":\"ListItem\",\"position\":1,\"name\":\"Home\",\"item\":\"https:\/\/monti.lt\/\"},{\"@type\":\"ListItem\",\"position\":2,\"name\":\"Parduotuv\u0117\",\"item\":\"https:\/\/monti.lt\/shop\/\"},{\"@type\":\"ListItem\",\"position\":3,\"name\":\"Juoda didel\u0117 pie\u0161imo plan\u0161et\u0117\"}]},{\"@type\":\"WebSite\",\"@id\":\"https:\/\/monti.lt\/#website\",\"url\":\"https:\/\/monti.lt\/\",\"name\":\"Montessori \u017eaislai\",\"description\":\"\",\"publisher\":{\"@id\":\"https:\/\/monti.lt\/#organization\"},\"potentialAction\":[{\"@type\":\"SearchAction\",\"target\":{\"@type\":\"EntryPoint\",\"urlTemplate\":\"https:\/\/monti.lt\/?s={search_term_string}\"},\"query-input\":\"required name=search_term_string\"}],\"inLanguage\":\"en-US\"},{\"@type\":\"Organization\",\"@id\":\"https:\/\/monti.lt\/#organization\",\"name\":\"Montessori \u017eaislai\",\"url\":\"https:\/\/monti.lt\/\",\"logo\":{\"@type\":\"ImageObject\",\"inLanguage\":\"en-US\",\"@id\":\"https:\/\/monti.lt\/#\/schema\/logo\/image\/\",\"url\":\"https:\/\/monti.lt\/wp-content\/uploads\/2022\/03\/montilogo-1.png\",\"contentUrl\":\"https:\/\/monti.lt\/wp-content\/uploads\/2022\/03\/montilogo-1.png\",\"width\":512,\"height\":512,\"caption\":\"Montessori \u017eaislai\"},\"image\":{\"@id\":\"https:\/\/monti.lt\/#\/schema\/logo\/image\/\"}}]}<\/script>\n<!-- \/ Yoast SEO plugin. -->","yoast_head_json":{"title":"Juoda didel\u0117 pie\u0161imo plan\u0161et\u0117 - Montessori \u017eaislai","robots":{"index":"index","follow":"follow","max-snippet":"max-snippet:-1","max-image-preview":"max-image-preview:large","max-video-preview":"max-video-preview:-1"},"canonical":"https:\/\/monti.lt\/en\/product\/juoda-piesimo-plansete-2\/","og_locale":"en_US","og_type":"article","og_title":"Juoda didel\u0117 pie\u0161imo plan\u0161et\u0117 - Montessori \u017eaislai","og_description":"PIE\u0160IMO LENTEL\u0116 12 &#8220;XXL VEIKIMO&nbsp;&#8211; plan\u0161etinio kompiuterio ekranas&nbsp;XXL dydis&nbsp;kurio ekrano \u012fstri\u017eain\u0117 yra 12 \u201d, jis sukuria vaizd\u0105 d\u0117l sl\u0117gio j\u0117gos.&nbsp;Kiekvienas prisilietimas&nbsp;(tai neb\u016btinai turi b\u016bti ra\u0161iklis \u2013 ekranas net reaguoja \u012f nag\u0105!)&nbsp;ekrane pasirodo vaizdas \/ tekstas&nbsp;&#8211; k\u0105 ant jo sukuriate. Vir\u0161utin\u0117je dalyje yra&nbsp;rankena, kuri leis patogiai laikyti ra\u0161ikl\u012f , nebijant jo pamesti. SAUGU&nbsp;&#8211; tablet\u0117 yra be [&hellip;]","og_url":"https:\/\/monti.lt\/en\/product\/juoda-piesimo-plansete-2\/","og_site_name":"Montessori \u017eaislai","article_modified_time":"2026-02-24T11:58:13+00:00","og_image":[{"width":500,"height":500,"url":"https:\/\/monti.lt\/wp-content\/uploads\/2022\/10\/lit_pl_Piesimo-plansete-12-quot-juoda-14235_1.jpg","type":"image\/jpeg"}],"twitter_card":"summary_large_image","twitter_misc":{"Est. reading time":"2 minutes"},"schema":{"@context":"https:\/\/schema.org","@graph":[{"@type":"WebPage","@id":"https:\/\/monti.lt\/product\/juoda-piesimo-plansete-2\/","url":"https:\/\/monti.lt\/product\/juoda-piesimo-plansete-2\/","name":"Juoda didel\u0117 pie\u0161imo plan\u0161et\u0117 - Montessori \u017eaislai","isPartOf":{"@id":"https:\/\/monti.lt\/#website"},"primaryImageOfPage":{"@id":"https:\/\/monti.lt\/product\/juoda-piesimo-plansete-2\/#primaryimage"},"image":{"@id":"https:\/\/monti.lt\/product\/juoda-piesimo-plansete-2\/#primaryimage"},"thumbnailUrl":"https:\/\/monti.lt\/wp-content\/uploads\/2022\/10\/lit_pl_Piesimo-plansete-12-quot-juoda-14235_1.jpg","datePublished":"2022-10-07T13:55:20+00:00","dateModified":"2026-02-24T11:58:13+00:00","breadcrumb":{"@id":"https:\/\/monti.lt\/product\/juoda-piesimo-plansete-2\/#breadcrumb"},"inLanguage":"en-US","potentialAction":[{"@type":"ReadAction","target":["https:\/\/monti.lt\/product\/juoda-piesimo-plansete-2\/"]}]},{"@type":"ImageObject","inLanguage":"en-US","@id":"https:\/\/monti.lt\/product\/juoda-piesimo-plansete-2\/#primaryimage","url":"https:\/\/monti.lt\/wp-content\/uploads\/2022\/10\/lit_pl_Piesimo-plansete-12-quot-juoda-14235_1.jpg","contentUrl":"https:\/\/monti.lt\/wp-content\/uploads\/2022\/10\/lit_pl_Piesimo-plansete-12-quot-juoda-14235_1.jpg","width":500,"height":500,"caption":"pie\u0161imo plan\u010det\u0117"},{"@type":"BreadcrumbList","@id":"https:\/\/monti.lt\/product\/juoda-piesimo-plansete-2\/#breadcrumb","itemListElement":[{"@type":"ListItem","position":1,"name":"Home","item":"https:\/\/monti.lt\/"},{"@type":"ListItem","position":2,"name":"Parduotuv\u0117","item":"https:\/\/monti.lt\/shop\/"},{"@type":"ListItem","position":3,"name":"Juoda didel\u0117 pie\u0161imo plan\u0161et\u0117"}]},{"@type":"WebSite","@id":"https:\/\/monti.lt\/#website","url":"https:\/\/monti.lt\/","name":"Montessori \u017eaislai","description":"","publisher":{"@id":"https:\/\/monti.lt\/#organization"},"potentialAction":[{"@type":"SearchAction","target":{"@type":"EntryPoint","urlTemplate":"https:\/\/monti.lt\/?s={search_term_string}"},"query-input":"required name=search_term_string"}],"inLanguage":"en-US"},{"@type":"Organization","@id":"https:\/\/monti.lt\/#organization","name":"Montessori \u017eaislai","url":"https:\/\/monti.lt\/","logo":{"@type":"ImageObject","inLanguage":"en-US","@id":"https:\/\/monti.lt\/#\/schema\/logo\/image\/","url":"https:\/\/monti.lt\/wp-content\/uploads\/2022\/03\/montilogo-1.png","contentUrl":"https:\/\/monti.lt\/wp-content\/uploads\/2022\/03\/montilogo-1.png","width":512,"height":512,"caption":"Montessori \u017eaislai"},"image":{"@id":"https:\/\/monti.lt\/#\/schema\/logo\/image\/"}}]}},"_links":{"self":[{"href":"https:\/\/monti.lt\/en\/wp-json\/wp\/v2\/product\/10268"}],"collection":[{"href":"https:\/\/monti.lt\/en\/wp-json\/wp\/v2\/product"}],"about":[{"href":"https:\/\/monti.lt\/en\/wp-json\/wp\/v2\/types\/product"}],"version-history":[{"count":3,"href":"https:\/\/monti.lt\/en\/wp-json\/wp\/v2\/product\/10268\/revisions"}],"predecessor-version":[{"id":18888,"href":"https:\/\/monti.lt\/en\/wp-json\/wp\/v2\/product\/10268\/revisions\/18888"}],"wp:featuredmedia":[{"embeddable":true,"href":"https:\/\/monti.lt\/en\/wp-json\/wp\/v2\/media\/10270"}],"wp:attachment":[{"href":"https:\/\/monti.lt\/en\/wp-json\/wp\/v2\/media?parent=10268"}],"wp:term":[{"taxonomy":"product_cat","embeddable":true,"href":"https:\/\/monti.lt\/en\/wp-json\/wp\/v2\/product_cat?post=10268"},{"taxonomy":"product_tag","embeddable":true,"href":"https:\/\/monti.lt\/en\/wp-json\/wp\/v2\/product_tag?post=10268"}],"curies":[{"name":"wp","href":"https:\/\/api.w.org\/{rel}","templated":true}]}}