{"id":10738,"date":"2022-10-26T11:44:37","date_gmt":"2022-10-26T11:44:37","guid":{"rendered":"https:\/\/monti.lt\/?post_type=product&#038;p=10738"},"modified":"2025-12-03T14:41:15","modified_gmt":"2025-12-03T14:41:15","slug":"daugiafunkcinis-rusiuoklis-darzas-vaisiai","status":"publish","type":"product","link":"https:\/\/monti.lt\/en\/product\/daugiafunkcinis-rusiuoklis-darzas-vaisiai\/","title":{"rendered":"Daugiafunkcinis r\u016b\u0161iuoklis dar\u017eas-vaisiai"},"content":{"rendered":"<p>Naudodamasis \u0161iuo \u017eaislu vaikas lavina akies ir rankos koordinacij\u0105, lavina vaizduot\u0119, lavina vikrum\u0105 ir kantryb\u0119.<\/p>\n\n\n\n<p>\u017daidime reikia i\u0161gelb\u0117ti visas morkas nuo alkan\u0173 kirmin\u0173, kurie nori jas visas suvalgyti. Magnet\u0173 d\u0117ka zuikis i\u0161traukia kirminus i\u0161 \u201e\u017eem\u0117s\u201c ir gali ramiai \u201evalgyti\u201c morkas.<\/p>\n\n\n\n<p>Be to, \u0161io r\u016b\u0161iuotuvo \u0161onuose yra skylut\u0117s skirtingiems vaisiams ir dar\u017eov\u0117ms, tod\u0117l vaikas nor\u0117s priderinti tinkam\u0105 vaisi\u0173 ar dar\u017eov\u0119, tinkamoje vietoje. Tuo metu galime mokyti vaik\u0105 vaisi\u0173 ir dar\u017eovi\u0173 pavadinim\u0173.<\/p>\n\n\n\n<p>Pasibaigus \u017eaidimui, visas detales galima sud\u0117ti atgal, o vaikas gali \u017eaisti su r\u016b\u0161iuokle kaip su automobiliu, nes pridedami ratukai.<\/p>\n\n\n\n<p>R\u016b\u0161iuoklis ir visi elementai pagaminti i\u0161 med\u017eio ir nuda\u017eyti saugiais vandens pagrindo da\u017eais.<\/p>\n\n\n\n<p>D\u0117l u\u017eapvalint\u0173 kra\u0161t\u0173 j\u016bs\u0173 vaikas gali \u017eaisti su m\u016bs\u0173 \u017eaislu be baim\u0117s.<\/p>","protected":false},"excerpt":{"rendered":"<p>Naudodamasis \u0161iuo \u017eaislu vaikas lavina akies ir rankos koordinacij\u0105, lavina vaizduot\u0119, lavina vikrum\u0105 ir kantryb\u0119. \u017daidime reikia i\u0161gelb\u0117ti visas morkas nuo alkan\u0173 kirmin\u0173, kurie nori jas visas suvalgyti. Magnet\u0173 d\u0117ka zuikis i\u0161traukia kirminus i\u0161 \u201e\u017eem\u0117s\u201c ir gali ramiai \u201evalgyti\u201c morkas. Be to, \u0161io r\u016b\u0161iuotuvo \u0161onuose yra skylut\u0117s skirtingiems vaisiams ir dar\u017eov\u0117ms, tod\u0117l vaikas nor\u0117s priderinti [&hellip;]<\/p>","protected":false},"featured_media":10739,"template":"","meta":{"_acf_changed":false,"iawp_total_views":6812},"product_cat":[213,92,193,197,196,191,82,192,84,91,102,83,90,86,199,49,39],"product_tag":[95,96,97],"class_list":{"0":"post-10738","1":"product","2":"type-product","3":"status-publish","4":"has-post-thumbnail","6":"product_cat-akcija","7":"product_cat-deliones","8":"product_cat-dovanos-vaikams-1-2-metu","9":"product_cat-dovanos-berniukams","10":"product_cat-dovanos-mergaitems","11":"product_cat-dovanos-vaikams","12":"product_cat-ispardavimas","13":"product_cat-kaledines-dovanos-vaikams","14":"product_cat-lavinamieji-zaislai","15":"product_cat-loginiam-mastymui","16":"product_cat-mediniai-zaislai","17":"product_cat-montessori-zaislai","18":"product_cat-pasaulio-pazinimas","19":"product_cat-smulkioji-motorika","20":"product_cat-ugdymo-istaigoms","21":"product_cat-visi-zaislai","22":"product_cat-zaislai","23":"product_tag-1-m-2-m","24":"product_tag-2-m-3-m","25":"product_tag-3-m-4-m","27":"first","28":"outofstock","29":"sale","30":"taxable","31":"shipping-taxable","32":"purchasable","33":"product-type-simple"},"acf":[],"yoast_head":"<!-- This site is optimized with the Yoast SEO plugin v23.3 - https:\/\/yoast.com\/wordpress\/plugins\/seo\/ -->\n<title>Daugiafunkcinis r\u016b\u0161iuoklis dar\u017eas-vaisiai - Montessori \u017eaislai<\/title>\n<meta name=\"robots\" content=\"index, follow, max-snippet:-1, max-image-preview:large, max-video-preview:-1\" \/>\n<link rel=\"canonical\" href=\"https:\/\/monti.lt\/en\/product\/daugiafunkcinis-rusiuoklis-darzas-vaisiai\/\" \/>\n<meta property=\"og:locale\" content=\"en_US\" \/>\n<meta property=\"og:type\" content=\"article\" \/>\n<meta property=\"og:title\" content=\"Daugiafunkcinis r\u016b\u0161iuoklis dar\u017eas-vaisiai - Montessori \u017eaislai\" \/>\n<meta property=\"og:description\" content=\"Naudodamasis \u0161iuo \u017eaislu vaikas lavina akies ir rankos koordinacij\u0105, lavina vaizduot\u0119, lavina vikrum\u0105 ir kantryb\u0119. \u017daidime reikia i\u0161gelb\u0117ti visas morkas nuo alkan\u0173 kirmin\u0173, kurie nori jas visas suvalgyti. Magnet\u0173 d\u0117ka zuikis i\u0161traukia kirminus i\u0161 \u201e\u017eem\u0117s\u201c ir gali ramiai \u201evalgyti\u201c morkas. Be to, \u0161io r\u016b\u0161iuotuvo \u0161onuose yra skylut\u0117s skirtingiems vaisiams ir dar\u017eov\u0117ms, tod\u0117l vaikas nor\u0117s priderinti [&hellip;]\" \/>\n<meta property=\"og:url\" content=\"https:\/\/monti.lt\/en\/product\/daugiafunkcinis-rusiuoklis-darzas-vaisiai\/\" \/>\n<meta property=\"og:site_name\" content=\"Montessori \u017eaislai\" \/>\n<meta property=\"article:modified_time\" content=\"2025-12-03T14:41:15+00:00\" \/>\n<meta property=\"og:image\" content=\"https:\/\/monti.lt\/wp-content\/uploads\/2022\/10\/gra-logiczna-zrecznosciowa-sorter-marchewki-i-robaczki-jhtoy-556.jpg\" \/>\n\t<meta property=\"og:image:width\" content=\"800\" \/>\n\t<meta property=\"og:image:height\" content=\"800\" \/>\n\t<meta property=\"og:image:type\" content=\"image\/jpeg\" \/>\n<meta name=\"twitter:card\" content=\"summary_large_image\" \/>\n<script type=\"application\/ld+json\" class=\"yoast-schema-graph\">{\"@context\":\"https:\/\/schema.org\",\"@graph\":[{\"@type\":\"WebPage\",\"@id\":\"https:\/\/monti.lt\/product\/daugiafunkcinis-rusiuoklis-darzas-vaisiai\/\",\"url\":\"https:\/\/monti.lt\/product\/daugiafunkcinis-rusiuoklis-darzas-vaisiai\/\",\"name\":\"Daugiafunkcinis r\u016b\u0161iuoklis dar\u017eas-vaisiai - Montessori \u017eaislai\",\"isPartOf\":{\"@id\":\"https:\/\/monti.lt\/#website\"},\"primaryImageOfPage\":{\"@id\":\"https:\/\/monti.lt\/product\/daugiafunkcinis-rusiuoklis-darzas-vaisiai\/#primaryimage\"},\"image\":{\"@id\":\"https:\/\/monti.lt\/product\/daugiafunkcinis-rusiuoklis-darzas-vaisiai\/#primaryimage\"},\"thumbnailUrl\":\"https:\/\/monti.lt\/wp-content\/uploads\/2022\/10\/gra-logiczna-zrecznosciowa-sorter-marchewki-i-robaczki-jhtoy-556.jpg\",\"datePublished\":\"2022-10-26T11:44:37+00:00\",\"dateModified\":\"2025-12-03T14:41:15+00:00\",\"breadcrumb\":{\"@id\":\"https:\/\/monti.lt\/product\/daugiafunkcinis-rusiuoklis-darzas-vaisiai\/#breadcrumb\"},\"inLanguage\":\"en-US\",\"potentialAction\":[{\"@type\":\"ReadAction\",\"target\":[\"https:\/\/monti.lt\/product\/daugiafunkcinis-rusiuoklis-darzas-vaisiai\/\"]}]},{\"@type\":\"ImageObject\",\"inLanguage\":\"en-US\",\"@id\":\"https:\/\/monti.lt\/product\/daugiafunkcinis-rusiuoklis-darzas-vaisiai\/#primaryimage\",\"url\":\"https:\/\/monti.lt\/wp-content\/uploads\/2022\/10\/gra-logiczna-zrecznosciowa-sorter-marchewki-i-robaczki-jhtoy-556.jpg\",\"contentUrl\":\"https:\/\/monti.lt\/wp-content\/uploads\/2022\/10\/gra-logiczna-zrecznosciowa-sorter-marchewki-i-robaczki-jhtoy-556.jpg\",\"width\":800,\"height\":800,\"caption\":\"morkos \u016bkis\"},{\"@type\":\"BreadcrumbList\",\"@id\":\"https:\/\/monti.lt\/product\/daugiafunkcinis-rusiuoklis-darzas-vaisiai\/#breadcrumb\",\"itemListElement\":[{\"@type\":\"ListItem\",\"position\":1,\"name\":\"Home\",\"item\":\"https:\/\/monti.lt\/\"},{\"@type\":\"ListItem\",\"position\":2,\"name\":\"Parduotuv\u0117\",\"item\":\"https:\/\/monti.lt\/shop\/\"},{\"@type\":\"ListItem\",\"position\":3,\"name\":\"Daugiafunkcinis r\u016b\u0161iuoklis dar\u017eas-vaisiai\"}]},{\"@type\":\"WebSite\",\"@id\":\"https:\/\/monti.lt\/#website\",\"url\":\"https:\/\/monti.lt\/\",\"name\":\"Montessori \u017eaislai\",\"description\":\"\",\"publisher\":{\"@id\":\"https:\/\/monti.lt\/#organization\"},\"potentialAction\":[{\"@type\":\"SearchAction\",\"target\":{\"@type\":\"EntryPoint\",\"urlTemplate\":\"https:\/\/monti.lt\/?s={search_term_string}\"},\"query-input\":\"required name=search_term_string\"}],\"inLanguage\":\"en-US\"},{\"@type\":\"Organization\",\"@id\":\"https:\/\/monti.lt\/#organization\",\"name\":\"Montessori \u017eaislai\",\"url\":\"https:\/\/monti.lt\/\",\"logo\":{\"@type\":\"ImageObject\",\"inLanguage\":\"en-US\",\"@id\":\"https:\/\/monti.lt\/#\/schema\/logo\/image\/\",\"url\":\"https:\/\/monti.lt\/wp-content\/uploads\/2022\/03\/montilogo-1.png\",\"contentUrl\":\"https:\/\/monti.lt\/wp-content\/uploads\/2022\/03\/montilogo-1.png\",\"width\":512,\"height\":512,\"caption\":\"Montessori \u017eaislai\"},\"image\":{\"@id\":\"https:\/\/monti.lt\/#\/schema\/logo\/image\/\"}}]}<\/script>\n<!-- \/ Yoast SEO plugin. -->","yoast_head_json":{"title":"Daugiafunkcinis r\u016b\u0161iuoklis dar\u017eas-vaisiai - Montessori \u017eaislai","robots":{"index":"index","follow":"follow","max-snippet":"max-snippet:-1","max-image-preview":"max-image-preview:large","max-video-preview":"max-video-preview:-1"},"canonical":"https:\/\/monti.lt\/en\/product\/daugiafunkcinis-rusiuoklis-darzas-vaisiai\/","og_locale":"en_US","og_type":"article","og_title":"Daugiafunkcinis r\u016b\u0161iuoklis dar\u017eas-vaisiai - Montessori \u017eaislai","og_description":"Naudodamasis \u0161iuo \u017eaislu vaikas lavina akies ir rankos koordinacij\u0105, lavina vaizduot\u0119, lavina vikrum\u0105 ir kantryb\u0119. \u017daidime reikia i\u0161gelb\u0117ti visas morkas nuo alkan\u0173 kirmin\u0173, kurie nori jas visas suvalgyti. Magnet\u0173 d\u0117ka zuikis i\u0161traukia kirminus i\u0161 \u201e\u017eem\u0117s\u201c ir gali ramiai \u201evalgyti\u201c morkas. Be to, \u0161io r\u016b\u0161iuotuvo \u0161onuose yra skylut\u0117s skirtingiems vaisiams ir dar\u017eov\u0117ms, tod\u0117l vaikas nor\u0117s priderinti [&hellip;]","og_url":"https:\/\/monti.lt\/en\/product\/daugiafunkcinis-rusiuoklis-darzas-vaisiai\/","og_site_name":"Montessori \u017eaislai","article_modified_time":"2025-12-03T14:41:15+00:00","og_image":[{"width":800,"height":800,"url":"https:\/\/monti.lt\/wp-content\/uploads\/2022\/10\/gra-logiczna-zrecznosciowa-sorter-marchewki-i-robaczki-jhtoy-556.jpg","type":"image\/jpeg"}],"twitter_card":"summary_large_image","schema":{"@context":"https:\/\/schema.org","@graph":[{"@type":"WebPage","@id":"https:\/\/monti.lt\/product\/daugiafunkcinis-rusiuoklis-darzas-vaisiai\/","url":"https:\/\/monti.lt\/product\/daugiafunkcinis-rusiuoklis-darzas-vaisiai\/","name":"Daugiafunkcinis r\u016b\u0161iuoklis dar\u017eas-vaisiai - Montessori \u017eaislai","isPartOf":{"@id":"https:\/\/monti.lt\/#website"},"primaryImageOfPage":{"@id":"https:\/\/monti.lt\/product\/daugiafunkcinis-rusiuoklis-darzas-vaisiai\/#primaryimage"},"image":{"@id":"https:\/\/monti.lt\/product\/daugiafunkcinis-rusiuoklis-darzas-vaisiai\/#primaryimage"},"thumbnailUrl":"https:\/\/monti.lt\/wp-content\/uploads\/2022\/10\/gra-logiczna-zrecznosciowa-sorter-marchewki-i-robaczki-jhtoy-556.jpg","datePublished":"2022-10-26T11:44:37+00:00","dateModified":"2025-12-03T14:41:15+00:00","breadcrumb":{"@id":"https:\/\/monti.lt\/product\/daugiafunkcinis-rusiuoklis-darzas-vaisiai\/#breadcrumb"},"inLanguage":"en-US","potentialAction":[{"@type":"ReadAction","target":["https:\/\/monti.lt\/product\/daugiafunkcinis-rusiuoklis-darzas-vaisiai\/"]}]},{"@type":"ImageObject","inLanguage":"en-US","@id":"https:\/\/monti.lt\/product\/daugiafunkcinis-rusiuoklis-darzas-vaisiai\/#primaryimage","url":"https:\/\/monti.lt\/wp-content\/uploads\/2022\/10\/gra-logiczna-zrecznosciowa-sorter-marchewki-i-robaczki-jhtoy-556.jpg","contentUrl":"https:\/\/monti.lt\/wp-content\/uploads\/2022\/10\/gra-logiczna-zrecznosciowa-sorter-marchewki-i-robaczki-jhtoy-556.jpg","width":800,"height":800,"caption":"morkos \u016bkis"},{"@type":"BreadcrumbList","@id":"https:\/\/monti.lt\/product\/daugiafunkcinis-rusiuoklis-darzas-vaisiai\/#breadcrumb","itemListElement":[{"@type":"ListItem","position":1,"name":"Home","item":"https:\/\/monti.lt\/"},{"@type":"ListItem","position":2,"name":"Parduotuv\u0117","item":"https:\/\/monti.lt\/shop\/"},{"@type":"ListItem","position":3,"name":"Daugiafunkcinis r\u016b\u0161iuoklis dar\u017eas-vaisiai"}]},{"@type":"WebSite","@id":"https:\/\/monti.lt\/#website","url":"https:\/\/monti.lt\/","name":"Montessori \u017eaislai","description":"","publisher":{"@id":"https:\/\/monti.lt\/#organization"},"potentialAction":[{"@type":"SearchAction","target":{"@type":"EntryPoint","urlTemplate":"https:\/\/monti.lt\/?s={search_term_string}"},"query-input":"required name=search_term_string"}],"inLanguage":"en-US"},{"@type":"Organization","@id":"https:\/\/monti.lt\/#organization","name":"Montessori \u017eaislai","url":"https:\/\/monti.lt\/","logo":{"@type":"ImageObject","inLanguage":"en-US","@id":"https:\/\/monti.lt\/#\/schema\/logo\/image\/","url":"https:\/\/monti.lt\/wp-content\/uploads\/2022\/03\/montilogo-1.png","contentUrl":"https:\/\/monti.lt\/wp-content\/uploads\/2022\/03\/montilogo-1.png","width":512,"height":512,"caption":"Montessori \u017eaislai"},"image":{"@id":"https:\/\/monti.lt\/#\/schema\/logo\/image\/"}}]}},"_links":{"self":[{"href":"https:\/\/monti.lt\/en\/wp-json\/wp\/v2\/product\/10738"}],"collection":[{"href":"https:\/\/monti.lt\/en\/wp-json\/wp\/v2\/product"}],"about":[{"href":"https:\/\/monti.lt\/en\/wp-json\/wp\/v2\/types\/product"}],"version-history":[{"count":2,"href":"https:\/\/monti.lt\/en\/wp-json\/wp\/v2\/product\/10738\/revisions"}],"predecessor-version":[{"id":31718,"href":"https:\/\/monti.lt\/en\/wp-json\/wp\/v2\/product\/10738\/revisions\/31718"}],"wp:featuredmedia":[{"embeddable":true,"href":"https:\/\/monti.lt\/en\/wp-json\/wp\/v2\/media\/10739"}],"wp:attachment":[{"href":"https:\/\/monti.lt\/en\/wp-json\/wp\/v2\/media?parent=10738"}],"wp:term":[{"taxonomy":"product_cat","embeddable":true,"href":"https:\/\/monti.lt\/en\/wp-json\/wp\/v2\/product_cat?post=10738"},{"taxonomy":"product_tag","embeddable":true,"href":"https:\/\/monti.lt\/en\/wp-json\/wp\/v2\/product_tag?post=10738"}],"curies":[{"name":"wp","href":"https:\/\/api.w.org\/{rel}","templated":true}]}}