{"id":11079,"date":"2022-11-05T14:02:51","date_gmt":"2022-11-05T14:02:51","guid":{"rendered":"https:\/\/monti.lt\/?post_type=product&#038;p=11079"},"modified":"2026-03-01T09:05:23","modified_gmt":"2026-03-01T09:05:23","slug":"vaikiska-palapine","status":"publish","type":"product","link":"https:\/\/monti.lt\/en\/product\/vaikiska-palapine\/","title":{"rendered":"Vaiki\u0161ka palapin\u0117"},"content":{"rendered":"<p>Vaiki\u0161ka vigvam palapin\u0117 puikus pasirinkimas ma\u017eiesiems nameli\u0173 statymo m\u0117g\u0117jams.<\/p>\n\n\n\n<p>Vaiki\u0161koje palapin\u0117je ma\u017eylis gal\u0117s \u017eaisti sl\u0117pyni\u0173, ar migdyti savo mink\u0161tus \u017eaisliukus.<\/p>\n\n\n\n<p>Palapin\u0117s baz\u0117- 110 cm x 110 cm. Bendras palapines auk\u0161tis apie 160 cm.<br>R\u0117mas pagamintas i\u0161 PVC vamzd\u017ei\u0173<\/p>\n\n\n\n<p><\/p>","protected":false},"excerpt":{"rendered":"<p>Vaiki\u0161ka vigvam palapin\u0117 puikus pasirinkimas ma\u017eiesiems nameli\u0173 statymo m\u0117g\u0117jams. Vaiki\u0161koje palapin\u0117je ma\u017eylis gal\u0117s \u017eaisti sl\u0117pyni\u0173, ar migdyti savo mink\u0161tus \u017eaisliukus. Palapin\u0117s baz\u0117- 110 cm x 110 cm. Bendras palapines auk\u0161tis apie 160 cm.R\u0117mas pagamintas i\u0161 PVC vamzd\u017ei\u0173<\/p>","protected":false},"featured_media":11081,"template":"","meta":{"_acf_changed":false,"iawp_total_views":340},"product_cat":[84,90,50,93,49,39,214],"product_tag":[95,97,98,99],"class_list":{"0":"post-11079","1":"product","2":"type-product","3":"status-publish","4":"has-post-thumbnail","6":"product_cat-lavinamieji-zaislai","7":"product_cat-pasaulio-pazinimas","8":"product_cat-top-dovanos","9":"product_cat-vaidmenu-zaidimai","10":"product_cat-visi-zaislai","11":"product_cat-zaislai","12":"product_cat-zaislai-mergaitems","13":"product_tag-1-m-2-m","14":"product_tag-3-m-4-m","15":"product_tag-5-m-7-m","16":"product_tag-8-m-11-m","18":"first","19":"outofstock","20":"sale","21":"taxable","22":"shipping-taxable","23":"purchasable","24":"product-type-simple"},"acf":[],"yoast_head":"<!-- This site is optimized with the Yoast SEO plugin v23.3 - https:\/\/yoast.com\/wordpress\/plugins\/seo\/ -->\n<title>Vaiki\u0161ka palapin\u0117 - Montessori \u017eaislai<\/title>\n<meta name=\"robots\" content=\"index, follow, max-snippet:-1, max-image-preview:large, max-video-preview:-1\" \/>\n<link rel=\"canonical\" href=\"https:\/\/monti.lt\/en\/product\/vaikiska-palapine\/\" \/>\n<meta property=\"og:locale\" content=\"en_US\" \/>\n<meta property=\"og:type\" content=\"article\" \/>\n<meta property=\"og:title\" content=\"Vaiki\u0161ka palapin\u0117 - Montessori \u017eaislai\" \/>\n<meta property=\"og:description\" content=\"Vaiki\u0161ka vigvam palapin\u0117 puikus pasirinkimas ma\u017eiesiems nameli\u0173 statymo m\u0117g\u0117jams. Vaiki\u0161koje palapin\u0117je ma\u017eylis gal\u0117s \u017eaisti sl\u0117pyni\u0173, ar migdyti savo mink\u0161tus \u017eaisliukus. Palapin\u0117s baz\u0117- 110 cm x 110 cm. Bendras palapines auk\u0161tis apie 160 cm.R\u0117mas pagamintas i\u0161 PVC vamzd\u017ei\u0173\" \/>\n<meta property=\"og:url\" content=\"https:\/\/monti.lt\/en\/product\/vaikiska-palapine\/\" \/>\n<meta property=\"og:site_name\" content=\"Montessori \u017eaislai\" \/>\n<meta property=\"article:modified_time\" content=\"2026-03-01T09:05:23+00:00\" \/>\n<meta property=\"og:image\" content=\"https:\/\/monti.lt\/wp-content\/uploads\/2022\/11\/palapine.jpg\" \/>\n\t<meta property=\"og:image:width\" content=\"800\" \/>\n\t<meta property=\"og:image:height\" content=\"800\" \/>\n\t<meta property=\"og:image:type\" content=\"image\/jpeg\" \/>\n<meta name=\"twitter:card\" content=\"summary_large_image\" \/>\n<meta name=\"twitter:label1\" content=\"Est. reading time\" \/>\n\t<meta name=\"twitter:data1\" content=\"1 minute\" \/>\n<script type=\"application\/ld+json\" class=\"yoast-schema-graph\">{\"@context\":\"https:\/\/schema.org\",\"@graph\":[{\"@type\":\"WebPage\",\"@id\":\"https:\/\/monti.lt\/product\/vaikiska-palapine\/\",\"url\":\"https:\/\/monti.lt\/product\/vaikiska-palapine\/\",\"name\":\"Vaiki\u0161ka palapin\u0117 - Montessori \u017eaislai\",\"isPartOf\":{\"@id\":\"https:\/\/monti.lt\/#website\"},\"primaryImageOfPage\":{\"@id\":\"https:\/\/monti.lt\/product\/vaikiska-palapine\/#primaryimage\"},\"image\":{\"@id\":\"https:\/\/monti.lt\/product\/vaikiska-palapine\/#primaryimage\"},\"thumbnailUrl\":\"https:\/\/monti.lt\/wp-content\/uploads\/2022\/11\/palapine.jpg\",\"datePublished\":\"2022-11-05T14:02:51+00:00\",\"dateModified\":\"2026-03-01T09:05:23+00:00\",\"breadcrumb\":{\"@id\":\"https:\/\/monti.lt\/product\/vaikiska-palapine\/#breadcrumb\"},\"inLanguage\":\"en-US\",\"potentialAction\":[{\"@type\":\"ReadAction\",\"target\":[\"https:\/\/monti.lt\/product\/vaikiska-palapine\/\"]}]},{\"@type\":\"ImageObject\",\"inLanguage\":\"en-US\",\"@id\":\"https:\/\/monti.lt\/product\/vaikiska-palapine\/#primaryimage\",\"url\":\"https:\/\/monti.lt\/wp-content\/uploads\/2022\/11\/palapine.jpg\",\"contentUrl\":\"https:\/\/monti.lt\/wp-content\/uploads\/2022\/11\/palapine.jpg\",\"width\":800,\"height\":800,\"caption\":\"vaikiska palapine\"},{\"@type\":\"BreadcrumbList\",\"@id\":\"https:\/\/monti.lt\/product\/vaikiska-palapine\/#breadcrumb\",\"itemListElement\":[{\"@type\":\"ListItem\",\"position\":1,\"name\":\"Home\",\"item\":\"https:\/\/monti.lt\/\"},{\"@type\":\"ListItem\",\"position\":2,\"name\":\"Parduotuv\u0117\",\"item\":\"https:\/\/monti.lt\/shop\/\"},{\"@type\":\"ListItem\",\"position\":3,\"name\":\"Vaiki\u0161ka palapin\u0117\"}]},{\"@type\":\"WebSite\",\"@id\":\"https:\/\/monti.lt\/#website\",\"url\":\"https:\/\/monti.lt\/\",\"name\":\"Montessori \u017eaislai\",\"description\":\"\",\"publisher\":{\"@id\":\"https:\/\/monti.lt\/#organization\"},\"potentialAction\":[{\"@type\":\"SearchAction\",\"target\":{\"@type\":\"EntryPoint\",\"urlTemplate\":\"https:\/\/monti.lt\/?s={search_term_string}\"},\"query-input\":\"required name=search_term_string\"}],\"inLanguage\":\"en-US\"},{\"@type\":\"Organization\",\"@id\":\"https:\/\/monti.lt\/#organization\",\"name\":\"Montessori \u017eaislai\",\"url\":\"https:\/\/monti.lt\/\",\"logo\":{\"@type\":\"ImageObject\",\"inLanguage\":\"en-US\",\"@id\":\"https:\/\/monti.lt\/#\/schema\/logo\/image\/\",\"url\":\"https:\/\/monti.lt\/wp-content\/uploads\/2022\/03\/montilogo-1.png\",\"contentUrl\":\"https:\/\/monti.lt\/wp-content\/uploads\/2022\/03\/montilogo-1.png\",\"width\":512,\"height\":512,\"caption\":\"Montessori \u017eaislai\"},\"image\":{\"@id\":\"https:\/\/monti.lt\/#\/schema\/logo\/image\/\"}}]}<\/script>\n<!-- \/ Yoast SEO plugin. -->","yoast_head_json":{"title":"Vaiki\u0161ka palapin\u0117 - Montessori \u017eaislai","robots":{"index":"index","follow":"follow","max-snippet":"max-snippet:-1","max-image-preview":"max-image-preview:large","max-video-preview":"max-video-preview:-1"},"canonical":"https:\/\/monti.lt\/en\/product\/vaikiska-palapine\/","og_locale":"en_US","og_type":"article","og_title":"Vaiki\u0161ka palapin\u0117 - Montessori \u017eaislai","og_description":"Vaiki\u0161ka vigvam palapin\u0117 puikus pasirinkimas ma\u017eiesiems nameli\u0173 statymo m\u0117g\u0117jams. Vaiki\u0161koje palapin\u0117je ma\u017eylis gal\u0117s \u017eaisti sl\u0117pyni\u0173, ar migdyti savo mink\u0161tus \u017eaisliukus. Palapin\u0117s baz\u0117- 110 cm x 110 cm. Bendras palapines auk\u0161tis apie 160 cm.R\u0117mas pagamintas i\u0161 PVC vamzd\u017ei\u0173","og_url":"https:\/\/monti.lt\/en\/product\/vaikiska-palapine\/","og_site_name":"Montessori \u017eaislai","article_modified_time":"2026-03-01T09:05:23+00:00","og_image":[{"width":800,"height":800,"url":"https:\/\/monti.lt\/wp-content\/uploads\/2022\/11\/palapine.jpg","type":"image\/jpeg"}],"twitter_card":"summary_large_image","twitter_misc":{"Est. reading time":"1 minute"},"schema":{"@context":"https:\/\/schema.org","@graph":[{"@type":"WebPage","@id":"https:\/\/monti.lt\/product\/vaikiska-palapine\/","url":"https:\/\/monti.lt\/product\/vaikiska-palapine\/","name":"Vaiki\u0161ka palapin\u0117 - Montessori \u017eaislai","isPartOf":{"@id":"https:\/\/monti.lt\/#website"},"primaryImageOfPage":{"@id":"https:\/\/monti.lt\/product\/vaikiska-palapine\/#primaryimage"},"image":{"@id":"https:\/\/monti.lt\/product\/vaikiska-palapine\/#primaryimage"},"thumbnailUrl":"https:\/\/monti.lt\/wp-content\/uploads\/2022\/11\/palapine.jpg","datePublished":"2022-11-05T14:02:51+00:00","dateModified":"2026-03-01T09:05:23+00:00","breadcrumb":{"@id":"https:\/\/monti.lt\/product\/vaikiska-palapine\/#breadcrumb"},"inLanguage":"en-US","potentialAction":[{"@type":"ReadAction","target":["https:\/\/monti.lt\/product\/vaikiska-palapine\/"]}]},{"@type":"ImageObject","inLanguage":"en-US","@id":"https:\/\/monti.lt\/product\/vaikiska-palapine\/#primaryimage","url":"https:\/\/monti.lt\/wp-content\/uploads\/2022\/11\/palapine.jpg","contentUrl":"https:\/\/monti.lt\/wp-content\/uploads\/2022\/11\/palapine.jpg","width":800,"height":800,"caption":"vaikiska palapine"},{"@type":"BreadcrumbList","@id":"https:\/\/monti.lt\/product\/vaikiska-palapine\/#breadcrumb","itemListElement":[{"@type":"ListItem","position":1,"name":"Home","item":"https:\/\/monti.lt\/"},{"@type":"ListItem","position":2,"name":"Parduotuv\u0117","item":"https:\/\/monti.lt\/shop\/"},{"@type":"ListItem","position":3,"name":"Vaiki\u0161ka palapin\u0117"}]},{"@type":"WebSite","@id":"https:\/\/monti.lt\/#website","url":"https:\/\/monti.lt\/","name":"Montessori \u017eaislai","description":"","publisher":{"@id":"https:\/\/monti.lt\/#organization"},"potentialAction":[{"@type":"SearchAction","target":{"@type":"EntryPoint","urlTemplate":"https:\/\/monti.lt\/?s={search_term_string}"},"query-input":"required name=search_term_string"}],"inLanguage":"en-US"},{"@type":"Organization","@id":"https:\/\/monti.lt\/#organization","name":"Montessori \u017eaislai","url":"https:\/\/monti.lt\/","logo":{"@type":"ImageObject","inLanguage":"en-US","@id":"https:\/\/monti.lt\/#\/schema\/logo\/image\/","url":"https:\/\/monti.lt\/wp-content\/uploads\/2022\/03\/montilogo-1.png","contentUrl":"https:\/\/monti.lt\/wp-content\/uploads\/2022\/03\/montilogo-1.png","width":512,"height":512,"caption":"Montessori \u017eaislai"},"image":{"@id":"https:\/\/monti.lt\/#\/schema\/logo\/image\/"}}]}},"_links":{"self":[{"href":"https:\/\/monti.lt\/en\/wp-json\/wp\/v2\/product\/11079"}],"collection":[{"href":"https:\/\/monti.lt\/en\/wp-json\/wp\/v2\/product"}],"about":[{"href":"https:\/\/monti.lt\/en\/wp-json\/wp\/v2\/types\/product"}],"version-history":[{"count":1,"href":"https:\/\/monti.lt\/en\/wp-json\/wp\/v2\/product\/11079\/revisions"}],"predecessor-version":[{"id":11080,"href":"https:\/\/monti.lt\/en\/wp-json\/wp\/v2\/product\/11079\/revisions\/11080"}],"wp:featuredmedia":[{"embeddable":true,"href":"https:\/\/monti.lt\/en\/wp-json\/wp\/v2\/media\/11081"}],"wp:attachment":[{"href":"https:\/\/monti.lt\/en\/wp-json\/wp\/v2\/media?parent=11079"}],"wp:term":[{"taxonomy":"product_cat","embeddable":true,"href":"https:\/\/monti.lt\/en\/wp-json\/wp\/v2\/product_cat?post=11079"},{"taxonomy":"product_tag","embeddable":true,"href":"https:\/\/monti.lt\/en\/wp-json\/wp\/v2\/product_tag?post=11079"}],"curies":[{"name":"wp","href":"https:\/\/api.w.org\/{rel}","templated":true}]}}