{"id":11825,"date":"2022-11-23T19:03:41","date_gmt":"2022-11-23T19:03:41","guid":{"rendered":"https:\/\/monti.lt\/?post_type=product&#038;p=11825"},"modified":"2025-12-14T06:44:53","modified_gmt":"2025-12-14T06:44:53","slug":"medinis-gydytojo-rinkinys","status":"publish","type":"product","link":"https:\/\/monti.lt\/en\/product\/medinis-gydytojo-rinkinys\/","title":{"rendered":"Medinis gydytojo rinkinys"},"content":{"rendered":"<p>Ie\u0161kote lavinamojo \u017eaislo, kuris skatint\u0173 vaizduot\u0119, lavint\u0173 pa\u017eintinius \u012fg\u016bd\u017eius ir kartu linksmint\u0173 j\u016bs\u0173 vaik\u0105? Turime jums puik\u0173 sprendim\u0105 &#8211; ma\u017e\u0105j\u012f gydytoj\u0105 &#8211; medin\u012f gydytojo rinkin\u012f vaikams su stetoskopu.<\/p>\n\n\n\n<p>\u0160is auk\u0161tos kokyb\u0117s daktaro rinkinys buvo specialiai sukurtas taip, kad vaikams suteikt\u0173 valand\u0173 valandas smagi\u0173 ir nepamir\u0161tam\u0173 nuotyki\u0173. Pagamintas i\u0161 patvarios medienos, jis u\u017etikrina saug\u0173 ir tvirt\u0105 \u017eaidim\u0105, kartu skatindamas \u012fvairi\u0173 \u012fg\u016bd\u017ei\u0173 ugdym\u0105.<\/p>\n\n\n\n<p>\u2705 Rinkinyje yra viskas, ko reikia b\u016bsimam ma\u017eajam gydytojui:<br>stetoskopas,<br>laikymo d\u0117\u017eut\u0117<br>termometras,<br>\u0161virk\u0161tas,<br>tapatyb\u0117s kortel\u0117,<br>pie\u0161tukas,<br>kauk\u0117,<br>medicinin\u0117 kepurait\u0117,<br>\u012fvairi\u0173 r\u016b\u0161i\u0173 table\u010di\u0173,<br>pleistrai.<br>medicinin\u0117 kortel\u0117,<br>pincetas,<br>sirupas,<br>receptas,<br>lipduk\u0173 rinkin\u012f, skirt\u0105 papuo\u0161ti, pvz., medicinin\u0119 d\u0117\u017eut\u0119.<br>J\u016bs\u0173 vaikas tur\u0117s galimyb\u0119 apsimesti tikru gydytoju, diagnozuojan\u010diu ir gydan\u010diu savo pacientus. \u0160is \u017eaislas ne tik skatina k\u016brybi\u0161kum\u0105, bet ir padeda suprasti gydytojo vaidmen\u012f ir svarb\u0105 kasdieniame gyvenime.<\/p>\n\n\n\n<p>Medinis vaiki\u0161kas medinis gydytojo rinkinys su stetoskopu \u201eMa\u017easis gydytojas &#8211; daktaras\u201c ne tik garantuoja puiki\u0105 pramog\u0105, bet ir daro \u012ftak\u0105 socialini\u0173 \u012fg\u016bd\u017ei\u0173, toki\u0173 kaip empatija, r\u016bpinimasis kitais ir bendravimas, mokymuisi ir ugdymui.<br><\/p>\n\n\n\n<p><\/p>","protected":false},"excerpt":{"rendered":"<p>Ie\u0161kote lavinamojo \u017eaislo, kuris skatint\u0173 vaizduot\u0119, lavint\u0173 pa\u017eintinius \u012fg\u016bd\u017eius ir kartu linksmint\u0173 j\u016bs\u0173 vaik\u0105? Turime jums puik\u0173 sprendim\u0105 &#8211; ma\u017e\u0105j\u012f gydytoj\u0105 &#8211; medin\u012f gydytojo rinkin\u012f vaikams su stetoskopu. \u0160is auk\u0161tos kokyb\u0117s daktaro rinkinys buvo specialiai sukurtas taip, kad vaikams suteikt\u0173 valand\u0173 valandas smagi\u0173 ir nepamir\u0161tam\u0173 nuotyki\u0173. Pagamintas i\u0161 patvarios medienos, jis u\u017etikrina saug\u0173 ir tvirt\u0105 [&hellip;]<\/p>","protected":false},"featured_media":25488,"template":"","meta":{"_acf_changed":false,"iawp_total_views":8999},"product_cat":[194,195,197,196,191,82,192,84,102,90,50,199,93,49,39],"product_tag":[96,97,98,99],"class_list":{"0":"post-11825","1":"product","2":"type-product","3":"status-publish","4":"has-post-thumbnail","6":"product_cat-dovanos-vaikams-2-3-metu","7":"product_cat-dovanos-vaikams-3-4-metu","8":"product_cat-dovanos-berniukams","9":"product_cat-dovanos-mergaitems","10":"product_cat-dovanos-vaikams","11":"product_cat-ispardavimas","12":"product_cat-kaledines-dovanos-vaikams","13":"product_cat-lavinamieji-zaislai","14":"product_cat-mediniai-zaislai","15":"product_cat-pasaulio-pazinimas","16":"product_cat-top-dovanos","17":"product_cat-ugdymo-istaigoms","18":"product_cat-vaidmenu-zaidimai","19":"product_cat-visi-zaislai","20":"product_cat-zaislai","21":"product_tag-2-m-3-m","22":"product_tag-3-m-4-m","23":"product_tag-5-m-7-m","24":"product_tag-8-m-11-m","26":"first","27":"outofstock","28":"sale","29":"taxable","30":"shipping-taxable","31":"purchasable","32":"product-type-simple"},"acf":[],"yoast_head":"<!-- This site is optimized with the Yoast SEO plugin v23.3 - https:\/\/yoast.com\/wordpress\/plugins\/seo\/ -->\n<title>Medinis gydytojo rinkinys - Montessori \u017eaislai<\/title>\n<meta name=\"robots\" content=\"index, follow, max-snippet:-1, max-image-preview:large, max-video-preview:-1\" \/>\n<link rel=\"canonical\" href=\"https:\/\/monti.lt\/en\/product\/medinis-gydytojo-rinkinys\/\" \/>\n<meta property=\"og:locale\" content=\"en_US\" \/>\n<meta property=\"og:type\" content=\"article\" \/>\n<meta property=\"og:title\" content=\"Medinis gydytojo rinkinys - Montessori \u017eaislai\" \/>\n<meta property=\"og:description\" content=\"Ie\u0161kote lavinamojo \u017eaislo, kuris skatint\u0173 vaizduot\u0119, lavint\u0173 pa\u017eintinius \u012fg\u016bd\u017eius ir kartu linksmint\u0173 j\u016bs\u0173 vaik\u0105? Turime jums puik\u0173 sprendim\u0105 &#8211; ma\u017e\u0105j\u012f gydytoj\u0105 &#8211; medin\u012f gydytojo rinkin\u012f vaikams su stetoskopu. \u0160is auk\u0161tos kokyb\u0117s daktaro rinkinys buvo specialiai sukurtas taip, kad vaikams suteikt\u0173 valand\u0173 valandas smagi\u0173 ir nepamir\u0161tam\u0173 nuotyki\u0173. Pagamintas i\u0161 patvarios medienos, jis u\u017etikrina saug\u0173 ir tvirt\u0105 [&hellip;]\" \/>\n<meta property=\"og:url\" content=\"https:\/\/monti.lt\/en\/product\/medinis-gydytojo-rinkinys\/\" \/>\n<meta property=\"og:site_name\" content=\"Montessori \u017eaislai\" \/>\n<meta property=\"article:modified_time\" content=\"2025-12-14T06:44:53+00:00\" \/>\n<meta property=\"og:image\" content=\"https:\/\/monti.lt\/wp-content\/uploads\/2022\/11\/maly-lekarz-doktor-zestaw-drewniany-lekarski-dla-dzieci-stetoskop.webp\" \/>\n\t<meta property=\"og:image:width\" content=\"800\" \/>\n\t<meta property=\"og:image:height\" content=\"800\" \/>\n\t<meta property=\"og:image:type\" content=\"image\/webp\" \/>\n<meta name=\"twitter:card\" content=\"summary_large_image\" \/>\n<meta name=\"twitter:label1\" content=\"Est. reading time\" \/>\n\t<meta name=\"twitter:data1\" content=\"2 minutes\" \/>\n<script type=\"application\/ld+json\" class=\"yoast-schema-graph\">{\"@context\":\"https:\/\/schema.org\",\"@graph\":[{\"@type\":\"WebPage\",\"@id\":\"https:\/\/monti.lt\/product\/medinis-gydytojo-rinkinys\/\",\"url\":\"https:\/\/monti.lt\/product\/medinis-gydytojo-rinkinys\/\",\"name\":\"Medinis gydytojo rinkinys - Montessori \u017eaislai\",\"isPartOf\":{\"@id\":\"https:\/\/monti.lt\/#website\"},\"primaryImageOfPage\":{\"@id\":\"https:\/\/monti.lt\/product\/medinis-gydytojo-rinkinys\/#primaryimage\"},\"image\":{\"@id\":\"https:\/\/monti.lt\/product\/medinis-gydytojo-rinkinys\/#primaryimage\"},\"thumbnailUrl\":\"https:\/\/monti.lt\/wp-content\/uploads\/2022\/11\/maly-lekarz-doktor-zestaw-drewniany-lekarski-dla-dzieci-stetoskop.webp\",\"datePublished\":\"2022-11-23T19:03:41+00:00\",\"dateModified\":\"2025-12-14T06:44:53+00:00\",\"breadcrumb\":{\"@id\":\"https:\/\/monti.lt\/product\/medinis-gydytojo-rinkinys\/#breadcrumb\"},\"inLanguage\":\"en-US\",\"potentialAction\":[{\"@type\":\"ReadAction\",\"target\":[\"https:\/\/monti.lt\/product\/medinis-gydytojo-rinkinys\/\"]}]},{\"@type\":\"ImageObject\",\"inLanguage\":\"en-US\",\"@id\":\"https:\/\/monti.lt\/product\/medinis-gydytojo-rinkinys\/#primaryimage\",\"url\":\"https:\/\/monti.lt\/wp-content\/uploads\/2022\/11\/maly-lekarz-doktor-zestaw-drewniany-lekarski-dla-dzieci-stetoskop.webp\",\"contentUrl\":\"https:\/\/monti.lt\/wp-content\/uploads\/2022\/11\/maly-lekarz-doktor-zestaw-drewniany-lekarski-dla-dzieci-stetoskop.webp\",\"width\":800,\"height\":800,\"caption\":\"medinis gydytojo rinkinys\"},{\"@type\":\"BreadcrumbList\",\"@id\":\"https:\/\/monti.lt\/product\/medinis-gydytojo-rinkinys\/#breadcrumb\",\"itemListElement\":[{\"@type\":\"ListItem\",\"position\":1,\"name\":\"Home\",\"item\":\"https:\/\/monti.lt\/\"},{\"@type\":\"ListItem\",\"position\":2,\"name\":\"Parduotuv\u0117\",\"item\":\"https:\/\/monti.lt\/shop\/\"},{\"@type\":\"ListItem\",\"position\":3,\"name\":\"Medinis gydytojo rinkinys\"}]},{\"@type\":\"WebSite\",\"@id\":\"https:\/\/monti.lt\/#website\",\"url\":\"https:\/\/monti.lt\/\",\"name\":\"Montessori \u017eaislai\",\"description\":\"\",\"publisher\":{\"@id\":\"https:\/\/monti.lt\/#organization\"},\"potentialAction\":[{\"@type\":\"SearchAction\",\"target\":{\"@type\":\"EntryPoint\",\"urlTemplate\":\"https:\/\/monti.lt\/?s={search_term_string}\"},\"query-input\":\"required name=search_term_string\"}],\"inLanguage\":\"en-US\"},{\"@type\":\"Organization\",\"@id\":\"https:\/\/monti.lt\/#organization\",\"name\":\"Montessori \u017eaislai\",\"url\":\"https:\/\/monti.lt\/\",\"logo\":{\"@type\":\"ImageObject\",\"inLanguage\":\"en-US\",\"@id\":\"https:\/\/monti.lt\/#\/schema\/logo\/image\/\",\"url\":\"https:\/\/monti.lt\/wp-content\/uploads\/2022\/03\/montilogo-1.png\",\"contentUrl\":\"https:\/\/monti.lt\/wp-content\/uploads\/2022\/03\/montilogo-1.png\",\"width\":512,\"height\":512,\"caption\":\"Montessori \u017eaislai\"},\"image\":{\"@id\":\"https:\/\/monti.lt\/#\/schema\/logo\/image\/\"}}]}<\/script>\n<!-- \/ Yoast SEO plugin. -->","yoast_head_json":{"title":"Medinis gydytojo rinkinys - Montessori \u017eaislai","robots":{"index":"index","follow":"follow","max-snippet":"max-snippet:-1","max-image-preview":"max-image-preview:large","max-video-preview":"max-video-preview:-1"},"canonical":"https:\/\/monti.lt\/en\/product\/medinis-gydytojo-rinkinys\/","og_locale":"en_US","og_type":"article","og_title":"Medinis gydytojo rinkinys - Montessori \u017eaislai","og_description":"Ie\u0161kote lavinamojo \u017eaislo, kuris skatint\u0173 vaizduot\u0119, lavint\u0173 pa\u017eintinius \u012fg\u016bd\u017eius ir kartu linksmint\u0173 j\u016bs\u0173 vaik\u0105? Turime jums puik\u0173 sprendim\u0105 &#8211; ma\u017e\u0105j\u012f gydytoj\u0105 &#8211; medin\u012f gydytojo rinkin\u012f vaikams su stetoskopu. \u0160is auk\u0161tos kokyb\u0117s daktaro rinkinys buvo specialiai sukurtas taip, kad vaikams suteikt\u0173 valand\u0173 valandas smagi\u0173 ir nepamir\u0161tam\u0173 nuotyki\u0173. Pagamintas i\u0161 patvarios medienos, jis u\u017etikrina saug\u0173 ir tvirt\u0105 [&hellip;]","og_url":"https:\/\/monti.lt\/en\/product\/medinis-gydytojo-rinkinys\/","og_site_name":"Montessori \u017eaislai","article_modified_time":"2025-12-14T06:44:53+00:00","og_image":[{"width":800,"height":800,"url":"https:\/\/monti.lt\/wp-content\/uploads\/2022\/11\/maly-lekarz-doktor-zestaw-drewniany-lekarski-dla-dzieci-stetoskop.webp","type":"image\/webp"}],"twitter_card":"summary_large_image","twitter_misc":{"Est. reading time":"2 minutes"},"schema":{"@context":"https:\/\/schema.org","@graph":[{"@type":"WebPage","@id":"https:\/\/monti.lt\/product\/medinis-gydytojo-rinkinys\/","url":"https:\/\/monti.lt\/product\/medinis-gydytojo-rinkinys\/","name":"Medinis gydytojo rinkinys - Montessori \u017eaislai","isPartOf":{"@id":"https:\/\/monti.lt\/#website"},"primaryImageOfPage":{"@id":"https:\/\/monti.lt\/product\/medinis-gydytojo-rinkinys\/#primaryimage"},"image":{"@id":"https:\/\/monti.lt\/product\/medinis-gydytojo-rinkinys\/#primaryimage"},"thumbnailUrl":"https:\/\/monti.lt\/wp-content\/uploads\/2022\/11\/maly-lekarz-doktor-zestaw-drewniany-lekarski-dla-dzieci-stetoskop.webp","datePublished":"2022-11-23T19:03:41+00:00","dateModified":"2025-12-14T06:44:53+00:00","breadcrumb":{"@id":"https:\/\/monti.lt\/product\/medinis-gydytojo-rinkinys\/#breadcrumb"},"inLanguage":"en-US","potentialAction":[{"@type":"ReadAction","target":["https:\/\/monti.lt\/product\/medinis-gydytojo-rinkinys\/"]}]},{"@type":"ImageObject","inLanguage":"en-US","@id":"https:\/\/monti.lt\/product\/medinis-gydytojo-rinkinys\/#primaryimage","url":"https:\/\/monti.lt\/wp-content\/uploads\/2022\/11\/maly-lekarz-doktor-zestaw-drewniany-lekarski-dla-dzieci-stetoskop.webp","contentUrl":"https:\/\/monti.lt\/wp-content\/uploads\/2022\/11\/maly-lekarz-doktor-zestaw-drewniany-lekarski-dla-dzieci-stetoskop.webp","width":800,"height":800,"caption":"medinis gydytojo rinkinys"},{"@type":"BreadcrumbList","@id":"https:\/\/monti.lt\/product\/medinis-gydytojo-rinkinys\/#breadcrumb","itemListElement":[{"@type":"ListItem","position":1,"name":"Home","item":"https:\/\/monti.lt\/"},{"@type":"ListItem","position":2,"name":"Parduotuv\u0117","item":"https:\/\/monti.lt\/shop\/"},{"@type":"ListItem","position":3,"name":"Medinis gydytojo rinkinys"}]},{"@type":"WebSite","@id":"https:\/\/monti.lt\/#website","url":"https:\/\/monti.lt\/","name":"Montessori \u017eaislai","description":"","publisher":{"@id":"https:\/\/monti.lt\/#organization"},"potentialAction":[{"@type":"SearchAction","target":{"@type":"EntryPoint","urlTemplate":"https:\/\/monti.lt\/?s={search_term_string}"},"query-input":"required name=search_term_string"}],"inLanguage":"en-US"},{"@type":"Organization","@id":"https:\/\/monti.lt\/#organization","name":"Montessori \u017eaislai","url":"https:\/\/monti.lt\/","logo":{"@type":"ImageObject","inLanguage":"en-US","@id":"https:\/\/monti.lt\/#\/schema\/logo\/image\/","url":"https:\/\/monti.lt\/wp-content\/uploads\/2022\/03\/montilogo-1.png","contentUrl":"https:\/\/monti.lt\/wp-content\/uploads\/2022\/03\/montilogo-1.png","width":512,"height":512,"caption":"Montessori \u017eaislai"},"image":{"@id":"https:\/\/monti.lt\/#\/schema\/logo\/image\/"}}]}},"_links":{"self":[{"href":"https:\/\/monti.lt\/en\/wp-json\/wp\/v2\/product\/11825"}],"collection":[{"href":"https:\/\/monti.lt\/en\/wp-json\/wp\/v2\/product"}],"about":[{"href":"https:\/\/monti.lt\/en\/wp-json\/wp\/v2\/types\/product"}],"version-history":[{"count":3,"href":"https:\/\/monti.lt\/en\/wp-json\/wp\/v2\/product\/11825\/revisions"}],"predecessor-version":[{"id":25495,"href":"https:\/\/monti.lt\/en\/wp-json\/wp\/v2\/product\/11825\/revisions\/25495"}],"wp:featuredmedia":[{"embeddable":true,"href":"https:\/\/monti.lt\/en\/wp-json\/wp\/v2\/media\/25488"}],"wp:attachment":[{"href":"https:\/\/monti.lt\/en\/wp-json\/wp\/v2\/media?parent=11825"}],"wp:term":[{"taxonomy":"product_cat","embeddable":true,"href":"https:\/\/monti.lt\/en\/wp-json\/wp\/v2\/product_cat?post=11825"},{"taxonomy":"product_tag","embeddable":true,"href":"https:\/\/monti.lt\/en\/wp-json\/wp\/v2\/product_tag?post=11825"}],"curies":[{"name":"wp","href":"https:\/\/api.w.org\/{rel}","templated":true}]}}