{"id":13716,"date":"2023-01-30T17:58:58","date_gmt":"2023-01-30T17:58:58","guid":{"rendered":"https:\/\/monti.lt\/?post_type=product&#038;p=13716"},"modified":"2025-12-09T13:50:44","modified_gmt":"2025-12-09T13:50:44","slug":"classic-world-medinis-galvosukis-raktai","status":"publish","type":"product","link":"https:\/\/monti.lt\/en\/product\/classic-world-medinis-galvosukis-raktai\/","title":{"rendered":"CLASSIC WORLD medinis galvos\u016bkis &#8220;raktai&#8221;"},"content":{"rendered":"<p><strong>Medin\u0117 spyna su raktais<\/strong>&nbsp;i\u0161 prek\u0117s \u017eenklo&nbsp;<strong>CLASSIC WORLD<\/strong>&nbsp;yra sensorin\u0117 d\u0117lion\u0117 ma\u017eyliui.&nbsp;\u017daidimas susideda i\u0161&nbsp;<strong>penki\u0173 unikali\u0173 rakt\u0173<\/strong>&nbsp;suderinimo su atitinkamomis spynomis, raktai taip pat gali b\u016bti pasl\u0117pti lentoje, kurioje yra vieta kiekvienam raktui&nbsp;<strong>.&nbsp;<\/strong>Puikiai tinka&nbsp;ma\u017eyli\u0173&nbsp;<strong>rank\u0173 ir aki\u0173 koordinacijai bei&nbsp;grafiniam pa\u017einimui.<\/strong><\/p>\n\n\n\n<p><strong>Charakteristikos<\/strong>&nbsp;:<\/p>\n\n\n\n<ul class=\"wp-block-list\"><li>&#8211; \u017eaislas nuo&nbsp;<strong>18 m\u0117n<\/strong><\/li><li>&#8211; viskas pagaminta i\u0161&nbsp;<strong>auk\u0161tos kokyb\u0117s medienos<\/strong><\/li><li>&#8211; nuda\u017eyti&nbsp;<strong>netoksi\u0161kais da\u017eais<\/strong><\/li><li>&#8211; \u017eaislas&nbsp;<strong>neturi a\u0161tri\u0173 kra\u0161t\u0173<\/strong>&nbsp;, tod\u0117l yra&nbsp;<strong>saugus vaikui<\/strong><\/li><\/ul>\n\n\n\n<p><strong>\u012e komplekt\u0105 \u012feina<\/strong>&nbsp;:<\/p>\n\n\n\n<ul class=\"wp-block-list\"><li>&#8211; lentos su vietomis kiekvienam raktui<\/li><li>&#8211;&nbsp;<strong>5<\/strong>&nbsp;raktai<\/li><li>&#8211;&nbsp;<strong>5<\/strong>&nbsp;spynos<\/li><\/ul>\n\n\n\n<p><strong>\u017daislas vysto<\/strong>&nbsp;:<\/p>\n\n\n\n<ul class=\"wp-block-list\"><li>&#8211; rank\u0173 ir aki\u0173 koordinacija<\/li><li>&#8211; grafinis pa\u017einimas<\/li><li>&#8211; mokymasis apie spalvas<\/li><\/ul>","protected":false},"excerpt":{"rendered":"<p>Medin\u0117 spyna su raktais&nbsp;i\u0161 prek\u0117s \u017eenklo&nbsp;CLASSIC WORLD&nbsp;yra sensorin\u0117 d\u0117lion\u0117 ma\u017eyliui.&nbsp;\u017daidimas susideda i\u0161&nbsp;penki\u0173 unikali\u0173 rakt\u0173&nbsp;suderinimo su atitinkamomis spynomis, raktai taip pat gali b\u016bti pasl\u0117pti lentoje, kurioje yra vieta kiekvienam raktui&nbsp;.&nbsp;Puikiai tinka&nbsp;ma\u017eyli\u0173&nbsp;rank\u0173 ir aki\u0173 koordinacijai bei&nbsp;grafiniam pa\u017einimui. Charakteristikos&nbsp;: &#8211; \u017eaislas nuo&nbsp;18 m\u0117n &#8211; viskas pagaminta i\u0161&nbsp;auk\u0161tos kokyb\u0117s medienos &#8211; nuda\u017eyti&nbsp;netoksi\u0161kais da\u017eais &#8211; \u017eaislas&nbsp;neturi a\u0161tri\u0173 kra\u0161t\u0173&nbsp;, tod\u0117l yra&nbsp;saugus [&hellip;]<\/p>","protected":false},"featured_media":13723,"template":"","meta":{"_acf_changed":false,"iawp_total_views":309},"product_cat":[246,92,87,84,91,102,83,90,86,49,39],"product_tag":[96,97,98],"class_list":{"0":"post-13716","1":"product","2":"type-product","3":"status-publish","4":"has-post-thumbnail","6":"product_cat-classic-world","7":"product_cat-deliones","8":"product_cat-kurybiniai-rinkiniai","9":"product_cat-lavinamieji-zaislai","10":"product_cat-loginiam-mastymui","11":"product_cat-mediniai-zaislai","12":"product_cat-montessori-zaislai","13":"product_cat-pasaulio-pazinimas","14":"product_cat-smulkioji-motorika","15":"product_cat-visi-zaislai","16":"product_cat-zaislai","17":"product_tag-2-m-3-m","18":"product_tag-3-m-4-m","19":"product_tag-5-m-7-m","21":"first","22":"outofstock","23":"taxable","24":"shipping-taxable","25":"purchasable","26":"product-type-simple"},"acf":[],"yoast_head":"<!-- This site is optimized with the Yoast SEO plugin v23.3 - https:\/\/yoast.com\/wordpress\/plugins\/seo\/ -->\n<title>CLASSIC WORLD medinis galvos\u016bkis &quot;raktai&quot; - Montessori \u017eaislai<\/title>\n<meta name=\"robots\" content=\"index, follow, max-snippet:-1, max-image-preview:large, max-video-preview:-1\" \/>\n<link rel=\"canonical\" href=\"https:\/\/monti.lt\/en\/product\/classic-world-medinis-galvosukis-raktai\/\" \/>\n<meta property=\"og:locale\" content=\"en_US\" \/>\n<meta property=\"og:type\" content=\"article\" \/>\n<meta property=\"og:title\" content=\"CLASSIC WORLD medinis galvos\u016bkis &quot;raktai&quot; - Montessori \u017eaislai\" \/>\n<meta property=\"og:description\" content=\"Medin\u0117 spyna su raktais&nbsp;i\u0161 prek\u0117s \u017eenklo&nbsp;CLASSIC WORLD&nbsp;yra sensorin\u0117 d\u0117lion\u0117 ma\u017eyliui.&nbsp;\u017daidimas susideda i\u0161&nbsp;penki\u0173 unikali\u0173 rakt\u0173&nbsp;suderinimo su atitinkamomis spynomis, raktai taip pat gali b\u016bti pasl\u0117pti lentoje, kurioje yra vieta kiekvienam raktui&nbsp;.&nbsp;Puikiai tinka&nbsp;ma\u017eyli\u0173&nbsp;rank\u0173 ir aki\u0173 koordinacijai bei&nbsp;grafiniam pa\u017einimui. Charakteristikos&nbsp;: &#8211; \u017eaislas nuo&nbsp;18 m\u0117n &#8211; viskas pagaminta i\u0161&nbsp;auk\u0161tos kokyb\u0117s medienos &#8211; nuda\u017eyti&nbsp;netoksi\u0161kais da\u017eais &#8211; \u017eaislas&nbsp;neturi a\u0161tri\u0173 kra\u0161t\u0173&nbsp;, tod\u0117l yra&nbsp;saugus [&hellip;]\" \/>\n<meta property=\"og:url\" content=\"https:\/\/monti.lt\/en\/product\/classic-world-medinis-galvosukis-raktai\/\" \/>\n<meta property=\"og:site_name\" content=\"Montessori \u017eaislai\" \/>\n<meta property=\"article:modified_time\" content=\"2025-12-09T13:50:44+00:00\" \/>\n<meta property=\"og:image\" content=\"https:\/\/monti.lt\/wp-content\/uploads\/2023\/01\/classic-world-drewniana-ukladanka-montessori-sensoryczna-klucze-i-zamki-do-dopasowania.jpg\" \/>\n\t<meta property=\"og:image:width\" content=\"800\" \/>\n\t<meta property=\"og:image:height\" content=\"800\" \/>\n\t<meta property=\"og:image:type\" content=\"image\/jpeg\" \/>\n<meta name=\"twitter:card\" content=\"summary_large_image\" \/>\n<meta name=\"twitter:label1\" content=\"Est. reading time\" \/>\n\t<meta name=\"twitter:data1\" content=\"1 minute\" \/>\n<script type=\"application\/ld+json\" class=\"yoast-schema-graph\">{\"@context\":\"https:\/\/schema.org\",\"@graph\":[{\"@type\":\"WebPage\",\"@id\":\"https:\/\/monti.lt\/product\/classic-world-medinis-galvosukis-raktai\/\",\"url\":\"https:\/\/monti.lt\/product\/classic-world-medinis-galvosukis-raktai\/\",\"name\":\"CLASSIC WORLD medinis galvos\u016bkis \\\"raktai\\\" - Montessori \u017eaislai\",\"isPartOf\":{\"@id\":\"https:\/\/monti.lt\/#website\"},\"primaryImageOfPage\":{\"@id\":\"https:\/\/monti.lt\/product\/classic-world-medinis-galvosukis-raktai\/#primaryimage\"},\"image\":{\"@id\":\"https:\/\/monti.lt\/product\/classic-world-medinis-galvosukis-raktai\/#primaryimage\"},\"thumbnailUrl\":\"https:\/\/monti.lt\/wp-content\/uploads\/2023\/01\/classic-world-drewniana-ukladanka-montessori-sensoryczna-klucze-i-zamki-do-dopasowania.jpg\",\"datePublished\":\"2023-01-30T17:58:58+00:00\",\"dateModified\":\"2025-12-09T13:50:44+00:00\",\"breadcrumb\":{\"@id\":\"https:\/\/monti.lt\/product\/classic-world-medinis-galvosukis-raktai\/#breadcrumb\"},\"inLanguage\":\"en-US\",\"potentialAction\":[{\"@type\":\"ReadAction\",\"target\":[\"https:\/\/monti.lt\/product\/classic-world-medinis-galvosukis-raktai\/\"]}]},{\"@type\":\"ImageObject\",\"inLanguage\":\"en-US\",\"@id\":\"https:\/\/monti.lt\/product\/classic-world-medinis-galvosukis-raktai\/#primaryimage\",\"url\":\"https:\/\/monti.lt\/wp-content\/uploads\/2023\/01\/classic-world-drewniana-ukladanka-montessori-sensoryczna-klucze-i-zamki-do-dopasowania.jpg\",\"contentUrl\":\"https:\/\/monti.lt\/wp-content\/uploads\/2023\/01\/classic-world-drewniana-ukladanka-montessori-sensoryczna-klucze-i-zamki-do-dopasowania.jpg\",\"width\":800,\"height\":800,\"caption\":\"montessori zaidimas\"},{\"@type\":\"BreadcrumbList\",\"@id\":\"https:\/\/monti.lt\/product\/classic-world-medinis-galvosukis-raktai\/#breadcrumb\",\"itemListElement\":[{\"@type\":\"ListItem\",\"position\":1,\"name\":\"Home\",\"item\":\"https:\/\/monti.lt\/\"},{\"@type\":\"ListItem\",\"position\":2,\"name\":\"Parduotuv\u0117\",\"item\":\"https:\/\/monti.lt\/shop\/\"},{\"@type\":\"ListItem\",\"position\":3,\"name\":\"CLASSIC WORLD medinis galvos\u016bkis &#8220;raktai&#8221;\"}]},{\"@type\":\"WebSite\",\"@id\":\"https:\/\/monti.lt\/#website\",\"url\":\"https:\/\/monti.lt\/\",\"name\":\"Montessori \u017eaislai\",\"description\":\"\",\"publisher\":{\"@id\":\"https:\/\/monti.lt\/#organization\"},\"potentialAction\":[{\"@type\":\"SearchAction\",\"target\":{\"@type\":\"EntryPoint\",\"urlTemplate\":\"https:\/\/monti.lt\/?s={search_term_string}\"},\"query-input\":\"required name=search_term_string\"}],\"inLanguage\":\"en-US\"},{\"@type\":\"Organization\",\"@id\":\"https:\/\/monti.lt\/#organization\",\"name\":\"Montessori \u017eaislai\",\"url\":\"https:\/\/monti.lt\/\",\"logo\":{\"@type\":\"ImageObject\",\"inLanguage\":\"en-US\",\"@id\":\"https:\/\/monti.lt\/#\/schema\/logo\/image\/\",\"url\":\"https:\/\/monti.lt\/wp-content\/uploads\/2022\/03\/montilogo-1.png\",\"contentUrl\":\"https:\/\/monti.lt\/wp-content\/uploads\/2022\/03\/montilogo-1.png\",\"width\":512,\"height\":512,\"caption\":\"Montessori \u017eaislai\"},\"image\":{\"@id\":\"https:\/\/monti.lt\/#\/schema\/logo\/image\/\"}}]}<\/script>\n<!-- \/ Yoast SEO plugin. -->","yoast_head_json":{"title":"CLASSIC WORLD medinis galvos\u016bkis \"raktai\" - Montessori \u017eaislai","robots":{"index":"index","follow":"follow","max-snippet":"max-snippet:-1","max-image-preview":"max-image-preview:large","max-video-preview":"max-video-preview:-1"},"canonical":"https:\/\/monti.lt\/en\/product\/classic-world-medinis-galvosukis-raktai\/","og_locale":"en_US","og_type":"article","og_title":"CLASSIC WORLD medinis galvos\u016bkis \"raktai\" - Montessori \u017eaislai","og_description":"Medin\u0117 spyna su raktais&nbsp;i\u0161 prek\u0117s \u017eenklo&nbsp;CLASSIC WORLD&nbsp;yra sensorin\u0117 d\u0117lion\u0117 ma\u017eyliui.&nbsp;\u017daidimas susideda i\u0161&nbsp;penki\u0173 unikali\u0173 rakt\u0173&nbsp;suderinimo su atitinkamomis spynomis, raktai taip pat gali b\u016bti pasl\u0117pti lentoje, kurioje yra vieta kiekvienam raktui&nbsp;.&nbsp;Puikiai tinka&nbsp;ma\u017eyli\u0173&nbsp;rank\u0173 ir aki\u0173 koordinacijai bei&nbsp;grafiniam pa\u017einimui. Charakteristikos&nbsp;: &#8211; \u017eaislas nuo&nbsp;18 m\u0117n &#8211; viskas pagaminta i\u0161&nbsp;auk\u0161tos kokyb\u0117s medienos &#8211; nuda\u017eyti&nbsp;netoksi\u0161kais da\u017eais &#8211; \u017eaislas&nbsp;neturi a\u0161tri\u0173 kra\u0161t\u0173&nbsp;, tod\u0117l yra&nbsp;saugus [&hellip;]","og_url":"https:\/\/monti.lt\/en\/product\/classic-world-medinis-galvosukis-raktai\/","og_site_name":"Montessori \u017eaislai","article_modified_time":"2025-12-09T13:50:44+00:00","og_image":[{"width":800,"height":800,"url":"https:\/\/monti.lt\/wp-content\/uploads\/2023\/01\/classic-world-drewniana-ukladanka-montessori-sensoryczna-klucze-i-zamki-do-dopasowania.jpg","type":"image\/jpeg"}],"twitter_card":"summary_large_image","twitter_misc":{"Est. reading time":"1 minute"},"schema":{"@context":"https:\/\/schema.org","@graph":[{"@type":"WebPage","@id":"https:\/\/monti.lt\/product\/classic-world-medinis-galvosukis-raktai\/","url":"https:\/\/monti.lt\/product\/classic-world-medinis-galvosukis-raktai\/","name":"CLASSIC WORLD medinis galvos\u016bkis \"raktai\" - Montessori \u017eaislai","isPartOf":{"@id":"https:\/\/monti.lt\/#website"},"primaryImageOfPage":{"@id":"https:\/\/monti.lt\/product\/classic-world-medinis-galvosukis-raktai\/#primaryimage"},"image":{"@id":"https:\/\/monti.lt\/product\/classic-world-medinis-galvosukis-raktai\/#primaryimage"},"thumbnailUrl":"https:\/\/monti.lt\/wp-content\/uploads\/2023\/01\/classic-world-drewniana-ukladanka-montessori-sensoryczna-klucze-i-zamki-do-dopasowania.jpg","datePublished":"2023-01-30T17:58:58+00:00","dateModified":"2025-12-09T13:50:44+00:00","breadcrumb":{"@id":"https:\/\/monti.lt\/product\/classic-world-medinis-galvosukis-raktai\/#breadcrumb"},"inLanguage":"en-US","potentialAction":[{"@type":"ReadAction","target":["https:\/\/monti.lt\/product\/classic-world-medinis-galvosukis-raktai\/"]}]},{"@type":"ImageObject","inLanguage":"en-US","@id":"https:\/\/monti.lt\/product\/classic-world-medinis-galvosukis-raktai\/#primaryimage","url":"https:\/\/monti.lt\/wp-content\/uploads\/2023\/01\/classic-world-drewniana-ukladanka-montessori-sensoryczna-klucze-i-zamki-do-dopasowania.jpg","contentUrl":"https:\/\/monti.lt\/wp-content\/uploads\/2023\/01\/classic-world-drewniana-ukladanka-montessori-sensoryczna-klucze-i-zamki-do-dopasowania.jpg","width":800,"height":800,"caption":"montessori zaidimas"},{"@type":"BreadcrumbList","@id":"https:\/\/monti.lt\/product\/classic-world-medinis-galvosukis-raktai\/#breadcrumb","itemListElement":[{"@type":"ListItem","position":1,"name":"Home","item":"https:\/\/monti.lt\/"},{"@type":"ListItem","position":2,"name":"Parduotuv\u0117","item":"https:\/\/monti.lt\/shop\/"},{"@type":"ListItem","position":3,"name":"CLASSIC WORLD medinis galvos\u016bkis &#8220;raktai&#8221;"}]},{"@type":"WebSite","@id":"https:\/\/monti.lt\/#website","url":"https:\/\/monti.lt\/","name":"Montessori \u017eaislai","description":"","publisher":{"@id":"https:\/\/monti.lt\/#organization"},"potentialAction":[{"@type":"SearchAction","target":{"@type":"EntryPoint","urlTemplate":"https:\/\/monti.lt\/?s={search_term_string}"},"query-input":"required name=search_term_string"}],"inLanguage":"en-US"},{"@type":"Organization","@id":"https:\/\/monti.lt\/#organization","name":"Montessori \u017eaislai","url":"https:\/\/monti.lt\/","logo":{"@type":"ImageObject","inLanguage":"en-US","@id":"https:\/\/monti.lt\/#\/schema\/logo\/image\/","url":"https:\/\/monti.lt\/wp-content\/uploads\/2022\/03\/montilogo-1.png","contentUrl":"https:\/\/monti.lt\/wp-content\/uploads\/2022\/03\/montilogo-1.png","width":512,"height":512,"caption":"Montessori \u017eaislai"},"image":{"@id":"https:\/\/monti.lt\/#\/schema\/logo\/image\/"}}]}},"_links":{"self":[{"href":"https:\/\/monti.lt\/en\/wp-json\/wp\/v2\/product\/13716"}],"collection":[{"href":"https:\/\/monti.lt\/en\/wp-json\/wp\/v2\/product"}],"about":[{"href":"https:\/\/monti.lt\/en\/wp-json\/wp\/v2\/types\/product"}],"version-history":[{"count":2,"href":"https:\/\/monti.lt\/en\/wp-json\/wp\/v2\/product\/13716\/revisions"}],"predecessor-version":[{"id":13724,"href":"https:\/\/monti.lt\/en\/wp-json\/wp\/v2\/product\/13716\/revisions\/13724"}],"wp:featuredmedia":[{"embeddable":true,"href":"https:\/\/monti.lt\/en\/wp-json\/wp\/v2\/media\/13723"}],"wp:attachment":[{"href":"https:\/\/monti.lt\/en\/wp-json\/wp\/v2\/media?parent=13716"}],"wp:term":[{"taxonomy":"product_cat","embeddable":true,"href":"https:\/\/monti.lt\/en\/wp-json\/wp\/v2\/product_cat?post=13716"},{"taxonomy":"product_tag","embeddable":true,"href":"https:\/\/monti.lt\/en\/wp-json\/wp\/v2\/product_tag?post=13716"}],"curies":[{"name":"wp","href":"https:\/\/api.w.org\/{rel}","templated":true}]}}