{"id":14757,"date":"2023-04-05T07:55:46","date_gmt":"2023-04-05T07:55:46","guid":{"rendered":"https:\/\/monti.lt\/?post_type=product&#038;p=14757"},"modified":"2025-12-03T16:00:57","modified_gmt":"2025-12-03T16:00:57","slug":"apyrankiu-verimo-rinkinys","status":"publish","type":"product","link":"https:\/\/monti.lt\/en\/product\/apyrankiu-verimo-rinkinys\/","title":{"rendered":"Apyranki\u0173 v\u0117rimo rinkinys"},"content":{"rendered":"<h1 class=\"wp-block-heading\">PAPUO\u0160AL\u0172 \/ APMEN\u0116S DARYMO RINKINYS VAIKAMS&nbsp;<\/h1>\n\n\n\n<ul class=\"wp-block-list\"><li><strong>NUSTATYTI&nbsp;<\/strong><strong>PAPUO\u0160ALAI&nbsp;<\/strong>\u2013 \u0161is unikalus rinkinys tikrai patiks kiekvienai papuo\u0161alus m\u0117gstan\u010diai merginai. Rinkinyje daug pasaki\u0161kai spalving\u0173 \u012fvairi\u0173 form\u0173 ir spalv\u0173 pakabuk\u0173. J\u0173 d\u0117ka&nbsp;<strong>vaikas gali tai padaryti pats&nbsp;<\/strong><strong>dekoracijos&nbsp;<\/strong><strong>apyrankes&nbsp;<\/strong><strong>arba karoliai<\/strong>&nbsp;<strong>, kuriuos ji padovanos mylimam \u017emogui arba ne\u0161ios pati.<\/strong><\/li><li><strong>MOKYMASIS IR LINKSMAS<\/strong>&nbsp;&#8211; \u017eaidimas su karoliukais teigiamai veikia vaiko raid\u0105, formuoja jo meninius \u012fg\u016bd\u017eius kartu su vaizduot\u0117s lavinimu, lavinant susikaupim\u0105; lavina rankinius \u012fg\u016bd\u017eius ir skatina k\u016brybi\u0161kum\u0105, o \u017eaid\u017eiant su bendraam\u017eiais moko dirbti komandoje, tobulina socialinius ir integracijos \u012fg\u016bd\u017eius.<\/li><li><strong>\u012epakuota D\u0116\u017dUT\u0116JE&nbsp;<\/strong>\u2013 rinkinys lengvas ir patogus, vadinasi, vaikas gali lengvai pasiimti su savimi \u012f dar\u017eel\u012f, draug\u0105 ar sod\u0105.&nbsp;<strong>Visas rinkinys supakuotas \u012f d\u0117\u017eut\u0119, tod\u0117l u\u017eima ma\u017eai vietos, o jo saugojimas ir ne\u0161iojimas yra be r\u016bpes\u010di\u0173<\/strong>&nbsp;.<\/li><li><strong>DIDELIS RINKINYS &#8211;&nbsp;<\/strong>70 element\u0173 rinkinys leis J\u016bs\u0173 vaikui sukurti pasaki\u0161kai spalvingas \u012fvairi\u0173 form\u0173 ir \u012fvairiausi\u0173 motyv\u0173 apyrankes. \u012e komplekt\u0105&nbsp;<strong>Prisegtos 4 apyrank\u0117s, ant kuri\u0173 dedate karoliukus ir pakabukus<\/strong>&nbsp;.<\/li><li><strong>SPECIFIKACIJA<\/strong>&nbsp;<strong>_<\/strong>&nbsp;&#8211; spalva: \u012fvairiaspalv\u0117; apyrank\u0117s ilgis: 15-20 cm; pakuot\u0117s matmenys 14 x 5 x 12; svoris: 0,2 kg; svoris pakuot\u0117je: 0,25 kg.&nbsp;<\/li><\/ul>\n\n\n\n<p><strong>SPECIFIKACIJA<\/strong>&nbsp;<strong>_<\/strong>&nbsp;:<\/p>\n\n\n\n<ul class=\"wp-block-list\"><li>spalva: daugiaspalvis<\/li><li>apyrank\u0117s ilgis: 15-20 cm<\/li><li>pakuot\u0117s matmenys 14 x 5 x 12 cm<\/li><li>svoris: 0,2 kg<\/li><li>svoris pakuot\u0117je: 0,25 kg<\/li><\/ul>\n\n\n\n<p><strong>\u012eSKAITANT<\/strong><\/p>\n\n\n\n<ul class=\"wp-block-list\"><li>4x apyranke<\/li><li>25 x apvalus pakabukas<\/li><li>20 x plok\u0161\u010dias pakabukas<\/li><li>20 x fig\u016br\u0117l\u0117s pakabukas<\/li><li>1x dovan\u0173 d\u0117\u017eut\u0117<\/li><\/ul>","protected":false},"excerpt":{"rendered":"<p>PAPUO\u0160AL\u0172 \/ APMEN\u0116S DARYMO RINKINYS VAIKAMS&nbsp; NUSTATYTI&nbsp;PAPUO\u0160ALAI&nbsp;\u2013 \u0161is unikalus rinkinys tikrai patiks kiekvienai papuo\u0161alus m\u0117gstan\u010diai merginai. Rinkinyje daug pasaki\u0161kai spalving\u0173 \u012fvairi\u0173 form\u0173 ir spalv\u0173 pakabuk\u0173. J\u0173 d\u0117ka&nbsp;vaikas gali tai padaryti pats&nbsp;dekoracijos&nbsp;apyrankes&nbsp;arba karoliai&nbsp;, kuriuos ji padovanos mylimam \u017emogui arba ne\u0161ios pati. MOKYMASIS IR LINKSMAS&nbsp;&#8211; \u017eaidimas su karoliukais teigiamai veikia vaiko raid\u0105, formuoja jo meninius \u012fg\u016bd\u017eius kartu [&hellip;]<\/p>","protected":false},"featured_media":14758,"template":"","meta":{"_acf_changed":false,"iawp_total_views":1256},"product_cat":[196,192,87,84,86,49,39,214],"product_tag":[101,97,98,99],"class_list":{"0":"post-14757","1":"product","2":"type-product","3":"status-publish","4":"has-post-thumbnail","6":"product_cat-dovanos-mergaitems","7":"product_cat-kaledines-dovanos-vaikams","8":"product_cat-kurybiniai-rinkiniai","9":"product_cat-lavinamieji-zaislai","10":"product_cat-smulkioji-motorika","11":"product_cat-visi-zaislai","12":"product_cat-zaislai","13":"product_cat-zaislai-mergaitems","14":"product_tag-12-m-14-m","15":"product_tag-3-m-4-m","16":"product_tag-5-m-7-m","17":"product_tag-8-m-11-m","19":"first","20":"outofstock","21":"taxable","22":"shipping-taxable","23":"purchasable","24":"product-type-simple"},"acf":[],"yoast_head":"<!-- This site is optimized with the Yoast SEO plugin v23.3 - https:\/\/yoast.com\/wordpress\/plugins\/seo\/ -->\n<title>Apyranki\u0173 v\u0117rimo rinkinys - Montessori \u017eaislai<\/title>\n<meta name=\"robots\" content=\"index, follow, max-snippet:-1, max-image-preview:large, max-video-preview:-1\" \/>\n<link rel=\"canonical\" href=\"https:\/\/monti.lt\/en\/product\/apyrankiu-verimo-rinkinys\/\" \/>\n<meta property=\"og:locale\" content=\"en_US\" \/>\n<meta property=\"og:type\" content=\"article\" \/>\n<meta property=\"og:title\" content=\"Apyranki\u0173 v\u0117rimo rinkinys - Montessori \u017eaislai\" \/>\n<meta property=\"og:description\" content=\"PAPUO\u0160AL\u0172 \/ APMEN\u0116S DARYMO RINKINYS VAIKAMS&nbsp; NUSTATYTI&nbsp;PAPUO\u0160ALAI&nbsp;\u2013 \u0161is unikalus rinkinys tikrai patiks kiekvienai papuo\u0161alus m\u0117gstan\u010diai merginai. Rinkinyje daug pasaki\u0161kai spalving\u0173 \u012fvairi\u0173 form\u0173 ir spalv\u0173 pakabuk\u0173. J\u0173 d\u0117ka&nbsp;vaikas gali tai padaryti pats&nbsp;dekoracijos&nbsp;apyrankes&nbsp;arba karoliai&nbsp;, kuriuos ji padovanos mylimam \u017emogui arba ne\u0161ios pati. MOKYMASIS IR LINKSMAS&nbsp;&#8211; \u017eaidimas su karoliukais teigiamai veikia vaiko raid\u0105, formuoja jo meninius \u012fg\u016bd\u017eius kartu [&hellip;]\" \/>\n<meta property=\"og:url\" content=\"https:\/\/monti.lt\/en\/product\/apyrankiu-verimo-rinkinys\/\" \/>\n<meta property=\"og:site_name\" content=\"Montessori \u017eaislai\" \/>\n<meta property=\"article:modified_time\" content=\"2025-12-03T16:00:57+00:00\" \/>\n<meta property=\"og:image\" content=\"https:\/\/monti.lt\/wp-content\/uploads\/2023\/04\/lit_pl_Kruzzel-apyrankiu-gamybos-rinkinys-20315-16307_1.jpg\" \/>\n\t<meta property=\"og:image:width\" content=\"500\" \/>\n\t<meta property=\"og:image:height\" content=\"500\" \/>\n\t<meta property=\"og:image:type\" content=\"image\/jpeg\" \/>\n<meta name=\"twitter:card\" content=\"summary_large_image\" \/>\n<meta name=\"twitter:label1\" content=\"Est. reading time\" \/>\n\t<meta name=\"twitter:data1\" content=\"1 minute\" \/>\n<script type=\"application\/ld+json\" class=\"yoast-schema-graph\">{\"@context\":\"https:\/\/schema.org\",\"@graph\":[{\"@type\":\"WebPage\",\"@id\":\"https:\/\/monti.lt\/product\/apyrankiu-verimo-rinkinys\/\",\"url\":\"https:\/\/monti.lt\/product\/apyrankiu-verimo-rinkinys\/\",\"name\":\"Apyranki\u0173 v\u0117rimo rinkinys - Montessori \u017eaislai\",\"isPartOf\":{\"@id\":\"https:\/\/monti.lt\/#website\"},\"primaryImageOfPage\":{\"@id\":\"https:\/\/monti.lt\/product\/apyrankiu-verimo-rinkinys\/#primaryimage\"},\"image\":{\"@id\":\"https:\/\/monti.lt\/product\/apyrankiu-verimo-rinkinys\/#primaryimage\"},\"thumbnailUrl\":\"https:\/\/monti.lt\/wp-content\/uploads\/2023\/04\/lit_pl_Kruzzel-apyrankiu-gamybos-rinkinys-20315-16307_1.jpg\",\"datePublished\":\"2023-04-05T07:55:46+00:00\",\"dateModified\":\"2025-12-03T16:00:57+00:00\",\"breadcrumb\":{\"@id\":\"https:\/\/monti.lt\/product\/apyrankiu-verimo-rinkinys\/#breadcrumb\"},\"inLanguage\":\"en-US\",\"potentialAction\":[{\"@type\":\"ReadAction\",\"target\":[\"https:\/\/monti.lt\/product\/apyrankiu-verimo-rinkinys\/\"]}]},{\"@type\":\"ImageObject\",\"inLanguage\":\"en-US\",\"@id\":\"https:\/\/monti.lt\/product\/apyrankiu-verimo-rinkinys\/#primaryimage\",\"url\":\"https:\/\/monti.lt\/wp-content\/uploads\/2023\/04\/lit_pl_Kruzzel-apyrankiu-gamybos-rinkinys-20315-16307_1.jpg\",\"contentUrl\":\"https:\/\/monti.lt\/wp-content\/uploads\/2023\/04\/lit_pl_Kruzzel-apyrankiu-gamybos-rinkinys-20315-16307_1.jpg\",\"width\":500,\"height\":500},{\"@type\":\"BreadcrumbList\",\"@id\":\"https:\/\/monti.lt\/product\/apyrankiu-verimo-rinkinys\/#breadcrumb\",\"itemListElement\":[{\"@type\":\"ListItem\",\"position\":1,\"name\":\"Home\",\"item\":\"https:\/\/monti.lt\/\"},{\"@type\":\"ListItem\",\"position\":2,\"name\":\"Parduotuv\u0117\",\"item\":\"https:\/\/monti.lt\/shop\/\"},{\"@type\":\"ListItem\",\"position\":3,\"name\":\"Apyranki\u0173 v\u0117rimo rinkinys\"}]},{\"@type\":\"WebSite\",\"@id\":\"https:\/\/monti.lt\/#website\",\"url\":\"https:\/\/monti.lt\/\",\"name\":\"Montessori \u017eaislai\",\"description\":\"\",\"publisher\":{\"@id\":\"https:\/\/monti.lt\/#organization\"},\"potentialAction\":[{\"@type\":\"SearchAction\",\"target\":{\"@type\":\"EntryPoint\",\"urlTemplate\":\"https:\/\/monti.lt\/?s={search_term_string}\"},\"query-input\":\"required name=search_term_string\"}],\"inLanguage\":\"en-US\"},{\"@type\":\"Organization\",\"@id\":\"https:\/\/monti.lt\/#organization\",\"name\":\"Montessori \u017eaislai\",\"url\":\"https:\/\/monti.lt\/\",\"logo\":{\"@type\":\"ImageObject\",\"inLanguage\":\"en-US\",\"@id\":\"https:\/\/monti.lt\/#\/schema\/logo\/image\/\",\"url\":\"https:\/\/monti.lt\/wp-content\/uploads\/2022\/03\/montilogo-1.png\",\"contentUrl\":\"https:\/\/monti.lt\/wp-content\/uploads\/2022\/03\/montilogo-1.png\",\"width\":512,\"height\":512,\"caption\":\"Montessori \u017eaislai\"},\"image\":{\"@id\":\"https:\/\/monti.lt\/#\/schema\/logo\/image\/\"}}]}<\/script>\n<!-- \/ Yoast SEO plugin. -->","yoast_head_json":{"title":"Apyranki\u0173 v\u0117rimo rinkinys - Montessori \u017eaislai","robots":{"index":"index","follow":"follow","max-snippet":"max-snippet:-1","max-image-preview":"max-image-preview:large","max-video-preview":"max-video-preview:-1"},"canonical":"https:\/\/monti.lt\/en\/product\/apyrankiu-verimo-rinkinys\/","og_locale":"en_US","og_type":"article","og_title":"Apyranki\u0173 v\u0117rimo rinkinys - Montessori \u017eaislai","og_description":"PAPUO\u0160AL\u0172 \/ APMEN\u0116S DARYMO RINKINYS VAIKAMS&nbsp; NUSTATYTI&nbsp;PAPUO\u0160ALAI&nbsp;\u2013 \u0161is unikalus rinkinys tikrai patiks kiekvienai papuo\u0161alus m\u0117gstan\u010diai merginai. Rinkinyje daug pasaki\u0161kai spalving\u0173 \u012fvairi\u0173 form\u0173 ir spalv\u0173 pakabuk\u0173. J\u0173 d\u0117ka&nbsp;vaikas gali tai padaryti pats&nbsp;dekoracijos&nbsp;apyrankes&nbsp;arba karoliai&nbsp;, kuriuos ji padovanos mylimam \u017emogui arba ne\u0161ios pati. MOKYMASIS IR LINKSMAS&nbsp;&#8211; \u017eaidimas su karoliukais teigiamai veikia vaiko raid\u0105, formuoja jo meninius \u012fg\u016bd\u017eius kartu [&hellip;]","og_url":"https:\/\/monti.lt\/en\/product\/apyrankiu-verimo-rinkinys\/","og_site_name":"Montessori \u017eaislai","article_modified_time":"2025-12-03T16:00:57+00:00","og_image":[{"width":500,"height":500,"url":"https:\/\/monti.lt\/wp-content\/uploads\/2023\/04\/lit_pl_Kruzzel-apyrankiu-gamybos-rinkinys-20315-16307_1.jpg","type":"image\/jpeg"}],"twitter_card":"summary_large_image","twitter_misc":{"Est. reading time":"1 minute"},"schema":{"@context":"https:\/\/schema.org","@graph":[{"@type":"WebPage","@id":"https:\/\/monti.lt\/product\/apyrankiu-verimo-rinkinys\/","url":"https:\/\/monti.lt\/product\/apyrankiu-verimo-rinkinys\/","name":"Apyranki\u0173 v\u0117rimo rinkinys - Montessori \u017eaislai","isPartOf":{"@id":"https:\/\/monti.lt\/#website"},"primaryImageOfPage":{"@id":"https:\/\/monti.lt\/product\/apyrankiu-verimo-rinkinys\/#primaryimage"},"image":{"@id":"https:\/\/monti.lt\/product\/apyrankiu-verimo-rinkinys\/#primaryimage"},"thumbnailUrl":"https:\/\/monti.lt\/wp-content\/uploads\/2023\/04\/lit_pl_Kruzzel-apyrankiu-gamybos-rinkinys-20315-16307_1.jpg","datePublished":"2023-04-05T07:55:46+00:00","dateModified":"2025-12-03T16:00:57+00:00","breadcrumb":{"@id":"https:\/\/monti.lt\/product\/apyrankiu-verimo-rinkinys\/#breadcrumb"},"inLanguage":"en-US","potentialAction":[{"@type":"ReadAction","target":["https:\/\/monti.lt\/product\/apyrankiu-verimo-rinkinys\/"]}]},{"@type":"ImageObject","inLanguage":"en-US","@id":"https:\/\/monti.lt\/product\/apyrankiu-verimo-rinkinys\/#primaryimage","url":"https:\/\/monti.lt\/wp-content\/uploads\/2023\/04\/lit_pl_Kruzzel-apyrankiu-gamybos-rinkinys-20315-16307_1.jpg","contentUrl":"https:\/\/monti.lt\/wp-content\/uploads\/2023\/04\/lit_pl_Kruzzel-apyrankiu-gamybos-rinkinys-20315-16307_1.jpg","width":500,"height":500},{"@type":"BreadcrumbList","@id":"https:\/\/monti.lt\/product\/apyrankiu-verimo-rinkinys\/#breadcrumb","itemListElement":[{"@type":"ListItem","position":1,"name":"Home","item":"https:\/\/monti.lt\/"},{"@type":"ListItem","position":2,"name":"Parduotuv\u0117","item":"https:\/\/monti.lt\/shop\/"},{"@type":"ListItem","position":3,"name":"Apyranki\u0173 v\u0117rimo rinkinys"}]},{"@type":"WebSite","@id":"https:\/\/monti.lt\/#website","url":"https:\/\/monti.lt\/","name":"Montessori \u017eaislai","description":"","publisher":{"@id":"https:\/\/monti.lt\/#organization"},"potentialAction":[{"@type":"SearchAction","target":{"@type":"EntryPoint","urlTemplate":"https:\/\/monti.lt\/?s={search_term_string}"},"query-input":"required name=search_term_string"}],"inLanguage":"en-US"},{"@type":"Organization","@id":"https:\/\/monti.lt\/#organization","name":"Montessori \u017eaislai","url":"https:\/\/monti.lt\/","logo":{"@type":"ImageObject","inLanguage":"en-US","@id":"https:\/\/monti.lt\/#\/schema\/logo\/image\/","url":"https:\/\/monti.lt\/wp-content\/uploads\/2022\/03\/montilogo-1.png","contentUrl":"https:\/\/monti.lt\/wp-content\/uploads\/2022\/03\/montilogo-1.png","width":512,"height":512,"caption":"Montessori \u017eaislai"},"image":{"@id":"https:\/\/monti.lt\/#\/schema\/logo\/image\/"}}]}},"_links":{"self":[{"href":"https:\/\/monti.lt\/en\/wp-json\/wp\/v2\/product\/14757"}],"collection":[{"href":"https:\/\/monti.lt\/en\/wp-json\/wp\/v2\/product"}],"about":[{"href":"https:\/\/monti.lt\/en\/wp-json\/wp\/v2\/types\/product"}],"version-history":[{"count":1,"href":"https:\/\/monti.lt\/en\/wp-json\/wp\/v2\/product\/14757\/revisions"}],"predecessor-version":[{"id":14767,"href":"https:\/\/monti.lt\/en\/wp-json\/wp\/v2\/product\/14757\/revisions\/14767"}],"wp:featuredmedia":[{"embeddable":true,"href":"https:\/\/monti.lt\/en\/wp-json\/wp\/v2\/media\/14758"}],"wp:attachment":[{"href":"https:\/\/monti.lt\/en\/wp-json\/wp\/v2\/media?parent=14757"}],"wp:term":[{"taxonomy":"product_cat","embeddable":true,"href":"https:\/\/monti.lt\/en\/wp-json\/wp\/v2\/product_cat?post=14757"},{"taxonomy":"product_tag","embeddable":true,"href":"https:\/\/monti.lt\/en\/wp-json\/wp\/v2\/product_tag?post=14757"}],"curies":[{"name":"wp","href":"https:\/\/api.w.org\/{rel}","templated":true}]}}