{"id":14965,"date":"2023-04-17T11:11:53","date_gmt":"2023-04-17T11:11:53","guid":{"rendered":"https:\/\/monti.lt\/?post_type=product&#038;p=14965"},"modified":"2025-12-07T13:00:54","modified_gmt":"2025-12-07T13:00:54","slug":"barskuciai-apyrankes","status":"publish","type":"product","link":"https:\/\/monti.lt\/en\/product\/barskuciai-apyrankes\/","title":{"rendered":"Bar\u0161ku\u010diai-apyrank\u0117s"},"content":{"rendered":"<p>Apyrank\u0117s per bar\u0161k\u0117jimo gars\u0105 suintriguoja ma\u017eyl\u012f, skatina judinti rankas ir moko \u201eprie\u017easties ir pasekm\u0117s\u201c principo.<\/p>\n\n\n\n<p>Rinkinyje rasite dvi apyrankes, segamas ant mazylio ranku.<\/p>\n\n\n\n<p>Med\u017eiaga: poliesteris<\/p>\n\n\n\n<p>Saugus gaminys, CE sertifikatas.<\/p>\n\n\n\n<p>Matmenys:<\/p>\n\n\n\n<p>Juostos ilgis: 15 cm<br>Plotis: 3,5 cm<br>Pakuot\u0117s matmenys: 9,5 cm x 9,5 cm x 2,5 cm<br>Supakuota \u012f folijos pakuot\u0119.<\/p>","protected":false},"excerpt":{"rendered":"<p>Apyrank\u0117s per bar\u0161k\u0117jimo gars\u0105 suintriguoja ma\u017eyl\u012f, skatina judinti rankas ir moko \u201eprie\u017easties ir pasekm\u0117s\u201c principo. Rinkinyje rasite dvi apyrankes, segamas ant mazylio ranku. Med\u017eiaga: poliesteris Saugus gaminys, CE sertifikatas. Matmenys: Juostos ilgis: 15 cmPlotis: 3,5 cmPakuot\u0117s matmenys: 9,5 cm x 9,5 cm x 2,5 cmSupakuota \u012f folijos pakuot\u0119.<\/p>","protected":false},"featured_media":14966,"template":"","meta":{"_acf_changed":false,"iawp_total_views":834},"product_cat":[84,91,90,49,39],"product_tag":[94],"class_list":{"0":"post-14965","1":"product","2":"type-product","3":"status-publish","4":"has-post-thumbnail","6":"product_cat-lavinamieji-zaislai","7":"product_cat-loginiam-mastymui","8":"product_cat-pasaulio-pazinimas","9":"product_cat-visi-zaislai","10":"product_cat-zaislai","11":"product_tag-iki-1-m","13":"first","14":"outofstock","15":"taxable","16":"shipping-taxable","17":"purchasable","18":"product-type-simple"},"acf":[],"yoast_head":"<!-- This site is optimized with the Yoast SEO plugin v23.3 - https:\/\/yoast.com\/wordpress\/plugins\/seo\/ -->\n<title>Bar\u0161ku\u010diai-apyrank\u0117s - Montessori \u017eaislai<\/title>\n<meta name=\"robots\" content=\"index, follow, max-snippet:-1, max-image-preview:large, max-video-preview:-1\" \/>\n<link rel=\"canonical\" href=\"https:\/\/monti.lt\/en\/product\/barskuciai-apyrankes\/\" \/>\n<meta property=\"og:locale\" content=\"en_US\" \/>\n<meta property=\"og:type\" content=\"article\" \/>\n<meta property=\"og:title\" content=\"Bar\u0161ku\u010diai-apyrank\u0117s - Montessori \u017eaislai\" \/>\n<meta property=\"og:description\" content=\"Apyrank\u0117s per bar\u0161k\u0117jimo gars\u0105 suintriguoja ma\u017eyl\u012f, skatina judinti rankas ir moko \u201eprie\u017easties ir pasekm\u0117s\u201c principo. Rinkinyje rasite dvi apyrankes, segamas ant mazylio ranku. Med\u017eiaga: poliesteris Saugus gaminys, CE sertifikatas. Matmenys: Juostos ilgis: 15 cmPlotis: 3,5 cmPakuot\u0117s matmenys: 9,5 cm x 9,5 cm x 2,5 cmSupakuota \u012f folijos pakuot\u0119.\" \/>\n<meta property=\"og:url\" content=\"https:\/\/monti.lt\/en\/product\/barskuciai-apyrankes\/\" \/>\n<meta property=\"og:site_name\" content=\"Montessori \u017eaislai\" \/>\n<meta property=\"article:modified_time\" content=\"2025-12-07T13:00:54+00:00\" \/>\n<meta property=\"og:image\" content=\"https:\/\/monti.lt\/wp-content\/uploads\/2023\/04\/KX9344_173756.jpg\" \/>\n\t<meta property=\"og:image:width\" content=\"680\" \/>\n\t<meta property=\"og:image:height\" content=\"680\" \/>\n\t<meta property=\"og:image:type\" content=\"image\/jpeg\" \/>\n<meta name=\"twitter:card\" content=\"summary_large_image\" \/>\n<script type=\"application\/ld+json\" class=\"yoast-schema-graph\">{\"@context\":\"https:\/\/schema.org\",\"@graph\":[{\"@type\":\"WebPage\",\"@id\":\"https:\/\/monti.lt\/product\/barskuciai-apyrankes\/\",\"url\":\"https:\/\/monti.lt\/product\/barskuciai-apyrankes\/\",\"name\":\"Bar\u0161ku\u010diai-apyrank\u0117s - Montessori \u017eaislai\",\"isPartOf\":{\"@id\":\"https:\/\/monti.lt\/#website\"},\"primaryImageOfPage\":{\"@id\":\"https:\/\/monti.lt\/product\/barskuciai-apyrankes\/#primaryimage\"},\"image\":{\"@id\":\"https:\/\/monti.lt\/product\/barskuciai-apyrankes\/#primaryimage\"},\"thumbnailUrl\":\"https:\/\/monti.lt\/wp-content\/uploads\/2023\/04\/KX9344_173756.jpg\",\"datePublished\":\"2023-04-17T11:11:53+00:00\",\"dateModified\":\"2025-12-07T13:00:54+00:00\",\"breadcrumb\":{\"@id\":\"https:\/\/monti.lt\/product\/barskuciai-apyrankes\/#breadcrumb\"},\"inLanguage\":\"en-US\",\"potentialAction\":[{\"@type\":\"ReadAction\",\"target\":[\"https:\/\/monti.lt\/product\/barskuciai-apyrankes\/\"]}]},{\"@type\":\"ImageObject\",\"inLanguage\":\"en-US\",\"@id\":\"https:\/\/monti.lt\/product\/barskuciai-apyrankes\/#primaryimage\",\"url\":\"https:\/\/monti.lt\/wp-content\/uploads\/2023\/04\/KX9344_173756.jpg\",\"contentUrl\":\"https:\/\/monti.lt\/wp-content\/uploads\/2023\/04\/KX9344_173756.jpg\",\"width\":680,\"height\":680,\"caption\":\"barskutis apyranke\"},{\"@type\":\"BreadcrumbList\",\"@id\":\"https:\/\/monti.lt\/product\/barskuciai-apyrankes\/#breadcrumb\",\"itemListElement\":[{\"@type\":\"ListItem\",\"position\":1,\"name\":\"Home\",\"item\":\"https:\/\/monti.lt\/\"},{\"@type\":\"ListItem\",\"position\":2,\"name\":\"Parduotuv\u0117\",\"item\":\"https:\/\/monti.lt\/shop\/\"},{\"@type\":\"ListItem\",\"position\":3,\"name\":\"Bar\u0161ku\u010diai-apyrank\u0117s\"}]},{\"@type\":\"WebSite\",\"@id\":\"https:\/\/monti.lt\/#website\",\"url\":\"https:\/\/monti.lt\/\",\"name\":\"Montessori \u017eaislai\",\"description\":\"\",\"publisher\":{\"@id\":\"https:\/\/monti.lt\/#organization\"},\"potentialAction\":[{\"@type\":\"SearchAction\",\"target\":{\"@type\":\"EntryPoint\",\"urlTemplate\":\"https:\/\/monti.lt\/?s={search_term_string}\"},\"query-input\":\"required name=search_term_string\"}],\"inLanguage\":\"en-US\"},{\"@type\":\"Organization\",\"@id\":\"https:\/\/monti.lt\/#organization\",\"name\":\"Montessori \u017eaislai\",\"url\":\"https:\/\/monti.lt\/\",\"logo\":{\"@type\":\"ImageObject\",\"inLanguage\":\"en-US\",\"@id\":\"https:\/\/monti.lt\/#\/schema\/logo\/image\/\",\"url\":\"https:\/\/monti.lt\/wp-content\/uploads\/2022\/03\/montilogo-1.png\",\"contentUrl\":\"https:\/\/monti.lt\/wp-content\/uploads\/2022\/03\/montilogo-1.png\",\"width\":512,\"height\":512,\"caption\":\"Montessori \u017eaislai\"},\"image\":{\"@id\":\"https:\/\/monti.lt\/#\/schema\/logo\/image\/\"}}]}<\/script>\n<!-- \/ Yoast SEO plugin. -->","yoast_head_json":{"title":"Bar\u0161ku\u010diai-apyrank\u0117s - Montessori \u017eaislai","robots":{"index":"index","follow":"follow","max-snippet":"max-snippet:-1","max-image-preview":"max-image-preview:large","max-video-preview":"max-video-preview:-1"},"canonical":"https:\/\/monti.lt\/en\/product\/barskuciai-apyrankes\/","og_locale":"en_US","og_type":"article","og_title":"Bar\u0161ku\u010diai-apyrank\u0117s - Montessori \u017eaislai","og_description":"Apyrank\u0117s per bar\u0161k\u0117jimo gars\u0105 suintriguoja ma\u017eyl\u012f, skatina judinti rankas ir moko \u201eprie\u017easties ir pasekm\u0117s\u201c principo. Rinkinyje rasite dvi apyrankes, segamas ant mazylio ranku. Med\u017eiaga: poliesteris Saugus gaminys, CE sertifikatas. Matmenys: Juostos ilgis: 15 cmPlotis: 3,5 cmPakuot\u0117s matmenys: 9,5 cm x 9,5 cm x 2,5 cmSupakuota \u012f folijos pakuot\u0119.","og_url":"https:\/\/monti.lt\/en\/product\/barskuciai-apyrankes\/","og_site_name":"Montessori \u017eaislai","article_modified_time":"2025-12-07T13:00:54+00:00","og_image":[{"width":680,"height":680,"url":"https:\/\/monti.lt\/wp-content\/uploads\/2023\/04\/KX9344_173756.jpg","type":"image\/jpeg"}],"twitter_card":"summary_large_image","schema":{"@context":"https:\/\/schema.org","@graph":[{"@type":"WebPage","@id":"https:\/\/monti.lt\/product\/barskuciai-apyrankes\/","url":"https:\/\/monti.lt\/product\/barskuciai-apyrankes\/","name":"Bar\u0161ku\u010diai-apyrank\u0117s - Montessori \u017eaislai","isPartOf":{"@id":"https:\/\/monti.lt\/#website"},"primaryImageOfPage":{"@id":"https:\/\/monti.lt\/product\/barskuciai-apyrankes\/#primaryimage"},"image":{"@id":"https:\/\/monti.lt\/product\/barskuciai-apyrankes\/#primaryimage"},"thumbnailUrl":"https:\/\/monti.lt\/wp-content\/uploads\/2023\/04\/KX9344_173756.jpg","datePublished":"2023-04-17T11:11:53+00:00","dateModified":"2025-12-07T13:00:54+00:00","breadcrumb":{"@id":"https:\/\/monti.lt\/product\/barskuciai-apyrankes\/#breadcrumb"},"inLanguage":"en-US","potentialAction":[{"@type":"ReadAction","target":["https:\/\/monti.lt\/product\/barskuciai-apyrankes\/"]}]},{"@type":"ImageObject","inLanguage":"en-US","@id":"https:\/\/monti.lt\/product\/barskuciai-apyrankes\/#primaryimage","url":"https:\/\/monti.lt\/wp-content\/uploads\/2023\/04\/KX9344_173756.jpg","contentUrl":"https:\/\/monti.lt\/wp-content\/uploads\/2023\/04\/KX9344_173756.jpg","width":680,"height":680,"caption":"barskutis apyranke"},{"@type":"BreadcrumbList","@id":"https:\/\/monti.lt\/product\/barskuciai-apyrankes\/#breadcrumb","itemListElement":[{"@type":"ListItem","position":1,"name":"Home","item":"https:\/\/monti.lt\/"},{"@type":"ListItem","position":2,"name":"Parduotuv\u0117","item":"https:\/\/monti.lt\/shop\/"},{"@type":"ListItem","position":3,"name":"Bar\u0161ku\u010diai-apyrank\u0117s"}]},{"@type":"WebSite","@id":"https:\/\/monti.lt\/#website","url":"https:\/\/monti.lt\/","name":"Montessori \u017eaislai","description":"","publisher":{"@id":"https:\/\/monti.lt\/#organization"},"potentialAction":[{"@type":"SearchAction","target":{"@type":"EntryPoint","urlTemplate":"https:\/\/monti.lt\/?s={search_term_string}"},"query-input":"required name=search_term_string"}],"inLanguage":"en-US"},{"@type":"Organization","@id":"https:\/\/monti.lt\/#organization","name":"Montessori \u017eaislai","url":"https:\/\/monti.lt\/","logo":{"@type":"ImageObject","inLanguage":"en-US","@id":"https:\/\/monti.lt\/#\/schema\/logo\/image\/","url":"https:\/\/monti.lt\/wp-content\/uploads\/2022\/03\/montilogo-1.png","contentUrl":"https:\/\/monti.lt\/wp-content\/uploads\/2022\/03\/montilogo-1.png","width":512,"height":512,"caption":"Montessori \u017eaislai"},"image":{"@id":"https:\/\/monti.lt\/#\/schema\/logo\/image\/"}}]}},"_links":{"self":[{"href":"https:\/\/monti.lt\/en\/wp-json\/wp\/v2\/product\/14965"}],"collection":[{"href":"https:\/\/monti.lt\/en\/wp-json\/wp\/v2\/product"}],"about":[{"href":"https:\/\/monti.lt\/en\/wp-json\/wp\/v2\/types\/product"}],"version-history":[{"count":1,"href":"https:\/\/monti.lt\/en\/wp-json\/wp\/v2\/product\/14965\/revisions"}],"predecessor-version":[{"id":14968,"href":"https:\/\/monti.lt\/en\/wp-json\/wp\/v2\/product\/14965\/revisions\/14968"}],"wp:featuredmedia":[{"embeddable":true,"href":"https:\/\/monti.lt\/en\/wp-json\/wp\/v2\/media\/14966"}],"wp:attachment":[{"href":"https:\/\/monti.lt\/en\/wp-json\/wp\/v2\/media?parent=14965"}],"wp:term":[{"taxonomy":"product_cat","embeddable":true,"href":"https:\/\/monti.lt\/en\/wp-json\/wp\/v2\/product_cat?post=14965"},{"taxonomy":"product_tag","embeddable":true,"href":"https:\/\/monti.lt\/en\/wp-json\/wp\/v2\/product_tag?post=14965"}],"curies":[{"name":"wp","href":"https:\/\/api.w.org\/{rel}","templated":true}]}}