{"id":16998,"date":"2023-08-31T12:26:14","date_gmt":"2023-08-31T12:26:14","guid":{"rendered":"https:\/\/monti.lt\/?post_type=product&#038;p=16998"},"modified":"2025-10-07T08:30:05","modified_gmt":"2025-10-07T08:30:05","slug":"woopie-kaleidoskopas","status":"publish","type":"product","link":"https:\/\/monti.lt\/en\/product\/woopie-kaleidoskopas\/","title":{"rendered":"Woopie kaleidoskopas"},"content":{"rendered":"<p><strong>Kaleidoskopas<\/strong>&nbsp;i\u0161&nbsp;<strong>WOOPIE<\/strong>&nbsp;prek\u0117s \u017eenklo i\u0161&nbsp;<strong>GREEN<\/strong>&nbsp;serijos nukels j\u016bs\u0173 vaik\u0105 \u012f kit\u0105 pasaul\u012f!&nbsp;Vaikui pakanka pa\u017evelgti \u012f objektyv\u0105 ir vaizdas parodys vaikui&nbsp;<strong>pasaul\u012f i\u0161 kitos perspektyvos<\/strong>&nbsp;.&nbsp;Viskas, kas atsitinka jo aplinkoje, \u012fgis visi\u0161kai&nbsp;<strong>nauj\u0105 i\u0161vaizd\u0105<\/strong>&nbsp;.&nbsp;Sukdamas kaleidoskop\u0105 vaikas mato besikei\u010dian\u010dias&nbsp;<strong>spalvingas&nbsp;<\/strong><strong>simetri\u0161kas&nbsp;<\/strong><strong>fig\u016bras<\/strong>&nbsp;ir&nbsp;<strong>vaizdus<\/strong>&nbsp;.&nbsp;Tai lavina vaizduot\u0119!&nbsp;Kaleidoskopas yra&nbsp;<strong>3 fantasti\u0161k\u0173 ra\u0161t\u0173<\/strong>&nbsp;, kurie patrauks vaiko d\u0117mes\u012f (atsitiktinis pasirinkimas).&nbsp;Papildomas taikymo srities privalumas yra tai, kad jis yra labai&nbsp;<strong>patogus<\/strong>&nbsp;.&nbsp;\u017daidimas su kaleidoskopu puikiai&nbsp;<strong>lavina vaizduot\u0119<\/strong>&nbsp;,<strong>jis lavina&nbsp;<\/strong><strong>juslin\u012f pa\u017einim\u0105<\/strong>&nbsp;ir&nbsp;<strong>skatina protin\u0119 veikl\u0105<\/strong>&nbsp;.<\/p>\n\n\n\n<p><strong>Charakteristika:<\/strong><\/p>\n\n\n\n<ul class=\"wp-block-list\">\n<li>&#8211; \u017eaislas&nbsp;<strong>nuo 3 met\u0173 am\u017eiaus<\/strong><\/li>\n\n\n\n<li><strong>&#8211; 3<\/strong>&nbsp;spalv\u0173 versijos (atsitiktinis pasirinkimas)<\/li>\n\n\n\n<li>&#8211;&nbsp;<strong>sukant<\/strong>&nbsp;matosi besikei\u010dian\u010dios spalvingos&nbsp;<strong>simetri\u0161kos&nbsp;<\/strong><strong>fig\u016bros<\/strong>&nbsp;ir&nbsp;<strong>vaizdai<\/strong><\/li>\n\n\n\n<li><strong>&#8211; patogus<\/strong>&nbsp;vaikui<\/li>\n\n\n\n<li><strong>\u2013 A\u0161 rodau pasaul\u012f i\u0161 kitos perspektyvos!<\/strong><\/li>\n<\/ul>\n\n\n\n<p><strong>\u017daislas vysto:<\/strong><\/p>\n\n\n\n<ul class=\"wp-block-list\">\n<li>&#8211; vaizduot\u0117s<\/li>\n\n\n\n<li>&#8211; poj\u016b\u010di\u0173 tyrin\u0117jimas<\/li>\n\n\n\n<li>&#8211; skatina protin\u0119 veikl\u0105<\/li>\n<\/ul>\n\n\n\n<p><strong>Kaina nurodyta u\u017e 1 vnt &#8211; 3 spalv\u0173 variantai (atsitiktinis pasirinkimas)<\/strong><\/p>","protected":false},"excerpt":{"rendered":"<p>Kaleidoskopas&nbsp;i\u0161&nbsp;WOOPIE&nbsp;prek\u0117s \u017eenklo i\u0161&nbsp;GREEN&nbsp;serijos nukels j\u016bs\u0173 vaik\u0105 \u012f kit\u0105 pasaul\u012f!&nbsp;Vaikui pakanka pa\u017evelgti \u012f objektyv\u0105 ir vaizdas parodys vaikui&nbsp;pasaul\u012f i\u0161 kitos perspektyvos&nbsp;.&nbsp;Viskas, kas atsitinka jo aplinkoje, \u012fgis visi\u0161kai&nbsp;nauj\u0105 i\u0161vaizd\u0105&nbsp;.&nbsp;Sukdamas kaleidoskop\u0105 vaikas mato besikei\u010dian\u010dias&nbsp;spalvingas&nbsp;simetri\u0161kas&nbsp;fig\u016bras&nbsp;ir&nbsp;vaizdus&nbsp;.&nbsp;Tai lavina vaizduot\u0119!&nbsp;Kaleidoskopas yra&nbsp;3 fantasti\u0161k\u0173 ra\u0161t\u0173&nbsp;, kurie patrauks vaiko d\u0117mes\u012f (atsitiktinis pasirinkimas).&nbsp;Papildomas taikymo srities privalumas yra tai, kad jis yra labai&nbsp;patogus&nbsp;.&nbsp;\u017daidimas su kaleidoskopu puikiai&nbsp;lavina vaizduot\u0119&nbsp;,jis [&hellip;]<\/p>","protected":false},"featured_media":16999,"template":"","meta":{"_acf_changed":false,"iawp_total_views":313},"product_cat":[218,84,90,49,39],"product_tag":[95,96,97,98],"class_list":{"0":"post-16998","1":"product","2":"type-product","3":"status-publish","4":"has-post-thumbnail","6":"product_cat-darzeliu-grupems","7":"product_cat-lavinamieji-zaislai","8":"product_cat-pasaulio-pazinimas","9":"product_cat-visi-zaislai","10":"product_cat-zaislai","11":"product_tag-1-m-2-m","12":"product_tag-2-m-3-m","13":"product_tag-3-m-4-m","14":"product_tag-5-m-7-m","16":"first","17":"outofstock","18":"taxable","19":"shipping-taxable","20":"purchasable","21":"product-type-simple"},"acf":[],"yoast_head":"<!-- This site is optimized with the Yoast SEO plugin v23.3 - https:\/\/yoast.com\/wordpress\/plugins\/seo\/ -->\n<title>Woopie kaleidoskopas - Montessori \u017eaislai<\/title>\n<meta name=\"robots\" content=\"index, follow, max-snippet:-1, max-image-preview:large, max-video-preview:-1\" \/>\n<link rel=\"canonical\" href=\"https:\/\/monti.lt\/en\/product\/woopie-kaleidoskopas\/\" \/>\n<meta property=\"og:locale\" content=\"en_US\" \/>\n<meta property=\"og:type\" content=\"article\" \/>\n<meta property=\"og:title\" content=\"Woopie kaleidoskopas - Montessori \u017eaislai\" \/>\n<meta property=\"og:description\" content=\"Kaleidoskopas&nbsp;i\u0161&nbsp;WOOPIE&nbsp;prek\u0117s \u017eenklo i\u0161&nbsp;GREEN&nbsp;serijos nukels j\u016bs\u0173 vaik\u0105 \u012f kit\u0105 pasaul\u012f!&nbsp;Vaikui pakanka pa\u017evelgti \u012f objektyv\u0105 ir vaizdas parodys vaikui&nbsp;pasaul\u012f i\u0161 kitos perspektyvos&nbsp;.&nbsp;Viskas, kas atsitinka jo aplinkoje, \u012fgis visi\u0161kai&nbsp;nauj\u0105 i\u0161vaizd\u0105&nbsp;.&nbsp;Sukdamas kaleidoskop\u0105 vaikas mato besikei\u010dian\u010dias&nbsp;spalvingas&nbsp;simetri\u0161kas&nbsp;fig\u016bras&nbsp;ir&nbsp;vaizdus&nbsp;.&nbsp;Tai lavina vaizduot\u0119!&nbsp;Kaleidoskopas yra&nbsp;3 fantasti\u0161k\u0173 ra\u0161t\u0173&nbsp;, kurie patrauks vaiko d\u0117mes\u012f (atsitiktinis pasirinkimas).&nbsp;Papildomas taikymo srities privalumas yra tai, kad jis yra labai&nbsp;patogus&nbsp;.&nbsp;\u017daidimas su kaleidoskopu puikiai&nbsp;lavina vaizduot\u0119&nbsp;,jis [&hellip;]\" \/>\n<meta property=\"og:url\" content=\"https:\/\/monti.lt\/en\/product\/woopie-kaleidoskopas\/\" \/>\n<meta property=\"og:site_name\" content=\"Montessori \u017eaislai\" \/>\n<meta property=\"article:modified_time\" content=\"2025-10-07T08:30:05+00:00\" \/>\n<meta property=\"og:image\" content=\"https:\/\/monti.lt\/wp-content\/uploads\/2023\/08\/woopie-green-kalejdoskop-luneta-kolorowa-dla-dzieci-postacie-z-bajek-zwierzatka-1-szt-2.jpg\" \/>\n\t<meta property=\"og:image:width\" content=\"800\" \/>\n\t<meta property=\"og:image:height\" content=\"800\" \/>\n\t<meta property=\"og:image:type\" content=\"image\/jpeg\" \/>\n<meta name=\"twitter:card\" content=\"summary_large_image\" \/>\n<meta name=\"twitter:label1\" content=\"Est. reading time\" \/>\n\t<meta name=\"twitter:data1\" content=\"1 minute\" \/>\n<script type=\"application\/ld+json\" class=\"yoast-schema-graph\">{\"@context\":\"https:\/\/schema.org\",\"@graph\":[{\"@type\":\"WebPage\",\"@id\":\"https:\/\/monti.lt\/product\/woopie-kaleidoskopas\/\",\"url\":\"https:\/\/monti.lt\/product\/woopie-kaleidoskopas\/\",\"name\":\"Woopie kaleidoskopas - Montessori \u017eaislai\",\"isPartOf\":{\"@id\":\"https:\/\/monti.lt\/#website\"},\"primaryImageOfPage\":{\"@id\":\"https:\/\/monti.lt\/product\/woopie-kaleidoskopas\/#primaryimage\"},\"image\":{\"@id\":\"https:\/\/monti.lt\/product\/woopie-kaleidoskopas\/#primaryimage\"},\"thumbnailUrl\":\"https:\/\/monti.lt\/wp-content\/uploads\/2023\/08\/woopie-green-kalejdoskop-luneta-kolorowa-dla-dzieci-postacie-z-bajek-zwierzatka-1-szt-2.jpg\",\"datePublished\":\"2023-08-31T12:26:14+00:00\",\"dateModified\":\"2025-10-07T08:30:05+00:00\",\"breadcrumb\":{\"@id\":\"https:\/\/monti.lt\/product\/woopie-kaleidoskopas\/#breadcrumb\"},\"inLanguage\":\"en-US\",\"potentialAction\":[{\"@type\":\"ReadAction\",\"target\":[\"https:\/\/monti.lt\/product\/woopie-kaleidoskopas\/\"]}]},{\"@type\":\"ImageObject\",\"inLanguage\":\"en-US\",\"@id\":\"https:\/\/monti.lt\/product\/woopie-kaleidoskopas\/#primaryimage\",\"url\":\"https:\/\/monti.lt\/wp-content\/uploads\/2023\/08\/woopie-green-kalejdoskop-luneta-kolorowa-dla-dzieci-postacie-z-bajek-zwierzatka-1-szt-2.jpg\",\"contentUrl\":\"https:\/\/monti.lt\/wp-content\/uploads\/2023\/08\/woopie-green-kalejdoskop-luneta-kolorowa-dla-dzieci-postacie-z-bajek-zwierzatka-1-szt-2.jpg\",\"width\":800,\"height\":800},{\"@type\":\"BreadcrumbList\",\"@id\":\"https:\/\/monti.lt\/product\/woopie-kaleidoskopas\/#breadcrumb\",\"itemListElement\":[{\"@type\":\"ListItem\",\"position\":1,\"name\":\"Home\",\"item\":\"https:\/\/monti.lt\/\"},{\"@type\":\"ListItem\",\"position\":2,\"name\":\"Parduotuv\u0117\",\"item\":\"https:\/\/monti.lt\/shop\/\"},{\"@type\":\"ListItem\",\"position\":3,\"name\":\"Woopie kaleidoskopas\"}]},{\"@type\":\"WebSite\",\"@id\":\"https:\/\/monti.lt\/#website\",\"url\":\"https:\/\/monti.lt\/\",\"name\":\"Montessori \u017eaislai\",\"description\":\"\",\"publisher\":{\"@id\":\"https:\/\/monti.lt\/#organization\"},\"potentialAction\":[{\"@type\":\"SearchAction\",\"target\":{\"@type\":\"EntryPoint\",\"urlTemplate\":\"https:\/\/monti.lt\/?s={search_term_string}\"},\"query-input\":\"required name=search_term_string\"}],\"inLanguage\":\"en-US\"},{\"@type\":\"Organization\",\"@id\":\"https:\/\/monti.lt\/#organization\",\"name\":\"Montessori \u017eaislai\",\"url\":\"https:\/\/monti.lt\/\",\"logo\":{\"@type\":\"ImageObject\",\"inLanguage\":\"en-US\",\"@id\":\"https:\/\/monti.lt\/#\/schema\/logo\/image\/\",\"url\":\"https:\/\/monti.lt\/wp-content\/uploads\/2022\/03\/montilogo-1.png\",\"contentUrl\":\"https:\/\/monti.lt\/wp-content\/uploads\/2022\/03\/montilogo-1.png\",\"width\":512,\"height\":512,\"caption\":\"Montessori \u017eaislai\"},\"image\":{\"@id\":\"https:\/\/monti.lt\/#\/schema\/logo\/image\/\"}}]}<\/script>\n<!-- \/ Yoast SEO plugin. -->","yoast_head_json":{"title":"Woopie kaleidoskopas - Montessori \u017eaislai","robots":{"index":"index","follow":"follow","max-snippet":"max-snippet:-1","max-image-preview":"max-image-preview:large","max-video-preview":"max-video-preview:-1"},"canonical":"https:\/\/monti.lt\/en\/product\/woopie-kaleidoskopas\/","og_locale":"en_US","og_type":"article","og_title":"Woopie kaleidoskopas - Montessori \u017eaislai","og_description":"Kaleidoskopas&nbsp;i\u0161&nbsp;WOOPIE&nbsp;prek\u0117s \u017eenklo i\u0161&nbsp;GREEN&nbsp;serijos nukels j\u016bs\u0173 vaik\u0105 \u012f kit\u0105 pasaul\u012f!&nbsp;Vaikui pakanka pa\u017evelgti \u012f objektyv\u0105 ir vaizdas parodys vaikui&nbsp;pasaul\u012f i\u0161 kitos perspektyvos&nbsp;.&nbsp;Viskas, kas atsitinka jo aplinkoje, \u012fgis visi\u0161kai&nbsp;nauj\u0105 i\u0161vaizd\u0105&nbsp;.&nbsp;Sukdamas kaleidoskop\u0105 vaikas mato besikei\u010dian\u010dias&nbsp;spalvingas&nbsp;simetri\u0161kas&nbsp;fig\u016bras&nbsp;ir&nbsp;vaizdus&nbsp;.&nbsp;Tai lavina vaizduot\u0119!&nbsp;Kaleidoskopas yra&nbsp;3 fantasti\u0161k\u0173 ra\u0161t\u0173&nbsp;, kurie patrauks vaiko d\u0117mes\u012f (atsitiktinis pasirinkimas).&nbsp;Papildomas taikymo srities privalumas yra tai, kad jis yra labai&nbsp;patogus&nbsp;.&nbsp;\u017daidimas su kaleidoskopu puikiai&nbsp;lavina vaizduot\u0119&nbsp;,jis [&hellip;]","og_url":"https:\/\/monti.lt\/en\/product\/woopie-kaleidoskopas\/","og_site_name":"Montessori \u017eaislai","article_modified_time":"2025-10-07T08:30:05+00:00","og_image":[{"width":800,"height":800,"url":"https:\/\/monti.lt\/wp-content\/uploads\/2023\/08\/woopie-green-kalejdoskop-luneta-kolorowa-dla-dzieci-postacie-z-bajek-zwierzatka-1-szt-2.jpg","type":"image\/jpeg"}],"twitter_card":"summary_large_image","twitter_misc":{"Est. reading time":"1 minute"},"schema":{"@context":"https:\/\/schema.org","@graph":[{"@type":"WebPage","@id":"https:\/\/monti.lt\/product\/woopie-kaleidoskopas\/","url":"https:\/\/monti.lt\/product\/woopie-kaleidoskopas\/","name":"Woopie kaleidoskopas - Montessori \u017eaislai","isPartOf":{"@id":"https:\/\/monti.lt\/#website"},"primaryImageOfPage":{"@id":"https:\/\/monti.lt\/product\/woopie-kaleidoskopas\/#primaryimage"},"image":{"@id":"https:\/\/monti.lt\/product\/woopie-kaleidoskopas\/#primaryimage"},"thumbnailUrl":"https:\/\/monti.lt\/wp-content\/uploads\/2023\/08\/woopie-green-kalejdoskop-luneta-kolorowa-dla-dzieci-postacie-z-bajek-zwierzatka-1-szt-2.jpg","datePublished":"2023-08-31T12:26:14+00:00","dateModified":"2025-10-07T08:30:05+00:00","breadcrumb":{"@id":"https:\/\/monti.lt\/product\/woopie-kaleidoskopas\/#breadcrumb"},"inLanguage":"en-US","potentialAction":[{"@type":"ReadAction","target":["https:\/\/monti.lt\/product\/woopie-kaleidoskopas\/"]}]},{"@type":"ImageObject","inLanguage":"en-US","@id":"https:\/\/monti.lt\/product\/woopie-kaleidoskopas\/#primaryimage","url":"https:\/\/monti.lt\/wp-content\/uploads\/2023\/08\/woopie-green-kalejdoskop-luneta-kolorowa-dla-dzieci-postacie-z-bajek-zwierzatka-1-szt-2.jpg","contentUrl":"https:\/\/monti.lt\/wp-content\/uploads\/2023\/08\/woopie-green-kalejdoskop-luneta-kolorowa-dla-dzieci-postacie-z-bajek-zwierzatka-1-szt-2.jpg","width":800,"height":800},{"@type":"BreadcrumbList","@id":"https:\/\/monti.lt\/product\/woopie-kaleidoskopas\/#breadcrumb","itemListElement":[{"@type":"ListItem","position":1,"name":"Home","item":"https:\/\/monti.lt\/"},{"@type":"ListItem","position":2,"name":"Parduotuv\u0117","item":"https:\/\/monti.lt\/shop\/"},{"@type":"ListItem","position":3,"name":"Woopie kaleidoskopas"}]},{"@type":"WebSite","@id":"https:\/\/monti.lt\/#website","url":"https:\/\/monti.lt\/","name":"Montessori \u017eaislai","description":"","publisher":{"@id":"https:\/\/monti.lt\/#organization"},"potentialAction":[{"@type":"SearchAction","target":{"@type":"EntryPoint","urlTemplate":"https:\/\/monti.lt\/?s={search_term_string}"},"query-input":"required name=search_term_string"}],"inLanguage":"en-US"},{"@type":"Organization","@id":"https:\/\/monti.lt\/#organization","name":"Montessori \u017eaislai","url":"https:\/\/monti.lt\/","logo":{"@type":"ImageObject","inLanguage":"en-US","@id":"https:\/\/monti.lt\/#\/schema\/logo\/image\/","url":"https:\/\/monti.lt\/wp-content\/uploads\/2022\/03\/montilogo-1.png","contentUrl":"https:\/\/monti.lt\/wp-content\/uploads\/2022\/03\/montilogo-1.png","width":512,"height":512,"caption":"Montessori \u017eaislai"},"image":{"@id":"https:\/\/monti.lt\/#\/schema\/logo\/image\/"}}]}},"_links":{"self":[{"href":"https:\/\/monti.lt\/en\/wp-json\/wp\/v2\/product\/16998"}],"collection":[{"href":"https:\/\/monti.lt\/en\/wp-json\/wp\/v2\/product"}],"about":[{"href":"https:\/\/monti.lt\/en\/wp-json\/wp\/v2\/types\/product"}],"version-history":[{"count":1,"href":"https:\/\/monti.lt\/en\/wp-json\/wp\/v2\/product\/16998\/revisions"}],"predecessor-version":[{"id":17004,"href":"https:\/\/monti.lt\/en\/wp-json\/wp\/v2\/product\/16998\/revisions\/17004"}],"wp:featuredmedia":[{"embeddable":true,"href":"https:\/\/monti.lt\/en\/wp-json\/wp\/v2\/media\/16999"}],"wp:attachment":[{"href":"https:\/\/monti.lt\/en\/wp-json\/wp\/v2\/media?parent=16998"}],"wp:term":[{"taxonomy":"product_cat","embeddable":true,"href":"https:\/\/monti.lt\/en\/wp-json\/wp\/v2\/product_cat?post=16998"},{"taxonomy":"product_tag","embeddable":true,"href":"https:\/\/monti.lt\/en\/wp-json\/wp\/v2\/product_tag?post=16998"}],"curies":[{"name":"wp","href":"https:\/\/api.w.org\/{rel}","templated":true}]}}