{"id":17049,"date":"2023-08-31T14:44:18","date_gmt":"2023-08-31T14:44:18","guid":{"rendered":"https:\/\/monti.lt\/?post_type=product&#038;p=17049"},"modified":"2025-11-23T07:08:18","modified_gmt":"2025-11-23T07:08:18","slug":"viga-medine-mokomoji-delione-meskutis","status":"publish","type":"product","link":"https:\/\/monti.lt\/en\/product\/viga-medine-mokomoji-delione-meskutis\/","title":{"rendered":"Viga medin\u0117 mokomoji d\u0117lion\u0117 me\u0161kutis"},"content":{"rendered":"<p>D\u0117lion\u0117s leid\u017eia sukomponuoti \u0161e\u0161ias mielo me\u0161kos nuotraukas, kurios yra skirtingos nuotaikos ir skirtingais drabu\u017eiais.&nbsp;\u017daislas, be puikaus malonumo, lavina rankinius \u012fg\u016bd\u017eius ir loginio m\u0105stymo \u012fg\u016bd\u017eius, papildomai moko atpa\u017einti emocijas.<\/p>\n\n\n\n<p><strong>Charakteristika:<\/strong><\/p>\n\n\n\n<ul class=\"wp-block-list\">\n<li>&#8211; rinkinyje yra 18 galvos\u016bki\u0173, i\u0161 kuri\u0173 galite surinkti 6 skirting\u0173 nuotaik\u0173 me\u0161kiuko atvaizdus,<\/li>\n\n\n\n<li>&#8211; d\u0117ka d\u0117\u017eut\u0117s visi elementai gali b\u016bti laikomi tvarkingai pasibaigus \u017eaidimui.<\/li>\n<\/ul>\n\n\n\n<p><strong>\u017daislas vysto:<\/strong><\/p>\n\n\n\n<ul class=\"wp-block-list\">\n<li>&#8211; rankiniai \u012fg\u016bd\u017eiai,<\/li>\n\n\n\n<li>&#8211; geb\u0117jimas logi\u0161kai m\u0105styti,<\/li>\n\n\n\n<li>&#8211; emocij\u0173 atpa\u017einimas.<\/li>\n<\/ul>\n\n\n\n<figure class=\"wp-block-image\"><img decoding=\"async\" src=\"https:\/\/brykacze.pl\/img\/cms\/Viga\/56401.jpg\" alt=\"\"\/><\/figure>","protected":false},"excerpt":{"rendered":"<p>D\u0117lion\u0117s leid\u017eia sukomponuoti \u0161e\u0161ias mielo me\u0161kos nuotraukas, kurios yra skirtingos nuotaikos ir skirtingais drabu\u017eiais.&nbsp;\u017daislas, be puikaus malonumo, lavina rankinius \u012fg\u016bd\u017eius ir loginio m\u0105stymo \u012fg\u016bd\u017eius, papildomai moko atpa\u017einti emocijas. Charakteristika: \u017daislas vysto:<\/p>","protected":false},"featured_media":17050,"template":"","meta":{"_acf_changed":false,"iawp_total_views":423},"product_cat":[92,84,102,83,90,86,245,49,39],"product_tag":[96,97,98],"class_list":{"0":"post-17049","1":"product","2":"type-product","3":"status-publish","4":"has-post-thumbnail","6":"product_cat-deliones","7":"product_cat-lavinamieji-zaislai","8":"product_cat-mediniai-zaislai","9":"product_cat-montessori-zaislai","10":"product_cat-pasaulio-pazinimas","11":"product_cat-smulkioji-motorika","12":"product_cat-viga","13":"product_cat-visi-zaislai","14":"product_cat-zaislai","15":"product_tag-2-m-3-m","16":"product_tag-3-m-4-m","17":"product_tag-5-m-7-m","19":"first","20":"outofstock","21":"taxable","22":"shipping-taxable","23":"purchasable","24":"product-type-simple"},"acf":[],"yoast_head":"<!-- This site is optimized with the Yoast SEO plugin v23.3 - https:\/\/yoast.com\/wordpress\/plugins\/seo\/ -->\n<title>Viga medin\u0117 mokomoji d\u0117lion\u0117 me\u0161kutis - Montessori \u017eaislai<\/title>\n<meta name=\"robots\" content=\"index, follow, max-snippet:-1, max-image-preview:large, max-video-preview:-1\" \/>\n<link rel=\"canonical\" href=\"https:\/\/monti.lt\/en\/product\/viga-medine-mokomoji-delione-meskutis\/\" \/>\n<meta property=\"og:locale\" content=\"en_US\" \/>\n<meta property=\"og:type\" content=\"article\" \/>\n<meta property=\"og:title\" content=\"Viga medin\u0117 mokomoji d\u0117lion\u0117 me\u0161kutis - Montessori \u017eaislai\" \/>\n<meta property=\"og:description\" content=\"D\u0117lion\u0117s leid\u017eia sukomponuoti \u0161e\u0161ias mielo me\u0161kos nuotraukas, kurios yra skirtingos nuotaikos ir skirtingais drabu\u017eiais.&nbsp;\u017daislas, be puikaus malonumo, lavina rankinius \u012fg\u016bd\u017eius ir loginio m\u0105stymo \u012fg\u016bd\u017eius, papildomai moko atpa\u017einti emocijas. Charakteristika: \u017daislas vysto:\" \/>\n<meta property=\"og:url\" content=\"https:\/\/monti.lt\/en\/product\/viga-medine-mokomoji-delione-meskutis\/\" \/>\n<meta property=\"og:site_name\" content=\"Montessori \u017eaislai\" \/>\n<meta property=\"article:modified_time\" content=\"2025-11-23T07:08:18+00:00\" \/>\n<meta property=\"og:image\" content=\"https:\/\/monti.lt\/wp-content\/uploads\/2023\/08\/viga-drewniane-puzzle-ukladanka-ubierz-misia.jpg\" \/>\n\t<meta property=\"og:image:width\" content=\"800\" \/>\n\t<meta property=\"og:image:height\" content=\"800\" \/>\n\t<meta property=\"og:image:type\" content=\"image\/jpeg\" \/>\n<meta name=\"twitter:card\" content=\"summary_large_image\" \/>\n<meta name=\"twitter:label1\" content=\"Est. reading time\" \/>\n\t<meta name=\"twitter:data1\" content=\"1 minute\" \/>\n<script type=\"application\/ld+json\" class=\"yoast-schema-graph\">{\"@context\":\"https:\/\/schema.org\",\"@graph\":[{\"@type\":\"WebPage\",\"@id\":\"https:\/\/monti.lt\/product\/viga-medine-mokomoji-delione-meskutis\/\",\"url\":\"https:\/\/monti.lt\/product\/viga-medine-mokomoji-delione-meskutis\/\",\"name\":\"Viga medin\u0117 mokomoji d\u0117lion\u0117 me\u0161kutis - Montessori \u017eaislai\",\"isPartOf\":{\"@id\":\"https:\/\/monti.lt\/#website\"},\"primaryImageOfPage\":{\"@id\":\"https:\/\/monti.lt\/product\/viga-medine-mokomoji-delione-meskutis\/#primaryimage\"},\"image\":{\"@id\":\"https:\/\/monti.lt\/product\/viga-medine-mokomoji-delione-meskutis\/#primaryimage\"},\"thumbnailUrl\":\"https:\/\/monti.lt\/wp-content\/uploads\/2023\/08\/viga-drewniane-puzzle-ukladanka-ubierz-misia.jpg\",\"datePublished\":\"2023-08-31T14:44:18+00:00\",\"dateModified\":\"2025-11-23T07:08:18+00:00\",\"breadcrumb\":{\"@id\":\"https:\/\/monti.lt\/product\/viga-medine-mokomoji-delione-meskutis\/#breadcrumb\"},\"inLanguage\":\"en-US\",\"potentialAction\":[{\"@type\":\"ReadAction\",\"target\":[\"https:\/\/monti.lt\/product\/viga-medine-mokomoji-delione-meskutis\/\"]}]},{\"@type\":\"ImageObject\",\"inLanguage\":\"en-US\",\"@id\":\"https:\/\/monti.lt\/product\/viga-medine-mokomoji-delione-meskutis\/#primaryimage\",\"url\":\"https:\/\/monti.lt\/wp-content\/uploads\/2023\/08\/viga-drewniane-puzzle-ukladanka-ubierz-misia.jpg\",\"contentUrl\":\"https:\/\/monti.lt\/wp-content\/uploads\/2023\/08\/viga-drewniane-puzzle-ukladanka-ubierz-misia.jpg\",\"width\":800,\"height\":800},{\"@type\":\"BreadcrumbList\",\"@id\":\"https:\/\/monti.lt\/product\/viga-medine-mokomoji-delione-meskutis\/#breadcrumb\",\"itemListElement\":[{\"@type\":\"ListItem\",\"position\":1,\"name\":\"Home\",\"item\":\"https:\/\/monti.lt\/\"},{\"@type\":\"ListItem\",\"position\":2,\"name\":\"Parduotuv\u0117\",\"item\":\"https:\/\/monti.lt\/shop\/\"},{\"@type\":\"ListItem\",\"position\":3,\"name\":\"Viga medin\u0117 mokomoji d\u0117lion\u0117 me\u0161kutis\"}]},{\"@type\":\"WebSite\",\"@id\":\"https:\/\/monti.lt\/#website\",\"url\":\"https:\/\/monti.lt\/\",\"name\":\"Montessori \u017eaislai\",\"description\":\"\",\"publisher\":{\"@id\":\"https:\/\/monti.lt\/#organization\"},\"potentialAction\":[{\"@type\":\"SearchAction\",\"target\":{\"@type\":\"EntryPoint\",\"urlTemplate\":\"https:\/\/monti.lt\/?s={search_term_string}\"},\"query-input\":\"required name=search_term_string\"}],\"inLanguage\":\"en-US\"},{\"@type\":\"Organization\",\"@id\":\"https:\/\/monti.lt\/#organization\",\"name\":\"Montessori \u017eaislai\",\"url\":\"https:\/\/monti.lt\/\",\"logo\":{\"@type\":\"ImageObject\",\"inLanguage\":\"en-US\",\"@id\":\"https:\/\/monti.lt\/#\/schema\/logo\/image\/\",\"url\":\"https:\/\/monti.lt\/wp-content\/uploads\/2022\/03\/montilogo-1.png\",\"contentUrl\":\"https:\/\/monti.lt\/wp-content\/uploads\/2022\/03\/montilogo-1.png\",\"width\":512,\"height\":512,\"caption\":\"Montessori \u017eaislai\"},\"image\":{\"@id\":\"https:\/\/monti.lt\/#\/schema\/logo\/image\/\"}}]}<\/script>\n<!-- \/ Yoast SEO plugin. -->","yoast_head_json":{"title":"Viga medin\u0117 mokomoji d\u0117lion\u0117 me\u0161kutis - Montessori \u017eaislai","robots":{"index":"index","follow":"follow","max-snippet":"max-snippet:-1","max-image-preview":"max-image-preview:large","max-video-preview":"max-video-preview:-1"},"canonical":"https:\/\/monti.lt\/en\/product\/viga-medine-mokomoji-delione-meskutis\/","og_locale":"en_US","og_type":"article","og_title":"Viga medin\u0117 mokomoji d\u0117lion\u0117 me\u0161kutis - Montessori \u017eaislai","og_description":"D\u0117lion\u0117s leid\u017eia sukomponuoti \u0161e\u0161ias mielo me\u0161kos nuotraukas, kurios yra skirtingos nuotaikos ir skirtingais drabu\u017eiais.&nbsp;\u017daislas, be puikaus malonumo, lavina rankinius \u012fg\u016bd\u017eius ir loginio m\u0105stymo \u012fg\u016bd\u017eius, papildomai moko atpa\u017einti emocijas. Charakteristika: \u017daislas vysto:","og_url":"https:\/\/monti.lt\/en\/product\/viga-medine-mokomoji-delione-meskutis\/","og_site_name":"Montessori \u017eaislai","article_modified_time":"2025-11-23T07:08:18+00:00","og_image":[{"width":800,"height":800,"url":"https:\/\/monti.lt\/wp-content\/uploads\/2023\/08\/viga-drewniane-puzzle-ukladanka-ubierz-misia.jpg","type":"image\/jpeg"}],"twitter_card":"summary_large_image","twitter_misc":{"Est. reading time":"1 minute"},"schema":{"@context":"https:\/\/schema.org","@graph":[{"@type":"WebPage","@id":"https:\/\/monti.lt\/product\/viga-medine-mokomoji-delione-meskutis\/","url":"https:\/\/monti.lt\/product\/viga-medine-mokomoji-delione-meskutis\/","name":"Viga medin\u0117 mokomoji d\u0117lion\u0117 me\u0161kutis - Montessori \u017eaislai","isPartOf":{"@id":"https:\/\/monti.lt\/#website"},"primaryImageOfPage":{"@id":"https:\/\/monti.lt\/product\/viga-medine-mokomoji-delione-meskutis\/#primaryimage"},"image":{"@id":"https:\/\/monti.lt\/product\/viga-medine-mokomoji-delione-meskutis\/#primaryimage"},"thumbnailUrl":"https:\/\/monti.lt\/wp-content\/uploads\/2023\/08\/viga-drewniane-puzzle-ukladanka-ubierz-misia.jpg","datePublished":"2023-08-31T14:44:18+00:00","dateModified":"2025-11-23T07:08:18+00:00","breadcrumb":{"@id":"https:\/\/monti.lt\/product\/viga-medine-mokomoji-delione-meskutis\/#breadcrumb"},"inLanguage":"en-US","potentialAction":[{"@type":"ReadAction","target":["https:\/\/monti.lt\/product\/viga-medine-mokomoji-delione-meskutis\/"]}]},{"@type":"ImageObject","inLanguage":"en-US","@id":"https:\/\/monti.lt\/product\/viga-medine-mokomoji-delione-meskutis\/#primaryimage","url":"https:\/\/monti.lt\/wp-content\/uploads\/2023\/08\/viga-drewniane-puzzle-ukladanka-ubierz-misia.jpg","contentUrl":"https:\/\/monti.lt\/wp-content\/uploads\/2023\/08\/viga-drewniane-puzzle-ukladanka-ubierz-misia.jpg","width":800,"height":800},{"@type":"BreadcrumbList","@id":"https:\/\/monti.lt\/product\/viga-medine-mokomoji-delione-meskutis\/#breadcrumb","itemListElement":[{"@type":"ListItem","position":1,"name":"Home","item":"https:\/\/monti.lt\/"},{"@type":"ListItem","position":2,"name":"Parduotuv\u0117","item":"https:\/\/monti.lt\/shop\/"},{"@type":"ListItem","position":3,"name":"Viga medin\u0117 mokomoji d\u0117lion\u0117 me\u0161kutis"}]},{"@type":"WebSite","@id":"https:\/\/monti.lt\/#website","url":"https:\/\/monti.lt\/","name":"Montessori \u017eaislai","description":"","publisher":{"@id":"https:\/\/monti.lt\/#organization"},"potentialAction":[{"@type":"SearchAction","target":{"@type":"EntryPoint","urlTemplate":"https:\/\/monti.lt\/?s={search_term_string}"},"query-input":"required name=search_term_string"}],"inLanguage":"en-US"},{"@type":"Organization","@id":"https:\/\/monti.lt\/#organization","name":"Montessori \u017eaislai","url":"https:\/\/monti.lt\/","logo":{"@type":"ImageObject","inLanguage":"en-US","@id":"https:\/\/monti.lt\/#\/schema\/logo\/image\/","url":"https:\/\/monti.lt\/wp-content\/uploads\/2022\/03\/montilogo-1.png","contentUrl":"https:\/\/monti.lt\/wp-content\/uploads\/2022\/03\/montilogo-1.png","width":512,"height":512,"caption":"Montessori \u017eaislai"},"image":{"@id":"https:\/\/monti.lt\/#\/schema\/logo\/image\/"}}]}},"_links":{"self":[{"href":"https:\/\/monti.lt\/en\/wp-json\/wp\/v2\/product\/17049"}],"collection":[{"href":"https:\/\/monti.lt\/en\/wp-json\/wp\/v2\/product"}],"about":[{"href":"https:\/\/monti.lt\/en\/wp-json\/wp\/v2\/types\/product"}],"version-history":[{"count":1,"href":"https:\/\/monti.lt\/en\/wp-json\/wp\/v2\/product\/17049\/revisions"}],"predecessor-version":[{"id":17054,"href":"https:\/\/monti.lt\/en\/wp-json\/wp\/v2\/product\/17049\/revisions\/17054"}],"wp:featuredmedia":[{"embeddable":true,"href":"https:\/\/monti.lt\/en\/wp-json\/wp\/v2\/media\/17050"}],"wp:attachment":[{"href":"https:\/\/monti.lt\/en\/wp-json\/wp\/v2\/media?parent=17049"}],"wp:term":[{"taxonomy":"product_cat","embeddable":true,"href":"https:\/\/monti.lt\/en\/wp-json\/wp\/v2\/product_cat?post=17049"},{"taxonomy":"product_tag","embeddable":true,"href":"https:\/\/monti.lt\/en\/wp-json\/wp\/v2\/product_tag?post=17049"}],"curies":[{"name":"wp","href":"https:\/\/api.w.org\/{rel}","templated":true}]}}