{"id":17267,"date":"2023-09-05T10:46:01","date_gmt":"2023-09-05T10:46:01","guid":{"rendered":"https:\/\/monti.lt\/?post_type=product&#038;p=17267"},"modified":"2025-12-07T09:41:24","modified_gmt":"2025-12-07T09:41:24","slug":"plaktukas-su-kamuoliukais","status":"publish","type":"product","link":"https:\/\/monti.lt\/en\/product\/plaktukas-su-kamuoliukais\/","title":{"rendered":"Plaktukas su kamuoliukais"},"content":{"rendered":"<p>Spalvingas plaktukas &#8211; interaktyvus \u017eaislas vaikams. Rinkin\u012f sudaro plaktukas, stovas ir 3 spalvoti kamuoliukai. \u017daidimas susideda i\u0161 sm\u016bgi\u0173<br>spalvotus kamuoliukus \u012f skylutes raudonu plaktuku taip, kad jie nukrist\u0173 ir ried\u0117t\u0173 kalneliu \u017eemyn. Gaminys pagamintas atsi\u017evelgiant \u012f pa\u010dius ma\u017eiausius vaikus,<br>turi lyg\u0173 pavir\u0161i\u0173 ir u\u017eapvalintus kra\u0161tus. Visi elementai pagaminti i\u0161 spalvoto plastiko, tod\u0117l \u017eaid\u017eiant spalvos nesikerta. \u017daislas yra mokomojo pob\u016bd\u017eio,<br>jis leid\u017eia vaikui lavinti geb\u0117jim\u0105 pataikyti \u012f taikin\u012f, atskirti spalvas, lavinti koordinacij\u0105 ir judesius, ugdo geb\u0117jim\u0105 logi\u0161kai m\u0105styti. Iki<br>beje, vaikas, \u017eaisdamas su \u0161iuo \u017eaislu, i\u0161saugos nam\u0173 \u012frang\u0105, pavyzd\u017eiui, mobil\u0173j\u012f telefon\u0105 arba televizoriaus nuotolinio valdymo pultel\u012f, kuriuo da\u017enai pataikoma \u012f bet k\u0105.<br>ar bet kur kitur.<\/p>\n\n\n\n<p>\u017daislo privalumai:<\/p>\n\n\n\n<ul class=\"wp-block-list\">\n<li>saugus<\/li>\n\n\n\n<li>linksmos spalvos<\/li>\n\n\n\n<li>n\u0117ra a\u0161tri\u0173 kra\u0161t\u0173<\/li>\n\n\n\n<li>lavina k\u016brybi\u0161kum\u0105 ir koordinacij\u0105<\/li>\n\n\n\n<li>dydis pritaikytas ma\u017eytei k\u016bdikio rankytei<\/li>\n\n\n\n<li>skirta vaikams nuo 12 m\u0117nesi\u0173 am\u017eiaus<\/li>\n<\/ul>\n\n\n\n<p>\u017daislo matmenys: 25,5 cm x 12,5 cm x 12,5 cm x 12,5 cm<br>Plaktuko matmenys: 15,5 cm x 8 cm x 4 cm.<\/p>\n\n\n\n<p>\u017daislas supakuotas \u012f gra\u017ei\u0105 spalving\u0105 pakuot\u0119. Tai gali b\u016bti puiki dovana ma\u017eam vaikui.<\/p>","protected":false},"excerpt":{"rendered":"<p>Spalvingas plaktukas &#8211; interaktyvus \u017eaislas vaikams. Rinkin\u012f sudaro plaktukas, stovas ir 3 spalvoti kamuoliukai. \u017daidimas susideda i\u0161 sm\u016bgi\u0173spalvotus kamuoliukus \u012f skylutes raudonu plaktuku taip, kad jie nukrist\u0173 ir ried\u0117t\u0173 kalneliu \u017eemyn. Gaminys pagamintas atsi\u017evelgiant \u012f pa\u010dius ma\u017eiausius vaikus,turi lyg\u0173 pavir\u0161i\u0173 ir u\u017eapvalintus kra\u0161tus. Visi elementai pagaminti i\u0161 spalvoto plastiko, tod\u0117l \u017eaid\u017eiant spalvos nesikerta. \u017daislas yra [&hellip;]<\/p>","protected":false},"featured_media":17268,"template":"","meta":{"_acf_changed":false,"iawp_total_views":648},"product_cat":[84,90,86,49,39],"product_tag":[95,96,94],"class_list":{"0":"post-17267","1":"product","2":"type-product","3":"status-publish","4":"has-post-thumbnail","6":"product_cat-lavinamieji-zaislai","7":"product_cat-pasaulio-pazinimas","8":"product_cat-smulkioji-motorika","9":"product_cat-visi-zaislai","10":"product_cat-zaislai","11":"product_tag-1-m-2-m","12":"product_tag-2-m-3-m","13":"product_tag-iki-1-m","15":"first","16":"outofstock","17":"taxable","18":"shipping-taxable","19":"purchasable","20":"product-type-simple"},"acf":[],"yoast_head":"<!-- This site is optimized with the Yoast SEO plugin v23.3 - https:\/\/yoast.com\/wordpress\/plugins\/seo\/ -->\n<title>Plaktukas su kamuoliukais - Montessori \u017eaislai<\/title>\n<meta name=\"robots\" content=\"index, follow, max-snippet:-1, max-image-preview:large, max-video-preview:-1\" \/>\n<link rel=\"canonical\" href=\"https:\/\/monti.lt\/en\/product\/plaktukas-su-kamuoliukais\/\" \/>\n<meta property=\"og:locale\" content=\"en_US\" \/>\n<meta property=\"og:type\" content=\"article\" \/>\n<meta property=\"og:title\" content=\"Plaktukas su kamuoliukais - Montessori \u017eaislai\" \/>\n<meta property=\"og:description\" content=\"Spalvingas plaktukas &#8211; interaktyvus \u017eaislas vaikams. Rinkin\u012f sudaro plaktukas, stovas ir 3 spalvoti kamuoliukai. \u017daidimas susideda i\u0161 sm\u016bgi\u0173spalvotus kamuoliukus \u012f skylutes raudonu plaktuku taip, kad jie nukrist\u0173 ir ried\u0117t\u0173 kalneliu \u017eemyn. Gaminys pagamintas atsi\u017evelgiant \u012f pa\u010dius ma\u017eiausius vaikus,turi lyg\u0173 pavir\u0161i\u0173 ir u\u017eapvalintus kra\u0161tus. Visi elementai pagaminti i\u0161 spalvoto plastiko, tod\u0117l \u017eaid\u017eiant spalvos nesikerta. \u017daislas yra [&hellip;]\" \/>\n<meta property=\"og:url\" content=\"https:\/\/monti.lt\/en\/product\/plaktukas-su-kamuoliukais\/\" \/>\n<meta property=\"og:site_name\" content=\"Montessori \u017eaislai\" \/>\n<meta property=\"article:modified_time\" content=\"2025-12-07T09:41:24+00:00\" \/>\n<meta property=\"og:image\" content=\"https:\/\/monti.lt\/wp-content\/uploads\/2023\/09\/eng_pl_Hit-the-colored-hammer-with-balls-with-the-hammer-ZA3804-16993_1.jpg\" \/>\n\t<meta property=\"og:image:width\" content=\"750\" \/>\n\t<meta property=\"og:image:height\" content=\"750\" \/>\n\t<meta property=\"og:image:type\" content=\"image\/jpeg\" \/>\n<meta name=\"twitter:card\" content=\"summary_large_image\" \/>\n<meta name=\"twitter:label1\" content=\"Est. reading time\" \/>\n\t<meta name=\"twitter:data1\" content=\"2 minutes\" \/>\n<script type=\"application\/ld+json\" class=\"yoast-schema-graph\">{\"@context\":\"https:\/\/schema.org\",\"@graph\":[{\"@type\":\"WebPage\",\"@id\":\"https:\/\/monti.lt\/product\/plaktukas-su-kamuoliukais\/\",\"url\":\"https:\/\/monti.lt\/product\/plaktukas-su-kamuoliukais\/\",\"name\":\"Plaktukas su kamuoliukais - Montessori \u017eaislai\",\"isPartOf\":{\"@id\":\"https:\/\/monti.lt\/#website\"},\"primaryImageOfPage\":{\"@id\":\"https:\/\/monti.lt\/product\/plaktukas-su-kamuoliukais\/#primaryimage\"},\"image\":{\"@id\":\"https:\/\/monti.lt\/product\/plaktukas-su-kamuoliukais\/#primaryimage\"},\"thumbnailUrl\":\"https:\/\/monti.lt\/wp-content\/uploads\/2023\/09\/eng_pl_Hit-the-colored-hammer-with-balls-with-the-hammer-ZA3804-16993_1.jpg\",\"datePublished\":\"2023-09-05T10:46:01+00:00\",\"dateModified\":\"2025-12-07T09:41:24+00:00\",\"breadcrumb\":{\"@id\":\"https:\/\/monti.lt\/product\/plaktukas-su-kamuoliukais\/#breadcrumb\"},\"inLanguage\":\"en-US\",\"potentialAction\":[{\"@type\":\"ReadAction\",\"target\":[\"https:\/\/monti.lt\/product\/plaktukas-su-kamuoliukais\/\"]}]},{\"@type\":\"ImageObject\",\"inLanguage\":\"en-US\",\"@id\":\"https:\/\/monti.lt\/product\/plaktukas-su-kamuoliukais\/#primaryimage\",\"url\":\"https:\/\/monti.lt\/wp-content\/uploads\/2023\/09\/eng_pl_Hit-the-colored-hammer-with-balls-with-the-hammer-ZA3804-16993_1.jpg\",\"contentUrl\":\"https:\/\/monti.lt\/wp-content\/uploads\/2023\/09\/eng_pl_Hit-the-colored-hammer-with-balls-with-the-hammer-ZA3804-16993_1.jpg\",\"width\":750,\"height\":750},{\"@type\":\"BreadcrumbList\",\"@id\":\"https:\/\/monti.lt\/product\/plaktukas-su-kamuoliukais\/#breadcrumb\",\"itemListElement\":[{\"@type\":\"ListItem\",\"position\":1,\"name\":\"Home\",\"item\":\"https:\/\/monti.lt\/\"},{\"@type\":\"ListItem\",\"position\":2,\"name\":\"Parduotuv\u0117\",\"item\":\"https:\/\/monti.lt\/shop\/\"},{\"@type\":\"ListItem\",\"position\":3,\"name\":\"Plaktukas su kamuoliukais\"}]},{\"@type\":\"WebSite\",\"@id\":\"https:\/\/monti.lt\/#website\",\"url\":\"https:\/\/monti.lt\/\",\"name\":\"Montessori \u017eaislai\",\"description\":\"\",\"publisher\":{\"@id\":\"https:\/\/monti.lt\/#organization\"},\"potentialAction\":[{\"@type\":\"SearchAction\",\"target\":{\"@type\":\"EntryPoint\",\"urlTemplate\":\"https:\/\/monti.lt\/?s={search_term_string}\"},\"query-input\":\"required name=search_term_string\"}],\"inLanguage\":\"en-US\"},{\"@type\":\"Organization\",\"@id\":\"https:\/\/monti.lt\/#organization\",\"name\":\"Montessori \u017eaislai\",\"url\":\"https:\/\/monti.lt\/\",\"logo\":{\"@type\":\"ImageObject\",\"inLanguage\":\"en-US\",\"@id\":\"https:\/\/monti.lt\/#\/schema\/logo\/image\/\",\"url\":\"https:\/\/monti.lt\/wp-content\/uploads\/2022\/03\/montilogo-1.png\",\"contentUrl\":\"https:\/\/monti.lt\/wp-content\/uploads\/2022\/03\/montilogo-1.png\",\"width\":512,\"height\":512,\"caption\":\"Montessori \u017eaislai\"},\"image\":{\"@id\":\"https:\/\/monti.lt\/#\/schema\/logo\/image\/\"}}]}<\/script>\n<!-- \/ Yoast SEO plugin. -->","yoast_head_json":{"title":"Plaktukas su kamuoliukais - Montessori \u017eaislai","robots":{"index":"index","follow":"follow","max-snippet":"max-snippet:-1","max-image-preview":"max-image-preview:large","max-video-preview":"max-video-preview:-1"},"canonical":"https:\/\/monti.lt\/en\/product\/plaktukas-su-kamuoliukais\/","og_locale":"en_US","og_type":"article","og_title":"Plaktukas su kamuoliukais - Montessori \u017eaislai","og_description":"Spalvingas plaktukas &#8211; interaktyvus \u017eaislas vaikams. Rinkin\u012f sudaro plaktukas, stovas ir 3 spalvoti kamuoliukai. \u017daidimas susideda i\u0161 sm\u016bgi\u0173spalvotus kamuoliukus \u012f skylutes raudonu plaktuku taip, kad jie nukrist\u0173 ir ried\u0117t\u0173 kalneliu \u017eemyn. Gaminys pagamintas atsi\u017evelgiant \u012f pa\u010dius ma\u017eiausius vaikus,turi lyg\u0173 pavir\u0161i\u0173 ir u\u017eapvalintus kra\u0161tus. Visi elementai pagaminti i\u0161 spalvoto plastiko, tod\u0117l \u017eaid\u017eiant spalvos nesikerta. \u017daislas yra [&hellip;]","og_url":"https:\/\/monti.lt\/en\/product\/plaktukas-su-kamuoliukais\/","og_site_name":"Montessori \u017eaislai","article_modified_time":"2025-12-07T09:41:24+00:00","og_image":[{"width":750,"height":750,"url":"https:\/\/monti.lt\/wp-content\/uploads\/2023\/09\/eng_pl_Hit-the-colored-hammer-with-balls-with-the-hammer-ZA3804-16993_1.jpg","type":"image\/jpeg"}],"twitter_card":"summary_large_image","twitter_misc":{"Est. reading time":"2 minutes"},"schema":{"@context":"https:\/\/schema.org","@graph":[{"@type":"WebPage","@id":"https:\/\/monti.lt\/product\/plaktukas-su-kamuoliukais\/","url":"https:\/\/monti.lt\/product\/plaktukas-su-kamuoliukais\/","name":"Plaktukas su kamuoliukais - Montessori \u017eaislai","isPartOf":{"@id":"https:\/\/monti.lt\/#website"},"primaryImageOfPage":{"@id":"https:\/\/monti.lt\/product\/plaktukas-su-kamuoliukais\/#primaryimage"},"image":{"@id":"https:\/\/monti.lt\/product\/plaktukas-su-kamuoliukais\/#primaryimage"},"thumbnailUrl":"https:\/\/monti.lt\/wp-content\/uploads\/2023\/09\/eng_pl_Hit-the-colored-hammer-with-balls-with-the-hammer-ZA3804-16993_1.jpg","datePublished":"2023-09-05T10:46:01+00:00","dateModified":"2025-12-07T09:41:24+00:00","breadcrumb":{"@id":"https:\/\/monti.lt\/product\/plaktukas-su-kamuoliukais\/#breadcrumb"},"inLanguage":"en-US","potentialAction":[{"@type":"ReadAction","target":["https:\/\/monti.lt\/product\/plaktukas-su-kamuoliukais\/"]}]},{"@type":"ImageObject","inLanguage":"en-US","@id":"https:\/\/monti.lt\/product\/plaktukas-su-kamuoliukais\/#primaryimage","url":"https:\/\/monti.lt\/wp-content\/uploads\/2023\/09\/eng_pl_Hit-the-colored-hammer-with-balls-with-the-hammer-ZA3804-16993_1.jpg","contentUrl":"https:\/\/monti.lt\/wp-content\/uploads\/2023\/09\/eng_pl_Hit-the-colored-hammer-with-balls-with-the-hammer-ZA3804-16993_1.jpg","width":750,"height":750},{"@type":"BreadcrumbList","@id":"https:\/\/monti.lt\/product\/plaktukas-su-kamuoliukais\/#breadcrumb","itemListElement":[{"@type":"ListItem","position":1,"name":"Home","item":"https:\/\/monti.lt\/"},{"@type":"ListItem","position":2,"name":"Parduotuv\u0117","item":"https:\/\/monti.lt\/shop\/"},{"@type":"ListItem","position":3,"name":"Plaktukas su kamuoliukais"}]},{"@type":"WebSite","@id":"https:\/\/monti.lt\/#website","url":"https:\/\/monti.lt\/","name":"Montessori \u017eaislai","description":"","publisher":{"@id":"https:\/\/monti.lt\/#organization"},"potentialAction":[{"@type":"SearchAction","target":{"@type":"EntryPoint","urlTemplate":"https:\/\/monti.lt\/?s={search_term_string}"},"query-input":"required name=search_term_string"}],"inLanguage":"en-US"},{"@type":"Organization","@id":"https:\/\/monti.lt\/#organization","name":"Montessori \u017eaislai","url":"https:\/\/monti.lt\/","logo":{"@type":"ImageObject","inLanguage":"en-US","@id":"https:\/\/monti.lt\/#\/schema\/logo\/image\/","url":"https:\/\/monti.lt\/wp-content\/uploads\/2022\/03\/montilogo-1.png","contentUrl":"https:\/\/monti.lt\/wp-content\/uploads\/2022\/03\/montilogo-1.png","width":512,"height":512,"caption":"Montessori \u017eaislai"},"image":{"@id":"https:\/\/monti.lt\/#\/schema\/logo\/image\/"}}]}},"_links":{"self":[{"href":"https:\/\/monti.lt\/en\/wp-json\/wp\/v2\/product\/17267"}],"collection":[{"href":"https:\/\/monti.lt\/en\/wp-json\/wp\/v2\/product"}],"about":[{"href":"https:\/\/monti.lt\/en\/wp-json\/wp\/v2\/types\/product"}],"version-history":[{"count":1,"href":"https:\/\/monti.lt\/en\/wp-json\/wp\/v2\/product\/17267\/revisions"}],"predecessor-version":[{"id":17274,"href":"https:\/\/monti.lt\/en\/wp-json\/wp\/v2\/product\/17267\/revisions\/17274"}],"wp:featuredmedia":[{"embeddable":true,"href":"https:\/\/monti.lt\/en\/wp-json\/wp\/v2\/media\/17268"}],"wp:attachment":[{"href":"https:\/\/monti.lt\/en\/wp-json\/wp\/v2\/media?parent=17267"}],"wp:term":[{"taxonomy":"product_cat","embeddable":true,"href":"https:\/\/monti.lt\/en\/wp-json\/wp\/v2\/product_cat?post=17267"},{"taxonomy":"product_tag","embeddable":true,"href":"https:\/\/monti.lt\/en\/wp-json\/wp\/v2\/product_tag?post=17267"}],"curies":[{"name":"wp","href":"https:\/\/api.w.org\/{rel}","templated":true}]}}