{"id":18604,"date":"2023-10-23T06:42:50","date_gmt":"2023-10-23T06:42:50","guid":{"rendered":"https:\/\/monti.lt\/?post_type=product&#038;p=18604"},"modified":"2026-04-13T10:41:45","modified_gmt":"2026-04-13T10:41:45","slug":"interaktyvi-masinu-nuotykiu-trasa","status":"publish","type":"product","link":"https:\/\/monti.lt\/en\/product\/interaktyvi-masinu-nuotykiu-trasa\/","title":{"rendered":"Interaktyvi ma\u0161in\u0173 nuotyki\u0173 tr\u0105sa"},"content":{"rendered":"<p>Gaisras, nelaimingas atsitikimas, o gal medyje \u012fstrigusi kat\u0117?<\/p>\n\n\n\n<p>Pad\u0117kite policijai ir ugniagesiams laiku pasiekti kelion\u0117s tiksl\u0105. B\u016bkite atsarg\u016bs, tai n\u0117ra taip paprasta &#8211; kelyje gausu netik\u0117tum\u0173 ir kli\u016b\u010di\u0173. Tik sumanumas ir vikrumas pad\u0117s pasiekti kelion\u0117s tiksl\u0105.<\/p>\n\n\n\n<p>Ir nepamir\u0161k, kad mokyklinis autobusas turi laiku nuve\u017eti vaikus \u012f mokykl\u0105, o vir\u0161ininkas turi susp\u0117ti \u012f svarb\u0173 susitikim\u0105.<\/p>\n\n\n\n<p>\u012esitraukite \u012f nuostabius nuotykius.<\/p>\n\n\n\n<p>Daugiafunkcin\u0117 automobili\u0173 trasa bus tikra pramoga nuotyki\u0173 trok\u0161tantiems ma\u017eiesiems tyrin\u0117tojams.<\/p>\n\n\n\n<p>Kad \u012fveiktum\u0117te vis\u0105 tras\u0105, turite tinkamai valdyti mygtukus ir ranken\u0117les. Atrodo, kad tai lengva u\u017eduotis? Ji tik atrodo lengva. Patys j\u0105 i\u0161bandykite.<\/p>\n\n\n\n<p>Va\u017eiuojant per tras\u0105 j\u016bs\u0173 laukia daugyb\u0117 kli\u016b\u010di\u0173, pavyzd\u017eiui, krumpliara\u010diai ir pakeliamasis tiltas. \u012eveikite jas visas ir \u012fsitikinkite, kad pagalbos tarnybos atvyks laiku.<\/p>\n\n\n\n<p>Galite b\u016bti tikri, kad linksmyb\u0117ms nebus galo, tai \u017eaislas, kuris u\u017eims valand\u0173 valandas, ir ne tik vaikams.<\/p>\n\n\n\n<p>\u017daidimas su trasa yra ne tik fantasti\u0161kas nuotykis, bet ir tinkamos vaiko raidos palaikymo forma, be to, jis turi stres\u0105 ma\u017einant\u012f poveik\u012f.<\/p>\n\n\n\n<p>\u017daisdamas vaikas ne tik lavins rank\u0173 darbo \u012fg\u016bd\u017eius, bet ir lavins login\u012f m\u0105stym\u0105.<\/p>\n\n\n\n<p>Ry\u0161kios, sodrios spalvos patrauks ma\u017eylio d\u0117mes\u012f ir paskatins j\u012f \u017eaisti.<\/p>\n\n\n\n<p>Taip pat galite b\u016bti tikri, kad nepamir\u0161ome svarbiausio dalyko &#8211; vaiko saugumo \u017eaidimo metu.<\/p>\n\n\n\n<p>\u017daislas neturi joki\u0173 a\u0161tri\u0173 element\u0173 ir buvo sukurtas kruop\u0161\u010diai, laikantis saugumo reikalavim\u0173<\/p>\n\n\n\n<p><\/p>\n\n\n\n<p>Kli\u016b\u010di\u0173 ruo\u017eas si\u016blo nesibaigian\u010di\u0105 pramog\u0105 visai \u0161eimai, kupin\u0105 nauj\u0173 staigmen\u0173.<\/p>\n\n\n\n<p>\u0160is nuostabus kli\u016b\u010di\u0173 ruo\u017eas taps dovan\u0173 hitu bet kuriam nuotyki\u0173 m\u0117g\u0117jui.<\/p>\n\n\n\n<p>Rinkinio turinys:<\/p>\n\n\n\n<p>Trasa<br>Policijos automobilis<br>Greitosios pagalbos automobilis<br>Prie\u0161gaisrin\u0117s tarnybos automobilis<br>Sraigtasparnis<br>Matmenys<\/p>\n\n\n\n<p>B\u0117giai: Dydis: 32 cm x 32 cm x 24 cm<br>Automobilis: 3,5 cm x 2 cm x 2 cm<br>Pakuot\u0117s matmenys: 33 cm x 33 cm x 18 cm<\/p>\n\n\n\n<p><\/p>","protected":false},"excerpt":{"rendered":"<p>Gaisras, nelaimingas atsitikimas, o gal medyje \u012fstrigusi kat\u0117? Pad\u0117kite policijai ir ugniagesiams laiku pasiekti kelion\u0117s tiksl\u0105. B\u016bkite atsarg\u016bs, tai n\u0117ra taip paprasta &#8211; kelyje gausu netik\u0117tum\u0173 ir kli\u016b\u010di\u0173. Tik sumanumas ir vikrumas pad\u0117s pasiekti kelion\u0117s tiksl\u0105. Ir nepamir\u0161k, kad mokyklinis autobusas turi laiku nuve\u017eti vaikus \u012f mokykl\u0105, o vir\u0161ininkas turi susp\u0117ti \u012f svarb\u0173 susitikim\u0105. \u012esitraukite [&hellip;]<\/p>","protected":false},"featured_media":29786,"template":"","meta":{"_acf_changed":false,"iawp_total_views":2522},"product_cat":[195,216,217,197,191,82,192,84,90,93,39,215],"product_tag":[97,98],"class_list":{"0":"post-18604","1":"product","2":"type-product","3":"status-publish","4":"has-post-thumbnail","6":"product_cat-dovanos-vaikams-3-4-metu","7":"product_cat-dovanos-4-5-metu-vaikams","8":"product_cat-dovanos-5-7-metu-vaikams","9":"product_cat-dovanos-berniukams","10":"product_cat-dovanos-vaikams","11":"product_cat-ispardavimas","12":"product_cat-kaledines-dovanos-vaikams","13":"product_cat-lavinamieji-zaislai","14":"product_cat-pasaulio-pazinimas","15":"product_cat-vaidmenu-zaidimai","16":"product_cat-zaislai","17":"product_cat-zaislai-berniukams","18":"product_tag-3-m-4-m","19":"product_tag-5-m-7-m","21":"first","22":"outofstock","23":"sale","24":"taxable","25":"shipping-taxable","26":"purchasable","27":"product-type-simple"},"acf":[],"yoast_head":"<!-- This site is optimized with the Yoast SEO plugin v23.3 - https:\/\/yoast.com\/wordpress\/plugins\/seo\/ -->\n<title>Interaktyvi ma\u0161in\u0173 nuotyki\u0173 tr\u0105sa - Montessori \u017eaislai<\/title>\n<meta name=\"robots\" content=\"index, follow, max-snippet:-1, max-image-preview:large, max-video-preview:-1\" \/>\n<link rel=\"canonical\" href=\"https:\/\/monti.lt\/en\/product\/interaktyvi-masinu-nuotykiu-trasa\/\" \/>\n<meta property=\"og:locale\" content=\"en_US\" \/>\n<meta property=\"og:type\" content=\"article\" \/>\n<meta property=\"og:title\" content=\"Interaktyvi ma\u0161in\u0173 nuotyki\u0173 tr\u0105sa - Montessori \u017eaislai\" \/>\n<meta property=\"og:description\" content=\"Gaisras, nelaimingas atsitikimas, o gal medyje \u012fstrigusi kat\u0117? Pad\u0117kite policijai ir ugniagesiams laiku pasiekti kelion\u0117s tiksl\u0105. B\u016bkite atsarg\u016bs, tai n\u0117ra taip paprasta &#8211; kelyje gausu netik\u0117tum\u0173 ir kli\u016b\u010di\u0173. Tik sumanumas ir vikrumas pad\u0117s pasiekti kelion\u0117s tiksl\u0105. Ir nepamir\u0161k, kad mokyklinis autobusas turi laiku nuve\u017eti vaikus \u012f mokykl\u0105, o vir\u0161ininkas turi susp\u0117ti \u012f svarb\u0173 susitikim\u0105. \u012esitraukite [&hellip;]\" \/>\n<meta property=\"og:url\" content=\"https:\/\/monti.lt\/en\/product\/interaktyvi-masinu-nuotykiu-trasa\/\" \/>\n<meta property=\"og:site_name\" content=\"Montessori \u017eaislai\" \/>\n<meta property=\"article:modified_time\" content=\"2026-04-13T10:41:45+00:00\" \/>\n<meta property=\"og:image\" content=\"https:\/\/monti.lt\/wp-content\/uploads\/2023\/10\/Obstacle-course-interactive-parking-lot-racing-ambulance-police-auto-90524-2.jpg\" \/>\n\t<meta property=\"og:image:width\" content=\"1600\" \/>\n\t<meta property=\"og:image:height\" content=\"1200\" \/>\n\t<meta property=\"og:image:type\" content=\"image\/jpeg\" \/>\n<meta name=\"twitter:card\" content=\"summary_large_image\" \/>\n<meta name=\"twitter:label1\" content=\"Est. reading time\" \/>\n\t<meta name=\"twitter:data1\" content=\"2 minutes\" \/>\n<script type=\"application\/ld+json\" class=\"yoast-schema-graph\">{\"@context\":\"https:\/\/schema.org\",\"@graph\":[{\"@type\":\"WebPage\",\"@id\":\"https:\/\/monti.lt\/product\/interaktyvi-masinu-nuotykiu-trasa\/\",\"url\":\"https:\/\/monti.lt\/product\/interaktyvi-masinu-nuotykiu-trasa\/\",\"name\":\"Interaktyvi ma\u0161in\u0173 nuotyki\u0173 tr\u0105sa - Montessori \u017eaislai\",\"isPartOf\":{\"@id\":\"https:\/\/monti.lt\/#website\"},\"primaryImageOfPage\":{\"@id\":\"https:\/\/monti.lt\/product\/interaktyvi-masinu-nuotykiu-trasa\/#primaryimage\"},\"image\":{\"@id\":\"https:\/\/monti.lt\/product\/interaktyvi-masinu-nuotykiu-trasa\/#primaryimage\"},\"thumbnailUrl\":\"https:\/\/monti.lt\/wp-content\/uploads\/2023\/10\/Obstacle-course-interactive-parking-lot-racing-ambulance-police-auto-90524-2.jpg\",\"datePublished\":\"2023-10-23T06:42:50+00:00\",\"dateModified\":\"2026-04-13T10:41:45+00:00\",\"breadcrumb\":{\"@id\":\"https:\/\/monti.lt\/product\/interaktyvi-masinu-nuotykiu-trasa\/#breadcrumb\"},\"inLanguage\":\"en-US\",\"potentialAction\":[{\"@type\":\"ReadAction\",\"target\":[\"https:\/\/monti.lt\/product\/interaktyvi-masinu-nuotykiu-trasa\/\"]}]},{\"@type\":\"ImageObject\",\"inLanguage\":\"en-US\",\"@id\":\"https:\/\/monti.lt\/product\/interaktyvi-masinu-nuotykiu-trasa\/#primaryimage\",\"url\":\"https:\/\/monti.lt\/wp-content\/uploads\/2023\/10\/Obstacle-course-interactive-parking-lot-racing-ambulance-police-auto-90524-2.jpg\",\"contentUrl\":\"https:\/\/monti.lt\/wp-content\/uploads\/2023\/10\/Obstacle-course-interactive-parking-lot-racing-ambulance-police-auto-90524-2.jpg\",\"width\":1600,\"height\":1200},{\"@type\":\"BreadcrumbList\",\"@id\":\"https:\/\/monti.lt\/product\/interaktyvi-masinu-nuotykiu-trasa\/#breadcrumb\",\"itemListElement\":[{\"@type\":\"ListItem\",\"position\":1,\"name\":\"Home\",\"item\":\"https:\/\/monti.lt\/\"},{\"@type\":\"ListItem\",\"position\":2,\"name\":\"Parduotuv\u0117\",\"item\":\"https:\/\/monti.lt\/shop\/\"},{\"@type\":\"ListItem\",\"position\":3,\"name\":\"Interaktyvi ma\u0161in\u0173 nuotyki\u0173 tr\u0105sa\"}]},{\"@type\":\"WebSite\",\"@id\":\"https:\/\/monti.lt\/#website\",\"url\":\"https:\/\/monti.lt\/\",\"name\":\"Montessori \u017eaislai\",\"description\":\"\",\"publisher\":{\"@id\":\"https:\/\/monti.lt\/#organization\"},\"potentialAction\":[{\"@type\":\"SearchAction\",\"target\":{\"@type\":\"EntryPoint\",\"urlTemplate\":\"https:\/\/monti.lt\/?s={search_term_string}\"},\"query-input\":\"required name=search_term_string\"}],\"inLanguage\":\"en-US\"},{\"@type\":\"Organization\",\"@id\":\"https:\/\/monti.lt\/#organization\",\"name\":\"Montessori \u017eaislai\",\"url\":\"https:\/\/monti.lt\/\",\"logo\":{\"@type\":\"ImageObject\",\"inLanguage\":\"en-US\",\"@id\":\"https:\/\/monti.lt\/#\/schema\/logo\/image\/\",\"url\":\"https:\/\/monti.lt\/wp-content\/uploads\/2022\/03\/montilogo-1.png\",\"contentUrl\":\"https:\/\/monti.lt\/wp-content\/uploads\/2022\/03\/montilogo-1.png\",\"width\":512,\"height\":512,\"caption\":\"Montessori \u017eaislai\"},\"image\":{\"@id\":\"https:\/\/monti.lt\/#\/schema\/logo\/image\/\"}}]}<\/script>\n<!-- \/ Yoast SEO plugin. -->","yoast_head_json":{"title":"Interaktyvi ma\u0161in\u0173 nuotyki\u0173 tr\u0105sa - Montessori \u017eaislai","robots":{"index":"index","follow":"follow","max-snippet":"max-snippet:-1","max-image-preview":"max-image-preview:large","max-video-preview":"max-video-preview:-1"},"canonical":"https:\/\/monti.lt\/en\/product\/interaktyvi-masinu-nuotykiu-trasa\/","og_locale":"en_US","og_type":"article","og_title":"Interaktyvi ma\u0161in\u0173 nuotyki\u0173 tr\u0105sa - Montessori \u017eaislai","og_description":"Gaisras, nelaimingas atsitikimas, o gal medyje \u012fstrigusi kat\u0117? Pad\u0117kite policijai ir ugniagesiams laiku pasiekti kelion\u0117s tiksl\u0105. B\u016bkite atsarg\u016bs, tai n\u0117ra taip paprasta &#8211; kelyje gausu netik\u0117tum\u0173 ir kli\u016b\u010di\u0173. Tik sumanumas ir vikrumas pad\u0117s pasiekti kelion\u0117s tiksl\u0105. Ir nepamir\u0161k, kad mokyklinis autobusas turi laiku nuve\u017eti vaikus \u012f mokykl\u0105, o vir\u0161ininkas turi susp\u0117ti \u012f svarb\u0173 susitikim\u0105. \u012esitraukite [&hellip;]","og_url":"https:\/\/monti.lt\/en\/product\/interaktyvi-masinu-nuotykiu-trasa\/","og_site_name":"Montessori \u017eaislai","article_modified_time":"2026-04-13T10:41:45+00:00","og_image":[{"width":1600,"height":1200,"url":"https:\/\/monti.lt\/wp-content\/uploads\/2023\/10\/Obstacle-course-interactive-parking-lot-racing-ambulance-police-auto-90524-2.jpg","type":"image\/jpeg"}],"twitter_card":"summary_large_image","twitter_misc":{"Est. reading time":"2 minutes"},"schema":{"@context":"https:\/\/schema.org","@graph":[{"@type":"WebPage","@id":"https:\/\/monti.lt\/product\/interaktyvi-masinu-nuotykiu-trasa\/","url":"https:\/\/monti.lt\/product\/interaktyvi-masinu-nuotykiu-trasa\/","name":"Interaktyvi ma\u0161in\u0173 nuotyki\u0173 tr\u0105sa - Montessori \u017eaislai","isPartOf":{"@id":"https:\/\/monti.lt\/#website"},"primaryImageOfPage":{"@id":"https:\/\/monti.lt\/product\/interaktyvi-masinu-nuotykiu-trasa\/#primaryimage"},"image":{"@id":"https:\/\/monti.lt\/product\/interaktyvi-masinu-nuotykiu-trasa\/#primaryimage"},"thumbnailUrl":"https:\/\/monti.lt\/wp-content\/uploads\/2023\/10\/Obstacle-course-interactive-parking-lot-racing-ambulance-police-auto-90524-2.jpg","datePublished":"2023-10-23T06:42:50+00:00","dateModified":"2026-04-13T10:41:45+00:00","breadcrumb":{"@id":"https:\/\/monti.lt\/product\/interaktyvi-masinu-nuotykiu-trasa\/#breadcrumb"},"inLanguage":"en-US","potentialAction":[{"@type":"ReadAction","target":["https:\/\/monti.lt\/product\/interaktyvi-masinu-nuotykiu-trasa\/"]}]},{"@type":"ImageObject","inLanguage":"en-US","@id":"https:\/\/monti.lt\/product\/interaktyvi-masinu-nuotykiu-trasa\/#primaryimage","url":"https:\/\/monti.lt\/wp-content\/uploads\/2023\/10\/Obstacle-course-interactive-parking-lot-racing-ambulance-police-auto-90524-2.jpg","contentUrl":"https:\/\/monti.lt\/wp-content\/uploads\/2023\/10\/Obstacle-course-interactive-parking-lot-racing-ambulance-police-auto-90524-2.jpg","width":1600,"height":1200},{"@type":"BreadcrumbList","@id":"https:\/\/monti.lt\/product\/interaktyvi-masinu-nuotykiu-trasa\/#breadcrumb","itemListElement":[{"@type":"ListItem","position":1,"name":"Home","item":"https:\/\/monti.lt\/"},{"@type":"ListItem","position":2,"name":"Parduotuv\u0117","item":"https:\/\/monti.lt\/shop\/"},{"@type":"ListItem","position":3,"name":"Interaktyvi ma\u0161in\u0173 nuotyki\u0173 tr\u0105sa"}]},{"@type":"WebSite","@id":"https:\/\/monti.lt\/#website","url":"https:\/\/monti.lt\/","name":"Montessori \u017eaislai","description":"","publisher":{"@id":"https:\/\/monti.lt\/#organization"},"potentialAction":[{"@type":"SearchAction","target":{"@type":"EntryPoint","urlTemplate":"https:\/\/monti.lt\/?s={search_term_string}"},"query-input":"required name=search_term_string"}],"inLanguage":"en-US"},{"@type":"Organization","@id":"https:\/\/monti.lt\/#organization","name":"Montessori \u017eaislai","url":"https:\/\/monti.lt\/","logo":{"@type":"ImageObject","inLanguage":"en-US","@id":"https:\/\/monti.lt\/#\/schema\/logo\/image\/","url":"https:\/\/monti.lt\/wp-content\/uploads\/2022\/03\/montilogo-1.png","contentUrl":"https:\/\/monti.lt\/wp-content\/uploads\/2022\/03\/montilogo-1.png","width":512,"height":512,"caption":"Montessori \u017eaislai"},"image":{"@id":"https:\/\/monti.lt\/#\/schema\/logo\/image\/"}}]}},"_links":{"self":[{"href":"https:\/\/monti.lt\/en\/wp-json\/wp\/v2\/product\/18604"}],"collection":[{"href":"https:\/\/monti.lt\/en\/wp-json\/wp\/v2\/product"}],"about":[{"href":"https:\/\/monti.lt\/en\/wp-json\/wp\/v2\/types\/product"}],"version-history":[{"count":2,"href":"https:\/\/monti.lt\/en\/wp-json\/wp\/v2\/product\/18604\/revisions"}],"predecessor-version":[{"id":29792,"href":"https:\/\/monti.lt\/en\/wp-json\/wp\/v2\/product\/18604\/revisions\/29792"}],"wp:featuredmedia":[{"embeddable":true,"href":"https:\/\/monti.lt\/en\/wp-json\/wp\/v2\/media\/29786"}],"wp:attachment":[{"href":"https:\/\/monti.lt\/en\/wp-json\/wp\/v2\/media?parent=18604"}],"wp:term":[{"taxonomy":"product_cat","embeddable":true,"href":"https:\/\/monti.lt\/en\/wp-json\/wp\/v2\/product_cat?post=18604"},{"taxonomy":"product_tag","embeddable":true,"href":"https:\/\/monti.lt\/en\/wp-json\/wp\/v2\/product_tag?post=18604"}],"curies":[{"name":"wp","href":"https:\/\/api.w.org\/{rel}","templated":true}]}}