{"id":18667,"date":"2023-10-23T11:51:38","date_gmt":"2023-10-23T11:51:38","guid":{"rendered":"https:\/\/monti.lt\/?post_type=product&#038;p=18667"},"modified":"2025-12-09T15:03:45","modified_gmt":"2025-12-09T15:03:45","slug":"viga-medinis-montessori-kalendorius","status":"publish","type":"product","link":"https:\/\/monti.lt\/en\/product\/viga-medinis-montessori-kalendorius\/","title":{"rendered":"Viga medinis Montessori stiliaus kalendorius"},"content":{"rendered":"<p><strong>VIGA PolarB medinis kalendorius ir laikrodis<\/strong>&nbsp;&nbsp;yra puikus linksmybi\u0173 ir mokymosi derinys.&nbsp;\u017daislas pad\u0117s j\u016bs\u0173 vaikui i\u0161mokti naudotis laikrod\u017eiu ir i\u0161mokti pajusti laik\u0105.&nbsp;Spalving\u0173 paveiksl\u0117li\u0173 ir fig\u016br\u0117li\u0173 d\u0117ka savo vaikus galime i\u0161mokyti savait\u0117s dien\u0173, m\u0117nesi\u0173 ir met\u0173 laik\u0173 pavadinim\u0173 angl\u0173 kalba.&nbsp;Tai puikus linksmo ir naudingo mokymosi derinys.&nbsp;Vis\u0105 \u017eaisl\u0173 serij\u0105 POLAR BEAR suk\u016br\u0117 VIGA, siekdama pateisinti t\u0117v\u0173 ir vaik\u0173 l\u016bkes\u010dius gerinant j\u0173 raidos proces\u0105 \u017eaid\u017eiant.<\/p>\n\n\n\n<p><strong>Charakteristika:<\/strong><\/p>\n\n\n\n<ul class=\"wp-block-list\">\n<li>&#8211; medinis \u017eaislas su laikrod\u017eiu ir \u017eenklais: savait\u0117s dienomis, m\u0117nesiais, sezonais ir oru,<\/li>\n\n\n\n<li>&#8211; d\u0117l pritvirtint\u0173 gyv\u016bn\u0173 vaikas gali nustatyti bet koki\u0105 dat\u0105,<\/li>\n\n\n\n<li>&#8211; laikrod\u017eio rodykli\u0173 d\u0117ka galime nustatyti bet kok\u012f laik\u0105 ir i\u0161mokyti vaik\u0105 atskirti paros laikus ne tik dvylikos valand\u0173 cikle, bet ir dvide\u0161imt keturi\u0173 valand\u0173 cikle, taip pat atitinkam\u0105 skai\u010di\u0173 minu\u010di\u0173,<\/li>\n\n\n\n<li>&#8211; visi vardai yra angl\u0173 kalba, tod\u0117l vaikas nuo pat prad\u017ei\u0173 mokosi u\u017esienio kalbos,<\/li>\n\n\n\n<li>&#8211; vis\u0105 \u017eaisl\u0173 serij\u0105 POLAR BEAR suk\u016br\u0117 VIGA, siekdama patenkinti t\u0117v\u0173 ir vaik\u0173 l\u016bkes\u010dius gerinant j\u0173 raidos proces\u0105 \u017eaid\u017eiant,<\/li>\n\n\n\n<li>&#8211; \u017eaislas pagamintas i\u0161 lakuotos medienos ir nuda\u017eytas netoksi\u0161kais da\u017eais pastelin\u0117mis spalvomis, kurios patiks kiekvienam vartotojui.<\/li>\n<\/ul>\n\n\n\n<p><strong>\u017daislas vysto:<\/strong>&nbsp;<\/p>\n\n\n\n<ul class=\"wp-block-list\">\n<li>&#8211; aki\u0173-rank\u0173 koordinacija,<\/li>\n\n\n\n<li>&#8211; rankiniai \u012fg\u016bd\u017eiai,<\/li>\n\n\n\n<li>&#8211; vaizduot\u0117s,<\/li>\n\n\n\n<li>&#8211; k\u016brybi\u0161kumas,<\/li>\n\n\n\n<li>&#8211; loginis m\u0105stymas.<\/li>\n<\/ul>\n\n\n\n<p><strong>Ekologiniai \u017eaislai<\/strong>&nbsp;&nbsp; skirti patiems ma\u017eiausiems vaikams ir yra pagaminti i\u0161 visi\u0161kai nat\u016brali\u0173, biologi\u0161kai skaid\u017ei\u0173 ir hipoalergini\u0173 med\u017eiag\u0173, tod\u0117l yra 100% saug\u016bs ir nekenksmingi ne tik aplinkai, bet ir J\u016bs\u0173 vaikui.<\/p>\n\n\n\n<p><strong>\u201eViga\u201c<\/strong>\u00a0\u00a0yra prek\u0117s \u017eenklas, \u012fregistruotas 2003 m., ta\u010diau jau veikiantis daugiau nei 60 pasaulio \u0161ali\u0173.\u00a0J\u0173 novatori\u0161kos id\u0117jos sulauk\u0117 pripa\u017einimo, be kita ko.\u00a0Europoje, JAV, tolimojoje Australijoje ir Japonijoje.\u012emon\u0117s \u012fk\u016br\u0117jai atkreip\u0117 d\u0117mes\u012f \u012f tyrim\u0173 rezultatus, rodan\u010dius \u017eaidimo ir mokymosi ry\u0161\u012f ankstyvaisiais vaik\u0173 raidos metais.\u00a0Nor\u0117damas pad\u0117ti t\u0117vams ir ugdymo \u012fstaigoms auginti vaikus ir i\u0161gelb\u0117ti juos nuo virtualaus pasaulio, galin\u010dio gerokai i\u0161kreipti tikrov\u0119, gamintojas si\u016blo inovatyv\u0173 asortiment\u0105 i\u0161 nat\u016brali\u0173 med\u017eiag\u0173, gaut\u0173 ekologi\u0161k\u0173 gamybos proces\u0173 metu.\u00a0Medini\u0173 gamini\u0173 sauga ir kokyb\u0117 yra Vigi prioritetas, gamintojas pasir\u016bpino, kad \u017eaislams da\u017eyti naudojami da\u017eai atitikt\u0173 EN71 ir ASTM saugos standartus.<\/p>\n\n\n\n<p>29,5 x 29,5 x 3 (cm)<\/p>","protected":false},"excerpt":{"rendered":"<p>VIGA PolarB medinis kalendorius ir laikrodis&nbsp;&nbsp;yra puikus linksmybi\u0173 ir mokymosi derinys.&nbsp;\u017daislas pad\u0117s j\u016bs\u0173 vaikui i\u0161mokti naudotis laikrod\u017eiu ir i\u0161mokti pajusti laik\u0105.&nbsp;Spalving\u0173 paveiksl\u0117li\u0173 ir fig\u016br\u0117li\u0173 d\u0117ka savo vaikus galime i\u0161mokyti savait\u0117s dien\u0173, m\u0117nesi\u0173 ir met\u0173 laik\u0173 pavadinim\u0173 angl\u0173 kalba.&nbsp;Tai puikus linksmo ir naudingo mokymosi derinys.&nbsp;Vis\u0105 \u017eaisl\u0173 serij\u0105 POLAR BEAR suk\u016br\u0117 VIGA, siekdama pateisinti t\u0117v\u0173 ir vaik\u0173 [&hellip;]<\/p>","protected":false},"featured_media":18668,"template":"","meta":{"_acf_changed":false,"iawp_total_views":478},"product_cat":[191,84,102,83,90,199,245,49,39],"product_tag":[97,98],"class_list":{"0":"post-18667","1":"product","2":"type-product","3":"status-publish","4":"has-post-thumbnail","6":"product_cat-dovanos-vaikams","7":"product_cat-lavinamieji-zaislai","8":"product_cat-mediniai-zaislai","9":"product_cat-montessori-zaislai","10":"product_cat-pasaulio-pazinimas","11":"product_cat-ugdymo-istaigoms","12":"product_cat-viga","13":"product_cat-visi-zaislai","14":"product_cat-zaislai","15":"product_tag-3-m-4-m","16":"product_tag-5-m-7-m","18":"first","19":"outofstock","20":"taxable","21":"shipping-taxable","22":"purchasable","23":"product-type-simple"},"acf":[],"yoast_head":"<!-- This site is optimized with the Yoast SEO plugin v23.3 - https:\/\/yoast.com\/wordpress\/plugins\/seo\/ -->\n<title>Viga medinis Montessori stiliaus kalendorius - Montessori \u017eaislai<\/title>\n<meta name=\"robots\" content=\"index, follow, max-snippet:-1, max-image-preview:large, max-video-preview:-1\" \/>\n<link rel=\"canonical\" href=\"https:\/\/monti.lt\/en\/product\/viga-medinis-montessori-kalendorius\/\" \/>\n<meta property=\"og:locale\" content=\"en_US\" \/>\n<meta property=\"og:type\" content=\"article\" \/>\n<meta property=\"og:title\" content=\"Viga medinis Montessori stiliaus kalendorius - Montessori \u017eaislai\" \/>\n<meta property=\"og:description\" content=\"VIGA PolarB medinis kalendorius ir laikrodis&nbsp;&nbsp;yra puikus linksmybi\u0173 ir mokymosi derinys.&nbsp;\u017daislas pad\u0117s j\u016bs\u0173 vaikui i\u0161mokti naudotis laikrod\u017eiu ir i\u0161mokti pajusti laik\u0105.&nbsp;Spalving\u0173 paveiksl\u0117li\u0173 ir fig\u016br\u0117li\u0173 d\u0117ka savo vaikus galime i\u0161mokyti savait\u0117s dien\u0173, m\u0117nesi\u0173 ir met\u0173 laik\u0173 pavadinim\u0173 angl\u0173 kalba.&nbsp;Tai puikus linksmo ir naudingo mokymosi derinys.&nbsp;Vis\u0105 \u017eaisl\u0173 serij\u0105 POLAR BEAR suk\u016br\u0117 VIGA, siekdama pateisinti t\u0117v\u0173 ir vaik\u0173 [&hellip;]\" \/>\n<meta property=\"og:url\" content=\"https:\/\/monti.lt\/en\/product\/viga-medinis-montessori-kalendorius\/\" \/>\n<meta property=\"og:site_name\" content=\"Montessori \u017eaislai\" \/>\n<meta property=\"article:modified_time\" content=\"2025-12-09T15:03:45+00:00\" \/>\n<meta property=\"og:image\" content=\"https:\/\/monti.lt\/wp-content\/uploads\/2023\/10\/viga-polarb-drewniany-kalendarz-i-zegar-montessori.jpg\" \/>\n\t<meta property=\"og:image:width\" content=\"800\" \/>\n\t<meta property=\"og:image:height\" content=\"800\" \/>\n\t<meta property=\"og:image:type\" content=\"image\/jpeg\" \/>\n<meta name=\"twitter:card\" content=\"summary_large_image\" \/>\n<meta name=\"twitter:label1\" content=\"Est. reading time\" \/>\n\t<meta name=\"twitter:data1\" content=\"2 minutes\" \/>\n<script type=\"application\/ld+json\" class=\"yoast-schema-graph\">{\"@context\":\"https:\/\/schema.org\",\"@graph\":[{\"@type\":\"WebPage\",\"@id\":\"https:\/\/monti.lt\/product\/viga-medinis-montessori-kalendorius\/\",\"url\":\"https:\/\/monti.lt\/product\/viga-medinis-montessori-kalendorius\/\",\"name\":\"Viga medinis Montessori stiliaus kalendorius - Montessori \u017eaislai\",\"isPartOf\":{\"@id\":\"https:\/\/monti.lt\/#website\"},\"primaryImageOfPage\":{\"@id\":\"https:\/\/monti.lt\/product\/viga-medinis-montessori-kalendorius\/#primaryimage\"},\"image\":{\"@id\":\"https:\/\/monti.lt\/product\/viga-medinis-montessori-kalendorius\/#primaryimage\"},\"thumbnailUrl\":\"https:\/\/monti.lt\/wp-content\/uploads\/2023\/10\/viga-polarb-drewniany-kalendarz-i-zegar-montessori.jpg\",\"datePublished\":\"2023-10-23T11:51:38+00:00\",\"dateModified\":\"2025-12-09T15:03:45+00:00\",\"breadcrumb\":{\"@id\":\"https:\/\/monti.lt\/product\/viga-medinis-montessori-kalendorius\/#breadcrumb\"},\"inLanguage\":\"en-US\",\"potentialAction\":[{\"@type\":\"ReadAction\",\"target\":[\"https:\/\/monti.lt\/product\/viga-medinis-montessori-kalendorius\/\"]}]},{\"@type\":\"ImageObject\",\"inLanguage\":\"en-US\",\"@id\":\"https:\/\/monti.lt\/product\/viga-medinis-montessori-kalendorius\/#primaryimage\",\"url\":\"https:\/\/monti.lt\/wp-content\/uploads\/2023\/10\/viga-polarb-drewniany-kalendarz-i-zegar-montessori.jpg\",\"contentUrl\":\"https:\/\/monti.lt\/wp-content\/uploads\/2023\/10\/viga-polarb-drewniany-kalendarz-i-zegar-montessori.jpg\",\"width\":800,\"height\":800,\"caption\":\"medinis kalendorius\"},{\"@type\":\"BreadcrumbList\",\"@id\":\"https:\/\/monti.lt\/product\/viga-medinis-montessori-kalendorius\/#breadcrumb\",\"itemListElement\":[{\"@type\":\"ListItem\",\"position\":1,\"name\":\"Home\",\"item\":\"https:\/\/monti.lt\/\"},{\"@type\":\"ListItem\",\"position\":2,\"name\":\"Parduotuv\u0117\",\"item\":\"https:\/\/monti.lt\/shop\/\"},{\"@type\":\"ListItem\",\"position\":3,\"name\":\"Viga medinis Montessori stiliaus kalendorius\"}]},{\"@type\":\"WebSite\",\"@id\":\"https:\/\/monti.lt\/#website\",\"url\":\"https:\/\/monti.lt\/\",\"name\":\"Montessori \u017eaislai\",\"description\":\"\",\"publisher\":{\"@id\":\"https:\/\/monti.lt\/#organization\"},\"potentialAction\":[{\"@type\":\"SearchAction\",\"target\":{\"@type\":\"EntryPoint\",\"urlTemplate\":\"https:\/\/monti.lt\/?s={search_term_string}\"},\"query-input\":\"required name=search_term_string\"}],\"inLanguage\":\"en-US\"},{\"@type\":\"Organization\",\"@id\":\"https:\/\/monti.lt\/#organization\",\"name\":\"Montessori \u017eaislai\",\"url\":\"https:\/\/monti.lt\/\",\"logo\":{\"@type\":\"ImageObject\",\"inLanguage\":\"en-US\",\"@id\":\"https:\/\/monti.lt\/#\/schema\/logo\/image\/\",\"url\":\"https:\/\/monti.lt\/wp-content\/uploads\/2022\/03\/montilogo-1.png\",\"contentUrl\":\"https:\/\/monti.lt\/wp-content\/uploads\/2022\/03\/montilogo-1.png\",\"width\":512,\"height\":512,\"caption\":\"Montessori \u017eaislai\"},\"image\":{\"@id\":\"https:\/\/monti.lt\/#\/schema\/logo\/image\/\"}}]}<\/script>\n<!-- \/ Yoast SEO plugin. -->","yoast_head_json":{"title":"Viga medinis Montessori stiliaus kalendorius - Montessori \u017eaislai","robots":{"index":"index","follow":"follow","max-snippet":"max-snippet:-1","max-image-preview":"max-image-preview:large","max-video-preview":"max-video-preview:-1"},"canonical":"https:\/\/monti.lt\/en\/product\/viga-medinis-montessori-kalendorius\/","og_locale":"en_US","og_type":"article","og_title":"Viga medinis Montessori stiliaus kalendorius - Montessori \u017eaislai","og_description":"VIGA PolarB medinis kalendorius ir laikrodis&nbsp;&nbsp;yra puikus linksmybi\u0173 ir mokymosi derinys.&nbsp;\u017daislas pad\u0117s j\u016bs\u0173 vaikui i\u0161mokti naudotis laikrod\u017eiu ir i\u0161mokti pajusti laik\u0105.&nbsp;Spalving\u0173 paveiksl\u0117li\u0173 ir fig\u016br\u0117li\u0173 d\u0117ka savo vaikus galime i\u0161mokyti savait\u0117s dien\u0173, m\u0117nesi\u0173 ir met\u0173 laik\u0173 pavadinim\u0173 angl\u0173 kalba.&nbsp;Tai puikus linksmo ir naudingo mokymosi derinys.&nbsp;Vis\u0105 \u017eaisl\u0173 serij\u0105 POLAR BEAR suk\u016br\u0117 VIGA, siekdama pateisinti t\u0117v\u0173 ir vaik\u0173 [&hellip;]","og_url":"https:\/\/monti.lt\/en\/product\/viga-medinis-montessori-kalendorius\/","og_site_name":"Montessori \u017eaislai","article_modified_time":"2025-12-09T15:03:45+00:00","og_image":[{"width":800,"height":800,"url":"https:\/\/monti.lt\/wp-content\/uploads\/2023\/10\/viga-polarb-drewniany-kalendarz-i-zegar-montessori.jpg","type":"image\/jpeg"}],"twitter_card":"summary_large_image","twitter_misc":{"Est. reading time":"2 minutes"},"schema":{"@context":"https:\/\/schema.org","@graph":[{"@type":"WebPage","@id":"https:\/\/monti.lt\/product\/viga-medinis-montessori-kalendorius\/","url":"https:\/\/monti.lt\/product\/viga-medinis-montessori-kalendorius\/","name":"Viga medinis Montessori stiliaus kalendorius - Montessori \u017eaislai","isPartOf":{"@id":"https:\/\/monti.lt\/#website"},"primaryImageOfPage":{"@id":"https:\/\/monti.lt\/product\/viga-medinis-montessori-kalendorius\/#primaryimage"},"image":{"@id":"https:\/\/monti.lt\/product\/viga-medinis-montessori-kalendorius\/#primaryimage"},"thumbnailUrl":"https:\/\/monti.lt\/wp-content\/uploads\/2023\/10\/viga-polarb-drewniany-kalendarz-i-zegar-montessori.jpg","datePublished":"2023-10-23T11:51:38+00:00","dateModified":"2025-12-09T15:03:45+00:00","breadcrumb":{"@id":"https:\/\/monti.lt\/product\/viga-medinis-montessori-kalendorius\/#breadcrumb"},"inLanguage":"en-US","potentialAction":[{"@type":"ReadAction","target":["https:\/\/monti.lt\/product\/viga-medinis-montessori-kalendorius\/"]}]},{"@type":"ImageObject","inLanguage":"en-US","@id":"https:\/\/monti.lt\/product\/viga-medinis-montessori-kalendorius\/#primaryimage","url":"https:\/\/monti.lt\/wp-content\/uploads\/2023\/10\/viga-polarb-drewniany-kalendarz-i-zegar-montessori.jpg","contentUrl":"https:\/\/monti.lt\/wp-content\/uploads\/2023\/10\/viga-polarb-drewniany-kalendarz-i-zegar-montessori.jpg","width":800,"height":800,"caption":"medinis kalendorius"},{"@type":"BreadcrumbList","@id":"https:\/\/monti.lt\/product\/viga-medinis-montessori-kalendorius\/#breadcrumb","itemListElement":[{"@type":"ListItem","position":1,"name":"Home","item":"https:\/\/monti.lt\/"},{"@type":"ListItem","position":2,"name":"Parduotuv\u0117","item":"https:\/\/monti.lt\/shop\/"},{"@type":"ListItem","position":3,"name":"Viga medinis Montessori stiliaus kalendorius"}]},{"@type":"WebSite","@id":"https:\/\/monti.lt\/#website","url":"https:\/\/monti.lt\/","name":"Montessori \u017eaislai","description":"","publisher":{"@id":"https:\/\/monti.lt\/#organization"},"potentialAction":[{"@type":"SearchAction","target":{"@type":"EntryPoint","urlTemplate":"https:\/\/monti.lt\/?s={search_term_string}"},"query-input":"required name=search_term_string"}],"inLanguage":"en-US"},{"@type":"Organization","@id":"https:\/\/monti.lt\/#organization","name":"Montessori \u017eaislai","url":"https:\/\/monti.lt\/","logo":{"@type":"ImageObject","inLanguage":"en-US","@id":"https:\/\/monti.lt\/#\/schema\/logo\/image\/","url":"https:\/\/monti.lt\/wp-content\/uploads\/2022\/03\/montilogo-1.png","contentUrl":"https:\/\/monti.lt\/wp-content\/uploads\/2022\/03\/montilogo-1.png","width":512,"height":512,"caption":"Montessori \u017eaislai"},"image":{"@id":"https:\/\/monti.lt\/#\/schema\/logo\/image\/"}}]}},"_links":{"self":[{"href":"https:\/\/monti.lt\/en\/wp-json\/wp\/v2\/product\/18667"}],"collection":[{"href":"https:\/\/monti.lt\/en\/wp-json\/wp\/v2\/product"}],"about":[{"href":"https:\/\/monti.lt\/en\/wp-json\/wp\/v2\/types\/product"}],"version-history":[{"count":2,"href":"https:\/\/monti.lt\/en\/wp-json\/wp\/v2\/product\/18667\/revisions"}],"predecessor-version":[{"id":20685,"href":"https:\/\/monti.lt\/en\/wp-json\/wp\/v2\/product\/18667\/revisions\/20685"}],"wp:featuredmedia":[{"embeddable":true,"href":"https:\/\/monti.lt\/en\/wp-json\/wp\/v2\/media\/18668"}],"wp:attachment":[{"href":"https:\/\/monti.lt\/en\/wp-json\/wp\/v2\/media?parent=18667"}],"wp:term":[{"taxonomy":"product_cat","embeddable":true,"href":"https:\/\/monti.lt\/en\/wp-json\/wp\/v2\/product_cat?post=18667"},{"taxonomy":"product_tag","embeddable":true,"href":"https:\/\/monti.lt\/en\/wp-json\/wp\/v2\/product_tag?post=18667"}],"curies":[{"name":"wp","href":"https:\/\/api.w.org\/{rel}","templated":true}]}}