{"id":18710,"date":"2023-10-25T06:47:58","date_gmt":"2023-10-25T06:47:58","guid":{"rendered":"https:\/\/monti.lt\/?post_type=product&#038;p=18710"},"modified":"2026-03-29T10:27:17","modified_gmt":"2026-03-29T10:27:17","slug":"medinis-kasos-aparatas","status":"publish","type":"product","link":"https:\/\/monti.lt\/en\/product\/medinis-kasos-aparatas\/","title":{"rendered":"Medinis kasos aparatas"},"content":{"rendered":"<p><strong>Parduotuv\u0117s \u201eViga\u201c kasa<\/strong>&nbsp;\u2013 puikus medinis \u017eaislas, leisiantis suvaidinti daugyb\u0119 scen\u0173, kurios gali vykti parduotuv\u0117je.&nbsp;Vaikai gali atlikti kasininko ar kliento vaidmen\u012f ir kartu lavinti&nbsp;<strong>&nbsp;socialin\u0119 s\u0105veik\u0105<\/strong>&nbsp;bei&nbsp;&nbsp;<strong>bendravimo \u012fg\u016bd\u017eius<\/strong>&nbsp;.&nbsp;Grynieji pinigai ar kortel\u0117?&nbsp;Apskai\u010diuokite mok\u0117tin\u0105 sum\u0105, priimkite pinigus ir teisingai nurodykite pakeitim\u0105.&nbsp;Kasoje yra 40 monet\u0173, mok\u0117jimo kortel\u0117, skaitytuvas ant virvel\u0117s ir juostos ritinys kvit\u0173 \u201espausdinimui\u201c.&nbsp;Vaikas gali mokytis \u017eaisdamas pagal&nbsp;<strong>Montessori<\/strong>&nbsp;!&nbsp;<strong>Moksl\u0173 karalien\u0117 \u2013 matematika<\/strong>&nbsp;&nbsp;nebebus baisu.<\/p>\n\n\n\n<p><strong>Charakteristika:<\/strong><\/p>\n\n\n\n<ul class=\"wp-block-list\">\n<li><strong>&#8211;&nbsp;&nbsp;<\/strong><a href=\"https:\/\/brykacze.pl\/sklepiki-i-akcesoria-dla-dzieci-21\" target=\"_blank\" rel=\"noreferrer noopener\">Kasos aparate<\/a>&nbsp;yra&nbsp;<strong>40&nbsp;<\/strong><strong>monet\u0173<\/strong>&nbsp;,&nbsp;<strong>skaitytuvas ant virvel\u0117s, juostel\u0117 &#8220;kvit\u0173&#8221; spausdinimui<\/strong>&nbsp;ir&nbsp;&nbsp;<strong>mok\u0117jimo kortel\u0117<\/strong>&nbsp;,<\/li>\n\n\n\n<li>&#8211; gaminys, pagamintas atkreipiant d\u0117mes\u012f \u012f smulkiausias detales,<\/li>\n\n\n\n<li>&#8211; \u017eaislas i\u0161 auk\u0161tos kokyb\u0117s med\u017eio.&nbsp;<\/li>\n<\/ul>\n\n\n\n<p><strong>\u017daislas vysto:&nbsp;<\/strong><\/p>\n\n\n\n<ul class=\"wp-block-list\">\n<li>&#8211; skai\u010diavimo \u012fg\u016bd\u017eiai,<\/li>\n\n\n\n<li>&#8211; socialiniai \u012fg\u016bd\u017eiai,<\/li>\n\n\n\n<li>&#8211; bendravimo \u012fg\u016bd\u017eiai,<\/li>\n\n\n\n<li>&#8211; mokytis skai\u010di\u0173,<\/li>\n\n\n\n<li>&#8211; pa\u017eintiniai geb\u0117jimai.<\/li>\n<\/ul>\n\n\n\n<figure class=\"wp-block-table\"><table><tbody><tr><td>Am\u017eius<\/td><td>nuo 3 met\u0173<\/td><\/tr><tr><td>Gaminio matmenys<\/td><td>18 x 18 x 9,5 cm<\/td><\/tr><\/tbody><\/table><\/figure>","protected":false},"excerpt":{"rendered":"<p>Parduotuv\u0117s \u201eViga\u201c kasa&nbsp;\u2013 puikus medinis \u017eaislas, leisiantis suvaidinti daugyb\u0119 scen\u0173, kurios gali vykti parduotuv\u0117je.&nbsp;Vaikai gali atlikti kasininko ar kliento vaidmen\u012f ir kartu lavinti&nbsp;&nbsp;socialin\u0119 s\u0105veik\u0105&nbsp;bei&nbsp;&nbsp;bendravimo \u012fg\u016bd\u017eius&nbsp;.&nbsp;Grynieji pinigai ar kortel\u0117?&nbsp;Apskai\u010diuokite mok\u0117tin\u0105 sum\u0105, priimkite pinigus ir teisingai nurodykite pakeitim\u0105.&nbsp;Kasoje yra 40 monet\u0173, mok\u0117jimo kortel\u0117, skaitytuvas ant virvel\u0117s ir juostos ritinys kvit\u0173 \u201espausdinimui\u201c.&nbsp;Vaikas gali mokytis \u017eaisdamas pagal&nbsp;Montessori&nbsp;!&nbsp;Moksl\u0173 karalien\u0117 \u2013 [&hellip;]<\/p>","protected":false},"featured_media":18711,"template":"","meta":{"_acf_changed":false,"iawp_total_views":215},"product_cat":[195,216,191,82,192,84,102,88,83,90,199,93,245,49,39],"product_tag":[97,98],"class_list":{"0":"post-18710","1":"product","2":"type-product","3":"status-publish","4":"has-post-thumbnail","6":"product_cat-dovanos-vaikams-3-4-metu","7":"product_cat-dovanos-4-5-metu-vaikams","8":"product_cat-dovanos-vaikams","9":"product_cat-ispardavimas","10":"product_cat-kaledines-dovanos-vaikams","11":"product_cat-lavinamieji-zaislai","12":"product_cat-mediniai-zaislai","13":"product_cat-mokausi-zaisti","14":"product_cat-montessori-zaislai","15":"product_cat-pasaulio-pazinimas","16":"product_cat-ugdymo-istaigoms","17":"product_cat-vaidmenu-zaidimai","18":"product_cat-viga","19":"product_cat-visi-zaislai","20":"product_cat-zaislai","21":"product_tag-3-m-4-m","22":"product_tag-5-m-7-m","24":"first","25":"outofstock","26":"taxable","27":"shipping-taxable","28":"purchasable","29":"product-type-simple"},"acf":[],"yoast_head":"<!-- This site is optimized with the Yoast SEO plugin v23.3 - https:\/\/yoast.com\/wordpress\/plugins\/seo\/ -->\n<title>Medinis kasos aparatas - Montessori \u017eaislai<\/title>\n<meta name=\"robots\" content=\"index, follow, max-snippet:-1, max-image-preview:large, max-video-preview:-1\" \/>\n<link rel=\"canonical\" href=\"https:\/\/monti.lt\/en\/product\/medinis-kasos-aparatas\/\" \/>\n<meta property=\"og:locale\" content=\"en_US\" \/>\n<meta property=\"og:type\" content=\"article\" \/>\n<meta property=\"og:title\" content=\"Medinis kasos aparatas - Montessori \u017eaislai\" \/>\n<meta property=\"og:description\" content=\"Parduotuv\u0117s \u201eViga\u201c kasa&nbsp;\u2013 puikus medinis \u017eaislas, leisiantis suvaidinti daugyb\u0119 scen\u0173, kurios gali vykti parduotuv\u0117je.&nbsp;Vaikai gali atlikti kasininko ar kliento vaidmen\u012f ir kartu lavinti&nbsp;&nbsp;socialin\u0119 s\u0105veik\u0105&nbsp;bei&nbsp;&nbsp;bendravimo \u012fg\u016bd\u017eius&nbsp;.&nbsp;Grynieji pinigai ar kortel\u0117?&nbsp;Apskai\u010diuokite mok\u0117tin\u0105 sum\u0105, priimkite pinigus ir teisingai nurodykite pakeitim\u0105.&nbsp;Kasoje yra 40 monet\u0173, mok\u0117jimo kortel\u0117, skaitytuvas ant virvel\u0117s ir juostos ritinys kvit\u0173 \u201espausdinimui\u201c.&nbsp;Vaikas gali mokytis \u017eaisdamas pagal&nbsp;Montessori&nbsp;!&nbsp;Moksl\u0173 karalien\u0117 \u2013 [&hellip;]\" \/>\n<meta property=\"og:url\" content=\"https:\/\/monti.lt\/en\/product\/medinis-kasos-aparatas\/\" \/>\n<meta property=\"og:site_name\" content=\"Montessori \u017eaislai\" \/>\n<meta property=\"article:modified_time\" content=\"2026-03-29T10:27:17+00:00\" \/>\n<meta property=\"og:image\" content=\"https:\/\/monti.lt\/wp-content\/uploads\/2023\/10\/drewniana-kasa-sklepowa-z-akcesoriami-skaner-viga-toys-montessori-4.jpg\" \/>\n\t<meta property=\"og:image:width\" content=\"800\" \/>\n\t<meta property=\"og:image:height\" content=\"800\" \/>\n\t<meta property=\"og:image:type\" content=\"image\/jpeg\" \/>\n<meta name=\"twitter:card\" content=\"summary_large_image\" \/>\n<meta name=\"twitter:label1\" content=\"Est. reading time\" \/>\n\t<meta name=\"twitter:data1\" content=\"1 minute\" \/>\n<script type=\"application\/ld+json\" class=\"yoast-schema-graph\">{\"@context\":\"https:\/\/schema.org\",\"@graph\":[{\"@type\":\"WebPage\",\"@id\":\"https:\/\/monti.lt\/product\/medinis-kasos-aparatas\/\",\"url\":\"https:\/\/monti.lt\/product\/medinis-kasos-aparatas\/\",\"name\":\"Medinis kasos aparatas - Montessori \u017eaislai\",\"isPartOf\":{\"@id\":\"https:\/\/monti.lt\/#website\"},\"primaryImageOfPage\":{\"@id\":\"https:\/\/monti.lt\/product\/medinis-kasos-aparatas\/#primaryimage\"},\"image\":{\"@id\":\"https:\/\/monti.lt\/product\/medinis-kasos-aparatas\/#primaryimage\"},\"thumbnailUrl\":\"https:\/\/monti.lt\/wp-content\/uploads\/2023\/10\/drewniana-kasa-sklepowa-z-akcesoriami-skaner-viga-toys-montessori-4.jpg\",\"datePublished\":\"2023-10-25T06:47:58+00:00\",\"dateModified\":\"2026-03-29T10:27:17+00:00\",\"breadcrumb\":{\"@id\":\"https:\/\/monti.lt\/product\/medinis-kasos-aparatas\/#breadcrumb\"},\"inLanguage\":\"en-US\",\"potentialAction\":[{\"@type\":\"ReadAction\",\"target\":[\"https:\/\/monti.lt\/product\/medinis-kasos-aparatas\/\"]}]},{\"@type\":\"ImageObject\",\"inLanguage\":\"en-US\",\"@id\":\"https:\/\/monti.lt\/product\/medinis-kasos-aparatas\/#primaryimage\",\"url\":\"https:\/\/monti.lt\/wp-content\/uploads\/2023\/10\/drewniana-kasa-sklepowa-z-akcesoriami-skaner-viga-toys-montessori-4.jpg\",\"contentUrl\":\"https:\/\/monti.lt\/wp-content\/uploads\/2023\/10\/drewniana-kasa-sklepowa-z-akcesoriami-skaner-viga-toys-montessori-4.jpg\",\"width\":800,\"height\":800,\"caption\":\"vaikiskas kasos aparatas\"},{\"@type\":\"BreadcrumbList\",\"@id\":\"https:\/\/monti.lt\/product\/medinis-kasos-aparatas\/#breadcrumb\",\"itemListElement\":[{\"@type\":\"ListItem\",\"position\":1,\"name\":\"Home\",\"item\":\"https:\/\/monti.lt\/\"},{\"@type\":\"ListItem\",\"position\":2,\"name\":\"Parduotuv\u0117\",\"item\":\"https:\/\/monti.lt\/shop\/\"},{\"@type\":\"ListItem\",\"position\":3,\"name\":\"Medinis kasos aparatas\"}]},{\"@type\":\"WebSite\",\"@id\":\"https:\/\/monti.lt\/#website\",\"url\":\"https:\/\/monti.lt\/\",\"name\":\"Montessori \u017eaislai\",\"description\":\"\",\"publisher\":{\"@id\":\"https:\/\/monti.lt\/#organization\"},\"potentialAction\":[{\"@type\":\"SearchAction\",\"target\":{\"@type\":\"EntryPoint\",\"urlTemplate\":\"https:\/\/monti.lt\/?s={search_term_string}\"},\"query-input\":\"required name=search_term_string\"}],\"inLanguage\":\"en-US\"},{\"@type\":\"Organization\",\"@id\":\"https:\/\/monti.lt\/#organization\",\"name\":\"Montessori \u017eaislai\",\"url\":\"https:\/\/monti.lt\/\",\"logo\":{\"@type\":\"ImageObject\",\"inLanguage\":\"en-US\",\"@id\":\"https:\/\/monti.lt\/#\/schema\/logo\/image\/\",\"url\":\"https:\/\/monti.lt\/wp-content\/uploads\/2022\/03\/montilogo-1.png\",\"contentUrl\":\"https:\/\/monti.lt\/wp-content\/uploads\/2022\/03\/montilogo-1.png\",\"width\":512,\"height\":512,\"caption\":\"Montessori \u017eaislai\"},\"image\":{\"@id\":\"https:\/\/monti.lt\/#\/schema\/logo\/image\/\"}}]}<\/script>\n<!-- \/ Yoast SEO plugin. -->","yoast_head_json":{"title":"Medinis kasos aparatas - Montessori \u017eaislai","robots":{"index":"index","follow":"follow","max-snippet":"max-snippet:-1","max-image-preview":"max-image-preview:large","max-video-preview":"max-video-preview:-1"},"canonical":"https:\/\/monti.lt\/en\/product\/medinis-kasos-aparatas\/","og_locale":"en_US","og_type":"article","og_title":"Medinis kasos aparatas - Montessori \u017eaislai","og_description":"Parduotuv\u0117s \u201eViga\u201c kasa&nbsp;\u2013 puikus medinis \u017eaislas, leisiantis suvaidinti daugyb\u0119 scen\u0173, kurios gali vykti parduotuv\u0117je.&nbsp;Vaikai gali atlikti kasininko ar kliento vaidmen\u012f ir kartu lavinti&nbsp;&nbsp;socialin\u0119 s\u0105veik\u0105&nbsp;bei&nbsp;&nbsp;bendravimo \u012fg\u016bd\u017eius&nbsp;.&nbsp;Grynieji pinigai ar kortel\u0117?&nbsp;Apskai\u010diuokite mok\u0117tin\u0105 sum\u0105, priimkite pinigus ir teisingai nurodykite pakeitim\u0105.&nbsp;Kasoje yra 40 monet\u0173, mok\u0117jimo kortel\u0117, skaitytuvas ant virvel\u0117s ir juostos ritinys kvit\u0173 \u201espausdinimui\u201c.&nbsp;Vaikas gali mokytis \u017eaisdamas pagal&nbsp;Montessori&nbsp;!&nbsp;Moksl\u0173 karalien\u0117 \u2013 [&hellip;]","og_url":"https:\/\/monti.lt\/en\/product\/medinis-kasos-aparatas\/","og_site_name":"Montessori \u017eaislai","article_modified_time":"2026-03-29T10:27:17+00:00","og_image":[{"width":800,"height":800,"url":"https:\/\/monti.lt\/wp-content\/uploads\/2023\/10\/drewniana-kasa-sklepowa-z-akcesoriami-skaner-viga-toys-montessori-4.jpg","type":"image\/jpeg"}],"twitter_card":"summary_large_image","twitter_misc":{"Est. reading time":"1 minute"},"schema":{"@context":"https:\/\/schema.org","@graph":[{"@type":"WebPage","@id":"https:\/\/monti.lt\/product\/medinis-kasos-aparatas\/","url":"https:\/\/monti.lt\/product\/medinis-kasos-aparatas\/","name":"Medinis kasos aparatas - Montessori \u017eaislai","isPartOf":{"@id":"https:\/\/monti.lt\/#website"},"primaryImageOfPage":{"@id":"https:\/\/monti.lt\/product\/medinis-kasos-aparatas\/#primaryimage"},"image":{"@id":"https:\/\/monti.lt\/product\/medinis-kasos-aparatas\/#primaryimage"},"thumbnailUrl":"https:\/\/monti.lt\/wp-content\/uploads\/2023\/10\/drewniana-kasa-sklepowa-z-akcesoriami-skaner-viga-toys-montessori-4.jpg","datePublished":"2023-10-25T06:47:58+00:00","dateModified":"2026-03-29T10:27:17+00:00","breadcrumb":{"@id":"https:\/\/monti.lt\/product\/medinis-kasos-aparatas\/#breadcrumb"},"inLanguage":"en-US","potentialAction":[{"@type":"ReadAction","target":["https:\/\/monti.lt\/product\/medinis-kasos-aparatas\/"]}]},{"@type":"ImageObject","inLanguage":"en-US","@id":"https:\/\/monti.lt\/product\/medinis-kasos-aparatas\/#primaryimage","url":"https:\/\/monti.lt\/wp-content\/uploads\/2023\/10\/drewniana-kasa-sklepowa-z-akcesoriami-skaner-viga-toys-montessori-4.jpg","contentUrl":"https:\/\/monti.lt\/wp-content\/uploads\/2023\/10\/drewniana-kasa-sklepowa-z-akcesoriami-skaner-viga-toys-montessori-4.jpg","width":800,"height":800,"caption":"vaikiskas kasos aparatas"},{"@type":"BreadcrumbList","@id":"https:\/\/monti.lt\/product\/medinis-kasos-aparatas\/#breadcrumb","itemListElement":[{"@type":"ListItem","position":1,"name":"Home","item":"https:\/\/monti.lt\/"},{"@type":"ListItem","position":2,"name":"Parduotuv\u0117","item":"https:\/\/monti.lt\/shop\/"},{"@type":"ListItem","position":3,"name":"Medinis kasos aparatas"}]},{"@type":"WebSite","@id":"https:\/\/monti.lt\/#website","url":"https:\/\/monti.lt\/","name":"Montessori \u017eaislai","description":"","publisher":{"@id":"https:\/\/monti.lt\/#organization"},"potentialAction":[{"@type":"SearchAction","target":{"@type":"EntryPoint","urlTemplate":"https:\/\/monti.lt\/?s={search_term_string}"},"query-input":"required name=search_term_string"}],"inLanguage":"en-US"},{"@type":"Organization","@id":"https:\/\/monti.lt\/#organization","name":"Montessori \u017eaislai","url":"https:\/\/monti.lt\/","logo":{"@type":"ImageObject","inLanguage":"en-US","@id":"https:\/\/monti.lt\/#\/schema\/logo\/image\/","url":"https:\/\/monti.lt\/wp-content\/uploads\/2022\/03\/montilogo-1.png","contentUrl":"https:\/\/monti.lt\/wp-content\/uploads\/2022\/03\/montilogo-1.png","width":512,"height":512,"caption":"Montessori \u017eaislai"},"image":{"@id":"https:\/\/monti.lt\/#\/schema\/logo\/image\/"}}]}},"_links":{"self":[{"href":"https:\/\/monti.lt\/en\/wp-json\/wp\/v2\/product\/18710"}],"collection":[{"href":"https:\/\/monti.lt\/en\/wp-json\/wp\/v2\/product"}],"about":[{"href":"https:\/\/monti.lt\/en\/wp-json\/wp\/v2\/types\/product"}],"version-history":[{"count":1,"href":"https:\/\/monti.lt\/en\/wp-json\/wp\/v2\/product\/18710\/revisions"}],"predecessor-version":[{"id":18716,"href":"https:\/\/monti.lt\/en\/wp-json\/wp\/v2\/product\/18710\/revisions\/18716"}],"wp:featuredmedia":[{"embeddable":true,"href":"https:\/\/monti.lt\/en\/wp-json\/wp\/v2\/media\/18711"}],"wp:attachment":[{"href":"https:\/\/monti.lt\/en\/wp-json\/wp\/v2\/media?parent=18710"}],"wp:term":[{"taxonomy":"product_cat","embeddable":true,"href":"https:\/\/monti.lt\/en\/wp-json\/wp\/v2\/product_cat?post=18710"},{"taxonomy":"product_tag","embeddable":true,"href":"https:\/\/monti.lt\/en\/wp-json\/wp\/v2\/product_tag?post=18710"}],"curies":[{"name":"wp","href":"https:\/\/api.w.org\/{rel}","templated":true}]}}