{"id":18738,"date":"2023-10-25T07:04:06","date_gmt":"2023-10-25T07:04:06","guid":{"rendered":"https:\/\/monti.lt\/?post_type=product&#038;p=18738"},"modified":"2025-11-12T20:54:14","modified_gmt":"2025-11-12T20:54:14","slug":"viga-mediniu-geometriniu-kaladeliu-delione-52-vnt","status":"publish","type":"product","link":"https:\/\/monti.lt\/en\/product\/viga-mediniu-geometriniu-kaladeliu-delione-52-vnt\/","title":{"rendered":"Viga medini\u0173 geometrini\u0173 kalad\u0117li\u0173 d\u0117lion\u0117, 52 vnt."},"content":{"rendered":"<p>Tradicin\u0117s puikios formos ir modernios bei spalvingos&nbsp;<strong>Viga<\/strong>&nbsp;prek\u0117s \u017eenklo kalad\u0117l\u0117s leis J\u016bs\u0173 vaikui \u012fveikti vis&nbsp;<strong>sunkesnius&nbsp;<\/strong><strong>i\u0161\u0161\u016bkius.&nbsp;<\/strong>Vaikai gali&nbsp;<strong>atrasti<\/strong>&nbsp;kalad\u0117li\u0173&nbsp;<strong>savybes , su\u017einoti apie&nbsp;<\/strong><strong>dyd\u017eius<\/strong>&nbsp;,&nbsp;<strong>formas ,&nbsp;<\/strong><strong>spalv\u0173<\/strong>&nbsp;derinius&nbsp;ir&nbsp;<strong>ra\u0161tus<\/strong>&nbsp;.&nbsp;Begalin\u0117s dizaino galimyb\u0117s vos keliais blokeliais.&nbsp;Pastatykite nuostabius blokinius bok\u0161tus pagal korteles ar savo fantazij\u0105.&nbsp;Skatinkite pusiausvyr\u0105 ir praktinius \u012fg\u016bd\u017eius, vaizduot\u0119 ir k\u016brybi\u0161kum\u0105, ugdykite loginio m\u0105stymo geb\u0117jimus.<\/p>\n\n\n\n<p><strong>Charakteristika:<\/strong><\/p>\n\n\n\n<ul class=\"wp-block-list\">\n<li>&#8211; \u017eaislas nuo&nbsp;<strong>3 met\u0173<\/strong><\/li>\n\n\n\n<li>&#8211; jie puikiai tinka ma\u017eoms rankut\u0117ms<\/li>\n\n\n\n<li>&#8211; komplekte esan\u010dios kortel\u0117s turi&nbsp;<strong>tris sud\u0117tingumo lygius<\/strong><\/li>\n\n\n\n<li>&#8211; \u017eaidimo taisykl\u0117s paprastos: i\u0161sirinkite 1 kortel\u0119 su i\u0161d\u0117stymu ir&nbsp;<strong>i\u0161d\u0117liokite j\u0105<\/strong>&nbsp;taip pat!<\/li>\n\n\n\n<li>&#8211; \u017eaidim\u0105 galima praturtinti var\u017eybomis su draugais ar galvos\u016bkiais pagal laik\u0105!<\/li>\n\n\n\n<li>&#8211;&nbsp;<strong>pagamintas i\u0161 auk\u0161\u010diausios kokyb\u0117s med\u017eiag\u0173<\/strong><\/li>\n\n\n\n<li><strong>&#8211;<\/strong>&nbsp;kalad\u0117l\u0117s pagamintos i\u0161 med\u017eio, da\u017eytos vaikams&nbsp;<strong>saugiais<\/strong>&nbsp;ir aplinkai nekenksmingais da\u017eais<\/li>\n<\/ul>\n\n\n\n<p><strong>\u012e \u012fkeitim\u0105 \u012feina:<\/strong><\/p>\n\n\n\n<ul class=\"wp-block-list\">\n<li>&#8211; medin\u0117 d\u0117\u017e\u0117<\/li>\n\n\n\n<li>&#8211; 6 dvipus\u0117s kortel\u0117s<\/li>\n\n\n\n<li>&#8211; 46 \u012fvairi\u0173 form\u0173 kalad\u0117l\u0117s<\/li>\n<\/ul>\n\n\n\n<p><strong>\u017daislas vysto:<\/strong><\/p>\n\n\n\n<ul class=\"wp-block-list\">\n<li>&#8211; rankiniai \u012fg\u016bd\u017eiai,<\/li>\n\n\n\n<li>&#8211; koncentracijos,<\/li>\n\n\n\n<li>&#8211; geb\u0117jimas atpa\u017einti spalvas ir formas;<\/li>\n\n\n\n<li>&#8211; lavina login\u012f m\u0105stym\u0105<\/li>\n<\/ul>\n\n\n\n<p>24,8 x 24,6 x 4,5 (cm)<\/p>","protected":false},"excerpt":{"rendered":"<p>Tradicin\u0117s puikios formos ir modernios bei spalvingos&nbsp;Viga&nbsp;prek\u0117s \u017eenklo kalad\u0117l\u0117s leis J\u016bs\u0173 vaikui \u012fveikti vis&nbsp;sunkesnius&nbsp;i\u0161\u0161\u016bkius.&nbsp;Vaikai gali&nbsp;atrasti&nbsp;kalad\u0117li\u0173&nbsp;savybes , su\u017einoti apie&nbsp;dyd\u017eius&nbsp;,&nbsp;formas ,&nbsp;spalv\u0173&nbsp;derinius&nbsp;ir&nbsp;ra\u0161tus&nbsp;.&nbsp;Begalin\u0117s dizaino galimyb\u0117s vos keliais blokeliais.&nbsp;Pastatykite nuostabius blokinius bok\u0161tus pagal korteles ar savo fantazij\u0105.&nbsp;Skatinkite pusiausvyr\u0105 ir praktinius \u012fg\u016bd\u017eius, vaizduot\u0119 ir k\u016brybi\u0161kum\u0105, ugdykite loginio m\u0105stymo geb\u0117jimus. Charakteristika: \u012e \u012fkeitim\u0105 \u012feina: \u017daislas vysto: 24,8 x 24,6 x 4,5 (cm)<\/p>","protected":false},"featured_media":18739,"template":"","meta":{"_acf_changed":false,"iawp_total_views":540},"product_cat":[213,92,208,195,216,217,191,82,84,91,210,102,83,86,199,245,49,39],"product_tag":[97,98],"class_list":{"0":"post-18738","1":"product","2":"type-product","3":"status-publish","4":"has-post-thumbnail","6":"product_cat-akcija","7":"product_cat-deliones","8":"product_cat-deliones-2","9":"product_cat-dovanos-vaikams-3-4-metu","10":"product_cat-dovanos-4-5-metu-vaikams","11":"product_cat-dovanos-5-7-metu-vaikams","12":"product_cat-dovanos-vaikams","13":"product_cat-ispardavimas","14":"product_cat-lavinamieji-zaislai","15":"product_cat-loginiam-mastymui","16":"product_cat-medines-deliones","17":"product_cat-mediniai-zaislai","18":"product_cat-montessori-zaislai","19":"product_cat-smulkioji-motorika","20":"product_cat-ugdymo-istaigoms","21":"product_cat-viga","22":"product_cat-visi-zaislai","23":"product_cat-zaislai","24":"product_tag-3-m-4-m","25":"product_tag-5-m-7-m","27":"first","28":"outofstock","29":"sale","30":"taxable","31":"shipping-taxable","32":"purchasable","33":"product-type-simple"},"acf":[],"yoast_head":"<!-- This site is optimized with the Yoast SEO plugin v23.3 - https:\/\/yoast.com\/wordpress\/plugins\/seo\/ -->\n<title>Viga medini\u0173 geometrini\u0173 kalad\u0117li\u0173 d\u0117lion\u0117, 52 vnt. - Montessori \u017eaislai<\/title>\n<meta name=\"robots\" content=\"index, follow, max-snippet:-1, max-image-preview:large, max-video-preview:-1\" \/>\n<link rel=\"canonical\" href=\"https:\/\/monti.lt\/en\/product\/viga-mediniu-geometriniu-kaladeliu-delione-52-vnt\/\" \/>\n<meta property=\"og:locale\" content=\"en_US\" \/>\n<meta property=\"og:type\" content=\"article\" \/>\n<meta property=\"og:title\" content=\"Viga medini\u0173 geometrini\u0173 kalad\u0117li\u0173 d\u0117lion\u0117, 52 vnt. - Montessori \u017eaislai\" \/>\n<meta property=\"og:description\" content=\"Tradicin\u0117s puikios formos ir modernios bei spalvingos&nbsp;Viga&nbsp;prek\u0117s \u017eenklo kalad\u0117l\u0117s leis J\u016bs\u0173 vaikui \u012fveikti vis&nbsp;sunkesnius&nbsp;i\u0161\u0161\u016bkius.&nbsp;Vaikai gali&nbsp;atrasti&nbsp;kalad\u0117li\u0173&nbsp;savybes , su\u017einoti apie&nbsp;dyd\u017eius&nbsp;,&nbsp;formas ,&nbsp;spalv\u0173&nbsp;derinius&nbsp;ir&nbsp;ra\u0161tus&nbsp;.&nbsp;Begalin\u0117s dizaino galimyb\u0117s vos keliais blokeliais.&nbsp;Pastatykite nuostabius blokinius bok\u0161tus pagal korteles ar savo fantazij\u0105.&nbsp;Skatinkite pusiausvyr\u0105 ir praktinius \u012fg\u016bd\u017eius, vaizduot\u0119 ir k\u016brybi\u0161kum\u0105, ugdykite loginio m\u0105stymo geb\u0117jimus. Charakteristika: \u012e \u012fkeitim\u0105 \u012feina: \u017daislas vysto: 24,8 x 24,6 x 4,5 (cm)\" \/>\n<meta property=\"og:url\" content=\"https:\/\/monti.lt\/en\/product\/viga-mediniu-geometriniu-kaladeliu-delione-52-vnt\/\" \/>\n<meta property=\"og:site_name\" content=\"Montessori \u017eaislai\" \/>\n<meta property=\"article:modified_time\" content=\"2025-11-12T20:54:14+00:00\" \/>\n<meta property=\"og:image\" content=\"https:\/\/monti.lt\/wp-content\/uploads\/2023\/10\/viga-drewniane-klocki-geometryczne-ukladanka-52-el.jpg\" \/>\n\t<meta property=\"og:image:width\" content=\"800\" \/>\n\t<meta property=\"og:image:height\" content=\"800\" \/>\n\t<meta property=\"og:image:type\" content=\"image\/jpeg\" \/>\n<meta name=\"twitter:card\" content=\"summary_large_image\" \/>\n<meta name=\"twitter:label1\" content=\"Est. reading time\" \/>\n\t<meta name=\"twitter:data1\" content=\"1 minute\" \/>\n<script type=\"application\/ld+json\" class=\"yoast-schema-graph\">{\"@context\":\"https:\/\/schema.org\",\"@graph\":[{\"@type\":\"WebPage\",\"@id\":\"https:\/\/monti.lt\/product\/viga-mediniu-geometriniu-kaladeliu-delione-52-vnt\/\",\"url\":\"https:\/\/monti.lt\/product\/viga-mediniu-geometriniu-kaladeliu-delione-52-vnt\/\",\"name\":\"Viga medini\u0173 geometrini\u0173 kalad\u0117li\u0173 d\u0117lion\u0117, 52 vnt. - Montessori \u017eaislai\",\"isPartOf\":{\"@id\":\"https:\/\/monti.lt\/#website\"},\"primaryImageOfPage\":{\"@id\":\"https:\/\/monti.lt\/product\/viga-mediniu-geometriniu-kaladeliu-delione-52-vnt\/#primaryimage\"},\"image\":{\"@id\":\"https:\/\/monti.lt\/product\/viga-mediniu-geometriniu-kaladeliu-delione-52-vnt\/#primaryimage\"},\"thumbnailUrl\":\"https:\/\/monti.lt\/wp-content\/uploads\/2023\/10\/viga-drewniane-klocki-geometryczne-ukladanka-52-el.jpg\",\"datePublished\":\"2023-10-25T07:04:06+00:00\",\"dateModified\":\"2025-11-12T20:54:14+00:00\",\"breadcrumb\":{\"@id\":\"https:\/\/monti.lt\/product\/viga-mediniu-geometriniu-kaladeliu-delione-52-vnt\/#breadcrumb\"},\"inLanguage\":\"en-US\",\"potentialAction\":[{\"@type\":\"ReadAction\",\"target\":[\"https:\/\/monti.lt\/product\/viga-mediniu-geometriniu-kaladeliu-delione-52-vnt\/\"]}]},{\"@type\":\"ImageObject\",\"inLanguage\":\"en-US\",\"@id\":\"https:\/\/monti.lt\/product\/viga-mediniu-geometriniu-kaladeliu-delione-52-vnt\/#primaryimage\",\"url\":\"https:\/\/monti.lt\/wp-content\/uploads\/2023\/10\/viga-drewniane-klocki-geometryczne-ukladanka-52-el.jpg\",\"contentUrl\":\"https:\/\/monti.lt\/wp-content\/uploads\/2023\/10\/viga-drewniane-klocki-geometryczne-ukladanka-52-el.jpg\",\"width\":800,\"height\":800,\"caption\":\"montessori blokeliai\"},{\"@type\":\"BreadcrumbList\",\"@id\":\"https:\/\/monti.lt\/product\/viga-mediniu-geometriniu-kaladeliu-delione-52-vnt\/#breadcrumb\",\"itemListElement\":[{\"@type\":\"ListItem\",\"position\":1,\"name\":\"Home\",\"item\":\"https:\/\/monti.lt\/\"},{\"@type\":\"ListItem\",\"position\":2,\"name\":\"Parduotuv\u0117\",\"item\":\"https:\/\/monti.lt\/shop\/\"},{\"@type\":\"ListItem\",\"position\":3,\"name\":\"Viga medini\u0173 geometrini\u0173 kalad\u0117li\u0173 d\u0117lion\u0117, 52 vnt.\"}]},{\"@type\":\"WebSite\",\"@id\":\"https:\/\/monti.lt\/#website\",\"url\":\"https:\/\/monti.lt\/\",\"name\":\"Montessori \u017eaislai\",\"description\":\"\",\"publisher\":{\"@id\":\"https:\/\/monti.lt\/#organization\"},\"potentialAction\":[{\"@type\":\"SearchAction\",\"target\":{\"@type\":\"EntryPoint\",\"urlTemplate\":\"https:\/\/monti.lt\/?s={search_term_string}\"},\"query-input\":\"required name=search_term_string\"}],\"inLanguage\":\"en-US\"},{\"@type\":\"Organization\",\"@id\":\"https:\/\/monti.lt\/#organization\",\"name\":\"Montessori \u017eaislai\",\"url\":\"https:\/\/monti.lt\/\",\"logo\":{\"@type\":\"ImageObject\",\"inLanguage\":\"en-US\",\"@id\":\"https:\/\/monti.lt\/#\/schema\/logo\/image\/\",\"url\":\"https:\/\/monti.lt\/wp-content\/uploads\/2022\/03\/montilogo-1.png\",\"contentUrl\":\"https:\/\/monti.lt\/wp-content\/uploads\/2022\/03\/montilogo-1.png\",\"width\":512,\"height\":512,\"caption\":\"Montessori \u017eaislai\"},\"image\":{\"@id\":\"https:\/\/monti.lt\/#\/schema\/logo\/image\/\"}}]}<\/script>\n<!-- \/ Yoast SEO plugin. -->","yoast_head_json":{"title":"Viga medini\u0173 geometrini\u0173 kalad\u0117li\u0173 d\u0117lion\u0117, 52 vnt. - Montessori \u017eaislai","robots":{"index":"index","follow":"follow","max-snippet":"max-snippet:-1","max-image-preview":"max-image-preview:large","max-video-preview":"max-video-preview:-1"},"canonical":"https:\/\/monti.lt\/en\/product\/viga-mediniu-geometriniu-kaladeliu-delione-52-vnt\/","og_locale":"en_US","og_type":"article","og_title":"Viga medini\u0173 geometrini\u0173 kalad\u0117li\u0173 d\u0117lion\u0117, 52 vnt. - Montessori \u017eaislai","og_description":"Tradicin\u0117s puikios formos ir modernios bei spalvingos&nbsp;Viga&nbsp;prek\u0117s \u017eenklo kalad\u0117l\u0117s leis J\u016bs\u0173 vaikui \u012fveikti vis&nbsp;sunkesnius&nbsp;i\u0161\u0161\u016bkius.&nbsp;Vaikai gali&nbsp;atrasti&nbsp;kalad\u0117li\u0173&nbsp;savybes , su\u017einoti apie&nbsp;dyd\u017eius&nbsp;,&nbsp;formas ,&nbsp;spalv\u0173&nbsp;derinius&nbsp;ir&nbsp;ra\u0161tus&nbsp;.&nbsp;Begalin\u0117s dizaino galimyb\u0117s vos keliais blokeliais.&nbsp;Pastatykite nuostabius blokinius bok\u0161tus pagal korteles ar savo fantazij\u0105.&nbsp;Skatinkite pusiausvyr\u0105 ir praktinius \u012fg\u016bd\u017eius, vaizduot\u0119 ir k\u016brybi\u0161kum\u0105, ugdykite loginio m\u0105stymo geb\u0117jimus. Charakteristika: \u012e \u012fkeitim\u0105 \u012feina: \u017daislas vysto: 24,8 x 24,6 x 4,5 (cm)","og_url":"https:\/\/monti.lt\/en\/product\/viga-mediniu-geometriniu-kaladeliu-delione-52-vnt\/","og_site_name":"Montessori \u017eaislai","article_modified_time":"2025-11-12T20:54:14+00:00","og_image":[{"width":800,"height":800,"url":"https:\/\/monti.lt\/wp-content\/uploads\/2023\/10\/viga-drewniane-klocki-geometryczne-ukladanka-52-el.jpg","type":"image\/jpeg"}],"twitter_card":"summary_large_image","twitter_misc":{"Est. reading time":"1 minute"},"schema":{"@context":"https:\/\/schema.org","@graph":[{"@type":"WebPage","@id":"https:\/\/monti.lt\/product\/viga-mediniu-geometriniu-kaladeliu-delione-52-vnt\/","url":"https:\/\/monti.lt\/product\/viga-mediniu-geometriniu-kaladeliu-delione-52-vnt\/","name":"Viga medini\u0173 geometrini\u0173 kalad\u0117li\u0173 d\u0117lion\u0117, 52 vnt. - Montessori \u017eaislai","isPartOf":{"@id":"https:\/\/monti.lt\/#website"},"primaryImageOfPage":{"@id":"https:\/\/monti.lt\/product\/viga-mediniu-geometriniu-kaladeliu-delione-52-vnt\/#primaryimage"},"image":{"@id":"https:\/\/monti.lt\/product\/viga-mediniu-geometriniu-kaladeliu-delione-52-vnt\/#primaryimage"},"thumbnailUrl":"https:\/\/monti.lt\/wp-content\/uploads\/2023\/10\/viga-drewniane-klocki-geometryczne-ukladanka-52-el.jpg","datePublished":"2023-10-25T07:04:06+00:00","dateModified":"2025-11-12T20:54:14+00:00","breadcrumb":{"@id":"https:\/\/monti.lt\/product\/viga-mediniu-geometriniu-kaladeliu-delione-52-vnt\/#breadcrumb"},"inLanguage":"en-US","potentialAction":[{"@type":"ReadAction","target":["https:\/\/monti.lt\/product\/viga-mediniu-geometriniu-kaladeliu-delione-52-vnt\/"]}]},{"@type":"ImageObject","inLanguage":"en-US","@id":"https:\/\/monti.lt\/product\/viga-mediniu-geometriniu-kaladeliu-delione-52-vnt\/#primaryimage","url":"https:\/\/monti.lt\/wp-content\/uploads\/2023\/10\/viga-drewniane-klocki-geometryczne-ukladanka-52-el.jpg","contentUrl":"https:\/\/monti.lt\/wp-content\/uploads\/2023\/10\/viga-drewniane-klocki-geometryczne-ukladanka-52-el.jpg","width":800,"height":800,"caption":"montessori blokeliai"},{"@type":"BreadcrumbList","@id":"https:\/\/monti.lt\/product\/viga-mediniu-geometriniu-kaladeliu-delione-52-vnt\/#breadcrumb","itemListElement":[{"@type":"ListItem","position":1,"name":"Home","item":"https:\/\/monti.lt\/"},{"@type":"ListItem","position":2,"name":"Parduotuv\u0117","item":"https:\/\/monti.lt\/shop\/"},{"@type":"ListItem","position":3,"name":"Viga medini\u0173 geometrini\u0173 kalad\u0117li\u0173 d\u0117lion\u0117, 52 vnt."}]},{"@type":"WebSite","@id":"https:\/\/monti.lt\/#website","url":"https:\/\/monti.lt\/","name":"Montessori \u017eaislai","description":"","publisher":{"@id":"https:\/\/monti.lt\/#organization"},"potentialAction":[{"@type":"SearchAction","target":{"@type":"EntryPoint","urlTemplate":"https:\/\/monti.lt\/?s={search_term_string}"},"query-input":"required name=search_term_string"}],"inLanguage":"en-US"},{"@type":"Organization","@id":"https:\/\/monti.lt\/#organization","name":"Montessori \u017eaislai","url":"https:\/\/monti.lt\/","logo":{"@type":"ImageObject","inLanguage":"en-US","@id":"https:\/\/monti.lt\/#\/schema\/logo\/image\/","url":"https:\/\/monti.lt\/wp-content\/uploads\/2022\/03\/montilogo-1.png","contentUrl":"https:\/\/monti.lt\/wp-content\/uploads\/2022\/03\/montilogo-1.png","width":512,"height":512,"caption":"Montessori \u017eaislai"},"image":{"@id":"https:\/\/monti.lt\/#\/schema\/logo\/image\/"}}]}},"_links":{"self":[{"href":"https:\/\/monti.lt\/en\/wp-json\/wp\/v2\/product\/18738"}],"collection":[{"href":"https:\/\/monti.lt\/en\/wp-json\/wp\/v2\/product"}],"about":[{"href":"https:\/\/monti.lt\/en\/wp-json\/wp\/v2\/types\/product"}],"version-history":[{"count":1,"href":"https:\/\/monti.lt\/en\/wp-json\/wp\/v2\/product\/18738\/revisions"}],"predecessor-version":[{"id":18750,"href":"https:\/\/monti.lt\/en\/wp-json\/wp\/v2\/product\/18738\/revisions\/18750"}],"wp:featuredmedia":[{"embeddable":true,"href":"https:\/\/monti.lt\/en\/wp-json\/wp\/v2\/media\/18739"}],"wp:attachment":[{"href":"https:\/\/monti.lt\/en\/wp-json\/wp\/v2\/media?parent=18738"}],"wp:term":[{"taxonomy":"product_cat","embeddable":true,"href":"https:\/\/monti.lt\/en\/wp-json\/wp\/v2\/product_cat?post=18738"},{"taxonomy":"product_tag","embeddable":true,"href":"https:\/\/monti.lt\/en\/wp-json\/wp\/v2\/product_tag?post=18738"}],"curies":[{"name":"wp","href":"https:\/\/api.w.org\/{rel}","templated":true}]}}