{"id":18930,"date":"2023-10-31T08:03:18","date_gmt":"2023-10-31T08:03:18","guid":{"rendered":"https:\/\/monti.lt\/?post_type=product&#038;p=18930"},"modified":"2025-11-17T11:43:56","modified_gmt":"2025-11-17T11:43:56","slug":"medine-traukinio-trasa","status":"publish","type":"product","link":"https:\/\/monti.lt\/en\/product\/medine-traukinio-trasa\/","title":{"rendered":"Medin\u0117 traukinio tr\u0105sa"},"content":{"rendered":"<h1 class=\"wp-block-heading\">MEDINIS TAKAS \/ 3,2 m TAKAS VAIKAMS&nbsp;<\/h1>\n\n\n\n<ul class=\"wp-block-list\">\n<li><strong>DIDELIS 57 ELEMENT\u0172 RINKINYS &#8211;<\/strong>&nbsp;rinkin\u012f sudaro 57 tiksliai pagaminti ir gra\u017eiai i\u0161baigti elementai,&nbsp;<strong>kurias galima sutvarkyti pagal savo id\u0117jas<\/strong>&nbsp;. Rinkinyje, be kita ko, yra b\u0117gi\u0173 kelias, keleivinis traukinys, statybiniai automobiliai, med\u017ei\u0173 ir \u017eenkl\u0173 rinkinys, fig\u016br\u0117l\u0117s, gyv\u016bnai ir kranas.&nbsp;<strong>Traukinio elementai sujungiami magnetais<\/strong>&nbsp;.&nbsp;<strong>Magnetai yra stipr\u016bs \u2013 jie nepaleid\u017eia net pak\u0117lus vis\u0105 komplekt\u0105.<\/strong><\/li>\n\n\n\n<li><strong>STIMULIUOJA VAIZDUOT\u0118<\/strong>&nbsp;\u2013 \u017eaislas&nbsp;<strong>skatina vaik\u0173 k\u016brybi\u0161kum\u0105 ir vaizduot\u0119.<\/strong>&nbsp;Galimyb\u0117 susikurti ir pastatyti savo takelius, o paskui suprojektuoti ir kurti aplink juos esant\u012f kra\u0161tovaizd\u012f \u2013&nbsp;<strong>labai smagu visiems<\/strong>&nbsp;. I\u0161bandyti j\u0173 sukurtas takelius&nbsp;<strong>bus labai smagu kiekvienam vaikui<\/strong>&nbsp;.<\/li>\n\n\n\n<li><strong>PL\u0116TRA<\/strong>&nbsp;&#8211; trasa ne tik smagi pramoga, bet ir&nbsp;<strong>lavina erdv\u0117s poj\u016bt\u012f<\/strong>&nbsp;,&nbsp;<strong>mank\u0161tina ma\u017e\u0105sias rankytes ir skatina lyt\u0117jimo poj\u016bt\u012f<\/strong>&nbsp;. Tai puikus b\u016bdas&nbsp;<strong>lavinti rank\u0173 ir aki\u0173 koordinacij\u0105<\/strong>&nbsp;, kuri yra tokia svarbi ateityje.<\/li>\n\n\n\n<li><strong>SAUGU<\/strong>&nbsp;\u2013 eil\u0117 saugi vaikams. Visi mediniai elementai puikiai poliruoti ir nuda\u017eyti aplinkai saugiais da\u017eais. Be to, n\u0117ra i\u0161siki\u0161usi\u0173, a\u0161tri\u0173 element\u0173, galin\u010di\u0173 pakenkti vaikui.<\/li>\n\n\n\n<li><strong>SPECIFIKACIJA<\/strong>&nbsp;\u2013 med\u017eiaga: mediena; traukinio maitinimas: 1x AA (\u012f komplekt\u0105 ne\u012feina); takelio ilgis: 3,2 m; platformos matmenys (tiltas): cm; i\u0161matavimai i\u0161skleidus: 115 x 45 x 21 cm; svoris: 1,832 kg; svoris su pakuote: 2,509 kg.&nbsp;<\/li>\n<\/ul>\n\n\n\n<p><strong>SPECIFIKACIJA<\/strong><\/p>\n\n\n\n<ul class=\"wp-block-list\">\n<li>med\u017eiaga: mediena<\/li>\n\n\n\n<li>traukinio galia: 1x AA (ne\u012fskai\u010diuota)<\/li>\n\n\n\n<li>element\u0173 skai\u010dius rinkinyje: 57<\/li>\n\n\n\n<li>takelio ilgis: 3,2 m<\/li>\n\n\n\n<li>i\u0161matavimai i\u0161skleidus: 115 x 45 x 21cm<\/li>\n\n\n\n<li>svoris: 1 832<\/li>\n\n\n\n<li>svoris su pakuote: 2,509 kg<\/li>\n<\/ul>\n\n\n\n<p><strong>\u012eSKAITANT<\/strong><\/p>\n\n\n\n<ul class=\"wp-block-list\">\n<li>26 b\u0117gi\u0173 kelio elementai, \u012fskaitant tiltus<\/li>\n\n\n\n<li>4 med\u017eiai (kiekvienas sudarytas i\u0161 2 element\u0173 = 8)<\/li>\n\n\n\n<li>2 simboliai<\/li>\n\n\n\n<li>2 pastatai (kiekvienas susideda i\u0161 2 dali\u0173, i\u0161 viso 4 elementai)<\/li>\n\n\n\n<li>1 barjeras + pagrindas (2 elementai)<\/li>\n\n\n\n<li>2 konteineriai<\/li>\n\n\n\n<li>5 ma\u017ei \u017emogeliukai<\/li>\n\n\n\n<li>keleivinis traukinys \u2013 3 elementai<\/li>\n\n\n\n<li>2 gyv\u016bnai<\/li>\n\n\n\n<li>kranas<\/li>\n\n\n\n<li>ekskavatorius<\/li>\n\n\n\n<li>ve\u017eim\u0117lis<\/li>\n<\/ul>","protected":false},"excerpt":{"rendered":"<p>MEDINIS TAKAS \/ 3,2 m TAKAS VAIKAMS&nbsp; SPECIFIKACIJA \u012eSKAITANT<\/p>","protected":false},"featured_media":18933,"template":"","meta":{"_acf_changed":false,"iawp_total_views":370},"product_cat":[194,195,216,217,197,191,192,84,102,90,86,199,93,202,49,39,215],"product_tag":[96,97,98],"class_list":{"0":"post-18930","1":"product","2":"type-product","3":"status-publish","4":"has-post-thumbnail","6":"product_cat-dovanos-vaikams-2-3-metu","7":"product_cat-dovanos-vaikams-3-4-metu","8":"product_cat-dovanos-4-5-metu-vaikams","9":"product_cat-dovanos-5-7-metu-vaikams","10":"product_cat-dovanos-berniukams","11":"product_cat-dovanos-vaikams","12":"product_cat-kaledines-dovanos-vaikams","13":"product_cat-lavinamieji-zaislai","14":"product_cat-mediniai-zaislai","15":"product_cat-pasaulio-pazinimas","16":"product_cat-smulkioji-motorika","17":"product_cat-ugdymo-istaigoms","18":"product_cat-vaidmenu-zaidimai","19":"product_cat-vaaikiski-konstruktoriai","20":"product_cat-visi-zaislai","21":"product_cat-zaislai","22":"product_cat-zaislai-berniukams","23":"product_tag-2-m-3-m","24":"product_tag-3-m-4-m","25":"product_tag-5-m-7-m","27":"first","28":"outofstock","29":"taxable","30":"shipping-taxable","31":"purchasable","32":"product-type-simple"},"acf":[],"yoast_head":"<!-- This site is optimized with the Yoast SEO plugin v23.3 - https:\/\/yoast.com\/wordpress\/plugins\/seo\/ -->\n<title>Medin\u0117 traukinio tr\u0105sa - Montessori \u017eaislai<\/title>\n<meta name=\"robots\" content=\"index, follow, max-snippet:-1, max-image-preview:large, max-video-preview:-1\" \/>\n<link rel=\"canonical\" href=\"https:\/\/monti.lt\/en\/product\/medine-traukinio-trasa\/\" \/>\n<meta property=\"og:locale\" content=\"en_US\" \/>\n<meta property=\"og:type\" content=\"article\" \/>\n<meta property=\"og:title\" content=\"Medin\u0117 traukinio tr\u0105sa - Montessori \u017eaislai\" \/>\n<meta property=\"og:description\" content=\"MEDINIS TAKAS \/ 3,2 m TAKAS VAIKAMS&nbsp; SPECIFIKACIJA \u012eSKAITANT\" \/>\n<meta property=\"og:url\" content=\"https:\/\/monti.lt\/en\/product\/medine-traukinio-trasa\/\" \/>\n<meta property=\"og:site_name\" content=\"Montessori \u017eaislai\" \/>\n<meta property=\"article:modified_time\" content=\"2025-11-17T11:43:56+00:00\" \/>\n<meta property=\"og:image\" content=\"https:\/\/monti.lt\/wp-content\/uploads\/2023\/10\/lit_pl_Medinis-gelezinkelis-Kruzzel-takelis-22495-17009_1.jpg\" \/>\n\t<meta property=\"og:image:width\" content=\"500\" \/>\n\t<meta property=\"og:image:height\" content=\"500\" \/>\n\t<meta property=\"og:image:type\" content=\"image\/jpeg\" \/>\n<meta name=\"twitter:card\" content=\"summary_large_image\" \/>\n<meta name=\"twitter:label1\" content=\"Est. reading time\" \/>\n\t<meta name=\"twitter:data1\" content=\"2 minutes\" \/>\n<script type=\"application\/ld+json\" class=\"yoast-schema-graph\">{\"@context\":\"https:\/\/schema.org\",\"@graph\":[{\"@type\":\"WebPage\",\"@id\":\"https:\/\/monti.lt\/product\/medine-traukinio-trasa\/\",\"url\":\"https:\/\/monti.lt\/product\/medine-traukinio-trasa\/\",\"name\":\"Medin\u0117 traukinio tr\u0105sa - Montessori \u017eaislai\",\"isPartOf\":{\"@id\":\"https:\/\/monti.lt\/#website\"},\"primaryImageOfPage\":{\"@id\":\"https:\/\/monti.lt\/product\/medine-traukinio-trasa\/#primaryimage\"},\"image\":{\"@id\":\"https:\/\/monti.lt\/product\/medine-traukinio-trasa\/#primaryimage\"},\"thumbnailUrl\":\"https:\/\/monti.lt\/wp-content\/uploads\/2023\/10\/lit_pl_Medinis-gelezinkelis-Kruzzel-takelis-22495-17009_1.jpg\",\"datePublished\":\"2023-10-31T08:03:18+00:00\",\"dateModified\":\"2025-11-17T11:43:56+00:00\",\"breadcrumb\":{\"@id\":\"https:\/\/monti.lt\/product\/medine-traukinio-trasa\/#breadcrumb\"},\"inLanguage\":\"en-US\",\"potentialAction\":[{\"@type\":\"ReadAction\",\"target\":[\"https:\/\/monti.lt\/product\/medine-traukinio-trasa\/\"]}]},{\"@type\":\"ImageObject\",\"inLanguage\":\"en-US\",\"@id\":\"https:\/\/monti.lt\/product\/medine-traukinio-trasa\/#primaryimage\",\"url\":\"https:\/\/monti.lt\/wp-content\/uploads\/2023\/10\/lit_pl_Medinis-gelezinkelis-Kruzzel-takelis-22495-17009_1.jpg\",\"contentUrl\":\"https:\/\/monti.lt\/wp-content\/uploads\/2023\/10\/lit_pl_Medinis-gelezinkelis-Kruzzel-takelis-22495-17009_1.jpg\",\"width\":500,\"height\":500,\"caption\":\"medinis traukinys\"},{\"@type\":\"BreadcrumbList\",\"@id\":\"https:\/\/monti.lt\/product\/medine-traukinio-trasa\/#breadcrumb\",\"itemListElement\":[{\"@type\":\"ListItem\",\"position\":1,\"name\":\"Home\",\"item\":\"https:\/\/monti.lt\/\"},{\"@type\":\"ListItem\",\"position\":2,\"name\":\"Parduotuv\u0117\",\"item\":\"https:\/\/monti.lt\/shop\/\"},{\"@type\":\"ListItem\",\"position\":3,\"name\":\"Medin\u0117 traukinio tr\u0105sa\"}]},{\"@type\":\"WebSite\",\"@id\":\"https:\/\/monti.lt\/#website\",\"url\":\"https:\/\/monti.lt\/\",\"name\":\"Montessori \u017eaislai\",\"description\":\"\",\"publisher\":{\"@id\":\"https:\/\/monti.lt\/#organization\"},\"potentialAction\":[{\"@type\":\"SearchAction\",\"target\":{\"@type\":\"EntryPoint\",\"urlTemplate\":\"https:\/\/monti.lt\/?s={search_term_string}\"},\"query-input\":\"required name=search_term_string\"}],\"inLanguage\":\"en-US\"},{\"@type\":\"Organization\",\"@id\":\"https:\/\/monti.lt\/#organization\",\"name\":\"Montessori \u017eaislai\",\"url\":\"https:\/\/monti.lt\/\",\"logo\":{\"@type\":\"ImageObject\",\"inLanguage\":\"en-US\",\"@id\":\"https:\/\/monti.lt\/#\/schema\/logo\/image\/\",\"url\":\"https:\/\/monti.lt\/wp-content\/uploads\/2022\/03\/montilogo-1.png\",\"contentUrl\":\"https:\/\/monti.lt\/wp-content\/uploads\/2022\/03\/montilogo-1.png\",\"width\":512,\"height\":512,\"caption\":\"Montessori \u017eaislai\"},\"image\":{\"@id\":\"https:\/\/monti.lt\/#\/schema\/logo\/image\/\"}}]}<\/script>\n<!-- \/ Yoast SEO plugin. -->","yoast_head_json":{"title":"Medin\u0117 traukinio tr\u0105sa - Montessori \u017eaislai","robots":{"index":"index","follow":"follow","max-snippet":"max-snippet:-1","max-image-preview":"max-image-preview:large","max-video-preview":"max-video-preview:-1"},"canonical":"https:\/\/monti.lt\/en\/product\/medine-traukinio-trasa\/","og_locale":"en_US","og_type":"article","og_title":"Medin\u0117 traukinio tr\u0105sa - Montessori \u017eaislai","og_description":"MEDINIS TAKAS \/ 3,2 m TAKAS VAIKAMS&nbsp; SPECIFIKACIJA \u012eSKAITANT","og_url":"https:\/\/monti.lt\/en\/product\/medine-traukinio-trasa\/","og_site_name":"Montessori \u017eaislai","article_modified_time":"2025-11-17T11:43:56+00:00","og_image":[{"width":500,"height":500,"url":"https:\/\/monti.lt\/wp-content\/uploads\/2023\/10\/lit_pl_Medinis-gelezinkelis-Kruzzel-takelis-22495-17009_1.jpg","type":"image\/jpeg"}],"twitter_card":"summary_large_image","twitter_misc":{"Est. reading time":"2 minutes"},"schema":{"@context":"https:\/\/schema.org","@graph":[{"@type":"WebPage","@id":"https:\/\/monti.lt\/product\/medine-traukinio-trasa\/","url":"https:\/\/monti.lt\/product\/medine-traukinio-trasa\/","name":"Medin\u0117 traukinio tr\u0105sa - Montessori \u017eaislai","isPartOf":{"@id":"https:\/\/monti.lt\/#website"},"primaryImageOfPage":{"@id":"https:\/\/monti.lt\/product\/medine-traukinio-trasa\/#primaryimage"},"image":{"@id":"https:\/\/monti.lt\/product\/medine-traukinio-trasa\/#primaryimage"},"thumbnailUrl":"https:\/\/monti.lt\/wp-content\/uploads\/2023\/10\/lit_pl_Medinis-gelezinkelis-Kruzzel-takelis-22495-17009_1.jpg","datePublished":"2023-10-31T08:03:18+00:00","dateModified":"2025-11-17T11:43:56+00:00","breadcrumb":{"@id":"https:\/\/monti.lt\/product\/medine-traukinio-trasa\/#breadcrumb"},"inLanguage":"en-US","potentialAction":[{"@type":"ReadAction","target":["https:\/\/monti.lt\/product\/medine-traukinio-trasa\/"]}]},{"@type":"ImageObject","inLanguage":"en-US","@id":"https:\/\/monti.lt\/product\/medine-traukinio-trasa\/#primaryimage","url":"https:\/\/monti.lt\/wp-content\/uploads\/2023\/10\/lit_pl_Medinis-gelezinkelis-Kruzzel-takelis-22495-17009_1.jpg","contentUrl":"https:\/\/monti.lt\/wp-content\/uploads\/2023\/10\/lit_pl_Medinis-gelezinkelis-Kruzzel-takelis-22495-17009_1.jpg","width":500,"height":500,"caption":"medinis traukinys"},{"@type":"BreadcrumbList","@id":"https:\/\/monti.lt\/product\/medine-traukinio-trasa\/#breadcrumb","itemListElement":[{"@type":"ListItem","position":1,"name":"Home","item":"https:\/\/monti.lt\/"},{"@type":"ListItem","position":2,"name":"Parduotuv\u0117","item":"https:\/\/monti.lt\/shop\/"},{"@type":"ListItem","position":3,"name":"Medin\u0117 traukinio tr\u0105sa"}]},{"@type":"WebSite","@id":"https:\/\/monti.lt\/#website","url":"https:\/\/monti.lt\/","name":"Montessori \u017eaislai","description":"","publisher":{"@id":"https:\/\/monti.lt\/#organization"},"potentialAction":[{"@type":"SearchAction","target":{"@type":"EntryPoint","urlTemplate":"https:\/\/monti.lt\/?s={search_term_string}"},"query-input":"required name=search_term_string"}],"inLanguage":"en-US"},{"@type":"Organization","@id":"https:\/\/monti.lt\/#organization","name":"Montessori \u017eaislai","url":"https:\/\/monti.lt\/","logo":{"@type":"ImageObject","inLanguage":"en-US","@id":"https:\/\/monti.lt\/#\/schema\/logo\/image\/","url":"https:\/\/monti.lt\/wp-content\/uploads\/2022\/03\/montilogo-1.png","contentUrl":"https:\/\/monti.lt\/wp-content\/uploads\/2022\/03\/montilogo-1.png","width":512,"height":512,"caption":"Montessori \u017eaislai"},"image":{"@id":"https:\/\/monti.lt\/#\/schema\/logo\/image\/"}}]}},"_links":{"self":[{"href":"https:\/\/monti.lt\/en\/wp-json\/wp\/v2\/product\/18930"}],"collection":[{"href":"https:\/\/monti.lt\/en\/wp-json\/wp\/v2\/product"}],"about":[{"href":"https:\/\/monti.lt\/en\/wp-json\/wp\/v2\/types\/product"}],"version-history":[{"count":1,"href":"https:\/\/monti.lt\/en\/wp-json\/wp\/v2\/product\/18930\/revisions"}],"predecessor-version":[{"id":18946,"href":"https:\/\/monti.lt\/en\/wp-json\/wp\/v2\/product\/18930\/revisions\/18946"}],"wp:featuredmedia":[{"embeddable":true,"href":"https:\/\/monti.lt\/en\/wp-json\/wp\/v2\/media\/18933"}],"wp:attachment":[{"href":"https:\/\/monti.lt\/en\/wp-json\/wp\/v2\/media?parent=18930"}],"wp:term":[{"taxonomy":"product_cat","embeddable":true,"href":"https:\/\/monti.lt\/en\/wp-json\/wp\/v2\/product_cat?post=18930"},{"taxonomy":"product_tag","embeddable":true,"href":"https:\/\/monti.lt\/en\/wp-json\/wp\/v2\/product_tag?post=18930"}],"curies":[{"name":"wp","href":"https:\/\/api.w.org\/{rel}","templated":true}]}}