{"id":19155,"date":"2023-11-08T14:01:53","date_gmt":"2023-11-08T14:01:53","guid":{"rendered":"https:\/\/monti.lt\/?post_type=product&#038;p=19155"},"modified":"2025-10-09T06:13:52","modified_gmt":"2025-10-09T06:13:52","slug":"medinis-rusiuoklis-autobusas","status":"publish","type":"product","link":"https:\/\/monti.lt\/en\/product\/medinis-rusiuoklis-autobusas\/","title":{"rendered":"Medinis r\u016b\u0161iuoklis &#8220;Autobusas&#8221;"},"content":{"rendered":"<p><strong>SPECIFIKACIJA<\/strong><\/p>\n\n\n\n<ul class=\"wp-block-list\">\n<li>med\u017eiaga: mediena<\/li>\n\n\n\n<li>lavina koncentracijos ir kantryb\u0117s \u012fg\u016bd\u017eius<\/li>\n\n\n\n<li>padeda mokytis<\/li>\n\n\n\n<li>i\u0161matavimai: 41 x 22,5 x 6 cm<\/li>\n\n\n\n<li>svoris: 0,625 kg<\/li>\n\n\n\n<li>svoris pakuot\u0117je: 0,930 kg<\/li>\n<\/ul>\n\n\n\n<p><strong>\u012eSKAITANT<\/strong><\/p>\n\n\n\n<ul class=\"wp-block-list\">\n<li>medinis pagrindas<\/li>\n\n\n\n<li>me\u0161ker\u0117<\/li>\n\n\n\n<li>\u0161auk\u0161tas<\/li>\n\n\n\n<li>lazdos<\/li>\n\n\n\n<li>10 \u017euv\u0173 su magnetu<\/li>\n\n\n\n<li>3 matematikos \u017eenklai<\/li>\n\n\n\n<li>10 skaitmen\u0173<\/li>\n\n\n\n<li>7 fig\u016bros<\/li>\n\n\n\n<li>55 apskritimai<\/li>\n\n\n\n<li>9 automobili\u0173 detal\u0117s<\/li>\n<\/ul>\n\n\n\n<p><\/p>","protected":false},"excerpt":{"rendered":"<p>Si\u016bloma d\u0117lion\u0117 yra puiki pramoga k\u016brybingiems vaikams. Jis pagamintas i\u0161 nat\u016bralios med\u017eiagos \u2013 med\u017eio, kurio gro\u017e\u012f ir ilgaam\u017ei\u0161kum\u0105 \u012fvertins kiekvienas. \u0160i med\u017eiaga labai gerai atrodo tiek nat\u016braliai, tiek da\u017eyta. Rinkinyje daug spalving\u0173 element\u0173, i\u0161 kuri\u0173 vaikas gali kurti \u012fvairius ra\u0161tus.<\/p>","protected":false},"featured_media":19156,"template":"","meta":{"_acf_changed":false,"iawp_total_views":205},"product_cat":[208,92,194,195,216,191,192,84,91,210,102,88,83,90,86,199,49,39],"product_tag":[96,97,98],"class_list":{"0":"post-19155","1":"product","2":"type-product","3":"status-publish","4":"has-post-thumbnail","6":"product_cat-deliones-2","7":"product_cat-deliones","8":"product_cat-dovanos-vaikams-2-3-metu","9":"product_cat-dovanos-vaikams-3-4-metu","10":"product_cat-dovanos-4-5-metu-vaikams","11":"product_cat-dovanos-vaikams","12":"product_cat-kaledines-dovanos-vaikams","13":"product_cat-lavinamieji-zaislai","14":"product_cat-loginiam-mastymui","15":"product_cat-medines-deliones","16":"product_cat-mediniai-zaislai","17":"product_cat-mokausi-zaisti","18":"product_cat-montessori-zaislai","19":"product_cat-pasaulio-pazinimas","20":"product_cat-smulkioji-motorika","21":"product_cat-ugdymo-istaigoms","22":"product_cat-visi-zaislai","23":"product_cat-zaislai","24":"product_tag-2-m-3-m","25":"product_tag-3-m-4-m","26":"product_tag-5-m-7-m","28":"first","29":"outofstock","30":"taxable","31":"shipping-taxable","32":"purchasable","33":"product-type-simple"},"acf":[],"yoast_head":"<!-- This site is optimized with the Yoast SEO plugin v23.3 - https:\/\/yoast.com\/wordpress\/plugins\/seo\/ -->\n<title>Medinis r\u016b\u0161iuoklis &quot;Autobusas&quot; - Montessori \u017eaislai<\/title>\n<meta name=\"robots\" content=\"index, follow, max-snippet:-1, max-image-preview:large, max-video-preview:-1\" \/>\n<link rel=\"canonical\" href=\"https:\/\/monti.lt\/en\/product\/medinis-rusiuoklis-autobusas\/\" \/>\n<meta property=\"og:locale\" content=\"en_US\" \/>\n<meta property=\"og:type\" content=\"article\" \/>\n<meta property=\"og:title\" content=\"Medinis r\u016b\u0161iuoklis &quot;Autobusas&quot; - Montessori \u017eaislai\" \/>\n<meta property=\"og:description\" content=\"Si\u016bloma d\u0117lion\u0117 yra puiki pramoga k\u016brybingiems vaikams. Jis pagamintas i\u0161 nat\u016bralios med\u017eiagos \u2013 med\u017eio, kurio gro\u017e\u012f ir ilgaam\u017ei\u0161kum\u0105 \u012fvertins kiekvienas. \u0160i med\u017eiaga labai gerai atrodo tiek nat\u016braliai, tiek da\u017eyta. Rinkinyje daug spalving\u0173 element\u0173, i\u0161 kuri\u0173 vaikas gali kurti \u012fvairius ra\u0161tus.\" \/>\n<meta property=\"og:url\" content=\"https:\/\/monti.lt\/en\/product\/medinis-rusiuoklis-autobusas\/\" \/>\n<meta property=\"og:site_name\" content=\"Montessori \u017eaislai\" \/>\n<meta property=\"article:modified_time\" content=\"2025-10-09T06:13:52+00:00\" \/>\n<meta property=\"og:image\" content=\"https:\/\/monti.lt\/wp-content\/uploads\/2023\/11\/lit_pl_Medine-delione-rusiuotojas-6in1-Kruzzel-22636-17119_12.jpg\" \/>\n\t<meta property=\"og:image:width\" content=\"500\" \/>\n\t<meta property=\"og:image:height\" content=\"500\" \/>\n\t<meta property=\"og:image:type\" content=\"image\/jpeg\" \/>\n<meta name=\"twitter:card\" content=\"summary_large_image\" \/>\n<meta name=\"twitter:label1\" content=\"Est. reading time\" \/>\n\t<meta name=\"twitter:data1\" content=\"1 minute\" \/>\n<script type=\"application\/ld+json\" class=\"yoast-schema-graph\">{\"@context\":\"https:\/\/schema.org\",\"@graph\":[{\"@type\":\"WebPage\",\"@id\":\"https:\/\/monti.lt\/product\/medinis-rusiuoklis-autobusas\/\",\"url\":\"https:\/\/monti.lt\/product\/medinis-rusiuoklis-autobusas\/\",\"name\":\"Medinis r\u016b\u0161iuoklis \\\"Autobusas\\\" - Montessori \u017eaislai\",\"isPartOf\":{\"@id\":\"https:\/\/monti.lt\/#website\"},\"primaryImageOfPage\":{\"@id\":\"https:\/\/monti.lt\/product\/medinis-rusiuoklis-autobusas\/#primaryimage\"},\"image\":{\"@id\":\"https:\/\/monti.lt\/product\/medinis-rusiuoklis-autobusas\/#primaryimage\"},\"thumbnailUrl\":\"https:\/\/monti.lt\/wp-content\/uploads\/2023\/11\/lit_pl_Medine-delione-rusiuotojas-6in1-Kruzzel-22636-17119_12.jpg\",\"datePublished\":\"2023-11-08T14:01:53+00:00\",\"dateModified\":\"2025-10-09T06:13:52+00:00\",\"breadcrumb\":{\"@id\":\"https:\/\/monti.lt\/product\/medinis-rusiuoklis-autobusas\/#breadcrumb\"},\"inLanguage\":\"en-US\",\"potentialAction\":[{\"@type\":\"ReadAction\",\"target\":[\"https:\/\/monti.lt\/product\/medinis-rusiuoklis-autobusas\/\"]}]},{\"@type\":\"ImageObject\",\"inLanguage\":\"en-US\",\"@id\":\"https:\/\/monti.lt\/product\/medinis-rusiuoklis-autobusas\/#primaryimage\",\"url\":\"https:\/\/monti.lt\/wp-content\/uploads\/2023\/11\/lit_pl_Medine-delione-rusiuotojas-6in1-Kruzzel-22636-17119_12.jpg\",\"contentUrl\":\"https:\/\/monti.lt\/wp-content\/uploads\/2023\/11\/lit_pl_Medine-delione-rusiuotojas-6in1-Kruzzel-22636-17119_12.jpg\",\"width\":500,\"height\":500,\"caption\":\"medine delione skaiciai\"},{\"@type\":\"BreadcrumbList\",\"@id\":\"https:\/\/monti.lt\/product\/medinis-rusiuoklis-autobusas\/#breadcrumb\",\"itemListElement\":[{\"@type\":\"ListItem\",\"position\":1,\"name\":\"Home\",\"item\":\"https:\/\/monti.lt\/\"},{\"@type\":\"ListItem\",\"position\":2,\"name\":\"Parduotuv\u0117\",\"item\":\"https:\/\/monti.lt\/shop\/\"},{\"@type\":\"ListItem\",\"position\":3,\"name\":\"Medinis r\u016b\u0161iuoklis &#8220;Autobusas&#8221;\"}]},{\"@type\":\"WebSite\",\"@id\":\"https:\/\/monti.lt\/#website\",\"url\":\"https:\/\/monti.lt\/\",\"name\":\"Montessori \u017eaislai\",\"description\":\"\",\"publisher\":{\"@id\":\"https:\/\/monti.lt\/#organization\"},\"potentialAction\":[{\"@type\":\"SearchAction\",\"target\":{\"@type\":\"EntryPoint\",\"urlTemplate\":\"https:\/\/monti.lt\/?s={search_term_string}\"},\"query-input\":\"required name=search_term_string\"}],\"inLanguage\":\"en-US\"},{\"@type\":\"Organization\",\"@id\":\"https:\/\/monti.lt\/#organization\",\"name\":\"Montessori \u017eaislai\",\"url\":\"https:\/\/monti.lt\/\",\"logo\":{\"@type\":\"ImageObject\",\"inLanguage\":\"en-US\",\"@id\":\"https:\/\/monti.lt\/#\/schema\/logo\/image\/\",\"url\":\"https:\/\/monti.lt\/wp-content\/uploads\/2022\/03\/montilogo-1.png\",\"contentUrl\":\"https:\/\/monti.lt\/wp-content\/uploads\/2022\/03\/montilogo-1.png\",\"width\":512,\"height\":512,\"caption\":\"Montessori \u017eaislai\"},\"image\":{\"@id\":\"https:\/\/monti.lt\/#\/schema\/logo\/image\/\"}}]}<\/script>\n<!-- \/ Yoast SEO plugin. -->","yoast_head_json":{"title":"Medinis r\u016b\u0161iuoklis \"Autobusas\" - Montessori \u017eaislai","robots":{"index":"index","follow":"follow","max-snippet":"max-snippet:-1","max-image-preview":"max-image-preview:large","max-video-preview":"max-video-preview:-1"},"canonical":"https:\/\/monti.lt\/en\/product\/medinis-rusiuoklis-autobusas\/","og_locale":"en_US","og_type":"article","og_title":"Medinis r\u016b\u0161iuoklis \"Autobusas\" - Montessori \u017eaislai","og_description":"Si\u016bloma d\u0117lion\u0117 yra puiki pramoga k\u016brybingiems vaikams. Jis pagamintas i\u0161 nat\u016bralios med\u017eiagos \u2013 med\u017eio, kurio gro\u017e\u012f ir ilgaam\u017ei\u0161kum\u0105 \u012fvertins kiekvienas. \u0160i med\u017eiaga labai gerai atrodo tiek nat\u016braliai, tiek da\u017eyta. Rinkinyje daug spalving\u0173 element\u0173, i\u0161 kuri\u0173 vaikas gali kurti \u012fvairius ra\u0161tus.","og_url":"https:\/\/monti.lt\/en\/product\/medinis-rusiuoklis-autobusas\/","og_site_name":"Montessori \u017eaislai","article_modified_time":"2025-10-09T06:13:52+00:00","og_image":[{"width":500,"height":500,"url":"https:\/\/monti.lt\/wp-content\/uploads\/2023\/11\/lit_pl_Medine-delione-rusiuotojas-6in1-Kruzzel-22636-17119_12.jpg","type":"image\/jpeg"}],"twitter_card":"summary_large_image","twitter_misc":{"Est. reading time":"1 minute"},"schema":{"@context":"https:\/\/schema.org","@graph":[{"@type":"WebPage","@id":"https:\/\/monti.lt\/product\/medinis-rusiuoklis-autobusas\/","url":"https:\/\/monti.lt\/product\/medinis-rusiuoklis-autobusas\/","name":"Medinis r\u016b\u0161iuoklis \"Autobusas\" - Montessori \u017eaislai","isPartOf":{"@id":"https:\/\/monti.lt\/#website"},"primaryImageOfPage":{"@id":"https:\/\/monti.lt\/product\/medinis-rusiuoklis-autobusas\/#primaryimage"},"image":{"@id":"https:\/\/monti.lt\/product\/medinis-rusiuoklis-autobusas\/#primaryimage"},"thumbnailUrl":"https:\/\/monti.lt\/wp-content\/uploads\/2023\/11\/lit_pl_Medine-delione-rusiuotojas-6in1-Kruzzel-22636-17119_12.jpg","datePublished":"2023-11-08T14:01:53+00:00","dateModified":"2025-10-09T06:13:52+00:00","breadcrumb":{"@id":"https:\/\/monti.lt\/product\/medinis-rusiuoklis-autobusas\/#breadcrumb"},"inLanguage":"en-US","potentialAction":[{"@type":"ReadAction","target":["https:\/\/monti.lt\/product\/medinis-rusiuoklis-autobusas\/"]}]},{"@type":"ImageObject","inLanguage":"en-US","@id":"https:\/\/monti.lt\/product\/medinis-rusiuoklis-autobusas\/#primaryimage","url":"https:\/\/monti.lt\/wp-content\/uploads\/2023\/11\/lit_pl_Medine-delione-rusiuotojas-6in1-Kruzzel-22636-17119_12.jpg","contentUrl":"https:\/\/monti.lt\/wp-content\/uploads\/2023\/11\/lit_pl_Medine-delione-rusiuotojas-6in1-Kruzzel-22636-17119_12.jpg","width":500,"height":500,"caption":"medine delione skaiciai"},{"@type":"BreadcrumbList","@id":"https:\/\/monti.lt\/product\/medinis-rusiuoklis-autobusas\/#breadcrumb","itemListElement":[{"@type":"ListItem","position":1,"name":"Home","item":"https:\/\/monti.lt\/"},{"@type":"ListItem","position":2,"name":"Parduotuv\u0117","item":"https:\/\/monti.lt\/shop\/"},{"@type":"ListItem","position":3,"name":"Medinis r\u016b\u0161iuoklis &#8220;Autobusas&#8221;"}]},{"@type":"WebSite","@id":"https:\/\/monti.lt\/#website","url":"https:\/\/monti.lt\/","name":"Montessori \u017eaislai","description":"","publisher":{"@id":"https:\/\/monti.lt\/#organization"},"potentialAction":[{"@type":"SearchAction","target":{"@type":"EntryPoint","urlTemplate":"https:\/\/monti.lt\/?s={search_term_string}"},"query-input":"required name=search_term_string"}],"inLanguage":"en-US"},{"@type":"Organization","@id":"https:\/\/monti.lt\/#organization","name":"Montessori \u017eaislai","url":"https:\/\/monti.lt\/","logo":{"@type":"ImageObject","inLanguage":"en-US","@id":"https:\/\/monti.lt\/#\/schema\/logo\/image\/","url":"https:\/\/monti.lt\/wp-content\/uploads\/2022\/03\/montilogo-1.png","contentUrl":"https:\/\/monti.lt\/wp-content\/uploads\/2022\/03\/montilogo-1.png","width":512,"height":512,"caption":"Montessori \u017eaislai"},"image":{"@id":"https:\/\/monti.lt\/#\/schema\/logo\/image\/"}}]}},"_links":{"self":[{"href":"https:\/\/monti.lt\/en\/wp-json\/wp\/v2\/product\/19155"}],"collection":[{"href":"https:\/\/monti.lt\/en\/wp-json\/wp\/v2\/product"}],"about":[{"href":"https:\/\/monti.lt\/en\/wp-json\/wp\/v2\/types\/product"}],"version-history":[{"count":2,"href":"https:\/\/monti.lt\/en\/wp-json\/wp\/v2\/product\/19155\/revisions"}],"predecessor-version":[{"id":19165,"href":"https:\/\/monti.lt\/en\/wp-json\/wp\/v2\/product\/19155\/revisions\/19165"}],"wp:featuredmedia":[{"embeddable":true,"href":"https:\/\/monti.lt\/en\/wp-json\/wp\/v2\/media\/19156"}],"wp:attachment":[{"href":"https:\/\/monti.lt\/en\/wp-json\/wp\/v2\/media?parent=19155"}],"wp:term":[{"taxonomy":"product_cat","embeddable":true,"href":"https:\/\/monti.lt\/en\/wp-json\/wp\/v2\/product_cat?post=19155"},{"taxonomy":"product_tag","embeddable":true,"href":"https:\/\/monti.lt\/en\/wp-json\/wp\/v2\/product_tag?post=19155"}],"curies":[{"name":"wp","href":"https:\/\/api.w.org\/{rel}","templated":true}]}}