{"id":19187,"date":"2023-11-08T14:30:30","date_gmt":"2023-11-08T14:30:30","guid":{"rendered":"https:\/\/monti.lt\/?post_type=product&#038;p=19187"},"modified":"2025-11-27T08:25:23","modified_gmt":"2025-11-27T08:25:23","slug":"medinis-rusiuoklis-su-plaktuku-dramblys","status":"publish","type":"product","link":"https:\/\/monti.lt\/en\/product\/medinis-rusiuoklis-su-plaktuku-dramblys\/","title":{"rendered":"Medinis r\u016b\u0161iuoklis su plaktuku &#8220;Dramblys&#8221;"},"content":{"rendered":"<ul class=\"wp-block-list\">\n<li>puikiai lavina login\u012f m\u0105stym\u0105, rank\u0173 motorik\u0105, rank\u0173 ir aki\u0173 koordinacij\u0105.\u00a0<strong>Puikiai tinka \u017eaisti vienam, su suaugusiais ar su kitais vaikais didesn\u0117je grup\u0117je.\u00a0<\/strong>Tai teigiamai veikia socialini\u0173 ir integracini\u0173 \u012fg\u016bd\u017ei\u0173 ugdym\u0105. Vaikas gali praktikuoti spalvas ir net v\u0117liau skai\u010diuoti.<\/li>\n\n\n\n<li>mediniai \u017eaislai yra itin patvar\u016bs ir atspar\u016bs pa\u017eeidimams, tod\u0117l i\u0161liks nepa\u017eeisti met\u0173 metus. Tai \u017eaislas, kur\u012f s\u0117kmingai naudos ne tik vienas vaikas, bet ir i\u0161tisos kartos.<\/li>\n\n\n\n<li><strong>4<\/strong>&nbsp;<strong>viename<\/strong>&nbsp;\u2013 jie yra dramblyje&nbsp;<strong>spalvinga_<\/strong>&nbsp;<strong>_&nbsp;<\/strong><strong>sienos<\/strong>&nbsp;<strong>,<\/strong>&nbsp;<strong>kuri\u0173 kiekviena<\/strong>&nbsp;turi skirting\u0105 u\u017eduot\u012f vaikui. Besisukan\u010dios pavaros, labirintas su skai\u010diais, pertraukiklis, traukimo laidas.&nbsp;<strong>\u0160is medinis dramblys su\u017eav\u0117s daugel\u012f vaik\u0173.<\/strong><\/li>\n\n\n\n<li>\u017eaislas yra saugus patiems ma\u017eiausiems. Visi mediniai elementai puikiai nu\u0161lifuoti ir nuda\u017eyti vaikams bei aplinkai saugiais da\u017eais. Nat\u016brali \u017ealiava rei\u0161kia, kad net jei vaikas \u017eaisl\u0105 paims \u012f burn\u0105, jis netur\u0117s kontakto su plastiku.<\/li>\n<\/ul>\n\n\n\n<p><strong>SPECIFIKACIJA<\/strong><\/p>\n\n\n\n<ul class=\"wp-block-list\">\n<li>spalva: daugiaspalvis<\/li>\n\n\n\n<li>med\u017eiaga: mediena<\/li>\n\n\n\n<li>matmenys: 13 x 23,5 x 11 cm<\/li>\n\n\n\n<li>svoris: 640 g<\/li>\n\n\n\n<li>svoris pakuot\u0117je: 760g<\/li>\n<\/ul>\n\n\n\n<p><strong>\u012eSKAITANT<\/strong><\/p>\n\n\n\n<ul class=\"wp-block-list\">\n<li>dramblys<\/li>\n\n\n\n<li>2 x plaktukas<\/li>\n<\/ul>","protected":false},"excerpt":{"rendered":"<p>SPECIFIKACIJA \u012eSKAITANT<\/p>","protected":false},"featured_media":19188,"template":"","meta":{"_acf_changed":false,"iawp_total_views":450},"product_cat":[194,195,191,192,84,91,102,88,83,90,86,199,49,39],"product_tag":[95,96,97,98],"class_list":{"0":"post-19187","1":"product","2":"type-product","3":"status-publish","4":"has-post-thumbnail","6":"product_cat-dovanos-vaikams-2-3-metu","7":"product_cat-dovanos-vaikams-3-4-metu","8":"product_cat-dovanos-vaikams","9":"product_cat-kaledines-dovanos-vaikams","10":"product_cat-lavinamieji-zaislai","11":"product_cat-loginiam-mastymui","12":"product_cat-mediniai-zaislai","13":"product_cat-mokausi-zaisti","14":"product_cat-montessori-zaislai","15":"product_cat-pasaulio-pazinimas","16":"product_cat-smulkioji-motorika","17":"product_cat-ugdymo-istaigoms","18":"product_cat-visi-zaislai","19":"product_cat-zaislai","20":"product_tag-1-m-2-m","21":"product_tag-2-m-3-m","22":"product_tag-3-m-4-m","23":"product_tag-5-m-7-m","25":"first","26":"outofstock","27":"sale","28":"taxable","29":"shipping-taxable","30":"purchasable","31":"product-type-simple"},"acf":[],"yoast_head":"<!-- This site is optimized with the Yoast SEO plugin v23.3 - https:\/\/yoast.com\/wordpress\/plugins\/seo\/ -->\n<title>Medinis r\u016b\u0161iuoklis su plaktuku &quot;Dramblys&quot; - Montessori \u017eaislai<\/title>\n<meta name=\"robots\" content=\"index, follow, max-snippet:-1, max-image-preview:large, max-video-preview:-1\" \/>\n<link rel=\"canonical\" href=\"https:\/\/monti.lt\/en\/product\/medinis-rusiuoklis-su-plaktuku-dramblys\/\" \/>\n<meta property=\"og:locale\" content=\"en_US\" \/>\n<meta property=\"og:type\" content=\"article\" \/>\n<meta property=\"og:title\" content=\"Medinis r\u016b\u0161iuoklis su plaktuku &quot;Dramblys&quot; - Montessori \u017eaislai\" \/>\n<meta property=\"og:description\" content=\"SPECIFIKACIJA \u012eSKAITANT\" \/>\n<meta property=\"og:url\" content=\"https:\/\/monti.lt\/en\/product\/medinis-rusiuoklis-su-plaktuku-dramblys\/\" \/>\n<meta property=\"og:site_name\" content=\"Montessori \u017eaislai\" \/>\n<meta property=\"article:modified_time\" content=\"2025-11-27T08:25:23+00:00\" \/>\n<meta property=\"og:image\" content=\"https:\/\/monti.lt\/wp-content\/uploads\/2023\/11\/lit_pm_Medinis-dramblys-plaktukas-Kruzzel-20349-16273_11.webp\" \/>\n\t<meta property=\"og:image:width\" content=\"480\" \/>\n\t<meta property=\"og:image:height\" content=\"480\" \/>\n\t<meta property=\"og:image:type\" content=\"image\/webp\" \/>\n<meta name=\"twitter:card\" content=\"summary_large_image\" \/>\n<meta name=\"twitter:label1\" content=\"Est. reading time\" \/>\n\t<meta name=\"twitter:data1\" content=\"1 minute\" \/>\n<script type=\"application\/ld+json\" class=\"yoast-schema-graph\">{\"@context\":\"https:\/\/schema.org\",\"@graph\":[{\"@type\":\"WebPage\",\"@id\":\"https:\/\/monti.lt\/product\/medinis-rusiuoklis-su-plaktuku-dramblys\/\",\"url\":\"https:\/\/monti.lt\/product\/medinis-rusiuoklis-su-plaktuku-dramblys\/\",\"name\":\"Medinis r\u016b\u0161iuoklis su plaktuku \\\"Dramblys\\\" - Montessori \u017eaislai\",\"isPartOf\":{\"@id\":\"https:\/\/monti.lt\/#website\"},\"primaryImageOfPage\":{\"@id\":\"https:\/\/monti.lt\/product\/medinis-rusiuoklis-su-plaktuku-dramblys\/#primaryimage\"},\"image\":{\"@id\":\"https:\/\/monti.lt\/product\/medinis-rusiuoklis-su-plaktuku-dramblys\/#primaryimage\"},\"thumbnailUrl\":\"https:\/\/monti.lt\/wp-content\/uploads\/2023\/11\/lit_pm_Medinis-dramblys-plaktukas-Kruzzel-20349-16273_11.webp\",\"datePublished\":\"2023-11-08T14:30:30+00:00\",\"dateModified\":\"2025-11-27T08:25:23+00:00\",\"breadcrumb\":{\"@id\":\"https:\/\/monti.lt\/product\/medinis-rusiuoklis-su-plaktuku-dramblys\/#breadcrumb\"},\"inLanguage\":\"en-US\",\"potentialAction\":[{\"@type\":\"ReadAction\",\"target\":[\"https:\/\/monti.lt\/product\/medinis-rusiuoklis-su-plaktuku-dramblys\/\"]}]},{\"@type\":\"ImageObject\",\"inLanguage\":\"en-US\",\"@id\":\"https:\/\/monti.lt\/product\/medinis-rusiuoklis-su-plaktuku-dramblys\/#primaryimage\",\"url\":\"https:\/\/monti.lt\/wp-content\/uploads\/2023\/11\/lit_pm_Medinis-dramblys-plaktukas-Kruzzel-20349-16273_11.webp\",\"contentUrl\":\"https:\/\/monti.lt\/wp-content\/uploads\/2023\/11\/lit_pm_Medinis-dramblys-plaktukas-Kruzzel-20349-16273_11.webp\",\"width\":480,\"height\":480,\"caption\":\"Medinis-dramblys\"},{\"@type\":\"BreadcrumbList\",\"@id\":\"https:\/\/monti.lt\/product\/medinis-rusiuoklis-su-plaktuku-dramblys\/#breadcrumb\",\"itemListElement\":[{\"@type\":\"ListItem\",\"position\":1,\"name\":\"Home\",\"item\":\"https:\/\/monti.lt\/\"},{\"@type\":\"ListItem\",\"position\":2,\"name\":\"Parduotuv\u0117\",\"item\":\"https:\/\/monti.lt\/shop\/\"},{\"@type\":\"ListItem\",\"position\":3,\"name\":\"Medinis r\u016b\u0161iuoklis su plaktuku &#8220;Dramblys&#8221;\"}]},{\"@type\":\"WebSite\",\"@id\":\"https:\/\/monti.lt\/#website\",\"url\":\"https:\/\/monti.lt\/\",\"name\":\"Montessori \u017eaislai\",\"description\":\"\",\"publisher\":{\"@id\":\"https:\/\/monti.lt\/#organization\"},\"potentialAction\":[{\"@type\":\"SearchAction\",\"target\":{\"@type\":\"EntryPoint\",\"urlTemplate\":\"https:\/\/monti.lt\/?s={search_term_string}\"},\"query-input\":\"required name=search_term_string\"}],\"inLanguage\":\"en-US\"},{\"@type\":\"Organization\",\"@id\":\"https:\/\/monti.lt\/#organization\",\"name\":\"Montessori \u017eaislai\",\"url\":\"https:\/\/monti.lt\/\",\"logo\":{\"@type\":\"ImageObject\",\"inLanguage\":\"en-US\",\"@id\":\"https:\/\/monti.lt\/#\/schema\/logo\/image\/\",\"url\":\"https:\/\/monti.lt\/wp-content\/uploads\/2022\/03\/montilogo-1.png\",\"contentUrl\":\"https:\/\/monti.lt\/wp-content\/uploads\/2022\/03\/montilogo-1.png\",\"width\":512,\"height\":512,\"caption\":\"Montessori \u017eaislai\"},\"image\":{\"@id\":\"https:\/\/monti.lt\/#\/schema\/logo\/image\/\"}}]}<\/script>\n<!-- \/ Yoast SEO plugin. -->","yoast_head_json":{"title":"Medinis r\u016b\u0161iuoklis su plaktuku \"Dramblys\" - Montessori \u017eaislai","robots":{"index":"index","follow":"follow","max-snippet":"max-snippet:-1","max-image-preview":"max-image-preview:large","max-video-preview":"max-video-preview:-1"},"canonical":"https:\/\/monti.lt\/en\/product\/medinis-rusiuoklis-su-plaktuku-dramblys\/","og_locale":"en_US","og_type":"article","og_title":"Medinis r\u016b\u0161iuoklis su plaktuku \"Dramblys\" - Montessori \u017eaislai","og_description":"SPECIFIKACIJA \u012eSKAITANT","og_url":"https:\/\/monti.lt\/en\/product\/medinis-rusiuoklis-su-plaktuku-dramblys\/","og_site_name":"Montessori \u017eaislai","article_modified_time":"2025-11-27T08:25:23+00:00","og_image":[{"width":480,"height":480,"url":"https:\/\/monti.lt\/wp-content\/uploads\/2023\/11\/lit_pm_Medinis-dramblys-plaktukas-Kruzzel-20349-16273_11.webp","type":"image\/webp"}],"twitter_card":"summary_large_image","twitter_misc":{"Est. reading time":"1 minute"},"schema":{"@context":"https:\/\/schema.org","@graph":[{"@type":"WebPage","@id":"https:\/\/monti.lt\/product\/medinis-rusiuoklis-su-plaktuku-dramblys\/","url":"https:\/\/monti.lt\/product\/medinis-rusiuoklis-su-plaktuku-dramblys\/","name":"Medinis r\u016b\u0161iuoklis su plaktuku \"Dramblys\" - Montessori \u017eaislai","isPartOf":{"@id":"https:\/\/monti.lt\/#website"},"primaryImageOfPage":{"@id":"https:\/\/monti.lt\/product\/medinis-rusiuoklis-su-plaktuku-dramblys\/#primaryimage"},"image":{"@id":"https:\/\/monti.lt\/product\/medinis-rusiuoklis-su-plaktuku-dramblys\/#primaryimage"},"thumbnailUrl":"https:\/\/monti.lt\/wp-content\/uploads\/2023\/11\/lit_pm_Medinis-dramblys-plaktukas-Kruzzel-20349-16273_11.webp","datePublished":"2023-11-08T14:30:30+00:00","dateModified":"2025-11-27T08:25:23+00:00","breadcrumb":{"@id":"https:\/\/monti.lt\/product\/medinis-rusiuoklis-su-plaktuku-dramblys\/#breadcrumb"},"inLanguage":"en-US","potentialAction":[{"@type":"ReadAction","target":["https:\/\/monti.lt\/product\/medinis-rusiuoklis-su-plaktuku-dramblys\/"]}]},{"@type":"ImageObject","inLanguage":"en-US","@id":"https:\/\/monti.lt\/product\/medinis-rusiuoklis-su-plaktuku-dramblys\/#primaryimage","url":"https:\/\/monti.lt\/wp-content\/uploads\/2023\/11\/lit_pm_Medinis-dramblys-plaktukas-Kruzzel-20349-16273_11.webp","contentUrl":"https:\/\/monti.lt\/wp-content\/uploads\/2023\/11\/lit_pm_Medinis-dramblys-plaktukas-Kruzzel-20349-16273_11.webp","width":480,"height":480,"caption":"Medinis-dramblys"},{"@type":"BreadcrumbList","@id":"https:\/\/monti.lt\/product\/medinis-rusiuoklis-su-plaktuku-dramblys\/#breadcrumb","itemListElement":[{"@type":"ListItem","position":1,"name":"Home","item":"https:\/\/monti.lt\/"},{"@type":"ListItem","position":2,"name":"Parduotuv\u0117","item":"https:\/\/monti.lt\/shop\/"},{"@type":"ListItem","position":3,"name":"Medinis r\u016b\u0161iuoklis su plaktuku &#8220;Dramblys&#8221;"}]},{"@type":"WebSite","@id":"https:\/\/monti.lt\/#website","url":"https:\/\/monti.lt\/","name":"Montessori \u017eaislai","description":"","publisher":{"@id":"https:\/\/monti.lt\/#organization"},"potentialAction":[{"@type":"SearchAction","target":{"@type":"EntryPoint","urlTemplate":"https:\/\/monti.lt\/?s={search_term_string}"},"query-input":"required name=search_term_string"}],"inLanguage":"en-US"},{"@type":"Organization","@id":"https:\/\/monti.lt\/#organization","name":"Montessori \u017eaislai","url":"https:\/\/monti.lt\/","logo":{"@type":"ImageObject","inLanguage":"en-US","@id":"https:\/\/monti.lt\/#\/schema\/logo\/image\/","url":"https:\/\/monti.lt\/wp-content\/uploads\/2022\/03\/montilogo-1.png","contentUrl":"https:\/\/monti.lt\/wp-content\/uploads\/2022\/03\/montilogo-1.png","width":512,"height":512,"caption":"Montessori \u017eaislai"},"image":{"@id":"https:\/\/monti.lt\/#\/schema\/logo\/image\/"}}]}},"_links":{"self":[{"href":"https:\/\/monti.lt\/en\/wp-json\/wp\/v2\/product\/19187"}],"collection":[{"href":"https:\/\/monti.lt\/en\/wp-json\/wp\/v2\/product"}],"about":[{"href":"https:\/\/monti.lt\/en\/wp-json\/wp\/v2\/types\/product"}],"version-history":[{"count":1,"href":"https:\/\/monti.lt\/en\/wp-json\/wp\/v2\/product\/19187\/revisions"}],"predecessor-version":[{"id":19195,"href":"https:\/\/monti.lt\/en\/wp-json\/wp\/v2\/product\/19187\/revisions\/19195"}],"wp:featuredmedia":[{"embeddable":true,"href":"https:\/\/monti.lt\/en\/wp-json\/wp\/v2\/media\/19188"}],"wp:attachment":[{"href":"https:\/\/monti.lt\/en\/wp-json\/wp\/v2\/media?parent=19187"}],"wp:term":[{"taxonomy":"product_cat","embeddable":true,"href":"https:\/\/monti.lt\/en\/wp-json\/wp\/v2\/product_cat?post=19187"},{"taxonomy":"product_tag","embeddable":true,"href":"https:\/\/monti.lt\/en\/wp-json\/wp\/v2\/product_tag?post=19187"}],"curies":[{"name":"wp","href":"https:\/\/api.w.org\/{rel}","templated":true}]}}