{"id":19196,"date":"2023-11-08T14:33:44","date_gmt":"2023-11-08T14:33:44","guid":{"rendered":"https:\/\/monti.lt\/?post_type=product&#038;p=19196"},"modified":"2026-01-07T08:52:21","modified_gmt":"2026-01-07T08:52:21","slug":"medinis-gimtadienio-tortas","status":"publish","type":"product","link":"https:\/\/monti.lt\/en\/product\/medinis-gimtadienio-tortas\/","title":{"rendered":"Medinis gimtadienio tortas"},"content":{"rendered":"<h1 class=\"wp-block-heading\">\u00a0<\/h1>\n\n\n\n<ul class=\"wp-block-list\">\n<li>gra\u017eu gimtadienio tort\u0105 galima papuo\u0161ti pagal savo idej\u0105. Rinkinyje daug priedu, tokiu kaip vaisiai, meringui, \u017evakes, kurias galima deti ant torto.\u00a0<strong>Tai suteikia jums begalinio kurybinio malonumo valandu valandas<\/strong>\u00a0. Gabalai, i\u0161 kuriu susideda tortas\u00a0<strong>yra sujungti vienas su kitu magnetais<\/strong>\u00a0. Paruo\u0161t\u0105, papuo\u0161t\u0105 tort\u0105 galima \u201eperpjauti tikru peiliu\u201c ir i\u0161delioti i lek\u0161tes. Tai puiki rankiniu igud\u017eiu mank\u0161ta ma\u017eiausiems, taip pat ideali treniruote prie\u0161 mokantis pjauti tikru peiliu.<\/li>\n\n\n\n<li>mediniai \u017eaislai yra nesenstantis pasiulymas, kuris prad\u017eiugins kiekvien\u0105 ma\u017eyli. Klasikinis med\u017eio gro\u017eis ir ilgaam\u017ei\u0161kumas visada buvo labai vertinami. \u0160i \u017ealiava gerai atrodo tiek naturalios spalvos, tiek da\u017eyta. \u017daislas yra saugus kiekvienam vaikui. Naturali \u017ealiava rei\u0161kia, kad net jei vaikas \u017eaisl\u0105 paims i burn\u0105, jis netures kontakto su plastiku.<\/li>\n\n\n\n<li>koks butu gimtadienis be smulkmenu, tokiu kaip lek\u0161tes ar stalo irankiai?<strong>\u00a0Juk gra\u017eiai papuo\u0161t\u0105 ir supjaustyt\u0105 tort\u0105 tuomet butina valgyti vakarelyje su me\u0161kiukais ir teveliais!<\/strong>\u00a0Komplekte yra viskas, ko reikia tobulam gimtadienio vakareliui.<\/li>\n\n\n\n<li>torto gaminimo rinkinys \u2013 puiki dovana vaikui, tiek mergaitei, tiek berniukui.\u00a0<strong>Tortas garantuos daug linksmybiu ir leis Jusu vaikui pasijusti tikru kulinaru<\/strong>\u00a0! Jo intensyvios spalvos tikrai patiks kiekvienam vaikui.<\/li>\n<\/ul>\n\n\n\n<p><strong>SPECIFIKACIJA<\/strong><\/p>\n\n\n\n<ul class=\"wp-block-list\">\n<li>spalva: daugiaspalvis;<\/li>\n\n\n\n<li>med\u017eiaga: mediena;<\/li>\n\n\n\n<li>elementu skai\u010dius rinkinyje: 48;<\/li>\n\n\n\n<li>torto matmenys (skersmuo \/ auk\u0161tis): 18,5 \/ 11 cm;<\/li>\n\n\n\n<li>svoris: 1,2 kg;<\/li>\n\n\n\n<li>svoris pakuoteje: 1,23 kg.<\/li>\n<\/ul>\n\n\n\n<p><strong>ISKAITANT<\/strong><\/p>\n\n\n\n<ul class=\"wp-block-list\">\n<li>5 \u017evakes<\/li>\n\n\n\n<li>2 ledinukai<\/li>\n\n\n\n<li>12 vaisiu gabaleliu<\/li>\n\n\n\n<li>6 be<\/li>\n\n\n\n<li>6 kubeliai grietineles<\/li>\n\n\n\n<li>4 raudoni saldainiai<\/li>\n\n\n\n<li>6 gabaliukai te\u0161los<\/li>\n\n\n\n<li>padeklas<\/li>\n\n\n\n<li>2 lek\u0161tes<\/li>\n\n\n\n<li>\u0161auk\u0161tas<\/li>\n\n\n\n<li>peilis<\/li>\n\n\n\n<li>mentele<\/li>\n<\/ul>","protected":false},"excerpt":{"rendered":"<p>\u00a0 SPECIFIKACIJA ISKAITANT<\/p>","protected":false},"featured_media":19197,"template":"","meta":{"_acf_changed":false,"iawp_total_views":537},"product_cat":[92,84,102,90,86,199,93,49,39],"product_tag":[96,97,98],"class_list":{"0":"post-19196","1":"product","2":"type-product","3":"status-publish","4":"has-post-thumbnail","6":"product_cat-deliones","7":"product_cat-lavinamieji-zaislai","8":"product_cat-mediniai-zaislai","9":"product_cat-pasaulio-pazinimas","10":"product_cat-smulkioji-motorika","11":"product_cat-ugdymo-istaigoms","12":"product_cat-vaidmenu-zaidimai","13":"product_cat-visi-zaislai","14":"product_cat-zaislai","15":"product_tag-2-m-3-m","16":"product_tag-3-m-4-m","17":"product_tag-5-m-7-m","19":"first","20":"outofstock","21":"taxable","22":"shipping-taxable","23":"purchasable","24":"product-type-simple"},"acf":[],"yoast_head":"<!-- This site is optimized with the Yoast SEO plugin v23.3 - https:\/\/yoast.com\/wordpress\/plugins\/seo\/ -->\n<title>Medinis gimtadienio tortas - Montessori \u017eaislai<\/title>\n<meta name=\"robots\" content=\"index, follow, max-snippet:-1, max-image-preview:large, max-video-preview:-1\" \/>\n<link rel=\"canonical\" href=\"https:\/\/monti.lt\/en\/product\/medinis-gimtadienio-tortas\/\" \/>\n<meta property=\"og:locale\" content=\"en_US\" \/>\n<meta property=\"og:type\" content=\"article\" \/>\n<meta property=\"og:title\" content=\"Medinis gimtadienio tortas - Montessori \u017eaislai\" \/>\n<meta property=\"og:description\" content=\"\u00a0 SPECIFIKACIJA ISKAITANT\" \/>\n<meta property=\"og:url\" content=\"https:\/\/monti.lt\/en\/product\/medinis-gimtadienio-tortas\/\" \/>\n<meta property=\"og:site_name\" content=\"Montessori \u017eaislai\" \/>\n<meta property=\"article:modified_time\" content=\"2026-01-07T08:52:21+00:00\" \/>\n<meta property=\"og:image\" content=\"https:\/\/monti.lt\/wp-content\/uploads\/2023\/11\/lit_pl_Medinis-gimtadienio-tortas-14797_4.jpg\" \/>\n\t<meta property=\"og:image:width\" content=\"652\" \/>\n\t<meta property=\"og:image:height\" content=\"500\" \/>\n\t<meta property=\"og:image:type\" content=\"image\/jpeg\" \/>\n<meta name=\"twitter:card\" content=\"summary_large_image\" \/>\n<meta name=\"twitter:label1\" content=\"Est. reading time\" \/>\n\t<meta name=\"twitter:data1\" content=\"1 minute\" \/>\n<script type=\"application\/ld+json\" class=\"yoast-schema-graph\">{\"@context\":\"https:\/\/schema.org\",\"@graph\":[{\"@type\":\"WebPage\",\"@id\":\"https:\/\/monti.lt\/product\/medinis-gimtadienio-tortas\/\",\"url\":\"https:\/\/monti.lt\/product\/medinis-gimtadienio-tortas\/\",\"name\":\"Medinis gimtadienio tortas - Montessori \u017eaislai\",\"isPartOf\":{\"@id\":\"https:\/\/monti.lt\/#website\"},\"primaryImageOfPage\":{\"@id\":\"https:\/\/monti.lt\/product\/medinis-gimtadienio-tortas\/#primaryimage\"},\"image\":{\"@id\":\"https:\/\/monti.lt\/product\/medinis-gimtadienio-tortas\/#primaryimage\"},\"thumbnailUrl\":\"https:\/\/monti.lt\/wp-content\/uploads\/2023\/11\/lit_pl_Medinis-gimtadienio-tortas-14797_4.jpg\",\"datePublished\":\"2023-11-08T14:33:44+00:00\",\"dateModified\":\"2026-01-07T08:52:21+00:00\",\"breadcrumb\":{\"@id\":\"https:\/\/monti.lt\/product\/medinis-gimtadienio-tortas\/#breadcrumb\"},\"inLanguage\":\"en-US\",\"potentialAction\":[{\"@type\":\"ReadAction\",\"target\":[\"https:\/\/monti.lt\/product\/medinis-gimtadienio-tortas\/\"]}]},{\"@type\":\"ImageObject\",\"inLanguage\":\"en-US\",\"@id\":\"https:\/\/monti.lt\/product\/medinis-gimtadienio-tortas\/#primaryimage\",\"url\":\"https:\/\/monti.lt\/wp-content\/uploads\/2023\/11\/lit_pl_Medinis-gimtadienio-tortas-14797_4.jpg\",\"contentUrl\":\"https:\/\/monti.lt\/wp-content\/uploads\/2023\/11\/lit_pl_Medinis-gimtadienio-tortas-14797_4.jpg\",\"width\":652,\"height\":500,\"caption\":\"medinis tortas\"},{\"@type\":\"BreadcrumbList\",\"@id\":\"https:\/\/monti.lt\/product\/medinis-gimtadienio-tortas\/#breadcrumb\",\"itemListElement\":[{\"@type\":\"ListItem\",\"position\":1,\"name\":\"Home\",\"item\":\"https:\/\/monti.lt\/\"},{\"@type\":\"ListItem\",\"position\":2,\"name\":\"Parduotuv\u0117\",\"item\":\"https:\/\/monti.lt\/shop\/\"},{\"@type\":\"ListItem\",\"position\":3,\"name\":\"Medinis gimtadienio tortas\"}]},{\"@type\":\"WebSite\",\"@id\":\"https:\/\/monti.lt\/#website\",\"url\":\"https:\/\/monti.lt\/\",\"name\":\"Montessori \u017eaislai\",\"description\":\"\",\"publisher\":{\"@id\":\"https:\/\/monti.lt\/#organization\"},\"potentialAction\":[{\"@type\":\"SearchAction\",\"target\":{\"@type\":\"EntryPoint\",\"urlTemplate\":\"https:\/\/monti.lt\/?s={search_term_string}\"},\"query-input\":\"required name=search_term_string\"}],\"inLanguage\":\"en-US\"},{\"@type\":\"Organization\",\"@id\":\"https:\/\/monti.lt\/#organization\",\"name\":\"Montessori \u017eaislai\",\"url\":\"https:\/\/monti.lt\/\",\"logo\":{\"@type\":\"ImageObject\",\"inLanguage\":\"en-US\",\"@id\":\"https:\/\/monti.lt\/#\/schema\/logo\/image\/\",\"url\":\"https:\/\/monti.lt\/wp-content\/uploads\/2022\/03\/montilogo-1.png\",\"contentUrl\":\"https:\/\/monti.lt\/wp-content\/uploads\/2022\/03\/montilogo-1.png\",\"width\":512,\"height\":512,\"caption\":\"Montessori \u017eaislai\"},\"image\":{\"@id\":\"https:\/\/monti.lt\/#\/schema\/logo\/image\/\"}}]}<\/script>\n<!-- \/ Yoast SEO plugin. -->","yoast_head_json":{"title":"Medinis gimtadienio tortas - Montessori \u017eaislai","robots":{"index":"index","follow":"follow","max-snippet":"max-snippet:-1","max-image-preview":"max-image-preview:large","max-video-preview":"max-video-preview:-1"},"canonical":"https:\/\/monti.lt\/en\/product\/medinis-gimtadienio-tortas\/","og_locale":"en_US","og_type":"article","og_title":"Medinis gimtadienio tortas - Montessori \u017eaislai","og_description":"\u00a0 SPECIFIKACIJA ISKAITANT","og_url":"https:\/\/monti.lt\/en\/product\/medinis-gimtadienio-tortas\/","og_site_name":"Montessori \u017eaislai","article_modified_time":"2026-01-07T08:52:21+00:00","og_image":[{"width":652,"height":500,"url":"https:\/\/monti.lt\/wp-content\/uploads\/2023\/11\/lit_pl_Medinis-gimtadienio-tortas-14797_4.jpg","type":"image\/jpeg"}],"twitter_card":"summary_large_image","twitter_misc":{"Est. reading time":"1 minute"},"schema":{"@context":"https:\/\/schema.org","@graph":[{"@type":"WebPage","@id":"https:\/\/monti.lt\/product\/medinis-gimtadienio-tortas\/","url":"https:\/\/monti.lt\/product\/medinis-gimtadienio-tortas\/","name":"Medinis gimtadienio tortas - Montessori \u017eaislai","isPartOf":{"@id":"https:\/\/monti.lt\/#website"},"primaryImageOfPage":{"@id":"https:\/\/monti.lt\/product\/medinis-gimtadienio-tortas\/#primaryimage"},"image":{"@id":"https:\/\/monti.lt\/product\/medinis-gimtadienio-tortas\/#primaryimage"},"thumbnailUrl":"https:\/\/monti.lt\/wp-content\/uploads\/2023\/11\/lit_pl_Medinis-gimtadienio-tortas-14797_4.jpg","datePublished":"2023-11-08T14:33:44+00:00","dateModified":"2026-01-07T08:52:21+00:00","breadcrumb":{"@id":"https:\/\/monti.lt\/product\/medinis-gimtadienio-tortas\/#breadcrumb"},"inLanguage":"en-US","potentialAction":[{"@type":"ReadAction","target":["https:\/\/monti.lt\/product\/medinis-gimtadienio-tortas\/"]}]},{"@type":"ImageObject","inLanguage":"en-US","@id":"https:\/\/monti.lt\/product\/medinis-gimtadienio-tortas\/#primaryimage","url":"https:\/\/monti.lt\/wp-content\/uploads\/2023\/11\/lit_pl_Medinis-gimtadienio-tortas-14797_4.jpg","contentUrl":"https:\/\/monti.lt\/wp-content\/uploads\/2023\/11\/lit_pl_Medinis-gimtadienio-tortas-14797_4.jpg","width":652,"height":500,"caption":"medinis tortas"},{"@type":"BreadcrumbList","@id":"https:\/\/monti.lt\/product\/medinis-gimtadienio-tortas\/#breadcrumb","itemListElement":[{"@type":"ListItem","position":1,"name":"Home","item":"https:\/\/monti.lt\/"},{"@type":"ListItem","position":2,"name":"Parduotuv\u0117","item":"https:\/\/monti.lt\/shop\/"},{"@type":"ListItem","position":3,"name":"Medinis gimtadienio tortas"}]},{"@type":"WebSite","@id":"https:\/\/monti.lt\/#website","url":"https:\/\/monti.lt\/","name":"Montessori \u017eaislai","description":"","publisher":{"@id":"https:\/\/monti.lt\/#organization"},"potentialAction":[{"@type":"SearchAction","target":{"@type":"EntryPoint","urlTemplate":"https:\/\/monti.lt\/?s={search_term_string}"},"query-input":"required name=search_term_string"}],"inLanguage":"en-US"},{"@type":"Organization","@id":"https:\/\/monti.lt\/#organization","name":"Montessori \u017eaislai","url":"https:\/\/monti.lt\/","logo":{"@type":"ImageObject","inLanguage":"en-US","@id":"https:\/\/monti.lt\/#\/schema\/logo\/image\/","url":"https:\/\/monti.lt\/wp-content\/uploads\/2022\/03\/montilogo-1.png","contentUrl":"https:\/\/monti.lt\/wp-content\/uploads\/2022\/03\/montilogo-1.png","width":512,"height":512,"caption":"Montessori \u017eaislai"},"image":{"@id":"https:\/\/monti.lt\/#\/schema\/logo\/image\/"}}]}},"_links":{"self":[{"href":"https:\/\/monti.lt\/en\/wp-json\/wp\/v2\/product\/19196"}],"collection":[{"href":"https:\/\/monti.lt\/en\/wp-json\/wp\/v2\/product"}],"about":[{"href":"https:\/\/monti.lt\/en\/wp-json\/wp\/v2\/types\/product"}],"version-history":[{"count":1,"href":"https:\/\/monti.lt\/en\/wp-json\/wp\/v2\/product\/19196\/revisions"}],"predecessor-version":[{"id":19201,"href":"https:\/\/monti.lt\/en\/wp-json\/wp\/v2\/product\/19196\/revisions\/19201"}],"wp:featuredmedia":[{"embeddable":true,"href":"https:\/\/monti.lt\/en\/wp-json\/wp\/v2\/media\/19197"}],"wp:attachment":[{"href":"https:\/\/monti.lt\/en\/wp-json\/wp\/v2\/media?parent=19196"}],"wp:term":[{"taxonomy":"product_cat","embeddable":true,"href":"https:\/\/monti.lt\/en\/wp-json\/wp\/v2\/product_cat?post=19196"},{"taxonomy":"product_tag","embeddable":true,"href":"https:\/\/monti.lt\/en\/wp-json\/wp\/v2\/product_tag?post=19196"}],"curies":[{"name":"wp","href":"https:\/\/api.w.org\/{rel}","templated":true}]}}