{"id":19323,"date":"2023-11-13T08:16:55","date_gmt":"2023-11-13T08:16:55","guid":{"rendered":"https:\/\/monti.lt\/?post_type=product&#038;p=19323"},"modified":"2026-04-30T05:09:48","modified_gmt":"2026-04-30T05:09:48","slug":"sulankstomas-kontrastinis-kilimelis-kudikiams","status":"publish","type":"product","link":"https:\/\/monti.lt\/en\/product\/sulankstomas-kontrastinis-kilimelis-kudikiams\/","title":{"rendered":"Sulankstomas kontrastinis kilim\u0117lis k\u016bdikiams"},"content":{"rendered":"<p>Sensorin\u0117 knyga k\u016bdikiams. Knygel\u0117je esantys paveiksl\u0117liai yra kontrastingi, nes tokias spalvas k\u016bdikis geriausiai pastebi pirmaisiais m\u0117nesiais. Be to, \u017eaislas turi veidrod\u0117l\u012f, \u0161iug\u017edant\u012f element\u0105 ir kramtuk\u0105.<\/p>\n\n\n\n<p>Juodos ir baltos spalvos nauda k\u016bdiki\u0173 reg\u0117jimui<\/p>\n\n\n\n<p>Naujagimi\u0173 reg\u0117jimas n\u0117ra visi\u0161kai i\u0161sivyst\u0119s,&nbsp;ta\u010diau jie gali matyti kontrastingas spalvas,&nbsp;ypa\u010d juod\u0105 ir balt\u0105.&nbsp;Ties\u0105 sakant,&nbsp;pirmuosius kelet\u0105 gyvenimo m\u0117nesi\u0173 k\u016bdikiai labiau reaguoja \u012f juodos ir baltos spalvos objektus.&nbsp;\u0160tai keletas prie\u017eas\u010di\u0173,&nbsp;kod\u0117l juoda ir balta spalva naudinga k\u016bdiki\u0173 reg\u0117jimui:<\/p>\n\n\n\n<p><strong>Ankstyvas mokymasis:<\/strong>\u00a0\u017di\u016br\u0117dami \u012f juodos ir baltos spalvos objektus,\u00a0k\u016bdikiai pradeda mokytis apie juos supant\u012f pasaul\u012f.\u00a0Jie pradeda atpa\u017einti formas,\u00a0modelius ir objektus.<\/p>\n\n\n\n<p><strong>Padid\u0117j\u0119s kontrastas:<\/strong>\u00a0Juoda ir balta spalvos sukuria did\u017eiausi\u0105 \u012fmanom\u0105 kontrast\u0105,\u00a0kur\u012f k\u016bdikiai lengvai gali matyti.\u00a0Tai padeda jiems sutelkti d\u0117mes\u012f \u012f objektus ir prad\u0117ti skirti formas.<\/p>\n\n\n\n<p><strong>Skatina smegen\u0173 vystym\u0105si:<\/strong>\u00a0Tyrimai parod\u0117,\u00a0kad juodos ir baltos spalvos vaizd\u0173 steb\u0117jimas gali pad\u0117ti stimuliuoti smegen\u0173 sritis,\u00a0atsakingas u\u017e reg\u0117jim\u0105.<\/p>\n\n\n\n<p>Technin\u0117s specifikacijos:<\/p>\n\n\n\n<p>Med\u017eiaga: poliesteris<br>Am\u017eius: 0+<br>I\u0161skleistos knygel\u0117s matmenys: Dydis: 59 cm x 24,7 cm<br>Sulankstytos knygos matmenys: 16 cm x 24,7 cm<br>Kramtuko matmenys: 9 cm x 7,5 cm<br>Pakuot\u0117s matmenys: 24,3 cm x 16,5 cm x 4,5 cm<\/p>\n\n\n\n<p><\/p>","protected":false},"excerpt":{"rendered":"<p>Sensorin\u0117 knyga k\u016bdikiams. Knygel\u0117je esantys paveiksl\u0117liai yra kontrastingi, nes tokias spalvas k\u016bdikis geriausiai pastebi pirmaisiais m\u0117nesiais. Be to, \u017eaislas turi veidrod\u0117l\u012f, \u0161iug\u017edant\u012f element\u0105 ir kramtuk\u0105. Juodos ir baltos spalvos nauda k\u016bdiki\u0173 reg\u0117jimui Naujagimi\u0173 reg\u0117jimas n\u0117ra visi\u0161kai i\u0161sivyst\u0119s,&nbsp;ta\u010diau jie gali matyti kontrastingas spalvas,&nbsp;ypa\u010d juod\u0105 ir balt\u0105.&nbsp;Ties\u0105 sakant,&nbsp;pirmuosius kelet\u0105 gyvenimo m\u0117nesi\u0173 k\u016bdikiai labiau reaguoja \u012f juodos ir [&hellip;]<\/p>","protected":false},"featured_media":19324,"template":"","meta":{"_acf_changed":false,"iawp_total_views":1519},"product_cat":[200,191,206,84,83,90,50,49,39,201],"product_tag":[94],"class_list":{"0":"post-19323","1":"product","2":"type-product","3":"status-publish","4":"has-post-thumbnail","6":"product_cat-dovanos-kudikiams","7":"product_cat-dovanos-vaikams","8":"product_cat-lavinamieji-kilimeliai","9":"product_cat-lavinamieji-zaislai","10":"product_cat-montessori-zaislai","11":"product_cat-pasaulio-pazinimas","12":"product_cat-top-dovanos","13":"product_cat-visi-zaislai","14":"product_cat-zaislai","15":"product_cat-zaislai-kelioneje","16":"product_tag-iki-1-m","18":"first","19":"instock","20":"sale","21":"taxable","22":"shipping-taxable","23":"purchasable","24":"product-type-simple"},"acf":[],"yoast_head":"<!-- This site is optimized with the Yoast SEO plugin v23.3 - https:\/\/yoast.com\/wordpress\/plugins\/seo\/ -->\n<title>Sulankstomas kontrastinis kilim\u0117lis k\u016bdikiams - Montessori \u017eaislai<\/title>\n<meta name=\"robots\" content=\"index, follow, max-snippet:-1, max-image-preview:large, max-video-preview:-1\" \/>\n<link rel=\"canonical\" href=\"https:\/\/monti.lt\/en\/product\/sulankstomas-kontrastinis-kilimelis-kudikiams\/\" \/>\n<meta property=\"og:locale\" content=\"en_US\" \/>\n<meta property=\"og:type\" content=\"article\" \/>\n<meta property=\"og:title\" content=\"Sulankstomas kontrastinis kilim\u0117lis k\u016bdikiams - Montessori \u017eaislai\" \/>\n<meta property=\"og:description\" content=\"Sensorin\u0117 knyga k\u016bdikiams. Knygel\u0117je esantys paveiksl\u0117liai yra kontrastingi, nes tokias spalvas k\u016bdikis geriausiai pastebi pirmaisiais m\u0117nesiais. Be to, \u017eaislas turi veidrod\u0117l\u012f, \u0161iug\u017edant\u012f element\u0105 ir kramtuk\u0105. Juodos ir baltos spalvos nauda k\u016bdiki\u0173 reg\u0117jimui Naujagimi\u0173 reg\u0117jimas n\u0117ra visi\u0161kai i\u0161sivyst\u0119s,&nbsp;ta\u010diau jie gali matyti kontrastingas spalvas,&nbsp;ypa\u010d juod\u0105 ir balt\u0105.&nbsp;Ties\u0105 sakant,&nbsp;pirmuosius kelet\u0105 gyvenimo m\u0117nesi\u0173 k\u016bdikiai labiau reaguoja \u012f juodos ir [&hellip;]\" \/>\n<meta property=\"og:url\" content=\"https:\/\/monti.lt\/en\/product\/sulankstomas-kontrastinis-kilimelis-kudikiams\/\" \/>\n<meta property=\"og:site_name\" content=\"Montessori \u017eaislai\" \/>\n<meta property=\"article:modified_time\" content=\"2026-04-30T05:09:48+00:00\" \/>\n<meta property=\"og:image\" content=\"https:\/\/monti.lt\/wp-content\/uploads\/2023\/11\/Book-sensory-contrast-mat-for-crib-mirror-mirror-teether-142307-2.jpg\" \/>\n\t<meta property=\"og:image:width\" content=\"1024\" \/>\n\t<meta property=\"og:image:height\" content=\"1024\" \/>\n\t<meta property=\"og:image:type\" content=\"image\/jpeg\" \/>\n<meta name=\"twitter:card\" content=\"summary_large_image\" \/>\n<meta name=\"twitter:label1\" content=\"Est. reading time\" \/>\n\t<meta name=\"twitter:data1\" content=\"2 minutes\" \/>\n<script type=\"application\/ld+json\" class=\"yoast-schema-graph\">{\"@context\":\"https:\/\/schema.org\",\"@graph\":[{\"@type\":\"WebPage\",\"@id\":\"https:\/\/monti.lt\/product\/sulankstomas-kontrastinis-kilimelis-kudikiams\/\",\"url\":\"https:\/\/monti.lt\/product\/sulankstomas-kontrastinis-kilimelis-kudikiams\/\",\"name\":\"Sulankstomas kontrastinis kilim\u0117lis k\u016bdikiams - Montessori \u017eaislai\",\"isPartOf\":{\"@id\":\"https:\/\/monti.lt\/#website\"},\"primaryImageOfPage\":{\"@id\":\"https:\/\/monti.lt\/product\/sulankstomas-kontrastinis-kilimelis-kudikiams\/#primaryimage\"},\"image\":{\"@id\":\"https:\/\/monti.lt\/product\/sulankstomas-kontrastinis-kilimelis-kudikiams\/#primaryimage\"},\"thumbnailUrl\":\"https:\/\/monti.lt\/wp-content\/uploads\/2023\/11\/Book-sensory-contrast-mat-for-crib-mirror-mirror-teether-142307-2.jpg\",\"datePublished\":\"2023-11-13T08:16:55+00:00\",\"dateModified\":\"2026-04-30T05:09:48+00:00\",\"breadcrumb\":{\"@id\":\"https:\/\/monti.lt\/product\/sulankstomas-kontrastinis-kilimelis-kudikiams\/#breadcrumb\"},\"inLanguage\":\"en-US\",\"potentialAction\":[{\"@type\":\"ReadAction\",\"target\":[\"https:\/\/monti.lt\/product\/sulankstomas-kontrastinis-kilimelis-kudikiams\/\"]}]},{\"@type\":\"ImageObject\",\"inLanguage\":\"en-US\",\"@id\":\"https:\/\/monti.lt\/product\/sulankstomas-kontrastinis-kilimelis-kudikiams\/#primaryimage\",\"url\":\"https:\/\/monti.lt\/wp-content\/uploads\/2023\/11\/Book-sensory-contrast-mat-for-crib-mirror-mirror-teether-142307-2.jpg\",\"contentUrl\":\"https:\/\/monti.lt\/wp-content\/uploads\/2023\/11\/Book-sensory-contrast-mat-for-crib-mirror-mirror-teether-142307-2.jpg\",\"width\":1024,\"height\":1024,\"caption\":\"juoda balta\"},{\"@type\":\"BreadcrumbList\",\"@id\":\"https:\/\/monti.lt\/product\/sulankstomas-kontrastinis-kilimelis-kudikiams\/#breadcrumb\",\"itemListElement\":[{\"@type\":\"ListItem\",\"position\":1,\"name\":\"Home\",\"item\":\"https:\/\/monti.lt\/\"},{\"@type\":\"ListItem\",\"position\":2,\"name\":\"Parduotuv\u0117\",\"item\":\"https:\/\/monti.lt\/shop\/\"},{\"@type\":\"ListItem\",\"position\":3,\"name\":\"Sulankstomas kontrastinis kilim\u0117lis k\u016bdikiams\"}]},{\"@type\":\"WebSite\",\"@id\":\"https:\/\/monti.lt\/#website\",\"url\":\"https:\/\/monti.lt\/\",\"name\":\"Montessori \u017eaislai\",\"description\":\"\",\"publisher\":{\"@id\":\"https:\/\/monti.lt\/#organization\"},\"potentialAction\":[{\"@type\":\"SearchAction\",\"target\":{\"@type\":\"EntryPoint\",\"urlTemplate\":\"https:\/\/monti.lt\/?s={search_term_string}\"},\"query-input\":\"required name=search_term_string\"}],\"inLanguage\":\"en-US\"},{\"@type\":\"Organization\",\"@id\":\"https:\/\/monti.lt\/#organization\",\"name\":\"Montessori \u017eaislai\",\"url\":\"https:\/\/monti.lt\/\",\"logo\":{\"@type\":\"ImageObject\",\"inLanguage\":\"en-US\",\"@id\":\"https:\/\/monti.lt\/#\/schema\/logo\/image\/\",\"url\":\"https:\/\/monti.lt\/wp-content\/uploads\/2022\/03\/montilogo-1.png\",\"contentUrl\":\"https:\/\/monti.lt\/wp-content\/uploads\/2022\/03\/montilogo-1.png\",\"width\":512,\"height\":512,\"caption\":\"Montessori \u017eaislai\"},\"image\":{\"@id\":\"https:\/\/monti.lt\/#\/schema\/logo\/image\/\"}}]}<\/script>\n<!-- \/ Yoast SEO plugin. -->","yoast_head_json":{"title":"Sulankstomas kontrastinis kilim\u0117lis k\u016bdikiams - Montessori \u017eaislai","robots":{"index":"index","follow":"follow","max-snippet":"max-snippet:-1","max-image-preview":"max-image-preview:large","max-video-preview":"max-video-preview:-1"},"canonical":"https:\/\/monti.lt\/en\/product\/sulankstomas-kontrastinis-kilimelis-kudikiams\/","og_locale":"en_US","og_type":"article","og_title":"Sulankstomas kontrastinis kilim\u0117lis k\u016bdikiams - Montessori \u017eaislai","og_description":"Sensorin\u0117 knyga k\u016bdikiams. Knygel\u0117je esantys paveiksl\u0117liai yra kontrastingi, nes tokias spalvas k\u016bdikis geriausiai pastebi pirmaisiais m\u0117nesiais. Be to, \u017eaislas turi veidrod\u0117l\u012f, \u0161iug\u017edant\u012f element\u0105 ir kramtuk\u0105. Juodos ir baltos spalvos nauda k\u016bdiki\u0173 reg\u0117jimui Naujagimi\u0173 reg\u0117jimas n\u0117ra visi\u0161kai i\u0161sivyst\u0119s,&nbsp;ta\u010diau jie gali matyti kontrastingas spalvas,&nbsp;ypa\u010d juod\u0105 ir balt\u0105.&nbsp;Ties\u0105 sakant,&nbsp;pirmuosius kelet\u0105 gyvenimo m\u0117nesi\u0173 k\u016bdikiai labiau reaguoja \u012f juodos ir [&hellip;]","og_url":"https:\/\/monti.lt\/en\/product\/sulankstomas-kontrastinis-kilimelis-kudikiams\/","og_site_name":"Montessori \u017eaislai","article_modified_time":"2026-04-30T05:09:48+00:00","og_image":[{"width":1024,"height":1024,"url":"https:\/\/monti.lt\/wp-content\/uploads\/2023\/11\/Book-sensory-contrast-mat-for-crib-mirror-mirror-teether-142307-2.jpg","type":"image\/jpeg"}],"twitter_card":"summary_large_image","twitter_misc":{"Est. reading time":"2 minutes"},"schema":{"@context":"https:\/\/schema.org","@graph":[{"@type":"WebPage","@id":"https:\/\/monti.lt\/product\/sulankstomas-kontrastinis-kilimelis-kudikiams\/","url":"https:\/\/monti.lt\/product\/sulankstomas-kontrastinis-kilimelis-kudikiams\/","name":"Sulankstomas kontrastinis kilim\u0117lis k\u016bdikiams - Montessori \u017eaislai","isPartOf":{"@id":"https:\/\/monti.lt\/#website"},"primaryImageOfPage":{"@id":"https:\/\/monti.lt\/product\/sulankstomas-kontrastinis-kilimelis-kudikiams\/#primaryimage"},"image":{"@id":"https:\/\/monti.lt\/product\/sulankstomas-kontrastinis-kilimelis-kudikiams\/#primaryimage"},"thumbnailUrl":"https:\/\/monti.lt\/wp-content\/uploads\/2023\/11\/Book-sensory-contrast-mat-for-crib-mirror-mirror-teether-142307-2.jpg","datePublished":"2023-11-13T08:16:55+00:00","dateModified":"2026-04-30T05:09:48+00:00","breadcrumb":{"@id":"https:\/\/monti.lt\/product\/sulankstomas-kontrastinis-kilimelis-kudikiams\/#breadcrumb"},"inLanguage":"en-US","potentialAction":[{"@type":"ReadAction","target":["https:\/\/monti.lt\/product\/sulankstomas-kontrastinis-kilimelis-kudikiams\/"]}]},{"@type":"ImageObject","inLanguage":"en-US","@id":"https:\/\/monti.lt\/product\/sulankstomas-kontrastinis-kilimelis-kudikiams\/#primaryimage","url":"https:\/\/monti.lt\/wp-content\/uploads\/2023\/11\/Book-sensory-contrast-mat-for-crib-mirror-mirror-teether-142307-2.jpg","contentUrl":"https:\/\/monti.lt\/wp-content\/uploads\/2023\/11\/Book-sensory-contrast-mat-for-crib-mirror-mirror-teether-142307-2.jpg","width":1024,"height":1024,"caption":"juoda balta"},{"@type":"BreadcrumbList","@id":"https:\/\/monti.lt\/product\/sulankstomas-kontrastinis-kilimelis-kudikiams\/#breadcrumb","itemListElement":[{"@type":"ListItem","position":1,"name":"Home","item":"https:\/\/monti.lt\/"},{"@type":"ListItem","position":2,"name":"Parduotuv\u0117","item":"https:\/\/monti.lt\/shop\/"},{"@type":"ListItem","position":3,"name":"Sulankstomas kontrastinis kilim\u0117lis k\u016bdikiams"}]},{"@type":"WebSite","@id":"https:\/\/monti.lt\/#website","url":"https:\/\/monti.lt\/","name":"Montessori \u017eaislai","description":"","publisher":{"@id":"https:\/\/monti.lt\/#organization"},"potentialAction":[{"@type":"SearchAction","target":{"@type":"EntryPoint","urlTemplate":"https:\/\/monti.lt\/?s={search_term_string}"},"query-input":"required name=search_term_string"}],"inLanguage":"en-US"},{"@type":"Organization","@id":"https:\/\/monti.lt\/#organization","name":"Montessori \u017eaislai","url":"https:\/\/monti.lt\/","logo":{"@type":"ImageObject","inLanguage":"en-US","@id":"https:\/\/monti.lt\/#\/schema\/logo\/image\/","url":"https:\/\/monti.lt\/wp-content\/uploads\/2022\/03\/montilogo-1.png","contentUrl":"https:\/\/monti.lt\/wp-content\/uploads\/2022\/03\/montilogo-1.png","width":512,"height":512,"caption":"Montessori \u017eaislai"},"image":{"@id":"https:\/\/monti.lt\/#\/schema\/logo\/image\/"}}]}},"_links":{"self":[{"href":"https:\/\/monti.lt\/en\/wp-json\/wp\/v2\/product\/19323"}],"collection":[{"href":"https:\/\/monti.lt\/en\/wp-json\/wp\/v2\/product"}],"about":[{"href":"https:\/\/monti.lt\/en\/wp-json\/wp\/v2\/types\/product"}],"version-history":[{"count":2,"href":"https:\/\/monti.lt\/en\/wp-json\/wp\/v2\/product\/19323\/revisions"}],"predecessor-version":[{"id":24238,"href":"https:\/\/monti.lt\/en\/wp-json\/wp\/v2\/product\/19323\/revisions\/24238"}],"wp:featuredmedia":[{"embeddable":true,"href":"https:\/\/monti.lt\/en\/wp-json\/wp\/v2\/media\/19324"}],"wp:attachment":[{"href":"https:\/\/monti.lt\/en\/wp-json\/wp\/v2\/media?parent=19323"}],"wp:term":[{"taxonomy":"product_cat","embeddable":true,"href":"https:\/\/monti.lt\/en\/wp-json\/wp\/v2\/product_cat?post=19323"},{"taxonomy":"product_tag","embeddable":true,"href":"https:\/\/monti.lt\/en\/wp-json\/wp\/v2\/product_tag?post=19323"}],"curies":[{"name":"wp","href":"https:\/\/api.w.org\/{rel}","templated":true}]}}