{"id":19540,"date":"2023-11-16T11:11:06","date_gmt":"2023-11-16T11:11:06","guid":{"rendered":"https:\/\/monti.lt\/?post_type=product&#038;p=19540"},"modified":"2026-04-05T13:39:18","modified_gmt":"2026-04-05T13:39:18","slug":"medines-kaladeles-100-vnt","status":"publish","type":"product","link":"https:\/\/monti.lt\/en\/product\/medines-kaladeles-100-vnt\/","title":{"rendered":"Medin\u0117s kalad\u0117l\u0117s 100 vnt."},"content":{"rendered":"<ul class=\"wp-block-list\">\n<li><strong>K\u016aRYBINGOS IR LINKSMOSIOS<\/strong>&nbsp;&#8211; medin\u0117s kalad\u0117l\u0117s yra kiekvieno vaiko, m\u0117gstan\u010dio tvarkyti \u012fvairaus tipo konstrukcijas, svajon\u0117s i\u0161sipildymas. \u017daidimo ir vaidmen\u0173 \u017eaidimo galimyb\u0117s prakti\u0161kai neribotos, tod\u0117l&nbsp;<strong>tai efektyviai su nuoboduliu \u012fveikiantis \u017eaislas.<\/strong><\/li>\n\n\n\n<li><strong>KIBIUJE SU R\u016a\u0160IUOTUVO &#8211; viskas supakuota \u012f tvirt\u0105 kibir\u0105 su rankena, kuriame yra r\u016b\u0161iavimo dangtelis ir med\u017eiaginis mai\u0161elis kalad\u0117l\u0117ms.<\/strong><\/li>\n\n\n\n<li><strong>SPALVINGI ELEMENTAI<\/strong>&nbsp;&#8211; lavinamieji kalad\u0117l\u0117s yra labai spalvingi, kas stipriai lavina vaik\u0173 vaizduot\u0119. Tokiu b\u016bdu&nbsp;<strong>\u017eaislas palaiko vaiko k\u016brybi\u0161kumo ugdym\u0105 ir lavina login\u012f m\u0105stym\u0105.<\/strong><\/li>\n\n\n\n<li><strong>PATVIR\u016aS<\/strong>&nbsp;\u2013 seniai \u017einoma, kad mediniai \u017eaislai yra \u017eaislai, kurie nepa\u017eeisti gali linksminti kartas. Medin\u0117s kalad\u0117l\u0117s yra patvarios \u2013&nbsp;<strong>tod\u0117l n\u0117ra baim\u0117s, kaip ir plastikini\u0173 \u017eaisl\u0173 atveju, kad sugadintas elementas nety\u010dia su\u017ealos vaik\u0105.<\/strong><\/li>\n\n\n\n<li><strong>SPECIFIKACIJA<\/strong>&nbsp;\u2013 med\u017eiaga: mediena; spalva: daugiaspalvis; blok\u0173 skai\u010dius: 100; matmenys: 20 x 20,5 cm; svoris: 1,183 kg; pakuot\u0117s svoris: 1,314 kg.&nbsp;<\/li>\n<\/ul>\n\n\n\n<p><strong>SPECIFIKACIJA<\/strong><\/p>\n\n\n\n<ul class=\"wp-block-list\">\n<li>med\u017eiaga: mediena<\/li>\n\n\n\n<li>spalva: daugiaspalvis<\/li>\n\n\n\n<li>blok\u0173 skai\u010dius: 100<\/li>\n\n\n\n<li>matmenys: 20 x 20,5 cm<\/li>\n\n\n\n<li>svoris: 1,183 kg<\/li>\n\n\n\n<li>pakuot\u0117s svoris: 1,314 kg<\/li>\n<\/ul>\n\n\n\n<p><strong>\u012eSKAITANT<\/strong><\/p>\n\n\n\n<ul class=\"wp-block-list\">\n<li>100 blok\u0173<\/li>\n\n\n\n<li>kibiras<\/li>\n\n\n\n<li>mai\u0161as<\/li>\n<\/ul>\n\n\n\n<p>Medin\u0117s kalad\u0117l\u0117s yra \u017eaislas, suteikiantis daug valand\u0173 nuostabi\u0173 pramog\u0173 vaikams. Rinkinys labai didelis \u2013 jame net 100 vienet\u0173 \u012fvairi\u0173 r\u016b\u0161i\u0173 kalad\u0117li\u0173. Papildomai yra kibiras su r\u016b\u0161iuotoju ir mai\u0161as.<\/p>","protected":false},"excerpt":{"rendered":"<p>SPECIFIKACIJA \u012eSKAITANT Medin\u0117s kalad\u0117l\u0117s yra \u017eaislas, suteikiantis daug valand\u0173 nuostabi\u0173 pramog\u0173 vaikams. Rinkinys labai didelis \u2013 jame net 100 vienet\u0173 \u012fvairi\u0173 r\u016b\u0161i\u0173 kalad\u0117li\u0173. Papildomai yra kibiras su r\u016b\u0161iuotoju ir mai\u0161as.<\/p>","protected":false},"featured_media":19541,"template":"","meta":{"_acf_changed":false,"iawp_total_views":1301},"product_cat":[208,92,87,84,210,102,83,90,86,199,202,49,39],"product_tag":[96,97,98],"class_list":{"0":"post-19540","1":"product","2":"type-product","3":"status-publish","4":"has-post-thumbnail","6":"product_cat-deliones-2","7":"product_cat-deliones","8":"product_cat-kurybiniai-rinkiniai","9":"product_cat-lavinamieji-zaislai","10":"product_cat-medines-deliones","11":"product_cat-mediniai-zaislai","12":"product_cat-montessori-zaislai","13":"product_cat-pasaulio-pazinimas","14":"product_cat-smulkioji-motorika","15":"product_cat-ugdymo-istaigoms","16":"product_cat-vaaikiski-konstruktoriai","17":"product_cat-visi-zaislai","18":"product_cat-zaislai","19":"product_tag-2-m-3-m","20":"product_tag-3-m-4-m","21":"product_tag-5-m-7-m","23":"first","24":"outofstock","25":"sale","26":"taxable","27":"shipping-taxable","28":"purchasable","29":"product-type-simple"},"acf":[],"yoast_head":"<!-- This site is optimized with the Yoast SEO plugin v23.3 - https:\/\/yoast.com\/wordpress\/plugins\/seo\/ -->\n<title>Medin\u0117s kalad\u0117l\u0117s 100 vnt. - Montessori \u017eaislai<\/title>\n<meta name=\"robots\" content=\"index, follow, max-snippet:-1, max-image-preview:large, max-video-preview:-1\" \/>\n<link rel=\"canonical\" href=\"https:\/\/monti.lt\/en\/product\/medines-kaladeles-100-vnt\/\" \/>\n<meta property=\"og:locale\" content=\"en_US\" \/>\n<meta property=\"og:type\" content=\"article\" \/>\n<meta property=\"og:title\" content=\"Medin\u0117s kalad\u0117l\u0117s 100 vnt. - Montessori \u017eaislai\" \/>\n<meta property=\"og:description\" content=\"SPECIFIKACIJA \u012eSKAITANT Medin\u0117s kalad\u0117l\u0117s yra \u017eaislas, suteikiantis daug valand\u0173 nuostabi\u0173 pramog\u0173 vaikams. Rinkinys labai didelis \u2013 jame net 100 vienet\u0173 \u012fvairi\u0173 r\u016b\u0161i\u0173 kalad\u0117li\u0173. Papildomai yra kibiras su r\u016b\u0161iuotoju ir mai\u0161as.\" \/>\n<meta property=\"og:url\" content=\"https:\/\/monti.lt\/en\/product\/medines-kaladeles-100-vnt\/\" \/>\n<meta property=\"og:site_name\" content=\"Montessori \u017eaislai\" \/>\n<meta property=\"article:modified_time\" content=\"2026-04-05T13:39:18+00:00\" \/>\n<meta property=\"og:image\" content=\"https:\/\/monti.lt\/wp-content\/uploads\/2023\/11\/lit_pl_Medines-kaladeles-100-vnt-Kruzzel-22666-17220_6.jpg\" \/>\n\t<meta property=\"og:image:width\" content=\"500\" \/>\n\t<meta property=\"og:image:height\" content=\"500\" \/>\n\t<meta property=\"og:image:type\" content=\"image\/jpeg\" \/>\n<meta name=\"twitter:card\" content=\"summary_large_image\" \/>\n<meta name=\"twitter:label1\" content=\"Est. reading time\" \/>\n\t<meta name=\"twitter:data1\" content=\"1 minute\" \/>\n<script type=\"application\/ld+json\" class=\"yoast-schema-graph\">{\"@context\":\"https:\/\/schema.org\",\"@graph\":[{\"@type\":\"WebPage\",\"@id\":\"https:\/\/monti.lt\/product\/medines-kaladeles-100-vnt\/\",\"url\":\"https:\/\/monti.lt\/product\/medines-kaladeles-100-vnt\/\",\"name\":\"Medin\u0117s kalad\u0117l\u0117s 100 vnt. - Montessori \u017eaislai\",\"isPartOf\":{\"@id\":\"https:\/\/monti.lt\/#website\"},\"primaryImageOfPage\":{\"@id\":\"https:\/\/monti.lt\/product\/medines-kaladeles-100-vnt\/#primaryimage\"},\"image\":{\"@id\":\"https:\/\/monti.lt\/product\/medines-kaladeles-100-vnt\/#primaryimage\"},\"thumbnailUrl\":\"https:\/\/monti.lt\/wp-content\/uploads\/2023\/11\/lit_pl_Medines-kaladeles-100-vnt-Kruzzel-22666-17220_6.jpg\",\"datePublished\":\"2023-11-16T11:11:06+00:00\",\"dateModified\":\"2026-04-05T13:39:18+00:00\",\"breadcrumb\":{\"@id\":\"https:\/\/monti.lt\/product\/medines-kaladeles-100-vnt\/#breadcrumb\"},\"inLanguage\":\"en-US\",\"potentialAction\":[{\"@type\":\"ReadAction\",\"target\":[\"https:\/\/monti.lt\/product\/medines-kaladeles-100-vnt\/\"]}]},{\"@type\":\"ImageObject\",\"inLanguage\":\"en-US\",\"@id\":\"https:\/\/monti.lt\/product\/medines-kaladeles-100-vnt\/#primaryimage\",\"url\":\"https:\/\/monti.lt\/wp-content\/uploads\/2023\/11\/lit_pl_Medines-kaladeles-100-vnt-Kruzzel-22666-17220_6.jpg\",\"contentUrl\":\"https:\/\/monti.lt\/wp-content\/uploads\/2023\/11\/lit_pl_Medines-kaladeles-100-vnt-Kruzzel-22666-17220_6.jpg\",\"width\":500,\"height\":500,\"caption\":\"medines kaladeles\"},{\"@type\":\"BreadcrumbList\",\"@id\":\"https:\/\/monti.lt\/product\/medines-kaladeles-100-vnt\/#breadcrumb\",\"itemListElement\":[{\"@type\":\"ListItem\",\"position\":1,\"name\":\"Home\",\"item\":\"https:\/\/monti.lt\/\"},{\"@type\":\"ListItem\",\"position\":2,\"name\":\"Parduotuv\u0117\",\"item\":\"https:\/\/monti.lt\/shop\/\"},{\"@type\":\"ListItem\",\"position\":3,\"name\":\"Medin\u0117s kalad\u0117l\u0117s 100 vnt.\"}]},{\"@type\":\"WebSite\",\"@id\":\"https:\/\/monti.lt\/#website\",\"url\":\"https:\/\/monti.lt\/\",\"name\":\"Montessori \u017eaislai\",\"description\":\"\",\"publisher\":{\"@id\":\"https:\/\/monti.lt\/#organization\"},\"potentialAction\":[{\"@type\":\"SearchAction\",\"target\":{\"@type\":\"EntryPoint\",\"urlTemplate\":\"https:\/\/monti.lt\/?s={search_term_string}\"},\"query-input\":\"required name=search_term_string\"}],\"inLanguage\":\"en-US\"},{\"@type\":\"Organization\",\"@id\":\"https:\/\/monti.lt\/#organization\",\"name\":\"Montessori \u017eaislai\",\"url\":\"https:\/\/monti.lt\/\",\"logo\":{\"@type\":\"ImageObject\",\"inLanguage\":\"en-US\",\"@id\":\"https:\/\/monti.lt\/#\/schema\/logo\/image\/\",\"url\":\"https:\/\/monti.lt\/wp-content\/uploads\/2022\/03\/montilogo-1.png\",\"contentUrl\":\"https:\/\/monti.lt\/wp-content\/uploads\/2022\/03\/montilogo-1.png\",\"width\":512,\"height\":512,\"caption\":\"Montessori \u017eaislai\"},\"image\":{\"@id\":\"https:\/\/monti.lt\/#\/schema\/logo\/image\/\"}}]}<\/script>\n<!-- \/ Yoast SEO plugin. -->","yoast_head_json":{"title":"Medin\u0117s kalad\u0117l\u0117s 100 vnt. - Montessori \u017eaislai","robots":{"index":"index","follow":"follow","max-snippet":"max-snippet:-1","max-image-preview":"max-image-preview:large","max-video-preview":"max-video-preview:-1"},"canonical":"https:\/\/monti.lt\/en\/product\/medines-kaladeles-100-vnt\/","og_locale":"en_US","og_type":"article","og_title":"Medin\u0117s kalad\u0117l\u0117s 100 vnt. - Montessori \u017eaislai","og_description":"SPECIFIKACIJA \u012eSKAITANT Medin\u0117s kalad\u0117l\u0117s yra \u017eaislas, suteikiantis daug valand\u0173 nuostabi\u0173 pramog\u0173 vaikams. Rinkinys labai didelis \u2013 jame net 100 vienet\u0173 \u012fvairi\u0173 r\u016b\u0161i\u0173 kalad\u0117li\u0173. Papildomai yra kibiras su r\u016b\u0161iuotoju ir mai\u0161as.","og_url":"https:\/\/monti.lt\/en\/product\/medines-kaladeles-100-vnt\/","og_site_name":"Montessori \u017eaislai","article_modified_time":"2026-04-05T13:39:18+00:00","og_image":[{"width":500,"height":500,"url":"https:\/\/monti.lt\/wp-content\/uploads\/2023\/11\/lit_pl_Medines-kaladeles-100-vnt-Kruzzel-22666-17220_6.jpg","type":"image\/jpeg"}],"twitter_card":"summary_large_image","twitter_misc":{"Est. reading time":"1 minute"},"schema":{"@context":"https:\/\/schema.org","@graph":[{"@type":"WebPage","@id":"https:\/\/monti.lt\/product\/medines-kaladeles-100-vnt\/","url":"https:\/\/monti.lt\/product\/medines-kaladeles-100-vnt\/","name":"Medin\u0117s kalad\u0117l\u0117s 100 vnt. - Montessori \u017eaislai","isPartOf":{"@id":"https:\/\/monti.lt\/#website"},"primaryImageOfPage":{"@id":"https:\/\/monti.lt\/product\/medines-kaladeles-100-vnt\/#primaryimage"},"image":{"@id":"https:\/\/monti.lt\/product\/medines-kaladeles-100-vnt\/#primaryimage"},"thumbnailUrl":"https:\/\/monti.lt\/wp-content\/uploads\/2023\/11\/lit_pl_Medines-kaladeles-100-vnt-Kruzzel-22666-17220_6.jpg","datePublished":"2023-11-16T11:11:06+00:00","dateModified":"2026-04-05T13:39:18+00:00","breadcrumb":{"@id":"https:\/\/monti.lt\/product\/medines-kaladeles-100-vnt\/#breadcrumb"},"inLanguage":"en-US","potentialAction":[{"@type":"ReadAction","target":["https:\/\/monti.lt\/product\/medines-kaladeles-100-vnt\/"]}]},{"@type":"ImageObject","inLanguage":"en-US","@id":"https:\/\/monti.lt\/product\/medines-kaladeles-100-vnt\/#primaryimage","url":"https:\/\/monti.lt\/wp-content\/uploads\/2023\/11\/lit_pl_Medines-kaladeles-100-vnt-Kruzzel-22666-17220_6.jpg","contentUrl":"https:\/\/monti.lt\/wp-content\/uploads\/2023\/11\/lit_pl_Medines-kaladeles-100-vnt-Kruzzel-22666-17220_6.jpg","width":500,"height":500,"caption":"medines kaladeles"},{"@type":"BreadcrumbList","@id":"https:\/\/monti.lt\/product\/medines-kaladeles-100-vnt\/#breadcrumb","itemListElement":[{"@type":"ListItem","position":1,"name":"Home","item":"https:\/\/monti.lt\/"},{"@type":"ListItem","position":2,"name":"Parduotuv\u0117","item":"https:\/\/monti.lt\/shop\/"},{"@type":"ListItem","position":3,"name":"Medin\u0117s kalad\u0117l\u0117s 100 vnt."}]},{"@type":"WebSite","@id":"https:\/\/monti.lt\/#website","url":"https:\/\/monti.lt\/","name":"Montessori \u017eaislai","description":"","publisher":{"@id":"https:\/\/monti.lt\/#organization"},"potentialAction":[{"@type":"SearchAction","target":{"@type":"EntryPoint","urlTemplate":"https:\/\/monti.lt\/?s={search_term_string}"},"query-input":"required name=search_term_string"}],"inLanguage":"en-US"},{"@type":"Organization","@id":"https:\/\/monti.lt\/#organization","name":"Montessori \u017eaislai","url":"https:\/\/monti.lt\/","logo":{"@type":"ImageObject","inLanguage":"en-US","@id":"https:\/\/monti.lt\/#\/schema\/logo\/image\/","url":"https:\/\/monti.lt\/wp-content\/uploads\/2022\/03\/montilogo-1.png","contentUrl":"https:\/\/monti.lt\/wp-content\/uploads\/2022\/03\/montilogo-1.png","width":512,"height":512,"caption":"Montessori \u017eaislai"},"image":{"@id":"https:\/\/monti.lt\/#\/schema\/logo\/image\/"}}]}},"_links":{"self":[{"href":"https:\/\/monti.lt\/en\/wp-json\/wp\/v2\/product\/19540"}],"collection":[{"href":"https:\/\/monti.lt\/en\/wp-json\/wp\/v2\/product"}],"about":[{"href":"https:\/\/monti.lt\/en\/wp-json\/wp\/v2\/types\/product"}],"version-history":[{"count":1,"href":"https:\/\/monti.lt\/en\/wp-json\/wp\/v2\/product\/19540\/revisions"}],"predecessor-version":[{"id":19544,"href":"https:\/\/monti.lt\/en\/wp-json\/wp\/v2\/product\/19540\/revisions\/19544"}],"wp:featuredmedia":[{"embeddable":true,"href":"https:\/\/monti.lt\/en\/wp-json\/wp\/v2\/media\/19541"}],"wp:attachment":[{"href":"https:\/\/monti.lt\/en\/wp-json\/wp\/v2\/media?parent=19540"}],"wp:term":[{"taxonomy":"product_cat","embeddable":true,"href":"https:\/\/monti.lt\/en\/wp-json\/wp\/v2\/product_cat?post=19540"},{"taxonomy":"product_tag","embeddable":true,"href":"https:\/\/monti.lt\/en\/wp-json\/wp\/v2\/product_tag?post=19540"}],"curies":[{"name":"wp","href":"https:\/\/api.w.org\/{rel}","templated":true}]}}