{"id":19600,"date":"2023-11-17T08:09:35","date_gmt":"2023-11-17T08:09:35","guid":{"rendered":"https:\/\/monti.lt\/?post_type=product&#038;p=19600"},"modified":"2025-11-03T11:04:32","modified_gmt":"2025-11-03T11:04:32","slug":"verimo-zaidimas-skaiciai","status":"publish","type":"product","link":"https:\/\/monti.lt\/en\/product\/verimo-zaidimas-skaiciai\/","title":{"rendered":"V\u0117rimo \u017eaidimas skai\u010diai"},"content":{"rendered":"<p>Si\u016blome montessori karoliuk\u0173 ir kalad\u0117li\u0173 rinkin\u012f, pagamint\u0105 i\u0161 auk\u0161tos kokyb\u0117s med\u017eio ir puikiai tinkant\u012f mokytis skai\u010diuoti. \u0160is 37 dali\u0173 rinkinys yra puiki mokymosi priemon\u0117, padedanti lavinti vaik\u0173 rank\u0173 darbo \u012fg\u016bd\u017eius ir k\u016brybi\u0161kum\u0105.<\/p>\n\n\n\n<p>Montessori karoliukai ir kalad\u0117l\u0117s suprojektuoti taip, kad vaikai gal\u0117t\u0173 mokytis skai\u010diuoti smagiai. Vaikai gali suverti \u0161iuos karoliukus ant speciali\u0173 virveli\u0173 ir tuo pa\u010diu lavinti smulki\u0105j\u0105 motorik\u0105 bei smulkiosios rankos \u012fg\u016bd\u017eius.<\/p>\n\n\n\n<p>Suprojektuoti atsi\u017evelgiant \u012f saugum\u0105 ir patvarum\u0105, karoliukai ir kalad\u0117l\u0117s idealiai tinka ikimokyklinio ir ankstyvojo mokyklinio am\u017eiaus vaikams. Mediena, i\u0161 kurios jie pagaminti, yra nat\u016brali ir netoksi\u0161ka, tod\u0117l t\u0117vai gali b\u016bti ram\u016bs, kad j\u0173 vaikas \u017eaisdamas bus saugus.<\/p>\n\n\n\n<p>\u0160is montessori karoliuk\u0173 ir kalad\u0117li\u0173 rinkinys yra puiki dovana bet kuriam vaikui, kad jis gal\u0117t\u0173 k\u016brybi\u0161kai mokytis ir lavinti \u012fg\u016bd\u017eius. Kvie\u010diame \u012fsigyti ir m\u0117gautis \u017eaidimu bei mokymusi tuo pa\u010diu metu.<\/p>\n\n\n\n<p>Leiskite savo vaikui atrasti skai\u010di\u0173 ir form\u0173 pasaul\u012f su \u0161iuo \u012fdomiu montessori rinkiniu. Pirkite dabar ir padovanokite savo vaikui reikiam\u0105 edukacin\u0119 pramog\u0105!<\/p>\n\n\n\n<p>\u2705 RINKINIO SUD\u0116TIS:<\/p>\n\n\n\n<ul class=\"wp-block-list\">\n<li>esteti\u0161ka plastikin\u0117 talpykla su u\u017edaromu dangteliu ir rankena ne\u0161iojimui<\/li>\n\n\n\n<li>4 si\u016blai sriegimui<\/li>\n\n\n\n<li>37 medin\u0117s kalad\u0117l\u0117s (\u012fskaitant skai\u010dius ir atitinkam\u0105 skai\u010di\u0173 atitinkan\u010dius ta\u0161kus)<\/li>\n<\/ul>\n\n\n\n<p>I\u0161matavimai:<\/p>\n\n\n\n<p><\/p>\n\n\n\n<p>Pakuot\u0117 20 cm x 10,5 cm x 10,5 cm x 10,5 cm x 10,5 cm<\/p>\n\n\n\n<p>Kalad\u0117l\u0117 3,5 cm x 3,5 cm x 2 cm<\/p>","protected":false},"excerpt":{"rendered":"<p>Si\u016blome montessori karoliuk\u0173 ir kalad\u0117li\u0173 rinkin\u012f, pagamint\u0105 i\u0161 auk\u0161tos kokyb\u0117s med\u017eio ir puikiai tinkant\u012f mokytis skai\u010diuoti. \u0160is 37 dali\u0173 rinkinys yra puiki mokymosi priemon\u0117, padedanti lavinti vaik\u0173 rank\u0173 darbo \u012fg\u016bd\u017eius ir k\u016brybi\u0161kum\u0105. Montessori karoliukai ir kalad\u0117l\u0117s suprojektuoti taip, kad vaikai gal\u0117t\u0173 mokytis skai\u010diuoti smagiai. Vaikai gali suverti \u0161iuos karoliukus ant speciali\u0173 virveli\u0173 ir tuo pa\u010diu [&hellip;]<\/p>","protected":false},"featured_media":19603,"template":"","meta":{"_acf_changed":false,"iawp_total_views":480},"product_cat":[218,208,84,210,102,88,83,86,199,49,39],"product_tag":[96,97,98],"class_list":{"0":"post-19600","1":"product","2":"type-product","3":"status-publish","4":"has-post-thumbnail","6":"product_cat-darzeliu-grupems","7":"product_cat-deliones-2","8":"product_cat-lavinamieji-zaislai","9":"product_cat-medines-deliones","10":"product_cat-mediniai-zaislai","11":"product_cat-mokausi-zaisti","12":"product_cat-montessori-zaislai","13":"product_cat-smulkioji-motorika","14":"product_cat-ugdymo-istaigoms","15":"product_cat-visi-zaislai","16":"product_cat-zaislai","17":"product_tag-2-m-3-m","18":"product_tag-3-m-4-m","19":"product_tag-5-m-7-m","21":"first","22":"outofstock","23":"taxable","24":"shipping-taxable","25":"purchasable","26":"product-type-simple"},"acf":[],"yoast_head":"<!-- This site is optimized with the Yoast SEO plugin v23.3 - https:\/\/yoast.com\/wordpress\/plugins\/seo\/ -->\n<title>V\u0117rimo \u017eaidimas skai\u010diai - Montessori \u017eaislai<\/title>\n<meta name=\"robots\" content=\"index, follow, max-snippet:-1, max-image-preview:large, max-video-preview:-1\" \/>\n<link rel=\"canonical\" href=\"https:\/\/monti.lt\/en\/product\/verimo-zaidimas-skaiciai\/\" \/>\n<meta property=\"og:locale\" content=\"en_US\" \/>\n<meta property=\"og:type\" content=\"article\" \/>\n<meta property=\"og:title\" content=\"V\u0117rimo \u017eaidimas skai\u010diai - Montessori \u017eaislai\" \/>\n<meta property=\"og:description\" content=\"Si\u016blome montessori karoliuk\u0173 ir kalad\u0117li\u0173 rinkin\u012f, pagamint\u0105 i\u0161 auk\u0161tos kokyb\u0117s med\u017eio ir puikiai tinkant\u012f mokytis skai\u010diuoti. \u0160is 37 dali\u0173 rinkinys yra puiki mokymosi priemon\u0117, padedanti lavinti vaik\u0173 rank\u0173 darbo \u012fg\u016bd\u017eius ir k\u016brybi\u0161kum\u0105. Montessori karoliukai ir kalad\u0117l\u0117s suprojektuoti taip, kad vaikai gal\u0117t\u0173 mokytis skai\u010diuoti smagiai. Vaikai gali suverti \u0161iuos karoliukus ant speciali\u0173 virveli\u0173 ir tuo pa\u010diu [&hellip;]\" \/>\n<meta property=\"og:url\" content=\"https:\/\/monti.lt\/en\/product\/verimo-zaidimas-skaiciai\/\" \/>\n<meta property=\"og:site_name\" content=\"Montessori \u017eaislai\" \/>\n<meta property=\"article:modified_time\" content=\"2025-11-03T11:04:32+00:00\" \/>\n<meta property=\"og:image\" content=\"https:\/\/monti.lt\/wp-content\/uploads\/2023\/11\/koraliki-klocki-drewniane-do-nawlekania-montessori-37-el-cyfry-2.webp\" \/>\n\t<meta property=\"og:image:width\" content=\"800\" \/>\n\t<meta property=\"og:image:height\" content=\"800\" \/>\n\t<meta property=\"og:image:type\" content=\"image\/webp\" \/>\n<meta name=\"twitter:card\" content=\"summary_large_image\" \/>\n<meta name=\"twitter:label1\" content=\"Est. reading time\" \/>\n\t<meta name=\"twitter:data1\" content=\"1 minute\" \/>\n<script type=\"application\/ld+json\" class=\"yoast-schema-graph\">{\"@context\":\"https:\/\/schema.org\",\"@graph\":[{\"@type\":\"WebPage\",\"@id\":\"https:\/\/monti.lt\/product\/verimo-zaidimas-skaiciai\/\",\"url\":\"https:\/\/monti.lt\/product\/verimo-zaidimas-skaiciai\/\",\"name\":\"V\u0117rimo \u017eaidimas skai\u010diai - Montessori \u017eaislai\",\"isPartOf\":{\"@id\":\"https:\/\/monti.lt\/#website\"},\"primaryImageOfPage\":{\"@id\":\"https:\/\/monti.lt\/product\/verimo-zaidimas-skaiciai\/#primaryimage\"},\"image\":{\"@id\":\"https:\/\/monti.lt\/product\/verimo-zaidimas-skaiciai\/#primaryimage\"},\"thumbnailUrl\":\"https:\/\/monti.lt\/wp-content\/uploads\/2023\/11\/koraliki-klocki-drewniane-do-nawlekania-montessori-37-el-cyfry-2.webp\",\"datePublished\":\"2023-11-17T08:09:35+00:00\",\"dateModified\":\"2025-11-03T11:04:32+00:00\",\"breadcrumb\":{\"@id\":\"https:\/\/monti.lt\/product\/verimo-zaidimas-skaiciai\/#breadcrumb\"},\"inLanguage\":\"en-US\",\"potentialAction\":[{\"@type\":\"ReadAction\",\"target\":[\"https:\/\/monti.lt\/product\/verimo-zaidimas-skaiciai\/\"]}]},{\"@type\":\"ImageObject\",\"inLanguage\":\"en-US\",\"@id\":\"https:\/\/monti.lt\/product\/verimo-zaidimas-skaiciai\/#primaryimage\",\"url\":\"https:\/\/monti.lt\/wp-content\/uploads\/2023\/11\/koraliki-klocki-drewniane-do-nawlekania-montessori-37-el-cyfry-2.webp\",\"contentUrl\":\"https:\/\/monti.lt\/wp-content\/uploads\/2023\/11\/koraliki-klocki-drewniane-do-nawlekania-montessori-37-el-cyfry-2.webp\",\"width\":800,\"height\":800,\"caption\":\"verimo zaidimas skaiciai\"},{\"@type\":\"BreadcrumbList\",\"@id\":\"https:\/\/monti.lt\/product\/verimo-zaidimas-skaiciai\/#breadcrumb\",\"itemListElement\":[{\"@type\":\"ListItem\",\"position\":1,\"name\":\"Home\",\"item\":\"https:\/\/monti.lt\/\"},{\"@type\":\"ListItem\",\"position\":2,\"name\":\"Parduotuv\u0117\",\"item\":\"https:\/\/monti.lt\/shop\/\"},{\"@type\":\"ListItem\",\"position\":3,\"name\":\"V\u0117rimo \u017eaidimas skai\u010diai\"}]},{\"@type\":\"WebSite\",\"@id\":\"https:\/\/monti.lt\/#website\",\"url\":\"https:\/\/monti.lt\/\",\"name\":\"Montessori \u017eaislai\",\"description\":\"\",\"publisher\":{\"@id\":\"https:\/\/monti.lt\/#organization\"},\"potentialAction\":[{\"@type\":\"SearchAction\",\"target\":{\"@type\":\"EntryPoint\",\"urlTemplate\":\"https:\/\/monti.lt\/?s={search_term_string}\"},\"query-input\":\"required name=search_term_string\"}],\"inLanguage\":\"en-US\"},{\"@type\":\"Organization\",\"@id\":\"https:\/\/monti.lt\/#organization\",\"name\":\"Montessori \u017eaislai\",\"url\":\"https:\/\/monti.lt\/\",\"logo\":{\"@type\":\"ImageObject\",\"inLanguage\":\"en-US\",\"@id\":\"https:\/\/monti.lt\/#\/schema\/logo\/image\/\",\"url\":\"https:\/\/monti.lt\/wp-content\/uploads\/2022\/03\/montilogo-1.png\",\"contentUrl\":\"https:\/\/monti.lt\/wp-content\/uploads\/2022\/03\/montilogo-1.png\",\"width\":512,\"height\":512,\"caption\":\"Montessori \u017eaislai\"},\"image\":{\"@id\":\"https:\/\/monti.lt\/#\/schema\/logo\/image\/\"}}]}<\/script>\n<!-- \/ Yoast SEO plugin. -->","yoast_head_json":{"title":"V\u0117rimo \u017eaidimas skai\u010diai - Montessori \u017eaislai","robots":{"index":"index","follow":"follow","max-snippet":"max-snippet:-1","max-image-preview":"max-image-preview:large","max-video-preview":"max-video-preview:-1"},"canonical":"https:\/\/monti.lt\/en\/product\/verimo-zaidimas-skaiciai\/","og_locale":"en_US","og_type":"article","og_title":"V\u0117rimo \u017eaidimas skai\u010diai - Montessori \u017eaislai","og_description":"Si\u016blome montessori karoliuk\u0173 ir kalad\u0117li\u0173 rinkin\u012f, pagamint\u0105 i\u0161 auk\u0161tos kokyb\u0117s med\u017eio ir puikiai tinkant\u012f mokytis skai\u010diuoti. \u0160is 37 dali\u0173 rinkinys yra puiki mokymosi priemon\u0117, padedanti lavinti vaik\u0173 rank\u0173 darbo \u012fg\u016bd\u017eius ir k\u016brybi\u0161kum\u0105. Montessori karoliukai ir kalad\u0117l\u0117s suprojektuoti taip, kad vaikai gal\u0117t\u0173 mokytis skai\u010diuoti smagiai. Vaikai gali suverti \u0161iuos karoliukus ant speciali\u0173 virveli\u0173 ir tuo pa\u010diu [&hellip;]","og_url":"https:\/\/monti.lt\/en\/product\/verimo-zaidimas-skaiciai\/","og_site_name":"Montessori \u017eaislai","article_modified_time":"2025-11-03T11:04:32+00:00","og_image":[{"width":800,"height":800,"url":"https:\/\/monti.lt\/wp-content\/uploads\/2023\/11\/koraliki-klocki-drewniane-do-nawlekania-montessori-37-el-cyfry-2.webp","type":"image\/webp"}],"twitter_card":"summary_large_image","twitter_misc":{"Est. reading time":"1 minute"},"schema":{"@context":"https:\/\/schema.org","@graph":[{"@type":"WebPage","@id":"https:\/\/monti.lt\/product\/verimo-zaidimas-skaiciai\/","url":"https:\/\/monti.lt\/product\/verimo-zaidimas-skaiciai\/","name":"V\u0117rimo \u017eaidimas skai\u010diai - Montessori \u017eaislai","isPartOf":{"@id":"https:\/\/monti.lt\/#website"},"primaryImageOfPage":{"@id":"https:\/\/monti.lt\/product\/verimo-zaidimas-skaiciai\/#primaryimage"},"image":{"@id":"https:\/\/monti.lt\/product\/verimo-zaidimas-skaiciai\/#primaryimage"},"thumbnailUrl":"https:\/\/monti.lt\/wp-content\/uploads\/2023\/11\/koraliki-klocki-drewniane-do-nawlekania-montessori-37-el-cyfry-2.webp","datePublished":"2023-11-17T08:09:35+00:00","dateModified":"2025-11-03T11:04:32+00:00","breadcrumb":{"@id":"https:\/\/monti.lt\/product\/verimo-zaidimas-skaiciai\/#breadcrumb"},"inLanguage":"en-US","potentialAction":[{"@type":"ReadAction","target":["https:\/\/monti.lt\/product\/verimo-zaidimas-skaiciai\/"]}]},{"@type":"ImageObject","inLanguage":"en-US","@id":"https:\/\/monti.lt\/product\/verimo-zaidimas-skaiciai\/#primaryimage","url":"https:\/\/monti.lt\/wp-content\/uploads\/2023\/11\/koraliki-klocki-drewniane-do-nawlekania-montessori-37-el-cyfry-2.webp","contentUrl":"https:\/\/monti.lt\/wp-content\/uploads\/2023\/11\/koraliki-klocki-drewniane-do-nawlekania-montessori-37-el-cyfry-2.webp","width":800,"height":800,"caption":"verimo zaidimas skaiciai"},{"@type":"BreadcrumbList","@id":"https:\/\/monti.lt\/product\/verimo-zaidimas-skaiciai\/#breadcrumb","itemListElement":[{"@type":"ListItem","position":1,"name":"Home","item":"https:\/\/monti.lt\/"},{"@type":"ListItem","position":2,"name":"Parduotuv\u0117","item":"https:\/\/monti.lt\/shop\/"},{"@type":"ListItem","position":3,"name":"V\u0117rimo \u017eaidimas skai\u010diai"}]},{"@type":"WebSite","@id":"https:\/\/monti.lt\/#website","url":"https:\/\/monti.lt\/","name":"Montessori \u017eaislai","description":"","publisher":{"@id":"https:\/\/monti.lt\/#organization"},"potentialAction":[{"@type":"SearchAction","target":{"@type":"EntryPoint","urlTemplate":"https:\/\/monti.lt\/?s={search_term_string}"},"query-input":"required name=search_term_string"}],"inLanguage":"en-US"},{"@type":"Organization","@id":"https:\/\/monti.lt\/#organization","name":"Montessori \u017eaislai","url":"https:\/\/monti.lt\/","logo":{"@type":"ImageObject","inLanguage":"en-US","@id":"https:\/\/monti.lt\/#\/schema\/logo\/image\/","url":"https:\/\/monti.lt\/wp-content\/uploads\/2022\/03\/montilogo-1.png","contentUrl":"https:\/\/monti.lt\/wp-content\/uploads\/2022\/03\/montilogo-1.png","width":512,"height":512,"caption":"Montessori \u017eaislai"},"image":{"@id":"https:\/\/monti.lt\/#\/schema\/logo\/image\/"}}]}},"_links":{"self":[{"href":"https:\/\/monti.lt\/en\/wp-json\/wp\/v2\/product\/19600"}],"collection":[{"href":"https:\/\/monti.lt\/en\/wp-json\/wp\/v2\/product"}],"about":[{"href":"https:\/\/monti.lt\/en\/wp-json\/wp\/v2\/types\/product"}],"version-history":[{"count":1,"href":"https:\/\/monti.lt\/en\/wp-json\/wp\/v2\/product\/19600\/revisions"}],"predecessor-version":[{"id":19608,"href":"https:\/\/monti.lt\/en\/wp-json\/wp\/v2\/product\/19600\/revisions\/19608"}],"wp:featuredmedia":[{"embeddable":true,"href":"https:\/\/monti.lt\/en\/wp-json\/wp\/v2\/media\/19603"}],"wp:attachment":[{"href":"https:\/\/monti.lt\/en\/wp-json\/wp\/v2\/media?parent=19600"}],"wp:term":[{"taxonomy":"product_cat","embeddable":true,"href":"https:\/\/monti.lt\/en\/wp-json\/wp\/v2\/product_cat?post=19600"},{"taxonomy":"product_tag","embeddable":true,"href":"https:\/\/monti.lt\/en\/wp-json\/wp\/v2\/product_tag?post=19600"}],"curies":[{"name":"wp","href":"https:\/\/api.w.org\/{rel}","templated":true}]}}