{"id":21448,"date":"2023-12-29T09:20:34","date_gmt":"2023-12-29T09:20:34","guid":{"rendered":"https:\/\/monti.lt\/?post_type=product&#038;p=21448"},"modified":"2026-02-05T08:53:08","modified_gmt":"2026-02-05T08:53:08","slug":"magnetiniai-blokeliai-woppie-98-vnt","status":"publish","type":"product","link":"https:\/\/monti.lt\/en\/product\/magnetiniai-blokeliai-woppie-98-vnt\/","title":{"rendered":"Magnetiniai blokeliai, Woppie 98 vnt."},"content":{"rendered":"<p><strong>Magnetiniai blokeliai<\/strong>&nbsp;i\u0161&nbsp;<strong>WOOPIE<\/strong>&nbsp;prek\u0117s \u017eenklo pritrauks j\u016bs\u0173 vaiko d\u0117mes\u012f ir su\u017eav\u0117s.&nbsp;Blokai labai lengvai&nbsp;<strong>susijungia<\/strong>&nbsp;ir gali b\u016bti naudojami kuriant nuostabias&nbsp;<strong>konstrukcijas, pvz., pil\u012f&nbsp;<\/strong><strong>.&nbsp;<\/strong>Be&nbsp;<strong>kalad\u0117li\u0173, lipduk\u0173 ir instrukcij\u0173,&nbsp;<\/strong><strong>rinkin\u012f<\/strong>&nbsp;sudaro&nbsp;<strong>2 vaiki\u0161kos fig\u016br\u0117l\u0117s<\/strong>&nbsp;.&nbsp;Pa\u010dios konstrukcijos k\u016brimas lavins vaiko&nbsp;<strong>login\u012f&nbsp;<\/strong><strong>m\u0105stym\u0105<\/strong>&nbsp;,&nbsp;<strong>vaizduot\u0119<\/strong>&nbsp;,&nbsp;<strong>k\u016brybi\u0161kum\u0105<\/strong>&nbsp;ir pad\u0117s&nbsp;<strong>susikaupti<\/strong>&nbsp;kuriant.&nbsp;D\u0117liodamas kalad\u0117les vaikas mokosi form\u0173 ir spalv\u0173, lavina vadinamuosius rankinius \u012fg\u016bd\u017eius.&nbsp;<strong>smulkioji motorika<\/strong>&nbsp;.<\/p>\n\n\n\n<p><strong>Charakteristika:<\/strong><\/p>\n\n\n\n<ul class=\"wp-block-list\">\n<li>&#8211; \u017eaislas&nbsp;<strong>nuo 3 met\u0173 am\u017eiaus,<\/strong><\/li>\n\n\n\n<li>&#8211; blokus&nbsp;galima&nbsp;<strong>lengvai&nbsp;<\/strong><strong>sujungti<\/strong>&nbsp;vienas su kitu,<\/li>\n\n\n\n<li>&#8211;&nbsp;<strong>pastatyti&nbsp;<\/strong><strong>daugyb\u0119 statini\u0173, pvz., pil\u012f,<\/strong><\/li>\n\n\n\n<li><strong>&#8211; lavina statybinius blokus:&nbsp;login\u012f&nbsp;m\u0105stym\u0105&nbsp;,&nbsp;vaizduot\u0119&nbsp;,&nbsp;k\u016brybi\u0161kum\u0105,&nbsp;koncentracij\u0105&nbsp;ir rank\u0173 \u012fg\u016bd\u017eius,<\/strong><\/li>\n\n\n\n<li><strong>&#8211; STEM stiliaus \u017eaislas,<\/strong><\/li>\n\n\n\n<li>&#8211; pakuot\u0117 su rankena, patogu ne\u0161iotis&nbsp;<strong>ir puikiai tinka dovanai.<\/strong><\/li>\n<\/ul>\n\n\n\n<p><strong>Rinkin\u012f sudaro 98 dalys, \u012fskaitant:<\/strong><\/p>\n\n\n\n<ul class=\"wp-block-list\">\n<li>&#8211; 2 fig\u016bros,<\/li>\n\n\n\n<li>&#8211; \u012fvairi\u0173 tip\u0173 blokai,<\/li>\n\n\n\n<li>&#8211; instrukcijos,<\/li>\n\n\n\n<li>&#8211; lipdukai su paveiksl\u0117liais.<\/li>\n<\/ul>\n\n\n\n<figure class=\"wp-block-table\"><table><tbody><tr><td>Am\u017eius<\/td><td>nuo 3 met\u0173<\/td><\/tr><tr><td><\/td><td><\/td><\/tr><tr><td>Med\u017eiaga<\/td><td>Plastmasinis<\/td><\/tr><tr><td>Pakuot\u0117s dydis<\/td><td>36 x 8,5 x 28 (cm)<\/td><\/tr><\/tbody><\/table><\/figure>","protected":false},"excerpt":{"rendered":"<p>Magnetiniai blokeliai&nbsp;i\u0161&nbsp;WOOPIE&nbsp;prek\u0117s \u017eenklo pritrauks j\u016bs\u0173 vaiko d\u0117mes\u012f ir su\u017eav\u0117s.&nbsp;Blokai labai lengvai&nbsp;susijungia&nbsp;ir gali b\u016bti naudojami kuriant nuostabias&nbsp;konstrukcijas, pvz., pil\u012f&nbsp;.&nbsp;Be&nbsp;kalad\u0117li\u0173, lipduk\u0173 ir instrukcij\u0173,&nbsp;rinkin\u012f&nbsp;sudaro&nbsp;2 vaiki\u0161kos fig\u016br\u0117l\u0117s&nbsp;.&nbsp;Pa\u010dios konstrukcijos k\u016brimas lavins vaiko&nbsp;login\u012f&nbsp;m\u0105stym\u0105&nbsp;,&nbsp;vaizduot\u0119&nbsp;,&nbsp;k\u016brybi\u0161kum\u0105&nbsp;ir pad\u0117s&nbsp;susikaupti&nbsp;kuriant.&nbsp;D\u0117liodamas kalad\u0117les vaikas mokosi form\u0173 ir spalv\u0173, lavina vadinamuosius rankinius \u012fg\u016bd\u017eius.&nbsp;smulkioji motorika&nbsp;. Charakteristika: Rinkin\u012f sudaro 98 dalys, \u012fskaitant: Am\u017eius nuo 3 met\u0173 Med\u017eiaga Plastmasinis Pakuot\u0117s dydis 36 x [&hellip;]<\/p>","protected":false},"featured_media":21449,"template":"","meta":{"_acf_changed":false,"iawp_total_views":1170},"product_cat":[92,208,195,216,217,191,87,84,90,199,202,49,39],"product_tag":[96,97,98],"class_list":{"0":"post-21448","1":"product","2":"type-product","3":"status-publish","4":"has-post-thumbnail","6":"product_cat-deliones","7":"product_cat-deliones-2","8":"product_cat-dovanos-vaikams-3-4-metu","9":"product_cat-dovanos-4-5-metu-vaikams","10":"product_cat-dovanos-5-7-metu-vaikams","11":"product_cat-dovanos-vaikams","12":"product_cat-kurybiniai-rinkiniai","13":"product_cat-lavinamieji-zaislai","14":"product_cat-pasaulio-pazinimas","15":"product_cat-ugdymo-istaigoms","16":"product_cat-vaaikiski-konstruktoriai","17":"product_cat-visi-zaislai","18":"product_cat-zaislai","19":"product_tag-2-m-3-m","20":"product_tag-3-m-4-m","21":"product_tag-5-m-7-m","23":"first","24":"outofstock","25":"sale","26":"taxable","27":"shipping-taxable","28":"purchasable","29":"product-type-simple"},"acf":[],"yoast_head":"<!-- This site is optimized with the Yoast SEO plugin v23.3 - https:\/\/yoast.com\/wordpress\/plugins\/seo\/ -->\n<title>Magnetiniai blokeliai, Woppie 98 vnt. - Montessori \u017eaislai<\/title>\n<meta name=\"robots\" content=\"index, follow, max-snippet:-1, max-image-preview:large, max-video-preview:-1\" \/>\n<link rel=\"canonical\" href=\"https:\/\/monti.lt\/en\/product\/magnetiniai-blokeliai-woppie-98-vnt\/\" \/>\n<meta property=\"og:locale\" content=\"en_US\" \/>\n<meta property=\"og:type\" content=\"article\" \/>\n<meta property=\"og:title\" content=\"Magnetiniai blokeliai, Woppie 98 vnt. - Montessori \u017eaislai\" \/>\n<meta property=\"og:description\" content=\"Magnetiniai blokeliai&nbsp;i\u0161&nbsp;WOOPIE&nbsp;prek\u0117s \u017eenklo pritrauks j\u016bs\u0173 vaiko d\u0117mes\u012f ir su\u017eav\u0117s.&nbsp;Blokai labai lengvai&nbsp;susijungia&nbsp;ir gali b\u016bti naudojami kuriant nuostabias&nbsp;konstrukcijas, pvz., pil\u012f&nbsp;.&nbsp;Be&nbsp;kalad\u0117li\u0173, lipduk\u0173 ir instrukcij\u0173,&nbsp;rinkin\u012f&nbsp;sudaro&nbsp;2 vaiki\u0161kos fig\u016br\u0117l\u0117s&nbsp;.&nbsp;Pa\u010dios konstrukcijos k\u016brimas lavins vaiko&nbsp;login\u012f&nbsp;m\u0105stym\u0105&nbsp;,&nbsp;vaizduot\u0119&nbsp;,&nbsp;k\u016brybi\u0161kum\u0105&nbsp;ir pad\u0117s&nbsp;susikaupti&nbsp;kuriant.&nbsp;D\u0117liodamas kalad\u0117les vaikas mokosi form\u0173 ir spalv\u0173, lavina vadinamuosius rankinius \u012fg\u016bd\u017eius.&nbsp;smulkioji motorika&nbsp;. Charakteristika: Rinkin\u012f sudaro 98 dalys, \u012fskaitant: Am\u017eius nuo 3 met\u0173 Med\u017eiaga Plastmasinis Pakuot\u0117s dydis 36 x [&hellip;]\" \/>\n<meta property=\"og:url\" content=\"https:\/\/monti.lt\/en\/product\/magnetiniai-blokeliai-woppie-98-vnt\/\" \/>\n<meta property=\"og:site_name\" content=\"Montessori \u017eaislai\" \/>\n<meta property=\"article:modified_time\" content=\"2026-02-05T08:53:08+00:00\" \/>\n<meta property=\"og:image\" content=\"https:\/\/monti.lt\/wp-content\/uploads\/2023\/12\/woopie-klocki-magnetyczne-zamek-98-el.jpg.png\" \/>\n\t<meta property=\"og:image:width\" content=\"800\" \/>\n\t<meta property=\"og:image:height\" content=\"800\" \/>\n\t<meta property=\"og:image:type\" content=\"image\/png\" \/>\n<meta name=\"twitter:card\" content=\"summary_large_image\" \/>\n<meta name=\"twitter:label1\" content=\"Est. reading time\" \/>\n\t<meta name=\"twitter:data1\" content=\"1 minute\" \/>\n<script type=\"application\/ld+json\" class=\"yoast-schema-graph\">{\"@context\":\"https:\/\/schema.org\",\"@graph\":[{\"@type\":\"WebPage\",\"@id\":\"https:\/\/monti.lt\/product\/magnetiniai-blokeliai-woppie-98-vnt\/\",\"url\":\"https:\/\/monti.lt\/product\/magnetiniai-blokeliai-woppie-98-vnt\/\",\"name\":\"Magnetiniai blokeliai, Woppie 98 vnt. - Montessori \u017eaislai\",\"isPartOf\":{\"@id\":\"https:\/\/monti.lt\/#website\"},\"primaryImageOfPage\":{\"@id\":\"https:\/\/monti.lt\/product\/magnetiniai-blokeliai-woppie-98-vnt\/#primaryimage\"},\"image\":{\"@id\":\"https:\/\/monti.lt\/product\/magnetiniai-blokeliai-woppie-98-vnt\/#primaryimage\"},\"thumbnailUrl\":\"https:\/\/monti.lt\/wp-content\/uploads\/2023\/12\/woopie-klocki-magnetyczne-zamek-98-el.jpg.png\",\"datePublished\":\"2023-12-29T09:20:34+00:00\",\"dateModified\":\"2026-02-05T08:53:08+00:00\",\"breadcrumb\":{\"@id\":\"https:\/\/monti.lt\/product\/magnetiniai-blokeliai-woppie-98-vnt\/#breadcrumb\"},\"inLanguage\":\"en-US\",\"potentialAction\":[{\"@type\":\"ReadAction\",\"target\":[\"https:\/\/monti.lt\/product\/magnetiniai-blokeliai-woppie-98-vnt\/\"]}]},{\"@type\":\"ImageObject\",\"inLanguage\":\"en-US\",\"@id\":\"https:\/\/monti.lt\/product\/magnetiniai-blokeliai-woppie-98-vnt\/#primaryimage\",\"url\":\"https:\/\/monti.lt\/wp-content\/uploads\/2023\/12\/woopie-klocki-magnetyczne-zamek-98-el.jpg.png\",\"contentUrl\":\"https:\/\/monti.lt\/wp-content\/uploads\/2023\/12\/woopie-klocki-magnetyczne-zamek-98-el.jpg.png\",\"width\":800,\"height\":800,\"caption\":\"magnetiniai blokeliai\"},{\"@type\":\"BreadcrumbList\",\"@id\":\"https:\/\/monti.lt\/product\/magnetiniai-blokeliai-woppie-98-vnt\/#breadcrumb\",\"itemListElement\":[{\"@type\":\"ListItem\",\"position\":1,\"name\":\"Home\",\"item\":\"https:\/\/monti.lt\/\"},{\"@type\":\"ListItem\",\"position\":2,\"name\":\"Parduotuv\u0117\",\"item\":\"https:\/\/monti.lt\/shop\/\"},{\"@type\":\"ListItem\",\"position\":3,\"name\":\"Magnetiniai blokeliai, Woppie 98 vnt.\"}]},{\"@type\":\"WebSite\",\"@id\":\"https:\/\/monti.lt\/#website\",\"url\":\"https:\/\/monti.lt\/\",\"name\":\"Montessori \u017eaislai\",\"description\":\"\",\"publisher\":{\"@id\":\"https:\/\/monti.lt\/#organization\"},\"potentialAction\":[{\"@type\":\"SearchAction\",\"target\":{\"@type\":\"EntryPoint\",\"urlTemplate\":\"https:\/\/monti.lt\/?s={search_term_string}\"},\"query-input\":\"required name=search_term_string\"}],\"inLanguage\":\"en-US\"},{\"@type\":\"Organization\",\"@id\":\"https:\/\/monti.lt\/#organization\",\"name\":\"Montessori \u017eaislai\",\"url\":\"https:\/\/monti.lt\/\",\"logo\":{\"@type\":\"ImageObject\",\"inLanguage\":\"en-US\",\"@id\":\"https:\/\/monti.lt\/#\/schema\/logo\/image\/\",\"url\":\"https:\/\/monti.lt\/wp-content\/uploads\/2022\/03\/montilogo-1.png\",\"contentUrl\":\"https:\/\/monti.lt\/wp-content\/uploads\/2022\/03\/montilogo-1.png\",\"width\":512,\"height\":512,\"caption\":\"Montessori \u017eaislai\"},\"image\":{\"@id\":\"https:\/\/monti.lt\/#\/schema\/logo\/image\/\"}}]}<\/script>\n<!-- \/ Yoast SEO plugin. -->","yoast_head_json":{"title":"Magnetiniai blokeliai, Woppie 98 vnt. - Montessori \u017eaislai","robots":{"index":"index","follow":"follow","max-snippet":"max-snippet:-1","max-image-preview":"max-image-preview:large","max-video-preview":"max-video-preview:-1"},"canonical":"https:\/\/monti.lt\/en\/product\/magnetiniai-blokeliai-woppie-98-vnt\/","og_locale":"en_US","og_type":"article","og_title":"Magnetiniai blokeliai, Woppie 98 vnt. - Montessori \u017eaislai","og_description":"Magnetiniai blokeliai&nbsp;i\u0161&nbsp;WOOPIE&nbsp;prek\u0117s \u017eenklo pritrauks j\u016bs\u0173 vaiko d\u0117mes\u012f ir su\u017eav\u0117s.&nbsp;Blokai labai lengvai&nbsp;susijungia&nbsp;ir gali b\u016bti naudojami kuriant nuostabias&nbsp;konstrukcijas, pvz., pil\u012f&nbsp;.&nbsp;Be&nbsp;kalad\u0117li\u0173, lipduk\u0173 ir instrukcij\u0173,&nbsp;rinkin\u012f&nbsp;sudaro&nbsp;2 vaiki\u0161kos fig\u016br\u0117l\u0117s&nbsp;.&nbsp;Pa\u010dios konstrukcijos k\u016brimas lavins vaiko&nbsp;login\u012f&nbsp;m\u0105stym\u0105&nbsp;,&nbsp;vaizduot\u0119&nbsp;,&nbsp;k\u016brybi\u0161kum\u0105&nbsp;ir pad\u0117s&nbsp;susikaupti&nbsp;kuriant.&nbsp;D\u0117liodamas kalad\u0117les vaikas mokosi form\u0173 ir spalv\u0173, lavina vadinamuosius rankinius \u012fg\u016bd\u017eius.&nbsp;smulkioji motorika&nbsp;. Charakteristika: Rinkin\u012f sudaro 98 dalys, \u012fskaitant: Am\u017eius nuo 3 met\u0173 Med\u017eiaga Plastmasinis Pakuot\u0117s dydis 36 x [&hellip;]","og_url":"https:\/\/monti.lt\/en\/product\/magnetiniai-blokeliai-woppie-98-vnt\/","og_site_name":"Montessori \u017eaislai","article_modified_time":"2026-02-05T08:53:08+00:00","og_image":[{"width":800,"height":800,"url":"https:\/\/monti.lt\/wp-content\/uploads\/2023\/12\/woopie-klocki-magnetyczne-zamek-98-el.jpg.png","type":"image\/png"}],"twitter_card":"summary_large_image","twitter_misc":{"Est. reading time":"1 minute"},"schema":{"@context":"https:\/\/schema.org","@graph":[{"@type":"WebPage","@id":"https:\/\/monti.lt\/product\/magnetiniai-blokeliai-woppie-98-vnt\/","url":"https:\/\/monti.lt\/product\/magnetiniai-blokeliai-woppie-98-vnt\/","name":"Magnetiniai blokeliai, Woppie 98 vnt. - Montessori \u017eaislai","isPartOf":{"@id":"https:\/\/monti.lt\/#website"},"primaryImageOfPage":{"@id":"https:\/\/monti.lt\/product\/magnetiniai-blokeliai-woppie-98-vnt\/#primaryimage"},"image":{"@id":"https:\/\/monti.lt\/product\/magnetiniai-blokeliai-woppie-98-vnt\/#primaryimage"},"thumbnailUrl":"https:\/\/monti.lt\/wp-content\/uploads\/2023\/12\/woopie-klocki-magnetyczne-zamek-98-el.jpg.png","datePublished":"2023-12-29T09:20:34+00:00","dateModified":"2026-02-05T08:53:08+00:00","breadcrumb":{"@id":"https:\/\/monti.lt\/product\/magnetiniai-blokeliai-woppie-98-vnt\/#breadcrumb"},"inLanguage":"en-US","potentialAction":[{"@type":"ReadAction","target":["https:\/\/monti.lt\/product\/magnetiniai-blokeliai-woppie-98-vnt\/"]}]},{"@type":"ImageObject","inLanguage":"en-US","@id":"https:\/\/monti.lt\/product\/magnetiniai-blokeliai-woppie-98-vnt\/#primaryimage","url":"https:\/\/monti.lt\/wp-content\/uploads\/2023\/12\/woopie-klocki-magnetyczne-zamek-98-el.jpg.png","contentUrl":"https:\/\/monti.lt\/wp-content\/uploads\/2023\/12\/woopie-klocki-magnetyczne-zamek-98-el.jpg.png","width":800,"height":800,"caption":"magnetiniai blokeliai"},{"@type":"BreadcrumbList","@id":"https:\/\/monti.lt\/product\/magnetiniai-blokeliai-woppie-98-vnt\/#breadcrumb","itemListElement":[{"@type":"ListItem","position":1,"name":"Home","item":"https:\/\/monti.lt\/"},{"@type":"ListItem","position":2,"name":"Parduotuv\u0117","item":"https:\/\/monti.lt\/shop\/"},{"@type":"ListItem","position":3,"name":"Magnetiniai blokeliai, Woppie 98 vnt."}]},{"@type":"WebSite","@id":"https:\/\/monti.lt\/#website","url":"https:\/\/monti.lt\/","name":"Montessori \u017eaislai","description":"","publisher":{"@id":"https:\/\/monti.lt\/#organization"},"potentialAction":[{"@type":"SearchAction","target":{"@type":"EntryPoint","urlTemplate":"https:\/\/monti.lt\/?s={search_term_string}"},"query-input":"required name=search_term_string"}],"inLanguage":"en-US"},{"@type":"Organization","@id":"https:\/\/monti.lt\/#organization","name":"Montessori \u017eaislai","url":"https:\/\/monti.lt\/","logo":{"@type":"ImageObject","inLanguage":"en-US","@id":"https:\/\/monti.lt\/#\/schema\/logo\/image\/","url":"https:\/\/monti.lt\/wp-content\/uploads\/2022\/03\/montilogo-1.png","contentUrl":"https:\/\/monti.lt\/wp-content\/uploads\/2022\/03\/montilogo-1.png","width":512,"height":512,"caption":"Montessori \u017eaislai"},"image":{"@id":"https:\/\/monti.lt\/#\/schema\/logo\/image\/"}}]}},"_links":{"self":[{"href":"https:\/\/monti.lt\/en\/wp-json\/wp\/v2\/product\/21448"}],"collection":[{"href":"https:\/\/monti.lt\/en\/wp-json\/wp\/v2\/product"}],"about":[{"href":"https:\/\/monti.lt\/en\/wp-json\/wp\/v2\/types\/product"}],"version-history":[{"count":1,"href":"https:\/\/monti.lt\/en\/wp-json\/wp\/v2\/product\/21448\/revisions"}],"predecessor-version":[{"id":21454,"href":"https:\/\/monti.lt\/en\/wp-json\/wp\/v2\/product\/21448\/revisions\/21454"}],"wp:featuredmedia":[{"embeddable":true,"href":"https:\/\/monti.lt\/en\/wp-json\/wp\/v2\/media\/21449"}],"wp:attachment":[{"href":"https:\/\/monti.lt\/en\/wp-json\/wp\/v2\/media?parent=21448"}],"wp:term":[{"taxonomy":"product_cat","embeddable":true,"href":"https:\/\/monti.lt\/en\/wp-json\/wp\/v2\/product_cat?post=21448"},{"taxonomy":"product_tag","embeddable":true,"href":"https:\/\/monti.lt\/en\/wp-json\/wp\/v2\/product_tag?post=21448"}],"curies":[{"name":"wp","href":"https:\/\/api.w.org\/{rel}","templated":true}]}}