{"id":22243,"date":"2024-03-04T14:12:50","date_gmt":"2024-03-04T14:12:50","guid":{"rendered":"https:\/\/monti.lt\/?post_type=product&#038;p=22243"},"modified":"2026-02-04T11:15:58","modified_gmt":"2026-02-04T11:15:58","slug":"balansinis-triratukas-su-pedalais","status":"publish","type":"product","link":"https:\/\/monti.lt\/en\/product\/balansinis-triratukas-su-pedalais\/","title":{"rendered":"Balansinis triratukas su pedalais"},"content":{"rendered":"<p><strong>DVIRATIS TRIRATIS FIX MINI KROSINIS TRIRATIS 3W1 SU PEDALAIS BALTAS<\/strong><\/p>\n\n\n\n<p>Did\u017eiulis greitis, adrenalinas, v\u0117jas plaukuose (\u017einoma, pro skylutes \u0161alme) ir did\u017eiulis azartas! Visa tai j\u016bs\u0173 vaikui suteiks \u0161is gaminys!<\/p>\n\n\n\n<p>Triratukas &#8220;Trike Fix Mini&#8221; 3-in-1 si\u016blo daug \u012fdomi\u0173 galimybi\u0173! Priklausomai nuo vaiko ir t\u0117v\u0173 pageidavim\u0173, jis virs&nbsp;<strong>trimis skirtingomis transporto priemon\u0117mis<\/strong>!<\/p>\n\n\n\n<p>Pirmoji i\u0161 j\u0173 &#8211; tai&nbsp;<strong>triratis krosinis dviratis!<\/strong>&nbsp;\u012emontavus pedalus \u012f specialias rankenas ir i\u0161skleidus ratus \u012f \u0161onus, bus sukurta patogi, stabili transporto priemon\u0117, puikiai tinkanti pirmiesiems nuotykiams ant rat\u0173!<\/p>\n\n\n\n<p>Kai jis \u012fvaldys jud\u0117jim\u0105 pirmuoju pavidalu, metas antrajam &#8211; t. y.&nbsp;<strong>trira\u010diui!<\/strong>&nbsp;Pritvirtinkite pedalus prie priekinio rato lizd\u0173 ir leiskite vaikui pajud\u0117ti \u012f tol\u012f!<\/p>\n\n\n\n<p>Pa\u010dioje pabaigoje j\u016bs\u0173 ma\u017eylio laukia sunkiausia u\u017eduotis &#8211; galinius ratus galite sulankstyti taip, kad jie b\u016bt\u0173 arti vienas kito. Taip vaikas tur\u0117s i\u0161laikyti pusiausvyr\u0105 ir gaus puiki\u0105 pamok\u0105 prie\u0161 va\u017eiuodamas tikru dviratuku!<\/p>\n\n\n\n<p>Konstrukcija leid\u017eia\u00a0<strong>visi\u0161kai sureguliuoti vair\u0105 nuo 41 cm iki 50 cm, o balnel\u012f &#8211; nuo 31 iki 38 cm<\/strong>. Taip gal\u0117site puikiai pritaikyti auk\u0161t\u012f prie naudotojo, u\u017etikrindami patogum\u0105 ir saugum\u0105.<\/p>\n\n\n\n<p>Produktas puikiai tiks bet kuriam vaikui nuo&nbsp;<strong>18 m\u0117nesi\u0173 iki 4 met\u0173 am\u017eiaus!<\/strong>&nbsp;Per \u0161\u012f ilg\u0105 laikotarp\u012f jis suteiks jam daugyb\u0119 \u012fdomi\u0173 ir maloni\u0173 akimirk\u0173!<\/p>\n\n\n\n<p><strong>Did\u017eiausia apkrova &#8211; 30 kg<\/strong>, tod\u0117l nereikia jaudintis, kad vaikas sugadins dviratuk\u0105!<\/p>\n\n\n\n<p><strong>\u012edomus dizainas<\/strong>&nbsp;patrauks ma\u017e\u0173j\u0173 dviratinink\u0173 d\u0117mes\u012f ir paskatins juos \u017eaisti! Paprasta<strong>forma ir modernus stilius<\/strong>&nbsp;patiks ir t\u0117vams!<\/p>\n\n\n\n<p>Toks triratukas &#8211; tikrai puikus pasirinkimas kiekvienam! Svarbiausia, verta prisiminti, kad jud\u0117jimas &#8211; tai sveikata! \u017daislas, kuris&nbsp;<strong>skatins ma\u017eyl\u012f vaik\u0161\u010dioti ir b\u016bti fizi\u0161kai aktyv\u0173<\/strong>, pad\u0117s tinkamai vystytis ir palaikyti tinkam\u0105 fizin\u0119 form\u0105!&nbsp;<strong>Jis taip pat lavins pusiausvyros poj\u016bt\u012f, viso k\u016bno raumenis ir judesi\u0173 koordinacij\u0105!<\/strong><\/p>\n\n\n\n<p>Tai taip pat bus&nbsp;<strong>puikus b\u016bdas supa\u017eindinti ma\u017eyl\u012f su keli\u0173 eismo taisykl\u0117mis ir saugiu jud\u0117jimu ant \u0161aligatvio<\/strong>! mokymasis \u017eaid\u017eiant duos ilgalaiki\u0173 rezultat\u0173!<\/p>\n\n\n\n<p>Gaminio gamybai naudotos med\u017eiagos suteikia jam&nbsp;<strong>didel\u012f patvarum\u0105<\/strong>&nbsp;&#8211; jis tikrai i\u0161gyvens ne vien\u0105 \u0161eimos kelion\u0119!<\/p>\n\n\n\n<p><strong>Spalva:<\/strong>&nbsp;balta<\/p>\n\n\n\n<p><strong>Did\u017eiausias vaiko svoris<\/strong>: 30 kg<\/p>\n\n\n\n<p><strong>Med\u017eiaga:<\/strong><\/p>\n\n\n\n<ul class=\"wp-block-list\">\n<li>Ratukai: plastikas + putplas\u010dio padangos<\/li>\n\n\n\n<li>r\u0117mas: aliuminis<\/li>\n\n\n\n<li>vairas: gumin\u0117s rankenos.<\/li>\n<\/ul>\n\n\n\n<p><strong>I\u0161matavimai:<\/strong><\/p>\n\n\n\n<ul class=\"wp-block-list\">\n<li><strong>Dvira\u010dio<\/strong>&nbsp;matmenys: 67 cm X 47 cm X 51 cm<\/li>\n\n\n\n<li><strong>bendras r\u0117mo ilgis<\/strong>: 31 cm<\/li>\n\n\n\n<li><strong>vairo auk\u0161tis nuo \u017eem\u0117s:<\/strong>&nbsp;41cm -50cm.<\/li>\n\n\n\n<li><strong>vairo plotis&nbsp;<\/strong>: 32 cm<\/li>\n\n\n\n<li><strong>balnelio auk\u0161tis nuo \u017eem\u0117s:<\/strong>&nbsp;S\u0117dyn\u0117s auk\u0161tis: 31cm -38cm<\/li>\n\n\n\n<li><strong>balnelio matmenys:<\/strong>&nbsp;24cm x 13cm<\/li>\n\n\n\n<li><strong>r\u0117mo ilgis nuo balnelio iki vairo:<\/strong>&nbsp;18 cm ilgis nuo vairo: 18 cm<\/li>\n\n\n\n<li>priekinio<strong>rato<\/strong>&nbsp;skersmuo: 22 cm<\/li>\n\n\n\n<li><strong>galinio rato<\/strong>\u00a0skersmuo: 15 cm<\/li>\n\n\n\n<li><strong>pakuot\u0117s matmenys<\/strong>: 61 cm x 17 cm x 21 cm<\/li>\n\n\n\n<li>Supakuota kartonin\u0117je d\u0117\u017eut\u0117je.<\/li>\n\n\n\n<li>Gaminys tinka 1,5-4 met\u0173 am\u017eiaus vaikams. Ne daugiau kaip 30 kg.<\/li>\n<\/ul>","protected":false},"excerpt":{"rendered":"<p>DVIRATIS TRIRATIS FIX MINI KROSINIS TRIRATIS 3W1 SU PEDALAIS BALTAS Did\u017eiulis greitis, adrenalinas, v\u0117jas plaukuose (\u017einoma, pro skylutes \u0161alme) ir did\u017eiulis azartas! Visa tai j\u016bs\u0173 vaikui suteiks \u0161is gaminys! Triratukas &#8220;Trike Fix Mini&#8221; 3-in-1 si\u016blo daug \u012fdomi\u0173 galimybi\u0173! Priklausomai nuo vaiko ir t\u0117v\u0173 pageidavim\u0173, jis virs&nbsp;trimis skirtingomis transporto priemon\u0117mis! Pirmoji i\u0161 j\u0173 &#8211; tai&nbsp;triratis krosinis [&hellip;]<\/p>","protected":false},"featured_media":22244,"template":"","meta":{"_acf_changed":false,"iawp_total_views":583},"product_cat":[193,194,195,191,259,238,84,90,50,49,39,215,214],"product_tag":[95,96,97],"class_list":{"0":"post-22243","1":"product","2":"type-product","3":"status-publish","4":"has-post-thumbnail","6":"product_cat-dovanos-vaikams-1-2-metu","7":"product_cat-dovanos-vaikams-2-3-metu","8":"product_cat-dovanos-vaikams-3-4-metu","9":"product_cat-dovanos-vaikams","10":"product_cat-judejimo-priemones","11":"product_cat-lauko-zaidimai","12":"product_cat-lavinamieji-zaislai","13":"product_cat-pasaulio-pazinimas","14":"product_cat-top-dovanos","15":"product_cat-visi-zaislai","16":"product_cat-zaislai","17":"product_cat-zaislai-berniukams","18":"product_cat-zaislai-mergaitems","19":"product_tag-1-m-2-m","20":"product_tag-2-m-3-m","21":"product_tag-3-m-4-m","23":"first","24":"outofstock","25":"sale","26":"taxable","27":"shipping-taxable","28":"purchasable","29":"product-type-simple"},"acf":[],"yoast_head":"<!-- This site is optimized with the Yoast SEO plugin v23.3 - https:\/\/yoast.com\/wordpress\/plugins\/seo\/ -->\n<title>Balansinis triratukas su pedalais - Montessori \u017eaislai<\/title>\n<meta name=\"robots\" content=\"index, follow, max-snippet:-1, max-image-preview:large, max-video-preview:-1\" \/>\n<link rel=\"canonical\" href=\"https:\/\/monti.lt\/en\/product\/balansinis-triratukas-su-pedalais\/\" \/>\n<meta property=\"og:locale\" content=\"en_US\" \/>\n<meta property=\"og:type\" content=\"article\" \/>\n<meta property=\"og:title\" content=\"Balansinis triratukas su pedalais - Montessori \u017eaislai\" \/>\n<meta property=\"og:description\" content=\"DVIRATIS TRIRATIS FIX MINI KROSINIS TRIRATIS 3W1 SU PEDALAIS BALTAS Did\u017eiulis greitis, adrenalinas, v\u0117jas plaukuose (\u017einoma, pro skylutes \u0161alme) ir did\u017eiulis azartas! Visa tai j\u016bs\u0173 vaikui suteiks \u0161is gaminys! Triratukas &#8220;Trike Fix Mini&#8221; 3-in-1 si\u016blo daug \u012fdomi\u0173 galimybi\u0173! Priklausomai nuo vaiko ir t\u0117v\u0173 pageidavim\u0173, jis virs&nbsp;trimis skirtingomis transporto priemon\u0117mis! Pirmoji i\u0161 j\u0173 &#8211; tai&nbsp;triratis krosinis [&hellip;]\" \/>\n<meta property=\"og:url\" content=\"https:\/\/monti.lt\/en\/product\/balansinis-triratukas-su-pedalais\/\" \/>\n<meta property=\"og:site_name\" content=\"Montessori \u017eaislai\" \/>\n<meta property=\"article:modified_time\" content=\"2026-02-04T11:15:58+00:00\" \/>\n<meta property=\"og:image\" content=\"https:\/\/monti.lt\/wp-content\/uploads\/2024\/03\/Tricycle-3w1-cross-country-bicycle-with-pedals-white-103597.jpg\" \/>\n\t<meta property=\"og:image:width\" content=\"1024\" \/>\n\t<meta property=\"og:image:height\" content=\"1024\" \/>\n\t<meta property=\"og:image:type\" content=\"image\/jpeg\" \/>\n<meta name=\"twitter:card\" content=\"summary_large_image\" \/>\n<meta name=\"twitter:label1\" content=\"Est. reading time\" \/>\n\t<meta name=\"twitter:data1\" content=\"3 minutes\" \/>\n<script type=\"application\/ld+json\" class=\"yoast-schema-graph\">{\"@context\":\"https:\/\/schema.org\",\"@graph\":[{\"@type\":\"WebPage\",\"@id\":\"https:\/\/monti.lt\/product\/balansinis-triratukas-su-pedalais\/\",\"url\":\"https:\/\/monti.lt\/product\/balansinis-triratukas-su-pedalais\/\",\"name\":\"Balansinis triratukas su pedalais - Montessori \u017eaislai\",\"isPartOf\":{\"@id\":\"https:\/\/monti.lt\/#website\"},\"primaryImageOfPage\":{\"@id\":\"https:\/\/monti.lt\/product\/balansinis-triratukas-su-pedalais\/#primaryimage\"},\"image\":{\"@id\":\"https:\/\/monti.lt\/product\/balansinis-triratukas-su-pedalais\/#primaryimage\"},\"thumbnailUrl\":\"https:\/\/monti.lt\/wp-content\/uploads\/2024\/03\/Tricycle-3w1-cross-country-bicycle-with-pedals-white-103597.jpg\",\"datePublished\":\"2024-03-04T14:12:50+00:00\",\"dateModified\":\"2026-02-04T11:15:58+00:00\",\"breadcrumb\":{\"@id\":\"https:\/\/monti.lt\/product\/balansinis-triratukas-su-pedalais\/#breadcrumb\"},\"inLanguage\":\"en-US\",\"potentialAction\":[{\"@type\":\"ReadAction\",\"target\":[\"https:\/\/monti.lt\/product\/balansinis-triratukas-su-pedalais\/\"]}]},{\"@type\":\"ImageObject\",\"inLanguage\":\"en-US\",\"@id\":\"https:\/\/monti.lt\/product\/balansinis-triratukas-su-pedalais\/#primaryimage\",\"url\":\"https:\/\/monti.lt\/wp-content\/uploads\/2024\/03\/Tricycle-3w1-cross-country-bicycle-with-pedals-white-103597.jpg\",\"contentUrl\":\"https:\/\/monti.lt\/wp-content\/uploads\/2024\/03\/Tricycle-3w1-cross-country-bicycle-with-pedals-white-103597.jpg\",\"width\":1024,\"height\":1024,\"caption\":\"triratukas\"},{\"@type\":\"BreadcrumbList\",\"@id\":\"https:\/\/monti.lt\/product\/balansinis-triratukas-su-pedalais\/#breadcrumb\",\"itemListElement\":[{\"@type\":\"ListItem\",\"position\":1,\"name\":\"Home\",\"item\":\"https:\/\/monti.lt\/\"},{\"@type\":\"ListItem\",\"position\":2,\"name\":\"Parduotuv\u0117\",\"item\":\"https:\/\/monti.lt\/shop\/\"},{\"@type\":\"ListItem\",\"position\":3,\"name\":\"Balansinis triratukas su pedalais\"}]},{\"@type\":\"WebSite\",\"@id\":\"https:\/\/monti.lt\/#website\",\"url\":\"https:\/\/monti.lt\/\",\"name\":\"Montessori \u017eaislai\",\"description\":\"\",\"publisher\":{\"@id\":\"https:\/\/monti.lt\/#organization\"},\"potentialAction\":[{\"@type\":\"SearchAction\",\"target\":{\"@type\":\"EntryPoint\",\"urlTemplate\":\"https:\/\/monti.lt\/?s={search_term_string}\"},\"query-input\":\"required name=search_term_string\"}],\"inLanguage\":\"en-US\"},{\"@type\":\"Organization\",\"@id\":\"https:\/\/monti.lt\/#organization\",\"name\":\"Montessori \u017eaislai\",\"url\":\"https:\/\/monti.lt\/\",\"logo\":{\"@type\":\"ImageObject\",\"inLanguage\":\"en-US\",\"@id\":\"https:\/\/monti.lt\/#\/schema\/logo\/image\/\",\"url\":\"https:\/\/monti.lt\/wp-content\/uploads\/2022\/03\/montilogo-1.png\",\"contentUrl\":\"https:\/\/monti.lt\/wp-content\/uploads\/2022\/03\/montilogo-1.png\",\"width\":512,\"height\":512,\"caption\":\"Montessori \u017eaislai\"},\"image\":{\"@id\":\"https:\/\/monti.lt\/#\/schema\/logo\/image\/\"}}]}<\/script>\n<!-- \/ Yoast SEO plugin. -->","yoast_head_json":{"title":"Balansinis triratukas su pedalais - Montessori \u017eaislai","robots":{"index":"index","follow":"follow","max-snippet":"max-snippet:-1","max-image-preview":"max-image-preview:large","max-video-preview":"max-video-preview:-1"},"canonical":"https:\/\/monti.lt\/en\/product\/balansinis-triratukas-su-pedalais\/","og_locale":"en_US","og_type":"article","og_title":"Balansinis triratukas su pedalais - Montessori \u017eaislai","og_description":"DVIRATIS TRIRATIS FIX MINI KROSINIS TRIRATIS 3W1 SU PEDALAIS BALTAS Did\u017eiulis greitis, adrenalinas, v\u0117jas plaukuose (\u017einoma, pro skylutes \u0161alme) ir did\u017eiulis azartas! Visa tai j\u016bs\u0173 vaikui suteiks \u0161is gaminys! Triratukas &#8220;Trike Fix Mini&#8221; 3-in-1 si\u016blo daug \u012fdomi\u0173 galimybi\u0173! Priklausomai nuo vaiko ir t\u0117v\u0173 pageidavim\u0173, jis virs&nbsp;trimis skirtingomis transporto priemon\u0117mis! Pirmoji i\u0161 j\u0173 &#8211; tai&nbsp;triratis krosinis [&hellip;]","og_url":"https:\/\/monti.lt\/en\/product\/balansinis-triratukas-su-pedalais\/","og_site_name":"Montessori \u017eaislai","article_modified_time":"2026-02-04T11:15:58+00:00","og_image":[{"width":1024,"height":1024,"url":"https:\/\/monti.lt\/wp-content\/uploads\/2024\/03\/Tricycle-3w1-cross-country-bicycle-with-pedals-white-103597.jpg","type":"image\/jpeg"}],"twitter_card":"summary_large_image","twitter_misc":{"Est. reading time":"3 minutes"},"schema":{"@context":"https:\/\/schema.org","@graph":[{"@type":"WebPage","@id":"https:\/\/monti.lt\/product\/balansinis-triratukas-su-pedalais\/","url":"https:\/\/monti.lt\/product\/balansinis-triratukas-su-pedalais\/","name":"Balansinis triratukas su pedalais - Montessori \u017eaislai","isPartOf":{"@id":"https:\/\/monti.lt\/#website"},"primaryImageOfPage":{"@id":"https:\/\/monti.lt\/product\/balansinis-triratukas-su-pedalais\/#primaryimage"},"image":{"@id":"https:\/\/monti.lt\/product\/balansinis-triratukas-su-pedalais\/#primaryimage"},"thumbnailUrl":"https:\/\/monti.lt\/wp-content\/uploads\/2024\/03\/Tricycle-3w1-cross-country-bicycle-with-pedals-white-103597.jpg","datePublished":"2024-03-04T14:12:50+00:00","dateModified":"2026-02-04T11:15:58+00:00","breadcrumb":{"@id":"https:\/\/monti.lt\/product\/balansinis-triratukas-su-pedalais\/#breadcrumb"},"inLanguage":"en-US","potentialAction":[{"@type":"ReadAction","target":["https:\/\/monti.lt\/product\/balansinis-triratukas-su-pedalais\/"]}]},{"@type":"ImageObject","inLanguage":"en-US","@id":"https:\/\/monti.lt\/product\/balansinis-triratukas-su-pedalais\/#primaryimage","url":"https:\/\/monti.lt\/wp-content\/uploads\/2024\/03\/Tricycle-3w1-cross-country-bicycle-with-pedals-white-103597.jpg","contentUrl":"https:\/\/monti.lt\/wp-content\/uploads\/2024\/03\/Tricycle-3w1-cross-country-bicycle-with-pedals-white-103597.jpg","width":1024,"height":1024,"caption":"triratukas"},{"@type":"BreadcrumbList","@id":"https:\/\/monti.lt\/product\/balansinis-triratukas-su-pedalais\/#breadcrumb","itemListElement":[{"@type":"ListItem","position":1,"name":"Home","item":"https:\/\/monti.lt\/"},{"@type":"ListItem","position":2,"name":"Parduotuv\u0117","item":"https:\/\/monti.lt\/shop\/"},{"@type":"ListItem","position":3,"name":"Balansinis triratukas su pedalais"}]},{"@type":"WebSite","@id":"https:\/\/monti.lt\/#website","url":"https:\/\/monti.lt\/","name":"Montessori \u017eaislai","description":"","publisher":{"@id":"https:\/\/monti.lt\/#organization"},"potentialAction":[{"@type":"SearchAction","target":{"@type":"EntryPoint","urlTemplate":"https:\/\/monti.lt\/?s={search_term_string}"},"query-input":"required name=search_term_string"}],"inLanguage":"en-US"},{"@type":"Organization","@id":"https:\/\/monti.lt\/#organization","name":"Montessori \u017eaislai","url":"https:\/\/monti.lt\/","logo":{"@type":"ImageObject","inLanguage":"en-US","@id":"https:\/\/monti.lt\/#\/schema\/logo\/image\/","url":"https:\/\/monti.lt\/wp-content\/uploads\/2022\/03\/montilogo-1.png","contentUrl":"https:\/\/monti.lt\/wp-content\/uploads\/2022\/03\/montilogo-1.png","width":512,"height":512,"caption":"Montessori \u017eaislai"},"image":{"@id":"https:\/\/monti.lt\/#\/schema\/logo\/image\/"}}]}},"_links":{"self":[{"href":"https:\/\/monti.lt\/en\/wp-json\/wp\/v2\/product\/22243"}],"collection":[{"href":"https:\/\/monti.lt\/en\/wp-json\/wp\/v2\/product"}],"about":[{"href":"https:\/\/monti.lt\/en\/wp-json\/wp\/v2\/types\/product"}],"version-history":[{"count":1,"href":"https:\/\/monti.lt\/en\/wp-json\/wp\/v2\/product\/22243\/revisions"}],"predecessor-version":[{"id":22249,"href":"https:\/\/monti.lt\/en\/wp-json\/wp\/v2\/product\/22243\/revisions\/22249"}],"wp:featuredmedia":[{"embeddable":true,"href":"https:\/\/monti.lt\/en\/wp-json\/wp\/v2\/media\/22244"}],"wp:attachment":[{"href":"https:\/\/monti.lt\/en\/wp-json\/wp\/v2\/media?parent=22243"}],"wp:term":[{"taxonomy":"product_cat","embeddable":true,"href":"https:\/\/monti.lt\/en\/wp-json\/wp\/v2\/product_cat?post=22243"},{"taxonomy":"product_tag","embeddable":true,"href":"https:\/\/monti.lt\/en\/wp-json\/wp\/v2\/product_tag?post=22243"}],"curies":[{"name":"wp","href":"https:\/\/api.w.org\/{rel}","templated":true}]}}