{"id":22250,"date":"2024-03-04T14:17:46","date_gmt":"2024-03-04T14:17:46","guid":{"rendered":"https:\/\/monti.lt\/?post_type=product&#038;p=22250"},"modified":"2025-12-10T11:39:39","modified_gmt":"2025-12-10T11:39:39","slug":"balansinis-dviratukas","status":"publish","type":"product","link":"https:\/\/monti.lt\/en\/product\/balansinis-dviratukas\/","title":{"rendered":"Balansinis dviratukas"},"content":{"rendered":"<p>Jud\u0117jimas &#8211; tai sveikata! Tok\u012f m\u0105stym\u0105 verta \u012fskiepyti savo vaikui nuo ma\u017eens! Lengviausias b\u016bdas tai padaryti bus fizin\u012f aktyvum\u0105 derinti su dideliu malonumu! \u0160iam tikslui idealiai tiks b\u0117gimo dviratis!<\/p>\n\n\n\n<p>Nupirk\u0119 vaikui stumdom\u0105 dvirat\u012f, gal\u0117site j\u012f patraukliai pramogauti lauke. Lengvas krosinis dviratis &#8211; fenomenali dovana ma\u017eyliams, pasiekusiems bent 80 cm \u016bg\u012f! Ma\u017eyliui augant, pakelkite balnel\u012f ir vair\u0105, kad atitikt\u0173 vaiko \u016bg\u012f!<\/p>\n\n\n\n<p>Svarbu, kad pirmasis krosinis dviratis b\u016bt\u0173 lengvas. Tai bus naudinga ir vaikui, ir t\u0117vams &#8211; ma\u017eiausiam \u0161eimos nariui bus lengviau i\u0161laikyti pusiausvyr\u0105, o jums prireikus bus lengviau ne\u0161ti dvirat\u012f! Dviratis sveria tik 1,8 kg!<\/p>\n\n\n\n<p>Naudoti &#8220;Trike Fix Balance&#8221; krosin\u012f dviratuk\u0105 i\u0161ties paprasta ir j\u012f valdyti gali bet kuris vaikas! Dviej\u0173 rat\u0173 krosinis dviratis varomas pats save stumiant, tod\u0117l ma\u017eojo dviratininko kojos visada yra ant \u017eem\u0117s ir apsaugo j\u012f nuo kritimo!<\/p>\n\n\n\n<p>Krosinio dvira\u010dio ratai pagaminti i\u0161 mink\u0161to, bet patvaraus plastiko. Dviratis tarnaus j\u016bs\u0173 vaikui ne tik lauke, bet ir namuose &#8211; padang\u0173 med\u017eiaga nesubrai\u017eys ir nepaliks d\u0117mi\u0173 ant nam\u0173 plok\u0161\u010di\u0173 ar plyteli\u0173!<\/p>\n\n\n\n<p>Krosinio dvira\u010dio r\u0117mas atlaikys visus nuotykius, kurie u\u017eklups ma\u017eus vaikus! Tvirtas krosinis dviratis bus naudojamas tol, kol j\u016bs\u0173 ma\u017eylis pereis prie klasikinio dvira\u010dio! Did\u017eiausia gaminio apkrova yra net 35 kg, tod\u0117l jums nereik\u0117s d\u0117l to visi\u0161kai nerimauti!<\/p>\n\n\n\n<p>D\u0117ka krosinio dvira\u010dio vaikas savaranki\u0161kai i\u0161siugdys daug nauding\u0173 \u012fg\u016bd\u017ei\u0173, pavyzd\u017eiui, pusiausvyros poj\u016bt\u012f, akies-rankos koordinacij\u0105 ir geb\u0117jim\u0105 greitai analizuoti situacij\u0105 aplink! Taigi jis leis suderinti puiki\u0105 pramog\u0105 su spar\u010diu \u012fvairi\u0173 geb\u0117jim\u0173 ugdymu!<\/p>\n\n\n\n<p><strong>Kokiomis savyb\u0117mis pasi\u017eymi krosinis dviratis?<\/strong><\/p>\n\n\n\n<ul class=\"wp-block-list\">\n<li>Jis leis suderinti pramog\u0105 ir fizin\u012f aktyvum\u0105 gryname ore!<\/li>\n\n\n\n<li>Reguliuojamas balnelis ir vairas, kuriuos gal\u0117site pritaikyti pagal vaiko \u016bg\u012f!<\/li>\n\n\n\n<li>Nedidelis 1,8 kg svoris palengvins vaik\u0173 ir t\u0117v\u0173 \u017eaidim\u0105!<\/li>\n\n\n\n<li>I\u0161 plastiko pagaminti ratai, kurie nebrai\u017eo \u017eem\u0117s!<\/li>\n\n\n\n<li>Tvirtas dvira\u010dio r\u0117mas leis aktyviai \u017eaisti!<\/li>\n\n\n\n<li>Krosinis dviratis leid\u017eia vaikui lavinti daugyb\u0119 \u012fg\u016bd\u017ei\u0173!<\/li>\n<\/ul>\n\n\n\n<p><strong>Techniniai parametrai:<\/strong><\/p>\n\n\n\n<ul class=\"wp-block-list\">\n<li>Svoris: 1,8 kg<\/li>\n\n\n\n<li>Did\u017eiausia apkrova: iki 35 kg<\/li>\n\n\n\n<li>Rekomenduojamas vaiko \u016bgis: Vaiko \u016bgis: 80 &#8211; 108 cm.<\/li>\n<\/ul>\n\n\n\n<p><strong>Matmenys:<\/strong><\/p>\n\n\n\n<ul class=\"wp-block-list\">\n<li>Vairo auk\u0161tis: 48-57 cm<\/li>\n\n\n\n<li>Balnelio auk\u0161tis: 31-40 cm<\/li>\n\n\n\n<li>Vairo plotis: 39,5 cm<\/li>\n\n\n\n<li>Dvira\u010dio ilgis: 80 cm<\/li>\n\n\n\n<li>Rat\u0173 skersmuo: 28 cm<\/li>\n<\/ul>","protected":false},"excerpt":{"rendered":"<p>Jud\u0117jimas &#8211; tai sveikata! Tok\u012f m\u0105stym\u0105 verta \u012fskiepyti savo vaikui nuo ma\u017eens! Lengviausias b\u016bdas tai padaryti bus fizin\u012f aktyvum\u0105 derinti su dideliu malonumu! \u0160iam tikslui idealiai tiks b\u0117gimo dviratis! Nupirk\u0119 vaikui stumdom\u0105 dvirat\u012f, gal\u0117site j\u012f patraukliai pramogauti lauke. Lengvas krosinis dviratis &#8211; fenomenali dovana ma\u017eyliams, pasiekusiems bent 80 cm \u016bg\u012f! Ma\u017eyliui augant, pakelkite balnel\u012f ir [&hellip;]<\/p>","protected":false},"featured_media":22251,"template":"","meta":{"_acf_changed":false,"iawp_total_views":829},"product_cat":[193,194,195,197,191,259,84,90,50,39],"product_tag":[95,96,97],"class_list":{"0":"post-22250","1":"product","2":"type-product","3":"status-publish","4":"has-post-thumbnail","6":"product_cat-dovanos-vaikams-1-2-metu","7":"product_cat-dovanos-vaikams-2-3-metu","8":"product_cat-dovanos-vaikams-3-4-metu","9":"product_cat-dovanos-berniukams","10":"product_cat-dovanos-vaikams","11":"product_cat-judejimo-priemones","12":"product_cat-lavinamieji-zaislai","13":"product_cat-pasaulio-pazinimas","14":"product_cat-top-dovanos","15":"product_cat-zaislai","16":"product_tag-1-m-2-m","17":"product_tag-2-m-3-m","18":"product_tag-3-m-4-m","20":"first","21":"outofstock","22":"taxable","23":"shipping-taxable","24":"purchasable","25":"product-type-simple"},"acf":[],"yoast_head":"<!-- This site is optimized with the Yoast SEO plugin v23.3 - https:\/\/yoast.com\/wordpress\/plugins\/seo\/ -->\n<title>Balansinis dviratukas - Montessori \u017eaislai<\/title>\n<meta name=\"robots\" content=\"index, follow, max-snippet:-1, max-image-preview:large, max-video-preview:-1\" \/>\n<link rel=\"canonical\" href=\"https:\/\/monti.lt\/en\/product\/balansinis-dviratukas\/\" \/>\n<meta property=\"og:locale\" content=\"en_US\" \/>\n<meta property=\"og:type\" content=\"article\" \/>\n<meta property=\"og:title\" content=\"Balansinis dviratukas - Montessori \u017eaislai\" \/>\n<meta property=\"og:description\" content=\"Jud\u0117jimas &#8211; tai sveikata! Tok\u012f m\u0105stym\u0105 verta \u012fskiepyti savo vaikui nuo ma\u017eens! Lengviausias b\u016bdas tai padaryti bus fizin\u012f aktyvum\u0105 derinti su dideliu malonumu! \u0160iam tikslui idealiai tiks b\u0117gimo dviratis! Nupirk\u0119 vaikui stumdom\u0105 dvirat\u012f, gal\u0117site j\u012f patraukliai pramogauti lauke. Lengvas krosinis dviratis &#8211; fenomenali dovana ma\u017eyliams, pasiekusiems bent 80 cm \u016bg\u012f! Ma\u017eyliui augant, pakelkite balnel\u012f ir [&hellip;]\" \/>\n<meta property=\"og:url\" content=\"https:\/\/monti.lt\/en\/product\/balansinis-dviratukas\/\" \/>\n<meta property=\"og:site_name\" content=\"Montessori \u017eaislai\" \/>\n<meta property=\"article:modified_time\" content=\"2025-12-10T11:39:39+00:00\" \/>\n<meta property=\"og:image\" content=\"https:\/\/monti.lt\/wp-content\/uploads\/2024\/03\/Trike-Fix-Balance-cross-country-bicycle-black-and-blue-135606.jpg\" \/>\n\t<meta property=\"og:image:width\" content=\"1024\" \/>\n\t<meta property=\"og:image:height\" content=\"1024\" \/>\n\t<meta property=\"og:image:type\" content=\"image\/jpeg\" \/>\n<meta name=\"twitter:card\" content=\"summary_large_image\" \/>\n<meta name=\"twitter:label1\" content=\"Est. reading time\" \/>\n\t<meta name=\"twitter:data1\" content=\"2 minutes\" \/>\n<script type=\"application\/ld+json\" class=\"yoast-schema-graph\">{\"@context\":\"https:\/\/schema.org\",\"@graph\":[{\"@type\":\"WebPage\",\"@id\":\"https:\/\/monti.lt\/product\/balansinis-dviratukas\/\",\"url\":\"https:\/\/monti.lt\/product\/balansinis-dviratukas\/\",\"name\":\"Balansinis dviratukas - Montessori \u017eaislai\",\"isPartOf\":{\"@id\":\"https:\/\/monti.lt\/#website\"},\"primaryImageOfPage\":{\"@id\":\"https:\/\/monti.lt\/product\/balansinis-dviratukas\/#primaryimage\"},\"image\":{\"@id\":\"https:\/\/monti.lt\/product\/balansinis-dviratukas\/#primaryimage\"},\"thumbnailUrl\":\"https:\/\/monti.lt\/wp-content\/uploads\/2024\/03\/Trike-Fix-Balance-cross-country-bicycle-black-and-blue-135606.jpg\",\"datePublished\":\"2024-03-04T14:17:46+00:00\",\"dateModified\":\"2025-12-10T11:39:39+00:00\",\"breadcrumb\":{\"@id\":\"https:\/\/monti.lt\/product\/balansinis-dviratukas\/#breadcrumb\"},\"inLanguage\":\"en-US\",\"potentialAction\":[{\"@type\":\"ReadAction\",\"target\":[\"https:\/\/monti.lt\/product\/balansinis-dviratukas\/\"]}]},{\"@type\":\"ImageObject\",\"inLanguage\":\"en-US\",\"@id\":\"https:\/\/monti.lt\/product\/balansinis-dviratukas\/#primaryimage\",\"url\":\"https:\/\/monti.lt\/wp-content\/uploads\/2024\/03\/Trike-Fix-Balance-cross-country-bicycle-black-and-blue-135606.jpg\",\"contentUrl\":\"https:\/\/monti.lt\/wp-content\/uploads\/2024\/03\/Trike-Fix-Balance-cross-country-bicycle-black-and-blue-135606.jpg\",\"width\":1024,\"height\":1024,\"caption\":\"balansinis dviratis\"},{\"@type\":\"BreadcrumbList\",\"@id\":\"https:\/\/monti.lt\/product\/balansinis-dviratukas\/#breadcrumb\",\"itemListElement\":[{\"@type\":\"ListItem\",\"position\":1,\"name\":\"Home\",\"item\":\"https:\/\/monti.lt\/\"},{\"@type\":\"ListItem\",\"position\":2,\"name\":\"Parduotuv\u0117\",\"item\":\"https:\/\/monti.lt\/shop\/\"},{\"@type\":\"ListItem\",\"position\":3,\"name\":\"Balansinis dviratukas\"}]},{\"@type\":\"WebSite\",\"@id\":\"https:\/\/monti.lt\/#website\",\"url\":\"https:\/\/monti.lt\/\",\"name\":\"Montessori \u017eaislai\",\"description\":\"\",\"publisher\":{\"@id\":\"https:\/\/monti.lt\/#organization\"},\"potentialAction\":[{\"@type\":\"SearchAction\",\"target\":{\"@type\":\"EntryPoint\",\"urlTemplate\":\"https:\/\/monti.lt\/?s={search_term_string}\"},\"query-input\":\"required name=search_term_string\"}],\"inLanguage\":\"en-US\"},{\"@type\":\"Organization\",\"@id\":\"https:\/\/monti.lt\/#organization\",\"name\":\"Montessori \u017eaislai\",\"url\":\"https:\/\/monti.lt\/\",\"logo\":{\"@type\":\"ImageObject\",\"inLanguage\":\"en-US\",\"@id\":\"https:\/\/monti.lt\/#\/schema\/logo\/image\/\",\"url\":\"https:\/\/monti.lt\/wp-content\/uploads\/2022\/03\/montilogo-1.png\",\"contentUrl\":\"https:\/\/monti.lt\/wp-content\/uploads\/2022\/03\/montilogo-1.png\",\"width\":512,\"height\":512,\"caption\":\"Montessori \u017eaislai\"},\"image\":{\"@id\":\"https:\/\/monti.lt\/#\/schema\/logo\/image\/\"}}]}<\/script>\n<!-- \/ Yoast SEO plugin. -->","yoast_head_json":{"title":"Balansinis dviratukas - Montessori \u017eaislai","robots":{"index":"index","follow":"follow","max-snippet":"max-snippet:-1","max-image-preview":"max-image-preview:large","max-video-preview":"max-video-preview:-1"},"canonical":"https:\/\/monti.lt\/en\/product\/balansinis-dviratukas\/","og_locale":"en_US","og_type":"article","og_title":"Balansinis dviratukas - Montessori \u017eaislai","og_description":"Jud\u0117jimas &#8211; tai sveikata! Tok\u012f m\u0105stym\u0105 verta \u012fskiepyti savo vaikui nuo ma\u017eens! Lengviausias b\u016bdas tai padaryti bus fizin\u012f aktyvum\u0105 derinti su dideliu malonumu! \u0160iam tikslui idealiai tiks b\u0117gimo dviratis! Nupirk\u0119 vaikui stumdom\u0105 dvirat\u012f, gal\u0117site j\u012f patraukliai pramogauti lauke. Lengvas krosinis dviratis &#8211; fenomenali dovana ma\u017eyliams, pasiekusiems bent 80 cm \u016bg\u012f! Ma\u017eyliui augant, pakelkite balnel\u012f ir [&hellip;]","og_url":"https:\/\/monti.lt\/en\/product\/balansinis-dviratukas\/","og_site_name":"Montessori \u017eaislai","article_modified_time":"2025-12-10T11:39:39+00:00","og_image":[{"width":1024,"height":1024,"url":"https:\/\/monti.lt\/wp-content\/uploads\/2024\/03\/Trike-Fix-Balance-cross-country-bicycle-black-and-blue-135606.jpg","type":"image\/jpeg"}],"twitter_card":"summary_large_image","twitter_misc":{"Est. reading time":"2 minutes"},"schema":{"@context":"https:\/\/schema.org","@graph":[{"@type":"WebPage","@id":"https:\/\/monti.lt\/product\/balansinis-dviratukas\/","url":"https:\/\/monti.lt\/product\/balansinis-dviratukas\/","name":"Balansinis dviratukas - Montessori \u017eaislai","isPartOf":{"@id":"https:\/\/monti.lt\/#website"},"primaryImageOfPage":{"@id":"https:\/\/monti.lt\/product\/balansinis-dviratukas\/#primaryimage"},"image":{"@id":"https:\/\/monti.lt\/product\/balansinis-dviratukas\/#primaryimage"},"thumbnailUrl":"https:\/\/monti.lt\/wp-content\/uploads\/2024\/03\/Trike-Fix-Balance-cross-country-bicycle-black-and-blue-135606.jpg","datePublished":"2024-03-04T14:17:46+00:00","dateModified":"2025-12-10T11:39:39+00:00","breadcrumb":{"@id":"https:\/\/monti.lt\/product\/balansinis-dviratukas\/#breadcrumb"},"inLanguage":"en-US","potentialAction":[{"@type":"ReadAction","target":["https:\/\/monti.lt\/product\/balansinis-dviratukas\/"]}]},{"@type":"ImageObject","inLanguage":"en-US","@id":"https:\/\/monti.lt\/product\/balansinis-dviratukas\/#primaryimage","url":"https:\/\/monti.lt\/wp-content\/uploads\/2024\/03\/Trike-Fix-Balance-cross-country-bicycle-black-and-blue-135606.jpg","contentUrl":"https:\/\/monti.lt\/wp-content\/uploads\/2024\/03\/Trike-Fix-Balance-cross-country-bicycle-black-and-blue-135606.jpg","width":1024,"height":1024,"caption":"balansinis dviratis"},{"@type":"BreadcrumbList","@id":"https:\/\/monti.lt\/product\/balansinis-dviratukas\/#breadcrumb","itemListElement":[{"@type":"ListItem","position":1,"name":"Home","item":"https:\/\/monti.lt\/"},{"@type":"ListItem","position":2,"name":"Parduotuv\u0117","item":"https:\/\/monti.lt\/shop\/"},{"@type":"ListItem","position":3,"name":"Balansinis dviratukas"}]},{"@type":"WebSite","@id":"https:\/\/monti.lt\/#website","url":"https:\/\/monti.lt\/","name":"Montessori \u017eaislai","description":"","publisher":{"@id":"https:\/\/monti.lt\/#organization"},"potentialAction":[{"@type":"SearchAction","target":{"@type":"EntryPoint","urlTemplate":"https:\/\/monti.lt\/?s={search_term_string}"},"query-input":"required name=search_term_string"}],"inLanguage":"en-US"},{"@type":"Organization","@id":"https:\/\/monti.lt\/#organization","name":"Montessori \u017eaislai","url":"https:\/\/monti.lt\/","logo":{"@type":"ImageObject","inLanguage":"en-US","@id":"https:\/\/monti.lt\/#\/schema\/logo\/image\/","url":"https:\/\/monti.lt\/wp-content\/uploads\/2022\/03\/montilogo-1.png","contentUrl":"https:\/\/monti.lt\/wp-content\/uploads\/2022\/03\/montilogo-1.png","width":512,"height":512,"caption":"Montessori \u017eaislai"},"image":{"@id":"https:\/\/monti.lt\/#\/schema\/logo\/image\/"}}]}},"_links":{"self":[{"href":"https:\/\/monti.lt\/en\/wp-json\/wp\/v2\/product\/22250"}],"collection":[{"href":"https:\/\/monti.lt\/en\/wp-json\/wp\/v2\/product"}],"about":[{"href":"https:\/\/monti.lt\/en\/wp-json\/wp\/v2\/types\/product"}],"version-history":[{"count":1,"href":"https:\/\/monti.lt\/en\/wp-json\/wp\/v2\/product\/22250\/revisions"}],"predecessor-version":[{"id":22259,"href":"https:\/\/monti.lt\/en\/wp-json\/wp\/v2\/product\/22250\/revisions\/22259"}],"wp:featuredmedia":[{"embeddable":true,"href":"https:\/\/monti.lt\/en\/wp-json\/wp\/v2\/media\/22251"}],"wp:attachment":[{"href":"https:\/\/monti.lt\/en\/wp-json\/wp\/v2\/media?parent=22250"}],"wp:term":[{"taxonomy":"product_cat","embeddable":true,"href":"https:\/\/monti.lt\/en\/wp-json\/wp\/v2\/product_cat?post=22250"},{"taxonomy":"product_tag","embeddable":true,"href":"https:\/\/monti.lt\/en\/wp-json\/wp\/v2\/product_tag?post=22250"}],"curies":[{"name":"wp","href":"https:\/\/api.w.org\/{rel}","templated":true}]}}