{"id":22361,"date":"2024-03-06T07:48:47","date_gmt":"2024-03-06T07:48:47","guid":{"rendered":"https:\/\/monti.lt\/?post_type=product&#038;p=22361"},"modified":"2026-03-20T09:04:44","modified_gmt":"2026-03-20T09:04:44","slug":"tooky-toy-abeceles-galvosukis","status":"publish","type":"product","link":"https:\/\/monti.lt\/en\/product\/tooky-toy-abeceles-galvosukis\/","title":{"rendered":"Tooky toy abec\u0117l\u0117s galvos\u016bkis"},"content":{"rendered":"<p><strong>Tooky Toy<\/strong>&nbsp;gyv\u016bn\u0173 paveiksl\u0117li\u0173 kortel\u0117s su deran\u010diais raid\u017ei\u0173 blokeliais&nbsp;yra puikus b\u016bdas pad\u0117ti vaikams atpa\u017einti ab\u0117c\u0117l\u0117s raides ir lavinti ankstyv\u0105 \u017eodyn\u0105.&nbsp;Kiekvienoje kortel\u0117je yra gyv\u016bno pie\u0161inys ir gyv\u016bno vardo kont\u016brai, kur vaikai turi i\u0161d\u0117styti tinkamas raides, kurios turi b\u016bti i\u0161d\u0117stytos kont\u016bre.&nbsp;Parduodamas su vaikams pritaikytu lankeliu, kad u\u017ebaigus visas korteles b\u016bt\u0173 galima laikyti kartu.<\/p>\n\n\n\n<p><strong>Charakteristika:<\/strong><\/p>\n\n\n\n<ul class=\"wp-block-list\">\n<li><strong>&#8211;<\/strong>&nbsp;nuo&nbsp;<strong>3 met\u0173,<\/strong><\/li>\n\n\n\n<li>&#8211; rinkinyje yra&nbsp;<strong>57 elementai<\/strong>&nbsp;: 26 raid\u0117s\/blokai, 30 korteli\u0173 ir \u017eiedas kortoms surinkti,<\/li>\n\n\n\n<li>&#8211; da\u017eyti netoksi\u0161kais da\u017eais,<\/li>\n\n\n\n<li>&#8211;&nbsp;<strong>\u0161velni\u0173 pudros spalv\u0173,<\/strong><\/li>\n\n\n\n<li><strong>&#8211;&nbsp;pagamintas i\u0161 auk\u0161\u010diausios kokyb\u0117s med\u017eiag\u0173.<\/strong><\/li>\n<\/ul>\n\n\n\n<p><strong>\u017daislas vysto:<\/strong><\/p>\n\n\n\n<ul class=\"wp-block-list\">\n<li><strong>&#8211;<\/strong>&nbsp;padeda mokytis raid\u017ei\u0173,<\/li>\n\n\n\n<li>&#8211; lavina rank\u0173 ir aki\u0173 koordinacij\u0105,<\/li>\n\n\n\n<li>&#8211; rankiniai \u012fg\u016bd\u017eiai.<\/li>\n<\/ul>\n\n\n\n<p><strong>Ekologiniai \u017eaislai<\/strong>&nbsp;skirti patiems ma\u017eiausiems vaikams ir yra pagaminti i\u0161 visi\u0161kai nat\u016brali\u0173, biologi\u0161kai skaid\u017ei\u0173 ir hipoalergini\u0173 med\u017eiag\u0173, tod\u0117l yra 100% saug\u016bs ir nekenksmingi ne tik aplinkai, bet ir J\u016bs\u0173 vaikui.<\/p>\n\n\n\n<p><strong>Tooky Toy<\/strong>&nbsp;\u2013 medinius \u017eaislus vaikams gaminanti \u012fmon\u0117, rinkoje esanti nuo 2004 m.&nbsp;Keli\u0173 met\u0173 patirtis pramon\u0117je yra auk\u0161tos kokyb\u0117s gamini\u0173, pagamint\u0173 atsi\u017evelgiant \u012f vaik\u0173 saugum\u0105, garantija.&nbsp;<strong>Tooky Toy<\/strong>&nbsp;\u017eaislai&nbsp;turi daugyb\u0119 sertifikat\u0173, patvirtinan\u010di\u0173 \u0161i\u0173 ekologi\u0161k\u0173 gamini\u0173 saugum\u0105.&nbsp;Gerai i\u0161lyginti, be atplai\u0161\u0173 ir a\u0161tri\u0173 briaun\u0173, \u017eaislai padengti tik saugiais, netoksi\u0161kais da\u017eais, da\u017eais ir lakais.&nbsp;D\u0117l viso to Tooky Toy \u017eaislus m\u0117gsta vaikai ir vertina t\u0117vai visame pasaulyje.<\/p>","protected":false},"excerpt":{"rendered":"<p>Tooky Toy&nbsp;gyv\u016bn\u0173 paveiksl\u0117li\u0173 kortel\u0117s su deran\u010diais raid\u017ei\u0173 blokeliais&nbsp;yra puikus b\u016bdas pad\u0117ti vaikams atpa\u017einti ab\u0117c\u0117l\u0117s raides ir lavinti ankstyv\u0105 \u017eodyn\u0105.&nbsp;Kiekvienoje kortel\u0117je yra gyv\u016bno pie\u0161inys ir gyv\u016bno vardo kont\u016brai, kur vaikai turi i\u0161d\u0117styti tinkamas raides, kurios turi b\u016bti i\u0161d\u0117stytos kont\u016bre.&nbsp;Parduodamas su vaikams pritaikytu lankeliu, kad u\u017ebaigus visas korteles b\u016bt\u0173 galima laikyti kartu. Charakteristika: \u017daislas vysto: Ekologiniai \u017eaislai&nbsp;skirti [&hellip;]<\/p>","protected":false},"featured_media":22362,"template":"","meta":{"_acf_changed":false,"iawp_total_views":171},"product_cat":[84,102,83,49,39,201],"product_tag":[96,97,98,99],"class_list":{"0":"post-22361","1":"product","2":"type-product","3":"status-publish","4":"has-post-thumbnail","6":"product_cat-lavinamieji-zaislai","7":"product_cat-mediniai-zaislai","8":"product_cat-montessori-zaislai","9":"product_cat-visi-zaislai","10":"product_cat-zaislai","11":"product_cat-zaislai-kelioneje","12":"product_tag-2-m-3-m","13":"product_tag-3-m-4-m","14":"product_tag-5-m-7-m","15":"product_tag-8-m-11-m","17":"first","18":"instock","19":"taxable","20":"shipping-taxable","21":"purchasable","22":"product-type-simple"},"acf":[],"yoast_head":"<!-- This site is optimized with the Yoast SEO plugin v23.3 - https:\/\/yoast.com\/wordpress\/plugins\/seo\/ -->\n<title>Tooky toy abec\u0117l\u0117s galvos\u016bkis - Montessori \u017eaislai<\/title>\n<meta name=\"robots\" content=\"index, follow, max-snippet:-1, max-image-preview:large, max-video-preview:-1\" \/>\n<link rel=\"canonical\" href=\"https:\/\/monti.lt\/en\/product\/tooky-toy-abeceles-galvosukis\/\" \/>\n<meta property=\"og:locale\" content=\"en_US\" \/>\n<meta property=\"og:type\" content=\"article\" \/>\n<meta property=\"og:title\" content=\"Tooky toy abec\u0117l\u0117s galvos\u016bkis - Montessori \u017eaislai\" \/>\n<meta property=\"og:description\" content=\"Tooky Toy&nbsp;gyv\u016bn\u0173 paveiksl\u0117li\u0173 kortel\u0117s su deran\u010diais raid\u017ei\u0173 blokeliais&nbsp;yra puikus b\u016bdas pad\u0117ti vaikams atpa\u017einti ab\u0117c\u0117l\u0117s raides ir lavinti ankstyv\u0105 \u017eodyn\u0105.&nbsp;Kiekvienoje kortel\u0117je yra gyv\u016bno pie\u0161inys ir gyv\u016bno vardo kont\u016brai, kur vaikai turi i\u0161d\u0117styti tinkamas raides, kurios turi b\u016bti i\u0161d\u0117stytos kont\u016bre.&nbsp;Parduodamas su vaikams pritaikytu lankeliu, kad u\u017ebaigus visas korteles b\u016bt\u0173 galima laikyti kartu. Charakteristika: \u017daislas vysto: Ekologiniai \u017eaislai&nbsp;skirti [&hellip;]\" \/>\n<meta property=\"og:url\" content=\"https:\/\/monti.lt\/en\/product\/tooky-toy-abeceles-galvosukis\/\" \/>\n<meta property=\"og:site_name\" content=\"Montessori \u017eaislai\" \/>\n<meta property=\"article:modified_time\" content=\"2026-03-20T09:04:44+00:00\" \/>\n<meta property=\"og:image\" content=\"https:\/\/monti.lt\/wp-content\/uploads\/2024\/03\/tooky-toy-puzzle-alfabet-montessori-nauka-literek-slow-zwierzatka-57-el.jpg\" \/>\n\t<meta property=\"og:image:width\" content=\"800\" \/>\n\t<meta property=\"og:image:height\" content=\"800\" \/>\n\t<meta property=\"og:image:type\" content=\"image\/jpeg\" \/>\n<meta name=\"twitter:card\" content=\"summary_large_image\" \/>\n<meta name=\"twitter:label1\" content=\"Est. reading time\" \/>\n\t<meta name=\"twitter:data1\" content=\"2 minutes\" \/>\n<script type=\"application\/ld+json\" class=\"yoast-schema-graph\">{\"@context\":\"https:\/\/schema.org\",\"@graph\":[{\"@type\":\"WebPage\",\"@id\":\"https:\/\/monti.lt\/product\/tooky-toy-abeceles-galvosukis\/\",\"url\":\"https:\/\/monti.lt\/product\/tooky-toy-abeceles-galvosukis\/\",\"name\":\"Tooky toy abec\u0117l\u0117s galvos\u016bkis - Montessori \u017eaislai\",\"isPartOf\":{\"@id\":\"https:\/\/monti.lt\/#website\"},\"primaryImageOfPage\":{\"@id\":\"https:\/\/monti.lt\/product\/tooky-toy-abeceles-galvosukis\/#primaryimage\"},\"image\":{\"@id\":\"https:\/\/monti.lt\/product\/tooky-toy-abeceles-galvosukis\/#primaryimage\"},\"thumbnailUrl\":\"https:\/\/monti.lt\/wp-content\/uploads\/2024\/03\/tooky-toy-puzzle-alfabet-montessori-nauka-literek-slow-zwierzatka-57-el.jpg\",\"datePublished\":\"2024-03-06T07:48:47+00:00\",\"dateModified\":\"2026-03-20T09:04:44+00:00\",\"breadcrumb\":{\"@id\":\"https:\/\/monti.lt\/product\/tooky-toy-abeceles-galvosukis\/#breadcrumb\"},\"inLanguage\":\"en-US\",\"potentialAction\":[{\"@type\":\"ReadAction\",\"target\":[\"https:\/\/monti.lt\/product\/tooky-toy-abeceles-galvosukis\/\"]}]},{\"@type\":\"ImageObject\",\"inLanguage\":\"en-US\",\"@id\":\"https:\/\/monti.lt\/product\/tooky-toy-abeceles-galvosukis\/#primaryimage\",\"url\":\"https:\/\/monti.lt\/wp-content\/uploads\/2024\/03\/tooky-toy-puzzle-alfabet-montessori-nauka-literek-slow-zwierzatka-57-el.jpg\",\"contentUrl\":\"https:\/\/monti.lt\/wp-content\/uploads\/2024\/03\/tooky-toy-puzzle-alfabet-montessori-nauka-literek-slow-zwierzatka-57-el.jpg\",\"width\":800,\"height\":800,\"caption\":\"montessori raides\"},{\"@type\":\"BreadcrumbList\",\"@id\":\"https:\/\/monti.lt\/product\/tooky-toy-abeceles-galvosukis\/#breadcrumb\",\"itemListElement\":[{\"@type\":\"ListItem\",\"position\":1,\"name\":\"Home\",\"item\":\"https:\/\/monti.lt\/\"},{\"@type\":\"ListItem\",\"position\":2,\"name\":\"Parduotuv\u0117\",\"item\":\"https:\/\/monti.lt\/shop\/\"},{\"@type\":\"ListItem\",\"position\":3,\"name\":\"Tooky toy abec\u0117l\u0117s galvos\u016bkis\"}]},{\"@type\":\"WebSite\",\"@id\":\"https:\/\/monti.lt\/#website\",\"url\":\"https:\/\/monti.lt\/\",\"name\":\"Montessori \u017eaislai\",\"description\":\"\",\"publisher\":{\"@id\":\"https:\/\/monti.lt\/#organization\"},\"potentialAction\":[{\"@type\":\"SearchAction\",\"target\":{\"@type\":\"EntryPoint\",\"urlTemplate\":\"https:\/\/monti.lt\/?s={search_term_string}\"},\"query-input\":\"required name=search_term_string\"}],\"inLanguage\":\"en-US\"},{\"@type\":\"Organization\",\"@id\":\"https:\/\/monti.lt\/#organization\",\"name\":\"Montessori \u017eaislai\",\"url\":\"https:\/\/monti.lt\/\",\"logo\":{\"@type\":\"ImageObject\",\"inLanguage\":\"en-US\",\"@id\":\"https:\/\/monti.lt\/#\/schema\/logo\/image\/\",\"url\":\"https:\/\/monti.lt\/wp-content\/uploads\/2022\/03\/montilogo-1.png\",\"contentUrl\":\"https:\/\/monti.lt\/wp-content\/uploads\/2022\/03\/montilogo-1.png\",\"width\":512,\"height\":512,\"caption\":\"Montessori \u017eaislai\"},\"image\":{\"@id\":\"https:\/\/monti.lt\/#\/schema\/logo\/image\/\"}}]}<\/script>\n<!-- \/ Yoast SEO plugin. -->","yoast_head_json":{"title":"Tooky toy abec\u0117l\u0117s galvos\u016bkis - Montessori \u017eaislai","robots":{"index":"index","follow":"follow","max-snippet":"max-snippet:-1","max-image-preview":"max-image-preview:large","max-video-preview":"max-video-preview:-1"},"canonical":"https:\/\/monti.lt\/en\/product\/tooky-toy-abeceles-galvosukis\/","og_locale":"en_US","og_type":"article","og_title":"Tooky toy abec\u0117l\u0117s galvos\u016bkis - Montessori \u017eaislai","og_description":"Tooky Toy&nbsp;gyv\u016bn\u0173 paveiksl\u0117li\u0173 kortel\u0117s su deran\u010diais raid\u017ei\u0173 blokeliais&nbsp;yra puikus b\u016bdas pad\u0117ti vaikams atpa\u017einti ab\u0117c\u0117l\u0117s raides ir lavinti ankstyv\u0105 \u017eodyn\u0105.&nbsp;Kiekvienoje kortel\u0117je yra gyv\u016bno pie\u0161inys ir gyv\u016bno vardo kont\u016brai, kur vaikai turi i\u0161d\u0117styti tinkamas raides, kurios turi b\u016bti i\u0161d\u0117stytos kont\u016bre.&nbsp;Parduodamas su vaikams pritaikytu lankeliu, kad u\u017ebaigus visas korteles b\u016bt\u0173 galima laikyti kartu. Charakteristika: \u017daislas vysto: Ekologiniai \u017eaislai&nbsp;skirti [&hellip;]","og_url":"https:\/\/monti.lt\/en\/product\/tooky-toy-abeceles-galvosukis\/","og_site_name":"Montessori \u017eaislai","article_modified_time":"2026-03-20T09:04:44+00:00","og_image":[{"width":800,"height":800,"url":"https:\/\/monti.lt\/wp-content\/uploads\/2024\/03\/tooky-toy-puzzle-alfabet-montessori-nauka-literek-slow-zwierzatka-57-el.jpg","type":"image\/jpeg"}],"twitter_card":"summary_large_image","twitter_misc":{"Est. reading time":"2 minutes"},"schema":{"@context":"https:\/\/schema.org","@graph":[{"@type":"WebPage","@id":"https:\/\/monti.lt\/product\/tooky-toy-abeceles-galvosukis\/","url":"https:\/\/monti.lt\/product\/tooky-toy-abeceles-galvosukis\/","name":"Tooky toy abec\u0117l\u0117s galvos\u016bkis - Montessori \u017eaislai","isPartOf":{"@id":"https:\/\/monti.lt\/#website"},"primaryImageOfPage":{"@id":"https:\/\/monti.lt\/product\/tooky-toy-abeceles-galvosukis\/#primaryimage"},"image":{"@id":"https:\/\/monti.lt\/product\/tooky-toy-abeceles-galvosukis\/#primaryimage"},"thumbnailUrl":"https:\/\/monti.lt\/wp-content\/uploads\/2024\/03\/tooky-toy-puzzle-alfabet-montessori-nauka-literek-slow-zwierzatka-57-el.jpg","datePublished":"2024-03-06T07:48:47+00:00","dateModified":"2026-03-20T09:04:44+00:00","breadcrumb":{"@id":"https:\/\/monti.lt\/product\/tooky-toy-abeceles-galvosukis\/#breadcrumb"},"inLanguage":"en-US","potentialAction":[{"@type":"ReadAction","target":["https:\/\/monti.lt\/product\/tooky-toy-abeceles-galvosukis\/"]}]},{"@type":"ImageObject","inLanguage":"en-US","@id":"https:\/\/monti.lt\/product\/tooky-toy-abeceles-galvosukis\/#primaryimage","url":"https:\/\/monti.lt\/wp-content\/uploads\/2024\/03\/tooky-toy-puzzle-alfabet-montessori-nauka-literek-slow-zwierzatka-57-el.jpg","contentUrl":"https:\/\/monti.lt\/wp-content\/uploads\/2024\/03\/tooky-toy-puzzle-alfabet-montessori-nauka-literek-slow-zwierzatka-57-el.jpg","width":800,"height":800,"caption":"montessori raides"},{"@type":"BreadcrumbList","@id":"https:\/\/monti.lt\/product\/tooky-toy-abeceles-galvosukis\/#breadcrumb","itemListElement":[{"@type":"ListItem","position":1,"name":"Home","item":"https:\/\/monti.lt\/"},{"@type":"ListItem","position":2,"name":"Parduotuv\u0117","item":"https:\/\/monti.lt\/shop\/"},{"@type":"ListItem","position":3,"name":"Tooky toy abec\u0117l\u0117s galvos\u016bkis"}]},{"@type":"WebSite","@id":"https:\/\/monti.lt\/#website","url":"https:\/\/monti.lt\/","name":"Montessori \u017eaislai","description":"","publisher":{"@id":"https:\/\/monti.lt\/#organization"},"potentialAction":[{"@type":"SearchAction","target":{"@type":"EntryPoint","urlTemplate":"https:\/\/monti.lt\/?s={search_term_string}"},"query-input":"required name=search_term_string"}],"inLanguage":"en-US"},{"@type":"Organization","@id":"https:\/\/monti.lt\/#organization","name":"Montessori \u017eaislai","url":"https:\/\/monti.lt\/","logo":{"@type":"ImageObject","inLanguage":"en-US","@id":"https:\/\/monti.lt\/#\/schema\/logo\/image\/","url":"https:\/\/monti.lt\/wp-content\/uploads\/2022\/03\/montilogo-1.png","contentUrl":"https:\/\/monti.lt\/wp-content\/uploads\/2022\/03\/montilogo-1.png","width":512,"height":512,"caption":"Montessori \u017eaislai"},"image":{"@id":"https:\/\/monti.lt\/#\/schema\/logo\/image\/"}}]}},"_links":{"self":[{"href":"https:\/\/monti.lt\/en\/wp-json\/wp\/v2\/product\/22361"}],"collection":[{"href":"https:\/\/monti.lt\/en\/wp-json\/wp\/v2\/product"}],"about":[{"href":"https:\/\/monti.lt\/en\/wp-json\/wp\/v2\/types\/product"}],"version-history":[{"count":1,"href":"https:\/\/monti.lt\/en\/wp-json\/wp\/v2\/product\/22361\/revisions"}],"predecessor-version":[{"id":22368,"href":"https:\/\/monti.lt\/en\/wp-json\/wp\/v2\/product\/22361\/revisions\/22368"}],"wp:featuredmedia":[{"embeddable":true,"href":"https:\/\/monti.lt\/en\/wp-json\/wp\/v2\/media\/22362"}],"wp:attachment":[{"href":"https:\/\/monti.lt\/en\/wp-json\/wp\/v2\/media?parent=22361"}],"wp:term":[{"taxonomy":"product_cat","embeddable":true,"href":"https:\/\/monti.lt\/en\/wp-json\/wp\/v2\/product_cat?post=22361"},{"taxonomy":"product_tag","embeddable":true,"href":"https:\/\/monti.lt\/en\/wp-json\/wp\/v2\/product_tag?post=22361"}],"curies":[{"name":"wp","href":"https:\/\/api.w.org\/{rel}","templated":true}]}}