{"id":22586,"date":"2024-03-14T14:31:07","date_gmt":"2024-03-14T14:31:07","guid":{"rendered":"https:\/\/monti.lt\/?post_type=product&#038;p=22586"},"modified":"2026-04-18T12:52:31","modified_gmt":"2026-04-18T12:52:31","slug":"mokomoji-lenta-su-magnetiniu-zemelapiu","status":"publish","type":"product","link":"https:\/\/monti.lt\/en\/product\/mokomoji-lenta-su-magnetiniu-zemelapiu\/","title":{"rendered":"Mokomoji lenta su magnetiniu \u017eem\u0117lapiu"},"content":{"rendered":"<p>&#8221;&nbsp;<strong>Viga&#8221; mokomoji lenta &#8220;2 viename&#8221;<\/strong>&nbsp;su magnetiniu pasaulio \u017eem\u0117lapiu, kuri taip pat yra ir&nbsp;<strong>pie\u0161imo<\/strong>&nbsp;lenta, yra idealus \u017eaislas jauniesiems tyrin\u0117tojams, besidomintiems pasauliu! Gra\u017eiai pagamintoje lentoje su&nbsp;<strong>magnetiniais elementais<\/strong>edukacin\u0117 vert\u0117 derinama su pramoga. D\u0117kite medinius elementus &#8211; \u017eemynus, laivus, l\u0117ktuvus, raketas ir vandenyn\u0173 dugne gyvenan\u010dius gyv\u016bnus. \u017dem\u0117lapis, apra\u0161ytas angl\u0173 kalba, puikiai pad\u0117s&nbsp;<strong>mokytis angl\u0173 kalbos.<\/strong><\/p>\n\n\n\n<p><strong>Savyb\u0117s:<\/strong><\/p>\n\n\n\n<ul class=\"wp-block-list\">\n<li>&#8211; pie\u0161imo lenta,<\/li>\n\n\n\n<li>&#8211; magnetiniai elementai,<\/li>\n\n\n\n<li>&#8211; \u017eem\u0117lapis angl\u0173 kalba,<\/li>\n\n\n\n<li>&#8211; yra 106 elementai,<\/li>\n\n\n\n<li>&#8211; turi ranken\u0117l\u0119, skirt\u0105 kabinti ant sienos.<\/li>\n<\/ul>\n\n\n\n<p>\u017daislas tobul\u0117ja:<\/p>\n\n\n\n<ul class=\"wp-block-list\">\n<li>&#8211; akies ir rankos koordinacij\u0105,<\/li>\n\n\n\n<li>&#8211; vaizduot\u0119,<\/li>\n\n\n\n<li>&#8211; vikrum\u0105,<\/li>\n\n\n\n<li>&#8211; k\u016brybi\u0161kum\u0105.<\/li>\n<\/ul>","protected":false},"excerpt":{"rendered":"<p>&#8221;&nbsp;Viga&#8221; mokomoji lenta &#8220;2 viename&#8221;&nbsp;su magnetiniu pasaulio \u017eem\u0117lapiu, kuri taip pat yra ir&nbsp;pie\u0161imo&nbsp;lenta, yra idealus \u017eaislas jauniesiems tyrin\u0117tojams, besidomintiems pasauliu! Gra\u017eiai pagamintoje lentoje su&nbsp;magnetiniais elementaisedukacin\u0117 vert\u0117 derinama su pramoga. D\u0117kite medinius elementus &#8211; \u017eemynus, laivus, l\u0117ktuvus, raketas ir vandenyn\u0173 dugne gyvenan\u010dius gyv\u016bnus. \u017dem\u0117lapis, apra\u0161ytas angl\u0173 kalba, puikiai pad\u0117s&nbsp;mokytis angl\u0173 kalbos. Savyb\u0117s: \u017daislas tobul\u0117ja:<\/p>","protected":false},"featured_media":22587,"template":"","meta":{"_acf_changed":false,"iawp_total_views":581},"product_cat":[213,194,195,216,217,191,82,192,84,102,89,83,90,199,245,49,39],"product_tag":[96,97,98],"class_list":{"0":"post-22586","1":"product","2":"type-product","3":"status-publish","4":"has-post-thumbnail","6":"product_cat-akcija","7":"product_cat-dovanos-vaikams-2-3-metu","8":"product_cat-dovanos-vaikams-3-4-metu","9":"product_cat-dovanos-4-5-metu-vaikams","10":"product_cat-dovanos-5-7-metu-vaikams","11":"product_cat-dovanos-vaikams","12":"product_cat-ispardavimas","13":"product_cat-kaledines-dovanos-vaikams","14":"product_cat-lavinamieji-zaislai","15":"product_cat-mediniai-zaislai","16":"product_cat-mokausi-piesti","17":"product_cat-montessori-zaislai","18":"product_cat-pasaulio-pazinimas","19":"product_cat-ugdymo-istaigoms","20":"product_cat-viga","21":"product_cat-visi-zaislai","22":"product_cat-zaislai","23":"product_tag-2-m-3-m","24":"product_tag-3-m-4-m","25":"product_tag-5-m-7-m","27":"first","28":"outofstock","29":"sale","30":"taxable","31":"shipping-taxable","32":"purchasable","33":"product-type-simple"},"acf":[],"yoast_head":"<!-- This site is optimized with the Yoast SEO plugin v23.3 - https:\/\/yoast.com\/wordpress\/plugins\/seo\/ -->\n<title>Mokomoji lenta su magnetiniu \u017eem\u0117lapiu - Montessori \u017eaislai<\/title>\n<meta name=\"robots\" content=\"index, follow, max-snippet:-1, max-image-preview:large, max-video-preview:-1\" \/>\n<link rel=\"canonical\" href=\"https:\/\/monti.lt\/en\/product\/mokomoji-lenta-su-magnetiniu-zemelapiu\/\" \/>\n<meta property=\"og:locale\" content=\"en_US\" \/>\n<meta property=\"og:type\" content=\"article\" \/>\n<meta property=\"og:title\" content=\"Mokomoji lenta su magnetiniu \u017eem\u0117lapiu - Montessori \u017eaislai\" \/>\n<meta property=\"og:description\" content=\"&#8221;&nbsp;Viga&#8221; mokomoji lenta &#8220;2 viename&#8221;&nbsp;su magnetiniu pasaulio \u017eem\u0117lapiu, kuri taip pat yra ir&nbsp;pie\u0161imo&nbsp;lenta, yra idealus \u017eaislas jauniesiems tyrin\u0117tojams, besidomintiems pasauliu! Gra\u017eiai pagamintoje lentoje su&nbsp;magnetiniais elementaisedukacin\u0117 vert\u0117 derinama su pramoga. D\u0117kite medinius elementus &#8211; \u017eemynus, laivus, l\u0117ktuvus, raketas ir vandenyn\u0173 dugne gyvenan\u010dius gyv\u016bnus. \u017dem\u0117lapis, apra\u0161ytas angl\u0173 kalba, puikiai pad\u0117s&nbsp;mokytis angl\u0173 kalbos. Savyb\u0117s: \u017daislas tobul\u0117ja:\" \/>\n<meta property=\"og:url\" content=\"https:\/\/monti.lt\/en\/product\/mokomoji-lenta-su-magnetiniu-zemelapiu\/\" \/>\n<meta property=\"og:site_name\" content=\"Montessori \u017eaislai\" \/>\n<meta property=\"article:modified_time\" content=\"2026-04-18T12:52:31+00:00\" \/>\n<meta property=\"og:image\" content=\"https:\/\/monti.lt\/wp-content\/uploads\/2024\/03\/viga-2w1-tablica-edukacyjna-z-magnetyczna-mapa-swiata-montessori.jpg\" \/>\n\t<meta property=\"og:image:width\" content=\"800\" \/>\n\t<meta property=\"og:image:height\" content=\"800\" \/>\n\t<meta property=\"og:image:type\" content=\"image\/jpeg\" \/>\n<meta name=\"twitter:card\" content=\"summary_large_image\" \/>\n<meta name=\"twitter:label1\" content=\"Est. reading time\" \/>\n\t<meta name=\"twitter:data1\" content=\"1 minute\" \/>\n<script type=\"application\/ld+json\" class=\"yoast-schema-graph\">{\"@context\":\"https:\/\/schema.org\",\"@graph\":[{\"@type\":\"WebPage\",\"@id\":\"https:\/\/monti.lt\/product\/mokomoji-lenta-su-magnetiniu-zemelapiu\/\",\"url\":\"https:\/\/monti.lt\/product\/mokomoji-lenta-su-magnetiniu-zemelapiu\/\",\"name\":\"Mokomoji lenta su magnetiniu \u017eem\u0117lapiu - Montessori \u017eaislai\",\"isPartOf\":{\"@id\":\"https:\/\/monti.lt\/#website\"},\"primaryImageOfPage\":{\"@id\":\"https:\/\/monti.lt\/product\/mokomoji-lenta-su-magnetiniu-zemelapiu\/#primaryimage\"},\"image\":{\"@id\":\"https:\/\/monti.lt\/product\/mokomoji-lenta-su-magnetiniu-zemelapiu\/#primaryimage\"},\"thumbnailUrl\":\"https:\/\/monti.lt\/wp-content\/uploads\/2024\/03\/viga-2w1-tablica-edukacyjna-z-magnetyczna-mapa-swiata-montessori.jpg\",\"datePublished\":\"2024-03-14T14:31:07+00:00\",\"dateModified\":\"2026-04-18T12:52:31+00:00\",\"breadcrumb\":{\"@id\":\"https:\/\/monti.lt\/product\/mokomoji-lenta-su-magnetiniu-zemelapiu\/#breadcrumb\"},\"inLanguage\":\"en-US\",\"potentialAction\":[{\"@type\":\"ReadAction\",\"target\":[\"https:\/\/monti.lt\/product\/mokomoji-lenta-su-magnetiniu-zemelapiu\/\"]}]},{\"@type\":\"ImageObject\",\"inLanguage\":\"en-US\",\"@id\":\"https:\/\/monti.lt\/product\/mokomoji-lenta-su-magnetiniu-zemelapiu\/#primaryimage\",\"url\":\"https:\/\/monti.lt\/wp-content\/uploads\/2024\/03\/viga-2w1-tablica-edukacyjna-z-magnetyczna-mapa-swiata-montessori.jpg\",\"contentUrl\":\"https:\/\/monti.lt\/wp-content\/uploads\/2024\/03\/viga-2w1-tablica-edukacyjna-z-magnetyczna-mapa-swiata-montessori.jpg\",\"width\":800,\"height\":800},{\"@type\":\"BreadcrumbList\",\"@id\":\"https:\/\/monti.lt\/product\/mokomoji-lenta-su-magnetiniu-zemelapiu\/#breadcrumb\",\"itemListElement\":[{\"@type\":\"ListItem\",\"position\":1,\"name\":\"Home\",\"item\":\"https:\/\/monti.lt\/\"},{\"@type\":\"ListItem\",\"position\":2,\"name\":\"Parduotuv\u0117\",\"item\":\"https:\/\/monti.lt\/shop\/\"},{\"@type\":\"ListItem\",\"position\":3,\"name\":\"Mokomoji lenta su magnetiniu \u017eem\u0117lapiu\"}]},{\"@type\":\"WebSite\",\"@id\":\"https:\/\/monti.lt\/#website\",\"url\":\"https:\/\/monti.lt\/\",\"name\":\"Montessori \u017eaislai\",\"description\":\"\",\"publisher\":{\"@id\":\"https:\/\/monti.lt\/#organization\"},\"potentialAction\":[{\"@type\":\"SearchAction\",\"target\":{\"@type\":\"EntryPoint\",\"urlTemplate\":\"https:\/\/monti.lt\/?s={search_term_string}\"},\"query-input\":\"required name=search_term_string\"}],\"inLanguage\":\"en-US\"},{\"@type\":\"Organization\",\"@id\":\"https:\/\/monti.lt\/#organization\",\"name\":\"Montessori \u017eaislai\",\"url\":\"https:\/\/monti.lt\/\",\"logo\":{\"@type\":\"ImageObject\",\"inLanguage\":\"en-US\",\"@id\":\"https:\/\/monti.lt\/#\/schema\/logo\/image\/\",\"url\":\"https:\/\/monti.lt\/wp-content\/uploads\/2022\/03\/montilogo-1.png\",\"contentUrl\":\"https:\/\/monti.lt\/wp-content\/uploads\/2022\/03\/montilogo-1.png\",\"width\":512,\"height\":512,\"caption\":\"Montessori \u017eaislai\"},\"image\":{\"@id\":\"https:\/\/monti.lt\/#\/schema\/logo\/image\/\"}}]}<\/script>\n<!-- \/ Yoast SEO plugin. -->","yoast_head_json":{"title":"Mokomoji lenta su magnetiniu \u017eem\u0117lapiu - Montessori \u017eaislai","robots":{"index":"index","follow":"follow","max-snippet":"max-snippet:-1","max-image-preview":"max-image-preview:large","max-video-preview":"max-video-preview:-1"},"canonical":"https:\/\/monti.lt\/en\/product\/mokomoji-lenta-su-magnetiniu-zemelapiu\/","og_locale":"en_US","og_type":"article","og_title":"Mokomoji lenta su magnetiniu \u017eem\u0117lapiu - Montessori \u017eaislai","og_description":"&#8221;&nbsp;Viga&#8221; mokomoji lenta &#8220;2 viename&#8221;&nbsp;su magnetiniu pasaulio \u017eem\u0117lapiu, kuri taip pat yra ir&nbsp;pie\u0161imo&nbsp;lenta, yra idealus \u017eaislas jauniesiems tyrin\u0117tojams, besidomintiems pasauliu! Gra\u017eiai pagamintoje lentoje su&nbsp;magnetiniais elementaisedukacin\u0117 vert\u0117 derinama su pramoga. D\u0117kite medinius elementus &#8211; \u017eemynus, laivus, l\u0117ktuvus, raketas ir vandenyn\u0173 dugne gyvenan\u010dius gyv\u016bnus. \u017dem\u0117lapis, apra\u0161ytas angl\u0173 kalba, puikiai pad\u0117s&nbsp;mokytis angl\u0173 kalbos. Savyb\u0117s: \u017daislas tobul\u0117ja:","og_url":"https:\/\/monti.lt\/en\/product\/mokomoji-lenta-su-magnetiniu-zemelapiu\/","og_site_name":"Montessori \u017eaislai","article_modified_time":"2026-04-18T12:52:31+00:00","og_image":[{"width":800,"height":800,"url":"https:\/\/monti.lt\/wp-content\/uploads\/2024\/03\/viga-2w1-tablica-edukacyjna-z-magnetyczna-mapa-swiata-montessori.jpg","type":"image\/jpeg"}],"twitter_card":"summary_large_image","twitter_misc":{"Est. reading time":"1 minute"},"schema":{"@context":"https:\/\/schema.org","@graph":[{"@type":"WebPage","@id":"https:\/\/monti.lt\/product\/mokomoji-lenta-su-magnetiniu-zemelapiu\/","url":"https:\/\/monti.lt\/product\/mokomoji-lenta-su-magnetiniu-zemelapiu\/","name":"Mokomoji lenta su magnetiniu \u017eem\u0117lapiu - Montessori \u017eaislai","isPartOf":{"@id":"https:\/\/monti.lt\/#website"},"primaryImageOfPage":{"@id":"https:\/\/monti.lt\/product\/mokomoji-lenta-su-magnetiniu-zemelapiu\/#primaryimage"},"image":{"@id":"https:\/\/monti.lt\/product\/mokomoji-lenta-su-magnetiniu-zemelapiu\/#primaryimage"},"thumbnailUrl":"https:\/\/monti.lt\/wp-content\/uploads\/2024\/03\/viga-2w1-tablica-edukacyjna-z-magnetyczna-mapa-swiata-montessori.jpg","datePublished":"2024-03-14T14:31:07+00:00","dateModified":"2026-04-18T12:52:31+00:00","breadcrumb":{"@id":"https:\/\/monti.lt\/product\/mokomoji-lenta-su-magnetiniu-zemelapiu\/#breadcrumb"},"inLanguage":"en-US","potentialAction":[{"@type":"ReadAction","target":["https:\/\/monti.lt\/product\/mokomoji-lenta-su-magnetiniu-zemelapiu\/"]}]},{"@type":"ImageObject","inLanguage":"en-US","@id":"https:\/\/monti.lt\/product\/mokomoji-lenta-su-magnetiniu-zemelapiu\/#primaryimage","url":"https:\/\/monti.lt\/wp-content\/uploads\/2024\/03\/viga-2w1-tablica-edukacyjna-z-magnetyczna-mapa-swiata-montessori.jpg","contentUrl":"https:\/\/monti.lt\/wp-content\/uploads\/2024\/03\/viga-2w1-tablica-edukacyjna-z-magnetyczna-mapa-swiata-montessori.jpg","width":800,"height":800},{"@type":"BreadcrumbList","@id":"https:\/\/monti.lt\/product\/mokomoji-lenta-su-magnetiniu-zemelapiu\/#breadcrumb","itemListElement":[{"@type":"ListItem","position":1,"name":"Home","item":"https:\/\/monti.lt\/"},{"@type":"ListItem","position":2,"name":"Parduotuv\u0117","item":"https:\/\/monti.lt\/shop\/"},{"@type":"ListItem","position":3,"name":"Mokomoji lenta su magnetiniu \u017eem\u0117lapiu"}]},{"@type":"WebSite","@id":"https:\/\/monti.lt\/#website","url":"https:\/\/monti.lt\/","name":"Montessori \u017eaislai","description":"","publisher":{"@id":"https:\/\/monti.lt\/#organization"},"potentialAction":[{"@type":"SearchAction","target":{"@type":"EntryPoint","urlTemplate":"https:\/\/monti.lt\/?s={search_term_string}"},"query-input":"required name=search_term_string"}],"inLanguage":"en-US"},{"@type":"Organization","@id":"https:\/\/monti.lt\/#organization","name":"Montessori \u017eaislai","url":"https:\/\/monti.lt\/","logo":{"@type":"ImageObject","inLanguage":"en-US","@id":"https:\/\/monti.lt\/#\/schema\/logo\/image\/","url":"https:\/\/monti.lt\/wp-content\/uploads\/2022\/03\/montilogo-1.png","contentUrl":"https:\/\/monti.lt\/wp-content\/uploads\/2022\/03\/montilogo-1.png","width":512,"height":512,"caption":"Montessori \u017eaislai"},"image":{"@id":"https:\/\/monti.lt\/#\/schema\/logo\/image\/"}}]}},"_links":{"self":[{"href":"https:\/\/monti.lt\/en\/wp-json\/wp\/v2\/product\/22586"}],"collection":[{"href":"https:\/\/monti.lt\/en\/wp-json\/wp\/v2\/product"}],"about":[{"href":"https:\/\/monti.lt\/en\/wp-json\/wp\/v2\/types\/product"}],"version-history":[{"count":1,"href":"https:\/\/monti.lt\/en\/wp-json\/wp\/v2\/product\/22586\/revisions"}],"predecessor-version":[{"id":22595,"href":"https:\/\/monti.lt\/en\/wp-json\/wp\/v2\/product\/22586\/revisions\/22595"}],"wp:featuredmedia":[{"embeddable":true,"href":"https:\/\/monti.lt\/en\/wp-json\/wp\/v2\/media\/22587"}],"wp:attachment":[{"href":"https:\/\/monti.lt\/en\/wp-json\/wp\/v2\/media?parent=22586"}],"wp:term":[{"taxonomy":"product_cat","embeddable":true,"href":"https:\/\/monti.lt\/en\/wp-json\/wp\/v2\/product_cat?post=22586"},{"taxonomy":"product_tag","embeddable":true,"href":"https:\/\/monti.lt\/en\/wp-json\/wp\/v2\/product_tag?post=22586"}],"curies":[{"name":"wp","href":"https:\/\/api.w.org\/{rel}","templated":true}]}}