{"id":22982,"date":"2024-04-02T13:34:43","date_gmt":"2024-04-02T13:34:43","guid":{"rendered":"https:\/\/monti.lt\/?post_type=product&#038;p=22982"},"modified":"2025-12-01T13:18:48","modified_gmt":"2025-12-01T13:18:48","slug":"medinis-montessori-stiliaus-labirintas","status":"publish","type":"product","link":"https:\/\/monti.lt\/en\/product\/medinis-montessori-stiliaus-labirintas\/","title":{"rendered":"Medinis Montessori stiliaus labirintas"},"content":{"rendered":"<h1 class=\"wp-block-heading\"><strong>\u2b50MEDINIS MAGNETINIS LABIRINTAS MONTESSORI SPALVOS<\/strong><\/h1>\n\n\n\n<p><strong>\u012etraukite savo vaik\u0105 \u012f \u012fdom\u0173 \u017eaidim\u0105 su Montessori magnetiniu mediniu labirintu.<\/strong>&nbsp;\u0160is spalvingas&nbsp;<strong>magnetinis ir interaktyvus rinkinys skatina login\u012f m\u0105stym\u0105 ir motorin\u0117s koordinacijos vystym\u0105si.<\/strong>&nbsp;\u0160is unikalaus dizaino ir tvirtos konstrukcijos labirintas yra puiki mokymosi ir \u017eaidim\u0173 priemon\u0117 ma\u017eiesiems.<\/p>\n\n\n\n<h2 class=\"wp-block-heading\"><strong>\u2705PRODUKTO PARAMETRAI:<\/strong><\/h2>\n\n\n\n<p>&#8211; Med\u017eiaga: mediena<\/p>\n\n\n\n<p>&#8211; Spalva: spalvota<\/p>\n\n\n\n<p>&#8211; Matmenys: 39 x 29 cm<\/p>\n\n\n\n<p>&#8211; Am\u017eius: 3+<\/p>\n\n\n\n<p>&#8211; Pakuot\u0117s turinys: Montessori magnetinis labirintas, spalvoti rutuliukai, rausvas ra\u0161iklis<\/p>\n\n\n\n<p>K\u016brybi\u0161kai lavinkite vaiko \u012fg\u016bd\u017eius su \u0161iuo smagiu mediniu labirintu!<\/p>\n\n\n\n<h2 class=\"wp-block-heading\"><strong>\u2705DIMENYS:<\/strong><\/h2>\n\n\n\n<p>39 cm x 29 cm<\/p>\n\n\n\n<h2 class=\"wp-block-heading\"><strong>\u2705KOKIA LINKSMOJI DALIS?<\/strong><\/h2>\n\n\n\n<p>Pripildykite atitinkamus kibir\u0117lius reikiam\u0173 spalv\u0173 fabrik\u0117liais. Labirint\u0105 dengia pleksiklo plok\u0161t\u0117, o naudodami pridedam\u0105 purpurin\u012f ra\u0161ikl\u012f perkelkite kamuoliukus \u012f tinkamus fabros kibir\u0117lius, atitinkan\u010dius kamuoliuk\u0173 spalvas.<\/p>","protected":false},"excerpt":{"rendered":"<p>\u2b50MEDINIS MAGNETINIS LABIRINTAS MONTESSORI SPALVOS \u012etraukite savo vaik\u0105 \u012f \u012fdom\u0173 \u017eaidim\u0105 su Montessori magnetiniu mediniu labirintu.&nbsp;\u0160is spalvingas&nbsp;magnetinis ir interaktyvus rinkinys skatina login\u012f m\u0105stym\u0105 ir motorin\u0117s koordinacijos vystym\u0105si.&nbsp;\u0160is unikalaus dizaino ir tvirtos konstrukcijos labirintas yra puiki mokymosi ir \u017eaidim\u0173 priemon\u0117 ma\u017eiesiems. \u2705PRODUKTO PARAMETRAI: &#8211; Med\u017eiaga: mediena &#8211; Spalva: spalvota &#8211; Matmenys: 39 x 29 cm &#8211; [&hellip;]<\/p>","protected":false},"featured_media":27489,"template":"","meta":{"_acf_changed":false,"iawp_total_views":278},"product_cat":[208,84,102,88,83,90,86,50,199,49,39,201],"product_tag":[96,97,98],"class_list":{"0":"post-22982","1":"product","2":"type-product","3":"status-publish","4":"has-post-thumbnail","6":"product_cat-deliones-2","7":"product_cat-lavinamieji-zaislai","8":"product_cat-mediniai-zaislai","9":"product_cat-mokausi-zaisti","10":"product_cat-montessori-zaislai","11":"product_cat-pasaulio-pazinimas","12":"product_cat-smulkioji-motorika","13":"product_cat-top-dovanos","14":"product_cat-ugdymo-istaigoms","15":"product_cat-visi-zaislai","16":"product_cat-zaislai","17":"product_cat-zaislai-kelioneje","18":"product_tag-2-m-3-m","19":"product_tag-3-m-4-m","20":"product_tag-5-m-7-m","22":"first","23":"outofstock","24":"taxable","25":"shipping-taxable","26":"purchasable","27":"product-type-simple"},"acf":[],"yoast_head":"<!-- This site is optimized with the Yoast SEO plugin v23.3 - https:\/\/yoast.com\/wordpress\/plugins\/seo\/ -->\n<title>Medinis Montessori stiliaus labirintas - Montessori \u017eaislai<\/title>\n<meta name=\"robots\" content=\"index, follow, max-snippet:-1, max-image-preview:large, max-video-preview:-1\" \/>\n<link rel=\"canonical\" href=\"https:\/\/monti.lt\/en\/product\/medinis-montessori-stiliaus-labirintas\/\" \/>\n<meta property=\"og:locale\" content=\"en_US\" \/>\n<meta property=\"og:type\" content=\"article\" \/>\n<meta property=\"og:title\" content=\"Medinis Montessori stiliaus labirintas - Montessori \u017eaislai\" \/>\n<meta property=\"og:description\" content=\"\u2b50MEDINIS MAGNETINIS LABIRINTAS MONTESSORI SPALVOS \u012etraukite savo vaik\u0105 \u012f \u012fdom\u0173 \u017eaidim\u0105 su Montessori magnetiniu mediniu labirintu.&nbsp;\u0160is spalvingas&nbsp;magnetinis ir interaktyvus rinkinys skatina login\u012f m\u0105stym\u0105 ir motorin\u0117s koordinacijos vystym\u0105si.&nbsp;\u0160is unikalaus dizaino ir tvirtos konstrukcijos labirintas yra puiki mokymosi ir \u017eaidim\u0173 priemon\u0117 ma\u017eiesiems. \u2705PRODUKTO PARAMETRAI: &#8211; Med\u017eiaga: mediena &#8211; Spalva: spalvota &#8211; Matmenys: 39 x 29 cm &#8211; [&hellip;]\" \/>\n<meta property=\"og:url\" content=\"https:\/\/monti.lt\/en\/product\/medinis-montessori-stiliaus-labirintas\/\" \/>\n<meta property=\"og:site_name\" content=\"Montessori \u017eaislai\" \/>\n<meta property=\"article:modified_time\" content=\"2025-12-01T13:18:48+00:00\" \/>\n<meta property=\"og:image\" content=\"https:\/\/monti.lt\/wp-content\/uploads\/2024\/04\/drewniany-labirynt-magnetyczny-montessori-nauka-kolorow-i-liczenia.webp\" \/>\n\t<meta property=\"og:image:width\" content=\"800\" \/>\n\t<meta property=\"og:image:height\" content=\"800\" \/>\n\t<meta property=\"og:image:type\" content=\"image\/webp\" \/>\n<meta name=\"twitter:card\" content=\"summary_large_image\" \/>\n<meta name=\"twitter:label1\" content=\"Est. reading time\" \/>\n\t<meta name=\"twitter:data1\" content=\"1 minute\" \/>\n<script type=\"application\/ld+json\" class=\"yoast-schema-graph\">{\"@context\":\"https:\/\/schema.org\",\"@graph\":[{\"@type\":\"WebPage\",\"@id\":\"https:\/\/monti.lt\/product\/medinis-montessori-stiliaus-labirintas\/\",\"url\":\"https:\/\/monti.lt\/product\/medinis-montessori-stiliaus-labirintas\/\",\"name\":\"Medinis Montessori stiliaus labirintas - Montessori \u017eaislai\",\"isPartOf\":{\"@id\":\"https:\/\/monti.lt\/#website\"},\"primaryImageOfPage\":{\"@id\":\"https:\/\/monti.lt\/product\/medinis-montessori-stiliaus-labirintas\/#primaryimage\"},\"image\":{\"@id\":\"https:\/\/monti.lt\/product\/medinis-montessori-stiliaus-labirintas\/#primaryimage\"},\"thumbnailUrl\":\"https:\/\/monti.lt\/wp-content\/uploads\/2024\/04\/drewniany-labirynt-magnetyczny-montessori-nauka-kolorow-i-liczenia.webp\",\"datePublished\":\"2024-04-02T13:34:43+00:00\",\"dateModified\":\"2025-12-01T13:18:48+00:00\",\"breadcrumb\":{\"@id\":\"https:\/\/monti.lt\/product\/medinis-montessori-stiliaus-labirintas\/#breadcrumb\"},\"inLanguage\":\"en-US\",\"potentialAction\":[{\"@type\":\"ReadAction\",\"target\":[\"https:\/\/monti.lt\/product\/medinis-montessori-stiliaus-labirintas\/\"]}]},{\"@type\":\"ImageObject\",\"inLanguage\":\"en-US\",\"@id\":\"https:\/\/monti.lt\/product\/medinis-montessori-stiliaus-labirintas\/#primaryimage\",\"url\":\"https:\/\/monti.lt\/wp-content\/uploads\/2024\/04\/drewniany-labirynt-magnetyczny-montessori-nauka-kolorow-i-liczenia.webp\",\"contentUrl\":\"https:\/\/monti.lt\/wp-content\/uploads\/2024\/04\/drewniany-labirynt-magnetyczny-montessori-nauka-kolorow-i-liczenia.webp\",\"width\":800,\"height\":800},{\"@type\":\"BreadcrumbList\",\"@id\":\"https:\/\/monti.lt\/product\/medinis-montessori-stiliaus-labirintas\/#breadcrumb\",\"itemListElement\":[{\"@type\":\"ListItem\",\"position\":1,\"name\":\"Home\",\"item\":\"https:\/\/monti.lt\/\"},{\"@type\":\"ListItem\",\"position\":2,\"name\":\"Parduotuv\u0117\",\"item\":\"https:\/\/monti.lt\/shop\/\"},{\"@type\":\"ListItem\",\"position\":3,\"name\":\"Medinis Montessori stiliaus labirintas\"}]},{\"@type\":\"WebSite\",\"@id\":\"https:\/\/monti.lt\/#website\",\"url\":\"https:\/\/monti.lt\/\",\"name\":\"Montessori \u017eaislai\",\"description\":\"\",\"publisher\":{\"@id\":\"https:\/\/monti.lt\/#organization\"},\"potentialAction\":[{\"@type\":\"SearchAction\",\"target\":{\"@type\":\"EntryPoint\",\"urlTemplate\":\"https:\/\/monti.lt\/?s={search_term_string}\"},\"query-input\":\"required name=search_term_string\"}],\"inLanguage\":\"en-US\"},{\"@type\":\"Organization\",\"@id\":\"https:\/\/monti.lt\/#organization\",\"name\":\"Montessori \u017eaislai\",\"url\":\"https:\/\/monti.lt\/\",\"logo\":{\"@type\":\"ImageObject\",\"inLanguage\":\"en-US\",\"@id\":\"https:\/\/monti.lt\/#\/schema\/logo\/image\/\",\"url\":\"https:\/\/monti.lt\/wp-content\/uploads\/2022\/03\/montilogo-1.png\",\"contentUrl\":\"https:\/\/monti.lt\/wp-content\/uploads\/2022\/03\/montilogo-1.png\",\"width\":512,\"height\":512,\"caption\":\"Montessori \u017eaislai\"},\"image\":{\"@id\":\"https:\/\/monti.lt\/#\/schema\/logo\/image\/\"}}]}<\/script>\n<!-- \/ Yoast SEO plugin. -->","yoast_head_json":{"title":"Medinis Montessori stiliaus labirintas - Montessori \u017eaislai","robots":{"index":"index","follow":"follow","max-snippet":"max-snippet:-1","max-image-preview":"max-image-preview:large","max-video-preview":"max-video-preview:-1"},"canonical":"https:\/\/monti.lt\/en\/product\/medinis-montessori-stiliaus-labirintas\/","og_locale":"en_US","og_type":"article","og_title":"Medinis Montessori stiliaus labirintas - Montessori \u017eaislai","og_description":"\u2b50MEDINIS MAGNETINIS LABIRINTAS MONTESSORI SPALVOS \u012etraukite savo vaik\u0105 \u012f \u012fdom\u0173 \u017eaidim\u0105 su Montessori magnetiniu mediniu labirintu.&nbsp;\u0160is spalvingas&nbsp;magnetinis ir interaktyvus rinkinys skatina login\u012f m\u0105stym\u0105 ir motorin\u0117s koordinacijos vystym\u0105si.&nbsp;\u0160is unikalaus dizaino ir tvirtos konstrukcijos labirintas yra puiki mokymosi ir \u017eaidim\u0173 priemon\u0117 ma\u017eiesiems. \u2705PRODUKTO PARAMETRAI: &#8211; Med\u017eiaga: mediena &#8211; Spalva: spalvota &#8211; Matmenys: 39 x 29 cm &#8211; [&hellip;]","og_url":"https:\/\/monti.lt\/en\/product\/medinis-montessori-stiliaus-labirintas\/","og_site_name":"Montessori \u017eaislai","article_modified_time":"2025-12-01T13:18:48+00:00","og_image":[{"width":800,"height":800,"url":"https:\/\/monti.lt\/wp-content\/uploads\/2024\/04\/drewniany-labirynt-magnetyczny-montessori-nauka-kolorow-i-liczenia.webp","type":"image\/webp"}],"twitter_card":"summary_large_image","twitter_misc":{"Est. reading time":"1 minute"},"schema":{"@context":"https:\/\/schema.org","@graph":[{"@type":"WebPage","@id":"https:\/\/monti.lt\/product\/medinis-montessori-stiliaus-labirintas\/","url":"https:\/\/monti.lt\/product\/medinis-montessori-stiliaus-labirintas\/","name":"Medinis Montessori stiliaus labirintas - Montessori \u017eaislai","isPartOf":{"@id":"https:\/\/monti.lt\/#website"},"primaryImageOfPage":{"@id":"https:\/\/monti.lt\/product\/medinis-montessori-stiliaus-labirintas\/#primaryimage"},"image":{"@id":"https:\/\/monti.lt\/product\/medinis-montessori-stiliaus-labirintas\/#primaryimage"},"thumbnailUrl":"https:\/\/monti.lt\/wp-content\/uploads\/2024\/04\/drewniany-labirynt-magnetyczny-montessori-nauka-kolorow-i-liczenia.webp","datePublished":"2024-04-02T13:34:43+00:00","dateModified":"2025-12-01T13:18:48+00:00","breadcrumb":{"@id":"https:\/\/monti.lt\/product\/medinis-montessori-stiliaus-labirintas\/#breadcrumb"},"inLanguage":"en-US","potentialAction":[{"@type":"ReadAction","target":["https:\/\/monti.lt\/product\/medinis-montessori-stiliaus-labirintas\/"]}]},{"@type":"ImageObject","inLanguage":"en-US","@id":"https:\/\/monti.lt\/product\/medinis-montessori-stiliaus-labirintas\/#primaryimage","url":"https:\/\/monti.lt\/wp-content\/uploads\/2024\/04\/drewniany-labirynt-magnetyczny-montessori-nauka-kolorow-i-liczenia.webp","contentUrl":"https:\/\/monti.lt\/wp-content\/uploads\/2024\/04\/drewniany-labirynt-magnetyczny-montessori-nauka-kolorow-i-liczenia.webp","width":800,"height":800},{"@type":"BreadcrumbList","@id":"https:\/\/monti.lt\/product\/medinis-montessori-stiliaus-labirintas\/#breadcrumb","itemListElement":[{"@type":"ListItem","position":1,"name":"Home","item":"https:\/\/monti.lt\/"},{"@type":"ListItem","position":2,"name":"Parduotuv\u0117","item":"https:\/\/monti.lt\/shop\/"},{"@type":"ListItem","position":3,"name":"Medinis Montessori stiliaus labirintas"}]},{"@type":"WebSite","@id":"https:\/\/monti.lt\/#website","url":"https:\/\/monti.lt\/","name":"Montessori \u017eaislai","description":"","publisher":{"@id":"https:\/\/monti.lt\/#organization"},"potentialAction":[{"@type":"SearchAction","target":{"@type":"EntryPoint","urlTemplate":"https:\/\/monti.lt\/?s={search_term_string}"},"query-input":"required name=search_term_string"}],"inLanguage":"en-US"},{"@type":"Organization","@id":"https:\/\/monti.lt\/#organization","name":"Montessori \u017eaislai","url":"https:\/\/monti.lt\/","logo":{"@type":"ImageObject","inLanguage":"en-US","@id":"https:\/\/monti.lt\/#\/schema\/logo\/image\/","url":"https:\/\/monti.lt\/wp-content\/uploads\/2022\/03\/montilogo-1.png","contentUrl":"https:\/\/monti.lt\/wp-content\/uploads\/2022\/03\/montilogo-1.png","width":512,"height":512,"caption":"Montessori \u017eaislai"},"image":{"@id":"https:\/\/monti.lt\/#\/schema\/logo\/image\/"}}]}},"_links":{"self":[{"href":"https:\/\/monti.lt\/en\/wp-json\/wp\/v2\/product\/22982"}],"collection":[{"href":"https:\/\/monti.lt\/en\/wp-json\/wp\/v2\/product"}],"about":[{"href":"https:\/\/monti.lt\/en\/wp-json\/wp\/v2\/types\/product"}],"version-history":[{"count":1,"href":"https:\/\/monti.lt\/en\/wp-json\/wp\/v2\/product\/22982\/revisions"}],"predecessor-version":[{"id":22989,"href":"https:\/\/monti.lt\/en\/wp-json\/wp\/v2\/product\/22982\/revisions\/22989"}],"wp:featuredmedia":[{"embeddable":true,"href":"https:\/\/monti.lt\/en\/wp-json\/wp\/v2\/media\/27489"}],"wp:attachment":[{"href":"https:\/\/monti.lt\/en\/wp-json\/wp\/v2\/media?parent=22982"}],"wp:term":[{"taxonomy":"product_cat","embeddable":true,"href":"https:\/\/monti.lt\/en\/wp-json\/wp\/v2\/product_cat?post=22982"},{"taxonomy":"product_tag","embeddable":true,"href":"https:\/\/monti.lt\/en\/wp-json\/wp\/v2\/product_tag?post=22982"}],"curies":[{"name":"wp","href":"https:\/\/api.w.org\/{rel}","templated":true}]}}