{"id":23180,"date":"2024-04-24T12:23:19","date_gmt":"2024-04-24T12:23:19","guid":{"rendered":"https:\/\/monti.lt\/?post_type=product&#038;p=23180"},"modified":"2026-03-26T08:59:46","modified_gmt":"2026-03-26T08:59:46","slug":"batutas-su-tinklu-305-cm","status":"publish","type":"product","link":"https:\/\/monti.lt\/en\/product\/batutas-su-tinklu-305-cm\/","title":{"rendered":"Batutas su tinklu, 305 cm"},"content":{"rendered":"<p>Didelis sodo batutas vaikams. \u012e\u0117jimas u\u017etraukiamas u\u017etrauktuku, o \u012flipimas \u012f j\u012f lengvas. Turi spyruokli\u0173 dangt\u012f ir apsaugin\u012f tinkl\u0105, kad \u0161okin\u0117jant b\u016bt\u0173 u\u017etikrintas papildomas saugumas. Did\u017eiausia leistina apkrova &#8211; 150 kilogram\u0173.<\/p>\n\n\n\n<p>Technin\u0117s specifikacijos:<\/p>\n\n\n\n<p>Vartotojo am\u017eius: 6+<br>Did\u017eiausia apkrova: 150 kg<br>Bendras skersmuo: 305 cm<br>Auk\u0161tis nuo \u017eem\u0117s iki \u0161okin\u0117jimo pavir\u0161iaus: Auk\u0161tis nuo auk\u0161\u010dio: 65 cm<br>Tinklelio auk\u0161tis: 183 cm<br>Bendras auk\u0161tis: 248 cm<br>U\u017etrauktuko auk\u0161tis: 105 cm<br>Kop\u0117\u010di\u0173 ilgis: 86 cm<br>Pakuot\u0117s matmenys: 160 cm x 45,5 cm x 21 cm<br>Pakuot\u0117s turinys:<\/p>\n\n\n\n<p>Sodo batutas<br>Batuto kop\u0117\u010dios<\/p>\n\n\n\n<p>Kiekviena batuto sudedamoji dalis pagaminta i\u0161 auk\u0161tos kokyb\u0117s med\u017eiag\u0173, kad \u0161okin\u0117ti b\u016bt\u0173 visi\u0161kai saugu ir labai malonu. Jis turi CE sertifikat\u0105.<\/p>\n\n\n\n<p>Gaminys supakuotas \u012f kartonin\u0119 d\u0117\u017e\u0119.<\/p>\n\n\n\n<p><\/p>","protected":false},"excerpt":{"rendered":"<p>Didelis sodo batutas vaikams. \u012e\u0117jimas u\u017etraukiamas u\u017etrauktuku, o \u012flipimas \u012f j\u012f lengvas. Turi spyruokli\u0173 dangt\u012f ir apsaugin\u012f tinkl\u0105, kad \u0161okin\u0117jant b\u016bt\u0173 u\u017etikrintas papildomas saugumas. Did\u017eiausia leistina apkrova &#8211; 150 kilogram\u0173. Technin\u0117s specifikacijos: Vartotojo am\u017eius: 6+Did\u017eiausia apkrova: 150 kgBendras skersmuo: 305 cmAuk\u0161tis nuo \u017eem\u0117s iki \u0161okin\u0117jimo pavir\u0161iaus: Auk\u0161tis nuo auk\u0161\u010dio: 65 cmTinklelio auk\u0161tis: 183 cmBendras auk\u0161tis: [&hellip;]<\/p>","protected":false},"featured_media":23181,"template":"","meta":{"_acf_changed":false,"iawp_total_views":38},"product_cat":[15,238],"product_tag":[101,98,99,100],"class_list":{"0":"post-23180","1":"product","2":"type-product","3":"status-publish","4":"has-post-thumbnail","6":"product_cat-uncategorized","7":"product_cat-lauko-zaidimai","8":"product_tag-12-m-14-m","9":"product_tag-5-m-7-m","10":"product_tag-8-m-11-m","11":"product_tag-15-m","12":"product_shipping_class-pl-warehouse","14":"first","15":"onbackorder","16":"taxable","17":"shipping-taxable","18":"purchasable","19":"product-type-simple"},"acf":[],"yoast_head":"<!-- This site is optimized with the Yoast SEO plugin v23.3 - https:\/\/yoast.com\/wordpress\/plugins\/seo\/ -->\n<title>Batutas su tinklu, 305 cm - Montessori \u017eaislai<\/title>\n<meta name=\"robots\" content=\"index, follow, max-snippet:-1, max-image-preview:large, max-video-preview:-1\" \/>\n<link rel=\"canonical\" href=\"https:\/\/monti.lt\/en\/product\/batutas-su-tinklu-305-cm\/\" \/>\n<meta property=\"og:locale\" content=\"en_US\" \/>\n<meta property=\"og:type\" content=\"article\" \/>\n<meta property=\"og:title\" content=\"Batutas su tinklu, 305 cm - Montessori \u017eaislai\" \/>\n<meta property=\"og:description\" content=\"Didelis sodo batutas vaikams. \u012e\u0117jimas u\u017etraukiamas u\u017etrauktuku, o \u012flipimas \u012f j\u012f lengvas. Turi spyruokli\u0173 dangt\u012f ir apsaugin\u012f tinkl\u0105, kad \u0161okin\u0117jant b\u016bt\u0173 u\u017etikrintas papildomas saugumas. Did\u017eiausia leistina apkrova &#8211; 150 kilogram\u0173. Technin\u0117s specifikacijos: Vartotojo am\u017eius: 6+Did\u017eiausia apkrova: 150 kgBendras skersmuo: 305 cmAuk\u0161tis nuo \u017eem\u0117s iki \u0161okin\u0117jimo pavir\u0161iaus: Auk\u0161tis nuo auk\u0161\u010dio: 65 cmTinklelio auk\u0161tis: 183 cmBendras auk\u0161tis: [&hellip;]\" \/>\n<meta property=\"og:url\" content=\"https:\/\/monti.lt\/en\/product\/batutas-su-tinklu-305-cm\/\" \/>\n<meta property=\"og:site_name\" content=\"Montessori \u017eaislai\" \/>\n<meta property=\"article:modified_time\" content=\"2026-03-26T08:59:46+00:00\" \/>\n<meta property=\"og:image\" content=\"https:\/\/monti.lt\/wp-content\/uploads\/2024\/04\/KX403294572.jpg\" \/>\n\t<meta property=\"og:image:width\" content=\"487\" \/>\n\t<meta property=\"og:image:height\" content=\"461\" \/>\n\t<meta property=\"og:image:type\" content=\"image\/jpeg\" \/>\n<meta name=\"twitter:card\" content=\"summary_large_image\" \/>\n<meta name=\"twitter:label1\" content=\"Est. reading time\" \/>\n\t<meta name=\"twitter:data1\" content=\"1 minute\" \/>\n<script type=\"application\/ld+json\" class=\"yoast-schema-graph\">{\"@context\":\"https:\/\/schema.org\",\"@graph\":[{\"@type\":\"WebPage\",\"@id\":\"https:\/\/monti.lt\/product\/batutas-su-tinklu-305-cm\/\",\"url\":\"https:\/\/monti.lt\/product\/batutas-su-tinklu-305-cm\/\",\"name\":\"Batutas su tinklu, 305 cm - Montessori \u017eaislai\",\"isPartOf\":{\"@id\":\"https:\/\/monti.lt\/#website\"},\"primaryImageOfPage\":{\"@id\":\"https:\/\/monti.lt\/product\/batutas-su-tinklu-305-cm\/#primaryimage\"},\"image\":{\"@id\":\"https:\/\/monti.lt\/product\/batutas-su-tinklu-305-cm\/#primaryimage\"},\"thumbnailUrl\":\"https:\/\/monti.lt\/wp-content\/uploads\/2024\/04\/KX403294572.jpg\",\"datePublished\":\"2024-04-24T12:23:19+00:00\",\"dateModified\":\"2026-03-26T08:59:46+00:00\",\"breadcrumb\":{\"@id\":\"https:\/\/monti.lt\/product\/batutas-su-tinklu-305-cm\/#breadcrumb\"},\"inLanguage\":\"en-US\",\"potentialAction\":[{\"@type\":\"ReadAction\",\"target\":[\"https:\/\/monti.lt\/product\/batutas-su-tinklu-305-cm\/\"]}]},{\"@type\":\"ImageObject\",\"inLanguage\":\"en-US\",\"@id\":\"https:\/\/monti.lt\/product\/batutas-su-tinklu-305-cm\/#primaryimage\",\"url\":\"https:\/\/monti.lt\/wp-content\/uploads\/2024\/04\/KX403294572.jpg\",\"contentUrl\":\"https:\/\/monti.lt\/wp-content\/uploads\/2024\/04\/KX403294572.jpg\",\"width\":487,\"height\":461,\"caption\":\"batutas\"},{\"@type\":\"BreadcrumbList\",\"@id\":\"https:\/\/monti.lt\/product\/batutas-su-tinklu-305-cm\/#breadcrumb\",\"itemListElement\":[{\"@type\":\"ListItem\",\"position\":1,\"name\":\"Home\",\"item\":\"https:\/\/monti.lt\/\"},{\"@type\":\"ListItem\",\"position\":2,\"name\":\"Parduotuv\u0117\",\"item\":\"https:\/\/monti.lt\/shop\/\"},{\"@type\":\"ListItem\",\"position\":3,\"name\":\"Batutas su tinklu, 305 cm\"}]},{\"@type\":\"WebSite\",\"@id\":\"https:\/\/monti.lt\/#website\",\"url\":\"https:\/\/monti.lt\/\",\"name\":\"Montessori \u017eaislai\",\"description\":\"\",\"publisher\":{\"@id\":\"https:\/\/monti.lt\/#organization\"},\"potentialAction\":[{\"@type\":\"SearchAction\",\"target\":{\"@type\":\"EntryPoint\",\"urlTemplate\":\"https:\/\/monti.lt\/?s={search_term_string}\"},\"query-input\":\"required name=search_term_string\"}],\"inLanguage\":\"en-US\"},{\"@type\":\"Organization\",\"@id\":\"https:\/\/monti.lt\/#organization\",\"name\":\"Montessori \u017eaislai\",\"url\":\"https:\/\/monti.lt\/\",\"logo\":{\"@type\":\"ImageObject\",\"inLanguage\":\"en-US\",\"@id\":\"https:\/\/monti.lt\/#\/schema\/logo\/image\/\",\"url\":\"https:\/\/monti.lt\/wp-content\/uploads\/2022\/03\/montilogo-1.png\",\"contentUrl\":\"https:\/\/monti.lt\/wp-content\/uploads\/2022\/03\/montilogo-1.png\",\"width\":512,\"height\":512,\"caption\":\"Montessori \u017eaislai\"},\"image\":{\"@id\":\"https:\/\/monti.lt\/#\/schema\/logo\/image\/\"}}]}<\/script>\n<!-- \/ Yoast SEO plugin. -->","yoast_head_json":{"title":"Batutas su tinklu, 305 cm - Montessori \u017eaislai","robots":{"index":"index","follow":"follow","max-snippet":"max-snippet:-1","max-image-preview":"max-image-preview:large","max-video-preview":"max-video-preview:-1"},"canonical":"https:\/\/monti.lt\/en\/product\/batutas-su-tinklu-305-cm\/","og_locale":"en_US","og_type":"article","og_title":"Batutas su tinklu, 305 cm - Montessori \u017eaislai","og_description":"Didelis sodo batutas vaikams. \u012e\u0117jimas u\u017etraukiamas u\u017etrauktuku, o \u012flipimas \u012f j\u012f lengvas. Turi spyruokli\u0173 dangt\u012f ir apsaugin\u012f tinkl\u0105, kad \u0161okin\u0117jant b\u016bt\u0173 u\u017etikrintas papildomas saugumas. Did\u017eiausia leistina apkrova &#8211; 150 kilogram\u0173. Technin\u0117s specifikacijos: Vartotojo am\u017eius: 6+Did\u017eiausia apkrova: 150 kgBendras skersmuo: 305 cmAuk\u0161tis nuo \u017eem\u0117s iki \u0161okin\u0117jimo pavir\u0161iaus: Auk\u0161tis nuo auk\u0161\u010dio: 65 cmTinklelio auk\u0161tis: 183 cmBendras auk\u0161tis: [&hellip;]","og_url":"https:\/\/monti.lt\/en\/product\/batutas-su-tinklu-305-cm\/","og_site_name":"Montessori \u017eaislai","article_modified_time":"2026-03-26T08:59:46+00:00","og_image":[{"width":487,"height":461,"url":"https:\/\/monti.lt\/wp-content\/uploads\/2024\/04\/KX403294572.jpg","type":"image\/jpeg"}],"twitter_card":"summary_large_image","twitter_misc":{"Est. reading time":"1 minute"},"schema":{"@context":"https:\/\/schema.org","@graph":[{"@type":"WebPage","@id":"https:\/\/monti.lt\/product\/batutas-su-tinklu-305-cm\/","url":"https:\/\/monti.lt\/product\/batutas-su-tinklu-305-cm\/","name":"Batutas su tinklu, 305 cm - Montessori \u017eaislai","isPartOf":{"@id":"https:\/\/monti.lt\/#website"},"primaryImageOfPage":{"@id":"https:\/\/monti.lt\/product\/batutas-su-tinklu-305-cm\/#primaryimage"},"image":{"@id":"https:\/\/monti.lt\/product\/batutas-su-tinklu-305-cm\/#primaryimage"},"thumbnailUrl":"https:\/\/monti.lt\/wp-content\/uploads\/2024\/04\/KX403294572.jpg","datePublished":"2024-04-24T12:23:19+00:00","dateModified":"2026-03-26T08:59:46+00:00","breadcrumb":{"@id":"https:\/\/monti.lt\/product\/batutas-su-tinklu-305-cm\/#breadcrumb"},"inLanguage":"en-US","potentialAction":[{"@type":"ReadAction","target":["https:\/\/monti.lt\/product\/batutas-su-tinklu-305-cm\/"]}]},{"@type":"ImageObject","inLanguage":"en-US","@id":"https:\/\/monti.lt\/product\/batutas-su-tinklu-305-cm\/#primaryimage","url":"https:\/\/monti.lt\/wp-content\/uploads\/2024\/04\/KX403294572.jpg","contentUrl":"https:\/\/monti.lt\/wp-content\/uploads\/2024\/04\/KX403294572.jpg","width":487,"height":461,"caption":"batutas"},{"@type":"BreadcrumbList","@id":"https:\/\/monti.lt\/product\/batutas-su-tinklu-305-cm\/#breadcrumb","itemListElement":[{"@type":"ListItem","position":1,"name":"Home","item":"https:\/\/monti.lt\/"},{"@type":"ListItem","position":2,"name":"Parduotuv\u0117","item":"https:\/\/monti.lt\/shop\/"},{"@type":"ListItem","position":3,"name":"Batutas su tinklu, 305 cm"}]},{"@type":"WebSite","@id":"https:\/\/monti.lt\/#website","url":"https:\/\/monti.lt\/","name":"Montessori \u017eaislai","description":"","publisher":{"@id":"https:\/\/monti.lt\/#organization"},"potentialAction":[{"@type":"SearchAction","target":{"@type":"EntryPoint","urlTemplate":"https:\/\/monti.lt\/?s={search_term_string}"},"query-input":"required name=search_term_string"}],"inLanguage":"en-US"},{"@type":"Organization","@id":"https:\/\/monti.lt\/#organization","name":"Montessori \u017eaislai","url":"https:\/\/monti.lt\/","logo":{"@type":"ImageObject","inLanguage":"en-US","@id":"https:\/\/monti.lt\/#\/schema\/logo\/image\/","url":"https:\/\/monti.lt\/wp-content\/uploads\/2022\/03\/montilogo-1.png","contentUrl":"https:\/\/monti.lt\/wp-content\/uploads\/2022\/03\/montilogo-1.png","width":512,"height":512,"caption":"Montessori \u017eaislai"},"image":{"@id":"https:\/\/monti.lt\/#\/schema\/logo\/image\/"}}]}},"_links":{"self":[{"href":"https:\/\/monti.lt\/en\/wp-json\/wp\/v2\/product\/23180"}],"collection":[{"href":"https:\/\/monti.lt\/en\/wp-json\/wp\/v2\/product"}],"about":[{"href":"https:\/\/monti.lt\/en\/wp-json\/wp\/v2\/types\/product"}],"version-history":[{"count":1,"href":"https:\/\/monti.lt\/en\/wp-json\/wp\/v2\/product\/23180\/revisions"}],"predecessor-version":[{"id":23187,"href":"https:\/\/monti.lt\/en\/wp-json\/wp\/v2\/product\/23180\/revisions\/23187"}],"wp:featuredmedia":[{"embeddable":true,"href":"https:\/\/monti.lt\/en\/wp-json\/wp\/v2\/media\/23181"}],"wp:attachment":[{"href":"https:\/\/monti.lt\/en\/wp-json\/wp\/v2\/media?parent=23180"}],"wp:term":[{"taxonomy":"product_cat","embeddable":true,"href":"https:\/\/monti.lt\/en\/wp-json\/wp\/v2\/product_cat?post=23180"},{"taxonomy":"product_tag","embeddable":true,"href":"https:\/\/monti.lt\/en\/wp-json\/wp\/v2\/product_tag?post=23180"}],"curies":[{"name":"wp","href":"https:\/\/api.w.org\/{rel}","templated":true}]}}