{"id":23293,"date":"2024-05-08T06:35:50","date_gmt":"2024-05-08T06:35:50","guid":{"rendered":"https:\/\/monti.lt\/?post_type=product&#038;p=23293"},"modified":"2026-03-30T12:04:51","modified_gmt":"2026-03-30T12:04:51","slug":"supynes-gandralizdis-juodos","status":"publish","type":"product","link":"https:\/\/monti.lt\/en\/product\/supynes-gandralizdis-juodos\/","title":{"rendered":"Supyn\u0117s gandralizdis, juodos"},"content":{"rendered":"<h1 class=\"wp-block-heading\">VAIK\u0172 S\u016aPYP\u0116S &#8211; GANDRO LIZDAS &#8211; 100cm \/ 150kg&nbsp;<\/h1>\n\n\n\n<p><strong>DIDEL\u0116 S\u0116DYN\u0116 &#8211;<\/strong>\u00a0s\u016bpyn\u0117s turi pla\u010di\u0105, apvali\u0105 s\u0117dyn\u0119\u00a0<strong>, pagamint\u0105 i\u0161 gele\u017einio r\u0117mo, panaudota med\u017eiaga poliesteris + nailonas + EVA<\/strong>\u00a0.\u00a0<strong>Naudojant 10 mm storio pintas virves, galima kelti iki 150 kg. Tai garantuoja saugum\u0105 ir leid\u017eia net suaugusiems <\/strong>smagiai pasisupti<strong>.<\/strong>\u00a0Tai idealus sprendimas\u00a0<strong>didelei \u0161eimai.<\/strong>\u00a0D\u0117l savo dyd\u017eio ir formos tinka keliems \u017emon\u0117ms.<\/p>\n\n\n\n<p><strong>GREITAS MONTAVIMAS \u2013<\/strong>\u00a0gandralizd\u012f montuoti paprasta ir greita.\u00a0<strong>Dabar<\/strong>\u00a0<strong>jums nebereikia ie\u0161koti papildom\u0173 dali\u0173 specializuotose internetin\u0117se ar stacionariose parduotuv\u0117se<\/strong>\u00a0. \u012e komplekt\u0105 \u012feina viskas, ko reikia be r\u016bpes\u010di\u0173 s\u016bpyni\u0173 surinkimui.<\/p>\n\n\n\n<p><strong>AUK\u0160\u010cIO REGULIAVIMAS &#8211; s\u016bpyn\u0117s turi galimyb\u0119<\/strong>\u00a0<strong>reguliuoti virv\u0119, jos maksimalus ilgis 180cm.<\/strong>\u00a0D\u0117l \u0161ios prie\u017easties s\u016bpyn\u0117s puikiai tinka vaikams (\u017eemesnio \u016bgio) ir suaugusiems.\u00a0<strong>Taip lengviau saugiai \u012flipti ir i\u0161lipti.<\/strong>\u00a0<strong>Tvirtos 10 mm storio pintos virv\u0117s<\/strong>\u00a0rei\u0161kia, kad \u017eaisdami ant s\u016bpyn\u0117s jums nereik\u0117s r\u016bpintis savo vaikais.<\/p>\n\n\n\n<p><strong>ATSPARIOS ORO S\u0104LYGOMS \u2013<\/strong>\u00a0s\u016bpyn\u0117s pagamintos i\u0161\u00a0<strong>med\u017eiag\u0173, kurios yra atsparios oro s\u0105lygoms<\/strong>\u00a0ir greitai d\u017ei\u016bsta.<strong>\u00a0<\/strong>D\u0117l \u0161ios prie\u017easties\u00a0<strong>jas galima saugiai palikti lauke net ir esant nepalankioms oro s\u0105lygoms.<\/strong>\u00a0Tai suteikia pasitik\u0117jimo, kad net ir lyjant lietui ar pu\u010diant labai stipriam v\u0117jui, nereik\u0117s i\u0161 karto nuleisti s\u016bpyni\u0173 ir d\u0117ti \u012f namus ar gara\u017e\u0105\/r\u016bs\u012f.<\/p>\n\n\n\n<p><\/p>\n\n\n\n<p><strong>SPECIFIKACIJA<\/strong><\/p>\n\n\n\n<ul class=\"wp-block-list\">\n<li>juoda spalva<\/li>\n\n\n\n<li>Med\u017eiaga: poliesteris + nailonas + EVA + gele\u017eis<\/li>\n\n\n\n<li>maksimali apkrova: 150 kg<\/li>\n\n\n\n<li>maksimalus ilgis: 170 cm<\/li>\n\n\n\n<li>min. ilgis: 152 cm;<\/li>\n\n\n\n<li>plotis: 100 x 100 cm<\/li>\n\n\n\n<li>virv\u0117s storis: 1 cm<\/li>\n\n\n\n<li>gaminio svoris: 3,00 kg<\/li>\n\n\n\n<li>produkto svoris pakuot\u0117je: 3,75 kg<\/li>\n<\/ul>\n\n\n\n<p><strong>\u012eSKAITANT:<\/strong><\/p>\n\n\n\n<ul class=\"wp-block-list\">\n<li>s\u016bpyn\u0117s&nbsp;<\/li>\n<\/ul>\n\n\n\n<p>Naudojimosi sodu, terasa ar balkonu malonum\u0105 galima padidinti naudojant patogius baldus ir poilsio aksesuarus. Gandralizd\u017eio s\u016bpyn\u0117s d\u0117l tvirto gele\u017einio r\u0117mo kelia iki 150 kg. Galime pakabinti ir viduje &#8211; svetain\u0117je ar miegamajame s\u016bpyn\u0117s kambariui suteiks modernumo; galima naudoti ir vaiko kambaryje, pravers ne vienai mamytei, kuri maitina vaikel\u012f ar u\u017emiega s\u016bpuodama j\u012f ant rank\u0173!&nbsp;<\/p>","protected":false},"excerpt":{"rendered":"<p>VAIK\u0172 S\u016aPYP\u0116S &#8211; GANDRO LIZDAS &#8211; 100cm \/ 150kg&nbsp; DIDEL\u0116 S\u0116DYN\u0116 &#8211;\u00a0s\u016bpyn\u0117s turi pla\u010di\u0105, apvali\u0105 s\u0117dyn\u0119\u00a0, pagamint\u0105 i\u0161 gele\u017einio r\u0117mo, panaudota med\u017eiaga poliesteris + nailonas + EVA\u00a0.\u00a0Naudojant 10 mm storio pintas virves, galima kelti iki 150 kg. Tai garantuoja saugum\u0105 ir leid\u017eia net suaugusiems smagiai pasisupti.\u00a0Tai idealus sprendimas\u00a0didelei \u0161eimai.\u00a0D\u0117l savo dyd\u017eio ir formos tinka keliems [&hellip;]<\/p>","protected":false},"featured_media":23294,"template":"","meta":{"_acf_changed":false,"iawp_total_views":477},"product_cat":[213,194,195,216,217,191,82,238,50,199,39],"product_tag":[95,101,96,97,98,99],"class_list":{"0":"post-23293","1":"product","2":"type-product","3":"status-publish","4":"has-post-thumbnail","6":"product_cat-akcija","7":"product_cat-dovanos-vaikams-2-3-metu","8":"product_cat-dovanos-vaikams-3-4-metu","9":"product_cat-dovanos-4-5-metu-vaikams","10":"product_cat-dovanos-5-7-metu-vaikams","11":"product_cat-dovanos-vaikams","12":"product_cat-ispardavimas","13":"product_cat-lauko-zaidimai","14":"product_cat-top-dovanos","15":"product_cat-ugdymo-istaigoms","16":"product_cat-zaislai","17":"product_tag-1-m-2-m","18":"product_tag-12-m-14-m","19":"product_tag-2-m-3-m","20":"product_tag-3-m-4-m","21":"product_tag-5-m-7-m","22":"product_tag-8-m-11-m","24":"first","25":"onbackorder","26":"sale","27":"taxable","28":"shipping-taxable","29":"purchasable","30":"product-type-simple"},"acf":[],"yoast_head":"<!-- This site is optimized with the Yoast SEO plugin v23.3 - https:\/\/yoast.com\/wordpress\/plugins\/seo\/ -->\n<title>Supyn\u0117s gandralizdis, juodos - Montessori \u017eaislai<\/title>\n<meta name=\"robots\" content=\"index, follow, max-snippet:-1, max-image-preview:large, max-video-preview:-1\" \/>\n<link rel=\"canonical\" href=\"https:\/\/monti.lt\/en\/product\/supynes-gandralizdis-juodos\/\" \/>\n<meta property=\"og:locale\" content=\"en_US\" \/>\n<meta property=\"og:type\" content=\"article\" \/>\n<meta property=\"og:title\" content=\"Supyn\u0117s gandralizdis, juodos - Montessori \u017eaislai\" \/>\n<meta property=\"og:description\" content=\"VAIK\u0172 S\u016aPYP\u0116S &#8211; GANDRO LIZDAS &#8211; 100cm \/ 150kg&nbsp; DIDEL\u0116 S\u0116DYN\u0116 &#8211;\u00a0s\u016bpyn\u0117s turi pla\u010di\u0105, apvali\u0105 s\u0117dyn\u0119\u00a0, pagamint\u0105 i\u0161 gele\u017einio r\u0117mo, panaudota med\u017eiaga poliesteris + nailonas + EVA\u00a0.\u00a0Naudojant 10 mm storio pintas virves, galima kelti iki 150 kg. Tai garantuoja saugum\u0105 ir leid\u017eia net suaugusiems smagiai pasisupti.\u00a0Tai idealus sprendimas\u00a0didelei \u0161eimai.\u00a0D\u0117l savo dyd\u017eio ir formos tinka keliems [&hellip;]\" \/>\n<meta property=\"og:url\" content=\"https:\/\/monti.lt\/en\/product\/supynes-gandralizdis-juodos\/\" \/>\n<meta property=\"og:site_name\" content=\"Montessori \u017eaislai\" \/>\n<meta property=\"article:modified_time\" content=\"2026-03-30T12:04:51+00:00\" \/>\n<meta property=\"og:image\" content=\"https:\/\/monti.lt\/wp-content\/uploads\/2024\/05\/lit_pl_Supynes-gandralizdziui-100-cm-juodos-15004_8.jpg\" \/>\n\t<meta property=\"og:image:width\" content=\"500\" \/>\n\t<meta property=\"og:image:height\" content=\"500\" \/>\n\t<meta property=\"og:image:type\" content=\"image\/jpeg\" \/>\n<meta name=\"twitter:card\" content=\"summary_large_image\" \/>\n<meta name=\"twitter:label1\" content=\"Est. reading time\" \/>\n\t<meta name=\"twitter:data1\" content=\"2 minutes\" \/>\n<script type=\"application\/ld+json\" class=\"yoast-schema-graph\">{\"@context\":\"https:\/\/schema.org\",\"@graph\":[{\"@type\":\"WebPage\",\"@id\":\"https:\/\/monti.lt\/product\/supynes-gandralizdis-juodos\/\",\"url\":\"https:\/\/monti.lt\/product\/supynes-gandralizdis-juodos\/\",\"name\":\"Supyn\u0117s gandralizdis, juodos - Montessori \u017eaislai\",\"isPartOf\":{\"@id\":\"https:\/\/monti.lt\/#website\"},\"primaryImageOfPage\":{\"@id\":\"https:\/\/monti.lt\/product\/supynes-gandralizdis-juodos\/#primaryimage\"},\"image\":{\"@id\":\"https:\/\/monti.lt\/product\/supynes-gandralizdis-juodos\/#primaryimage\"},\"thumbnailUrl\":\"https:\/\/monti.lt\/wp-content\/uploads\/2024\/05\/lit_pl_Supynes-gandralizdziui-100-cm-juodos-15004_8.jpg\",\"datePublished\":\"2024-05-08T06:35:50+00:00\",\"dateModified\":\"2026-03-30T12:04:51+00:00\",\"breadcrumb\":{\"@id\":\"https:\/\/monti.lt\/product\/supynes-gandralizdis-juodos\/#breadcrumb\"},\"inLanguage\":\"en-US\",\"potentialAction\":[{\"@type\":\"ReadAction\",\"target\":[\"https:\/\/monti.lt\/product\/supynes-gandralizdis-juodos\/\"]}]},{\"@type\":\"ImageObject\",\"inLanguage\":\"en-US\",\"@id\":\"https:\/\/monti.lt\/product\/supynes-gandralizdis-juodos\/#primaryimage\",\"url\":\"https:\/\/monti.lt\/wp-content\/uploads\/2024\/05\/lit_pl_Supynes-gandralizdziui-100-cm-juodos-15004_8.jpg\",\"contentUrl\":\"https:\/\/monti.lt\/wp-content\/uploads\/2024\/05\/lit_pl_Supynes-gandralizdziui-100-cm-juodos-15004_8.jpg\",\"width\":500,\"height\":500,\"caption\":\"gandro lizdas\"},{\"@type\":\"BreadcrumbList\",\"@id\":\"https:\/\/monti.lt\/product\/supynes-gandralizdis-juodos\/#breadcrumb\",\"itemListElement\":[{\"@type\":\"ListItem\",\"position\":1,\"name\":\"Home\",\"item\":\"https:\/\/monti.lt\/\"},{\"@type\":\"ListItem\",\"position\":2,\"name\":\"Parduotuv\u0117\",\"item\":\"https:\/\/monti.lt\/shop\/\"},{\"@type\":\"ListItem\",\"position\":3,\"name\":\"Supyn\u0117s gandralizdis, juodos\"}]},{\"@type\":\"WebSite\",\"@id\":\"https:\/\/monti.lt\/#website\",\"url\":\"https:\/\/monti.lt\/\",\"name\":\"Montessori \u017eaislai\",\"description\":\"\",\"publisher\":{\"@id\":\"https:\/\/monti.lt\/#organization\"},\"potentialAction\":[{\"@type\":\"SearchAction\",\"target\":{\"@type\":\"EntryPoint\",\"urlTemplate\":\"https:\/\/monti.lt\/?s={search_term_string}\"},\"query-input\":\"required name=search_term_string\"}],\"inLanguage\":\"en-US\"},{\"@type\":\"Organization\",\"@id\":\"https:\/\/monti.lt\/#organization\",\"name\":\"Montessori \u017eaislai\",\"url\":\"https:\/\/monti.lt\/\",\"logo\":{\"@type\":\"ImageObject\",\"inLanguage\":\"en-US\",\"@id\":\"https:\/\/monti.lt\/#\/schema\/logo\/image\/\",\"url\":\"https:\/\/monti.lt\/wp-content\/uploads\/2022\/03\/montilogo-1.png\",\"contentUrl\":\"https:\/\/monti.lt\/wp-content\/uploads\/2022\/03\/montilogo-1.png\",\"width\":512,\"height\":512,\"caption\":\"Montessori \u017eaislai\"},\"image\":{\"@id\":\"https:\/\/monti.lt\/#\/schema\/logo\/image\/\"}}]}<\/script>\n<!-- \/ Yoast SEO plugin. -->","yoast_head_json":{"title":"Supyn\u0117s gandralizdis, juodos - Montessori \u017eaislai","robots":{"index":"index","follow":"follow","max-snippet":"max-snippet:-1","max-image-preview":"max-image-preview:large","max-video-preview":"max-video-preview:-1"},"canonical":"https:\/\/monti.lt\/en\/product\/supynes-gandralizdis-juodos\/","og_locale":"en_US","og_type":"article","og_title":"Supyn\u0117s gandralizdis, juodos - Montessori \u017eaislai","og_description":"VAIK\u0172 S\u016aPYP\u0116S &#8211; GANDRO LIZDAS &#8211; 100cm \/ 150kg&nbsp; DIDEL\u0116 S\u0116DYN\u0116 &#8211;\u00a0s\u016bpyn\u0117s turi pla\u010di\u0105, apvali\u0105 s\u0117dyn\u0119\u00a0, pagamint\u0105 i\u0161 gele\u017einio r\u0117mo, panaudota med\u017eiaga poliesteris + nailonas + EVA\u00a0.\u00a0Naudojant 10 mm storio pintas virves, galima kelti iki 150 kg. Tai garantuoja saugum\u0105 ir leid\u017eia net suaugusiems smagiai pasisupti.\u00a0Tai idealus sprendimas\u00a0didelei \u0161eimai.\u00a0D\u0117l savo dyd\u017eio ir formos tinka keliems [&hellip;]","og_url":"https:\/\/monti.lt\/en\/product\/supynes-gandralizdis-juodos\/","og_site_name":"Montessori \u017eaislai","article_modified_time":"2026-03-30T12:04:51+00:00","og_image":[{"width":500,"height":500,"url":"https:\/\/monti.lt\/wp-content\/uploads\/2024\/05\/lit_pl_Supynes-gandralizdziui-100-cm-juodos-15004_8.jpg","type":"image\/jpeg"}],"twitter_card":"summary_large_image","twitter_misc":{"Est. reading time":"2 minutes"},"schema":{"@context":"https:\/\/schema.org","@graph":[{"@type":"WebPage","@id":"https:\/\/monti.lt\/product\/supynes-gandralizdis-juodos\/","url":"https:\/\/monti.lt\/product\/supynes-gandralizdis-juodos\/","name":"Supyn\u0117s gandralizdis, juodos - Montessori \u017eaislai","isPartOf":{"@id":"https:\/\/monti.lt\/#website"},"primaryImageOfPage":{"@id":"https:\/\/monti.lt\/product\/supynes-gandralizdis-juodos\/#primaryimage"},"image":{"@id":"https:\/\/monti.lt\/product\/supynes-gandralizdis-juodos\/#primaryimage"},"thumbnailUrl":"https:\/\/monti.lt\/wp-content\/uploads\/2024\/05\/lit_pl_Supynes-gandralizdziui-100-cm-juodos-15004_8.jpg","datePublished":"2024-05-08T06:35:50+00:00","dateModified":"2026-03-30T12:04:51+00:00","breadcrumb":{"@id":"https:\/\/monti.lt\/product\/supynes-gandralizdis-juodos\/#breadcrumb"},"inLanguage":"en-US","potentialAction":[{"@type":"ReadAction","target":["https:\/\/monti.lt\/product\/supynes-gandralizdis-juodos\/"]}]},{"@type":"ImageObject","inLanguage":"en-US","@id":"https:\/\/monti.lt\/product\/supynes-gandralizdis-juodos\/#primaryimage","url":"https:\/\/monti.lt\/wp-content\/uploads\/2024\/05\/lit_pl_Supynes-gandralizdziui-100-cm-juodos-15004_8.jpg","contentUrl":"https:\/\/monti.lt\/wp-content\/uploads\/2024\/05\/lit_pl_Supynes-gandralizdziui-100-cm-juodos-15004_8.jpg","width":500,"height":500,"caption":"gandro lizdas"},{"@type":"BreadcrumbList","@id":"https:\/\/monti.lt\/product\/supynes-gandralizdis-juodos\/#breadcrumb","itemListElement":[{"@type":"ListItem","position":1,"name":"Home","item":"https:\/\/monti.lt\/"},{"@type":"ListItem","position":2,"name":"Parduotuv\u0117","item":"https:\/\/monti.lt\/shop\/"},{"@type":"ListItem","position":3,"name":"Supyn\u0117s gandralizdis, juodos"}]},{"@type":"WebSite","@id":"https:\/\/monti.lt\/#website","url":"https:\/\/monti.lt\/","name":"Montessori \u017eaislai","description":"","publisher":{"@id":"https:\/\/monti.lt\/#organization"},"potentialAction":[{"@type":"SearchAction","target":{"@type":"EntryPoint","urlTemplate":"https:\/\/monti.lt\/?s={search_term_string}"},"query-input":"required name=search_term_string"}],"inLanguage":"en-US"},{"@type":"Organization","@id":"https:\/\/monti.lt\/#organization","name":"Montessori \u017eaislai","url":"https:\/\/monti.lt\/","logo":{"@type":"ImageObject","inLanguage":"en-US","@id":"https:\/\/monti.lt\/#\/schema\/logo\/image\/","url":"https:\/\/monti.lt\/wp-content\/uploads\/2022\/03\/montilogo-1.png","contentUrl":"https:\/\/monti.lt\/wp-content\/uploads\/2022\/03\/montilogo-1.png","width":512,"height":512,"caption":"Montessori \u017eaislai"},"image":{"@id":"https:\/\/monti.lt\/#\/schema\/logo\/image\/"}}]}},"_links":{"self":[{"href":"https:\/\/monti.lt\/en\/wp-json\/wp\/v2\/product\/23293"}],"collection":[{"href":"https:\/\/monti.lt\/en\/wp-json\/wp\/v2\/product"}],"about":[{"href":"https:\/\/monti.lt\/en\/wp-json\/wp\/v2\/types\/product"}],"version-history":[{"count":1,"href":"https:\/\/monti.lt\/en\/wp-json\/wp\/v2\/product\/23293\/revisions"}],"predecessor-version":[{"id":23297,"href":"https:\/\/monti.lt\/en\/wp-json\/wp\/v2\/product\/23293\/revisions\/23297"}],"wp:featuredmedia":[{"embeddable":true,"href":"https:\/\/monti.lt\/en\/wp-json\/wp\/v2\/media\/23294"}],"wp:attachment":[{"href":"https:\/\/monti.lt\/en\/wp-json\/wp\/v2\/media?parent=23293"}],"wp:term":[{"taxonomy":"product_cat","embeddable":true,"href":"https:\/\/monti.lt\/en\/wp-json\/wp\/v2\/product_cat?post=23293"},{"taxonomy":"product_tag","embeddable":true,"href":"https:\/\/monti.lt\/en\/wp-json\/wp\/v2\/product_tag?post=23293"}],"curies":[{"name":"wp","href":"https:\/\/api.w.org\/{rel}","templated":true}]}}