{"id":23401,"date":"2024-05-09T11:13:35","date_gmt":"2024-05-09T11:13:35","guid":{"rendered":"https:\/\/monti.lt\/?post_type=product&#038;p=23401"},"modified":"2025-11-28T11:02:31","modified_gmt":"2025-11-28T11:02:31","slug":"tooky-toy-manipuliacine-lenta-uzraktai","status":"publish","type":"product","link":"https:\/\/monti.lt\/en\/product\/tooky-toy-manipuliacine-lenta-uzraktai\/","title":{"rendered":"Tooky toy manipuliacin\u0117 lenta &#8220;u\u017eraktai&#8221;"},"content":{"rendered":"<p><strong>D\u0117l fantasti\u0161kos Tooky Toy<\/strong>&nbsp;lentos u\u017etrauktuk\u0173 ir u\u017esegim\u0173 paslap\u010di\u0173 atradimas tampa kupinu d\u017eiaugsmo nuotykiu&nbsp;! \u0160i mokomoji lenta skirta k\u016brybi\u0161kai ir \u012fdomiai lavinti j\u016bs\u0173 vaiko \u012fg\u016bd\u017eius.<\/p>\n\n\n\n<p>Lenta susideda i\u0161 vientisos medin\u0117s lentos, ant kurios&nbsp;<strong>u\u017ededamos trys skirtingos spynos.<\/strong>&nbsp;U\u017e j\u0173 \u2013 mielos gyv\u016bn\u0173 nuotraukos, kurios dar labiau \u012fkvepia ma\u017eylio vaizduot\u0119. Be to, plok\u0161t\u0117 apr\u016bpinta&nbsp;<strong>interaktyviomis pavaromis<\/strong>&nbsp;, kurios suteikia papildomos linksmyb\u0117s. Vaikas jas gali laisvai sukti, lavindamas motorik\u0105, formuodamas \u0161viesos ir \u0161e\u0161\u0117li\u0173 suvokim\u0105.<\/p>\n\n\n\n<p>Praturtina mokom\u0105j\u012f lentos pob\u016bd\u012f, joje taip pat yra&nbsp;<strong>d\u0117lion\u0117 su \u012fvairi\u0173 form\u0173 ir spalv\u0173 smeigtukais<\/strong>&nbsp;. Po kiekvienu i\u0161 j\u0173 puikuojasi nuostab\u016bs paveiksl\u0117liai, kurie ne tik lavina form\u0173 atpa\u017einimo \u012fg\u016bd\u017eius, bet ir skatina tyrin\u0117ti bei login\u012f m\u0105stym\u0105.<\/p>\n\n\n\n<p>Ir tai dar ne pabaiga! Tooky Toy lentoje taip pat yra mielas laikrodis su judan\u010diomis rodykl\u0117mis, kuri\u0173 d\u0117ka ma\u017eylis gali i\u0161mokti valandas ir lavinti laiko steb\u0117jimo \u012fg\u016bd\u017eius. Tai visapusi\u0161kas edukacinis sprendimas, u\u017etikrinantis tiek rank\u0173 dailumo, tiek loginio m\u0105stymo ugdym\u0105.<\/p>\n\n\n\n<p><strong>Charakteristika:<\/strong><\/p>\n\n\n\n<ul class=\"wp-block-list\">\n<li>&#8211; \u017eaislas, skirtas 3 met\u0173 ir vyresniems vaikams<\/li>\n\n\n\n<li>&#8211; \u017eaislas turi daug veiklos: spynos, langai, krumpliara\u010diai, d\u0117lion\u0117, laikrodis<\/li>\n\n\n\n<li>&#8211; pagamintas i\u0161 med\u017eio, da\u017eytas saugiais ir patvariais da\u017eais<\/li>\n<\/ul>\n\n\n\n<p><strong>\u017daislas vysto:<\/strong><\/p>\n\n\n\n<ul class=\"wp-block-list\">\n<li>&#8211; smulkioji motorika<\/li>\n\n\n\n<li>&#8211; rankiniai \u012fg\u016bd\u017eiai<\/li>\n\n\n\n<li>&#8211; koordinacija<\/li>\n\n\n\n<li>&#8211; k\u016brybi\u0161kumas<\/li>\n\n\n\n<li>&#8211; vaizduot\u0117s<\/li>\n<\/ul>","protected":false},"excerpt":{"rendered":"<p>D\u0117l fantasti\u0161kos Tooky Toy&nbsp;lentos u\u017etrauktuk\u0173 ir u\u017esegim\u0173 paslap\u010di\u0173 atradimas tampa kupinu d\u017eiaugsmo nuotykiu&nbsp;! \u0160i mokomoji lenta skirta k\u016brybi\u0161kai ir \u012fdomiai lavinti j\u016bs\u0173 vaiko \u012fg\u016bd\u017eius. Lenta susideda i\u0161 vientisos medin\u0117s lentos, ant kurios&nbsp;u\u017ededamos trys skirtingos spynos.&nbsp;U\u017e j\u0173 \u2013 mielos gyv\u016bn\u0173 nuotraukos, kurios dar labiau \u012fkvepia ma\u017eylio vaizduot\u0119. Be to, plok\u0161t\u0117 apr\u016bpinta&nbsp;interaktyviomis pavaromis&nbsp;, kurios suteikia papildomos linksmyb\u0117s. [&hellip;]<\/p>","protected":false},"featured_media":23402,"template":"","meta":{"_acf_changed":false,"iawp_total_views":574},"product_cat":[193,194,195,191],"product_tag":[95,96,97],"class_list":{"0":"post-23401","1":"product","2":"type-product","3":"status-publish","4":"has-post-thumbnail","6":"product_cat-dovanos-vaikams-1-2-metu","7":"product_cat-dovanos-vaikams-2-3-metu","8":"product_cat-dovanos-vaikams-3-4-metu","9":"product_cat-dovanos-vaikams","10":"product_tag-1-m-2-m","11":"product_tag-2-m-3-m","12":"product_tag-3-m-4-m","14":"first","15":"outofstock","16":"sale","17":"taxable","18":"shipping-taxable","19":"purchasable","20":"product-type-simple"},"acf":[],"yoast_head":"<!-- This site is optimized with the Yoast SEO plugin v23.3 - https:\/\/yoast.com\/wordpress\/plugins\/seo\/ -->\n<title>Tooky toy manipuliacin\u0117 lenta &quot;u\u017eraktai&quot; - Montessori \u017eaislai<\/title>\n<meta name=\"robots\" content=\"index, follow, max-snippet:-1, max-image-preview:large, max-video-preview:-1\" \/>\n<link rel=\"canonical\" href=\"https:\/\/monti.lt\/en\/product\/tooky-toy-manipuliacine-lenta-uzraktai\/\" \/>\n<meta property=\"og:locale\" content=\"en_US\" \/>\n<meta property=\"og:type\" content=\"article\" \/>\n<meta property=\"og:title\" content=\"Tooky toy manipuliacin\u0117 lenta &quot;u\u017eraktai&quot; - Montessori \u017eaislai\" \/>\n<meta property=\"og:description\" content=\"D\u0117l fantasti\u0161kos Tooky Toy&nbsp;lentos u\u017etrauktuk\u0173 ir u\u017esegim\u0173 paslap\u010di\u0173 atradimas tampa kupinu d\u017eiaugsmo nuotykiu&nbsp;! \u0160i mokomoji lenta skirta k\u016brybi\u0161kai ir \u012fdomiai lavinti j\u016bs\u0173 vaiko \u012fg\u016bd\u017eius. Lenta susideda i\u0161 vientisos medin\u0117s lentos, ant kurios&nbsp;u\u017ededamos trys skirtingos spynos.&nbsp;U\u017e j\u0173 \u2013 mielos gyv\u016bn\u0173 nuotraukos, kurios dar labiau \u012fkvepia ma\u017eylio vaizduot\u0119. Be to, plok\u0161t\u0117 apr\u016bpinta&nbsp;interaktyviomis pavaromis&nbsp;, kurios suteikia papildomos linksmyb\u0117s. [&hellip;]\" \/>\n<meta property=\"og:url\" content=\"https:\/\/monti.lt\/en\/product\/tooky-toy-manipuliacine-lenta-uzraktai\/\" \/>\n<meta property=\"og:site_name\" content=\"Montessori \u017eaislai\" \/>\n<meta property=\"article:modified_time\" content=\"2025-11-28T11:02:31+00:00\" \/>\n<meta property=\"og:image\" content=\"https:\/\/monti.lt\/wp-content\/uploads\/2024\/05\/tooky-toy-tablica-manipulacyjna-zamki-zebatki-sorter-zegar-2.jpg\" \/>\n\t<meta property=\"og:image:width\" content=\"800\" \/>\n\t<meta property=\"og:image:height\" content=\"800\" \/>\n\t<meta property=\"og:image:type\" content=\"image\/jpeg\" \/>\n<meta name=\"twitter:card\" content=\"summary_large_image\" \/>\n<meta name=\"twitter:label1\" content=\"Est. reading time\" \/>\n\t<meta name=\"twitter:data1\" content=\"2 minutes\" \/>\n<script type=\"application\/ld+json\" class=\"yoast-schema-graph\">{\"@context\":\"https:\/\/schema.org\",\"@graph\":[{\"@type\":\"WebPage\",\"@id\":\"https:\/\/monti.lt\/product\/tooky-toy-manipuliacine-lenta-uzraktai\/\",\"url\":\"https:\/\/monti.lt\/product\/tooky-toy-manipuliacine-lenta-uzraktai\/\",\"name\":\"Tooky toy manipuliacin\u0117 lenta \\\"u\u017eraktai\\\" - Montessori \u017eaislai\",\"isPartOf\":{\"@id\":\"https:\/\/monti.lt\/#website\"},\"primaryImageOfPage\":{\"@id\":\"https:\/\/monti.lt\/product\/tooky-toy-manipuliacine-lenta-uzraktai\/#primaryimage\"},\"image\":{\"@id\":\"https:\/\/monti.lt\/product\/tooky-toy-manipuliacine-lenta-uzraktai\/#primaryimage\"},\"thumbnailUrl\":\"https:\/\/monti.lt\/wp-content\/uploads\/2024\/05\/tooky-toy-tablica-manipulacyjna-zamki-zebatki-sorter-zegar-2.jpg\",\"datePublished\":\"2024-05-09T11:13:35+00:00\",\"dateModified\":\"2025-11-28T11:02:31+00:00\",\"breadcrumb\":{\"@id\":\"https:\/\/monti.lt\/product\/tooky-toy-manipuliacine-lenta-uzraktai\/#breadcrumb\"},\"inLanguage\":\"en-US\",\"potentialAction\":[{\"@type\":\"ReadAction\",\"target\":[\"https:\/\/monti.lt\/product\/tooky-toy-manipuliacine-lenta-uzraktai\/\"]}]},{\"@type\":\"ImageObject\",\"inLanguage\":\"en-US\",\"@id\":\"https:\/\/monti.lt\/product\/tooky-toy-manipuliacine-lenta-uzraktai\/#primaryimage\",\"url\":\"https:\/\/monti.lt\/wp-content\/uploads\/2024\/05\/tooky-toy-tablica-manipulacyjna-zamki-zebatki-sorter-zegar-2.jpg\",\"contentUrl\":\"https:\/\/monti.lt\/wp-content\/uploads\/2024\/05\/tooky-toy-tablica-manipulacyjna-zamki-zebatki-sorter-zegar-2.jpg\",\"width\":800,\"height\":800,\"caption\":\"lenta su u\u017eraktais\"},{\"@type\":\"BreadcrumbList\",\"@id\":\"https:\/\/monti.lt\/product\/tooky-toy-manipuliacine-lenta-uzraktai\/#breadcrumb\",\"itemListElement\":[{\"@type\":\"ListItem\",\"position\":1,\"name\":\"Home\",\"item\":\"https:\/\/monti.lt\/\"},{\"@type\":\"ListItem\",\"position\":2,\"name\":\"Parduotuv\u0117\",\"item\":\"https:\/\/monti.lt\/shop\/\"},{\"@type\":\"ListItem\",\"position\":3,\"name\":\"Tooky toy manipuliacin\u0117 lenta &#8220;u\u017eraktai&#8221;\"}]},{\"@type\":\"WebSite\",\"@id\":\"https:\/\/monti.lt\/#website\",\"url\":\"https:\/\/monti.lt\/\",\"name\":\"Montessori \u017eaislai\",\"description\":\"\",\"publisher\":{\"@id\":\"https:\/\/monti.lt\/#organization\"},\"potentialAction\":[{\"@type\":\"SearchAction\",\"target\":{\"@type\":\"EntryPoint\",\"urlTemplate\":\"https:\/\/monti.lt\/?s={search_term_string}\"},\"query-input\":\"required name=search_term_string\"}],\"inLanguage\":\"en-US\"},{\"@type\":\"Organization\",\"@id\":\"https:\/\/monti.lt\/#organization\",\"name\":\"Montessori \u017eaislai\",\"url\":\"https:\/\/monti.lt\/\",\"logo\":{\"@type\":\"ImageObject\",\"inLanguage\":\"en-US\",\"@id\":\"https:\/\/monti.lt\/#\/schema\/logo\/image\/\",\"url\":\"https:\/\/monti.lt\/wp-content\/uploads\/2022\/03\/montilogo-1.png\",\"contentUrl\":\"https:\/\/monti.lt\/wp-content\/uploads\/2022\/03\/montilogo-1.png\",\"width\":512,\"height\":512,\"caption\":\"Montessori \u017eaislai\"},\"image\":{\"@id\":\"https:\/\/monti.lt\/#\/schema\/logo\/image\/\"}}]}<\/script>\n<!-- \/ Yoast SEO plugin. -->","yoast_head_json":{"title":"Tooky toy manipuliacin\u0117 lenta \"u\u017eraktai\" - Montessori \u017eaislai","robots":{"index":"index","follow":"follow","max-snippet":"max-snippet:-1","max-image-preview":"max-image-preview:large","max-video-preview":"max-video-preview:-1"},"canonical":"https:\/\/monti.lt\/en\/product\/tooky-toy-manipuliacine-lenta-uzraktai\/","og_locale":"en_US","og_type":"article","og_title":"Tooky toy manipuliacin\u0117 lenta \"u\u017eraktai\" - Montessori \u017eaislai","og_description":"D\u0117l fantasti\u0161kos Tooky Toy&nbsp;lentos u\u017etrauktuk\u0173 ir u\u017esegim\u0173 paslap\u010di\u0173 atradimas tampa kupinu d\u017eiaugsmo nuotykiu&nbsp;! \u0160i mokomoji lenta skirta k\u016brybi\u0161kai ir \u012fdomiai lavinti j\u016bs\u0173 vaiko \u012fg\u016bd\u017eius. Lenta susideda i\u0161 vientisos medin\u0117s lentos, ant kurios&nbsp;u\u017ededamos trys skirtingos spynos.&nbsp;U\u017e j\u0173 \u2013 mielos gyv\u016bn\u0173 nuotraukos, kurios dar labiau \u012fkvepia ma\u017eylio vaizduot\u0119. Be to, plok\u0161t\u0117 apr\u016bpinta&nbsp;interaktyviomis pavaromis&nbsp;, kurios suteikia papildomos linksmyb\u0117s. [&hellip;]","og_url":"https:\/\/monti.lt\/en\/product\/tooky-toy-manipuliacine-lenta-uzraktai\/","og_site_name":"Montessori \u017eaislai","article_modified_time":"2025-11-28T11:02:31+00:00","og_image":[{"width":800,"height":800,"url":"https:\/\/monti.lt\/wp-content\/uploads\/2024\/05\/tooky-toy-tablica-manipulacyjna-zamki-zebatki-sorter-zegar-2.jpg","type":"image\/jpeg"}],"twitter_card":"summary_large_image","twitter_misc":{"Est. reading time":"2 minutes"},"schema":{"@context":"https:\/\/schema.org","@graph":[{"@type":"WebPage","@id":"https:\/\/monti.lt\/product\/tooky-toy-manipuliacine-lenta-uzraktai\/","url":"https:\/\/monti.lt\/product\/tooky-toy-manipuliacine-lenta-uzraktai\/","name":"Tooky toy manipuliacin\u0117 lenta \"u\u017eraktai\" - Montessori \u017eaislai","isPartOf":{"@id":"https:\/\/monti.lt\/#website"},"primaryImageOfPage":{"@id":"https:\/\/monti.lt\/product\/tooky-toy-manipuliacine-lenta-uzraktai\/#primaryimage"},"image":{"@id":"https:\/\/monti.lt\/product\/tooky-toy-manipuliacine-lenta-uzraktai\/#primaryimage"},"thumbnailUrl":"https:\/\/monti.lt\/wp-content\/uploads\/2024\/05\/tooky-toy-tablica-manipulacyjna-zamki-zebatki-sorter-zegar-2.jpg","datePublished":"2024-05-09T11:13:35+00:00","dateModified":"2025-11-28T11:02:31+00:00","breadcrumb":{"@id":"https:\/\/monti.lt\/product\/tooky-toy-manipuliacine-lenta-uzraktai\/#breadcrumb"},"inLanguage":"en-US","potentialAction":[{"@type":"ReadAction","target":["https:\/\/monti.lt\/product\/tooky-toy-manipuliacine-lenta-uzraktai\/"]}]},{"@type":"ImageObject","inLanguage":"en-US","@id":"https:\/\/monti.lt\/product\/tooky-toy-manipuliacine-lenta-uzraktai\/#primaryimage","url":"https:\/\/monti.lt\/wp-content\/uploads\/2024\/05\/tooky-toy-tablica-manipulacyjna-zamki-zebatki-sorter-zegar-2.jpg","contentUrl":"https:\/\/monti.lt\/wp-content\/uploads\/2024\/05\/tooky-toy-tablica-manipulacyjna-zamki-zebatki-sorter-zegar-2.jpg","width":800,"height":800,"caption":"lenta su u\u017eraktais"},{"@type":"BreadcrumbList","@id":"https:\/\/monti.lt\/product\/tooky-toy-manipuliacine-lenta-uzraktai\/#breadcrumb","itemListElement":[{"@type":"ListItem","position":1,"name":"Home","item":"https:\/\/monti.lt\/"},{"@type":"ListItem","position":2,"name":"Parduotuv\u0117","item":"https:\/\/monti.lt\/shop\/"},{"@type":"ListItem","position":3,"name":"Tooky toy manipuliacin\u0117 lenta &#8220;u\u017eraktai&#8221;"}]},{"@type":"WebSite","@id":"https:\/\/monti.lt\/#website","url":"https:\/\/monti.lt\/","name":"Montessori \u017eaislai","description":"","publisher":{"@id":"https:\/\/monti.lt\/#organization"},"potentialAction":[{"@type":"SearchAction","target":{"@type":"EntryPoint","urlTemplate":"https:\/\/monti.lt\/?s={search_term_string}"},"query-input":"required name=search_term_string"}],"inLanguage":"en-US"},{"@type":"Organization","@id":"https:\/\/monti.lt\/#organization","name":"Montessori \u017eaislai","url":"https:\/\/monti.lt\/","logo":{"@type":"ImageObject","inLanguage":"en-US","@id":"https:\/\/monti.lt\/#\/schema\/logo\/image\/","url":"https:\/\/monti.lt\/wp-content\/uploads\/2022\/03\/montilogo-1.png","contentUrl":"https:\/\/monti.lt\/wp-content\/uploads\/2022\/03\/montilogo-1.png","width":512,"height":512,"caption":"Montessori \u017eaislai"},"image":{"@id":"https:\/\/monti.lt\/#\/schema\/logo\/image\/"}}]}},"_links":{"self":[{"href":"https:\/\/monti.lt\/en\/wp-json\/wp\/v2\/product\/23401"}],"collection":[{"href":"https:\/\/monti.lt\/en\/wp-json\/wp\/v2\/product"}],"about":[{"href":"https:\/\/monti.lt\/en\/wp-json\/wp\/v2\/types\/product"}],"version-history":[{"count":1,"href":"https:\/\/monti.lt\/en\/wp-json\/wp\/v2\/product\/23401\/revisions"}],"predecessor-version":[{"id":23404,"href":"https:\/\/monti.lt\/en\/wp-json\/wp\/v2\/product\/23401\/revisions\/23404"}],"wp:featuredmedia":[{"embeddable":true,"href":"https:\/\/monti.lt\/en\/wp-json\/wp\/v2\/media\/23402"}],"wp:attachment":[{"href":"https:\/\/monti.lt\/en\/wp-json\/wp\/v2\/media?parent=23401"}],"wp:term":[{"taxonomy":"product_cat","embeddable":true,"href":"https:\/\/monti.lt\/en\/wp-json\/wp\/v2\/product_cat?post=23401"},{"taxonomy":"product_tag","embeddable":true,"href":"https:\/\/monti.lt\/en\/wp-json\/wp\/v2\/product_tag?post=23401"}],"curies":[{"name":"wp","href":"https:\/\/api.w.org\/{rel}","templated":true}]}}