{"id":23405,"date":"2024-05-09T11:16:40","date_gmt":"2024-05-09T11:16:40","guid":{"rendered":"https:\/\/monti.lt\/?post_type=product&#038;p=23405"},"modified":"2025-11-20T20:11:04","modified_gmt":"2025-11-20T20:11:04","slug":"zaidimas-paslaptinga-dezute","status":"publish","type":"product","link":"https:\/\/monti.lt\/en\/product\/zaidimas-paslaptinga-dezute\/","title":{"rendered":"\u017daidimas &#8220;Paslaptinga d\u0117\u017eut\u0117&#8221;"},"content":{"rendered":"<p><strong>Mystery Box<\/strong>&nbsp;i\u0161&nbsp;<strong>Woopie<\/strong>&nbsp;yra puikus&nbsp;<strong>daugiafunkcis \u017eaidimas<\/strong>&nbsp;, kuris suteiks tiek savaranki\u0161ko, tiek socialinio linksmumo. \u017daidime yra&nbsp;<strong>15 medini\u0173 fig\u016br\u0117li\u0173, \u012fskaitant gyv\u016bnus, gryb\u0105, vaivoryk\u0161t\u0119 ir miel\u0105 debes\u0117l\u012f, pasl\u0117pt\u0105 paslaptingoje d\u0117\u017eut\u0117je.<\/strong>&nbsp;Vaikai pasirenka vien\u0105 i\u0161&nbsp;<strong>15 korteli\u0173<\/strong>&nbsp;, i\u0161tiesia rank\u0105 \u012f d\u0117\u017eut\u0119 ir lyt\u0117dami suras paveiksl\u0117lyje nurodyt\u0105 fig\u016br\u0105 ir su\u017eino jos form\u0105. Mystery Box yra originalus \u017eaidimas, kuris yra labai populiarus. Lavina vaik\u0173 lyt\u0117jimo jausm\u0105. lavina smulki\u0105j\u0105 motorik\u0105 ir d\u0117mes\u012f. Rinkinys suteikia daug k\u016brybini\u0173 \u017eaidim\u0173 variant\u0173, pvz., derinti poras, i\u0161mokti spalvas, gyv\u016bn\u0173 pavadinimus ir sud\u0117ti.<\/p>\n\n\n\n<p><strong>Charakteristika:<\/strong><\/p>\n\n\n\n<ul class=\"wp-block-list\">\n<li>&#8211; \u017eaislas vaikams&nbsp;<strong>nuo 3 met\u0173<\/strong><\/li>\n\n\n\n<li>&#8211; yra&nbsp;<strong>32 elementai<\/strong><\/li>\n\n\n\n<li><strong>&#8211; pagamintas i\u0161 FSC<\/strong>&nbsp;sertifikuotos medienos<strong><\/strong><\/li>\n\n\n\n<li>&#8211;&nbsp;<strong>puikus produktas kaip dovana<\/strong><\/li>\n<\/ul>\n\n\n\n<p><strong>\u017daislas vysto:<\/strong><\/p>\n\n\n\n<ul class=\"wp-block-list\">\n<li><strong>&#8211;<\/strong>&nbsp;lyt\u0117jimo poj\u016btis<\/li>\n\n\n\n<li>&#8211; smulkioji motorika<\/li>\n\n\n\n<li>&#8211; aki\u0173-rank\u0173 koordinacija<\/li>\n\n\n\n<li>&#8211; d\u0117mesys ir koncentracija<\/li>\n\n\n\n<li>&#8211; rankiniai \u012fg\u016bd\u017eiai<\/li>\n\n\n\n<li>&#8211; vaizduot\u0117 ir k\u016brybi\u0161kumas<\/li>\n<\/ul>","protected":false},"excerpt":{"rendered":"<p>Mystery Box&nbsp;i\u0161&nbsp;Woopie&nbsp;yra puikus&nbsp;daugiafunkcis \u017eaidimas&nbsp;, kuris suteiks tiek savaranki\u0161ko, tiek socialinio linksmumo. \u017daidime yra&nbsp;15 medini\u0173 fig\u016br\u0117li\u0173, \u012fskaitant gyv\u016bnus, gryb\u0105, vaivoryk\u0161t\u0119 ir miel\u0105 debes\u0117l\u012f, pasl\u0117pt\u0105 paslaptingoje d\u0117\u017eut\u0117je.&nbsp;Vaikai pasirenka vien\u0105 i\u0161&nbsp;15 korteli\u0173&nbsp;, i\u0161tiesia rank\u0105 \u012f d\u0117\u017eut\u0119 ir lyt\u0117dami suras paveiksl\u0117lyje nurodyt\u0105 fig\u016br\u0105 ir su\u017eino jos form\u0105. Mystery Box yra originalus \u017eaidimas, kuris yra labai populiarus. Lavina vaik\u0173 lyt\u0117jimo [&hellip;]<\/p>","protected":false},"featured_media":23406,"template":"","meta":{"_acf_changed":false,"iawp_total_views":2418},"product_cat":[84,91,102,90,86,199,49,39,201],"product_tag":[96,97,98],"class_list":{"0":"post-23405","1":"product","2":"type-product","3":"status-publish","4":"has-post-thumbnail","6":"product_cat-lavinamieji-zaislai","7":"product_cat-loginiam-mastymui","8":"product_cat-mediniai-zaislai","9":"product_cat-pasaulio-pazinimas","10":"product_cat-smulkioji-motorika","11":"product_cat-ugdymo-istaigoms","12":"product_cat-visi-zaislai","13":"product_cat-zaislai","14":"product_cat-zaislai-kelioneje","15":"product_tag-2-m-3-m","16":"product_tag-3-m-4-m","17":"product_tag-5-m-7-m","19":"first","20":"outofstock","21":"taxable","22":"shipping-taxable","23":"purchasable","24":"product-type-simple"},"acf":[],"yoast_head":"<!-- This site is optimized with the Yoast SEO plugin v23.3 - https:\/\/yoast.com\/wordpress\/plugins\/seo\/ -->\n<title>\u017daidimas &quot;Paslaptinga d\u0117\u017eut\u0117&quot; - Montessori \u017eaislai<\/title>\n<meta name=\"robots\" content=\"index, follow, max-snippet:-1, max-image-preview:large, max-video-preview:-1\" \/>\n<link rel=\"canonical\" href=\"https:\/\/monti.lt\/en\/product\/zaidimas-paslaptinga-dezute\/\" \/>\n<meta property=\"og:locale\" content=\"en_US\" \/>\n<meta property=\"og:type\" content=\"article\" \/>\n<meta property=\"og:title\" content=\"\u017daidimas &quot;Paslaptinga d\u0117\u017eut\u0117&quot; - Montessori \u017eaislai\" \/>\n<meta property=\"og:description\" content=\"Mystery Box&nbsp;i\u0161&nbsp;Woopie&nbsp;yra puikus&nbsp;daugiafunkcis \u017eaidimas&nbsp;, kuris suteiks tiek savaranki\u0161ko, tiek socialinio linksmumo. \u017daidime yra&nbsp;15 medini\u0173 fig\u016br\u0117li\u0173, \u012fskaitant gyv\u016bnus, gryb\u0105, vaivoryk\u0161t\u0119 ir miel\u0105 debes\u0117l\u012f, pasl\u0117pt\u0105 paslaptingoje d\u0117\u017eut\u0117je.&nbsp;Vaikai pasirenka vien\u0105 i\u0161&nbsp;15 korteli\u0173&nbsp;, i\u0161tiesia rank\u0105 \u012f d\u0117\u017eut\u0119 ir lyt\u0117dami suras paveiksl\u0117lyje nurodyt\u0105 fig\u016br\u0105 ir su\u017eino jos form\u0105. Mystery Box yra originalus \u017eaidimas, kuris yra labai populiarus. Lavina vaik\u0173 lyt\u0117jimo [&hellip;]\" \/>\n<meta property=\"og:url\" content=\"https:\/\/monti.lt\/en\/product\/zaidimas-paslaptinga-dezute\/\" \/>\n<meta property=\"og:site_name\" content=\"Montessori \u017eaislai\" \/>\n<meta property=\"article:modified_time\" content=\"2025-11-20T20:11:04+00:00\" \/>\n<meta property=\"og:image\" content=\"https:\/\/monti.lt\/wp-content\/uploads\/2024\/05\/woopie-green-tajemnicze-pudelko-dotknij-i-dopasuj-fsc.jpg\" \/>\n\t<meta property=\"og:image:width\" content=\"800\" \/>\n\t<meta property=\"og:image:height\" content=\"800\" \/>\n\t<meta property=\"og:image:type\" content=\"image\/jpeg\" \/>\n<meta name=\"twitter:card\" content=\"summary_large_image\" \/>\n<meta name=\"twitter:label1\" content=\"Est. reading time\" \/>\n\t<meta name=\"twitter:data1\" content=\"1 minute\" \/>\n<script type=\"application\/ld+json\" class=\"yoast-schema-graph\">{\"@context\":\"https:\/\/schema.org\",\"@graph\":[{\"@type\":\"WebPage\",\"@id\":\"https:\/\/monti.lt\/product\/zaidimas-paslaptinga-dezute\/\",\"url\":\"https:\/\/monti.lt\/product\/zaidimas-paslaptinga-dezute\/\",\"name\":\"\u017daidimas \\\"Paslaptinga d\u0117\u017eut\u0117\\\" - Montessori \u017eaislai\",\"isPartOf\":{\"@id\":\"https:\/\/monti.lt\/#website\"},\"primaryImageOfPage\":{\"@id\":\"https:\/\/monti.lt\/product\/zaidimas-paslaptinga-dezute\/#primaryimage\"},\"image\":{\"@id\":\"https:\/\/monti.lt\/product\/zaidimas-paslaptinga-dezute\/#primaryimage\"},\"thumbnailUrl\":\"https:\/\/monti.lt\/wp-content\/uploads\/2024\/05\/woopie-green-tajemnicze-pudelko-dotknij-i-dopasuj-fsc.jpg\",\"datePublished\":\"2024-05-09T11:16:40+00:00\",\"dateModified\":\"2025-11-20T20:11:04+00:00\",\"breadcrumb\":{\"@id\":\"https:\/\/monti.lt\/product\/zaidimas-paslaptinga-dezute\/#breadcrumb\"},\"inLanguage\":\"en-US\",\"potentialAction\":[{\"@type\":\"ReadAction\",\"target\":[\"https:\/\/monti.lt\/product\/zaidimas-paslaptinga-dezute\/\"]}]},{\"@type\":\"ImageObject\",\"inLanguage\":\"en-US\",\"@id\":\"https:\/\/monti.lt\/product\/zaidimas-paslaptinga-dezute\/#primaryimage\",\"url\":\"https:\/\/monti.lt\/wp-content\/uploads\/2024\/05\/woopie-green-tajemnicze-pudelko-dotknij-i-dopasuj-fsc.jpg\",\"contentUrl\":\"https:\/\/monti.lt\/wp-content\/uploads\/2024\/05\/woopie-green-tajemnicze-pudelko-dotknij-i-dopasuj-fsc.jpg\",\"width\":800,\"height\":800,\"caption\":\"medinis \u017eaislas\"},{\"@type\":\"BreadcrumbList\",\"@id\":\"https:\/\/monti.lt\/product\/zaidimas-paslaptinga-dezute\/#breadcrumb\",\"itemListElement\":[{\"@type\":\"ListItem\",\"position\":1,\"name\":\"Home\",\"item\":\"https:\/\/monti.lt\/\"},{\"@type\":\"ListItem\",\"position\":2,\"name\":\"Parduotuv\u0117\",\"item\":\"https:\/\/monti.lt\/shop\/\"},{\"@type\":\"ListItem\",\"position\":3,\"name\":\"\u017daidimas &#8220;Paslaptinga d\u0117\u017eut\u0117&#8221;\"}]},{\"@type\":\"WebSite\",\"@id\":\"https:\/\/monti.lt\/#website\",\"url\":\"https:\/\/monti.lt\/\",\"name\":\"Montessori \u017eaislai\",\"description\":\"\",\"publisher\":{\"@id\":\"https:\/\/monti.lt\/#organization\"},\"potentialAction\":[{\"@type\":\"SearchAction\",\"target\":{\"@type\":\"EntryPoint\",\"urlTemplate\":\"https:\/\/monti.lt\/?s={search_term_string}\"},\"query-input\":\"required name=search_term_string\"}],\"inLanguage\":\"en-US\"},{\"@type\":\"Organization\",\"@id\":\"https:\/\/monti.lt\/#organization\",\"name\":\"Montessori \u017eaislai\",\"url\":\"https:\/\/monti.lt\/\",\"logo\":{\"@type\":\"ImageObject\",\"inLanguage\":\"en-US\",\"@id\":\"https:\/\/monti.lt\/#\/schema\/logo\/image\/\",\"url\":\"https:\/\/monti.lt\/wp-content\/uploads\/2022\/03\/montilogo-1.png\",\"contentUrl\":\"https:\/\/monti.lt\/wp-content\/uploads\/2022\/03\/montilogo-1.png\",\"width\":512,\"height\":512,\"caption\":\"Montessori \u017eaislai\"},\"image\":{\"@id\":\"https:\/\/monti.lt\/#\/schema\/logo\/image\/\"}}]}<\/script>\n<!-- \/ Yoast SEO plugin. -->","yoast_head_json":{"title":"\u017daidimas \"Paslaptinga d\u0117\u017eut\u0117\" - Montessori \u017eaislai","robots":{"index":"index","follow":"follow","max-snippet":"max-snippet:-1","max-image-preview":"max-image-preview:large","max-video-preview":"max-video-preview:-1"},"canonical":"https:\/\/monti.lt\/en\/product\/zaidimas-paslaptinga-dezute\/","og_locale":"en_US","og_type":"article","og_title":"\u017daidimas \"Paslaptinga d\u0117\u017eut\u0117\" - Montessori \u017eaislai","og_description":"Mystery Box&nbsp;i\u0161&nbsp;Woopie&nbsp;yra puikus&nbsp;daugiafunkcis \u017eaidimas&nbsp;, kuris suteiks tiek savaranki\u0161ko, tiek socialinio linksmumo. \u017daidime yra&nbsp;15 medini\u0173 fig\u016br\u0117li\u0173, \u012fskaitant gyv\u016bnus, gryb\u0105, vaivoryk\u0161t\u0119 ir miel\u0105 debes\u0117l\u012f, pasl\u0117pt\u0105 paslaptingoje d\u0117\u017eut\u0117je.&nbsp;Vaikai pasirenka vien\u0105 i\u0161&nbsp;15 korteli\u0173&nbsp;, i\u0161tiesia rank\u0105 \u012f d\u0117\u017eut\u0119 ir lyt\u0117dami suras paveiksl\u0117lyje nurodyt\u0105 fig\u016br\u0105 ir su\u017eino jos form\u0105. Mystery Box yra originalus \u017eaidimas, kuris yra labai populiarus. Lavina vaik\u0173 lyt\u0117jimo [&hellip;]","og_url":"https:\/\/monti.lt\/en\/product\/zaidimas-paslaptinga-dezute\/","og_site_name":"Montessori \u017eaislai","article_modified_time":"2025-11-20T20:11:04+00:00","og_image":[{"width":800,"height":800,"url":"https:\/\/monti.lt\/wp-content\/uploads\/2024\/05\/woopie-green-tajemnicze-pudelko-dotknij-i-dopasuj-fsc.jpg","type":"image\/jpeg"}],"twitter_card":"summary_large_image","twitter_misc":{"Est. reading time":"1 minute"},"schema":{"@context":"https:\/\/schema.org","@graph":[{"@type":"WebPage","@id":"https:\/\/monti.lt\/product\/zaidimas-paslaptinga-dezute\/","url":"https:\/\/monti.lt\/product\/zaidimas-paslaptinga-dezute\/","name":"\u017daidimas \"Paslaptinga d\u0117\u017eut\u0117\" - Montessori \u017eaislai","isPartOf":{"@id":"https:\/\/monti.lt\/#website"},"primaryImageOfPage":{"@id":"https:\/\/monti.lt\/product\/zaidimas-paslaptinga-dezute\/#primaryimage"},"image":{"@id":"https:\/\/monti.lt\/product\/zaidimas-paslaptinga-dezute\/#primaryimage"},"thumbnailUrl":"https:\/\/monti.lt\/wp-content\/uploads\/2024\/05\/woopie-green-tajemnicze-pudelko-dotknij-i-dopasuj-fsc.jpg","datePublished":"2024-05-09T11:16:40+00:00","dateModified":"2025-11-20T20:11:04+00:00","breadcrumb":{"@id":"https:\/\/monti.lt\/product\/zaidimas-paslaptinga-dezute\/#breadcrumb"},"inLanguage":"en-US","potentialAction":[{"@type":"ReadAction","target":["https:\/\/monti.lt\/product\/zaidimas-paslaptinga-dezute\/"]}]},{"@type":"ImageObject","inLanguage":"en-US","@id":"https:\/\/monti.lt\/product\/zaidimas-paslaptinga-dezute\/#primaryimage","url":"https:\/\/monti.lt\/wp-content\/uploads\/2024\/05\/woopie-green-tajemnicze-pudelko-dotknij-i-dopasuj-fsc.jpg","contentUrl":"https:\/\/monti.lt\/wp-content\/uploads\/2024\/05\/woopie-green-tajemnicze-pudelko-dotknij-i-dopasuj-fsc.jpg","width":800,"height":800,"caption":"medinis \u017eaislas"},{"@type":"BreadcrumbList","@id":"https:\/\/monti.lt\/product\/zaidimas-paslaptinga-dezute\/#breadcrumb","itemListElement":[{"@type":"ListItem","position":1,"name":"Home","item":"https:\/\/monti.lt\/"},{"@type":"ListItem","position":2,"name":"Parduotuv\u0117","item":"https:\/\/monti.lt\/shop\/"},{"@type":"ListItem","position":3,"name":"\u017daidimas &#8220;Paslaptinga d\u0117\u017eut\u0117&#8221;"}]},{"@type":"WebSite","@id":"https:\/\/monti.lt\/#website","url":"https:\/\/monti.lt\/","name":"Montessori \u017eaislai","description":"","publisher":{"@id":"https:\/\/monti.lt\/#organization"},"potentialAction":[{"@type":"SearchAction","target":{"@type":"EntryPoint","urlTemplate":"https:\/\/monti.lt\/?s={search_term_string}"},"query-input":"required name=search_term_string"}],"inLanguage":"en-US"},{"@type":"Organization","@id":"https:\/\/monti.lt\/#organization","name":"Montessori \u017eaislai","url":"https:\/\/monti.lt\/","logo":{"@type":"ImageObject","inLanguage":"en-US","@id":"https:\/\/monti.lt\/#\/schema\/logo\/image\/","url":"https:\/\/monti.lt\/wp-content\/uploads\/2022\/03\/montilogo-1.png","contentUrl":"https:\/\/monti.lt\/wp-content\/uploads\/2022\/03\/montilogo-1.png","width":512,"height":512,"caption":"Montessori \u017eaislai"},"image":{"@id":"https:\/\/monti.lt\/#\/schema\/logo\/image\/"}}]}},"_links":{"self":[{"href":"https:\/\/monti.lt\/en\/wp-json\/wp\/v2\/product\/23405"}],"collection":[{"href":"https:\/\/monti.lt\/en\/wp-json\/wp\/v2\/product"}],"about":[{"href":"https:\/\/monti.lt\/en\/wp-json\/wp\/v2\/types\/product"}],"version-history":[{"count":1,"href":"https:\/\/monti.lt\/en\/wp-json\/wp\/v2\/product\/23405\/revisions"}],"predecessor-version":[{"id":23412,"href":"https:\/\/monti.lt\/en\/wp-json\/wp\/v2\/product\/23405\/revisions\/23412"}],"wp:featuredmedia":[{"embeddable":true,"href":"https:\/\/monti.lt\/en\/wp-json\/wp\/v2\/media\/23406"}],"wp:attachment":[{"href":"https:\/\/monti.lt\/en\/wp-json\/wp\/v2\/media?parent=23405"}],"wp:term":[{"taxonomy":"product_cat","embeddable":true,"href":"https:\/\/monti.lt\/en\/wp-json\/wp\/v2\/product_cat?post=23405"},{"taxonomy":"product_tag","embeddable":true,"href":"https:\/\/monti.lt\/en\/wp-json\/wp\/v2\/product_tag?post=23405"}],"curies":[{"name":"wp","href":"https:\/\/api.w.org\/{rel}","templated":true}]}}