{"id":23413,"date":"2024-05-09T11:20:02","date_gmt":"2024-05-09T11:20:02","guid":{"rendered":"https:\/\/monti.lt\/?post_type=product&#038;p=23413"},"modified":"2026-03-13T18:54:06","modified_gmt":"2026-03-13T18:54:06","slug":"tooky-toy-jenga-zaidimas-gyvunai","status":"publish","type":"product","link":"https:\/\/monti.lt\/en\/product\/tooky-toy-jenga-zaidimas-gyvunai\/","title":{"rendered":"Tooky toy Jenga \u017eaidimas &#8220;Gyv\u016bnai&#8221;"},"content":{"rendered":"<p>TOOKY TOY Jenga Animals yra arkadinis \u017eaidimas vaikams nuo 3 met\u0173. Tai reikalauja, kad j\u016bs\u0173 vaikas susikaupt\u0173 ir logi\u0161kai m\u0105styt\u0173. Rinkin\u012f sudaro 82 elementai. Yra daug i\u0161d\u0117stymo galimybi\u0173, kurios u\u017etikrina ilgas linksmybi\u0173 valandas. Ekologi\u0161kas produktas, 100% saugus aplinkai ir J\u016bs\u0173 k\u016bdikiui. Elementai buvo pagaminti galvojant apie ma\u017eas k\u016bdikio rankytes. Rinkinys patraukia d\u0117mes\u012f ry\u0161kiomis spalvomis ir gyv\u016bn\u0173 iliustracijomis. Blokai pasi\u017eymi tvirtu apdirbimu. \u201eJenga\u201c \u017eaidimas, nepaisant jo paprastumo, tikrai suteiks fantasti\u0161k\u0105 patirt\u012f!<\/p>\n\n\n\n<p><strong>Charakteristika:&nbsp;<\/strong><\/p>\n\n\n\n<ul class=\"wp-block-list\">\n<li>&#8211; rinkin\u012f sudaro 82 elementai,<\/li>\n\n\n\n<li>&#8211; \u017eaidimas turi 24 skirtingus modelius,<\/li>\n\n\n\n<li>&#8211; gaminys i\u0161 med\u017eio,<\/li>\n\n\n\n<li>&#8211; da\u017eyti netoksi\u0161kais da\u017eais,<\/li>\n\n\n\n<li>&#8211; tai saugu vaikams,<\/li>\n\n\n\n<li>&#8211; Tvirtas darbas, d\u0117mesingas detal\u0117ms;<\/li>\n\n\n\n<li>&#8211; \u017eaidime statomas bok\u0161tas, kurio kiekviename auk\u0161te yra 3 blokai.<\/li>\n<\/ul>\n\n\n\n<p><strong>\u017daislas:<\/strong><\/p>\n\n\n\n<ul class=\"wp-block-list\">\n<li>&#8211; lavina vikrum\u0105,<\/li>\n\n\n\n<li>&#8211; lavina loginio m\u0105stymo \u012fg\u016bd\u017eius,<\/li>\n\n\n\n<li>&#8211; moko kantryb\u0117s,<\/li>\n\n\n\n<li>&#8211; lavina geb\u0117jim\u0105 atskirti gyv\u016bnus,<\/li>\n\n\n\n<li>&#8211; moko spalv\u0173,<\/li>\n\n\n\n<li>&#8211; lavina tikslum\u0105,<\/li>\n\n\n\n<li>&#8211; ugdo geb\u0117jim\u0105 dirbti su kitais.<\/li>\n<\/ul>","protected":false},"excerpt":{"rendered":"<p>TOOKY TOY Jenga Animals yra arkadinis \u017eaidimas vaikams nuo 3 met\u0173. Tai reikalauja, kad j\u016bs\u0173 vaikas susikaupt\u0173 ir logi\u0161kai m\u0105styt\u0173. Rinkin\u012f sudaro 82 elementai. Yra daug i\u0161d\u0117stymo galimybi\u0173, kurios u\u017etikrina ilgas linksmybi\u0173 valandas. Ekologi\u0161kas produktas, 100% saugus aplinkai ir J\u016bs\u0173 k\u016bdikiui. Elementai buvo pagaminti galvojant apie ma\u017eas k\u016bdikio rankytes. Rinkinys patraukia d\u0117mes\u012f ry\u0161kiomis spalvomis ir [&hellip;]<\/p>","protected":false},"featured_media":23414,"template":"","meta":{"_acf_changed":false,"iawp_total_views":644},"product_cat":[218,195,216,217,191,238,84,91,102,86,199,49,39,201],"product_tag":[101,97,98,99],"class_list":{"0":"post-23413","1":"product","2":"type-product","3":"status-publish","4":"has-post-thumbnail","6":"product_cat-darzeliu-grupems","7":"product_cat-dovanos-vaikams-3-4-metu","8":"product_cat-dovanos-4-5-metu-vaikams","9":"product_cat-dovanos-5-7-metu-vaikams","10":"product_cat-dovanos-vaikams","11":"product_cat-lauko-zaidimai","12":"product_cat-lavinamieji-zaislai","13":"product_cat-loginiam-mastymui","14":"product_cat-mediniai-zaislai","15":"product_cat-smulkioji-motorika","16":"product_cat-ugdymo-istaigoms","17":"product_cat-visi-zaislai","18":"product_cat-zaislai","19":"product_cat-zaislai-kelioneje","20":"product_tag-12-m-14-m","21":"product_tag-3-m-4-m","22":"product_tag-5-m-7-m","23":"product_tag-8-m-11-m","25":"first","26":"instock","27":"taxable","28":"shipping-taxable","29":"purchasable","30":"product-type-simple"},"acf":[],"yoast_head":"<!-- This site is optimized with the Yoast SEO plugin v23.3 - https:\/\/yoast.com\/wordpress\/plugins\/seo\/ -->\n<title>Tooky toy Jenga \u017eaidimas &quot;Gyv\u016bnai&quot; - Montessori \u017eaislai<\/title>\n<meta name=\"robots\" content=\"index, follow, max-snippet:-1, max-image-preview:large, max-video-preview:-1\" \/>\n<link rel=\"canonical\" href=\"https:\/\/monti.lt\/en\/product\/tooky-toy-jenga-zaidimas-gyvunai\/\" \/>\n<meta property=\"og:locale\" content=\"en_US\" \/>\n<meta property=\"og:type\" content=\"article\" \/>\n<meta property=\"og:title\" content=\"Tooky toy Jenga \u017eaidimas &quot;Gyv\u016bnai&quot; - Montessori \u017eaislai\" \/>\n<meta property=\"og:description\" content=\"TOOKY TOY Jenga Animals yra arkadinis \u017eaidimas vaikams nuo 3 met\u0173. Tai reikalauja, kad j\u016bs\u0173 vaikas susikaupt\u0173 ir logi\u0161kai m\u0105styt\u0173. Rinkin\u012f sudaro 82 elementai. Yra daug i\u0161d\u0117stymo galimybi\u0173, kurios u\u017etikrina ilgas linksmybi\u0173 valandas. Ekologi\u0161kas produktas, 100% saugus aplinkai ir J\u016bs\u0173 k\u016bdikiui. Elementai buvo pagaminti galvojant apie ma\u017eas k\u016bdikio rankytes. Rinkinys patraukia d\u0117mes\u012f ry\u0161kiomis spalvomis ir [&hellip;]\" \/>\n<meta property=\"og:url\" content=\"https:\/\/monti.lt\/en\/product\/tooky-toy-jenga-zaidimas-gyvunai\/\" \/>\n<meta property=\"og:site_name\" content=\"Montessori \u017eaislai\" \/>\n<meta property=\"article:modified_time\" content=\"2026-03-13T18:54:06+00:00\" \/>\n<meta property=\"og:image\" content=\"https:\/\/monti.lt\/wp-content\/uploads\/2024\/05\/tooky-toy-gra-zrecznosciowa-zwierzeta-82-el.jpg\" \/>\n\t<meta property=\"og:image:width\" content=\"800\" \/>\n\t<meta property=\"og:image:height\" content=\"800\" \/>\n\t<meta property=\"og:image:type\" content=\"image\/jpeg\" \/>\n<meta name=\"twitter:card\" content=\"summary_large_image\" \/>\n<meta name=\"twitter:label1\" content=\"Est. reading time\" \/>\n\t<meta name=\"twitter:data1\" content=\"1 minute\" \/>\n<script type=\"application\/ld+json\" class=\"yoast-schema-graph\">{\"@context\":\"https:\/\/schema.org\",\"@graph\":[{\"@type\":\"WebPage\",\"@id\":\"https:\/\/monti.lt\/product\/tooky-toy-jenga-zaidimas-gyvunai\/\",\"url\":\"https:\/\/monti.lt\/product\/tooky-toy-jenga-zaidimas-gyvunai\/\",\"name\":\"Tooky toy Jenga \u017eaidimas \\\"Gyv\u016bnai\\\" - Montessori \u017eaislai\",\"isPartOf\":{\"@id\":\"https:\/\/monti.lt\/#website\"},\"primaryImageOfPage\":{\"@id\":\"https:\/\/monti.lt\/product\/tooky-toy-jenga-zaidimas-gyvunai\/#primaryimage\"},\"image\":{\"@id\":\"https:\/\/monti.lt\/product\/tooky-toy-jenga-zaidimas-gyvunai\/#primaryimage\"},\"thumbnailUrl\":\"https:\/\/monti.lt\/wp-content\/uploads\/2024\/05\/tooky-toy-gra-zrecznosciowa-zwierzeta-82-el.jpg\",\"datePublished\":\"2024-05-09T11:20:02+00:00\",\"dateModified\":\"2026-03-13T18:54:06+00:00\",\"breadcrumb\":{\"@id\":\"https:\/\/monti.lt\/product\/tooky-toy-jenga-zaidimas-gyvunai\/#breadcrumb\"},\"inLanguage\":\"en-US\",\"potentialAction\":[{\"@type\":\"ReadAction\",\"target\":[\"https:\/\/monti.lt\/product\/tooky-toy-jenga-zaidimas-gyvunai\/\"]}]},{\"@type\":\"ImageObject\",\"inLanguage\":\"en-US\",\"@id\":\"https:\/\/monti.lt\/product\/tooky-toy-jenga-zaidimas-gyvunai\/#primaryimage\",\"url\":\"https:\/\/monti.lt\/wp-content\/uploads\/2024\/05\/tooky-toy-gra-zrecznosciowa-zwierzeta-82-el.jpg\",\"contentUrl\":\"https:\/\/monti.lt\/wp-content\/uploads\/2024\/05\/tooky-toy-gra-zrecznosciowa-zwierzeta-82-el.jpg\",\"width\":800,\"height\":800},{\"@type\":\"BreadcrumbList\",\"@id\":\"https:\/\/monti.lt\/product\/tooky-toy-jenga-zaidimas-gyvunai\/#breadcrumb\",\"itemListElement\":[{\"@type\":\"ListItem\",\"position\":1,\"name\":\"Home\",\"item\":\"https:\/\/monti.lt\/\"},{\"@type\":\"ListItem\",\"position\":2,\"name\":\"Parduotuv\u0117\",\"item\":\"https:\/\/monti.lt\/shop\/\"},{\"@type\":\"ListItem\",\"position\":3,\"name\":\"Tooky toy Jenga \u017eaidimas &#8220;Gyv\u016bnai&#8221;\"}]},{\"@type\":\"WebSite\",\"@id\":\"https:\/\/monti.lt\/#website\",\"url\":\"https:\/\/monti.lt\/\",\"name\":\"Montessori \u017eaislai\",\"description\":\"\",\"publisher\":{\"@id\":\"https:\/\/monti.lt\/#organization\"},\"potentialAction\":[{\"@type\":\"SearchAction\",\"target\":{\"@type\":\"EntryPoint\",\"urlTemplate\":\"https:\/\/monti.lt\/?s={search_term_string}\"},\"query-input\":\"required name=search_term_string\"}],\"inLanguage\":\"en-US\"},{\"@type\":\"Organization\",\"@id\":\"https:\/\/monti.lt\/#organization\",\"name\":\"Montessori \u017eaislai\",\"url\":\"https:\/\/monti.lt\/\",\"logo\":{\"@type\":\"ImageObject\",\"inLanguage\":\"en-US\",\"@id\":\"https:\/\/monti.lt\/#\/schema\/logo\/image\/\",\"url\":\"https:\/\/monti.lt\/wp-content\/uploads\/2022\/03\/montilogo-1.png\",\"contentUrl\":\"https:\/\/monti.lt\/wp-content\/uploads\/2022\/03\/montilogo-1.png\",\"width\":512,\"height\":512,\"caption\":\"Montessori \u017eaislai\"},\"image\":{\"@id\":\"https:\/\/monti.lt\/#\/schema\/logo\/image\/\"}}]}<\/script>\n<!-- \/ Yoast SEO plugin. -->","yoast_head_json":{"title":"Tooky toy Jenga \u017eaidimas \"Gyv\u016bnai\" - Montessori \u017eaislai","robots":{"index":"index","follow":"follow","max-snippet":"max-snippet:-1","max-image-preview":"max-image-preview:large","max-video-preview":"max-video-preview:-1"},"canonical":"https:\/\/monti.lt\/en\/product\/tooky-toy-jenga-zaidimas-gyvunai\/","og_locale":"en_US","og_type":"article","og_title":"Tooky toy Jenga \u017eaidimas \"Gyv\u016bnai\" - Montessori \u017eaislai","og_description":"TOOKY TOY Jenga Animals yra arkadinis \u017eaidimas vaikams nuo 3 met\u0173. Tai reikalauja, kad j\u016bs\u0173 vaikas susikaupt\u0173 ir logi\u0161kai m\u0105styt\u0173. Rinkin\u012f sudaro 82 elementai. Yra daug i\u0161d\u0117stymo galimybi\u0173, kurios u\u017etikrina ilgas linksmybi\u0173 valandas. Ekologi\u0161kas produktas, 100% saugus aplinkai ir J\u016bs\u0173 k\u016bdikiui. Elementai buvo pagaminti galvojant apie ma\u017eas k\u016bdikio rankytes. Rinkinys patraukia d\u0117mes\u012f ry\u0161kiomis spalvomis ir [&hellip;]","og_url":"https:\/\/monti.lt\/en\/product\/tooky-toy-jenga-zaidimas-gyvunai\/","og_site_name":"Montessori \u017eaislai","article_modified_time":"2026-03-13T18:54:06+00:00","og_image":[{"width":800,"height":800,"url":"https:\/\/monti.lt\/wp-content\/uploads\/2024\/05\/tooky-toy-gra-zrecznosciowa-zwierzeta-82-el.jpg","type":"image\/jpeg"}],"twitter_card":"summary_large_image","twitter_misc":{"Est. reading time":"1 minute"},"schema":{"@context":"https:\/\/schema.org","@graph":[{"@type":"WebPage","@id":"https:\/\/monti.lt\/product\/tooky-toy-jenga-zaidimas-gyvunai\/","url":"https:\/\/monti.lt\/product\/tooky-toy-jenga-zaidimas-gyvunai\/","name":"Tooky toy Jenga \u017eaidimas \"Gyv\u016bnai\" - Montessori \u017eaislai","isPartOf":{"@id":"https:\/\/monti.lt\/#website"},"primaryImageOfPage":{"@id":"https:\/\/monti.lt\/product\/tooky-toy-jenga-zaidimas-gyvunai\/#primaryimage"},"image":{"@id":"https:\/\/monti.lt\/product\/tooky-toy-jenga-zaidimas-gyvunai\/#primaryimage"},"thumbnailUrl":"https:\/\/monti.lt\/wp-content\/uploads\/2024\/05\/tooky-toy-gra-zrecznosciowa-zwierzeta-82-el.jpg","datePublished":"2024-05-09T11:20:02+00:00","dateModified":"2026-03-13T18:54:06+00:00","breadcrumb":{"@id":"https:\/\/monti.lt\/product\/tooky-toy-jenga-zaidimas-gyvunai\/#breadcrumb"},"inLanguage":"en-US","potentialAction":[{"@type":"ReadAction","target":["https:\/\/monti.lt\/product\/tooky-toy-jenga-zaidimas-gyvunai\/"]}]},{"@type":"ImageObject","inLanguage":"en-US","@id":"https:\/\/monti.lt\/product\/tooky-toy-jenga-zaidimas-gyvunai\/#primaryimage","url":"https:\/\/monti.lt\/wp-content\/uploads\/2024\/05\/tooky-toy-gra-zrecznosciowa-zwierzeta-82-el.jpg","contentUrl":"https:\/\/monti.lt\/wp-content\/uploads\/2024\/05\/tooky-toy-gra-zrecznosciowa-zwierzeta-82-el.jpg","width":800,"height":800},{"@type":"BreadcrumbList","@id":"https:\/\/monti.lt\/product\/tooky-toy-jenga-zaidimas-gyvunai\/#breadcrumb","itemListElement":[{"@type":"ListItem","position":1,"name":"Home","item":"https:\/\/monti.lt\/"},{"@type":"ListItem","position":2,"name":"Parduotuv\u0117","item":"https:\/\/monti.lt\/shop\/"},{"@type":"ListItem","position":3,"name":"Tooky toy Jenga \u017eaidimas &#8220;Gyv\u016bnai&#8221;"}]},{"@type":"WebSite","@id":"https:\/\/monti.lt\/#website","url":"https:\/\/monti.lt\/","name":"Montessori \u017eaislai","description":"","publisher":{"@id":"https:\/\/monti.lt\/#organization"},"potentialAction":[{"@type":"SearchAction","target":{"@type":"EntryPoint","urlTemplate":"https:\/\/monti.lt\/?s={search_term_string}"},"query-input":"required name=search_term_string"}],"inLanguage":"en-US"},{"@type":"Organization","@id":"https:\/\/monti.lt\/#organization","name":"Montessori \u017eaislai","url":"https:\/\/monti.lt\/","logo":{"@type":"ImageObject","inLanguage":"en-US","@id":"https:\/\/monti.lt\/#\/schema\/logo\/image\/","url":"https:\/\/monti.lt\/wp-content\/uploads\/2022\/03\/montilogo-1.png","contentUrl":"https:\/\/monti.lt\/wp-content\/uploads\/2022\/03\/montilogo-1.png","width":512,"height":512,"caption":"Montessori \u017eaislai"},"image":{"@id":"https:\/\/monti.lt\/#\/schema\/logo\/image\/"}}]}},"_links":{"self":[{"href":"https:\/\/monti.lt\/en\/wp-json\/wp\/v2\/product\/23413"}],"collection":[{"href":"https:\/\/monti.lt\/en\/wp-json\/wp\/v2\/product"}],"about":[{"href":"https:\/\/monti.lt\/en\/wp-json\/wp\/v2\/types\/product"}],"version-history":[{"count":1,"href":"https:\/\/monti.lt\/en\/wp-json\/wp\/v2\/product\/23413\/revisions"}],"predecessor-version":[{"id":23417,"href":"https:\/\/monti.lt\/en\/wp-json\/wp\/v2\/product\/23413\/revisions\/23417"}],"wp:featuredmedia":[{"embeddable":true,"href":"https:\/\/monti.lt\/en\/wp-json\/wp\/v2\/media\/23414"}],"wp:attachment":[{"href":"https:\/\/monti.lt\/en\/wp-json\/wp\/v2\/media?parent=23413"}],"wp:term":[{"taxonomy":"product_cat","embeddable":true,"href":"https:\/\/monti.lt\/en\/wp-json\/wp\/v2\/product_cat?post=23413"},{"taxonomy":"product_tag","embeddable":true,"href":"https:\/\/monti.lt\/en\/wp-json\/wp\/v2\/product_tag?post=23413"}],"curies":[{"name":"wp","href":"https:\/\/api.w.org\/{rel}","templated":true}]}}