{"id":23492,"date":"2024-05-14T11:44:33","date_gmt":"2024-05-14T11:44:33","guid":{"rendered":"https:\/\/monti.lt\/?post_type=product&#038;p=23492"},"modified":"2026-03-21T12:52:00","modified_gmt":"2026-03-21T12:52:00","slug":"vaikiska-palapine-kirmele","status":"publish","type":"product","link":"https:\/\/monti.lt\/en\/product\/vaikiska-palapine-kirmele\/","title":{"rendered":"Vaiki\u0161ka palapin\u0117 &#8211; kirm\u0117l\u0117"},"content":{"rendered":"<h1 class=\"wp-block-heading\">VAIK\u0172 \u017dAIDIM\u0172 TUNELIS &#8220;Caterpillar&#8221;&nbsp;<\/h1>\n\n\n\n<ul class=\"wp-block-list\">\n<li><strong>LENGVAS SULANKSTI IR I\u0160ARDAMI<\/strong>&nbsp;&#8211; atsiskleisti dar niekada nebuvo taip lengva,&nbsp;<strong>tiesiog i\u0161imkite j\u012f i\u0161 d\u0117klo, atsegkite u\u017esegimus ir tunelis i\u0161siskleis pats<\/strong>&nbsp;. Sulankstyti dar lengviau \u2013 tiesiog patraukite nuo vieno galo iki kito ir \u012fd\u0117kite \u012f dangtel\u012f.<\/li>\n\n\n\n<li><strong>K<\/strong>&nbsp;<strong>FORMA IR I\u0160VAIZDA<\/strong><strong>&nbsp;&#8211;<\/strong>&nbsp;vaikus da\u017enai traukia ne\u012fprasti ir linksmi dalykai. Vik\u0161ro formos palapin\u0117&nbsp;<strong>Tai tikrai su\u017eadins j\u0173 smalsum\u0105 ir paskatins linksmintis. Unikali j\u0173 i\u0161vaizda taip pat gali paskatinti vaik\u0173 k\u016brybi\u0161kum\u0105<\/strong>&nbsp;, paskatindama juos sugalvoti \u012fvairius \u017eaidimo scenarijus.<\/li>\n\n\n\n<li><strong>VAIZDUOT\u0116S STIMULIAVIMAS<\/strong>&nbsp;&#8211; Ry\u0161kios ir ry\u0161kios spalvos, kurios patraukia vaik\u0173 d\u0117mes\u012f, skatina atradimus ir vaizduot\u0119.&nbsp;<strong>Vaikai gali med\u017eioti, \u0161liau\u017eioti ir \u017eaisti sl\u0117pyni\u0173 tunelyje<\/strong>&nbsp;, skatindami j\u0173 smegen\u0173 vystym\u0105si ir be galo linksmindami!<\/li>\n\n\n\n<li><strong>CASE<\/strong>&nbsp;&#8211; kompleksinis tunelis u\u017eima labai ma\u017eai vietos, be to&nbsp;<strong>Dangtelyje yra tvirtinimo dir\u017eeliai ir patogi rankena, kad b\u016bt\u0173 lengva laikyti ir transportuoti<\/strong>&nbsp;.<\/li>\n\n\n\n<li><strong>SPECIFIKACIJOS &#8211;&nbsp;<\/strong>med\u017eiaga: danga: poliesteris + EPE putplastis, r\u0117mas: plienas, dangtis: poliesteris + PP; spalva: daugiaspalvis; korpuso matmenys: 51 cm; tunelio matmenys: 46 x 165 cm; bendri matmenys: 66 x 75 x 165 cm; svoris: 740 g; svoris pakuot\u0117je: 750 g.&nbsp;<\/li>\n<\/ul>\n\n\n\n<p><strong>SPECIFIKACIJA<\/strong><\/p>\n\n\n\n<ul class=\"wp-block-list\">\n<li>med\u017eiaga: danga: poliesteris + EPE putplastis, r\u0117mas: plienas, dangtis: poliesteris + PP<\/li>\n\n\n\n<li>spalva: daugiaspalvis<\/li>\n\n\n\n<li>korpuso matmenys: 51 cm<\/li>\n\n\n\n<li>tunelio matmenys: 46 x 165 cm<\/li>\n\n\n\n<li>bendri matmenys: 66 x 75 x 165 cm<\/li>\n\n\n\n<li>svoris: 740 g<\/li>\n\n\n\n<li>svoris pakuot\u0117je: 750 g<\/li>\n<\/ul>\n\n\n\n<p><strong>\u012eSKAITANT<\/strong><\/p>\n\n\n\n<ul class=\"wp-block-list\">\n<li>tunelis<\/li>\n\n\n\n<li>durys x 2<\/li>\n\n\n\n<li>atveju<\/li>\n<\/ul>\n\n\n\n<p>Vik\u0161ro tunelis \u2013 tai palapin\u0117s tipas, i\u0161populiar\u0117j\u0119s d\u0117l savo unikalios strukt\u016bros, primenan\u010dios vik\u0161ro k\u016bn\u0105. Tai pailga palapin\u0117 su dviem ai\u0161kiai pa\u017eym\u0117tomis \u012fleidimo ir i\u0161leidimo angomis.<\/p>","protected":false},"excerpt":{"rendered":"<p>VAIK\u0172 \u017dAIDIM\u0172 TUNELIS &#8220;Caterpillar&#8221;&nbsp; SPECIFIKACIJA \u012eSKAITANT Vik\u0161ro tunelis \u2013 tai palapin\u0117s tipas, i\u0161populiar\u0117j\u0119s d\u0117l savo unikalios strukt\u016bros, primenan\u010dios vik\u0161ro k\u016bn\u0105. Tai pailga palapin\u0117 su dviem ai\u0161kiai pa\u017eym\u0117tomis \u012fleidimo ir i\u0161leidimo angomis.<\/p>","protected":false},"featured_media":23493,"template":"","meta":{"_acf_changed":false,"iawp_total_views":625},"product_cat":[238,84,90,49,39],"product_tag":[95,96,97,98],"class_list":{"0":"post-23492","1":"product","2":"type-product","3":"status-publish","4":"has-post-thumbnail","6":"product_cat-lauko-zaidimai","7":"product_cat-lavinamieji-zaislai","8":"product_cat-pasaulio-pazinimas","9":"product_cat-visi-zaislai","10":"product_cat-zaislai","11":"product_tag-1-m-2-m","12":"product_tag-2-m-3-m","13":"product_tag-3-m-4-m","14":"product_tag-5-m-7-m","16":"first","17":"outofstock","18":"sale","19":"taxable","20":"shipping-taxable","21":"purchasable","22":"product-type-simple"},"acf":[],"yoast_head":"<!-- This site is optimized with the Yoast SEO plugin v23.3 - https:\/\/yoast.com\/wordpress\/plugins\/seo\/ -->\n<title>Vaiki\u0161ka palapin\u0117 - kirm\u0117l\u0117 - Montessori \u017eaislai<\/title>\n<meta name=\"robots\" content=\"index, follow, max-snippet:-1, max-image-preview:large, max-video-preview:-1\" \/>\n<link rel=\"canonical\" href=\"https:\/\/monti.lt\/en\/product\/vaikiska-palapine-kirmele\/\" \/>\n<meta property=\"og:locale\" content=\"en_US\" \/>\n<meta property=\"og:type\" content=\"article\" \/>\n<meta property=\"og:title\" content=\"Vaiki\u0161ka palapin\u0117 - kirm\u0117l\u0117 - Montessori \u017eaislai\" \/>\n<meta property=\"og:description\" content=\"VAIK\u0172 \u017dAIDIM\u0172 TUNELIS &#8220;Caterpillar&#8221;&nbsp; SPECIFIKACIJA \u012eSKAITANT Vik\u0161ro tunelis \u2013 tai palapin\u0117s tipas, i\u0161populiar\u0117j\u0119s d\u0117l savo unikalios strukt\u016bros, primenan\u010dios vik\u0161ro k\u016bn\u0105. Tai pailga palapin\u0117 su dviem ai\u0161kiai pa\u017eym\u0117tomis \u012fleidimo ir i\u0161leidimo angomis.\" \/>\n<meta property=\"og:url\" content=\"https:\/\/monti.lt\/en\/product\/vaikiska-palapine-kirmele\/\" \/>\n<meta property=\"og:site_name\" content=\"Montessori \u017eaislai\" \/>\n<meta property=\"article:modified_time\" content=\"2026-03-21T12:52:00+00:00\" \/>\n<meta property=\"og:image\" content=\"https:\/\/monti.lt\/wp-content\/uploads\/2024\/05\/lit_pl_Vaikiska-palapine-Kruzzel-viksras-23926-17608_3.webp\" \/>\n\t<meta property=\"og:image:width\" content=\"502\" \/>\n\t<meta property=\"og:image:height\" content=\"500\" \/>\n\t<meta property=\"og:image:type\" content=\"image\/webp\" \/>\n<meta name=\"twitter:card\" content=\"summary_large_image\" \/>\n<meta name=\"twitter:label1\" content=\"Est. reading time\" \/>\n\t<meta name=\"twitter:data1\" content=\"2 minutes\" \/>\n<script type=\"application\/ld+json\" class=\"yoast-schema-graph\">{\"@context\":\"https:\/\/schema.org\",\"@graph\":[{\"@type\":\"WebPage\",\"@id\":\"https:\/\/monti.lt\/product\/vaikiska-palapine-kirmele\/\",\"url\":\"https:\/\/monti.lt\/product\/vaikiska-palapine-kirmele\/\",\"name\":\"Vaiki\u0161ka palapin\u0117 - kirm\u0117l\u0117 - Montessori \u017eaislai\",\"isPartOf\":{\"@id\":\"https:\/\/monti.lt\/#website\"},\"primaryImageOfPage\":{\"@id\":\"https:\/\/monti.lt\/product\/vaikiska-palapine-kirmele\/#primaryimage\"},\"image\":{\"@id\":\"https:\/\/monti.lt\/product\/vaikiska-palapine-kirmele\/#primaryimage\"},\"thumbnailUrl\":\"https:\/\/monti.lt\/wp-content\/uploads\/2024\/05\/lit_pl_Vaikiska-palapine-Kruzzel-viksras-23926-17608_3.webp\",\"datePublished\":\"2024-05-14T11:44:33+00:00\",\"dateModified\":\"2026-03-21T12:52:00+00:00\",\"breadcrumb\":{\"@id\":\"https:\/\/monti.lt\/product\/vaikiska-palapine-kirmele\/#breadcrumb\"},\"inLanguage\":\"en-US\",\"potentialAction\":[{\"@type\":\"ReadAction\",\"target\":[\"https:\/\/monti.lt\/product\/vaikiska-palapine-kirmele\/\"]}]},{\"@type\":\"ImageObject\",\"inLanguage\":\"en-US\",\"@id\":\"https:\/\/monti.lt\/product\/vaikiska-palapine-kirmele\/#primaryimage\",\"url\":\"https:\/\/monti.lt\/wp-content\/uploads\/2024\/05\/lit_pl_Vaikiska-palapine-Kruzzel-viksras-23926-17608_3.webp\",\"contentUrl\":\"https:\/\/monti.lt\/wp-content\/uploads\/2024\/05\/lit_pl_Vaikiska-palapine-Kruzzel-viksras-23926-17608_3.webp\",\"width\":502,\"height\":500,\"caption\":\"palapine tunelis\"},{\"@type\":\"BreadcrumbList\",\"@id\":\"https:\/\/monti.lt\/product\/vaikiska-palapine-kirmele\/#breadcrumb\",\"itemListElement\":[{\"@type\":\"ListItem\",\"position\":1,\"name\":\"Home\",\"item\":\"https:\/\/monti.lt\/\"},{\"@type\":\"ListItem\",\"position\":2,\"name\":\"Parduotuv\u0117\",\"item\":\"https:\/\/monti.lt\/shop\/\"},{\"@type\":\"ListItem\",\"position\":3,\"name\":\"Vaiki\u0161ka palapin\u0117 &#8211; kirm\u0117l\u0117\"}]},{\"@type\":\"WebSite\",\"@id\":\"https:\/\/monti.lt\/#website\",\"url\":\"https:\/\/monti.lt\/\",\"name\":\"Montessori \u017eaislai\",\"description\":\"\",\"publisher\":{\"@id\":\"https:\/\/monti.lt\/#organization\"},\"potentialAction\":[{\"@type\":\"SearchAction\",\"target\":{\"@type\":\"EntryPoint\",\"urlTemplate\":\"https:\/\/monti.lt\/?s={search_term_string}\"},\"query-input\":\"required name=search_term_string\"}],\"inLanguage\":\"en-US\"},{\"@type\":\"Organization\",\"@id\":\"https:\/\/monti.lt\/#organization\",\"name\":\"Montessori \u017eaislai\",\"url\":\"https:\/\/monti.lt\/\",\"logo\":{\"@type\":\"ImageObject\",\"inLanguage\":\"en-US\",\"@id\":\"https:\/\/monti.lt\/#\/schema\/logo\/image\/\",\"url\":\"https:\/\/monti.lt\/wp-content\/uploads\/2022\/03\/montilogo-1.png\",\"contentUrl\":\"https:\/\/monti.lt\/wp-content\/uploads\/2022\/03\/montilogo-1.png\",\"width\":512,\"height\":512,\"caption\":\"Montessori \u017eaislai\"},\"image\":{\"@id\":\"https:\/\/monti.lt\/#\/schema\/logo\/image\/\"}}]}<\/script>\n<!-- \/ Yoast SEO plugin. -->","yoast_head_json":{"title":"Vaiki\u0161ka palapin\u0117 - kirm\u0117l\u0117 - Montessori \u017eaislai","robots":{"index":"index","follow":"follow","max-snippet":"max-snippet:-1","max-image-preview":"max-image-preview:large","max-video-preview":"max-video-preview:-1"},"canonical":"https:\/\/monti.lt\/en\/product\/vaikiska-palapine-kirmele\/","og_locale":"en_US","og_type":"article","og_title":"Vaiki\u0161ka palapin\u0117 - kirm\u0117l\u0117 - Montessori \u017eaislai","og_description":"VAIK\u0172 \u017dAIDIM\u0172 TUNELIS &#8220;Caterpillar&#8221;&nbsp; SPECIFIKACIJA \u012eSKAITANT Vik\u0161ro tunelis \u2013 tai palapin\u0117s tipas, i\u0161populiar\u0117j\u0119s d\u0117l savo unikalios strukt\u016bros, primenan\u010dios vik\u0161ro k\u016bn\u0105. Tai pailga palapin\u0117 su dviem ai\u0161kiai pa\u017eym\u0117tomis \u012fleidimo ir i\u0161leidimo angomis.","og_url":"https:\/\/monti.lt\/en\/product\/vaikiska-palapine-kirmele\/","og_site_name":"Montessori \u017eaislai","article_modified_time":"2026-03-21T12:52:00+00:00","og_image":[{"width":502,"height":500,"url":"https:\/\/monti.lt\/wp-content\/uploads\/2024\/05\/lit_pl_Vaikiska-palapine-Kruzzel-viksras-23926-17608_3.webp","type":"image\/webp"}],"twitter_card":"summary_large_image","twitter_misc":{"Est. reading time":"2 minutes"},"schema":{"@context":"https:\/\/schema.org","@graph":[{"@type":"WebPage","@id":"https:\/\/monti.lt\/product\/vaikiska-palapine-kirmele\/","url":"https:\/\/monti.lt\/product\/vaikiska-palapine-kirmele\/","name":"Vaiki\u0161ka palapin\u0117 - kirm\u0117l\u0117 - Montessori \u017eaislai","isPartOf":{"@id":"https:\/\/monti.lt\/#website"},"primaryImageOfPage":{"@id":"https:\/\/monti.lt\/product\/vaikiska-palapine-kirmele\/#primaryimage"},"image":{"@id":"https:\/\/monti.lt\/product\/vaikiska-palapine-kirmele\/#primaryimage"},"thumbnailUrl":"https:\/\/monti.lt\/wp-content\/uploads\/2024\/05\/lit_pl_Vaikiska-palapine-Kruzzel-viksras-23926-17608_3.webp","datePublished":"2024-05-14T11:44:33+00:00","dateModified":"2026-03-21T12:52:00+00:00","breadcrumb":{"@id":"https:\/\/monti.lt\/product\/vaikiska-palapine-kirmele\/#breadcrumb"},"inLanguage":"en-US","potentialAction":[{"@type":"ReadAction","target":["https:\/\/monti.lt\/product\/vaikiska-palapine-kirmele\/"]}]},{"@type":"ImageObject","inLanguage":"en-US","@id":"https:\/\/monti.lt\/product\/vaikiska-palapine-kirmele\/#primaryimage","url":"https:\/\/monti.lt\/wp-content\/uploads\/2024\/05\/lit_pl_Vaikiska-palapine-Kruzzel-viksras-23926-17608_3.webp","contentUrl":"https:\/\/monti.lt\/wp-content\/uploads\/2024\/05\/lit_pl_Vaikiska-palapine-Kruzzel-viksras-23926-17608_3.webp","width":502,"height":500,"caption":"palapine tunelis"},{"@type":"BreadcrumbList","@id":"https:\/\/monti.lt\/product\/vaikiska-palapine-kirmele\/#breadcrumb","itemListElement":[{"@type":"ListItem","position":1,"name":"Home","item":"https:\/\/monti.lt\/"},{"@type":"ListItem","position":2,"name":"Parduotuv\u0117","item":"https:\/\/monti.lt\/shop\/"},{"@type":"ListItem","position":3,"name":"Vaiki\u0161ka palapin\u0117 &#8211; kirm\u0117l\u0117"}]},{"@type":"WebSite","@id":"https:\/\/monti.lt\/#website","url":"https:\/\/monti.lt\/","name":"Montessori \u017eaislai","description":"","publisher":{"@id":"https:\/\/monti.lt\/#organization"},"potentialAction":[{"@type":"SearchAction","target":{"@type":"EntryPoint","urlTemplate":"https:\/\/monti.lt\/?s={search_term_string}"},"query-input":"required name=search_term_string"}],"inLanguage":"en-US"},{"@type":"Organization","@id":"https:\/\/monti.lt\/#organization","name":"Montessori \u017eaislai","url":"https:\/\/monti.lt\/","logo":{"@type":"ImageObject","inLanguage":"en-US","@id":"https:\/\/monti.lt\/#\/schema\/logo\/image\/","url":"https:\/\/monti.lt\/wp-content\/uploads\/2022\/03\/montilogo-1.png","contentUrl":"https:\/\/monti.lt\/wp-content\/uploads\/2022\/03\/montilogo-1.png","width":512,"height":512,"caption":"Montessori \u017eaislai"},"image":{"@id":"https:\/\/monti.lt\/#\/schema\/logo\/image\/"}}]}},"_links":{"self":[{"href":"https:\/\/monti.lt\/en\/wp-json\/wp\/v2\/product\/23492"}],"collection":[{"href":"https:\/\/monti.lt\/en\/wp-json\/wp\/v2\/product"}],"about":[{"href":"https:\/\/monti.lt\/en\/wp-json\/wp\/v2\/types\/product"}],"version-history":[{"count":1,"href":"https:\/\/monti.lt\/en\/wp-json\/wp\/v2\/product\/23492\/revisions"}],"predecessor-version":[{"id":23497,"href":"https:\/\/monti.lt\/en\/wp-json\/wp\/v2\/product\/23492\/revisions\/23497"}],"wp:featuredmedia":[{"embeddable":true,"href":"https:\/\/monti.lt\/en\/wp-json\/wp\/v2\/media\/23493"}],"wp:attachment":[{"href":"https:\/\/monti.lt\/en\/wp-json\/wp\/v2\/media?parent=23492"}],"wp:term":[{"taxonomy":"product_cat","embeddable":true,"href":"https:\/\/monti.lt\/en\/wp-json\/wp\/v2\/product_cat?post=23492"},{"taxonomy":"product_tag","embeddable":true,"href":"https:\/\/monti.lt\/en\/wp-json\/wp\/v2\/product_tag?post=23492"}],"curies":[{"name":"wp","href":"https:\/\/api.w.org\/{rel}","templated":true}]}}