{"id":23498,"date":"2024-05-14T11:50:57","date_gmt":"2024-05-14T11:50:57","guid":{"rendered":"https:\/\/monti.lt\/?post_type=product&#038;p=23498"},"modified":"2025-12-13T13:55:48","modified_gmt":"2025-12-13T13:55:48","slug":"didele-vaikiska-palapine","status":"publish","type":"product","link":"https:\/\/monti.lt\/en\/product\/didele-vaikiska-palapine\/","title":{"rendered":"Didel\u0117 vaiki\u0161ka palapin\u0117"},"content":{"rendered":"<h1 class=\"wp-block-heading\">RO\u017dIN\u0116 R\u016aM\u0172 PALAPIN\u0116 VAIKAMS NAMUI IR SODUI&nbsp;<\/h1>\n\n\n\n<ul class=\"wp-block-list\">\n<li><strong>DIDELIS &#8211;<\/strong>&nbsp;Namo dydis leid\u017eia vienu metu apsistoti keliems vaikams arba \u012f vid\u0173 patalpinti daug talisman\u0173, pagalvi\u0173 ar kit\u0173 aksesuar\u0173, u\u017etikrinan\u010di\u0173 komfort\u0105 ir puiki\u0105 pramog\u0105.<\/li>\n\n\n\n<li><strong>PATRAUKTI I\u0160VAIZDA \u2013<\/strong>&nbsp;palapin\u0117 vizualiai \u012fdomi. Jis turi \u0161e\u0161iakamp\u012f pagrind\u0105, 6 \u012f\u0117jimo angas ir piramid\u0117s formos stog\u0105. \u017daislas atrodo patraukliai, o dangos spalva suteikia estetin\u0117s vert\u0117s.<\/li>\n\n\n\n<li><strong>U\u017dU\u017dUODA\u017dOS &#8211;<\/strong>&nbsp;\u012f\u0117jimai u\u017edengti permatomomis, \u0161viesiomis u\u017euolaidomis, kurios puikiai dera su likusia palapin\u0117s dalimi. Gardinkas gali b\u016bti perri\u0161amas arba apri\u0161amas dekoratyvin\u0117mis juostel\u0117mis. Kartu su lankeliais naudojamas sprendimas suteikia \u017eavesio ir pa\u012fvairina linksmybes.<\/li>\n\n\n\n<li><strong>LENGVAS MONTAVIMAS \u2013<\/strong>&nbsp;palapin\u0117 pasi\u017eymi paprastu ir greitu surinkimu. Tam nereikia technin\u0117s patirties ar papildom\u0173 \u012franki\u0173. Lengvas r\u0117mas su \u201epush-in\u201c vamzd\u017ei\u0173 tvirtinimo b\u016bdu leid\u017eia efektyviai ir paprastai surinkti.<\/li>\n\n\n\n<li><strong>SPECIFIKACIJA<\/strong>&nbsp;<strong>&#8211;<\/strong>&nbsp;ro\u017ein\u0117 spalva; med\u017eiaga: poliesteris + plastikas; matmenys: 135 x 135 x 140 cm; svoris: 1,03 kg; pakuot\u0117s svoris: 1,035 kg.&nbsp;<\/li>\n<\/ul>\n\n\n\n<p><strong>PALAPIN\u0116S SPECIFIKACIJOS:<\/strong><\/p>\n\n\n\n<ul class=\"wp-block-list\">\n<li>ro\u017ein\u0117s spalvos<\/li>\n\n\n\n<li>med\u017eiaga: poliesteris + plastikas<\/li>\n\n\n\n<li>matmenys: 135 x 135 x 140 cm<\/li>\n\n\n\n<li>svoris: 1,03 kg<\/li>\n\n\n\n<li>pakuot\u0117s svoris: 1,035 kg<\/li>\n<\/ul>\n\n\n\n<p><strong>\u012eSKAITANT:<\/strong><\/p>\n\n\n\n<ul class=\"wp-block-list\">\n<li>palapin\u0117<\/li>\n\n\n\n<li>atveju<\/li>\n<\/ul>\n\n\n\n<p>*pasi\u016blymas galioja palapinei vaikams (nuotraukose esantys aksesuarai ir \u017eaislai \u012f komplekt\u0105 ne\u012feina)<\/p>\n\n\n\n<p>Vaik\u0173 palapin\u0117 yra puiki pramoga valand\u0173 valandas. Med\u017eiagin\u0117 pilies formos vaiki\u0161ka palapin\u0117 \u2013 kiekvieno vaiko svajoni\u0173 dovana. Vaik\u0173 namelis turi 6 \u012f\u0117jimus ir tinklinius u\u017euolaid\u0173 u\u017esegimus. Jame galite pasisl\u0117pti su savo m\u0117gstamais \u017eaislais ir leisti laisvai vaizduotei. Vaik\u0173 r\u016bmai bus ideali vieta emocingoms ir vaizduot\u0117s kupinoms pramogoms tiek namuose, tiek lauke \u2013 pavyzd\u017eiui, sode, i\u0161kyloje, terasoje ar papl\u016bdimyje.<\/p>","protected":false},"excerpt":{"rendered":"<p>RO\u017dIN\u0116 R\u016aM\u0172 PALAPIN\u0116 VAIKAMS NAMUI IR SODUI&nbsp; PALAPIN\u0116S SPECIFIKACIJOS: \u012eSKAITANT: *pasi\u016blymas galioja palapinei vaikams (nuotraukose esantys aksesuarai ir \u017eaislai \u012f komplekt\u0105 ne\u012feina) Vaik\u0173 palapin\u0117 yra puiki pramoga valand\u0173 valandas. Med\u017eiagin\u0117 pilies formos vaiki\u0161ka palapin\u0117 \u2013 kiekvieno vaiko svajoni\u0173 dovana. Vaik\u0173 namelis turi 6 \u012f\u0117jimus ir tinklinius u\u017euolaid\u0173 u\u017esegimus. Jame galite pasisl\u0117pti su savo m\u0117gstamais \u017eaislais [&hellip;]<\/p>","protected":false},"featured_media":23499,"template":"","meta":{"_acf_changed":false,"iawp_total_views":567},"product_cat":[194,195,196,191,238,84,90,49,39,214],"product_tag":[95,96,97,98],"class_list":{"0":"post-23498","1":"product","2":"type-product","3":"status-publish","4":"has-post-thumbnail","6":"product_cat-dovanos-vaikams-2-3-metu","7":"product_cat-dovanos-vaikams-3-4-metu","8":"product_cat-dovanos-mergaitems","9":"product_cat-dovanos-vaikams","10":"product_cat-lauko-zaidimai","11":"product_cat-lavinamieji-zaislai","12":"product_cat-pasaulio-pazinimas","13":"product_cat-visi-zaislai","14":"product_cat-zaislai","15":"product_cat-zaislai-mergaitems","16":"product_tag-1-m-2-m","17":"product_tag-2-m-3-m","18":"product_tag-3-m-4-m","19":"product_tag-5-m-7-m","21":"first","22":"outofstock","23":"taxable","24":"shipping-taxable","25":"purchasable","26":"product-type-simple"},"acf":[],"yoast_head":"<!-- This site is optimized with the Yoast SEO plugin v23.3 - https:\/\/yoast.com\/wordpress\/plugins\/seo\/ -->\n<title>Didel\u0117 vaiki\u0161ka palapin\u0117 - Montessori \u017eaislai<\/title>\n<meta name=\"robots\" content=\"index, follow, max-snippet:-1, max-image-preview:large, max-video-preview:-1\" \/>\n<link rel=\"canonical\" href=\"https:\/\/monti.lt\/en\/product\/didele-vaikiska-palapine\/\" \/>\n<meta property=\"og:locale\" content=\"en_US\" \/>\n<meta property=\"og:type\" content=\"article\" \/>\n<meta property=\"og:title\" content=\"Didel\u0117 vaiki\u0161ka palapin\u0117 - Montessori \u017eaislai\" \/>\n<meta property=\"og:description\" content=\"RO\u017dIN\u0116 R\u016aM\u0172 PALAPIN\u0116 VAIKAMS NAMUI IR SODUI&nbsp; PALAPIN\u0116S SPECIFIKACIJOS: \u012eSKAITANT: *pasi\u016blymas galioja palapinei vaikams (nuotraukose esantys aksesuarai ir \u017eaislai \u012f komplekt\u0105 ne\u012feina) Vaik\u0173 palapin\u0117 yra puiki pramoga valand\u0173 valandas. Med\u017eiagin\u0117 pilies formos vaiki\u0161ka palapin\u0117 \u2013 kiekvieno vaiko svajoni\u0173 dovana. Vaik\u0173 namelis turi 6 \u012f\u0117jimus ir tinklinius u\u017euolaid\u0173 u\u017esegimus. Jame galite pasisl\u0117pti su savo m\u0117gstamais \u017eaislais [&hellip;]\" \/>\n<meta property=\"og:url\" content=\"https:\/\/monti.lt\/en\/product\/didele-vaikiska-palapine\/\" \/>\n<meta property=\"og:site_name\" content=\"Montessori \u017eaislai\" \/>\n<meta property=\"article:modified_time\" content=\"2025-12-13T13:55:48+00:00\" \/>\n<meta property=\"og:image\" content=\"https:\/\/monti.lt\/wp-content\/uploads\/2024\/05\/lit_pl_Vaikiska-palapine-rozine-Kruzzel-23869-17597_6.webp\" \/>\n\t<meta property=\"og:image:width\" content=\"500\" \/>\n\t<meta property=\"og:image:height\" content=\"500\" \/>\n\t<meta property=\"og:image:type\" content=\"image\/webp\" \/>\n<meta name=\"twitter:card\" content=\"summary_large_image\" \/>\n<meta name=\"twitter:label1\" content=\"Est. reading time\" \/>\n\t<meta name=\"twitter:data1\" content=\"2 minutes\" \/>\n<script type=\"application\/ld+json\" class=\"yoast-schema-graph\">{\"@context\":\"https:\/\/schema.org\",\"@graph\":[{\"@type\":\"WebPage\",\"@id\":\"https:\/\/monti.lt\/product\/didele-vaikiska-palapine\/\",\"url\":\"https:\/\/monti.lt\/product\/didele-vaikiska-palapine\/\",\"name\":\"Didel\u0117 vaiki\u0161ka palapin\u0117 - Montessori \u017eaislai\",\"isPartOf\":{\"@id\":\"https:\/\/monti.lt\/#website\"},\"primaryImageOfPage\":{\"@id\":\"https:\/\/monti.lt\/product\/didele-vaikiska-palapine\/#primaryimage\"},\"image\":{\"@id\":\"https:\/\/monti.lt\/product\/didele-vaikiska-palapine\/#primaryimage\"},\"thumbnailUrl\":\"https:\/\/monti.lt\/wp-content\/uploads\/2024\/05\/lit_pl_Vaikiska-palapine-rozine-Kruzzel-23869-17597_6.webp\",\"datePublished\":\"2024-05-14T11:50:57+00:00\",\"dateModified\":\"2025-12-13T13:55:48+00:00\",\"breadcrumb\":{\"@id\":\"https:\/\/monti.lt\/product\/didele-vaikiska-palapine\/#breadcrumb\"},\"inLanguage\":\"en-US\",\"potentialAction\":[{\"@type\":\"ReadAction\",\"target\":[\"https:\/\/monti.lt\/product\/didele-vaikiska-palapine\/\"]}]},{\"@type\":\"ImageObject\",\"inLanguage\":\"en-US\",\"@id\":\"https:\/\/monti.lt\/product\/didele-vaikiska-palapine\/#primaryimage\",\"url\":\"https:\/\/monti.lt\/wp-content\/uploads\/2024\/05\/lit_pl_Vaikiska-palapine-rozine-Kruzzel-23869-17597_6.webp\",\"contentUrl\":\"https:\/\/monti.lt\/wp-content\/uploads\/2024\/05\/lit_pl_Vaikiska-palapine-rozine-Kruzzel-23869-17597_6.webp\",\"width\":500,\"height\":500,\"caption\":\"vaikiska palapine\"},{\"@type\":\"BreadcrumbList\",\"@id\":\"https:\/\/monti.lt\/product\/didele-vaikiska-palapine\/#breadcrumb\",\"itemListElement\":[{\"@type\":\"ListItem\",\"position\":1,\"name\":\"Home\",\"item\":\"https:\/\/monti.lt\/\"},{\"@type\":\"ListItem\",\"position\":2,\"name\":\"Parduotuv\u0117\",\"item\":\"https:\/\/monti.lt\/shop\/\"},{\"@type\":\"ListItem\",\"position\":3,\"name\":\"Didel\u0117 vaiki\u0161ka palapin\u0117\"}]},{\"@type\":\"WebSite\",\"@id\":\"https:\/\/monti.lt\/#website\",\"url\":\"https:\/\/monti.lt\/\",\"name\":\"Montessori \u017eaislai\",\"description\":\"\",\"publisher\":{\"@id\":\"https:\/\/monti.lt\/#organization\"},\"potentialAction\":[{\"@type\":\"SearchAction\",\"target\":{\"@type\":\"EntryPoint\",\"urlTemplate\":\"https:\/\/monti.lt\/?s={search_term_string}\"},\"query-input\":\"required name=search_term_string\"}],\"inLanguage\":\"en-US\"},{\"@type\":\"Organization\",\"@id\":\"https:\/\/monti.lt\/#organization\",\"name\":\"Montessori \u017eaislai\",\"url\":\"https:\/\/monti.lt\/\",\"logo\":{\"@type\":\"ImageObject\",\"inLanguage\":\"en-US\",\"@id\":\"https:\/\/monti.lt\/#\/schema\/logo\/image\/\",\"url\":\"https:\/\/monti.lt\/wp-content\/uploads\/2022\/03\/montilogo-1.png\",\"contentUrl\":\"https:\/\/monti.lt\/wp-content\/uploads\/2022\/03\/montilogo-1.png\",\"width\":512,\"height\":512,\"caption\":\"Montessori \u017eaislai\"},\"image\":{\"@id\":\"https:\/\/monti.lt\/#\/schema\/logo\/image\/\"}}]}<\/script>\n<!-- \/ Yoast SEO plugin. -->","yoast_head_json":{"title":"Didel\u0117 vaiki\u0161ka palapin\u0117 - Montessori \u017eaislai","robots":{"index":"index","follow":"follow","max-snippet":"max-snippet:-1","max-image-preview":"max-image-preview:large","max-video-preview":"max-video-preview:-1"},"canonical":"https:\/\/monti.lt\/en\/product\/didele-vaikiska-palapine\/","og_locale":"en_US","og_type":"article","og_title":"Didel\u0117 vaiki\u0161ka palapin\u0117 - Montessori \u017eaislai","og_description":"RO\u017dIN\u0116 R\u016aM\u0172 PALAPIN\u0116 VAIKAMS NAMUI IR SODUI&nbsp; PALAPIN\u0116S SPECIFIKACIJOS: \u012eSKAITANT: *pasi\u016blymas galioja palapinei vaikams (nuotraukose esantys aksesuarai ir \u017eaislai \u012f komplekt\u0105 ne\u012feina) Vaik\u0173 palapin\u0117 yra puiki pramoga valand\u0173 valandas. Med\u017eiagin\u0117 pilies formos vaiki\u0161ka palapin\u0117 \u2013 kiekvieno vaiko svajoni\u0173 dovana. Vaik\u0173 namelis turi 6 \u012f\u0117jimus ir tinklinius u\u017euolaid\u0173 u\u017esegimus. Jame galite pasisl\u0117pti su savo m\u0117gstamais \u017eaislais [&hellip;]","og_url":"https:\/\/monti.lt\/en\/product\/didele-vaikiska-palapine\/","og_site_name":"Montessori \u017eaislai","article_modified_time":"2025-12-13T13:55:48+00:00","og_image":[{"width":500,"height":500,"url":"https:\/\/monti.lt\/wp-content\/uploads\/2024\/05\/lit_pl_Vaikiska-palapine-rozine-Kruzzel-23869-17597_6.webp","type":"image\/webp"}],"twitter_card":"summary_large_image","twitter_misc":{"Est. reading time":"2 minutes"},"schema":{"@context":"https:\/\/schema.org","@graph":[{"@type":"WebPage","@id":"https:\/\/monti.lt\/product\/didele-vaikiska-palapine\/","url":"https:\/\/monti.lt\/product\/didele-vaikiska-palapine\/","name":"Didel\u0117 vaiki\u0161ka palapin\u0117 - Montessori \u017eaislai","isPartOf":{"@id":"https:\/\/monti.lt\/#website"},"primaryImageOfPage":{"@id":"https:\/\/monti.lt\/product\/didele-vaikiska-palapine\/#primaryimage"},"image":{"@id":"https:\/\/monti.lt\/product\/didele-vaikiska-palapine\/#primaryimage"},"thumbnailUrl":"https:\/\/monti.lt\/wp-content\/uploads\/2024\/05\/lit_pl_Vaikiska-palapine-rozine-Kruzzel-23869-17597_6.webp","datePublished":"2024-05-14T11:50:57+00:00","dateModified":"2025-12-13T13:55:48+00:00","breadcrumb":{"@id":"https:\/\/monti.lt\/product\/didele-vaikiska-palapine\/#breadcrumb"},"inLanguage":"en-US","potentialAction":[{"@type":"ReadAction","target":["https:\/\/monti.lt\/product\/didele-vaikiska-palapine\/"]}]},{"@type":"ImageObject","inLanguage":"en-US","@id":"https:\/\/monti.lt\/product\/didele-vaikiska-palapine\/#primaryimage","url":"https:\/\/monti.lt\/wp-content\/uploads\/2024\/05\/lit_pl_Vaikiska-palapine-rozine-Kruzzel-23869-17597_6.webp","contentUrl":"https:\/\/monti.lt\/wp-content\/uploads\/2024\/05\/lit_pl_Vaikiska-palapine-rozine-Kruzzel-23869-17597_6.webp","width":500,"height":500,"caption":"vaikiska palapine"},{"@type":"BreadcrumbList","@id":"https:\/\/monti.lt\/product\/didele-vaikiska-palapine\/#breadcrumb","itemListElement":[{"@type":"ListItem","position":1,"name":"Home","item":"https:\/\/monti.lt\/"},{"@type":"ListItem","position":2,"name":"Parduotuv\u0117","item":"https:\/\/monti.lt\/shop\/"},{"@type":"ListItem","position":3,"name":"Didel\u0117 vaiki\u0161ka palapin\u0117"}]},{"@type":"WebSite","@id":"https:\/\/monti.lt\/#website","url":"https:\/\/monti.lt\/","name":"Montessori \u017eaislai","description":"","publisher":{"@id":"https:\/\/monti.lt\/#organization"},"potentialAction":[{"@type":"SearchAction","target":{"@type":"EntryPoint","urlTemplate":"https:\/\/monti.lt\/?s={search_term_string}"},"query-input":"required name=search_term_string"}],"inLanguage":"en-US"},{"@type":"Organization","@id":"https:\/\/monti.lt\/#organization","name":"Montessori \u017eaislai","url":"https:\/\/monti.lt\/","logo":{"@type":"ImageObject","inLanguage":"en-US","@id":"https:\/\/monti.lt\/#\/schema\/logo\/image\/","url":"https:\/\/monti.lt\/wp-content\/uploads\/2022\/03\/montilogo-1.png","contentUrl":"https:\/\/monti.lt\/wp-content\/uploads\/2022\/03\/montilogo-1.png","width":512,"height":512,"caption":"Montessori \u017eaislai"},"image":{"@id":"https:\/\/monti.lt\/#\/schema\/logo\/image\/"}}]}},"_links":{"self":[{"href":"https:\/\/monti.lt\/en\/wp-json\/wp\/v2\/product\/23498"}],"collection":[{"href":"https:\/\/monti.lt\/en\/wp-json\/wp\/v2\/product"}],"about":[{"href":"https:\/\/monti.lt\/en\/wp-json\/wp\/v2\/types\/product"}],"version-history":[{"count":1,"href":"https:\/\/monti.lt\/en\/wp-json\/wp\/v2\/product\/23498\/revisions"}],"predecessor-version":[{"id":23505,"href":"https:\/\/monti.lt\/en\/wp-json\/wp\/v2\/product\/23498\/revisions\/23505"}],"wp:featuredmedia":[{"embeddable":true,"href":"https:\/\/monti.lt\/en\/wp-json\/wp\/v2\/media\/23499"}],"wp:attachment":[{"href":"https:\/\/monti.lt\/en\/wp-json\/wp\/v2\/media?parent=23498"}],"wp:term":[{"taxonomy":"product_cat","embeddable":true,"href":"https:\/\/monti.lt\/en\/wp-json\/wp\/v2\/product_cat?post=23498"},{"taxonomy":"product_tag","embeddable":true,"href":"https:\/\/monti.lt\/en\/wp-json\/wp\/v2\/product_tag?post=23498"}],"curies":[{"name":"wp","href":"https:\/\/api.w.org\/{rel}","templated":true}]}}