{"id":23557,"date":"2024-05-17T08:49:39","date_gmt":"2024-05-17T08:49:39","guid":{"rendered":"https:\/\/monti.lt\/?post_type=product&#038;p=23557"},"modified":"2025-11-25T08:57:44","modified_gmt":"2025-11-25T08:57:44","slug":"medinis-traukiamas-zaislas-krokodilas","status":"publish","type":"product","link":"https:\/\/monti.lt\/en\/product\/medinis-traukiamas-zaislas-krokodilas\/","title":{"rendered":"Medinis traukiamas \u017eaislas &#8220;Krokodilas&#8221;"},"content":{"rendered":"<p>\u2b50MEDINIS KROKODILAS, TRAUKIANTIS R\u016a\u0160IUOTUV\u0104 ANT RATUK\u0172, SKAI\u010cIUS FIG\u016aR\u0172<br>Medinis krokodilas r\u016b\u0161iuoklis traukimo rit\u0117 ant ratuk\u0173 skai\u010di\u0173 fig\u016bros yra puiki priemon\u0117 vaik\u0173 rank\u0173 ir pa\u017einimo \u012fg\u016bd\u017eiams lavinti. \u0160is spalvingas krokodilas r\u016b\u0161iuotojas, pagamintas i\u0161 auk\u0161tos kokyb\u0117s tausojan\u010dios medienos, prad\u017eiugins kiekvien\u0105 ma\u017e\u0105j\u012f tyrin\u0117toj\u0105.<\/p>\n\n\n\n<p>Rinkinyje yra \u012fvairi\u0173 form\u0173 kalad\u0117li\u0173, kurias vaikas tur\u0117s \u012fstatyti \u012f atitinkamas skylutes krokodilo rit\u0117s \u201enugaroje\u201c. \u017daisdamas vaikas lavins savo motorinius \u012fg\u016bd\u017eius, akies-rankos koordinacij\u0105 ir login\u012f m\u0105stym\u0105. Be to, traukiant \u017eaisl\u0105, cilindras sukasi, kad b\u016bt\u0173 dar smagiau.<\/p>\n\n\n\n<p><\/p>","protected":false},"excerpt":{"rendered":"<p>\u2b50MEDINIS KROKODILAS, TRAUKIANTIS R\u016a\u0160IUOTUV\u0104 ANT RATUK\u0172, SKAI\u010cIUS FIG\u016aR\u0172Medinis krokodilas r\u016b\u0161iuoklis traukimo rit\u0117 ant ratuk\u0173 skai\u010di\u0173 fig\u016bros yra puiki priemon\u0117 vaik\u0173 rank\u0173 ir pa\u017einimo \u012fg\u016bd\u017eiams lavinti. \u0160is spalvingas krokodilas r\u016b\u0161iuotojas, pagamintas i\u0161 auk\u0161tos kokyb\u0117s tausojan\u010dios medienos, prad\u017eiugins kiekvien\u0105 ma\u017e\u0105j\u012f tyrin\u0117toj\u0105. Rinkinyje yra \u012fvairi\u0173 form\u0173 kalad\u0117li\u0173, kurias vaikas tur\u0117s \u012fstatyti \u012f atitinkamas skylutes krokodilo rit\u0117s \u201enugaroje\u201c. \u017daisdamas [&hellip;]<\/p>","protected":false},"featured_media":23558,"template":"","meta":{"_acf_changed":false,"iawp_total_views":642},"product_cat":[193,191,84,102,88,90,49,39],"product_tag":[95,96],"class_list":{"0":"post-23557","1":"product","2":"type-product","3":"status-publish","4":"has-post-thumbnail","6":"product_cat-dovanos-vaikams-1-2-metu","7":"product_cat-dovanos-vaikams","8":"product_cat-lavinamieji-zaislai","9":"product_cat-mediniai-zaislai","10":"product_cat-mokausi-zaisti","11":"product_cat-pasaulio-pazinimas","12":"product_cat-visi-zaislai","13":"product_cat-zaislai","14":"product_tag-1-m-2-m","15":"product_tag-2-m-3-m","17":"first","18":"outofstock","19":"sale","20":"taxable","21":"shipping-taxable","22":"purchasable","23":"product-type-simple"},"acf":[],"yoast_head":"<!-- This site is optimized with the Yoast SEO plugin v23.3 - https:\/\/yoast.com\/wordpress\/plugins\/seo\/ -->\n<title>Medinis traukiamas \u017eaislas &quot;Krokodilas&quot; - Montessori \u017eaislai<\/title>\n<meta name=\"robots\" content=\"index, follow, max-snippet:-1, max-image-preview:large, max-video-preview:-1\" \/>\n<link rel=\"canonical\" href=\"https:\/\/monti.lt\/en\/product\/medinis-traukiamas-zaislas-krokodilas\/\" \/>\n<meta property=\"og:locale\" content=\"en_US\" \/>\n<meta property=\"og:type\" content=\"article\" \/>\n<meta property=\"og:title\" content=\"Medinis traukiamas \u017eaislas &quot;Krokodilas&quot; - Montessori \u017eaislai\" \/>\n<meta property=\"og:description\" content=\"\u2b50MEDINIS KROKODILAS, TRAUKIANTIS R\u016a\u0160IUOTUV\u0104 ANT RATUK\u0172, SKAI\u010cIUS FIG\u016aR\u0172Medinis krokodilas r\u016b\u0161iuoklis traukimo rit\u0117 ant ratuk\u0173 skai\u010di\u0173 fig\u016bros yra puiki priemon\u0117 vaik\u0173 rank\u0173 ir pa\u017einimo \u012fg\u016bd\u017eiams lavinti. \u0160is spalvingas krokodilas r\u016b\u0161iuotojas, pagamintas i\u0161 auk\u0161tos kokyb\u0117s tausojan\u010dios medienos, prad\u017eiugins kiekvien\u0105 ma\u017e\u0105j\u012f tyrin\u0117toj\u0105. Rinkinyje yra \u012fvairi\u0173 form\u0173 kalad\u0117li\u0173, kurias vaikas tur\u0117s \u012fstatyti \u012f atitinkamas skylutes krokodilo rit\u0117s \u201enugaroje\u201c. \u017daisdamas [&hellip;]\" \/>\n<meta property=\"og:url\" content=\"https:\/\/monti.lt\/en\/product\/medinis-traukiamas-zaislas-krokodilas\/\" \/>\n<meta property=\"og:site_name\" content=\"Montessori \u017eaislai\" \/>\n<meta property=\"article:modified_time\" content=\"2025-11-25T08:57:44+00:00\" \/>\n<meta property=\"og:image\" content=\"https:\/\/monti.lt\/wp-content\/uploads\/2024\/05\/drewniany-sorter-krokodyl-do-ciagania-kolowrotek-na-kolkach-ksztalty-cyfry.webp\" \/>\n\t<meta property=\"og:image:width\" content=\"800\" \/>\n\t<meta property=\"og:image:height\" content=\"800\" \/>\n\t<meta property=\"og:image:type\" content=\"image\/webp\" \/>\n<meta name=\"twitter:card\" content=\"summary_large_image\" \/>\n<meta name=\"twitter:label1\" content=\"Est. reading time\" \/>\n\t<meta name=\"twitter:data1\" content=\"1 minute\" \/>\n<script type=\"application\/ld+json\" class=\"yoast-schema-graph\">{\"@context\":\"https:\/\/schema.org\",\"@graph\":[{\"@type\":\"WebPage\",\"@id\":\"https:\/\/monti.lt\/product\/medinis-traukiamas-zaislas-krokodilas\/\",\"url\":\"https:\/\/monti.lt\/product\/medinis-traukiamas-zaislas-krokodilas\/\",\"name\":\"Medinis traukiamas \u017eaislas \\\"Krokodilas\\\" - Montessori \u017eaislai\",\"isPartOf\":{\"@id\":\"https:\/\/monti.lt\/#website\"},\"primaryImageOfPage\":{\"@id\":\"https:\/\/monti.lt\/product\/medinis-traukiamas-zaislas-krokodilas\/#primaryimage\"},\"image\":{\"@id\":\"https:\/\/monti.lt\/product\/medinis-traukiamas-zaislas-krokodilas\/#primaryimage\"},\"thumbnailUrl\":\"https:\/\/monti.lt\/wp-content\/uploads\/2024\/05\/drewniany-sorter-krokodyl-do-ciagania-kolowrotek-na-kolkach-ksztalty-cyfry.webp\",\"datePublished\":\"2024-05-17T08:49:39+00:00\",\"dateModified\":\"2025-11-25T08:57:44+00:00\",\"breadcrumb\":{\"@id\":\"https:\/\/monti.lt\/product\/medinis-traukiamas-zaislas-krokodilas\/#breadcrumb\"},\"inLanguage\":\"en-US\",\"potentialAction\":[{\"@type\":\"ReadAction\",\"target\":[\"https:\/\/monti.lt\/product\/medinis-traukiamas-zaislas-krokodilas\/\"]}]},{\"@type\":\"ImageObject\",\"inLanguage\":\"en-US\",\"@id\":\"https:\/\/monti.lt\/product\/medinis-traukiamas-zaislas-krokodilas\/#primaryimage\",\"url\":\"https:\/\/monti.lt\/wp-content\/uploads\/2024\/05\/drewniany-sorter-krokodyl-do-ciagania-kolowrotek-na-kolkach-ksztalty-cyfry.webp\",\"contentUrl\":\"https:\/\/monti.lt\/wp-content\/uploads\/2024\/05\/drewniany-sorter-krokodyl-do-ciagania-kolowrotek-na-kolkach-ksztalty-cyfry.webp\",\"width\":800,\"height\":800,\"caption\":\"medinis zaislas\"},{\"@type\":\"BreadcrumbList\",\"@id\":\"https:\/\/monti.lt\/product\/medinis-traukiamas-zaislas-krokodilas\/#breadcrumb\",\"itemListElement\":[{\"@type\":\"ListItem\",\"position\":1,\"name\":\"Home\",\"item\":\"https:\/\/monti.lt\/\"},{\"@type\":\"ListItem\",\"position\":2,\"name\":\"Parduotuv\u0117\",\"item\":\"https:\/\/monti.lt\/shop\/\"},{\"@type\":\"ListItem\",\"position\":3,\"name\":\"Medinis traukiamas \u017eaislas &#8220;Krokodilas&#8221;\"}]},{\"@type\":\"WebSite\",\"@id\":\"https:\/\/monti.lt\/#website\",\"url\":\"https:\/\/monti.lt\/\",\"name\":\"Montessori \u017eaislai\",\"description\":\"\",\"publisher\":{\"@id\":\"https:\/\/monti.lt\/#organization\"},\"potentialAction\":[{\"@type\":\"SearchAction\",\"target\":{\"@type\":\"EntryPoint\",\"urlTemplate\":\"https:\/\/monti.lt\/?s={search_term_string}\"},\"query-input\":\"required name=search_term_string\"}],\"inLanguage\":\"en-US\"},{\"@type\":\"Organization\",\"@id\":\"https:\/\/monti.lt\/#organization\",\"name\":\"Montessori \u017eaislai\",\"url\":\"https:\/\/monti.lt\/\",\"logo\":{\"@type\":\"ImageObject\",\"inLanguage\":\"en-US\",\"@id\":\"https:\/\/monti.lt\/#\/schema\/logo\/image\/\",\"url\":\"https:\/\/monti.lt\/wp-content\/uploads\/2022\/03\/montilogo-1.png\",\"contentUrl\":\"https:\/\/monti.lt\/wp-content\/uploads\/2022\/03\/montilogo-1.png\",\"width\":512,\"height\":512,\"caption\":\"Montessori \u017eaislai\"},\"image\":{\"@id\":\"https:\/\/monti.lt\/#\/schema\/logo\/image\/\"}}]}<\/script>\n<!-- \/ Yoast SEO plugin. -->","yoast_head_json":{"title":"Medinis traukiamas \u017eaislas \"Krokodilas\" - Montessori \u017eaislai","robots":{"index":"index","follow":"follow","max-snippet":"max-snippet:-1","max-image-preview":"max-image-preview:large","max-video-preview":"max-video-preview:-1"},"canonical":"https:\/\/monti.lt\/en\/product\/medinis-traukiamas-zaislas-krokodilas\/","og_locale":"en_US","og_type":"article","og_title":"Medinis traukiamas \u017eaislas \"Krokodilas\" - Montessori \u017eaislai","og_description":"\u2b50MEDINIS KROKODILAS, TRAUKIANTIS R\u016a\u0160IUOTUV\u0104 ANT RATUK\u0172, SKAI\u010cIUS FIG\u016aR\u0172Medinis krokodilas r\u016b\u0161iuoklis traukimo rit\u0117 ant ratuk\u0173 skai\u010di\u0173 fig\u016bros yra puiki priemon\u0117 vaik\u0173 rank\u0173 ir pa\u017einimo \u012fg\u016bd\u017eiams lavinti. \u0160is spalvingas krokodilas r\u016b\u0161iuotojas, pagamintas i\u0161 auk\u0161tos kokyb\u0117s tausojan\u010dios medienos, prad\u017eiugins kiekvien\u0105 ma\u017e\u0105j\u012f tyrin\u0117toj\u0105. Rinkinyje yra \u012fvairi\u0173 form\u0173 kalad\u0117li\u0173, kurias vaikas tur\u0117s \u012fstatyti \u012f atitinkamas skylutes krokodilo rit\u0117s \u201enugaroje\u201c. \u017daisdamas [&hellip;]","og_url":"https:\/\/monti.lt\/en\/product\/medinis-traukiamas-zaislas-krokodilas\/","og_site_name":"Montessori \u017eaislai","article_modified_time":"2025-11-25T08:57:44+00:00","og_image":[{"width":800,"height":800,"url":"https:\/\/monti.lt\/wp-content\/uploads\/2024\/05\/drewniany-sorter-krokodyl-do-ciagania-kolowrotek-na-kolkach-ksztalty-cyfry.webp","type":"image\/webp"}],"twitter_card":"summary_large_image","twitter_misc":{"Est. reading time":"1 minute"},"schema":{"@context":"https:\/\/schema.org","@graph":[{"@type":"WebPage","@id":"https:\/\/monti.lt\/product\/medinis-traukiamas-zaislas-krokodilas\/","url":"https:\/\/monti.lt\/product\/medinis-traukiamas-zaislas-krokodilas\/","name":"Medinis traukiamas \u017eaislas \"Krokodilas\" - Montessori \u017eaislai","isPartOf":{"@id":"https:\/\/monti.lt\/#website"},"primaryImageOfPage":{"@id":"https:\/\/monti.lt\/product\/medinis-traukiamas-zaislas-krokodilas\/#primaryimage"},"image":{"@id":"https:\/\/monti.lt\/product\/medinis-traukiamas-zaislas-krokodilas\/#primaryimage"},"thumbnailUrl":"https:\/\/monti.lt\/wp-content\/uploads\/2024\/05\/drewniany-sorter-krokodyl-do-ciagania-kolowrotek-na-kolkach-ksztalty-cyfry.webp","datePublished":"2024-05-17T08:49:39+00:00","dateModified":"2025-11-25T08:57:44+00:00","breadcrumb":{"@id":"https:\/\/monti.lt\/product\/medinis-traukiamas-zaislas-krokodilas\/#breadcrumb"},"inLanguage":"en-US","potentialAction":[{"@type":"ReadAction","target":["https:\/\/monti.lt\/product\/medinis-traukiamas-zaislas-krokodilas\/"]}]},{"@type":"ImageObject","inLanguage":"en-US","@id":"https:\/\/monti.lt\/product\/medinis-traukiamas-zaislas-krokodilas\/#primaryimage","url":"https:\/\/monti.lt\/wp-content\/uploads\/2024\/05\/drewniany-sorter-krokodyl-do-ciagania-kolowrotek-na-kolkach-ksztalty-cyfry.webp","contentUrl":"https:\/\/monti.lt\/wp-content\/uploads\/2024\/05\/drewniany-sorter-krokodyl-do-ciagania-kolowrotek-na-kolkach-ksztalty-cyfry.webp","width":800,"height":800,"caption":"medinis zaislas"},{"@type":"BreadcrumbList","@id":"https:\/\/monti.lt\/product\/medinis-traukiamas-zaislas-krokodilas\/#breadcrumb","itemListElement":[{"@type":"ListItem","position":1,"name":"Home","item":"https:\/\/monti.lt\/"},{"@type":"ListItem","position":2,"name":"Parduotuv\u0117","item":"https:\/\/monti.lt\/shop\/"},{"@type":"ListItem","position":3,"name":"Medinis traukiamas \u017eaislas &#8220;Krokodilas&#8221;"}]},{"@type":"WebSite","@id":"https:\/\/monti.lt\/#website","url":"https:\/\/monti.lt\/","name":"Montessori \u017eaislai","description":"","publisher":{"@id":"https:\/\/monti.lt\/#organization"},"potentialAction":[{"@type":"SearchAction","target":{"@type":"EntryPoint","urlTemplate":"https:\/\/monti.lt\/?s={search_term_string}"},"query-input":"required name=search_term_string"}],"inLanguage":"en-US"},{"@type":"Organization","@id":"https:\/\/monti.lt\/#organization","name":"Montessori \u017eaislai","url":"https:\/\/monti.lt\/","logo":{"@type":"ImageObject","inLanguage":"en-US","@id":"https:\/\/monti.lt\/#\/schema\/logo\/image\/","url":"https:\/\/monti.lt\/wp-content\/uploads\/2022\/03\/montilogo-1.png","contentUrl":"https:\/\/monti.lt\/wp-content\/uploads\/2022\/03\/montilogo-1.png","width":512,"height":512,"caption":"Montessori \u017eaislai"},"image":{"@id":"https:\/\/monti.lt\/#\/schema\/logo\/image\/"}}]}},"_links":{"self":[{"href":"https:\/\/monti.lt\/en\/wp-json\/wp\/v2\/product\/23557"}],"collection":[{"href":"https:\/\/monti.lt\/en\/wp-json\/wp\/v2\/product"}],"about":[{"href":"https:\/\/monti.lt\/en\/wp-json\/wp\/v2\/types\/product"}],"version-history":[{"count":1,"href":"https:\/\/monti.lt\/en\/wp-json\/wp\/v2\/product\/23557\/revisions"}],"predecessor-version":[{"id":23566,"href":"https:\/\/monti.lt\/en\/wp-json\/wp\/v2\/product\/23557\/revisions\/23566"}],"wp:featuredmedia":[{"embeddable":true,"href":"https:\/\/monti.lt\/en\/wp-json\/wp\/v2\/media\/23558"}],"wp:attachment":[{"href":"https:\/\/monti.lt\/en\/wp-json\/wp\/v2\/media?parent=23557"}],"wp:term":[{"taxonomy":"product_cat","embeddable":true,"href":"https:\/\/monti.lt\/en\/wp-json\/wp\/v2\/product_cat?post=23557"},{"taxonomy":"product_tag","embeddable":true,"href":"https:\/\/monti.lt\/en\/wp-json\/wp\/v2\/product_tag?post=23557"}],"curies":[{"name":"wp","href":"https:\/\/api.w.org\/{rel}","templated":true}]}}