{"id":23798,"date":"2024-06-17T12:15:10","date_gmt":"2024-06-17T12:15:10","guid":{"rendered":"https:\/\/monti.lt\/?post_type=product&#038;p=23798"},"modified":"2025-12-07T07:42:24","modified_gmt":"2025-12-07T07:42:24","slug":"classic-world-edu-dideles-minkstos-statybines-plytos","status":"publish","type":"product","link":"https:\/\/monti.lt\/en\/product\/classic-world-edu-dideles-minkstos-statybines-plytos\/","title":{"rendered":"Classic world EDU didel\u0117s mink\u0161tos statybin\u0117s plytos"},"content":{"rendered":"<p>&#8220;Classic World&#8221; prek\u0117s \u017eenklo EVA plytos puikiai tinka \u017eaidimams lauke! Jei norite, kad j\u016bs\u0173 vaikas ilgai ir labai \u012fdomiai \u017eaist\u0173 lauke, EVA plytos tam puikiai tinka &#8211; i\u0161 j\u0173 galima statyti sienas ir \u012fvairias vaik\u0173 sugalvotas konstrukcijas. Plytas galima sud\u0117lioti \u012f \u012fvairias strukt\u016bras, tod\u0117l linksmyb\u0117s yra begalin\u0117s! Vaikai gali dirbti kartu ir statyti sud\u0117tingas strukt\u016bras. D\u0117l EVA med\u017eiagos jos yra mink\u0161tos ir saugios vaikams. Auk\u0161tos kokyb\u0117s gaminys, atsparus \u017eaidimams lauke.<\/p>\n\n\n\n<p>Charakteristikos:<\/p>\n\n\n\n<ul class=\"wp-block-list\">\n<li>\u017daislas nuo 3 met\u0173 am\u017eiaus<\/li>\n\n\n\n<li>Rinkin\u012f sudaro: 1: Komplekte: 90 el.<\/li>\n\n\n\n<li>Daug statybos variant\u0173<\/li>\n\n\n\n<li>pagamintas i\u0161 mink\u0161tos EVA med\u017eiagos<\/li>\n\n\n\n<li>Rekomenduojame \u012fsigyti saugojimo d\u0117\u017eut\u0119 \/ konteiner\u012f, kad gal\u0117tum\u0117te laikyti plytas lauke<br>Pateikiame kelet\u0105 pavyzd\u017ei\u0173, kaip \u0161ias plytas galima naudoti statyboms:<\/li>\n<\/ul>\n\n\n\n<p>Architekt\u016briniai statiniai: Vaikai i\u0161 mink\u0161t\u0173 plyt\u0173 gali statyti \u012fvairius architekt\u016brinius statinius, pavyzd\u017eiui, namus, bok\u0161tus, tiltus ar pilis. Jie gali kurti savo projektus arba imituoti gerai \u017einomus statinius. Taip lavinami j\u0173 konstravimo \u012fg\u016bd\u017eiai, erdvin\u0117 vaizduot\u0117 ir problem\u0173 sprendimo \u012fg\u016bd\u017eiai.<br>Meno k\u016briniai: EVA plytas galima naudoti k\u016brybi\u0161kiems meniniams k\u016briniams. Vaikai gali i\u0161d\u0117lioti plytas \u012fvairiais ra\u0161tais ir formomis, kad sukurt\u0173 abstrak\u010dius arba realistinius vaizdus. Jie taip pat gali eksperimentuoti su spalvomis ir tekst\u016bromis, kad sukurt\u0173 unikalius meno k\u016brinius.<br>Labirintai ir kli\u016b\u010di\u0173 ruo\u017eai: Mink\u0161tos plytos pasi\u017eymi lanks\u010diomis savyb\u0117mis, tod\u0117l vaikai gali statyti labirintus ir kli\u016b\u010di\u0173 ruo\u017eus. Jie gali kurti skirtingo sud\u0117tingumo trasas, kurioms reikia tikslumo, susikaupimo ir rank\u0173 darbo \u012fg\u016bd\u017ei\u0173. Taip lavinama judesi\u0173 koordinacija ir planavimo \u012fg\u016bd\u017eiai.<br>Interaktyv\u016bs \u017eaislai: i\u0161 EVA plyt\u0173 galima kurti interaktyvius \u017eaislus, pavyzd\u017eiui, d\u0117liones, d\u0117liones ar transporto priemones. Vaikai gali kurti skirtingus modelius ir eksperimentuoti su \u012fvairiais deriniais, o tai lavina j\u0173 loginius \u012fg\u016bd\u017eius ir k\u016brybi\u0161kum\u0105.<br>Grupinis \u017eaidimas: EVA plytos puikiai tinka grupiniams \u017eaidimams. Vaikai gali statyti didesnius statinius, kurti miestus ar kra\u0161tovaizd\u017eius kartu, bendradarbiauti ir bendrauti. Taip lavinami socialiniai \u012fg\u016bd\u017eiai, pavyzd\u017eiui, bendradarbiavimas, derybos ir konflikt\u0173 sprendimas.<br>\u017daislas lavina:<\/p>\n\n\n\n<ul class=\"wp-block-list\">\n<li>K\u016brybi\u0161kumas<\/li>\n\n\n\n<li>Loginis m\u0105stymas<\/li>\n\n\n\n<li>Smulkiosios motorikos \u012fg\u016bd\u017eiai<\/li>\n\n\n\n<li>Erdvin\u0117 vaizduot\u0117<\/li>\n<\/ul>\n\n\n\n<p>Didel\u0117s plytos &#8211; 24 x 12 x 6 (cm) \/ Ma\u017eos plytos &#8211; 12 x 12 x 6 (cm)<\/p>","protected":false},"excerpt":{"rendered":"<p>&#8220;Classic World&#8221; prek\u0117s \u017eenklo EVA plytos puikiai tinka \u017eaidimams lauke! Jei norite, kad j\u016bs\u0173 vaikas ilgai ir labai \u012fdomiai \u017eaist\u0173 lauke, EVA plytos tam puikiai tinka &#8211; i\u0161 j\u0173 galima statyti sienas ir \u012fvairias vaik\u0173 sugalvotas konstrukcijas. Plytas galima sud\u0117lioti \u012f \u012fvairias strukt\u016bras, tod\u0117l linksmyb\u0117s yra begalin\u0117s! Vaikai gali dirbti kartu ir statyti sud\u0117tingas strukt\u016bras. [&hellip;]<\/p>","protected":false},"featured_media":23799,"template":"","meta":{"_acf_changed":false,"iawp_total_views":258},"product_cat":[199],"product_tag":[96,97,98],"class_list":{"0":"post-23798","1":"product","2":"type-product","3":"status-publish","4":"has-post-thumbnail","6":"product_cat-ugdymo-istaigoms","7":"product_tag-2-m-3-m","8":"product_tag-3-m-4-m","9":"product_tag-5-m-7-m","11":"first","12":"outofstock","13":"taxable","14":"shipping-taxable","15":"purchasable","16":"product-type-simple"},"acf":[],"yoast_head":"<!-- This site is optimized with the Yoast SEO plugin v23.3 - https:\/\/yoast.com\/wordpress\/plugins\/seo\/ -->\n<title>Classic world EDU didel\u0117s mink\u0161tos statybin\u0117s plytos - Montessori \u017eaislai<\/title>\n<meta name=\"robots\" content=\"index, follow, max-snippet:-1, max-image-preview:large, max-video-preview:-1\" \/>\n<link rel=\"canonical\" href=\"https:\/\/monti.lt\/en\/product\/classic-world-edu-dideles-minkstos-statybines-plytos\/\" \/>\n<meta property=\"og:locale\" content=\"en_US\" \/>\n<meta property=\"og:type\" content=\"article\" \/>\n<meta property=\"og:title\" content=\"Classic world EDU didel\u0117s mink\u0161tos statybin\u0117s plytos - Montessori \u017eaislai\" \/>\n<meta property=\"og:description\" content=\"&#8220;Classic World&#8221; prek\u0117s \u017eenklo EVA plytos puikiai tinka \u017eaidimams lauke! Jei norite, kad j\u016bs\u0173 vaikas ilgai ir labai \u012fdomiai \u017eaist\u0173 lauke, EVA plytos tam puikiai tinka &#8211; i\u0161 j\u0173 galima statyti sienas ir \u012fvairias vaik\u0173 sugalvotas konstrukcijas. Plytas galima sud\u0117lioti \u012f \u012fvairias strukt\u016bras, tod\u0117l linksmyb\u0117s yra begalin\u0117s! Vaikai gali dirbti kartu ir statyti sud\u0117tingas strukt\u016bras. [&hellip;]\" \/>\n<meta property=\"og:url\" content=\"https:\/\/monti.lt\/en\/product\/classic-world-edu-dideles-minkstos-statybines-plytos\/\" \/>\n<meta property=\"og:site_name\" content=\"Montessori \u017eaislai\" \/>\n<meta property=\"article:modified_time\" content=\"2025-12-07T07:42:24+00:00\" \/>\n<meta property=\"og:image\" content=\"https:\/\/monti.lt\/wp-content\/uploads\/2024\/06\/classic-world-edu-mega-klocki-konstrukcyjne-cegielki-eva-miekkie-do-budowania-90-el.jpg.png\" \/>\n\t<meta property=\"og:image:width\" content=\"800\" \/>\n\t<meta property=\"og:image:height\" content=\"800\" \/>\n\t<meta property=\"og:image:type\" content=\"image\/png\" \/>\n<meta name=\"twitter:card\" content=\"summary_large_image\" \/>\n<meta name=\"twitter:label1\" content=\"Est. reading time\" \/>\n\t<meta name=\"twitter:data1\" content=\"2 minutes\" \/>\n<script type=\"application\/ld+json\" class=\"yoast-schema-graph\">{\"@context\":\"https:\/\/schema.org\",\"@graph\":[{\"@type\":\"WebPage\",\"@id\":\"https:\/\/monti.lt\/product\/classic-world-edu-dideles-minkstos-statybines-plytos\/\",\"url\":\"https:\/\/monti.lt\/product\/classic-world-edu-dideles-minkstos-statybines-plytos\/\",\"name\":\"Classic world EDU didel\u0117s mink\u0161tos statybin\u0117s plytos - Montessori \u017eaislai\",\"isPartOf\":{\"@id\":\"https:\/\/monti.lt\/#website\"},\"primaryImageOfPage\":{\"@id\":\"https:\/\/monti.lt\/product\/classic-world-edu-dideles-minkstos-statybines-plytos\/#primaryimage\"},\"image\":{\"@id\":\"https:\/\/monti.lt\/product\/classic-world-edu-dideles-minkstos-statybines-plytos\/#primaryimage\"},\"thumbnailUrl\":\"https:\/\/monti.lt\/wp-content\/uploads\/2024\/06\/classic-world-edu-mega-klocki-konstrukcyjne-cegielki-eva-miekkie-do-budowania-90-el.jpg.png\",\"datePublished\":\"2024-06-17T12:15:10+00:00\",\"dateModified\":\"2025-12-07T07:42:24+00:00\",\"breadcrumb\":{\"@id\":\"https:\/\/monti.lt\/product\/classic-world-edu-dideles-minkstos-statybines-plytos\/#breadcrumb\"},\"inLanguage\":\"en-US\",\"potentialAction\":[{\"@type\":\"ReadAction\",\"target\":[\"https:\/\/monti.lt\/product\/classic-world-edu-dideles-minkstos-statybines-plytos\/\"]}]},{\"@type\":\"ImageObject\",\"inLanguage\":\"en-US\",\"@id\":\"https:\/\/monti.lt\/product\/classic-world-edu-dideles-minkstos-statybines-plytos\/#primaryimage\",\"url\":\"https:\/\/monti.lt\/wp-content\/uploads\/2024\/06\/classic-world-edu-mega-klocki-konstrukcyjne-cegielki-eva-miekkie-do-budowania-90-el.jpg.png\",\"contentUrl\":\"https:\/\/monti.lt\/wp-content\/uploads\/2024\/06\/classic-world-edu-mega-klocki-konstrukcyjne-cegielki-eva-miekkie-do-budowania-90-el.jpg.png\",\"width\":800,\"height\":800,\"caption\":\"minkstos plytos\"},{\"@type\":\"BreadcrumbList\",\"@id\":\"https:\/\/monti.lt\/product\/classic-world-edu-dideles-minkstos-statybines-plytos\/#breadcrumb\",\"itemListElement\":[{\"@type\":\"ListItem\",\"position\":1,\"name\":\"Home\",\"item\":\"https:\/\/monti.lt\/\"},{\"@type\":\"ListItem\",\"position\":2,\"name\":\"Parduotuv\u0117\",\"item\":\"https:\/\/monti.lt\/shop\/\"},{\"@type\":\"ListItem\",\"position\":3,\"name\":\"Classic world EDU didel\u0117s mink\u0161tos statybin\u0117s plytos\"}]},{\"@type\":\"WebSite\",\"@id\":\"https:\/\/monti.lt\/#website\",\"url\":\"https:\/\/monti.lt\/\",\"name\":\"Montessori \u017eaislai\",\"description\":\"\",\"publisher\":{\"@id\":\"https:\/\/monti.lt\/#organization\"},\"potentialAction\":[{\"@type\":\"SearchAction\",\"target\":{\"@type\":\"EntryPoint\",\"urlTemplate\":\"https:\/\/monti.lt\/?s={search_term_string}\"},\"query-input\":\"required name=search_term_string\"}],\"inLanguage\":\"en-US\"},{\"@type\":\"Organization\",\"@id\":\"https:\/\/monti.lt\/#organization\",\"name\":\"Montessori \u017eaislai\",\"url\":\"https:\/\/monti.lt\/\",\"logo\":{\"@type\":\"ImageObject\",\"inLanguage\":\"en-US\",\"@id\":\"https:\/\/monti.lt\/#\/schema\/logo\/image\/\",\"url\":\"https:\/\/monti.lt\/wp-content\/uploads\/2022\/03\/montilogo-1.png\",\"contentUrl\":\"https:\/\/monti.lt\/wp-content\/uploads\/2022\/03\/montilogo-1.png\",\"width\":512,\"height\":512,\"caption\":\"Montessori \u017eaislai\"},\"image\":{\"@id\":\"https:\/\/monti.lt\/#\/schema\/logo\/image\/\"}}]}<\/script>\n<!-- \/ Yoast SEO plugin. -->","yoast_head_json":{"title":"Classic world EDU didel\u0117s mink\u0161tos statybin\u0117s plytos - Montessori \u017eaislai","robots":{"index":"index","follow":"follow","max-snippet":"max-snippet:-1","max-image-preview":"max-image-preview:large","max-video-preview":"max-video-preview:-1"},"canonical":"https:\/\/monti.lt\/en\/product\/classic-world-edu-dideles-minkstos-statybines-plytos\/","og_locale":"en_US","og_type":"article","og_title":"Classic world EDU didel\u0117s mink\u0161tos statybin\u0117s plytos - Montessori \u017eaislai","og_description":"&#8220;Classic World&#8221; prek\u0117s \u017eenklo EVA plytos puikiai tinka \u017eaidimams lauke! Jei norite, kad j\u016bs\u0173 vaikas ilgai ir labai \u012fdomiai \u017eaist\u0173 lauke, EVA plytos tam puikiai tinka &#8211; i\u0161 j\u0173 galima statyti sienas ir \u012fvairias vaik\u0173 sugalvotas konstrukcijas. Plytas galima sud\u0117lioti \u012f \u012fvairias strukt\u016bras, tod\u0117l linksmyb\u0117s yra begalin\u0117s! Vaikai gali dirbti kartu ir statyti sud\u0117tingas strukt\u016bras. [&hellip;]","og_url":"https:\/\/monti.lt\/en\/product\/classic-world-edu-dideles-minkstos-statybines-plytos\/","og_site_name":"Montessori \u017eaislai","article_modified_time":"2025-12-07T07:42:24+00:00","og_image":[{"width":800,"height":800,"url":"https:\/\/monti.lt\/wp-content\/uploads\/2024\/06\/classic-world-edu-mega-klocki-konstrukcyjne-cegielki-eva-miekkie-do-budowania-90-el.jpg.png","type":"image\/png"}],"twitter_card":"summary_large_image","twitter_misc":{"Est. reading time":"2 minutes"},"schema":{"@context":"https:\/\/schema.org","@graph":[{"@type":"WebPage","@id":"https:\/\/monti.lt\/product\/classic-world-edu-dideles-minkstos-statybines-plytos\/","url":"https:\/\/monti.lt\/product\/classic-world-edu-dideles-minkstos-statybines-plytos\/","name":"Classic world EDU didel\u0117s mink\u0161tos statybin\u0117s plytos - Montessori \u017eaislai","isPartOf":{"@id":"https:\/\/monti.lt\/#website"},"primaryImageOfPage":{"@id":"https:\/\/monti.lt\/product\/classic-world-edu-dideles-minkstos-statybines-plytos\/#primaryimage"},"image":{"@id":"https:\/\/monti.lt\/product\/classic-world-edu-dideles-minkstos-statybines-plytos\/#primaryimage"},"thumbnailUrl":"https:\/\/monti.lt\/wp-content\/uploads\/2024\/06\/classic-world-edu-mega-klocki-konstrukcyjne-cegielki-eva-miekkie-do-budowania-90-el.jpg.png","datePublished":"2024-06-17T12:15:10+00:00","dateModified":"2025-12-07T07:42:24+00:00","breadcrumb":{"@id":"https:\/\/monti.lt\/product\/classic-world-edu-dideles-minkstos-statybines-plytos\/#breadcrumb"},"inLanguage":"en-US","potentialAction":[{"@type":"ReadAction","target":["https:\/\/monti.lt\/product\/classic-world-edu-dideles-minkstos-statybines-plytos\/"]}]},{"@type":"ImageObject","inLanguage":"en-US","@id":"https:\/\/monti.lt\/product\/classic-world-edu-dideles-minkstos-statybines-plytos\/#primaryimage","url":"https:\/\/monti.lt\/wp-content\/uploads\/2024\/06\/classic-world-edu-mega-klocki-konstrukcyjne-cegielki-eva-miekkie-do-budowania-90-el.jpg.png","contentUrl":"https:\/\/monti.lt\/wp-content\/uploads\/2024\/06\/classic-world-edu-mega-klocki-konstrukcyjne-cegielki-eva-miekkie-do-budowania-90-el.jpg.png","width":800,"height":800,"caption":"minkstos plytos"},{"@type":"BreadcrumbList","@id":"https:\/\/monti.lt\/product\/classic-world-edu-dideles-minkstos-statybines-plytos\/#breadcrumb","itemListElement":[{"@type":"ListItem","position":1,"name":"Home","item":"https:\/\/monti.lt\/"},{"@type":"ListItem","position":2,"name":"Parduotuv\u0117","item":"https:\/\/monti.lt\/shop\/"},{"@type":"ListItem","position":3,"name":"Classic world EDU didel\u0117s mink\u0161tos statybin\u0117s plytos"}]},{"@type":"WebSite","@id":"https:\/\/monti.lt\/#website","url":"https:\/\/monti.lt\/","name":"Montessori \u017eaislai","description":"","publisher":{"@id":"https:\/\/monti.lt\/#organization"},"potentialAction":[{"@type":"SearchAction","target":{"@type":"EntryPoint","urlTemplate":"https:\/\/monti.lt\/?s={search_term_string}"},"query-input":"required name=search_term_string"}],"inLanguage":"en-US"},{"@type":"Organization","@id":"https:\/\/monti.lt\/#organization","name":"Montessori \u017eaislai","url":"https:\/\/monti.lt\/","logo":{"@type":"ImageObject","inLanguage":"en-US","@id":"https:\/\/monti.lt\/#\/schema\/logo\/image\/","url":"https:\/\/monti.lt\/wp-content\/uploads\/2022\/03\/montilogo-1.png","contentUrl":"https:\/\/monti.lt\/wp-content\/uploads\/2022\/03\/montilogo-1.png","width":512,"height":512,"caption":"Montessori \u017eaislai"},"image":{"@id":"https:\/\/monti.lt\/#\/schema\/logo\/image\/"}}]}},"_links":{"self":[{"href":"https:\/\/monti.lt\/en\/wp-json\/wp\/v2\/product\/23798"}],"collection":[{"href":"https:\/\/monti.lt\/en\/wp-json\/wp\/v2\/product"}],"about":[{"href":"https:\/\/monti.lt\/en\/wp-json\/wp\/v2\/types\/product"}],"version-history":[{"count":1,"href":"https:\/\/monti.lt\/en\/wp-json\/wp\/v2\/product\/23798\/revisions"}],"predecessor-version":[{"id":23805,"href":"https:\/\/monti.lt\/en\/wp-json\/wp\/v2\/product\/23798\/revisions\/23805"}],"wp:featuredmedia":[{"embeddable":true,"href":"https:\/\/monti.lt\/en\/wp-json\/wp\/v2\/media\/23799"}],"wp:attachment":[{"href":"https:\/\/monti.lt\/en\/wp-json\/wp\/v2\/media?parent=23798"}],"wp:term":[{"taxonomy":"product_cat","embeddable":true,"href":"https:\/\/monti.lt\/en\/wp-json\/wp\/v2\/product_cat?post=23798"},{"taxonomy":"product_tag","embeddable":true,"href":"https:\/\/monti.lt\/en\/wp-json\/wp\/v2\/product_tag?post=23798"}],"curies":[{"name":"wp","href":"https:\/\/api.w.org\/{rel}","templated":true}]}}