{"id":23982,"date":"2024-07-05T12:09:06","date_gmt":"2024-07-05T12:09:06","guid":{"rendered":"https:\/\/monti.lt\/?post_type=product&#038;p=23982"},"modified":"2025-11-28T20:51:21","modified_gmt":"2025-11-28T20:51:21","slug":"medinis-formules-rinkinys-pasidaryk-pats","status":"publish","type":"product","link":"https:\/\/monti.lt\/en\/product\/medinis-formules-rinkinys-pasidaryk-pats\/","title":{"rendered":"Medinis formul\u0117s rinkinys &#8220;Pasidaryk pats&#8221;"},"content":{"rendered":"<p>\u2b50 MEDINIS MODELIS 1, SKIRTAS SUSUKTI I\u0160 MED\u017dIO TAPYBAI 3 VNT. + DA\u017dAI, LIPDUKAI DIY<br>FORMUL\u0116 1 medin\u0117 susukama tapyba i\u0161 med\u017eio 3 vnt. + da\u017e\u0173 rinkinys &#8220;pasidaryk pats&#8221;. \u0160ie gra\u017eiai pagaminti mediniai &#8220;Formul\u0117s 1&#8221; automobiliai puikiai tinka ir \u017eaidimui, ir k\u016brybinei rai\u0161kai. Kiekviename rinkinyje yra trys mediniai automobiliai, kuriuos galima lengvai surinkti, tod\u0117l vaikai gali m\u0117gautis savo lenktynini\u0173 automobili\u0173 k\u016brimo procesu. Automobiliai pagaminti i\u0161 auk\u0161tos kokyb\u0117s medienos. Pridedamas netoksi\u0161k\u0173 da\u017e\u0173 rinkinys, kad vaikai gal\u0117t\u0173 individualizuoti savo automobilius m\u0117gstamomis spalvomis.<\/p>\n\n\n\n<p>\u0160is &#8220;pasidaryk pats&#8221; rinkinys ne tik lavina motorinius \u012fg\u016bd\u017eius ir rank\u0173 ir aki\u0173 koordinacij\u0105, bet ir skatina k\u016brybin\u012f \u017eaidim\u0105, nes vaikai gali patys kurti lenktyni\u0173 nuotykius. Mediniai automobiliai yra tvirti ir patvar\u016bs, kad b\u016bt\u0173 galima ilgai d\u017eiaugtis. Nesvarbu, ar tai dovana automobili\u0173 m\u0117g\u0117jui, ar k\u016brybingam jaunuoliui, rinkinys FORMUL\u0116 1 DRAUGI\u0160KAS VIRTUV\u0116LIS 3 PAVEIKSLAI + &#8220;Pasidaryk pats&#8221; da\u017eai garantuoja nesibaigian\u010dias linksmybi\u0173 valandas. Leiskite savo vaiko vaizduotei pasireik\u0161ti su \u0161iuo \u017eavingu mediniu automobili\u0173 rinkiniu.<\/p>\n\n\n\n<p>\u2705\u012e RINKIN\u012e \u012eEINA:<\/p>\n\n\n\n<ul class=\"wp-block-list\">\n<li>medin\u0117s detal\u0117s trims &#8220;Formul\u0117s 1&#8221; automobiliams sujungti<\/li>\n\n\n\n<li>var\u017etai<\/li>\n\n\n\n<li>3 atsuktuvai<\/li>\n\n\n\n<li>3 da\u017e\u0173 rinkiniai<\/li>\n\n\n\n<li>teptukai<\/li>\n\n\n\n<li>lipdukai<\/li>\n\n\n\n<li>instrukcija<\/li>\n<\/ul>","protected":false},"excerpt":{"rendered":"<p>\u2b50 MEDINIS MODELIS 1, SKIRTAS SUSUKTI I\u0160 MED\u017dIO TAPYBAI 3 VNT. + DA\u017dAI, LIPDUKAI DIYFORMUL\u0116 1 medin\u0117 susukama tapyba i\u0161 med\u017eio 3 vnt. + da\u017e\u0173 rinkinys &#8220;pasidaryk pats&#8221;. \u0160ie gra\u017eiai pagaminti mediniai &#8220;Formul\u0117s 1&#8221; automobiliai puikiai tinka ir \u017eaidimui, ir k\u016brybinei rai\u0161kai. Kiekviename rinkinyje yra trys mediniai automobiliai, kuriuos galima lengvai surinkti, tod\u0117l vaikai gali [&hellip;]<\/p>","protected":false},"featured_media":23983,"template":"","meta":{"_acf_changed":false,"iawp_total_views":367},"product_cat":[208,92,216,217,197,191,87,84,91,210,102,89,90,86,93,202,49,39,215],"product_tag":[97,98,99],"class_list":{"0":"post-23982","1":"product","2":"type-product","3":"status-publish","4":"has-post-thumbnail","6":"product_cat-deliones-2","7":"product_cat-deliones","8":"product_cat-dovanos-4-5-metu-vaikams","9":"product_cat-dovanos-5-7-metu-vaikams","10":"product_cat-dovanos-berniukams","11":"product_cat-dovanos-vaikams","12":"product_cat-kurybiniai-rinkiniai","13":"product_cat-lavinamieji-zaislai","14":"product_cat-loginiam-mastymui","15":"product_cat-medines-deliones","16":"product_cat-mediniai-zaislai","17":"product_cat-mokausi-piesti","18":"product_cat-pasaulio-pazinimas","19":"product_cat-smulkioji-motorika","20":"product_cat-vaidmenu-zaidimai","21":"product_cat-vaaikiski-konstruktoriai","22":"product_cat-visi-zaislai","23":"product_cat-zaislai","24":"product_cat-zaislai-berniukams","25":"product_tag-3-m-4-m","26":"product_tag-5-m-7-m","27":"product_tag-8-m-11-m","29":"first","30":"outofstock","31":"sale","32":"taxable","33":"shipping-taxable","34":"purchasable","35":"product-type-simple"},"acf":[],"yoast_head":"<!-- This site is optimized with the Yoast SEO plugin v23.3 - https:\/\/yoast.com\/wordpress\/plugins\/seo\/ -->\n<title>Medinis formul\u0117s rinkinys &quot;Pasidaryk pats&quot; - Montessori \u017eaislai<\/title>\n<meta name=\"robots\" content=\"index, follow, max-snippet:-1, max-image-preview:large, max-video-preview:-1\" \/>\n<link rel=\"canonical\" href=\"https:\/\/monti.lt\/en\/product\/medinis-formules-rinkinys-pasidaryk-pats\/\" \/>\n<meta property=\"og:locale\" content=\"en_US\" \/>\n<meta property=\"og:type\" content=\"article\" \/>\n<meta property=\"og:title\" content=\"Medinis formul\u0117s rinkinys &quot;Pasidaryk pats&quot; - Montessori \u017eaislai\" \/>\n<meta property=\"og:description\" content=\"\u2b50 MEDINIS MODELIS 1, SKIRTAS SUSUKTI I\u0160 MED\u017dIO TAPYBAI 3 VNT. + DA\u017dAI, LIPDUKAI DIYFORMUL\u0116 1 medin\u0117 susukama tapyba i\u0161 med\u017eio 3 vnt. + da\u017e\u0173 rinkinys &#8220;pasidaryk pats&#8221;. \u0160ie gra\u017eiai pagaminti mediniai &#8220;Formul\u0117s 1&#8221; automobiliai puikiai tinka ir \u017eaidimui, ir k\u016brybinei rai\u0161kai. Kiekviename rinkinyje yra trys mediniai automobiliai, kuriuos galima lengvai surinkti, tod\u0117l vaikai gali [&hellip;]\" \/>\n<meta property=\"og:url\" content=\"https:\/\/monti.lt\/en\/product\/medinis-formules-rinkinys-pasidaryk-pats\/\" \/>\n<meta property=\"og:site_name\" content=\"Montessori \u017eaislai\" \/>\n<meta property=\"article:modified_time\" content=\"2025-11-28T20:51:21+00:00\" \/>\n<meta property=\"og:image\" content=\"https:\/\/monti.lt\/wp-content\/uploads\/2024\/07\/formula-1-drewniana-do-skrecania-z-drewna-malowania-3-sztuki-farby-diy.webp\" \/>\n\t<meta property=\"og:image:width\" content=\"800\" \/>\n\t<meta property=\"og:image:height\" content=\"800\" \/>\n\t<meta property=\"og:image:type\" content=\"image\/webp\" \/>\n<meta name=\"twitter:card\" content=\"summary_large_image\" \/>\n<meta name=\"twitter:label1\" content=\"Est. reading time\" \/>\n\t<meta name=\"twitter:data1\" content=\"2 minutes\" \/>\n<script type=\"application\/ld+json\" class=\"yoast-schema-graph\">{\"@context\":\"https:\/\/schema.org\",\"@graph\":[{\"@type\":\"WebPage\",\"@id\":\"https:\/\/monti.lt\/product\/medinis-formules-rinkinys-pasidaryk-pats\/\",\"url\":\"https:\/\/monti.lt\/product\/medinis-formules-rinkinys-pasidaryk-pats\/\",\"name\":\"Medinis formul\u0117s rinkinys \\\"Pasidaryk pats\\\" - Montessori \u017eaislai\",\"isPartOf\":{\"@id\":\"https:\/\/monti.lt\/#website\"},\"primaryImageOfPage\":{\"@id\":\"https:\/\/monti.lt\/product\/medinis-formules-rinkinys-pasidaryk-pats\/#primaryimage\"},\"image\":{\"@id\":\"https:\/\/monti.lt\/product\/medinis-formules-rinkinys-pasidaryk-pats\/#primaryimage\"},\"thumbnailUrl\":\"https:\/\/monti.lt\/wp-content\/uploads\/2024\/07\/formula-1-drewniana-do-skrecania-z-drewna-malowania-3-sztuki-farby-diy.webp\",\"datePublished\":\"2024-07-05T12:09:06+00:00\",\"dateModified\":\"2025-11-28T20:51:21+00:00\",\"breadcrumb\":{\"@id\":\"https:\/\/monti.lt\/product\/medinis-formules-rinkinys-pasidaryk-pats\/#breadcrumb\"},\"inLanguage\":\"en-US\",\"potentialAction\":[{\"@type\":\"ReadAction\",\"target\":[\"https:\/\/monti.lt\/product\/medinis-formules-rinkinys-pasidaryk-pats\/\"]}]},{\"@type\":\"ImageObject\",\"inLanguage\":\"en-US\",\"@id\":\"https:\/\/monti.lt\/product\/medinis-formules-rinkinys-pasidaryk-pats\/#primaryimage\",\"url\":\"https:\/\/monti.lt\/wp-content\/uploads\/2024\/07\/formula-1-drewniana-do-skrecania-z-drewna-malowania-3-sztuki-farby-diy.webp\",\"contentUrl\":\"https:\/\/monti.lt\/wp-content\/uploads\/2024\/07\/formula-1-drewniana-do-skrecania-z-drewna-malowania-3-sztuki-farby-diy.webp\",\"width\":800,\"height\":800},{\"@type\":\"BreadcrumbList\",\"@id\":\"https:\/\/monti.lt\/product\/medinis-formules-rinkinys-pasidaryk-pats\/#breadcrumb\",\"itemListElement\":[{\"@type\":\"ListItem\",\"position\":1,\"name\":\"Home\",\"item\":\"https:\/\/monti.lt\/\"},{\"@type\":\"ListItem\",\"position\":2,\"name\":\"Parduotuv\u0117\",\"item\":\"https:\/\/monti.lt\/shop\/\"},{\"@type\":\"ListItem\",\"position\":3,\"name\":\"Medinis formul\u0117s rinkinys &#8220;Pasidaryk pats&#8221;\"}]},{\"@type\":\"WebSite\",\"@id\":\"https:\/\/monti.lt\/#website\",\"url\":\"https:\/\/monti.lt\/\",\"name\":\"Montessori \u017eaislai\",\"description\":\"\",\"publisher\":{\"@id\":\"https:\/\/monti.lt\/#organization\"},\"potentialAction\":[{\"@type\":\"SearchAction\",\"target\":{\"@type\":\"EntryPoint\",\"urlTemplate\":\"https:\/\/monti.lt\/?s={search_term_string}\"},\"query-input\":\"required name=search_term_string\"}],\"inLanguage\":\"en-US\"},{\"@type\":\"Organization\",\"@id\":\"https:\/\/monti.lt\/#organization\",\"name\":\"Montessori \u017eaislai\",\"url\":\"https:\/\/monti.lt\/\",\"logo\":{\"@type\":\"ImageObject\",\"inLanguage\":\"en-US\",\"@id\":\"https:\/\/monti.lt\/#\/schema\/logo\/image\/\",\"url\":\"https:\/\/monti.lt\/wp-content\/uploads\/2022\/03\/montilogo-1.png\",\"contentUrl\":\"https:\/\/monti.lt\/wp-content\/uploads\/2022\/03\/montilogo-1.png\",\"width\":512,\"height\":512,\"caption\":\"Montessori \u017eaislai\"},\"image\":{\"@id\":\"https:\/\/monti.lt\/#\/schema\/logo\/image\/\"}}]}<\/script>\n<!-- \/ Yoast SEO plugin. -->","yoast_head_json":{"title":"Medinis formul\u0117s rinkinys \"Pasidaryk pats\" - Montessori \u017eaislai","robots":{"index":"index","follow":"follow","max-snippet":"max-snippet:-1","max-image-preview":"max-image-preview:large","max-video-preview":"max-video-preview:-1"},"canonical":"https:\/\/monti.lt\/en\/product\/medinis-formules-rinkinys-pasidaryk-pats\/","og_locale":"en_US","og_type":"article","og_title":"Medinis formul\u0117s rinkinys \"Pasidaryk pats\" - Montessori \u017eaislai","og_description":"\u2b50 MEDINIS MODELIS 1, SKIRTAS SUSUKTI I\u0160 MED\u017dIO TAPYBAI 3 VNT. + DA\u017dAI, LIPDUKAI DIYFORMUL\u0116 1 medin\u0117 susukama tapyba i\u0161 med\u017eio 3 vnt. + da\u017e\u0173 rinkinys &#8220;pasidaryk pats&#8221;. \u0160ie gra\u017eiai pagaminti mediniai &#8220;Formul\u0117s 1&#8221; automobiliai puikiai tinka ir \u017eaidimui, ir k\u016brybinei rai\u0161kai. Kiekviename rinkinyje yra trys mediniai automobiliai, kuriuos galima lengvai surinkti, tod\u0117l vaikai gali [&hellip;]","og_url":"https:\/\/monti.lt\/en\/product\/medinis-formules-rinkinys-pasidaryk-pats\/","og_site_name":"Montessori \u017eaislai","article_modified_time":"2025-11-28T20:51:21+00:00","og_image":[{"width":800,"height":800,"url":"https:\/\/monti.lt\/wp-content\/uploads\/2024\/07\/formula-1-drewniana-do-skrecania-z-drewna-malowania-3-sztuki-farby-diy.webp","type":"image\/webp"}],"twitter_card":"summary_large_image","twitter_misc":{"Est. reading time":"2 minutes"},"schema":{"@context":"https:\/\/schema.org","@graph":[{"@type":"WebPage","@id":"https:\/\/monti.lt\/product\/medinis-formules-rinkinys-pasidaryk-pats\/","url":"https:\/\/monti.lt\/product\/medinis-formules-rinkinys-pasidaryk-pats\/","name":"Medinis formul\u0117s rinkinys \"Pasidaryk pats\" - Montessori \u017eaislai","isPartOf":{"@id":"https:\/\/monti.lt\/#website"},"primaryImageOfPage":{"@id":"https:\/\/monti.lt\/product\/medinis-formules-rinkinys-pasidaryk-pats\/#primaryimage"},"image":{"@id":"https:\/\/monti.lt\/product\/medinis-formules-rinkinys-pasidaryk-pats\/#primaryimage"},"thumbnailUrl":"https:\/\/monti.lt\/wp-content\/uploads\/2024\/07\/formula-1-drewniana-do-skrecania-z-drewna-malowania-3-sztuki-farby-diy.webp","datePublished":"2024-07-05T12:09:06+00:00","dateModified":"2025-11-28T20:51:21+00:00","breadcrumb":{"@id":"https:\/\/monti.lt\/product\/medinis-formules-rinkinys-pasidaryk-pats\/#breadcrumb"},"inLanguage":"en-US","potentialAction":[{"@type":"ReadAction","target":["https:\/\/monti.lt\/product\/medinis-formules-rinkinys-pasidaryk-pats\/"]}]},{"@type":"ImageObject","inLanguage":"en-US","@id":"https:\/\/monti.lt\/product\/medinis-formules-rinkinys-pasidaryk-pats\/#primaryimage","url":"https:\/\/monti.lt\/wp-content\/uploads\/2024\/07\/formula-1-drewniana-do-skrecania-z-drewna-malowania-3-sztuki-farby-diy.webp","contentUrl":"https:\/\/monti.lt\/wp-content\/uploads\/2024\/07\/formula-1-drewniana-do-skrecania-z-drewna-malowania-3-sztuki-farby-diy.webp","width":800,"height":800},{"@type":"BreadcrumbList","@id":"https:\/\/monti.lt\/product\/medinis-formules-rinkinys-pasidaryk-pats\/#breadcrumb","itemListElement":[{"@type":"ListItem","position":1,"name":"Home","item":"https:\/\/monti.lt\/"},{"@type":"ListItem","position":2,"name":"Parduotuv\u0117","item":"https:\/\/monti.lt\/shop\/"},{"@type":"ListItem","position":3,"name":"Medinis formul\u0117s rinkinys &#8220;Pasidaryk pats&#8221;"}]},{"@type":"WebSite","@id":"https:\/\/monti.lt\/#website","url":"https:\/\/monti.lt\/","name":"Montessori \u017eaislai","description":"","publisher":{"@id":"https:\/\/monti.lt\/#organization"},"potentialAction":[{"@type":"SearchAction","target":{"@type":"EntryPoint","urlTemplate":"https:\/\/monti.lt\/?s={search_term_string}"},"query-input":"required name=search_term_string"}],"inLanguage":"en-US"},{"@type":"Organization","@id":"https:\/\/monti.lt\/#organization","name":"Montessori \u017eaislai","url":"https:\/\/monti.lt\/","logo":{"@type":"ImageObject","inLanguage":"en-US","@id":"https:\/\/monti.lt\/#\/schema\/logo\/image\/","url":"https:\/\/monti.lt\/wp-content\/uploads\/2022\/03\/montilogo-1.png","contentUrl":"https:\/\/monti.lt\/wp-content\/uploads\/2022\/03\/montilogo-1.png","width":512,"height":512,"caption":"Montessori \u017eaislai"},"image":{"@id":"https:\/\/monti.lt\/#\/schema\/logo\/image\/"}}]}},"_links":{"self":[{"href":"https:\/\/monti.lt\/en\/wp-json\/wp\/v2\/product\/23982"}],"collection":[{"href":"https:\/\/monti.lt\/en\/wp-json\/wp\/v2\/product"}],"about":[{"href":"https:\/\/monti.lt\/en\/wp-json\/wp\/v2\/types\/product"}],"version-history":[{"count":1,"href":"https:\/\/monti.lt\/en\/wp-json\/wp\/v2\/product\/23982\/revisions"}],"predecessor-version":[{"id":23989,"href":"https:\/\/monti.lt\/en\/wp-json\/wp\/v2\/product\/23982\/revisions\/23989"}],"wp:featuredmedia":[{"embeddable":true,"href":"https:\/\/monti.lt\/en\/wp-json\/wp\/v2\/media\/23983"}],"wp:attachment":[{"href":"https:\/\/monti.lt\/en\/wp-json\/wp\/v2\/media?parent=23982"}],"wp:term":[{"taxonomy":"product_cat","embeddable":true,"href":"https:\/\/monti.lt\/en\/wp-json\/wp\/v2\/product_cat?post=23982"},{"taxonomy":"product_tag","embeddable":true,"href":"https:\/\/monti.lt\/en\/wp-json\/wp\/v2\/product_tag?post=23982"}],"curies":[{"name":"wp","href":"https:\/\/api.w.org\/{rel}","templated":true}]}}