{"id":24122,"date":"2024-07-17T07:39:38","date_gmt":"2024-07-17T07:39:38","guid":{"rendered":"https:\/\/monti.lt\/?post_type=product&#038;p=24122"},"modified":"2026-03-24T11:06:10","modified_gmt":"2026-03-24T11:06:10","slug":"vaikisku-puodu-rinkinys","status":"publish","type":"product","link":"https:\/\/monti.lt\/en\/product\/vaikisku-puodu-rinkinys\/","title":{"rendered":"Vaiki\u0161k\u0173 puod\u0173 rinkinys"},"content":{"rendered":"<h1 class=\"wp-block-heading\">METALINI\u0172 PUOD\u0172 RINKINYS VAIKAMS&nbsp;<\/h1>\n\n\n\n<ul class=\"wp-block-list\">\n<li><strong>13 ELEMENT\u0172 &#8211;<\/strong>&nbsp;rinkinyje yra 13 element\u0173, t.y.&nbsp;<strong>viskas, ko reikia ma\u017eajam \u0161efui<\/strong>&nbsp;: 2 puodai, keptuv\u0117, kiaurasamtis, dangtis (tinka bet kokiam puodui), \u012fvairi\u0173 r\u016b\u0161i\u0173 \u0161auk\u0161t\u0173 rinkinys,&nbsp;<strong>kuprin\u0117<\/strong>&nbsp;<strong>ir med\u017eiaginis pagalv\u0117lis su pir\u0161tin\u0117<\/strong>&nbsp;.<\/li>\n\n\n\n<li><strong>PORTABLE \u2013<\/strong>&nbsp;rinkinys lengvas ir patogus.&nbsp;<strong>Jis yra permatomoje kuprin\u0117je, tod\u0117l vaikas gali lengvai pasiimti su savimi \u012f dar\u017eel\u012f, pas draug\u0105 ar \u012f sod\u0105<\/strong>&nbsp;; Jis yra ma\u017eo dyd\u017eio ir neu\u017eima daug vietos, tod\u0117l j\u012f patogu laikyti&nbsp;<strong>.<\/strong><\/li>\n\n\n\n<li><strong>\u012eTAKOJA VAIKO RA\u0160YM\u0104 \u2013<\/strong>&nbsp;\u017eaislas ne tik leid\u017eia \u012fdomiai ir d\u017eiaugsmingai leisti laik\u0105, bet ir&nbsp;<strong>veikia vaiko intelektualin\u012f vystym\u0105si bei jo motorikos augim\u0105; lavina vaizduot\u0119 ir skatina k\u016brybi\u0161kum\u0105, taip pat moko bendradarbiauti grup\u0117mis, tobulina socialinius ir integracijos \u012fg\u016bd\u017eius<\/strong>&nbsp;.<\/li>\n\n\n\n<li><strong>METALAS&nbsp;<\/strong>\u2013 metalin\u0117, klasikin\u0117 spalva tiks bet kuriai vaiki\u0161kai virtuvei. Puod\u0173 rinkinys leid\u017eia \u012fdomiai pramogauti namuose, bare ar restorane.<\/li>\n\n\n\n<li><strong>SPECIFIKACIJA<\/strong>&nbsp;\u2013 med\u017eiaga: metalas; kuprin\u0117s i\u0161matavimai: 20 x 21 x 7,5 cm; element\u0173 skai\u010dius: 13; svoris: 0,268 kg; komplekto svoris: 0,287 kg.&nbsp;<\/li>\n<\/ul>\n\n\n\n<p><strong>SPECIFIKACIJA<\/strong><\/p>\n\n\n\n<ul class=\"wp-block-list\">\n<li>med\u017eiaga: metalas, audinys<\/li>\n\n\n\n<li>kuprin\u0117s i\u0161matavimai: 20 x 21 x 7,5 cm<\/li>\n\n\n\n<li>element\u0173 skai\u010dius: 13<\/li>\n\n\n\n<li>svoris: 0,268 kg<\/li>\n\n\n\n<li>komplekto svoris: 0,287 kg<\/li>\n<\/ul>\n\n\n\n<p><strong>\u012eSKAITANT<\/strong><\/p>\n\n\n\n<ul class=\"wp-block-list\">\n<li>didelis puodas<\/li>\n\n\n\n<li>ma\u017eas puodas<\/li>\n\n\n\n<li>keptuv\u0117<\/li>\n\n\n\n<li>kiaurasamtis<\/li>\n\n\n\n<li>dangtelis<\/li>\n\n\n\n<li>makaron\u0173 \u0161auk\u0161tas<\/li>\n\n\n\n<li>pe\u010di\u0173<\/li>\n\n\n\n<li>kiaurasamtis<\/li>\n\n\n\n<li>kau\u0161inis \u0161auk\u0161tas<\/li>\n\n\n\n<li>plakti<\/li>\n\n\n\n<li>audinio virtuv\u0117s kilim\u0117lis<\/li>\n\n\n\n<li>med\u017eiagin\u0117 pir\u0161tin\u0117<\/li>\n\n\n\n<li>skaidri kuprin\u0117 su rankena<\/li>\n<\/ul>\n\n\n\n<p>Gaminys puikiai atkuriamas, tod\u0117l imituoja tikrus puodus, o vaikai kaip \u017einome t\u0117velius, tad leid\u017eia \u017eaisti kartu su t\u0117vais. Vaikas gali paruo\u0161ti vakarien\u0119 savo l\u0117l\u0117ms ar me\u0161kiukams. Sidabrini\u0173 puod\u0173 rinkinys leid\u017eia \u012fdomiai \u017eaisti namuose, bare ar restorane. Klasikin\u0117 sidabro spalva tiks bet kuriai virtuvei, o ma\u017eylis jausis tikru vir\u0117ju. \u017daislas ne tik leid\u017eia \u012fdomiai ir d\u017eiaugsmingai leisti laik\u0105, bet ir daro \u012ftak\u0105 vaiko intelektualiniam vystymuisi, lavina jo motorik\u0105. Tai lavina vaizduot\u0119 ir skatina k\u016brybi\u0161kum\u0105, taip pat moko komandinio bendradarbiavimo, tobulina socialinius ir integracijos \u012fg\u016bd\u017eius. Rinkinys puikiai tinka \u017eaisti vienam arba su suaugusiais ar kitais vaikais.<\/p>","protected":false},"excerpt":{"rendered":"<p>METALINI\u0172 PUOD\u0172 RINKINYS VAIKAMS&nbsp; SPECIFIKACIJA \u012eSKAITANT Gaminys puikiai atkuriamas, tod\u0117l imituoja tikrus puodus, o vaikai kaip \u017einome t\u0117velius, tad leid\u017eia \u017eaisti kartu su t\u0117vais. Vaikas gali paruo\u0161ti vakarien\u0119 savo l\u0117l\u0117ms ar me\u0161kiukams. Sidabrini\u0173 puod\u0173 rinkinys leid\u017eia \u012fdomiai \u017eaisti namuose, bare ar restorane. Klasikin\u0117 sidabro spalva tiks bet kuriai virtuvei, o ma\u017eylis jausis tikru vir\u0117ju. \u017daislas [&hellip;]<\/p>","protected":false},"featured_media":24123,"template":"","meta":{"_acf_changed":false,"iawp_total_views":535},"product_cat":[84,93,49,39],"product_tag":[95,96,97,98],"class_list":{"0":"post-24122","1":"product","2":"type-product","3":"status-publish","4":"has-post-thumbnail","6":"product_cat-lavinamieji-zaislai","7":"product_cat-vaidmenu-zaidimai","8":"product_cat-visi-zaislai","9":"product_cat-zaislai","10":"product_tag-1-m-2-m","11":"product_tag-2-m-3-m","12":"product_tag-3-m-4-m","13":"product_tag-5-m-7-m","15":"first","16":"outofstock","17":"sale","18":"taxable","19":"shipping-taxable","20":"purchasable","21":"product-type-simple"},"acf":[],"yoast_head":"<!-- This site is optimized with the Yoast SEO plugin v23.3 - https:\/\/yoast.com\/wordpress\/plugins\/seo\/ -->\n<title>Vaiki\u0161k\u0173 puod\u0173 rinkinys - Montessori \u017eaislai<\/title>\n<meta name=\"robots\" content=\"index, follow, max-snippet:-1, max-image-preview:large, max-video-preview:-1\" \/>\n<link rel=\"canonical\" href=\"https:\/\/monti.lt\/en\/product\/vaikisku-puodu-rinkinys\/\" \/>\n<meta property=\"og:locale\" content=\"en_US\" \/>\n<meta property=\"og:type\" content=\"article\" \/>\n<meta property=\"og:title\" content=\"Vaiki\u0161k\u0173 puod\u0173 rinkinys - Montessori \u017eaislai\" \/>\n<meta property=\"og:description\" content=\"METALINI\u0172 PUOD\u0172 RINKINYS VAIKAMS&nbsp; SPECIFIKACIJA \u012eSKAITANT Gaminys puikiai atkuriamas, tod\u0117l imituoja tikrus puodus, o vaikai kaip \u017einome t\u0117velius, tad leid\u017eia \u017eaisti kartu su t\u0117vais. Vaikas gali paruo\u0161ti vakarien\u0119 savo l\u0117l\u0117ms ar me\u0161kiukams. Sidabrini\u0173 puod\u0173 rinkinys leid\u017eia \u012fdomiai \u017eaisti namuose, bare ar restorane. Klasikin\u0117 sidabro spalva tiks bet kuriai virtuvei, o ma\u017eylis jausis tikru vir\u0117ju. \u017daislas [&hellip;]\" \/>\n<meta property=\"og:url\" content=\"https:\/\/monti.lt\/en\/product\/vaikisku-puodu-rinkinys\/\" \/>\n<meta property=\"og:site_name\" content=\"Montessori \u017eaislai\" \/>\n<meta property=\"article:modified_time\" content=\"2026-03-24T11:06:10+00:00\" \/>\n<meta property=\"og:image\" content=\"https:\/\/monti.lt\/wp-content\/uploads\/2024\/07\/lit_pl_Vaikisku-puodu-rinkinys-ZG23444-17500_4.webp\" \/>\n\t<meta property=\"og:image:width\" content=\"500\" \/>\n\t<meta property=\"og:image:height\" content=\"500\" \/>\n\t<meta property=\"og:image:type\" content=\"image\/webp\" \/>\n<meta name=\"twitter:card\" content=\"summary_large_image\" \/>\n<meta name=\"twitter:label1\" content=\"Est. reading time\" \/>\n\t<meta name=\"twitter:data1\" content=\"2 minutes\" \/>\n<script type=\"application\/ld+json\" class=\"yoast-schema-graph\">{\"@context\":\"https:\/\/schema.org\",\"@graph\":[{\"@type\":\"WebPage\",\"@id\":\"https:\/\/monti.lt\/product\/vaikisku-puodu-rinkinys\/\",\"url\":\"https:\/\/monti.lt\/product\/vaikisku-puodu-rinkinys\/\",\"name\":\"Vaiki\u0161k\u0173 puod\u0173 rinkinys - Montessori \u017eaislai\",\"isPartOf\":{\"@id\":\"https:\/\/monti.lt\/#website\"},\"primaryImageOfPage\":{\"@id\":\"https:\/\/monti.lt\/product\/vaikisku-puodu-rinkinys\/#primaryimage\"},\"image\":{\"@id\":\"https:\/\/monti.lt\/product\/vaikisku-puodu-rinkinys\/#primaryimage\"},\"thumbnailUrl\":\"https:\/\/monti.lt\/wp-content\/uploads\/2024\/07\/lit_pl_Vaikisku-puodu-rinkinys-ZG23444-17500_4.webp\",\"datePublished\":\"2024-07-17T07:39:38+00:00\",\"dateModified\":\"2026-03-24T11:06:10+00:00\",\"breadcrumb\":{\"@id\":\"https:\/\/monti.lt\/product\/vaikisku-puodu-rinkinys\/#breadcrumb\"},\"inLanguage\":\"en-US\",\"potentialAction\":[{\"@type\":\"ReadAction\",\"target\":[\"https:\/\/monti.lt\/product\/vaikisku-puodu-rinkinys\/\"]}]},{\"@type\":\"ImageObject\",\"inLanguage\":\"en-US\",\"@id\":\"https:\/\/monti.lt\/product\/vaikisku-puodu-rinkinys\/#primaryimage\",\"url\":\"https:\/\/monti.lt\/wp-content\/uploads\/2024\/07\/lit_pl_Vaikisku-puodu-rinkinys-ZG23444-17500_4.webp\",\"contentUrl\":\"https:\/\/monti.lt\/wp-content\/uploads\/2024\/07\/lit_pl_Vaikisku-puodu-rinkinys-ZG23444-17500_4.webp\",\"width\":500,\"height\":500},{\"@type\":\"BreadcrumbList\",\"@id\":\"https:\/\/monti.lt\/product\/vaikisku-puodu-rinkinys\/#breadcrumb\",\"itemListElement\":[{\"@type\":\"ListItem\",\"position\":1,\"name\":\"Home\",\"item\":\"https:\/\/monti.lt\/\"},{\"@type\":\"ListItem\",\"position\":2,\"name\":\"Parduotuv\u0117\",\"item\":\"https:\/\/monti.lt\/shop\/\"},{\"@type\":\"ListItem\",\"position\":3,\"name\":\"Vaiki\u0161k\u0173 puod\u0173 rinkinys\"}]},{\"@type\":\"WebSite\",\"@id\":\"https:\/\/monti.lt\/#website\",\"url\":\"https:\/\/monti.lt\/\",\"name\":\"Montessori \u017eaislai\",\"description\":\"\",\"publisher\":{\"@id\":\"https:\/\/monti.lt\/#organization\"},\"potentialAction\":[{\"@type\":\"SearchAction\",\"target\":{\"@type\":\"EntryPoint\",\"urlTemplate\":\"https:\/\/monti.lt\/?s={search_term_string}\"},\"query-input\":\"required name=search_term_string\"}],\"inLanguage\":\"en-US\"},{\"@type\":\"Organization\",\"@id\":\"https:\/\/monti.lt\/#organization\",\"name\":\"Montessori \u017eaislai\",\"url\":\"https:\/\/monti.lt\/\",\"logo\":{\"@type\":\"ImageObject\",\"inLanguage\":\"en-US\",\"@id\":\"https:\/\/monti.lt\/#\/schema\/logo\/image\/\",\"url\":\"https:\/\/monti.lt\/wp-content\/uploads\/2022\/03\/montilogo-1.png\",\"contentUrl\":\"https:\/\/monti.lt\/wp-content\/uploads\/2022\/03\/montilogo-1.png\",\"width\":512,\"height\":512,\"caption\":\"Montessori \u017eaislai\"},\"image\":{\"@id\":\"https:\/\/monti.lt\/#\/schema\/logo\/image\/\"}}]}<\/script>\n<!-- \/ Yoast SEO plugin. -->","yoast_head_json":{"title":"Vaiki\u0161k\u0173 puod\u0173 rinkinys - Montessori \u017eaislai","robots":{"index":"index","follow":"follow","max-snippet":"max-snippet:-1","max-image-preview":"max-image-preview:large","max-video-preview":"max-video-preview:-1"},"canonical":"https:\/\/monti.lt\/en\/product\/vaikisku-puodu-rinkinys\/","og_locale":"en_US","og_type":"article","og_title":"Vaiki\u0161k\u0173 puod\u0173 rinkinys - Montessori \u017eaislai","og_description":"METALINI\u0172 PUOD\u0172 RINKINYS VAIKAMS&nbsp; SPECIFIKACIJA \u012eSKAITANT Gaminys puikiai atkuriamas, tod\u0117l imituoja tikrus puodus, o vaikai kaip \u017einome t\u0117velius, tad leid\u017eia \u017eaisti kartu su t\u0117vais. Vaikas gali paruo\u0161ti vakarien\u0119 savo l\u0117l\u0117ms ar me\u0161kiukams. Sidabrini\u0173 puod\u0173 rinkinys leid\u017eia \u012fdomiai \u017eaisti namuose, bare ar restorane. Klasikin\u0117 sidabro spalva tiks bet kuriai virtuvei, o ma\u017eylis jausis tikru vir\u0117ju. \u017daislas [&hellip;]","og_url":"https:\/\/monti.lt\/en\/product\/vaikisku-puodu-rinkinys\/","og_site_name":"Montessori \u017eaislai","article_modified_time":"2026-03-24T11:06:10+00:00","og_image":[{"width":500,"height":500,"url":"https:\/\/monti.lt\/wp-content\/uploads\/2024\/07\/lit_pl_Vaikisku-puodu-rinkinys-ZG23444-17500_4.webp","type":"image\/webp"}],"twitter_card":"summary_large_image","twitter_misc":{"Est. reading time":"2 minutes"},"schema":{"@context":"https:\/\/schema.org","@graph":[{"@type":"WebPage","@id":"https:\/\/monti.lt\/product\/vaikisku-puodu-rinkinys\/","url":"https:\/\/monti.lt\/product\/vaikisku-puodu-rinkinys\/","name":"Vaiki\u0161k\u0173 puod\u0173 rinkinys - Montessori \u017eaislai","isPartOf":{"@id":"https:\/\/monti.lt\/#website"},"primaryImageOfPage":{"@id":"https:\/\/monti.lt\/product\/vaikisku-puodu-rinkinys\/#primaryimage"},"image":{"@id":"https:\/\/monti.lt\/product\/vaikisku-puodu-rinkinys\/#primaryimage"},"thumbnailUrl":"https:\/\/monti.lt\/wp-content\/uploads\/2024\/07\/lit_pl_Vaikisku-puodu-rinkinys-ZG23444-17500_4.webp","datePublished":"2024-07-17T07:39:38+00:00","dateModified":"2026-03-24T11:06:10+00:00","breadcrumb":{"@id":"https:\/\/monti.lt\/product\/vaikisku-puodu-rinkinys\/#breadcrumb"},"inLanguage":"en-US","potentialAction":[{"@type":"ReadAction","target":["https:\/\/monti.lt\/product\/vaikisku-puodu-rinkinys\/"]}]},{"@type":"ImageObject","inLanguage":"en-US","@id":"https:\/\/monti.lt\/product\/vaikisku-puodu-rinkinys\/#primaryimage","url":"https:\/\/monti.lt\/wp-content\/uploads\/2024\/07\/lit_pl_Vaikisku-puodu-rinkinys-ZG23444-17500_4.webp","contentUrl":"https:\/\/monti.lt\/wp-content\/uploads\/2024\/07\/lit_pl_Vaikisku-puodu-rinkinys-ZG23444-17500_4.webp","width":500,"height":500},{"@type":"BreadcrumbList","@id":"https:\/\/monti.lt\/product\/vaikisku-puodu-rinkinys\/#breadcrumb","itemListElement":[{"@type":"ListItem","position":1,"name":"Home","item":"https:\/\/monti.lt\/"},{"@type":"ListItem","position":2,"name":"Parduotuv\u0117","item":"https:\/\/monti.lt\/shop\/"},{"@type":"ListItem","position":3,"name":"Vaiki\u0161k\u0173 puod\u0173 rinkinys"}]},{"@type":"WebSite","@id":"https:\/\/monti.lt\/#website","url":"https:\/\/monti.lt\/","name":"Montessori \u017eaislai","description":"","publisher":{"@id":"https:\/\/monti.lt\/#organization"},"potentialAction":[{"@type":"SearchAction","target":{"@type":"EntryPoint","urlTemplate":"https:\/\/monti.lt\/?s={search_term_string}"},"query-input":"required name=search_term_string"}],"inLanguage":"en-US"},{"@type":"Organization","@id":"https:\/\/monti.lt\/#organization","name":"Montessori \u017eaislai","url":"https:\/\/monti.lt\/","logo":{"@type":"ImageObject","inLanguage":"en-US","@id":"https:\/\/monti.lt\/#\/schema\/logo\/image\/","url":"https:\/\/monti.lt\/wp-content\/uploads\/2022\/03\/montilogo-1.png","contentUrl":"https:\/\/monti.lt\/wp-content\/uploads\/2022\/03\/montilogo-1.png","width":512,"height":512,"caption":"Montessori \u017eaislai"},"image":{"@id":"https:\/\/monti.lt\/#\/schema\/logo\/image\/"}}]}},"_links":{"self":[{"href":"https:\/\/monti.lt\/en\/wp-json\/wp\/v2\/product\/24122"}],"collection":[{"href":"https:\/\/monti.lt\/en\/wp-json\/wp\/v2\/product"}],"about":[{"href":"https:\/\/monti.lt\/en\/wp-json\/wp\/v2\/types\/product"}],"version-history":[{"count":1,"href":"https:\/\/monti.lt\/en\/wp-json\/wp\/v2\/product\/24122\/revisions"}],"predecessor-version":[{"id":24125,"href":"https:\/\/monti.lt\/en\/wp-json\/wp\/v2\/product\/24122\/revisions\/24125"}],"wp:featuredmedia":[{"embeddable":true,"href":"https:\/\/monti.lt\/en\/wp-json\/wp\/v2\/media\/24123"}],"wp:attachment":[{"href":"https:\/\/monti.lt\/en\/wp-json\/wp\/v2\/media?parent=24122"}],"wp:term":[{"taxonomy":"product_cat","embeddable":true,"href":"https:\/\/monti.lt\/en\/wp-json\/wp\/v2\/product_cat?post=24122"},{"taxonomy":"product_tag","embeddable":true,"href":"https:\/\/monti.lt\/en\/wp-json\/wp\/v2\/product_tag?post=24122"}],"curies":[{"name":"wp","href":"https:\/\/api.w.org\/{rel}","templated":true}]}}