{"id":24145,"date":"2024-07-19T08:05:40","date_gmt":"2024-07-19T08:05:40","guid":{"rendered":"https:\/\/monti.lt\/?post_type=product&#038;p=24145"},"modified":"2026-04-30T05:13:16","modified_gmt":"2026-04-30T05:13:16","slug":"silikoninis-valgymo-rinkinys-rozinis-2","status":"publish","type":"product","link":"https:\/\/monti.lt\/en\/product\/silikoninis-valgymo-rinkinys-rozinis-2\/","title":{"rendered":"Silikoninis valgymo rinkinys, ro\u017einis"},"content":{"rendered":"<p>\u0160is silikonini\u0173 ind\u0173 rinkinys &#8211; puikus b\u016bdas pa\u012fvairinti maist\u0105 ir paskatinti vaikus valgyti. Silikoninis duben\u0117lis ir l\u0117k\u0161t\u0117 turi siurbtukus, kurie neleid\u017eia jiems apvirsti net ir vaikui atliekant energingiausius judesius. Puodelis turi dvi ergonomi\u0161kas ranken\u0117les, puikiai pritaikytas ma\u017eoms rankut\u0117ms. Puodelis turi du dangtelius: vien\u0105 su \u0161iaudeliu g\u0117rimui ir antr\u0105, kuris neleid\u017eia i\u0161silieti u\u017ekand\u017eiams. Rinkinyje yra du stalo \u012franki\u0173 rinkiniai: vienas visi\u0161kai pagamintas i\u0161 silikono, o kitas &#8211; i\u0161 silikono + med\u017eio. Prakti\u0161kas \u0161liau\u017etinukas su ki\u0161en\u0117le krentan\u010diam maistui apsaugoti k\u016bdikio drabu\u017eius nuo sutepimo. Visi rinkinio elementai pagaminti i\u0161 auk\u0161tos kokyb\u0117s tamsiai ro\u017ein\u0117s spalvos silikono. Kiekvien\u0105 ind\u0105 lengva valyti ir galima plauti indaplov\u0117je.<\/p>\n\n\n\n<p>Techniniai parametrai:<\/p>\n\n\n\n<p>Med\u017eiaga: silikonas, medis<br>Spalva: tamsiai ro\u017ein\u0117<br>Element\u0173 skai\u010dius: 9<br>Plok\u0161tel\u0117s matmenys: 19 cm x 24,5 cm x 4 cm<br>Duben\u0117lio matmenys: 24 cm x 24 cm x 24 cm x 24 cm x 24 cm x 24 cm x 24 cm: 12 cm x 8,5 cm<br>Puodelio matmenys: 12 cm x 7 cm.<br>\u0160akut\u0117s matmenys: 14 cm x 3,5 cm.<br>\u0160auk\u0161to matmenys: 14 cm x 3,5 cm.<br>Seilinuko matmenys: 22 cm x 25 cm<br>Pakuot\u0117s matmenys: 23 cm x 20,5 cm x 10 cm<br>Rinkinio turinys:<\/p>\n\n\n\n<p>L\u0117k\u0161t\u0117 su trimis skyriais<br>Duben\u0117lis<br>Puodelis su dviem dangteliais ir \u0161iaudeliu<br>\u0160akut\u0117 x2<br>\u0160auk\u0161tas x2<br>Seilinukas<\/p>\n\n\n\n<p>Rinkinys pagamintas i\u0161 auk\u0161tos kokyb\u0117s maistinio silikono, kuriame n\u0117ra BPA ir kit\u0173 kenksming\u0173 med\u017eiag\u0173, tod\u0117l jis saugus vaikams.<\/p>\n\n\n\n<p>Gaminys supakuotas \u012f kartonin\u0119 d\u0117\u017eut\u0119.<\/p>\n\n\n\n<p><\/p>","protected":false},"excerpt":{"rendered":"<p>\u0160is silikonini\u0173 ind\u0173 rinkinys &#8211; puikus b\u016bdas pa\u012fvairinti maist\u0105 ir paskatinti vaikus valgyti. Silikoninis duben\u0117lis ir l\u0117k\u0161t\u0117 turi siurbtukus, kurie neleid\u017eia jiems apvirsti net ir vaikui atliekant energingiausius judesius. Puodelis turi dvi ergonomi\u0161kas ranken\u0117les, puikiai pritaikytas ma\u017eoms rankut\u0117ms. Puodelis turi du dangtelius: vien\u0105 su \u0161iaudeliu g\u0117rimui ir antr\u0105, kuris neleid\u017eia i\u0161silieti u\u017ekand\u017eiams. Rinkinyje yra du [&hellip;]<\/p>","protected":false},"featured_media":24146,"template":"","meta":{"_acf_changed":false,"iawp_total_views":732},"product_cat":[200,196,191,192,81,257,258,49,39,214],"product_tag":[95,97,94],"class_list":{"0":"post-24145","1":"product","2":"type-product","3":"status-publish","4":"has-post-thumbnail","6":"product_cat-dovanos-kudikiams","7":"product_cat-dovanos-mergaitems","8":"product_cat-dovanos-vaikams","9":"product_cat-kaledines-dovanos-vaikams","10":"product_cat-kiti-zaislai","11":"product_cat-vaiku-prieziura","12":"product_cat-virtuves-irankiai-vaikams","13":"product_cat-visi-zaislai","14":"product_cat-zaislai","15":"product_cat-zaislai-mergaitems","16":"product_tag-1-m-2-m","17":"product_tag-3-m-4-m","18":"product_tag-iki-1-m","20":"first","21":"instock","22":"sale","23":"taxable","24":"shipping-taxable","25":"purchasable","26":"product-type-simple"},"acf":[],"yoast_head":"<!-- This site is optimized with the Yoast SEO plugin v23.3 - https:\/\/yoast.com\/wordpress\/plugins\/seo\/ -->\n<title>Silikoninis valgymo rinkinys, ro\u017einis - Montessori \u017eaislai<\/title>\n<meta name=\"robots\" content=\"index, follow, max-snippet:-1, max-image-preview:large, max-video-preview:-1\" \/>\n<link rel=\"canonical\" href=\"https:\/\/monti.lt\/en\/product\/silikoninis-valgymo-rinkinys-rozinis-2\/\" \/>\n<meta property=\"og:locale\" content=\"en_US\" \/>\n<meta property=\"og:type\" content=\"article\" \/>\n<meta property=\"og:title\" content=\"Silikoninis valgymo rinkinys, ro\u017einis - Montessori \u017eaislai\" \/>\n<meta property=\"og:description\" content=\"\u0160is silikonini\u0173 ind\u0173 rinkinys &#8211; puikus b\u016bdas pa\u012fvairinti maist\u0105 ir paskatinti vaikus valgyti. Silikoninis duben\u0117lis ir l\u0117k\u0161t\u0117 turi siurbtukus, kurie neleid\u017eia jiems apvirsti net ir vaikui atliekant energingiausius judesius. Puodelis turi dvi ergonomi\u0161kas ranken\u0117les, puikiai pritaikytas ma\u017eoms rankut\u0117ms. Puodelis turi du dangtelius: vien\u0105 su \u0161iaudeliu g\u0117rimui ir antr\u0105, kuris neleid\u017eia i\u0161silieti u\u017ekand\u017eiams. Rinkinyje yra du [&hellip;]\" \/>\n<meta property=\"og:url\" content=\"https:\/\/monti.lt\/en\/product\/silikoninis-valgymo-rinkinys-rozinis-2\/\" \/>\n<meta property=\"og:site_name\" content=\"Montessori \u017eaislai\" \/>\n<meta property=\"article:modified_time\" content=\"2026-04-30T05:13:16+00:00\" \/>\n<meta property=\"og:image\" content=\"https:\/\/monti.lt\/wp-content\/uploads\/2024\/07\/Silicone-dishes-for-children-squirrel-9-elements-dark-pink-155384.jpg\" \/>\n\t<meta property=\"og:image:width\" content=\"1024\" \/>\n\t<meta property=\"og:image:height\" content=\"1024\" \/>\n\t<meta property=\"og:image:type\" content=\"image\/jpeg\" \/>\n<meta name=\"twitter:card\" content=\"summary_large_image\" \/>\n<meta name=\"twitter:label1\" content=\"Est. reading time\" \/>\n\t<meta name=\"twitter:data1\" content=\"2 minutes\" \/>\n<script type=\"application\/ld+json\" class=\"yoast-schema-graph\">{\"@context\":\"https:\/\/schema.org\",\"@graph\":[{\"@type\":\"WebPage\",\"@id\":\"https:\/\/monti.lt\/product\/silikoninis-valgymo-rinkinys-rozinis-2\/\",\"url\":\"https:\/\/monti.lt\/product\/silikoninis-valgymo-rinkinys-rozinis-2\/\",\"name\":\"Silikoninis valgymo rinkinys, ro\u017einis - Montessori \u017eaislai\",\"isPartOf\":{\"@id\":\"https:\/\/monti.lt\/#website\"},\"primaryImageOfPage\":{\"@id\":\"https:\/\/monti.lt\/product\/silikoninis-valgymo-rinkinys-rozinis-2\/#primaryimage\"},\"image\":{\"@id\":\"https:\/\/monti.lt\/product\/silikoninis-valgymo-rinkinys-rozinis-2\/#primaryimage\"},\"thumbnailUrl\":\"https:\/\/monti.lt\/wp-content\/uploads\/2024\/07\/Silicone-dishes-for-children-squirrel-9-elements-dark-pink-155384.jpg\",\"datePublished\":\"2024-07-19T08:05:40+00:00\",\"dateModified\":\"2026-04-30T05:13:16+00:00\",\"breadcrumb\":{\"@id\":\"https:\/\/monti.lt\/product\/silikoninis-valgymo-rinkinys-rozinis-2\/#breadcrumb\"},\"inLanguage\":\"en-US\",\"potentialAction\":[{\"@type\":\"ReadAction\",\"target\":[\"https:\/\/monti.lt\/product\/silikoninis-valgymo-rinkinys-rozinis-2\/\"]}]},{\"@type\":\"ImageObject\",\"inLanguage\":\"en-US\",\"@id\":\"https:\/\/monti.lt\/product\/silikoninis-valgymo-rinkinys-rozinis-2\/#primaryimage\",\"url\":\"https:\/\/monti.lt\/wp-content\/uploads\/2024\/07\/Silicone-dishes-for-children-squirrel-9-elements-dark-pink-155384.jpg\",\"contentUrl\":\"https:\/\/monti.lt\/wp-content\/uploads\/2024\/07\/Silicone-dishes-for-children-squirrel-9-elements-dark-pink-155384.jpg\",\"width\":1024,\"height\":1024,\"caption\":\"prilimpantys indai\"},{\"@type\":\"BreadcrumbList\",\"@id\":\"https:\/\/monti.lt\/product\/silikoninis-valgymo-rinkinys-rozinis-2\/#breadcrumb\",\"itemListElement\":[{\"@type\":\"ListItem\",\"position\":1,\"name\":\"Home\",\"item\":\"https:\/\/monti.lt\/\"},{\"@type\":\"ListItem\",\"position\":2,\"name\":\"Parduotuv\u0117\",\"item\":\"https:\/\/monti.lt\/shop\/\"},{\"@type\":\"ListItem\",\"position\":3,\"name\":\"Silikoninis valgymo rinkinys, ro\u017einis\"}]},{\"@type\":\"WebSite\",\"@id\":\"https:\/\/monti.lt\/#website\",\"url\":\"https:\/\/monti.lt\/\",\"name\":\"Montessori \u017eaislai\",\"description\":\"\",\"publisher\":{\"@id\":\"https:\/\/monti.lt\/#organization\"},\"potentialAction\":[{\"@type\":\"SearchAction\",\"target\":{\"@type\":\"EntryPoint\",\"urlTemplate\":\"https:\/\/monti.lt\/?s={search_term_string}\"},\"query-input\":\"required name=search_term_string\"}],\"inLanguage\":\"en-US\"},{\"@type\":\"Organization\",\"@id\":\"https:\/\/monti.lt\/#organization\",\"name\":\"Montessori \u017eaislai\",\"url\":\"https:\/\/monti.lt\/\",\"logo\":{\"@type\":\"ImageObject\",\"inLanguage\":\"en-US\",\"@id\":\"https:\/\/monti.lt\/#\/schema\/logo\/image\/\",\"url\":\"https:\/\/monti.lt\/wp-content\/uploads\/2022\/03\/montilogo-1.png\",\"contentUrl\":\"https:\/\/monti.lt\/wp-content\/uploads\/2022\/03\/montilogo-1.png\",\"width\":512,\"height\":512,\"caption\":\"Montessori \u017eaislai\"},\"image\":{\"@id\":\"https:\/\/monti.lt\/#\/schema\/logo\/image\/\"}}]}<\/script>\n<!-- \/ Yoast SEO plugin. -->","yoast_head_json":{"title":"Silikoninis valgymo rinkinys, ro\u017einis - Montessori \u017eaislai","robots":{"index":"index","follow":"follow","max-snippet":"max-snippet:-1","max-image-preview":"max-image-preview:large","max-video-preview":"max-video-preview:-1"},"canonical":"https:\/\/monti.lt\/en\/product\/silikoninis-valgymo-rinkinys-rozinis-2\/","og_locale":"en_US","og_type":"article","og_title":"Silikoninis valgymo rinkinys, ro\u017einis - Montessori \u017eaislai","og_description":"\u0160is silikonini\u0173 ind\u0173 rinkinys &#8211; puikus b\u016bdas pa\u012fvairinti maist\u0105 ir paskatinti vaikus valgyti. Silikoninis duben\u0117lis ir l\u0117k\u0161t\u0117 turi siurbtukus, kurie neleid\u017eia jiems apvirsti net ir vaikui atliekant energingiausius judesius. Puodelis turi dvi ergonomi\u0161kas ranken\u0117les, puikiai pritaikytas ma\u017eoms rankut\u0117ms. Puodelis turi du dangtelius: vien\u0105 su \u0161iaudeliu g\u0117rimui ir antr\u0105, kuris neleid\u017eia i\u0161silieti u\u017ekand\u017eiams. Rinkinyje yra du [&hellip;]","og_url":"https:\/\/monti.lt\/en\/product\/silikoninis-valgymo-rinkinys-rozinis-2\/","og_site_name":"Montessori \u017eaislai","article_modified_time":"2026-04-30T05:13:16+00:00","og_image":[{"width":1024,"height":1024,"url":"https:\/\/monti.lt\/wp-content\/uploads\/2024\/07\/Silicone-dishes-for-children-squirrel-9-elements-dark-pink-155384.jpg","type":"image\/jpeg"}],"twitter_card":"summary_large_image","twitter_misc":{"Est. reading time":"2 minutes"},"schema":{"@context":"https:\/\/schema.org","@graph":[{"@type":"WebPage","@id":"https:\/\/monti.lt\/product\/silikoninis-valgymo-rinkinys-rozinis-2\/","url":"https:\/\/monti.lt\/product\/silikoninis-valgymo-rinkinys-rozinis-2\/","name":"Silikoninis valgymo rinkinys, ro\u017einis - Montessori \u017eaislai","isPartOf":{"@id":"https:\/\/monti.lt\/#website"},"primaryImageOfPage":{"@id":"https:\/\/monti.lt\/product\/silikoninis-valgymo-rinkinys-rozinis-2\/#primaryimage"},"image":{"@id":"https:\/\/monti.lt\/product\/silikoninis-valgymo-rinkinys-rozinis-2\/#primaryimage"},"thumbnailUrl":"https:\/\/monti.lt\/wp-content\/uploads\/2024\/07\/Silicone-dishes-for-children-squirrel-9-elements-dark-pink-155384.jpg","datePublished":"2024-07-19T08:05:40+00:00","dateModified":"2026-04-30T05:13:16+00:00","breadcrumb":{"@id":"https:\/\/monti.lt\/product\/silikoninis-valgymo-rinkinys-rozinis-2\/#breadcrumb"},"inLanguage":"en-US","potentialAction":[{"@type":"ReadAction","target":["https:\/\/monti.lt\/product\/silikoninis-valgymo-rinkinys-rozinis-2\/"]}]},{"@type":"ImageObject","inLanguage":"en-US","@id":"https:\/\/monti.lt\/product\/silikoninis-valgymo-rinkinys-rozinis-2\/#primaryimage","url":"https:\/\/monti.lt\/wp-content\/uploads\/2024\/07\/Silicone-dishes-for-children-squirrel-9-elements-dark-pink-155384.jpg","contentUrl":"https:\/\/monti.lt\/wp-content\/uploads\/2024\/07\/Silicone-dishes-for-children-squirrel-9-elements-dark-pink-155384.jpg","width":1024,"height":1024,"caption":"prilimpantys indai"},{"@type":"BreadcrumbList","@id":"https:\/\/monti.lt\/product\/silikoninis-valgymo-rinkinys-rozinis-2\/#breadcrumb","itemListElement":[{"@type":"ListItem","position":1,"name":"Home","item":"https:\/\/monti.lt\/"},{"@type":"ListItem","position":2,"name":"Parduotuv\u0117","item":"https:\/\/monti.lt\/shop\/"},{"@type":"ListItem","position":3,"name":"Silikoninis valgymo rinkinys, ro\u017einis"}]},{"@type":"WebSite","@id":"https:\/\/monti.lt\/#website","url":"https:\/\/monti.lt\/","name":"Montessori \u017eaislai","description":"","publisher":{"@id":"https:\/\/monti.lt\/#organization"},"potentialAction":[{"@type":"SearchAction","target":{"@type":"EntryPoint","urlTemplate":"https:\/\/monti.lt\/?s={search_term_string}"},"query-input":"required name=search_term_string"}],"inLanguage":"en-US"},{"@type":"Organization","@id":"https:\/\/monti.lt\/#organization","name":"Montessori \u017eaislai","url":"https:\/\/monti.lt\/","logo":{"@type":"ImageObject","inLanguage":"en-US","@id":"https:\/\/monti.lt\/#\/schema\/logo\/image\/","url":"https:\/\/monti.lt\/wp-content\/uploads\/2022\/03\/montilogo-1.png","contentUrl":"https:\/\/monti.lt\/wp-content\/uploads\/2022\/03\/montilogo-1.png","width":512,"height":512,"caption":"Montessori \u017eaislai"},"image":{"@id":"https:\/\/monti.lt\/#\/schema\/logo\/image\/"}}]}},"_links":{"self":[{"href":"https:\/\/monti.lt\/en\/wp-json\/wp\/v2\/product\/24145"}],"collection":[{"href":"https:\/\/monti.lt\/en\/wp-json\/wp\/v2\/product"}],"about":[{"href":"https:\/\/monti.lt\/en\/wp-json\/wp\/v2\/types\/product"}],"version-history":[{"count":1,"href":"https:\/\/monti.lt\/en\/wp-json\/wp\/v2\/product\/24145\/revisions"}],"predecessor-version":[{"id":24155,"href":"https:\/\/monti.lt\/en\/wp-json\/wp\/v2\/product\/24145\/revisions\/24155"}],"wp:featuredmedia":[{"embeddable":true,"href":"https:\/\/monti.lt\/en\/wp-json\/wp\/v2\/media\/24146"}],"wp:attachment":[{"href":"https:\/\/monti.lt\/en\/wp-json\/wp\/v2\/media?parent=24145"}],"wp:term":[{"taxonomy":"product_cat","embeddable":true,"href":"https:\/\/monti.lt\/en\/wp-json\/wp\/v2\/product_cat?post=24145"},{"taxonomy":"product_tag","embeddable":true,"href":"https:\/\/monti.lt\/en\/wp-json\/wp\/v2\/product_tag?post=24145"}],"curies":[{"name":"wp","href":"https:\/\/api.w.org\/{rel}","templated":true}]}}