{"id":24517,"date":"2024-08-19T12:47:44","date_gmt":"2024-08-19T12:47:44","guid":{"rendered":"https:\/\/monti.lt\/?post_type=product&#038;p=24517"},"modified":"2026-03-31T10:36:54","modified_gmt":"2026-03-31T10:36:54","slug":"woppie-medinis-gyvunu-zaidimas-balansas","status":"publish","type":"product","link":"https:\/\/monti.lt\/en\/product\/woppie-medinis-gyvunu-zaidimas-balansas\/","title":{"rendered":"Woppie medinis gyv\u016bn\u0173 \u017eaidimas &#8220;Balansas&#8221;"},"content":{"rendered":"<p><strong>Mediniai sukrauti gyv\u016bnai<\/strong>&nbsp;i\u0161&nbsp;<strong>Woopie<\/strong>&nbsp;prek\u0117s \u017eenklo yra \u017eavus ir lavinantis \u017eaislas, kuris \u012fkvepia vaizduot\u0119 ir smulkiosios motorikos \u012fg\u016bd\u017eius ma\u017eiausiems. Rinkin\u012f sudaro&nbsp;<strong>12 miel\u0173 medini\u0173 gyv\u016bn\u0117li\u0173<\/strong>&nbsp;ir&nbsp;<strong>16 balansuojan\u010di\u0173 pried\u0173<\/strong>&nbsp;, toki\u0173 kaip medin\u0117 vaivoryk\u0161t\u0117, akmenys, platformos ir linksmas debesis.<\/p>\n\n\n\n<p>\u012evairios \u012frangos d\u0117ka vaikai gali kurti tiek ma\u017eas, tiek dideles&nbsp;<strong>tvarias konstrukcijas<\/strong>&nbsp;. Be to, rinkinyje yra&nbsp;<strong>bukletas su pastat\u0173 pavyzd\u017eiais<\/strong>&nbsp;, kurie suteikia \u012fkv\u0117pimo k\u016brybingoms konstrukcijoms. Ma\u017eieji gali nuspr\u0119sti statyti pagal ra\u0161t\u0105 arba kurti&nbsp;<strong>savo darbelius,<\/strong>&nbsp;taip ugdydami savo&nbsp;<strong>k\u016brybi\u0161kum\u0105.<\/strong><\/p>\n\n\n\n<p>D\u0117lion\u0117 si\u016blo&nbsp;<strong>tris sud\u0117tingumo lygius<\/strong>&nbsp;, pritaikytus vaik\u0173 am\u017eiui, tod\u0117l puikiai tinka vaikams nuo 18 m\u0117nesi\u0173 am\u017eiaus. Skatindami i\u0161laikyti pusiausvyr\u0105, skai\u010diuodami kiekvien\u0105 judes\u012f ir ugdydami miklum\u0105 bei tikslum\u0105, vaikai su gyv\u016bnais gali pastatyti \u012fsp\u016bdingus balansavimo bok\u0161tus.<\/p>\n\n\n\n<p><strong>Charakteristika:<\/strong><\/p>\n\n\n\n<p>&#8211; \u017eaislas skirtas&nbsp;<strong>vaikams nuo 18 m\u0117n<\/strong><\/p>\n\n\n\n<p>&#8211; rinkinyje yra&nbsp;<strong>29 elementai<\/strong><\/p>\n\n\n\n<p>&#8211; leid\u017eia kurti unikalius pastatus<\/p>\n\n\n\n<p>&#8211; puikus produktas kaip dovana<\/p>\n\n\n\n<p>&#8211; pagamintas i\u0161 FSC sertifikuotos medienos<\/p>\n\n\n\n<p><strong>\u017daislas vysto:<\/strong><\/p>\n\n\n\n<p>&#8211; aki\u0173-rank\u0173 koordinacija<\/p>\n\n\n\n<p>&#8211; koncentracija<\/p>\n\n\n\n<p>&#8211; rankiniai \u012fg\u016bd\u017eiai<\/p>\n\n\n\n<p>&#8211; vaizduot\u0117 ir k\u016brybi\u0161kumas<\/p>","protected":false},"excerpt":{"rendered":"<p>Mediniai sukrauti gyv\u016bnai&nbsp;i\u0161&nbsp;Woopie&nbsp;prek\u0117s \u017eenklo yra \u017eavus ir lavinantis \u017eaislas, kuris \u012fkvepia vaizduot\u0119 ir smulkiosios motorikos \u012fg\u016bd\u017eius ma\u017eiausiems. Rinkin\u012f sudaro&nbsp;12 miel\u0173 medini\u0173 gyv\u016bn\u0117li\u0173&nbsp;ir&nbsp;16 balansuojan\u010di\u0173 pried\u0173&nbsp;, toki\u0173 kaip medin\u0117 vaivoryk\u0161t\u0117, akmenys, platformos ir linksmas debesis. \u012evairios \u012frangos d\u0117ka vaikai gali kurti tiek ma\u017eas, tiek dideles&nbsp;tvarias konstrukcijas&nbsp;. Be to, rinkinyje yra&nbsp;bukletas su pastat\u0173 pavyzd\u017eiais&nbsp;, kurie suteikia \u012fkv\u0117pimo k\u016brybingoms [&hellip;]<\/p>","protected":false},"featured_media":24518,"template":"","meta":{"_acf_changed":false,"iawp_total_views":430},"product_cat":[208,84,210,102,90,86,49,249,39],"product_tag":[96,97],"class_list":{"0":"post-24517","1":"product","2":"type-product","3":"status-publish","4":"has-post-thumbnail","6":"product_cat-deliones-2","7":"product_cat-lavinamieji-zaislai","8":"product_cat-medines-deliones","9":"product_cat-mediniai-zaislai","10":"product_cat-pasaulio-pazinimas","11":"product_cat-smulkioji-motorika","12":"product_cat-visi-zaislai","13":"product_cat-woppie","14":"product_cat-zaislai","15":"product_tag-2-m-3-m","16":"product_tag-3-m-4-m","18":"first","19":"outofstock","20":"taxable","21":"shipping-taxable","22":"purchasable","23":"product-type-simple"},"acf":[],"yoast_head":"<!-- This site is optimized with the Yoast SEO plugin v23.3 - https:\/\/yoast.com\/wordpress\/plugins\/seo\/ -->\n<title>Woppie medinis gyv\u016bn\u0173 \u017eaidimas &quot;Balansas&quot; - Montessori \u017eaislai<\/title>\n<meta name=\"robots\" content=\"index, follow, max-snippet:-1, max-image-preview:large, max-video-preview:-1\" \/>\n<link rel=\"canonical\" href=\"https:\/\/monti.lt\/en\/product\/woppie-medinis-gyvunu-zaidimas-balansas\/\" \/>\n<meta property=\"og:locale\" content=\"en_US\" \/>\n<meta property=\"og:type\" content=\"article\" \/>\n<meta property=\"og:title\" content=\"Woppie medinis gyv\u016bn\u0173 \u017eaidimas &quot;Balansas&quot; - Montessori \u017eaislai\" \/>\n<meta property=\"og:description\" content=\"Mediniai sukrauti gyv\u016bnai&nbsp;i\u0161&nbsp;Woopie&nbsp;prek\u0117s \u017eenklo yra \u017eavus ir lavinantis \u017eaislas, kuris \u012fkvepia vaizduot\u0119 ir smulkiosios motorikos \u012fg\u016bd\u017eius ma\u017eiausiems. Rinkin\u012f sudaro&nbsp;12 miel\u0173 medini\u0173 gyv\u016bn\u0117li\u0173&nbsp;ir&nbsp;16 balansuojan\u010di\u0173 pried\u0173&nbsp;, toki\u0173 kaip medin\u0117 vaivoryk\u0161t\u0117, akmenys, platformos ir linksmas debesis. \u012evairios \u012frangos d\u0117ka vaikai gali kurti tiek ma\u017eas, tiek dideles&nbsp;tvarias konstrukcijas&nbsp;. Be to, rinkinyje yra&nbsp;bukletas su pastat\u0173 pavyzd\u017eiais&nbsp;, kurie suteikia \u012fkv\u0117pimo k\u016brybingoms [&hellip;]\" \/>\n<meta property=\"og:url\" content=\"https:\/\/monti.lt\/en\/product\/woppie-medinis-gyvunu-zaidimas-balansas\/\" \/>\n<meta property=\"og:site_name\" content=\"Montessori \u017eaislai\" \/>\n<meta property=\"article:modified_time\" content=\"2026-03-31T10:36:54+00:00\" \/>\n<meta property=\"og:image\" content=\"https:\/\/monti.lt\/wp-content\/uploads\/2024\/08\/woopie-green-balansujace-drewniane-zwierzeta-ukladanka-w-stosy-fsc.jpg.png\" \/>\n\t<meta property=\"og:image:width\" content=\"800\" \/>\n\t<meta property=\"og:image:height\" content=\"800\" \/>\n\t<meta property=\"og:image:type\" content=\"image\/png\" \/>\n<meta name=\"twitter:card\" content=\"summary_large_image\" \/>\n<meta name=\"twitter:label1\" content=\"Est. reading time\" \/>\n\t<meta name=\"twitter:data1\" content=\"2 minutes\" \/>\n<script type=\"application\/ld+json\" class=\"yoast-schema-graph\">{\"@context\":\"https:\/\/schema.org\",\"@graph\":[{\"@type\":\"WebPage\",\"@id\":\"https:\/\/monti.lt\/product\/woppie-medinis-gyvunu-zaidimas-balansas\/\",\"url\":\"https:\/\/monti.lt\/product\/woppie-medinis-gyvunu-zaidimas-balansas\/\",\"name\":\"Woppie medinis gyv\u016bn\u0173 \u017eaidimas \\\"Balansas\\\" - Montessori \u017eaislai\",\"isPartOf\":{\"@id\":\"https:\/\/monti.lt\/#website\"},\"primaryImageOfPage\":{\"@id\":\"https:\/\/monti.lt\/product\/woppie-medinis-gyvunu-zaidimas-balansas\/#primaryimage\"},\"image\":{\"@id\":\"https:\/\/monti.lt\/product\/woppie-medinis-gyvunu-zaidimas-balansas\/#primaryimage\"},\"thumbnailUrl\":\"https:\/\/monti.lt\/wp-content\/uploads\/2024\/08\/woopie-green-balansujace-drewniane-zwierzeta-ukladanka-w-stosy-fsc.jpg.png\",\"datePublished\":\"2024-08-19T12:47:44+00:00\",\"dateModified\":\"2026-03-31T10:36:54+00:00\",\"breadcrumb\":{\"@id\":\"https:\/\/monti.lt\/product\/woppie-medinis-gyvunu-zaidimas-balansas\/#breadcrumb\"},\"inLanguage\":\"en-US\",\"potentialAction\":[{\"@type\":\"ReadAction\",\"target\":[\"https:\/\/monti.lt\/product\/woppie-medinis-gyvunu-zaidimas-balansas\/\"]}]},{\"@type\":\"ImageObject\",\"inLanguage\":\"en-US\",\"@id\":\"https:\/\/monti.lt\/product\/woppie-medinis-gyvunu-zaidimas-balansas\/#primaryimage\",\"url\":\"https:\/\/monti.lt\/wp-content\/uploads\/2024\/08\/woopie-green-balansujace-drewniane-zwierzeta-ukladanka-w-stosy-fsc.jpg.png\",\"contentUrl\":\"https:\/\/monti.lt\/wp-content\/uploads\/2024\/08\/woopie-green-balansujace-drewniane-zwierzeta-ukladanka-w-stosy-fsc.jpg.png\",\"width\":800,\"height\":800},{\"@type\":\"BreadcrumbList\",\"@id\":\"https:\/\/monti.lt\/product\/woppie-medinis-gyvunu-zaidimas-balansas\/#breadcrumb\",\"itemListElement\":[{\"@type\":\"ListItem\",\"position\":1,\"name\":\"Home\",\"item\":\"https:\/\/monti.lt\/\"},{\"@type\":\"ListItem\",\"position\":2,\"name\":\"Parduotuv\u0117\",\"item\":\"https:\/\/monti.lt\/shop\/\"},{\"@type\":\"ListItem\",\"position\":3,\"name\":\"Woppie medinis gyv\u016bn\u0173 \u017eaidimas &#8220;Balansas&#8221;\"}]},{\"@type\":\"WebSite\",\"@id\":\"https:\/\/monti.lt\/#website\",\"url\":\"https:\/\/monti.lt\/\",\"name\":\"Montessori \u017eaislai\",\"description\":\"\",\"publisher\":{\"@id\":\"https:\/\/monti.lt\/#organization\"},\"potentialAction\":[{\"@type\":\"SearchAction\",\"target\":{\"@type\":\"EntryPoint\",\"urlTemplate\":\"https:\/\/monti.lt\/?s={search_term_string}\"},\"query-input\":\"required name=search_term_string\"}],\"inLanguage\":\"en-US\"},{\"@type\":\"Organization\",\"@id\":\"https:\/\/monti.lt\/#organization\",\"name\":\"Montessori \u017eaislai\",\"url\":\"https:\/\/monti.lt\/\",\"logo\":{\"@type\":\"ImageObject\",\"inLanguage\":\"en-US\",\"@id\":\"https:\/\/monti.lt\/#\/schema\/logo\/image\/\",\"url\":\"https:\/\/monti.lt\/wp-content\/uploads\/2022\/03\/montilogo-1.png\",\"contentUrl\":\"https:\/\/monti.lt\/wp-content\/uploads\/2022\/03\/montilogo-1.png\",\"width\":512,\"height\":512,\"caption\":\"Montessori \u017eaislai\"},\"image\":{\"@id\":\"https:\/\/monti.lt\/#\/schema\/logo\/image\/\"}}]}<\/script>\n<!-- \/ Yoast SEO plugin. -->","yoast_head_json":{"title":"Woppie medinis gyv\u016bn\u0173 \u017eaidimas \"Balansas\" - Montessori \u017eaislai","robots":{"index":"index","follow":"follow","max-snippet":"max-snippet:-1","max-image-preview":"max-image-preview:large","max-video-preview":"max-video-preview:-1"},"canonical":"https:\/\/monti.lt\/en\/product\/woppie-medinis-gyvunu-zaidimas-balansas\/","og_locale":"en_US","og_type":"article","og_title":"Woppie medinis gyv\u016bn\u0173 \u017eaidimas \"Balansas\" - Montessori \u017eaislai","og_description":"Mediniai sukrauti gyv\u016bnai&nbsp;i\u0161&nbsp;Woopie&nbsp;prek\u0117s \u017eenklo yra \u017eavus ir lavinantis \u017eaislas, kuris \u012fkvepia vaizduot\u0119 ir smulkiosios motorikos \u012fg\u016bd\u017eius ma\u017eiausiems. Rinkin\u012f sudaro&nbsp;12 miel\u0173 medini\u0173 gyv\u016bn\u0117li\u0173&nbsp;ir&nbsp;16 balansuojan\u010di\u0173 pried\u0173&nbsp;, toki\u0173 kaip medin\u0117 vaivoryk\u0161t\u0117, akmenys, platformos ir linksmas debesis. \u012evairios \u012frangos d\u0117ka vaikai gali kurti tiek ma\u017eas, tiek dideles&nbsp;tvarias konstrukcijas&nbsp;. Be to, rinkinyje yra&nbsp;bukletas su pastat\u0173 pavyzd\u017eiais&nbsp;, kurie suteikia \u012fkv\u0117pimo k\u016brybingoms [&hellip;]","og_url":"https:\/\/monti.lt\/en\/product\/woppie-medinis-gyvunu-zaidimas-balansas\/","og_site_name":"Montessori \u017eaislai","article_modified_time":"2026-03-31T10:36:54+00:00","og_image":[{"width":800,"height":800,"url":"https:\/\/monti.lt\/wp-content\/uploads\/2024\/08\/woopie-green-balansujace-drewniane-zwierzeta-ukladanka-w-stosy-fsc.jpg.png","type":"image\/png"}],"twitter_card":"summary_large_image","twitter_misc":{"Est. reading time":"2 minutes"},"schema":{"@context":"https:\/\/schema.org","@graph":[{"@type":"WebPage","@id":"https:\/\/monti.lt\/product\/woppie-medinis-gyvunu-zaidimas-balansas\/","url":"https:\/\/monti.lt\/product\/woppie-medinis-gyvunu-zaidimas-balansas\/","name":"Woppie medinis gyv\u016bn\u0173 \u017eaidimas \"Balansas\" - Montessori \u017eaislai","isPartOf":{"@id":"https:\/\/monti.lt\/#website"},"primaryImageOfPage":{"@id":"https:\/\/monti.lt\/product\/woppie-medinis-gyvunu-zaidimas-balansas\/#primaryimage"},"image":{"@id":"https:\/\/monti.lt\/product\/woppie-medinis-gyvunu-zaidimas-balansas\/#primaryimage"},"thumbnailUrl":"https:\/\/monti.lt\/wp-content\/uploads\/2024\/08\/woopie-green-balansujace-drewniane-zwierzeta-ukladanka-w-stosy-fsc.jpg.png","datePublished":"2024-08-19T12:47:44+00:00","dateModified":"2026-03-31T10:36:54+00:00","breadcrumb":{"@id":"https:\/\/monti.lt\/product\/woppie-medinis-gyvunu-zaidimas-balansas\/#breadcrumb"},"inLanguage":"en-US","potentialAction":[{"@type":"ReadAction","target":["https:\/\/monti.lt\/product\/woppie-medinis-gyvunu-zaidimas-balansas\/"]}]},{"@type":"ImageObject","inLanguage":"en-US","@id":"https:\/\/monti.lt\/product\/woppie-medinis-gyvunu-zaidimas-balansas\/#primaryimage","url":"https:\/\/monti.lt\/wp-content\/uploads\/2024\/08\/woopie-green-balansujace-drewniane-zwierzeta-ukladanka-w-stosy-fsc.jpg.png","contentUrl":"https:\/\/monti.lt\/wp-content\/uploads\/2024\/08\/woopie-green-balansujace-drewniane-zwierzeta-ukladanka-w-stosy-fsc.jpg.png","width":800,"height":800},{"@type":"BreadcrumbList","@id":"https:\/\/monti.lt\/product\/woppie-medinis-gyvunu-zaidimas-balansas\/#breadcrumb","itemListElement":[{"@type":"ListItem","position":1,"name":"Home","item":"https:\/\/monti.lt\/"},{"@type":"ListItem","position":2,"name":"Parduotuv\u0117","item":"https:\/\/monti.lt\/shop\/"},{"@type":"ListItem","position":3,"name":"Woppie medinis gyv\u016bn\u0173 \u017eaidimas &#8220;Balansas&#8221;"}]},{"@type":"WebSite","@id":"https:\/\/monti.lt\/#website","url":"https:\/\/monti.lt\/","name":"Montessori \u017eaislai","description":"","publisher":{"@id":"https:\/\/monti.lt\/#organization"},"potentialAction":[{"@type":"SearchAction","target":{"@type":"EntryPoint","urlTemplate":"https:\/\/monti.lt\/?s={search_term_string}"},"query-input":"required name=search_term_string"}],"inLanguage":"en-US"},{"@type":"Organization","@id":"https:\/\/monti.lt\/#organization","name":"Montessori \u017eaislai","url":"https:\/\/monti.lt\/","logo":{"@type":"ImageObject","inLanguage":"en-US","@id":"https:\/\/monti.lt\/#\/schema\/logo\/image\/","url":"https:\/\/monti.lt\/wp-content\/uploads\/2022\/03\/montilogo-1.png","contentUrl":"https:\/\/monti.lt\/wp-content\/uploads\/2022\/03\/montilogo-1.png","width":512,"height":512,"caption":"Montessori \u017eaislai"},"image":{"@id":"https:\/\/monti.lt\/#\/schema\/logo\/image\/"}}]}},"_links":{"self":[{"href":"https:\/\/monti.lt\/en\/wp-json\/wp\/v2\/product\/24517"}],"collection":[{"href":"https:\/\/monti.lt\/en\/wp-json\/wp\/v2\/product"}],"about":[{"href":"https:\/\/monti.lt\/en\/wp-json\/wp\/v2\/types\/product"}],"version-history":[{"count":1,"href":"https:\/\/monti.lt\/en\/wp-json\/wp\/v2\/product\/24517\/revisions"}],"predecessor-version":[{"id":24519,"href":"https:\/\/monti.lt\/en\/wp-json\/wp\/v2\/product\/24517\/revisions\/24519"}],"wp:featuredmedia":[{"embeddable":true,"href":"https:\/\/monti.lt\/en\/wp-json\/wp\/v2\/media\/24518"}],"wp:attachment":[{"href":"https:\/\/monti.lt\/en\/wp-json\/wp\/v2\/media?parent=24517"}],"wp:term":[{"taxonomy":"product_cat","embeddable":true,"href":"https:\/\/monti.lt\/en\/wp-json\/wp\/v2\/product_cat?post=24517"},{"taxonomy":"product_tag","embeddable":true,"href":"https:\/\/monti.lt\/en\/wp-json\/wp\/v2\/product_tag?post=24517"}],"curies":[{"name":"wp","href":"https:\/\/api.w.org\/{rel}","templated":true}]}}