{"id":24638,"date":"2024-08-29T11:10:39","date_gmt":"2024-08-29T11:10:39","guid":{"rendered":"https:\/\/monti.lt\/?post_type=product&#038;p=24638"},"modified":"2026-04-07T12:11:33","modified_gmt":"2026-04-07T12:11:33","slug":"medinis-sensorinis-veiklos-stalas","status":"publish","type":"product","link":"https:\/\/monti.lt\/en\/product\/medinis-sensorinis-veiklos-stalas\/","title":{"rendered":"Medinis- sensorinis veiklos stalas"},"content":{"rendered":"<p>Am\u017eius: nuo 3 met\u0173. Gaminio matmenys: 47,5 x 29,5 x 37 cm. Pakuot\u0117s matmenys: 51 x 33 x 11 cm.<\/p>","protected":false},"excerpt":{"rendered":"<p>Am\u017eius: nuo 3 met\u0173. Gaminio matmenys: 47,5 x 29,5 x 37 cm. Pakuot\u0117s matmenys: 51 x 33 x 11 cm.<\/p>","protected":false},"featured_media":24645,"template":"","meta":{"_acf_changed":false,"iawp_total_views":1714},"product_cat":[213,194,195,191,82,192,87,84,91,102,83,90,86,50,199,49,39],"product_tag":[95,96,97,98],"class_list":{"0":"post-24638","1":"product","2":"type-product","3":"status-publish","4":"has-post-thumbnail","6":"product_cat-akcija","7":"product_cat-dovanos-vaikams-2-3-metu","8":"product_cat-dovanos-vaikams-3-4-metu","9":"product_cat-dovanos-vaikams","10":"product_cat-ispardavimas","11":"product_cat-kaledines-dovanos-vaikams","12":"product_cat-kurybiniai-rinkiniai","13":"product_cat-lavinamieji-zaislai","14":"product_cat-loginiam-mastymui","15":"product_cat-mediniai-zaislai","16":"product_cat-montessori-zaislai","17":"product_cat-pasaulio-pazinimas","18":"product_cat-smulkioji-motorika","19":"product_cat-top-dovanos","20":"product_cat-ugdymo-istaigoms","21":"product_cat-visi-zaislai","22":"product_cat-zaislai","23":"product_tag-1-m-2-m","24":"product_tag-2-m-3-m","25":"product_tag-3-m-4-m","26":"product_tag-5-m-7-m","28":"first","29":"outofstock","30":"sale","31":"taxable","32":"shipping-taxable","33":"purchasable","34":"product-type-simple"},"acf":[],"yoast_head":"<!-- This site is optimized with the Yoast SEO plugin v23.3 - https:\/\/yoast.com\/wordpress\/plugins\/seo\/ -->\n<title>Medinis- sensorinis veiklos stalas - Montessori \u017eaislai<\/title>\n<meta name=\"robots\" content=\"index, follow, max-snippet:-1, max-image-preview:large, max-video-preview:-1\" \/>\n<link rel=\"canonical\" href=\"https:\/\/monti.lt\/en\/product\/medinis-sensorinis-veiklos-stalas\/\" \/>\n<meta property=\"og:locale\" content=\"en_US\" \/>\n<meta property=\"og:type\" content=\"article\" \/>\n<meta property=\"og:title\" content=\"Medinis- sensorinis veiklos stalas - Montessori \u017eaislai\" \/>\n<meta property=\"og:description\" content=\"Am\u017eius: nuo 3 met\u0173. Gaminio matmenys: 47,5 x 29,5 x 37 cm. Pakuot\u0117s matmenys: 51 x 33 x 11 cm.\" \/>\n<meta property=\"og:url\" content=\"https:\/\/monti.lt\/en\/product\/medinis-sensorinis-veiklos-stalas\/\" \/>\n<meta property=\"og:site_name\" content=\"Montessori \u017eaislai\" \/>\n<meta property=\"article:modified_time\" content=\"2026-04-07T12:11:33+00:00\" \/>\n<meta property=\"og:image\" content=\"https:\/\/monti.lt\/wp-content\/uploads\/2024\/08\/Lulilo-Colorful-montessori-manipulative-table-158554.jpg\" \/>\n\t<meta property=\"og:image:width\" content=\"1024\" \/>\n\t<meta property=\"og:image:height\" content=\"1024\" \/>\n\t<meta property=\"og:image:type\" content=\"image\/jpeg\" \/>\n<meta name=\"twitter:card\" content=\"summary_large_image\" \/>\n<meta name=\"twitter:label1\" content=\"Est. reading time\" \/>\n\t<meta name=\"twitter:data1\" content=\"1 minute\" \/>\n<script type=\"application\/ld+json\" class=\"yoast-schema-graph\">{\"@context\":\"https:\/\/schema.org\",\"@graph\":[{\"@type\":\"WebPage\",\"@id\":\"https:\/\/monti.lt\/product\/medinis-sensorinis-veiklos-stalas\/\",\"url\":\"https:\/\/monti.lt\/product\/medinis-sensorinis-veiklos-stalas\/\",\"name\":\"Medinis- sensorinis veiklos stalas - Montessori \u017eaislai\",\"isPartOf\":{\"@id\":\"https:\/\/monti.lt\/#website\"},\"primaryImageOfPage\":{\"@id\":\"https:\/\/monti.lt\/product\/medinis-sensorinis-veiklos-stalas\/#primaryimage\"},\"image\":{\"@id\":\"https:\/\/monti.lt\/product\/medinis-sensorinis-veiklos-stalas\/#primaryimage\"},\"thumbnailUrl\":\"https:\/\/monti.lt\/wp-content\/uploads\/2024\/08\/Lulilo-Colorful-montessori-manipulative-table-158554.jpg\",\"datePublished\":\"2024-08-29T11:10:39+00:00\",\"dateModified\":\"2026-04-07T12:11:33+00:00\",\"breadcrumb\":{\"@id\":\"https:\/\/monti.lt\/product\/medinis-sensorinis-veiklos-stalas\/#breadcrumb\"},\"inLanguage\":\"en-US\",\"potentialAction\":[{\"@type\":\"ReadAction\",\"target\":[\"https:\/\/monti.lt\/product\/medinis-sensorinis-veiklos-stalas\/\"]}]},{\"@type\":\"ImageObject\",\"inLanguage\":\"en-US\",\"@id\":\"https:\/\/monti.lt\/product\/medinis-sensorinis-veiklos-stalas\/#primaryimage\",\"url\":\"https:\/\/monti.lt\/wp-content\/uploads\/2024\/08\/Lulilo-Colorful-montessori-manipulative-table-158554.jpg\",\"contentUrl\":\"https:\/\/monti.lt\/wp-content\/uploads\/2024\/08\/Lulilo-Colorful-montessori-manipulative-table-158554.jpg\",\"width\":1024,\"height\":1024,\"caption\":\"veiklos stalas\"},{\"@type\":\"BreadcrumbList\",\"@id\":\"https:\/\/monti.lt\/product\/medinis-sensorinis-veiklos-stalas\/#breadcrumb\",\"itemListElement\":[{\"@type\":\"ListItem\",\"position\":1,\"name\":\"Home\",\"item\":\"https:\/\/monti.lt\/\"},{\"@type\":\"ListItem\",\"position\":2,\"name\":\"Parduotuv\u0117\",\"item\":\"https:\/\/monti.lt\/shop\/\"},{\"@type\":\"ListItem\",\"position\":3,\"name\":\"Medinis- sensorinis veiklos stalas\"}]},{\"@type\":\"WebSite\",\"@id\":\"https:\/\/monti.lt\/#website\",\"url\":\"https:\/\/monti.lt\/\",\"name\":\"Montessori \u017eaislai\",\"description\":\"\",\"publisher\":{\"@id\":\"https:\/\/monti.lt\/#organization\"},\"potentialAction\":[{\"@type\":\"SearchAction\",\"target\":{\"@type\":\"EntryPoint\",\"urlTemplate\":\"https:\/\/monti.lt\/?s={search_term_string}\"},\"query-input\":\"required name=search_term_string\"}],\"inLanguage\":\"en-US\"},{\"@type\":\"Organization\",\"@id\":\"https:\/\/monti.lt\/#organization\",\"name\":\"Montessori \u017eaislai\",\"url\":\"https:\/\/monti.lt\/\",\"logo\":{\"@type\":\"ImageObject\",\"inLanguage\":\"en-US\",\"@id\":\"https:\/\/monti.lt\/#\/schema\/logo\/image\/\",\"url\":\"https:\/\/monti.lt\/wp-content\/uploads\/2022\/03\/montilogo-1.png\",\"contentUrl\":\"https:\/\/monti.lt\/wp-content\/uploads\/2022\/03\/montilogo-1.png\",\"width\":512,\"height\":512,\"caption\":\"Montessori \u017eaislai\"},\"image\":{\"@id\":\"https:\/\/monti.lt\/#\/schema\/logo\/image\/\"}}]}<\/script>\n<!-- \/ Yoast SEO plugin. -->","yoast_head_json":{"title":"Medinis- sensorinis veiklos stalas - Montessori \u017eaislai","robots":{"index":"index","follow":"follow","max-snippet":"max-snippet:-1","max-image-preview":"max-image-preview:large","max-video-preview":"max-video-preview:-1"},"canonical":"https:\/\/monti.lt\/en\/product\/medinis-sensorinis-veiklos-stalas\/","og_locale":"en_US","og_type":"article","og_title":"Medinis- sensorinis veiklos stalas - Montessori \u017eaislai","og_description":"Am\u017eius: nuo 3 met\u0173. Gaminio matmenys: 47,5 x 29,5 x 37 cm. Pakuot\u0117s matmenys: 51 x 33 x 11 cm.","og_url":"https:\/\/monti.lt\/en\/product\/medinis-sensorinis-veiklos-stalas\/","og_site_name":"Montessori \u017eaislai","article_modified_time":"2026-04-07T12:11:33+00:00","og_image":[{"width":1024,"height":1024,"url":"https:\/\/monti.lt\/wp-content\/uploads\/2024\/08\/Lulilo-Colorful-montessori-manipulative-table-158554.jpg","type":"image\/jpeg"}],"twitter_card":"summary_large_image","twitter_misc":{"Est. reading time":"1 minute"},"schema":{"@context":"https:\/\/schema.org","@graph":[{"@type":"WebPage","@id":"https:\/\/monti.lt\/product\/medinis-sensorinis-veiklos-stalas\/","url":"https:\/\/monti.lt\/product\/medinis-sensorinis-veiklos-stalas\/","name":"Medinis- sensorinis veiklos stalas - Montessori \u017eaislai","isPartOf":{"@id":"https:\/\/monti.lt\/#website"},"primaryImageOfPage":{"@id":"https:\/\/monti.lt\/product\/medinis-sensorinis-veiklos-stalas\/#primaryimage"},"image":{"@id":"https:\/\/monti.lt\/product\/medinis-sensorinis-veiklos-stalas\/#primaryimage"},"thumbnailUrl":"https:\/\/monti.lt\/wp-content\/uploads\/2024\/08\/Lulilo-Colorful-montessori-manipulative-table-158554.jpg","datePublished":"2024-08-29T11:10:39+00:00","dateModified":"2026-04-07T12:11:33+00:00","breadcrumb":{"@id":"https:\/\/monti.lt\/product\/medinis-sensorinis-veiklos-stalas\/#breadcrumb"},"inLanguage":"en-US","potentialAction":[{"@type":"ReadAction","target":["https:\/\/monti.lt\/product\/medinis-sensorinis-veiklos-stalas\/"]}]},{"@type":"ImageObject","inLanguage":"en-US","@id":"https:\/\/monti.lt\/product\/medinis-sensorinis-veiklos-stalas\/#primaryimage","url":"https:\/\/monti.lt\/wp-content\/uploads\/2024\/08\/Lulilo-Colorful-montessori-manipulative-table-158554.jpg","contentUrl":"https:\/\/monti.lt\/wp-content\/uploads\/2024\/08\/Lulilo-Colorful-montessori-manipulative-table-158554.jpg","width":1024,"height":1024,"caption":"veiklos stalas"},{"@type":"BreadcrumbList","@id":"https:\/\/monti.lt\/product\/medinis-sensorinis-veiklos-stalas\/#breadcrumb","itemListElement":[{"@type":"ListItem","position":1,"name":"Home","item":"https:\/\/monti.lt\/"},{"@type":"ListItem","position":2,"name":"Parduotuv\u0117","item":"https:\/\/monti.lt\/shop\/"},{"@type":"ListItem","position":3,"name":"Medinis- sensorinis veiklos stalas"}]},{"@type":"WebSite","@id":"https:\/\/monti.lt\/#website","url":"https:\/\/monti.lt\/","name":"Montessori \u017eaislai","description":"","publisher":{"@id":"https:\/\/monti.lt\/#organization"},"potentialAction":[{"@type":"SearchAction","target":{"@type":"EntryPoint","urlTemplate":"https:\/\/monti.lt\/?s={search_term_string}"},"query-input":"required name=search_term_string"}],"inLanguage":"en-US"},{"@type":"Organization","@id":"https:\/\/monti.lt\/#organization","name":"Montessori \u017eaislai","url":"https:\/\/monti.lt\/","logo":{"@type":"ImageObject","inLanguage":"en-US","@id":"https:\/\/monti.lt\/#\/schema\/logo\/image\/","url":"https:\/\/monti.lt\/wp-content\/uploads\/2022\/03\/montilogo-1.png","contentUrl":"https:\/\/monti.lt\/wp-content\/uploads\/2022\/03\/montilogo-1.png","width":512,"height":512,"caption":"Montessori \u017eaislai"},"image":{"@id":"https:\/\/monti.lt\/#\/schema\/logo\/image\/"}}]}},"_links":{"self":[{"href":"https:\/\/monti.lt\/en\/wp-json\/wp\/v2\/product\/24638"}],"collection":[{"href":"https:\/\/monti.lt\/en\/wp-json\/wp\/v2\/product"}],"about":[{"href":"https:\/\/monti.lt\/en\/wp-json\/wp\/v2\/types\/product"}],"version-history":[{"count":1,"href":"https:\/\/monti.lt\/en\/wp-json\/wp\/v2\/product\/24638\/revisions"}],"predecessor-version":[{"id":24646,"href":"https:\/\/monti.lt\/en\/wp-json\/wp\/v2\/product\/24638\/revisions\/24646"}],"wp:featuredmedia":[{"embeddable":true,"href":"https:\/\/monti.lt\/en\/wp-json\/wp\/v2\/media\/24645"}],"wp:attachment":[{"href":"https:\/\/monti.lt\/en\/wp-json\/wp\/v2\/media?parent=24638"}],"wp:term":[{"taxonomy":"product_cat","embeddable":true,"href":"https:\/\/monti.lt\/en\/wp-json\/wp\/v2\/product_cat?post=24638"},{"taxonomy":"product_tag","embeddable":true,"href":"https:\/\/monti.lt\/en\/wp-json\/wp\/v2\/product_tag?post=24638"}],"curies":[{"name":"wp","href":"https:\/\/api.w.org\/{rel}","templated":true}]}}