{"id":24676,"date":"2024-09-03T04:30:13","date_gmt":"2024-09-03T04:30:13","guid":{"rendered":"https:\/\/monti.lt\/?post_type=product&#038;p=24676"},"modified":"2025-12-02T17:11:49","modified_gmt":"2025-12-02T17:11:49","slug":"balansine-lenta-su-kamuoliuku","status":"publish","type":"product","link":"https:\/\/monti.lt\/en\/product\/balansine-lenta-su-kamuoliuku\/","title":{"rendered":"Balansin\u0117 lenta su kamuoliuku"},"content":{"rendered":"<p>Balansavimo lenta yra idealus \u017eaislas, padedantis vaikams lavinti pusiausvyr\u0105, judesi\u0173 koordinacij\u0105 ir tikslum\u0105. \u012emontuotas a\u0161tuoni\u0173 fig\u016br\u0173 labirintas su kamuoliukais suteikia papildomos pramogos, \u012ftraukian\u010dios ma\u017eylius tobulinti rank\u0173 valdymo \u012fg\u016bd\u017eius. Energingi judesiai suaktyvina \u0161viesos elementus, o tai padidina \u017eaidimo patrauklum\u0105. Saugumui u\u017etikrinti lentos apa\u010dioje yra trys neslystan\u010dios juostel\u0117s.<\/p>\n\n\n\n<p>Technin\u0117s specifikacijos:<\/p>\n\n\n\n<p>Med\u017eiaga: plastikas, guma<br>Spalva: tamsiai m\u0117lyna<br>Am\u017eius: 3+<br>Did\u017eiausia apkrova: Svoris: 90 kg<br>Lentos matmenys: Matmenys: 59,5 cm x 26 cm x 14 cm<br>Kamuolio skersmuo: 2,5 cm<br>Pakuot\u0117s matmenys: 60 cm x 26 cm x 16 cm<br>Rinkinio turinys:<\/p>\n\n\n\n<p>Balansavimo lenta<br>Kamuoliukai x2<br>\u0160vie\u010diantys elementai x2<br>Lipdukas<br>Neslystan\u010dios juostel\u0117s x3<br>Guminiai elementai x4<\/p>","protected":false},"excerpt":{"rendered":"<p>Balansavimo lenta yra idealus \u017eaislas, padedantis vaikams lavinti pusiausvyr\u0105, judesi\u0173 koordinacij\u0105 ir tikslum\u0105. \u012emontuotas a\u0161tuoni\u0173 fig\u016br\u0173 labirintas su kamuoliukais suteikia papildomos pramogos, \u012ftraukian\u010dios ma\u017eylius tobulinti rank\u0173 valdymo \u012fg\u016bd\u017eius. Energingi judesiai suaktyvina \u0161viesos elementus, o tai padidina \u017eaidimo patrauklum\u0105. Saugumui u\u017etikrinti lentos apa\u010dioje yra trys neslystan\u010dios juostel\u0117s. Technin\u0117s specifikacijos: Med\u017eiaga: plastikas, gumaSpalva: tamsiai m\u0117lynaAm\u017eius: 3+Did\u017eiausia apkrova: [&hellip;]<\/p>","protected":false},"featured_media":24681,"template":"","meta":{"_acf_changed":false,"iawp_total_views":517},"product_cat":[191,238,84,199,49,39,215],"product_tag":[96,97,98,99],"class_list":{"0":"post-24676","1":"product","2":"type-product","3":"status-publish","4":"has-post-thumbnail","6":"product_cat-dovanos-vaikams","7":"product_cat-lauko-zaidimai","8":"product_cat-lavinamieji-zaislai","9":"product_cat-ugdymo-istaigoms","10":"product_cat-visi-zaislai","11":"product_cat-zaislai","12":"product_cat-zaislai-berniukams","13":"product_tag-2-m-3-m","14":"product_tag-3-m-4-m","15":"product_tag-5-m-7-m","16":"product_tag-8-m-11-m","18":"first","19":"outofstock","20":"taxable","21":"shipping-taxable","22":"purchasable","23":"product-type-simple"},"acf":[],"yoast_head":"<!-- This site is optimized with the Yoast SEO plugin v23.3 - https:\/\/yoast.com\/wordpress\/plugins\/seo\/ -->\n<title>Balansin\u0117 lenta su kamuoliuku - Montessori \u017eaislai<\/title>\n<meta name=\"robots\" content=\"index, follow, max-snippet:-1, max-image-preview:large, max-video-preview:-1\" \/>\n<link rel=\"canonical\" href=\"https:\/\/monti.lt\/en\/product\/balansine-lenta-su-kamuoliuku\/\" \/>\n<meta property=\"og:locale\" content=\"en_US\" \/>\n<meta property=\"og:type\" content=\"article\" \/>\n<meta property=\"og:title\" content=\"Balansin\u0117 lenta su kamuoliuku - Montessori \u017eaislai\" \/>\n<meta property=\"og:description\" content=\"Balansavimo lenta yra idealus \u017eaislas, padedantis vaikams lavinti pusiausvyr\u0105, judesi\u0173 koordinacij\u0105 ir tikslum\u0105. \u012emontuotas a\u0161tuoni\u0173 fig\u016br\u0173 labirintas su kamuoliukais suteikia papildomos pramogos, \u012ftraukian\u010dios ma\u017eylius tobulinti rank\u0173 valdymo \u012fg\u016bd\u017eius. Energingi judesiai suaktyvina \u0161viesos elementus, o tai padidina \u017eaidimo patrauklum\u0105. Saugumui u\u017etikrinti lentos apa\u010dioje yra trys neslystan\u010dios juostel\u0117s. Technin\u0117s specifikacijos: Med\u017eiaga: plastikas, gumaSpalva: tamsiai m\u0117lynaAm\u017eius: 3+Did\u017eiausia apkrova: [&hellip;]\" \/>\n<meta property=\"og:url\" content=\"https:\/\/monti.lt\/en\/product\/balansine-lenta-su-kamuoliuku\/\" \/>\n<meta property=\"og:site_name\" content=\"Montessori \u017eaislai\" \/>\n<meta property=\"article:modified_time\" content=\"2025-12-02T17:11:49+00:00\" \/>\n<meta property=\"og:image\" content=\"https:\/\/monti.lt\/wp-content\/uploads\/2024\/09\/Balance-board-with-ball-maze-for-children-navy-blue-158625.jpg\" \/>\n\t<meta property=\"og:image:width\" content=\"1024\" \/>\n\t<meta property=\"og:image:height\" content=\"1024\" \/>\n\t<meta property=\"og:image:type\" content=\"image\/jpeg\" \/>\n<meta name=\"twitter:card\" content=\"summary_large_image\" \/>\n<meta name=\"twitter:label1\" content=\"Est. reading time\" \/>\n\t<meta name=\"twitter:data1\" content=\"1 minute\" \/>\n<script type=\"application\/ld+json\" class=\"yoast-schema-graph\">{\"@context\":\"https:\/\/schema.org\",\"@graph\":[{\"@type\":\"WebPage\",\"@id\":\"https:\/\/monti.lt\/product\/balansine-lenta-su-kamuoliuku\/\",\"url\":\"https:\/\/monti.lt\/product\/balansine-lenta-su-kamuoliuku\/\",\"name\":\"Balansin\u0117 lenta su kamuoliuku - Montessori \u017eaislai\",\"isPartOf\":{\"@id\":\"https:\/\/monti.lt\/#website\"},\"primaryImageOfPage\":{\"@id\":\"https:\/\/monti.lt\/product\/balansine-lenta-su-kamuoliuku\/#primaryimage\"},\"image\":{\"@id\":\"https:\/\/monti.lt\/product\/balansine-lenta-su-kamuoliuku\/#primaryimage\"},\"thumbnailUrl\":\"https:\/\/monti.lt\/wp-content\/uploads\/2024\/09\/Balance-board-with-ball-maze-for-children-navy-blue-158625.jpg\",\"datePublished\":\"2024-09-03T04:30:13+00:00\",\"dateModified\":\"2025-12-02T17:11:49+00:00\",\"breadcrumb\":{\"@id\":\"https:\/\/monti.lt\/product\/balansine-lenta-su-kamuoliuku\/#breadcrumb\"},\"inLanguage\":\"en-US\",\"potentialAction\":[{\"@type\":\"ReadAction\",\"target\":[\"https:\/\/monti.lt\/product\/balansine-lenta-su-kamuoliuku\/\"]}]},{\"@type\":\"ImageObject\",\"inLanguage\":\"en-US\",\"@id\":\"https:\/\/monti.lt\/product\/balansine-lenta-su-kamuoliuku\/#primaryimage\",\"url\":\"https:\/\/monti.lt\/wp-content\/uploads\/2024\/09\/Balance-board-with-ball-maze-for-children-navy-blue-158625.jpg\",\"contentUrl\":\"https:\/\/monti.lt\/wp-content\/uploads\/2024\/09\/Balance-board-with-ball-maze-for-children-navy-blue-158625.jpg\",\"width\":1024,\"height\":1024},{\"@type\":\"BreadcrumbList\",\"@id\":\"https:\/\/monti.lt\/product\/balansine-lenta-su-kamuoliuku\/#breadcrumb\",\"itemListElement\":[{\"@type\":\"ListItem\",\"position\":1,\"name\":\"Home\",\"item\":\"https:\/\/monti.lt\/\"},{\"@type\":\"ListItem\",\"position\":2,\"name\":\"Parduotuv\u0117\",\"item\":\"https:\/\/monti.lt\/shop\/\"},{\"@type\":\"ListItem\",\"position\":3,\"name\":\"Balansin\u0117 lenta su kamuoliuku\"}]},{\"@type\":\"WebSite\",\"@id\":\"https:\/\/monti.lt\/#website\",\"url\":\"https:\/\/monti.lt\/\",\"name\":\"Montessori \u017eaislai\",\"description\":\"\",\"publisher\":{\"@id\":\"https:\/\/monti.lt\/#organization\"},\"potentialAction\":[{\"@type\":\"SearchAction\",\"target\":{\"@type\":\"EntryPoint\",\"urlTemplate\":\"https:\/\/monti.lt\/?s={search_term_string}\"},\"query-input\":\"required name=search_term_string\"}],\"inLanguage\":\"en-US\"},{\"@type\":\"Organization\",\"@id\":\"https:\/\/monti.lt\/#organization\",\"name\":\"Montessori \u017eaislai\",\"url\":\"https:\/\/monti.lt\/\",\"logo\":{\"@type\":\"ImageObject\",\"inLanguage\":\"en-US\",\"@id\":\"https:\/\/monti.lt\/#\/schema\/logo\/image\/\",\"url\":\"https:\/\/monti.lt\/wp-content\/uploads\/2022\/03\/montilogo-1.png\",\"contentUrl\":\"https:\/\/monti.lt\/wp-content\/uploads\/2022\/03\/montilogo-1.png\",\"width\":512,\"height\":512,\"caption\":\"Montessori \u017eaislai\"},\"image\":{\"@id\":\"https:\/\/monti.lt\/#\/schema\/logo\/image\/\"}}]}<\/script>\n<!-- \/ Yoast SEO plugin. -->","yoast_head_json":{"title":"Balansin\u0117 lenta su kamuoliuku - Montessori \u017eaislai","robots":{"index":"index","follow":"follow","max-snippet":"max-snippet:-1","max-image-preview":"max-image-preview:large","max-video-preview":"max-video-preview:-1"},"canonical":"https:\/\/monti.lt\/en\/product\/balansine-lenta-su-kamuoliuku\/","og_locale":"en_US","og_type":"article","og_title":"Balansin\u0117 lenta su kamuoliuku - Montessori \u017eaislai","og_description":"Balansavimo lenta yra idealus \u017eaislas, padedantis vaikams lavinti pusiausvyr\u0105, judesi\u0173 koordinacij\u0105 ir tikslum\u0105. \u012emontuotas a\u0161tuoni\u0173 fig\u016br\u0173 labirintas su kamuoliukais suteikia papildomos pramogos, \u012ftraukian\u010dios ma\u017eylius tobulinti rank\u0173 valdymo \u012fg\u016bd\u017eius. Energingi judesiai suaktyvina \u0161viesos elementus, o tai padidina \u017eaidimo patrauklum\u0105. Saugumui u\u017etikrinti lentos apa\u010dioje yra trys neslystan\u010dios juostel\u0117s. Technin\u0117s specifikacijos: Med\u017eiaga: plastikas, gumaSpalva: tamsiai m\u0117lynaAm\u017eius: 3+Did\u017eiausia apkrova: [&hellip;]","og_url":"https:\/\/monti.lt\/en\/product\/balansine-lenta-su-kamuoliuku\/","og_site_name":"Montessori \u017eaislai","article_modified_time":"2025-12-02T17:11:49+00:00","og_image":[{"width":1024,"height":1024,"url":"https:\/\/monti.lt\/wp-content\/uploads\/2024\/09\/Balance-board-with-ball-maze-for-children-navy-blue-158625.jpg","type":"image\/jpeg"}],"twitter_card":"summary_large_image","twitter_misc":{"Est. reading time":"1 minute"},"schema":{"@context":"https:\/\/schema.org","@graph":[{"@type":"WebPage","@id":"https:\/\/monti.lt\/product\/balansine-lenta-su-kamuoliuku\/","url":"https:\/\/monti.lt\/product\/balansine-lenta-su-kamuoliuku\/","name":"Balansin\u0117 lenta su kamuoliuku - Montessori \u017eaislai","isPartOf":{"@id":"https:\/\/monti.lt\/#website"},"primaryImageOfPage":{"@id":"https:\/\/monti.lt\/product\/balansine-lenta-su-kamuoliuku\/#primaryimage"},"image":{"@id":"https:\/\/monti.lt\/product\/balansine-lenta-su-kamuoliuku\/#primaryimage"},"thumbnailUrl":"https:\/\/monti.lt\/wp-content\/uploads\/2024\/09\/Balance-board-with-ball-maze-for-children-navy-blue-158625.jpg","datePublished":"2024-09-03T04:30:13+00:00","dateModified":"2025-12-02T17:11:49+00:00","breadcrumb":{"@id":"https:\/\/monti.lt\/product\/balansine-lenta-su-kamuoliuku\/#breadcrumb"},"inLanguage":"en-US","potentialAction":[{"@type":"ReadAction","target":["https:\/\/monti.lt\/product\/balansine-lenta-su-kamuoliuku\/"]}]},{"@type":"ImageObject","inLanguage":"en-US","@id":"https:\/\/monti.lt\/product\/balansine-lenta-su-kamuoliuku\/#primaryimage","url":"https:\/\/monti.lt\/wp-content\/uploads\/2024\/09\/Balance-board-with-ball-maze-for-children-navy-blue-158625.jpg","contentUrl":"https:\/\/monti.lt\/wp-content\/uploads\/2024\/09\/Balance-board-with-ball-maze-for-children-navy-blue-158625.jpg","width":1024,"height":1024},{"@type":"BreadcrumbList","@id":"https:\/\/monti.lt\/product\/balansine-lenta-su-kamuoliuku\/#breadcrumb","itemListElement":[{"@type":"ListItem","position":1,"name":"Home","item":"https:\/\/monti.lt\/"},{"@type":"ListItem","position":2,"name":"Parduotuv\u0117","item":"https:\/\/monti.lt\/shop\/"},{"@type":"ListItem","position":3,"name":"Balansin\u0117 lenta su kamuoliuku"}]},{"@type":"WebSite","@id":"https:\/\/monti.lt\/#website","url":"https:\/\/monti.lt\/","name":"Montessori \u017eaislai","description":"","publisher":{"@id":"https:\/\/monti.lt\/#organization"},"potentialAction":[{"@type":"SearchAction","target":{"@type":"EntryPoint","urlTemplate":"https:\/\/monti.lt\/?s={search_term_string}"},"query-input":"required name=search_term_string"}],"inLanguage":"en-US"},{"@type":"Organization","@id":"https:\/\/monti.lt\/#organization","name":"Montessori \u017eaislai","url":"https:\/\/monti.lt\/","logo":{"@type":"ImageObject","inLanguage":"en-US","@id":"https:\/\/monti.lt\/#\/schema\/logo\/image\/","url":"https:\/\/monti.lt\/wp-content\/uploads\/2022\/03\/montilogo-1.png","contentUrl":"https:\/\/monti.lt\/wp-content\/uploads\/2022\/03\/montilogo-1.png","width":512,"height":512,"caption":"Montessori \u017eaislai"},"image":{"@id":"https:\/\/monti.lt\/#\/schema\/logo\/image\/"}}]}},"_links":{"self":[{"href":"https:\/\/monti.lt\/en\/wp-json\/wp\/v2\/product\/24676"}],"collection":[{"href":"https:\/\/monti.lt\/en\/wp-json\/wp\/v2\/product"}],"about":[{"href":"https:\/\/monti.lt\/en\/wp-json\/wp\/v2\/types\/product"}],"version-history":[{"count":1,"href":"https:\/\/monti.lt\/en\/wp-json\/wp\/v2\/product\/24676\/revisions"}],"predecessor-version":[{"id":24686,"href":"https:\/\/monti.lt\/en\/wp-json\/wp\/v2\/product\/24676\/revisions\/24686"}],"wp:featuredmedia":[{"embeddable":true,"href":"https:\/\/monti.lt\/en\/wp-json\/wp\/v2\/media\/24681"}],"wp:attachment":[{"href":"https:\/\/monti.lt\/en\/wp-json\/wp\/v2\/media?parent=24676"}],"wp:term":[{"taxonomy":"product_cat","embeddable":true,"href":"https:\/\/monti.lt\/en\/wp-json\/wp\/v2\/product_cat?post=24676"},{"taxonomy":"product_tag","embeddable":true,"href":"https:\/\/monti.lt\/en\/wp-json\/wp\/v2\/product_tag?post=24676"}],"curies":[{"name":"wp","href":"https:\/\/api.w.org\/{rel}","templated":true}]}}