{"id":24690,"date":"2024-09-03T05:11:19","date_gmt":"2024-09-03T05:11:19","guid":{"rendered":"https:\/\/monti.lt\/?post_type=product&#038;p=24690"},"modified":"2025-11-20T12:37:02","modified_gmt":"2025-11-20T12:37:02","slug":"viga-medinis-kamuoliuku-su-plaktuku-zaidimas","status":"publish","type":"product","link":"https:\/\/monti.lt\/en\/product\/viga-medinis-kamuoliuku-su-plaktuku-zaidimas\/","title":{"rendered":"VIGA medinis kamuoliuk\u0173 su plaktuku \u017eaidimas"},"content":{"rendered":"<p><strong>Igloo Pastel Puncher<\/strong>&nbsp;i\u0161&nbsp;<strong>Viga<\/strong>&nbsp;yra \u017eaislas, kuris patiks kiekvienam vaikui. Jame yra daug funkcij\u0173:&nbsp;<strong>kamuoliuko variklis<\/strong>&nbsp;,&nbsp;<strong>r\u016b\u0161iuotojas<\/strong>&nbsp;ir&nbsp;<strong>\u017eaidimas su fig\u016br\u0117l\u0117mis<\/strong>&nbsp;. \u012eterpti rutuliai i\u0161skrenda pro Igloo duris. Jei kyla sunkum\u0173 i\u0161imant blokus ar kitus elementus i\u0161 iglu vidaus, galite atsukti priekin\u012f skydel\u012f, kad b\u016bt\u0173 lengviau patekti \u012f vid\u0173. \u017daisdamas vaikas lavina&nbsp;<strong>rank\u0173 judesi\u0173 tikslum\u0105<\/strong>&nbsp;,&nbsp;<strong>miklum\u0105<\/strong>&nbsp;, vis geriau skiria&nbsp;<strong>spalvas<\/strong>&nbsp;, o ateityje \u012fgytas judesi\u0173 tikslumas ir vikrumas&nbsp;<strong>pad\u0117s<\/strong>&nbsp;vaikui lengviau&nbsp;<strong>i\u0161mokti ra\u0161yti<\/strong>&nbsp;.<\/p>\n\n\n\n<p><strong>Charakteristika:<\/strong><\/p>\n\n\n\n<ul class=\"wp-block-list\">\n<li>&#8211; \u017eaislas vaikams nuo\u00a0<strong>18 m\u0117n.<\/strong><\/li>\n\n\n\n<li>&#8211; plaktuku mu\u0161damas kamuoliukus, ma\u017eylis lavina\u00a0<strong>miklum\u0105 ir motorin\u0119 koordinacij\u0105,<\/strong><\/li>\n\n\n\n<li>&#8211; rinkin\u012f sudaro\u00a0<strong>3 fig\u016br\u0117l\u0117s ir 4 kamuoliukai<\/strong><\/li>\n\n\n\n<li><strong>&#8211;<\/strong>\u00a0sujungia daugyb\u0119 funkcij\u0173:\u00a0<strong>plaktukas, form\u0173 r\u016b\u0161iuotojas<\/strong>\u00a0ir\u00a0<strong>\u017eaidimas su fig\u016br\u0117l\u0117mis<\/strong><\/li>\n\n\n\n<li>&#8211; \u017eaidimas ugdo\u00a0<strong>vaiko k\u016brybi\u0161kum\u0105 ir smalsum\u0105<\/strong>\u00a0,<\/li>\n\n\n\n<li>&#8211; draugi\u0161kos spalvos\u00a0<strong>lavina vaizduot\u0119 ir skatina \u017eaisti,<\/strong><\/li>\n\n\n\n<li>&#8211; \u017eaislas i\u0161\u00a0<strong>auk\u0161tos kokyb\u0117s med\u017eio<\/strong><\/li>\n<\/ul>\n\n\n\n<p><strong>\u017daislas vysto:<\/strong><\/p>\n\n\n\n<ul class=\"wp-block-list\">\n<li>&#8211; motoriniai \u012fg\u016bd\u017eiai,<\/li>\n\n\n\n<li>&#8211; judesi\u0173 tikslumas,<\/li>\n\n\n\n<li>&#8211; loginis m\u0105stymas,<\/li>\n\n\n\n<li>&#8211; spalv\u0173 atpa\u017einimas<\/li>\n<\/ul>","protected":false},"excerpt":{"rendered":"<p>Igloo Pastel Puncher&nbsp;i\u0161&nbsp;Viga&nbsp;yra \u017eaislas, kuris patiks kiekvienam vaikui. Jame yra daug funkcij\u0173:&nbsp;kamuoliuko variklis&nbsp;,&nbsp;r\u016b\u0161iuotojas&nbsp;ir&nbsp;\u017eaidimas su fig\u016br\u0117l\u0117mis&nbsp;. \u012eterpti rutuliai i\u0161skrenda pro Igloo duris. Jei kyla sunkum\u0173 i\u0161imant blokus ar kitus elementus i\u0161 iglu vidaus, galite atsukti priekin\u012f skydel\u012f, kad b\u016bt\u0173 lengviau patekti \u012f vid\u0173. \u017daisdamas vaikas lavina&nbsp;rank\u0173 judesi\u0173 tikslum\u0105&nbsp;,&nbsp;miklum\u0105&nbsp;, vis geriau skiria&nbsp;spalvas&nbsp;, o ateityje \u012fgytas judesi\u0173 tikslumas [&hellip;]<\/p>","protected":false},"featured_media":24691,"template":"","meta":{"_acf_changed":false,"iawp_total_views":261},"product_cat":[193,194,191,84,91,102,83,90,199,49,39],"product_tag":[95,96,97],"class_list":{"0":"post-24690","1":"product","2":"type-product","3":"status-publish","4":"has-post-thumbnail","6":"product_cat-dovanos-vaikams-1-2-metu","7":"product_cat-dovanos-vaikams-2-3-metu","8":"product_cat-dovanos-vaikams","9":"product_cat-lavinamieji-zaislai","10":"product_cat-loginiam-mastymui","11":"product_cat-mediniai-zaislai","12":"product_cat-montessori-zaislai","13":"product_cat-pasaulio-pazinimas","14":"product_cat-ugdymo-istaigoms","15":"product_cat-visi-zaislai","16":"product_cat-zaislai","17":"product_tag-1-m-2-m","18":"product_tag-2-m-3-m","19":"product_tag-3-m-4-m","21":"first","22":"outofstock","23":"taxable","24":"shipping-taxable","25":"purchasable","26":"product-type-simple"},"acf":[],"yoast_head":"<!-- This site is optimized with the Yoast SEO plugin v23.3 - https:\/\/yoast.com\/wordpress\/plugins\/seo\/ -->\n<title>VIGA medinis kamuoliuk\u0173 su plaktuku \u017eaidimas - Montessori \u017eaislai<\/title>\n<meta name=\"robots\" content=\"index, follow, max-snippet:-1, max-image-preview:large, max-video-preview:-1\" \/>\n<link rel=\"canonical\" href=\"https:\/\/monti.lt\/en\/product\/viga-medinis-kamuoliuku-su-plaktuku-zaidimas\/\" \/>\n<meta property=\"og:locale\" content=\"en_US\" \/>\n<meta property=\"og:type\" content=\"article\" \/>\n<meta property=\"og:title\" content=\"VIGA medinis kamuoliuk\u0173 su plaktuku \u017eaidimas - Montessori \u017eaislai\" \/>\n<meta property=\"og:description\" content=\"Igloo Pastel Puncher&nbsp;i\u0161&nbsp;Viga&nbsp;yra \u017eaislas, kuris patiks kiekvienam vaikui. Jame yra daug funkcij\u0173:&nbsp;kamuoliuko variklis&nbsp;,&nbsp;r\u016b\u0161iuotojas&nbsp;ir&nbsp;\u017eaidimas su fig\u016br\u0117l\u0117mis&nbsp;. \u012eterpti rutuliai i\u0161skrenda pro Igloo duris. Jei kyla sunkum\u0173 i\u0161imant blokus ar kitus elementus i\u0161 iglu vidaus, galite atsukti priekin\u012f skydel\u012f, kad b\u016bt\u0173 lengviau patekti \u012f vid\u0173. \u017daisdamas vaikas lavina&nbsp;rank\u0173 judesi\u0173 tikslum\u0105&nbsp;,&nbsp;miklum\u0105&nbsp;, vis geriau skiria&nbsp;spalvas&nbsp;, o ateityje \u012fgytas judesi\u0173 tikslumas [&hellip;]\" \/>\n<meta property=\"og:url\" content=\"https:\/\/monti.lt\/en\/product\/viga-medinis-kamuoliuku-su-plaktuku-zaidimas\/\" \/>\n<meta property=\"og:site_name\" content=\"Montessori \u017eaislai\" \/>\n<meta property=\"article:modified_time\" content=\"2025-11-20T12:37:02+00:00\" \/>\n<meta property=\"og:image\" content=\"https:\/\/monti.lt\/wp-content\/uploads\/2024\/09\/viga-polarb-drewniany-przebijak-igloo-z-mloteczkiem-figurkami-i-sorterem.jpg\" \/>\n\t<meta property=\"og:image:width\" content=\"800\" \/>\n\t<meta property=\"og:image:height\" content=\"800\" \/>\n\t<meta property=\"og:image:type\" content=\"image\/jpeg\" \/>\n<meta name=\"twitter:card\" content=\"summary_large_image\" \/>\n<meta name=\"twitter:label1\" content=\"Est. reading time\" \/>\n\t<meta name=\"twitter:data1\" content=\"1 minute\" \/>\n<script type=\"application\/ld+json\" class=\"yoast-schema-graph\">{\"@context\":\"https:\/\/schema.org\",\"@graph\":[{\"@type\":\"WebPage\",\"@id\":\"https:\/\/monti.lt\/product\/viga-medinis-kamuoliuku-su-plaktuku-zaidimas\/\",\"url\":\"https:\/\/monti.lt\/product\/viga-medinis-kamuoliuku-su-plaktuku-zaidimas\/\",\"name\":\"VIGA medinis kamuoliuk\u0173 su plaktuku \u017eaidimas - Montessori \u017eaislai\",\"isPartOf\":{\"@id\":\"https:\/\/monti.lt\/#website\"},\"primaryImageOfPage\":{\"@id\":\"https:\/\/monti.lt\/product\/viga-medinis-kamuoliuku-su-plaktuku-zaidimas\/#primaryimage\"},\"image\":{\"@id\":\"https:\/\/monti.lt\/product\/viga-medinis-kamuoliuku-su-plaktuku-zaidimas\/#primaryimage\"},\"thumbnailUrl\":\"https:\/\/monti.lt\/wp-content\/uploads\/2024\/09\/viga-polarb-drewniany-przebijak-igloo-z-mloteczkiem-figurkami-i-sorterem.jpg\",\"datePublished\":\"2024-09-03T05:11:19+00:00\",\"dateModified\":\"2025-11-20T12:37:02+00:00\",\"breadcrumb\":{\"@id\":\"https:\/\/monti.lt\/product\/viga-medinis-kamuoliuku-su-plaktuku-zaidimas\/#breadcrumb\"},\"inLanguage\":\"en-US\",\"potentialAction\":[{\"@type\":\"ReadAction\",\"target\":[\"https:\/\/monti.lt\/product\/viga-medinis-kamuoliuku-su-plaktuku-zaidimas\/\"]}]},{\"@type\":\"ImageObject\",\"inLanguage\":\"en-US\",\"@id\":\"https:\/\/monti.lt\/product\/viga-medinis-kamuoliuku-su-plaktuku-zaidimas\/#primaryimage\",\"url\":\"https:\/\/monti.lt\/wp-content\/uploads\/2024\/09\/viga-polarb-drewniany-przebijak-igloo-z-mloteczkiem-figurkami-i-sorterem.jpg\",\"contentUrl\":\"https:\/\/monti.lt\/wp-content\/uploads\/2024\/09\/viga-polarb-drewniany-przebijak-igloo-z-mloteczkiem-figurkami-i-sorterem.jpg\",\"width\":800,\"height\":800,\"caption\":\"kamuoliukai su plaktuku\"},{\"@type\":\"BreadcrumbList\",\"@id\":\"https:\/\/monti.lt\/product\/viga-medinis-kamuoliuku-su-plaktuku-zaidimas\/#breadcrumb\",\"itemListElement\":[{\"@type\":\"ListItem\",\"position\":1,\"name\":\"Home\",\"item\":\"https:\/\/monti.lt\/\"},{\"@type\":\"ListItem\",\"position\":2,\"name\":\"Parduotuv\u0117\",\"item\":\"https:\/\/monti.lt\/shop\/\"},{\"@type\":\"ListItem\",\"position\":3,\"name\":\"VIGA medinis kamuoliuk\u0173 su plaktuku \u017eaidimas\"}]},{\"@type\":\"WebSite\",\"@id\":\"https:\/\/monti.lt\/#website\",\"url\":\"https:\/\/monti.lt\/\",\"name\":\"Montessori \u017eaislai\",\"description\":\"\",\"publisher\":{\"@id\":\"https:\/\/monti.lt\/#organization\"},\"potentialAction\":[{\"@type\":\"SearchAction\",\"target\":{\"@type\":\"EntryPoint\",\"urlTemplate\":\"https:\/\/monti.lt\/?s={search_term_string}\"},\"query-input\":\"required name=search_term_string\"}],\"inLanguage\":\"en-US\"},{\"@type\":\"Organization\",\"@id\":\"https:\/\/monti.lt\/#organization\",\"name\":\"Montessori \u017eaislai\",\"url\":\"https:\/\/monti.lt\/\",\"logo\":{\"@type\":\"ImageObject\",\"inLanguage\":\"en-US\",\"@id\":\"https:\/\/monti.lt\/#\/schema\/logo\/image\/\",\"url\":\"https:\/\/monti.lt\/wp-content\/uploads\/2022\/03\/montilogo-1.png\",\"contentUrl\":\"https:\/\/monti.lt\/wp-content\/uploads\/2022\/03\/montilogo-1.png\",\"width\":512,\"height\":512,\"caption\":\"Montessori \u017eaislai\"},\"image\":{\"@id\":\"https:\/\/monti.lt\/#\/schema\/logo\/image\/\"}}]}<\/script>\n<!-- \/ Yoast SEO plugin. -->","yoast_head_json":{"title":"VIGA medinis kamuoliuk\u0173 su plaktuku \u017eaidimas - Montessori \u017eaislai","robots":{"index":"index","follow":"follow","max-snippet":"max-snippet:-1","max-image-preview":"max-image-preview:large","max-video-preview":"max-video-preview:-1"},"canonical":"https:\/\/monti.lt\/en\/product\/viga-medinis-kamuoliuku-su-plaktuku-zaidimas\/","og_locale":"en_US","og_type":"article","og_title":"VIGA medinis kamuoliuk\u0173 su plaktuku \u017eaidimas - Montessori \u017eaislai","og_description":"Igloo Pastel Puncher&nbsp;i\u0161&nbsp;Viga&nbsp;yra \u017eaislas, kuris patiks kiekvienam vaikui. Jame yra daug funkcij\u0173:&nbsp;kamuoliuko variklis&nbsp;,&nbsp;r\u016b\u0161iuotojas&nbsp;ir&nbsp;\u017eaidimas su fig\u016br\u0117l\u0117mis&nbsp;. \u012eterpti rutuliai i\u0161skrenda pro Igloo duris. Jei kyla sunkum\u0173 i\u0161imant blokus ar kitus elementus i\u0161 iglu vidaus, galite atsukti priekin\u012f skydel\u012f, kad b\u016bt\u0173 lengviau patekti \u012f vid\u0173. \u017daisdamas vaikas lavina&nbsp;rank\u0173 judesi\u0173 tikslum\u0105&nbsp;,&nbsp;miklum\u0105&nbsp;, vis geriau skiria&nbsp;spalvas&nbsp;, o ateityje \u012fgytas judesi\u0173 tikslumas [&hellip;]","og_url":"https:\/\/monti.lt\/en\/product\/viga-medinis-kamuoliuku-su-plaktuku-zaidimas\/","og_site_name":"Montessori \u017eaislai","article_modified_time":"2025-11-20T12:37:02+00:00","og_image":[{"width":800,"height":800,"url":"https:\/\/monti.lt\/wp-content\/uploads\/2024\/09\/viga-polarb-drewniany-przebijak-igloo-z-mloteczkiem-figurkami-i-sorterem.jpg","type":"image\/jpeg"}],"twitter_card":"summary_large_image","twitter_misc":{"Est. reading time":"1 minute"},"schema":{"@context":"https:\/\/schema.org","@graph":[{"@type":"WebPage","@id":"https:\/\/monti.lt\/product\/viga-medinis-kamuoliuku-su-plaktuku-zaidimas\/","url":"https:\/\/monti.lt\/product\/viga-medinis-kamuoliuku-su-plaktuku-zaidimas\/","name":"VIGA medinis kamuoliuk\u0173 su plaktuku \u017eaidimas - Montessori \u017eaislai","isPartOf":{"@id":"https:\/\/monti.lt\/#website"},"primaryImageOfPage":{"@id":"https:\/\/monti.lt\/product\/viga-medinis-kamuoliuku-su-plaktuku-zaidimas\/#primaryimage"},"image":{"@id":"https:\/\/monti.lt\/product\/viga-medinis-kamuoliuku-su-plaktuku-zaidimas\/#primaryimage"},"thumbnailUrl":"https:\/\/monti.lt\/wp-content\/uploads\/2024\/09\/viga-polarb-drewniany-przebijak-igloo-z-mloteczkiem-figurkami-i-sorterem.jpg","datePublished":"2024-09-03T05:11:19+00:00","dateModified":"2025-11-20T12:37:02+00:00","breadcrumb":{"@id":"https:\/\/monti.lt\/product\/viga-medinis-kamuoliuku-su-plaktuku-zaidimas\/#breadcrumb"},"inLanguage":"en-US","potentialAction":[{"@type":"ReadAction","target":["https:\/\/monti.lt\/product\/viga-medinis-kamuoliuku-su-plaktuku-zaidimas\/"]}]},{"@type":"ImageObject","inLanguage":"en-US","@id":"https:\/\/monti.lt\/product\/viga-medinis-kamuoliuku-su-plaktuku-zaidimas\/#primaryimage","url":"https:\/\/monti.lt\/wp-content\/uploads\/2024\/09\/viga-polarb-drewniany-przebijak-igloo-z-mloteczkiem-figurkami-i-sorterem.jpg","contentUrl":"https:\/\/monti.lt\/wp-content\/uploads\/2024\/09\/viga-polarb-drewniany-przebijak-igloo-z-mloteczkiem-figurkami-i-sorterem.jpg","width":800,"height":800,"caption":"kamuoliukai su plaktuku"},{"@type":"BreadcrumbList","@id":"https:\/\/monti.lt\/product\/viga-medinis-kamuoliuku-su-plaktuku-zaidimas\/#breadcrumb","itemListElement":[{"@type":"ListItem","position":1,"name":"Home","item":"https:\/\/monti.lt\/"},{"@type":"ListItem","position":2,"name":"Parduotuv\u0117","item":"https:\/\/monti.lt\/shop\/"},{"@type":"ListItem","position":3,"name":"VIGA medinis kamuoliuk\u0173 su plaktuku \u017eaidimas"}]},{"@type":"WebSite","@id":"https:\/\/monti.lt\/#website","url":"https:\/\/monti.lt\/","name":"Montessori \u017eaislai","description":"","publisher":{"@id":"https:\/\/monti.lt\/#organization"},"potentialAction":[{"@type":"SearchAction","target":{"@type":"EntryPoint","urlTemplate":"https:\/\/monti.lt\/?s={search_term_string}"},"query-input":"required name=search_term_string"}],"inLanguage":"en-US"},{"@type":"Organization","@id":"https:\/\/monti.lt\/#organization","name":"Montessori \u017eaislai","url":"https:\/\/monti.lt\/","logo":{"@type":"ImageObject","inLanguage":"en-US","@id":"https:\/\/monti.lt\/#\/schema\/logo\/image\/","url":"https:\/\/monti.lt\/wp-content\/uploads\/2022\/03\/montilogo-1.png","contentUrl":"https:\/\/monti.lt\/wp-content\/uploads\/2022\/03\/montilogo-1.png","width":512,"height":512,"caption":"Montessori \u017eaislai"},"image":{"@id":"https:\/\/monti.lt\/#\/schema\/logo\/image\/"}}]}},"_links":{"self":[{"href":"https:\/\/monti.lt\/en\/wp-json\/wp\/v2\/product\/24690"}],"collection":[{"href":"https:\/\/monti.lt\/en\/wp-json\/wp\/v2\/product"}],"about":[{"href":"https:\/\/monti.lt\/en\/wp-json\/wp\/v2\/types\/product"}],"version-history":[{"count":1,"href":"https:\/\/monti.lt\/en\/wp-json\/wp\/v2\/product\/24690\/revisions"}],"predecessor-version":[{"id":24696,"href":"https:\/\/monti.lt\/en\/wp-json\/wp\/v2\/product\/24690\/revisions\/24696"}],"wp:featuredmedia":[{"embeddable":true,"href":"https:\/\/monti.lt\/en\/wp-json\/wp\/v2\/media\/24691"}],"wp:attachment":[{"href":"https:\/\/monti.lt\/en\/wp-json\/wp\/v2\/media?parent=24690"}],"wp:term":[{"taxonomy":"product_cat","embeddable":true,"href":"https:\/\/monti.lt\/en\/wp-json\/wp\/v2\/product_cat?post=24690"},{"taxonomy":"product_tag","embeddable":true,"href":"https:\/\/monti.lt\/en\/wp-json\/wp\/v2\/product_tag?post=24690"}],"curies":[{"name":"wp","href":"https:\/\/api.w.org\/{rel}","templated":true}]}}