{"id":24697,"date":"2024-09-03T05:18:22","date_gmt":"2024-09-03T05:18:22","guid":{"rendered":"https:\/\/monti.lt\/?post_type=product&#038;p=24697"},"modified":"2025-12-19T08:39:45","modified_gmt":"2025-12-19T08:39:45","slug":"woopie-baby-edukacinis-rinkinys-kudikiams","status":"publish","type":"product","link":"https:\/\/monti.lt\/en\/product\/woopie-baby-edukacinis-rinkinys-kudikiams\/","title":{"rendered":"Woopie baby edukacinis rinkinys k\u016bdikiams"},"content":{"rendered":"<p><strong>\u017davus WOOPIE<\/strong>&nbsp;prek\u0117s \u017eenklo&nbsp;<strong>edukacinis rinkinys<\/strong>&nbsp;yra puikus pasirinkimas&nbsp;<strong>saugiai<\/strong>&nbsp;ir&nbsp;<strong>tobul\u0117jan\u010diai<\/strong>&nbsp;dovanai kiekvienam ma\u017eyliui. \u017daislas pagamintas i\u0161 lanks\u010dios, netoksi\u0161kos med\u017eiagos, taip pat gali b\u016bti naudojamas kaip dantukas, palengvinantis dant\u0173 dygim\u0105. Rinkin\u012f sudaro&nbsp;<strong>piramid\u0117<\/strong>&nbsp;ir&nbsp;<strong>kalad\u0117l\u0117s<\/strong>&nbsp;, kurios suteikia pla\u010dias edukacines ir sensorines galimybes. Piramid\u0117, sudaryta i\u0161 \u0161e\u0161i\u0173 skirting\u0173 dyd\u017ei\u0173 apskritim\u0173, baigian\u010di\u0173 \u017eavinga&nbsp;<strong>koala fig\u016bra<\/strong>&nbsp;, ir \u0161e\u0161i\u0173 kalad\u0117li\u0173 su i\u0161gaubtais skai\u010diais sukuria universal\u0173 \u017eaisl\u0105, kuris skatina vaiko vystym\u0105si \u012fvairiais lygmenimis.<\/p>\n\n\n\n<p><strong>Charakteristika:<\/strong><\/p>\n\n\n\n<p>&#8211; \u017daislas nuo&nbsp;<strong>6 m\u0117n<\/strong><\/p>\n\n\n\n<p><strong>&#8211; Puikiai&nbsp;tinka kramtymui dant\u0173 dygimo metu&nbsp;, mink\u0161tas ir lankstus<\/strong><\/p>\n\n\n\n<p>&#8211;&nbsp;<strong>3in1<\/strong>&nbsp;&#8211; d\u0117lion\u0117s, jutimo blok\u0173 ir dantuk\u0173 krovimas<\/p>\n\n\n\n<p>&#8211; Gra\u017eios pastelin\u0117s spalvos<\/p>\n\n\n\n<p>&#8211;&nbsp;<strong>Daugiafunkcis \u017eaislas<\/strong>&nbsp;: krovimas, mokymasis skai\u010diuoti, dant\u0173 kirpimas, pramogos vonioje<\/p>\n\n\n\n<p>&#8211; Palaiko j\u016bs\u0173 k\u016bdikio vystym\u0105si per&nbsp;<strong>\u012fvairius&nbsp;<\/strong><strong>jutimo&nbsp;<\/strong><strong>potyrius<\/strong><strong><\/strong><\/p>\n\n\n\n<p>&#8211;&nbsp;<strong>\u017davinga<\/strong>&nbsp;mink\u0161ta koala fig\u016br\u0117l\u0117 suteikia rinkiniui patrauklumo<br><\/p>\n\n\n\n<p><strong>\u017daislas vysto:<\/strong><\/p>\n\n\n\n<ul class=\"wp-block-list\">\n<li><strong>Rank\u0173 ir aki\u0173 koordinacija:<\/strong>\u00a0Vaikas i\u0161moksta tiksliai manipuliuoti objektais, kad pad\u0117t\u0173 juos tinkamoje vietoje.<\/li>\n\n\n\n<li><strong>Jutimo potyriai:<\/strong>\u00a0\u012fvair\u016bs ra\u0161tai, i\u0161gaubimai ir \u012fdubimai stimuliuoja vaiko poj\u016b\u010dius ir palaiko jutimo vystym\u0105si.<\/li>\n\n\n\n<li><strong>Susikaupimas ir kantryb\u0117:<\/strong>\u00a0Piramid\u0117s surinkimas ir blok\u0173 valdymas reikalauja susikaupimo ir kantryb\u0117s.<\/li>\n\n\n\n<li><strong>Form\u0173 ir dyd\u017ei\u0173 atpa\u017einimas:<\/strong>\u00a0norint sud\u0117lioti apskritimus ir blokus teisinga tvarka, reikia suprasti dyd\u017eio ir formos skirtumus.<\/li>\n\n\n\n<li><strong>Smulkioji motorika:<\/strong>\u00a0\u017eaidimas padeda lavinti smulki\u0105j\u0105 motorik\u0105, ypa\u010d geb\u0117jim\u0105 suvokti ir manipuliuoti smulkiais daiktais.<\/li>\n\n\n\n<li><strong>Kognityvinis vystymasis:<\/strong>\u00a0mokantis skai\u010di\u0173 ir spalv\u0173 lavinami matematikos \u012fg\u016bd\u017eiai ir spalv\u0173 atpa\u017einimas. Blok\u0173 skleid\u017eiami garsai moko prie\u017easties ir pasekm\u0117s ry\u0161io.<\/li>\n\n\n\n<li><strong>K\u016brybi\u0161kumas ir vaizduot\u0117:<\/strong>\u00a0geb\u0117jimas sud\u0117lioti rietuves pagal savo vaizduot\u0119 lavina j\u016bs\u0173 vaiko k\u016brybi\u0161kum\u0105.<\/li>\n<\/ul>","protected":false},"excerpt":{"rendered":"<p>\u017davus WOOPIE&nbsp;prek\u0117s \u017eenklo&nbsp;edukacinis rinkinys&nbsp;yra puikus pasirinkimas&nbsp;saugiai&nbsp;ir&nbsp;tobul\u0117jan\u010diai&nbsp;dovanai kiekvienam ma\u017eyliui. \u017daislas pagamintas i\u0161 lanks\u010dios, netoksi\u0161kos med\u017eiagos, taip pat gali b\u016bti naudojamas kaip dantukas, palengvinantis dant\u0173 dygim\u0105. Rinkin\u012f sudaro&nbsp;piramid\u0117&nbsp;ir&nbsp;kalad\u0117l\u0117s&nbsp;, kurios suteikia pla\u010dias edukacines ir sensorines galimybes. Piramid\u0117, sudaryta i\u0161 \u0161e\u0161i\u0173 skirting\u0173 dyd\u017ei\u0173 apskritim\u0173, baigian\u010di\u0173 \u017eavinga&nbsp;koala fig\u016bra&nbsp;, ir \u0161e\u0161i\u0173 kalad\u0117li\u0173 su i\u0161gaubtais skai\u010diais sukuria universal\u0173 \u017eaisl\u0105, kuris skatina vaiko [&hellip;]<\/p>","protected":false},"featured_media":24698,"template":"","meta":{"_acf_changed":false,"iawp_total_views":1122},"product_cat":[92,200,191,84,91,190,88,90,86,49,39],"product_tag":[95,94],"class_list":{"0":"post-24697","1":"product","2":"type-product","3":"status-publish","4":"has-post-thumbnail","6":"product_cat-deliones","7":"product_cat-dovanos-kudikiams","8":"product_cat-dovanos-vaikams","9":"product_cat-lavinamieji-zaislai","10":"product_cat-loginiam-mastymui","11":"product_cat-maudynems","12":"product_cat-mokausi-zaisti","13":"product_cat-pasaulio-pazinimas","14":"product_cat-smulkioji-motorika","15":"product_cat-visi-zaislai","16":"product_cat-zaislai","17":"product_tag-1-m-2-m","18":"product_tag-iki-1-m","20":"first","21":"outofstock","22":"sale","23":"taxable","24":"shipping-taxable","25":"purchasable","26":"product-type-simple"},"acf":[],"yoast_head":"<!-- This site is optimized with the Yoast SEO plugin v23.3 - https:\/\/yoast.com\/wordpress\/plugins\/seo\/ -->\n<title>Woopie baby edukacinis rinkinys k\u016bdikiams - Montessori \u017eaislai<\/title>\n<meta name=\"robots\" content=\"index, follow, max-snippet:-1, max-image-preview:large, max-video-preview:-1\" \/>\n<link rel=\"canonical\" href=\"https:\/\/monti.lt\/en\/product\/woopie-baby-edukacinis-rinkinys-kudikiams\/\" \/>\n<meta property=\"og:locale\" content=\"en_US\" \/>\n<meta property=\"og:type\" content=\"article\" \/>\n<meta property=\"og:title\" content=\"Woopie baby edukacinis rinkinys k\u016bdikiams - Montessori \u017eaislai\" \/>\n<meta property=\"og:description\" content=\"\u017davus WOOPIE&nbsp;prek\u0117s \u017eenklo&nbsp;edukacinis rinkinys&nbsp;yra puikus pasirinkimas&nbsp;saugiai&nbsp;ir&nbsp;tobul\u0117jan\u010diai&nbsp;dovanai kiekvienam ma\u017eyliui. \u017daislas pagamintas i\u0161 lanks\u010dios, netoksi\u0161kos med\u017eiagos, taip pat gali b\u016bti naudojamas kaip dantukas, palengvinantis dant\u0173 dygim\u0105. Rinkin\u012f sudaro&nbsp;piramid\u0117&nbsp;ir&nbsp;kalad\u0117l\u0117s&nbsp;, kurios suteikia pla\u010dias edukacines ir sensorines galimybes. Piramid\u0117, sudaryta i\u0161 \u0161e\u0161i\u0173 skirting\u0173 dyd\u017ei\u0173 apskritim\u0173, baigian\u010di\u0173 \u017eavinga&nbsp;koala fig\u016bra&nbsp;, ir \u0161e\u0161i\u0173 kalad\u0117li\u0173 su i\u0161gaubtais skai\u010diais sukuria universal\u0173 \u017eaisl\u0105, kuris skatina vaiko [&hellip;]\" \/>\n<meta property=\"og:url\" content=\"https:\/\/monti.lt\/en\/product\/woopie-baby-edukacinis-rinkinys-kudikiams\/\" \/>\n<meta property=\"og:site_name\" content=\"Montessori \u017eaislai\" \/>\n<meta property=\"article:modified_time\" content=\"2025-12-19T08:39:45+00:00\" \/>\n<meta property=\"og:image\" content=\"https:\/\/monti.lt\/wp-content\/uploads\/2024\/09\/woopie-baby-zestaw-edukacyjny-3w1-piramidka-klocki-gryzak.jpg\" \/>\n\t<meta property=\"og:image:width\" content=\"800\" \/>\n\t<meta property=\"og:image:height\" content=\"800\" \/>\n\t<meta property=\"og:image:type\" content=\"image\/jpeg\" \/>\n<meta name=\"twitter:card\" content=\"summary_large_image\" \/>\n<meta name=\"twitter:label1\" content=\"Est. reading time\" \/>\n\t<meta name=\"twitter:data1\" content=\"2 minutes\" \/>\n<script type=\"application\/ld+json\" class=\"yoast-schema-graph\">{\"@context\":\"https:\/\/schema.org\",\"@graph\":[{\"@type\":\"WebPage\",\"@id\":\"https:\/\/monti.lt\/product\/woopie-baby-edukacinis-rinkinys-kudikiams\/\",\"url\":\"https:\/\/monti.lt\/product\/woopie-baby-edukacinis-rinkinys-kudikiams\/\",\"name\":\"Woopie baby edukacinis rinkinys k\u016bdikiams - Montessori \u017eaislai\",\"isPartOf\":{\"@id\":\"https:\/\/monti.lt\/#website\"},\"primaryImageOfPage\":{\"@id\":\"https:\/\/monti.lt\/product\/woopie-baby-edukacinis-rinkinys-kudikiams\/#primaryimage\"},\"image\":{\"@id\":\"https:\/\/monti.lt\/product\/woopie-baby-edukacinis-rinkinys-kudikiams\/#primaryimage\"},\"thumbnailUrl\":\"https:\/\/monti.lt\/wp-content\/uploads\/2024\/09\/woopie-baby-zestaw-edukacyjny-3w1-piramidka-klocki-gryzak.jpg\",\"datePublished\":\"2024-09-03T05:18:22+00:00\",\"dateModified\":\"2025-12-19T08:39:45+00:00\",\"breadcrumb\":{\"@id\":\"https:\/\/monti.lt\/product\/woopie-baby-edukacinis-rinkinys-kudikiams\/#breadcrumb\"},\"inLanguage\":\"en-US\",\"potentialAction\":[{\"@type\":\"ReadAction\",\"target\":[\"https:\/\/monti.lt\/product\/woopie-baby-edukacinis-rinkinys-kudikiams\/\"]}]},{\"@type\":\"ImageObject\",\"inLanguage\":\"en-US\",\"@id\":\"https:\/\/monti.lt\/product\/woopie-baby-edukacinis-rinkinys-kudikiams\/#primaryimage\",\"url\":\"https:\/\/monti.lt\/wp-content\/uploads\/2024\/09\/woopie-baby-zestaw-edukacyjny-3w1-piramidka-klocki-gryzak.jpg\",\"contentUrl\":\"https:\/\/monti.lt\/wp-content\/uploads\/2024\/09\/woopie-baby-zestaw-edukacyjny-3w1-piramidka-klocki-gryzak.jpg\",\"width\":800,\"height\":800,\"caption\":\"kudikiu rinkinys\"},{\"@type\":\"BreadcrumbList\",\"@id\":\"https:\/\/monti.lt\/product\/woopie-baby-edukacinis-rinkinys-kudikiams\/#breadcrumb\",\"itemListElement\":[{\"@type\":\"ListItem\",\"position\":1,\"name\":\"Home\",\"item\":\"https:\/\/monti.lt\/\"},{\"@type\":\"ListItem\",\"position\":2,\"name\":\"Parduotuv\u0117\",\"item\":\"https:\/\/monti.lt\/shop\/\"},{\"@type\":\"ListItem\",\"position\":3,\"name\":\"Woopie baby edukacinis rinkinys k\u016bdikiams\"}]},{\"@type\":\"WebSite\",\"@id\":\"https:\/\/monti.lt\/#website\",\"url\":\"https:\/\/monti.lt\/\",\"name\":\"Montessori \u017eaislai\",\"description\":\"\",\"publisher\":{\"@id\":\"https:\/\/monti.lt\/#organization\"},\"potentialAction\":[{\"@type\":\"SearchAction\",\"target\":{\"@type\":\"EntryPoint\",\"urlTemplate\":\"https:\/\/monti.lt\/?s={search_term_string}\"},\"query-input\":\"required name=search_term_string\"}],\"inLanguage\":\"en-US\"},{\"@type\":\"Organization\",\"@id\":\"https:\/\/monti.lt\/#organization\",\"name\":\"Montessori \u017eaislai\",\"url\":\"https:\/\/monti.lt\/\",\"logo\":{\"@type\":\"ImageObject\",\"inLanguage\":\"en-US\",\"@id\":\"https:\/\/monti.lt\/#\/schema\/logo\/image\/\",\"url\":\"https:\/\/monti.lt\/wp-content\/uploads\/2022\/03\/montilogo-1.png\",\"contentUrl\":\"https:\/\/monti.lt\/wp-content\/uploads\/2022\/03\/montilogo-1.png\",\"width\":512,\"height\":512,\"caption\":\"Montessori \u017eaislai\"},\"image\":{\"@id\":\"https:\/\/monti.lt\/#\/schema\/logo\/image\/\"}}]}<\/script>\n<!-- \/ Yoast SEO plugin. -->","yoast_head_json":{"title":"Woopie baby edukacinis rinkinys k\u016bdikiams - Montessori \u017eaislai","robots":{"index":"index","follow":"follow","max-snippet":"max-snippet:-1","max-image-preview":"max-image-preview:large","max-video-preview":"max-video-preview:-1"},"canonical":"https:\/\/monti.lt\/en\/product\/woopie-baby-edukacinis-rinkinys-kudikiams\/","og_locale":"en_US","og_type":"article","og_title":"Woopie baby edukacinis rinkinys k\u016bdikiams - Montessori \u017eaislai","og_description":"\u017davus WOOPIE&nbsp;prek\u0117s \u017eenklo&nbsp;edukacinis rinkinys&nbsp;yra puikus pasirinkimas&nbsp;saugiai&nbsp;ir&nbsp;tobul\u0117jan\u010diai&nbsp;dovanai kiekvienam ma\u017eyliui. \u017daislas pagamintas i\u0161 lanks\u010dios, netoksi\u0161kos med\u017eiagos, taip pat gali b\u016bti naudojamas kaip dantukas, palengvinantis dant\u0173 dygim\u0105. Rinkin\u012f sudaro&nbsp;piramid\u0117&nbsp;ir&nbsp;kalad\u0117l\u0117s&nbsp;, kurios suteikia pla\u010dias edukacines ir sensorines galimybes. Piramid\u0117, sudaryta i\u0161 \u0161e\u0161i\u0173 skirting\u0173 dyd\u017ei\u0173 apskritim\u0173, baigian\u010di\u0173 \u017eavinga&nbsp;koala fig\u016bra&nbsp;, ir \u0161e\u0161i\u0173 kalad\u0117li\u0173 su i\u0161gaubtais skai\u010diais sukuria universal\u0173 \u017eaisl\u0105, kuris skatina vaiko [&hellip;]","og_url":"https:\/\/monti.lt\/en\/product\/woopie-baby-edukacinis-rinkinys-kudikiams\/","og_site_name":"Montessori \u017eaislai","article_modified_time":"2025-12-19T08:39:45+00:00","og_image":[{"width":800,"height":800,"url":"https:\/\/monti.lt\/wp-content\/uploads\/2024\/09\/woopie-baby-zestaw-edukacyjny-3w1-piramidka-klocki-gryzak.jpg","type":"image\/jpeg"}],"twitter_card":"summary_large_image","twitter_misc":{"Est. reading time":"2 minutes"},"schema":{"@context":"https:\/\/schema.org","@graph":[{"@type":"WebPage","@id":"https:\/\/monti.lt\/product\/woopie-baby-edukacinis-rinkinys-kudikiams\/","url":"https:\/\/monti.lt\/product\/woopie-baby-edukacinis-rinkinys-kudikiams\/","name":"Woopie baby edukacinis rinkinys k\u016bdikiams - Montessori \u017eaislai","isPartOf":{"@id":"https:\/\/monti.lt\/#website"},"primaryImageOfPage":{"@id":"https:\/\/monti.lt\/product\/woopie-baby-edukacinis-rinkinys-kudikiams\/#primaryimage"},"image":{"@id":"https:\/\/monti.lt\/product\/woopie-baby-edukacinis-rinkinys-kudikiams\/#primaryimage"},"thumbnailUrl":"https:\/\/monti.lt\/wp-content\/uploads\/2024\/09\/woopie-baby-zestaw-edukacyjny-3w1-piramidka-klocki-gryzak.jpg","datePublished":"2024-09-03T05:18:22+00:00","dateModified":"2025-12-19T08:39:45+00:00","breadcrumb":{"@id":"https:\/\/monti.lt\/product\/woopie-baby-edukacinis-rinkinys-kudikiams\/#breadcrumb"},"inLanguage":"en-US","potentialAction":[{"@type":"ReadAction","target":["https:\/\/monti.lt\/product\/woopie-baby-edukacinis-rinkinys-kudikiams\/"]}]},{"@type":"ImageObject","inLanguage":"en-US","@id":"https:\/\/monti.lt\/product\/woopie-baby-edukacinis-rinkinys-kudikiams\/#primaryimage","url":"https:\/\/monti.lt\/wp-content\/uploads\/2024\/09\/woopie-baby-zestaw-edukacyjny-3w1-piramidka-klocki-gryzak.jpg","contentUrl":"https:\/\/monti.lt\/wp-content\/uploads\/2024\/09\/woopie-baby-zestaw-edukacyjny-3w1-piramidka-klocki-gryzak.jpg","width":800,"height":800,"caption":"kudikiu rinkinys"},{"@type":"BreadcrumbList","@id":"https:\/\/monti.lt\/product\/woopie-baby-edukacinis-rinkinys-kudikiams\/#breadcrumb","itemListElement":[{"@type":"ListItem","position":1,"name":"Home","item":"https:\/\/monti.lt\/"},{"@type":"ListItem","position":2,"name":"Parduotuv\u0117","item":"https:\/\/monti.lt\/shop\/"},{"@type":"ListItem","position":3,"name":"Woopie baby edukacinis rinkinys k\u016bdikiams"}]},{"@type":"WebSite","@id":"https:\/\/monti.lt\/#website","url":"https:\/\/monti.lt\/","name":"Montessori \u017eaislai","description":"","publisher":{"@id":"https:\/\/monti.lt\/#organization"},"potentialAction":[{"@type":"SearchAction","target":{"@type":"EntryPoint","urlTemplate":"https:\/\/monti.lt\/?s={search_term_string}"},"query-input":"required name=search_term_string"}],"inLanguage":"en-US"},{"@type":"Organization","@id":"https:\/\/monti.lt\/#organization","name":"Montessori \u017eaislai","url":"https:\/\/monti.lt\/","logo":{"@type":"ImageObject","inLanguage":"en-US","@id":"https:\/\/monti.lt\/#\/schema\/logo\/image\/","url":"https:\/\/monti.lt\/wp-content\/uploads\/2022\/03\/montilogo-1.png","contentUrl":"https:\/\/monti.lt\/wp-content\/uploads\/2022\/03\/montilogo-1.png","width":512,"height":512,"caption":"Montessori \u017eaislai"},"image":{"@id":"https:\/\/monti.lt\/#\/schema\/logo\/image\/"}}]}},"_links":{"self":[{"href":"https:\/\/monti.lt\/en\/wp-json\/wp\/v2\/product\/24697"}],"collection":[{"href":"https:\/\/monti.lt\/en\/wp-json\/wp\/v2\/product"}],"about":[{"href":"https:\/\/monti.lt\/en\/wp-json\/wp\/v2\/types\/product"}],"version-history":[{"count":1,"href":"https:\/\/monti.lt\/en\/wp-json\/wp\/v2\/product\/24697\/revisions"}],"predecessor-version":[{"id":24700,"href":"https:\/\/monti.lt\/en\/wp-json\/wp\/v2\/product\/24697\/revisions\/24700"}],"wp:featuredmedia":[{"embeddable":true,"href":"https:\/\/monti.lt\/en\/wp-json\/wp\/v2\/media\/24698"}],"wp:attachment":[{"href":"https:\/\/monti.lt\/en\/wp-json\/wp\/v2\/media?parent=24697"}],"wp:term":[{"taxonomy":"product_cat","embeddable":true,"href":"https:\/\/monti.lt\/en\/wp-json\/wp\/v2\/product_cat?post=24697"},{"taxonomy":"product_tag","embeddable":true,"href":"https:\/\/monti.lt\/en\/wp-json\/wp\/v2\/product_tag?post=24697"}],"curies":[{"name":"wp","href":"https:\/\/api.w.org\/{rel}","templated":true}]}}