{"id":24910,"date":"2024-09-16T10:02:52","date_gmt":"2024-09-16T10:02:52","guid":{"rendered":"https:\/\/monti.lt\/?post_type=product&#038;p=24910"},"modified":"2025-11-19T20:37:05","modified_gmt":"2025-11-19T20:37:05","slug":"mini-fotoaparatas-2","status":"publish","type":"product","link":"https:\/\/monti.lt\/en\/product\/mini-fotoaparatas-2\/","title":{"rendered":"Mini fotoaparatas"},"content":{"rendered":"<p>Parodykite savo vaikui nuostab\u0173 fotografijos pasaul\u012f! Leiskite jam prad\u0117ti \u0161\u012f nuotyk\u012f su \u0161iuo nedideliu fotoaparatu, kupinu puiki\u0173 galimybi\u0173.<\/p>\n\n\n\n<p>Pirmasis j\u016bs\u0173 vaiko fotoaparatas!<\/p>\n\n\n\n<p>Tai ne \u017eaislas &#8211; tai tikras fotoaparatas, kuris \u012fam\u017eins svarbiausias j\u016bs\u0173 vaiko gyvenimo akimirkas. Ir tai HD kokyb\u0117s.<br>Tobulos nuotraukos gali b\u016bti dar \u012fdomesn\u0117s &#8211; d\u0117l 6 spalv\u0173 filtr\u0173! Romanti\u0161kas juodai baltas portretas? Pa\u0161\u0117l\u0119s kvailiojimas, papuo\u0161tas geltonu \u0161vyt\u0117jimu? Viskas \u012fmanoma!<\/p>\n\n\n\n<p>Tuo viskas nesibaigia &#8211; tarp parink\u010di\u0173 rasite ir spalvot\u0173 perdang\u0173. Su jomis nuotraukas galite papuo\u0161ti linksmomis bit\u0117mis arba gimtadienio balionais!<br>\u0160is ma\u017easis fotoaparatas taip pat \u012fra\u0161in\u0117ja vaizdo \u012fra\u0161us su garsu! \u012era\u0161ymo metu mirksi m\u0117lyna lemput\u0117, rodanti, kad filmuojama.<br>Ne tik nuotraukos ir vaizdo \u012fra\u0161ai! Tai ma\u017eas pramog\u0173 centras, kuriame i\u0161 anksto \u012fkelti 5 klasikiniai \u017eaidimai, \u012fskaitant kultin\u012f \u201eSnake\u201c.<\/p>\n\n\n\n<p>Fotoaparato meniu angl\u0173 kalba &#8211; tai galimyb\u0117 susipa\u017einti su u\u017esienio kalba realiame pasaulyje. Prietaisas padeda i\u0161mokti pagrindinius \u017eod\u017eius ir j\u0173 reik\u0161mes.<br>Pritaikytas ma\u017eiesiems fotografams m\u0117g\u0117jams. Nedidelis jo dydis leid\u017eia patogiai ir stabiliai laikyti. A\u0161tri\u0173 briaun\u0173 ir smulki\u0173 detali\u0173 nebuvimas leid\u017eia juo naudotis net patiems ma\u017eiausiems.<br>Esteti\u0161kai fotoaparatas primena profesionali\u0105 fotografijos \u012frang\u0105 &#8211; leiskite vaikui pasijusti tikru reporteriu ar film\u0173 k\u016br\u0117ju!<\/p>\n\n\n\n<p>M\u0117t\u0173 spalvos fotoaparatas patiks ir mergait\u0117ms, ir berniukams. Pagamintas labai tiksliai i\u0161 lygaus, malonaus liesti plastiko.<br>Nerimaujate, kad fotoaparatas i\u0161spr\u016bsta i\u0161 j\u016bs\u0173 ma\u017eylio rank\u0173? Saugiam naudojimui prie \u012frangos pridedamas dir\u017eelis, kur\u012f lengvai pritvirtinsite prie fotoaparato. Taip j\u016bs\u0173 ma\u017eylis gal\u0117s ne\u0161ioti fotoaparat\u0105 ant kaklo, o j\u016bs gal\u0117site b\u016bti tikri, kad jis jo nepames ir nepraras.<br>Be to, nuolatinis \u017eaidimas su \u0161iuo fotoaparatu, mygtuk\u0173 spaudymas ir pan. lavina j\u016bs\u0173 vaiko smulki\u0105j\u0105 motorik\u0105.<br>Fotoaparatas supakuotas \u012f esteti\u0161k\u0105 d\u0117\u017eut\u0119 &#8211; puiki dovanos id\u0117ja bet kokia proga!<\/p>\n\n\n\n<p>TECHNINIAI DUOMENYS:<br>2 coli\u0173 ekranas<br>HD kokyb\u0117s nuotraukos ir vaizdo \u012fra\u0161ai<br>3M nuotraukos<br>1080P filmai<br>10x optinis priartinimas<br>Automatinis fokusavimas<br>6 spalv\u0173 filtrai, \u012fskaitant juodai balt\u0105, m\u0117lyn\u0105 arba gelton\u0105<br>4 nuotrauk\u0173 perdangos<br>5 \u017eaidimai, \u012fskaitant klasikinius gyvat\u0117s \u017eaidimus<br>\u012ekraunamas per USB (laidas pridedamas)<br>\u012ekrovimo laikas: 2-3 val.<br>Darbo laikas: 3-6 val.<br>I\u0161orin\u0117 atmintis &#8211; norint fotografuoti, reikia iki 32 gb SD kortel\u0117s (\u012f komplekt\u0105 ne\u012feina)<br>Galimyb\u0117 pasirinkti darbo kalb\u0105: Galimyb\u0117 rinktis: angl\u0173, rus\u0173, portugal\u0173, ispan\u0173, kin\u0173, kor\u0117jie\u010di\u0173, japon\u0173<\/p>\n\n\n\n<p>D\u0117\u017eut\u0117s turinys:<\/p>\n\n\n\n<p>Fotoaparato komplektacija: m\u0117tinis fotoaparatas<br>USB maitinimo laidas<br>M\u0117lynas dir\u017eelis<br>Vartotojo vadovas angl\u0173 ir kin\u0173 kalbomis<\/p>\n\n\n\n<p>Matmenys: 8 cm x 6 cm x 5 cm<\/p>\n\n\n\n<p>Pakuot\u0117s matmenys: 13,5 cm x 8 cm x 5,5 cm<\/p>\n\n\n\n<p>Tinka vyresniems nei 3 met\u0173 vaikams.<\/p>\n\n\n\n<p><\/p>","protected":false},"excerpt":{"rendered":"<p>Parodykite savo vaikui nuostab\u0173 fotografijos pasaul\u012f! Leiskite jam prad\u0117ti \u0161\u012f nuotyk\u012f su \u0161iuo nedideliu fotoaparatu, kupinu puiki\u0173 galimybi\u0173. Pirmasis j\u016bs\u0173 vaiko fotoaparatas! Tai ne \u017eaislas &#8211; tai tikras fotoaparatas, kuris \u012fam\u017eins svarbiausias j\u016bs\u0173 vaiko gyvenimo akimirkas. Ir tai HD kokyb\u0117s.Tobulos nuotraukos gali b\u016bti dar \u012fdomesn\u0117s &#8211; d\u0117l 6 spalv\u0173 filtr\u0173! Romanti\u0161kas juodai baltas portretas? Pa\u0161\u0117l\u0119s [&hellip;]<\/p>","protected":false},"featured_media":24912,"template":"","meta":{"_acf_changed":false,"iawp_total_views":416},"product_cat":[195,216,217,191,84,93,49,39,201],"product_tag":[97,98],"class_list":{"0":"post-24910","1":"product","2":"type-product","3":"status-publish","4":"has-post-thumbnail","6":"product_cat-dovanos-vaikams-3-4-metu","7":"product_cat-dovanos-4-5-metu-vaikams","8":"product_cat-dovanos-5-7-metu-vaikams","9":"product_cat-dovanos-vaikams","10":"product_cat-lavinamieji-zaislai","11":"product_cat-vaidmenu-zaidimai","12":"product_cat-visi-zaislai","13":"product_cat-zaislai","14":"product_cat-zaislai-kelioneje","15":"product_tag-3-m-4-m","16":"product_tag-5-m-7-m","18":"first","19":"outofstock","20":"taxable","21":"shipping-taxable","22":"purchasable","23":"product-type-simple"},"acf":[],"yoast_head":"<!-- This site is optimized with the Yoast SEO plugin v23.3 - https:\/\/yoast.com\/wordpress\/plugins\/seo\/ -->\n<title>Mini fotoaparatas - Montessori \u017eaislai<\/title>\n<meta name=\"robots\" content=\"index, follow, max-snippet:-1, max-image-preview:large, max-video-preview:-1\" \/>\n<link rel=\"canonical\" href=\"https:\/\/monti.lt\/en\/product\/mini-fotoaparatas-2\/\" \/>\n<meta property=\"og:locale\" content=\"en_US\" \/>\n<meta property=\"og:type\" content=\"article\" \/>\n<meta property=\"og:title\" content=\"Mini fotoaparatas - Montessori \u017eaislai\" \/>\n<meta property=\"og:description\" content=\"Parodykite savo vaikui nuostab\u0173 fotografijos pasaul\u012f! Leiskite jam prad\u0117ti \u0161\u012f nuotyk\u012f su \u0161iuo nedideliu fotoaparatu, kupinu puiki\u0173 galimybi\u0173. Pirmasis j\u016bs\u0173 vaiko fotoaparatas! Tai ne \u017eaislas &#8211; tai tikras fotoaparatas, kuris \u012fam\u017eins svarbiausias j\u016bs\u0173 vaiko gyvenimo akimirkas. Ir tai HD kokyb\u0117s.Tobulos nuotraukos gali b\u016bti dar \u012fdomesn\u0117s &#8211; d\u0117l 6 spalv\u0173 filtr\u0173! Romanti\u0161kas juodai baltas portretas? Pa\u0161\u0117l\u0119s [&hellip;]\" \/>\n<meta property=\"og:url\" content=\"https:\/\/monti.lt\/en\/product\/mini-fotoaparatas-2\/\" \/>\n<meta property=\"og:site_name\" content=\"Montessori \u017eaislai\" \/>\n<meta property=\"article:modified_time\" content=\"2025-11-19T20:37:05+00:00\" \/>\n<meta property=\"og:image\" content=\"https:\/\/monti.lt\/wp-content\/uploads\/2024\/09\/Mini-HD-2-0-digital-video-camera-148030.jpg\" \/>\n\t<meta property=\"og:image:width\" content=\"1024\" \/>\n\t<meta property=\"og:image:height\" content=\"1024\" \/>\n\t<meta property=\"og:image:type\" content=\"image\/jpeg\" \/>\n<meta name=\"twitter:card\" content=\"summary_large_image\" \/>\n<meta name=\"twitter:label1\" content=\"Est. reading time\" \/>\n\t<meta name=\"twitter:data1\" content=\"3 minutes\" \/>\n<script type=\"application\/ld+json\" class=\"yoast-schema-graph\">{\"@context\":\"https:\/\/schema.org\",\"@graph\":[{\"@type\":\"WebPage\",\"@id\":\"https:\/\/monti.lt\/product\/mini-fotoaparatas-2\/\",\"url\":\"https:\/\/monti.lt\/product\/mini-fotoaparatas-2\/\",\"name\":\"Mini fotoaparatas - Montessori \u017eaislai\",\"isPartOf\":{\"@id\":\"https:\/\/monti.lt\/#website\"},\"primaryImageOfPage\":{\"@id\":\"https:\/\/monti.lt\/product\/mini-fotoaparatas-2\/#primaryimage\"},\"image\":{\"@id\":\"https:\/\/monti.lt\/product\/mini-fotoaparatas-2\/#primaryimage\"},\"thumbnailUrl\":\"https:\/\/monti.lt\/wp-content\/uploads\/2024\/09\/Mini-HD-2-0-digital-video-camera-148030.jpg\",\"datePublished\":\"2024-09-16T10:02:52+00:00\",\"dateModified\":\"2025-11-19T20:37:05+00:00\",\"breadcrumb\":{\"@id\":\"https:\/\/monti.lt\/product\/mini-fotoaparatas-2\/#breadcrumb\"},\"inLanguage\":\"en-US\",\"potentialAction\":[{\"@type\":\"ReadAction\",\"target\":[\"https:\/\/monti.lt\/product\/mini-fotoaparatas-2\/\"]}]},{\"@type\":\"ImageObject\",\"inLanguage\":\"en-US\",\"@id\":\"https:\/\/monti.lt\/product\/mini-fotoaparatas-2\/#primaryimage\",\"url\":\"https:\/\/monti.lt\/wp-content\/uploads\/2024\/09\/Mini-HD-2-0-digital-video-camera-148030.jpg\",\"contentUrl\":\"https:\/\/monti.lt\/wp-content\/uploads\/2024\/09\/Mini-HD-2-0-digital-video-camera-148030.jpg\",\"width\":1024,\"height\":1024,\"caption\":\"fotoaparatas\"},{\"@type\":\"BreadcrumbList\",\"@id\":\"https:\/\/monti.lt\/product\/mini-fotoaparatas-2\/#breadcrumb\",\"itemListElement\":[{\"@type\":\"ListItem\",\"position\":1,\"name\":\"Home\",\"item\":\"https:\/\/monti.lt\/\"},{\"@type\":\"ListItem\",\"position\":2,\"name\":\"Parduotuv\u0117\",\"item\":\"https:\/\/monti.lt\/shop\/\"},{\"@type\":\"ListItem\",\"position\":3,\"name\":\"Mini fotoaparatas\"}]},{\"@type\":\"WebSite\",\"@id\":\"https:\/\/monti.lt\/#website\",\"url\":\"https:\/\/monti.lt\/\",\"name\":\"Montessori \u017eaislai\",\"description\":\"\",\"publisher\":{\"@id\":\"https:\/\/monti.lt\/#organization\"},\"potentialAction\":[{\"@type\":\"SearchAction\",\"target\":{\"@type\":\"EntryPoint\",\"urlTemplate\":\"https:\/\/monti.lt\/?s={search_term_string}\"},\"query-input\":\"required name=search_term_string\"}],\"inLanguage\":\"en-US\"},{\"@type\":\"Organization\",\"@id\":\"https:\/\/monti.lt\/#organization\",\"name\":\"Montessori \u017eaislai\",\"url\":\"https:\/\/monti.lt\/\",\"logo\":{\"@type\":\"ImageObject\",\"inLanguage\":\"en-US\",\"@id\":\"https:\/\/monti.lt\/#\/schema\/logo\/image\/\",\"url\":\"https:\/\/monti.lt\/wp-content\/uploads\/2022\/03\/montilogo-1.png\",\"contentUrl\":\"https:\/\/monti.lt\/wp-content\/uploads\/2022\/03\/montilogo-1.png\",\"width\":512,\"height\":512,\"caption\":\"Montessori \u017eaislai\"},\"image\":{\"@id\":\"https:\/\/monti.lt\/#\/schema\/logo\/image\/\"}}]}<\/script>\n<!-- \/ Yoast SEO plugin. -->","yoast_head_json":{"title":"Mini fotoaparatas - Montessori \u017eaislai","robots":{"index":"index","follow":"follow","max-snippet":"max-snippet:-1","max-image-preview":"max-image-preview:large","max-video-preview":"max-video-preview:-1"},"canonical":"https:\/\/monti.lt\/en\/product\/mini-fotoaparatas-2\/","og_locale":"en_US","og_type":"article","og_title":"Mini fotoaparatas - Montessori \u017eaislai","og_description":"Parodykite savo vaikui nuostab\u0173 fotografijos pasaul\u012f! Leiskite jam prad\u0117ti \u0161\u012f nuotyk\u012f su \u0161iuo nedideliu fotoaparatu, kupinu puiki\u0173 galimybi\u0173. Pirmasis j\u016bs\u0173 vaiko fotoaparatas! Tai ne \u017eaislas &#8211; tai tikras fotoaparatas, kuris \u012fam\u017eins svarbiausias j\u016bs\u0173 vaiko gyvenimo akimirkas. Ir tai HD kokyb\u0117s.Tobulos nuotraukos gali b\u016bti dar \u012fdomesn\u0117s &#8211; d\u0117l 6 spalv\u0173 filtr\u0173! Romanti\u0161kas juodai baltas portretas? Pa\u0161\u0117l\u0119s [&hellip;]","og_url":"https:\/\/monti.lt\/en\/product\/mini-fotoaparatas-2\/","og_site_name":"Montessori \u017eaislai","article_modified_time":"2025-11-19T20:37:05+00:00","og_image":[{"width":1024,"height":1024,"url":"https:\/\/monti.lt\/wp-content\/uploads\/2024\/09\/Mini-HD-2-0-digital-video-camera-148030.jpg","type":"image\/jpeg"}],"twitter_card":"summary_large_image","twitter_misc":{"Est. reading time":"3 minutes"},"schema":{"@context":"https:\/\/schema.org","@graph":[{"@type":"WebPage","@id":"https:\/\/monti.lt\/product\/mini-fotoaparatas-2\/","url":"https:\/\/monti.lt\/product\/mini-fotoaparatas-2\/","name":"Mini fotoaparatas - Montessori \u017eaislai","isPartOf":{"@id":"https:\/\/monti.lt\/#website"},"primaryImageOfPage":{"@id":"https:\/\/monti.lt\/product\/mini-fotoaparatas-2\/#primaryimage"},"image":{"@id":"https:\/\/monti.lt\/product\/mini-fotoaparatas-2\/#primaryimage"},"thumbnailUrl":"https:\/\/monti.lt\/wp-content\/uploads\/2024\/09\/Mini-HD-2-0-digital-video-camera-148030.jpg","datePublished":"2024-09-16T10:02:52+00:00","dateModified":"2025-11-19T20:37:05+00:00","breadcrumb":{"@id":"https:\/\/monti.lt\/product\/mini-fotoaparatas-2\/#breadcrumb"},"inLanguage":"en-US","potentialAction":[{"@type":"ReadAction","target":["https:\/\/monti.lt\/product\/mini-fotoaparatas-2\/"]}]},{"@type":"ImageObject","inLanguage":"en-US","@id":"https:\/\/monti.lt\/product\/mini-fotoaparatas-2\/#primaryimage","url":"https:\/\/monti.lt\/wp-content\/uploads\/2024\/09\/Mini-HD-2-0-digital-video-camera-148030.jpg","contentUrl":"https:\/\/monti.lt\/wp-content\/uploads\/2024\/09\/Mini-HD-2-0-digital-video-camera-148030.jpg","width":1024,"height":1024,"caption":"fotoaparatas"},{"@type":"BreadcrumbList","@id":"https:\/\/monti.lt\/product\/mini-fotoaparatas-2\/#breadcrumb","itemListElement":[{"@type":"ListItem","position":1,"name":"Home","item":"https:\/\/monti.lt\/"},{"@type":"ListItem","position":2,"name":"Parduotuv\u0117","item":"https:\/\/monti.lt\/shop\/"},{"@type":"ListItem","position":3,"name":"Mini fotoaparatas"}]},{"@type":"WebSite","@id":"https:\/\/monti.lt\/#website","url":"https:\/\/monti.lt\/","name":"Montessori \u017eaislai","description":"","publisher":{"@id":"https:\/\/monti.lt\/#organization"},"potentialAction":[{"@type":"SearchAction","target":{"@type":"EntryPoint","urlTemplate":"https:\/\/monti.lt\/?s={search_term_string}"},"query-input":"required name=search_term_string"}],"inLanguage":"en-US"},{"@type":"Organization","@id":"https:\/\/monti.lt\/#organization","name":"Montessori \u017eaislai","url":"https:\/\/monti.lt\/","logo":{"@type":"ImageObject","inLanguage":"en-US","@id":"https:\/\/monti.lt\/#\/schema\/logo\/image\/","url":"https:\/\/monti.lt\/wp-content\/uploads\/2022\/03\/montilogo-1.png","contentUrl":"https:\/\/monti.lt\/wp-content\/uploads\/2022\/03\/montilogo-1.png","width":512,"height":512,"caption":"Montessori \u017eaislai"},"image":{"@id":"https:\/\/monti.lt\/#\/schema\/logo\/image\/"}}]}},"_links":{"self":[{"href":"https:\/\/monti.lt\/en\/wp-json\/wp\/v2\/product\/24910"}],"collection":[{"href":"https:\/\/monti.lt\/en\/wp-json\/wp\/v2\/product"}],"about":[{"href":"https:\/\/monti.lt\/en\/wp-json\/wp\/v2\/types\/product"}],"version-history":[{"count":2,"href":"https:\/\/monti.lt\/en\/wp-json\/wp\/v2\/product\/24910\/revisions"}],"predecessor-version":[{"id":24920,"href":"https:\/\/monti.lt\/en\/wp-json\/wp\/v2\/product\/24910\/revisions\/24920"}],"wp:featuredmedia":[{"embeddable":true,"href":"https:\/\/monti.lt\/en\/wp-json\/wp\/v2\/media\/24912"}],"wp:attachment":[{"href":"https:\/\/monti.lt\/en\/wp-json\/wp\/v2\/media?parent=24910"}],"wp:term":[{"taxonomy":"product_cat","embeddable":true,"href":"https:\/\/monti.lt\/en\/wp-json\/wp\/v2\/product_cat?post=24910"},{"taxonomy":"product_tag","embeddable":true,"href":"https:\/\/monti.lt\/en\/wp-json\/wp\/v2\/product_tag?post=24910"}],"curies":[{"name":"wp","href":"https:\/\/api.w.org\/{rel}","templated":true}]}}