{"id":24921,"date":"2024-09-16T10:12:31","date_gmt":"2024-09-16T10:12:31","guid":{"rendered":"https:\/\/monti.lt\/?post_type=product&#038;p=24921"},"modified":"2025-12-14T05:18:19","modified_gmt":"2025-12-14T05:18:19","slug":"3d-svieciantis-magnetinis-konstruktorius-124-el","status":"publish","type":"product","link":"https:\/\/monti.lt\/en\/product\/3d-svieciantis-magnetinis-konstruktorius-124-el\/","title":{"rendered":"3D \u0161vie\u010diantis magnetinis konstruktorius 124 el."},"content":{"rendered":"","protected":false},"excerpt":{"rendered":"","protected":false},"featured_media":26114,"template":"","meta":{"_acf_changed":false,"iawp_total_views":369},"product_cat":[195,216,191,84,202,39],"product_tag":[96,97,98],"class_list":{"0":"post-24921","1":"product","2":"type-product","3":"status-publish","4":"has-post-thumbnail","6":"product_cat-dovanos-vaikams-3-4-metu","7":"product_cat-dovanos-4-5-metu-vaikams","8":"product_cat-dovanos-vaikams","9":"product_cat-lavinamieji-zaislai","10":"product_cat-vaaikiski-konstruktoriai","11":"product_cat-zaislai","12":"product_tag-2-m-3-m","13":"product_tag-3-m-4-m","14":"product_tag-5-m-7-m","16":"first","17":"outofstock","18":"taxable","19":"shipping-taxable","20":"purchasable","21":"product-type-simple"},"acf":[],"yoast_head":"<!-- This site is optimized with the Yoast SEO plugin v23.3 - https:\/\/yoast.com\/wordpress\/plugins\/seo\/ -->\n<title>3D \u0161vie\u010diantis magnetinis konstruktorius 124 el. - Montessori \u017eaislai<\/title>\n<meta name=\"robots\" content=\"index, follow, max-snippet:-1, max-image-preview:large, max-video-preview:-1\" \/>\n<link rel=\"canonical\" href=\"https:\/\/monti.lt\/en\/product\/3d-svieciantis-magnetinis-konstruktorius-124-el\/\" \/>\n<meta property=\"og:locale\" content=\"en_US\" \/>\n<meta property=\"og:type\" content=\"article\" \/>\n<meta property=\"og:title\" content=\"3D \u0161vie\u010diantis magnetinis konstruktorius 124 el. - Montessori \u017eaislai\" \/>\n<meta property=\"og:url\" content=\"https:\/\/monti.lt\/en\/product\/3d-svieciantis-magnetinis-konstruktorius-124-el\/\" \/>\n<meta property=\"og:site_name\" content=\"Montessori \u017eaislai\" \/>\n<meta property=\"article:modified_time\" content=\"2025-12-14T05:18:19+00:00\" \/>\n<meta property=\"og:image\" content=\"https:\/\/monti.lt\/wp-content\/uploads\/2024\/09\/3D-magnetic-construction-blocks-luminous-animal-park-124-el-161177.jpg\" \/>\n\t<meta property=\"og:image:width\" content=\"1024\" \/>\n\t<meta property=\"og:image:height\" content=\"1024\" \/>\n\t<meta property=\"og:image:type\" content=\"image\/jpeg\" \/>\n<meta name=\"twitter:card\" content=\"summary_large_image\" \/>\n<meta name=\"twitter:label1\" content=\"Est. reading time\" \/>\n\t<meta name=\"twitter:data1\" content=\"1 minute\" \/>\n<script type=\"application\/ld+json\" class=\"yoast-schema-graph\">{\"@context\":\"https:\/\/schema.org\",\"@graph\":[{\"@type\":\"WebPage\",\"@id\":\"https:\/\/monti.lt\/product\/3d-svieciantis-magnetinis-konstruktorius-124-el\/\",\"url\":\"https:\/\/monti.lt\/product\/3d-svieciantis-magnetinis-konstruktorius-124-el\/\",\"name\":\"3D \u0161vie\u010diantis magnetinis konstruktorius 124 el. - Montessori \u017eaislai\",\"isPartOf\":{\"@id\":\"https:\/\/monti.lt\/#website\"},\"primaryImageOfPage\":{\"@id\":\"https:\/\/monti.lt\/product\/3d-svieciantis-magnetinis-konstruktorius-124-el\/#primaryimage\"},\"image\":{\"@id\":\"https:\/\/monti.lt\/product\/3d-svieciantis-magnetinis-konstruktorius-124-el\/#primaryimage\"},\"thumbnailUrl\":\"https:\/\/monti.lt\/wp-content\/uploads\/2024\/09\/3D-magnetic-construction-blocks-luminous-animal-park-124-el-161177.jpg\",\"datePublished\":\"2024-09-16T10:12:31+00:00\",\"dateModified\":\"2025-12-14T05:18:19+00:00\",\"breadcrumb\":{\"@id\":\"https:\/\/monti.lt\/product\/3d-svieciantis-magnetinis-konstruktorius-124-el\/#breadcrumb\"},\"inLanguage\":\"en-US\",\"potentialAction\":[{\"@type\":\"ReadAction\",\"target\":[\"https:\/\/monti.lt\/product\/3d-svieciantis-magnetinis-konstruktorius-124-el\/\"]}]},{\"@type\":\"ImageObject\",\"inLanguage\":\"en-US\",\"@id\":\"https:\/\/monti.lt\/product\/3d-svieciantis-magnetinis-konstruktorius-124-el\/#primaryimage\",\"url\":\"https:\/\/monti.lt\/wp-content\/uploads\/2024\/09\/3D-magnetic-construction-blocks-luminous-animal-park-124-el-161177.jpg\",\"contentUrl\":\"https:\/\/monti.lt\/wp-content\/uploads\/2024\/09\/3D-magnetic-construction-blocks-luminous-animal-park-124-el-161177.jpg\",\"width\":1024,\"height\":1024},{\"@type\":\"BreadcrumbList\",\"@id\":\"https:\/\/monti.lt\/product\/3d-svieciantis-magnetinis-konstruktorius-124-el\/#breadcrumb\",\"itemListElement\":[{\"@type\":\"ListItem\",\"position\":1,\"name\":\"Home\",\"item\":\"https:\/\/monti.lt\/\"},{\"@type\":\"ListItem\",\"position\":2,\"name\":\"Parduotuv\u0117\",\"item\":\"https:\/\/monti.lt\/shop\/\"},{\"@type\":\"ListItem\",\"position\":3,\"name\":\"3D \u0161vie\u010diantis magnetinis konstruktorius 124 el.\"}]},{\"@type\":\"WebSite\",\"@id\":\"https:\/\/monti.lt\/#website\",\"url\":\"https:\/\/monti.lt\/\",\"name\":\"Montessori \u017eaislai\",\"description\":\"\",\"publisher\":{\"@id\":\"https:\/\/monti.lt\/#organization\"},\"potentialAction\":[{\"@type\":\"SearchAction\",\"target\":{\"@type\":\"EntryPoint\",\"urlTemplate\":\"https:\/\/monti.lt\/?s={search_term_string}\"},\"query-input\":\"required name=search_term_string\"}],\"inLanguage\":\"en-US\"},{\"@type\":\"Organization\",\"@id\":\"https:\/\/monti.lt\/#organization\",\"name\":\"Montessori \u017eaislai\",\"url\":\"https:\/\/monti.lt\/\",\"logo\":{\"@type\":\"ImageObject\",\"inLanguage\":\"en-US\",\"@id\":\"https:\/\/monti.lt\/#\/schema\/logo\/image\/\",\"url\":\"https:\/\/monti.lt\/wp-content\/uploads\/2022\/03\/montilogo-1.png\",\"contentUrl\":\"https:\/\/monti.lt\/wp-content\/uploads\/2022\/03\/montilogo-1.png\",\"width\":512,\"height\":512,\"caption\":\"Montessori \u017eaislai\"},\"image\":{\"@id\":\"https:\/\/monti.lt\/#\/schema\/logo\/image\/\"}}]}<\/script>\n<!-- \/ Yoast SEO plugin. -->","yoast_head_json":{"title":"3D \u0161vie\u010diantis magnetinis konstruktorius 124 el. - Montessori \u017eaislai","robots":{"index":"index","follow":"follow","max-snippet":"max-snippet:-1","max-image-preview":"max-image-preview:large","max-video-preview":"max-video-preview:-1"},"canonical":"https:\/\/monti.lt\/en\/product\/3d-svieciantis-magnetinis-konstruktorius-124-el\/","og_locale":"en_US","og_type":"article","og_title":"3D \u0161vie\u010diantis magnetinis konstruktorius 124 el. - Montessori \u017eaislai","og_url":"https:\/\/monti.lt\/en\/product\/3d-svieciantis-magnetinis-konstruktorius-124-el\/","og_site_name":"Montessori \u017eaislai","article_modified_time":"2025-12-14T05:18:19+00:00","og_image":[{"width":1024,"height":1024,"url":"https:\/\/monti.lt\/wp-content\/uploads\/2024\/09\/3D-magnetic-construction-blocks-luminous-animal-park-124-el-161177.jpg","type":"image\/jpeg"}],"twitter_card":"summary_large_image","twitter_misc":{"Est. reading time":"1 minute"},"schema":{"@context":"https:\/\/schema.org","@graph":[{"@type":"WebPage","@id":"https:\/\/monti.lt\/product\/3d-svieciantis-magnetinis-konstruktorius-124-el\/","url":"https:\/\/monti.lt\/product\/3d-svieciantis-magnetinis-konstruktorius-124-el\/","name":"3D \u0161vie\u010diantis magnetinis konstruktorius 124 el. - Montessori \u017eaislai","isPartOf":{"@id":"https:\/\/monti.lt\/#website"},"primaryImageOfPage":{"@id":"https:\/\/monti.lt\/product\/3d-svieciantis-magnetinis-konstruktorius-124-el\/#primaryimage"},"image":{"@id":"https:\/\/monti.lt\/product\/3d-svieciantis-magnetinis-konstruktorius-124-el\/#primaryimage"},"thumbnailUrl":"https:\/\/monti.lt\/wp-content\/uploads\/2024\/09\/3D-magnetic-construction-blocks-luminous-animal-park-124-el-161177.jpg","datePublished":"2024-09-16T10:12:31+00:00","dateModified":"2025-12-14T05:18:19+00:00","breadcrumb":{"@id":"https:\/\/monti.lt\/product\/3d-svieciantis-magnetinis-konstruktorius-124-el\/#breadcrumb"},"inLanguage":"en-US","potentialAction":[{"@type":"ReadAction","target":["https:\/\/monti.lt\/product\/3d-svieciantis-magnetinis-konstruktorius-124-el\/"]}]},{"@type":"ImageObject","inLanguage":"en-US","@id":"https:\/\/monti.lt\/product\/3d-svieciantis-magnetinis-konstruktorius-124-el\/#primaryimage","url":"https:\/\/monti.lt\/wp-content\/uploads\/2024\/09\/3D-magnetic-construction-blocks-luminous-animal-park-124-el-161177.jpg","contentUrl":"https:\/\/monti.lt\/wp-content\/uploads\/2024\/09\/3D-magnetic-construction-blocks-luminous-animal-park-124-el-161177.jpg","width":1024,"height":1024},{"@type":"BreadcrumbList","@id":"https:\/\/monti.lt\/product\/3d-svieciantis-magnetinis-konstruktorius-124-el\/#breadcrumb","itemListElement":[{"@type":"ListItem","position":1,"name":"Home","item":"https:\/\/monti.lt\/"},{"@type":"ListItem","position":2,"name":"Parduotuv\u0117","item":"https:\/\/monti.lt\/shop\/"},{"@type":"ListItem","position":3,"name":"3D \u0161vie\u010diantis magnetinis konstruktorius 124 el."}]},{"@type":"WebSite","@id":"https:\/\/monti.lt\/#website","url":"https:\/\/monti.lt\/","name":"Montessori \u017eaislai","description":"","publisher":{"@id":"https:\/\/monti.lt\/#organization"},"potentialAction":[{"@type":"SearchAction","target":{"@type":"EntryPoint","urlTemplate":"https:\/\/monti.lt\/?s={search_term_string}"},"query-input":"required name=search_term_string"}],"inLanguage":"en-US"},{"@type":"Organization","@id":"https:\/\/monti.lt\/#organization","name":"Montessori \u017eaislai","url":"https:\/\/monti.lt\/","logo":{"@type":"ImageObject","inLanguage":"en-US","@id":"https:\/\/monti.lt\/#\/schema\/logo\/image\/","url":"https:\/\/monti.lt\/wp-content\/uploads\/2022\/03\/montilogo-1.png","contentUrl":"https:\/\/monti.lt\/wp-content\/uploads\/2022\/03\/montilogo-1.png","width":512,"height":512,"caption":"Montessori \u017eaislai"},"image":{"@id":"https:\/\/monti.lt\/#\/schema\/logo\/image\/"}}]}},"_links":{"self":[{"href":"https:\/\/monti.lt\/en\/wp-json\/wp\/v2\/product\/24921"}],"collection":[{"href":"https:\/\/monti.lt\/en\/wp-json\/wp\/v2\/product"}],"about":[{"href":"https:\/\/monti.lt\/en\/wp-json\/wp\/v2\/types\/product"}],"version-history":[{"count":1,"href":"https:\/\/monti.lt\/en\/wp-json\/wp\/v2\/product\/24921\/revisions"}],"predecessor-version":[{"id":24926,"href":"https:\/\/monti.lt\/en\/wp-json\/wp\/v2\/product\/24921\/revisions\/24926"}],"wp:featuredmedia":[{"embeddable":true,"href":"https:\/\/monti.lt\/en\/wp-json\/wp\/v2\/media\/26114"}],"wp:attachment":[{"href":"https:\/\/monti.lt\/en\/wp-json\/wp\/v2\/media?parent=24921"}],"wp:term":[{"taxonomy":"product_cat","embeddable":true,"href":"https:\/\/monti.lt\/en\/wp-json\/wp\/v2\/product_cat?post=24921"},{"taxonomy":"product_tag","embeddable":true,"href":"https:\/\/monti.lt\/en\/wp-json\/wp\/v2\/product_tag?post=24921"}],"curies":[{"name":"wp","href":"https:\/\/api.w.org\/{rel}","templated":true}]}}