{"id":24943,"date":"2024-09-16T10:31:36","date_gmt":"2024-09-16T10:31:36","guid":{"rendered":"https:\/\/monti.lt\/?post_type=product&#038;p=24943"},"modified":"2026-03-20T09:02:43","modified_gmt":"2026-03-20T09:02:43","slug":"kurybinis-rinkinys-vienaragis","status":"publish","type":"product","link":"https:\/\/monti.lt\/en\/product\/kurybinis-rinkinys-vienaragis\/","title":{"rendered":"K\u016brybinis rinkinys vienaragis"},"content":{"rendered":"<p>Kristal\u0173 auginimo rinkinys yra puiki \u017eaislas vaikams, kurie domisi pasauliu. Jis leid\u017eia vaikams patiems auginti kristalus ant gipso vienaragio. Rinkinyje yra visi auginimui reikalingi priedai ir trys da\u017eai, skirti pagamintiems kristalams papuo\u0161ti. \u017daislas ugdo k\u016brybi\u0161kum\u0105 ir skatina smalsum\u0105, skatindamas vaikus atrasti mokslo paslaptis.<\/p>\n\n\n\n<p>Techniniai duomenys:<\/p>\n\n\n\n<p>Am\u017eius: 8+<br>Med\u017eiaga: gipsas<br>Gipso formos matmenys: 9,5 cm x 8 cm x 4,5 cm<br>Pakuot\u0117s matmenys: 10,5 cm x 12 cm x 10 cm<br>Rinkinio sud\u0117tis:<\/p>\n\n\n\n<p>Gipso forma<br>Kristalizuotas sm\u0117lis x2<br>Da\u017e\u0173 forma<br>500 ml matavimo puodelis<br>Lazdel\u0117<br>Teptukas<br>Da\u017eai x3<\/p>\n\n\n\n<p>Kristal\u0173 auginimo rinkinys yra saugus \u017eaislas, sertifikuotas CE.<\/p>\n\n\n\n<p>Produktas supakuotas kartonin\u0117je d\u0117\u017eut\u0117je.<\/p>","protected":false},"excerpt":{"rendered":"<p>Kristal\u0173 auginimo rinkinys yra puiki \u017eaislas vaikams, kurie domisi pasauliu. Jis leid\u017eia vaikams patiems auginti kristalus ant gipso vienaragio. Rinkinyje yra visi auginimui reikalingi priedai ir trys da\u017eai, skirti pagamintiems kristalams papuo\u0161ti. \u017daislas ugdo k\u016brybi\u0161kum\u0105 ir skatina smalsum\u0105, skatindamas vaikus atrasti mokslo paslaptis. Techniniai duomenys: Am\u017eius: 8+Med\u017eiaga: gipsasGipso formos matmenys: 9,5 cm x 8 cm [&hellip;]<\/p>","protected":false},"featured_media":26077,"template":"","meta":{"_acf_changed":false,"iawp_total_views":365},"product_cat":[218,196,191,87,50,49,39],"product_tag":[98,99],"class_list":{"0":"post-24943","1":"product","2":"type-product","3":"status-publish","4":"has-post-thumbnail","6":"product_cat-darzeliu-grupems","7":"product_cat-dovanos-mergaitems","8":"product_cat-dovanos-vaikams","9":"product_cat-kurybiniai-rinkiniai","10":"product_cat-top-dovanos","11":"product_cat-visi-zaislai","12":"product_cat-zaislai","13":"product_tag-5-m-7-m","14":"product_tag-8-m-11-m","16":"first","17":"instock","18":"taxable","19":"shipping-taxable","20":"purchasable","21":"product-type-simple"},"acf":[],"yoast_head":"<!-- This site is optimized with the Yoast SEO plugin v23.3 - https:\/\/yoast.com\/wordpress\/plugins\/seo\/ -->\n<title>K\u016brybinis rinkinys vienaragis - Montessori \u017eaislai<\/title>\n<meta name=\"robots\" content=\"index, follow, max-snippet:-1, max-image-preview:large, max-video-preview:-1\" \/>\n<link rel=\"canonical\" href=\"https:\/\/monti.lt\/en\/product\/kurybinis-rinkinys-vienaragis\/\" \/>\n<meta property=\"og:locale\" content=\"en_US\" \/>\n<meta property=\"og:type\" content=\"article\" \/>\n<meta property=\"og:title\" content=\"K\u016brybinis rinkinys vienaragis - Montessori \u017eaislai\" \/>\n<meta property=\"og:description\" content=\"Kristal\u0173 auginimo rinkinys yra puiki \u017eaislas vaikams, kurie domisi pasauliu. Jis leid\u017eia vaikams patiems auginti kristalus ant gipso vienaragio. Rinkinyje yra visi auginimui reikalingi priedai ir trys da\u017eai, skirti pagamintiems kristalams papuo\u0161ti. \u017daislas ugdo k\u016brybi\u0161kum\u0105 ir skatina smalsum\u0105, skatindamas vaikus atrasti mokslo paslaptis. Techniniai duomenys: Am\u017eius: 8+Med\u017eiaga: gipsasGipso formos matmenys: 9,5 cm x 8 cm [&hellip;]\" \/>\n<meta property=\"og:url\" content=\"https:\/\/monti.lt\/en\/product\/kurybinis-rinkinys-vienaragis\/\" \/>\n<meta property=\"og:site_name\" content=\"Montessori \u017eaislai\" \/>\n<meta property=\"article:modified_time\" content=\"2026-03-20T09:02:43+00:00\" \/>\n<meta property=\"og:image\" content=\"https:\/\/monti.lt\/wp-content\/uploads\/2024\/09\/Unicorn-plaster-crystal-growing-kit-160528.jpg\" \/>\n\t<meta property=\"og:image:width\" content=\"1024\" \/>\n\t<meta property=\"og:image:height\" content=\"1024\" \/>\n\t<meta property=\"og:image:type\" content=\"image\/jpeg\" \/>\n<meta name=\"twitter:card\" content=\"summary_large_image\" \/>\n<meta name=\"twitter:label1\" content=\"Est. reading time\" \/>\n\t<meta name=\"twitter:data1\" content=\"1 minute\" \/>\n<script type=\"application\/ld+json\" class=\"yoast-schema-graph\">{\"@context\":\"https:\/\/schema.org\",\"@graph\":[{\"@type\":\"WebPage\",\"@id\":\"https:\/\/monti.lt\/product\/kurybinis-rinkinys-vienaragis\/\",\"url\":\"https:\/\/monti.lt\/product\/kurybinis-rinkinys-vienaragis\/\",\"name\":\"K\u016brybinis rinkinys vienaragis - Montessori \u017eaislai\",\"isPartOf\":{\"@id\":\"https:\/\/monti.lt\/#website\"},\"primaryImageOfPage\":{\"@id\":\"https:\/\/monti.lt\/product\/kurybinis-rinkinys-vienaragis\/#primaryimage\"},\"image\":{\"@id\":\"https:\/\/monti.lt\/product\/kurybinis-rinkinys-vienaragis\/#primaryimage\"},\"thumbnailUrl\":\"https:\/\/monti.lt\/wp-content\/uploads\/2024\/09\/Unicorn-plaster-crystal-growing-kit-160528.jpg\",\"datePublished\":\"2024-09-16T10:31:36+00:00\",\"dateModified\":\"2026-03-20T09:02:43+00:00\",\"breadcrumb\":{\"@id\":\"https:\/\/monti.lt\/product\/kurybinis-rinkinys-vienaragis\/#breadcrumb\"},\"inLanguage\":\"en-US\",\"potentialAction\":[{\"@type\":\"ReadAction\",\"target\":[\"https:\/\/monti.lt\/product\/kurybinis-rinkinys-vienaragis\/\"]}]},{\"@type\":\"ImageObject\",\"inLanguage\":\"en-US\",\"@id\":\"https:\/\/monti.lt\/product\/kurybinis-rinkinys-vienaragis\/#primaryimage\",\"url\":\"https:\/\/monti.lt\/wp-content\/uploads\/2024\/09\/Unicorn-plaster-crystal-growing-kit-160528.jpg\",\"contentUrl\":\"https:\/\/monti.lt\/wp-content\/uploads\/2024\/09\/Unicorn-plaster-crystal-growing-kit-160528.jpg\",\"width\":1024,\"height\":1024,\"caption\":\"kristalu auginimas\"},{\"@type\":\"BreadcrumbList\",\"@id\":\"https:\/\/monti.lt\/product\/kurybinis-rinkinys-vienaragis\/#breadcrumb\",\"itemListElement\":[{\"@type\":\"ListItem\",\"position\":1,\"name\":\"Home\",\"item\":\"https:\/\/monti.lt\/\"},{\"@type\":\"ListItem\",\"position\":2,\"name\":\"Parduotuv\u0117\",\"item\":\"https:\/\/monti.lt\/shop\/\"},{\"@type\":\"ListItem\",\"position\":3,\"name\":\"K\u016brybinis rinkinys vienaragis\"}]},{\"@type\":\"WebSite\",\"@id\":\"https:\/\/monti.lt\/#website\",\"url\":\"https:\/\/monti.lt\/\",\"name\":\"Montessori \u017eaislai\",\"description\":\"\",\"publisher\":{\"@id\":\"https:\/\/monti.lt\/#organization\"},\"potentialAction\":[{\"@type\":\"SearchAction\",\"target\":{\"@type\":\"EntryPoint\",\"urlTemplate\":\"https:\/\/monti.lt\/?s={search_term_string}\"},\"query-input\":\"required name=search_term_string\"}],\"inLanguage\":\"en-US\"},{\"@type\":\"Organization\",\"@id\":\"https:\/\/monti.lt\/#organization\",\"name\":\"Montessori \u017eaislai\",\"url\":\"https:\/\/monti.lt\/\",\"logo\":{\"@type\":\"ImageObject\",\"inLanguage\":\"en-US\",\"@id\":\"https:\/\/monti.lt\/#\/schema\/logo\/image\/\",\"url\":\"https:\/\/monti.lt\/wp-content\/uploads\/2022\/03\/montilogo-1.png\",\"contentUrl\":\"https:\/\/monti.lt\/wp-content\/uploads\/2022\/03\/montilogo-1.png\",\"width\":512,\"height\":512,\"caption\":\"Montessori \u017eaislai\"},\"image\":{\"@id\":\"https:\/\/monti.lt\/#\/schema\/logo\/image\/\"}}]}<\/script>\n<!-- \/ Yoast SEO plugin. -->","yoast_head_json":{"title":"K\u016brybinis rinkinys vienaragis - Montessori \u017eaislai","robots":{"index":"index","follow":"follow","max-snippet":"max-snippet:-1","max-image-preview":"max-image-preview:large","max-video-preview":"max-video-preview:-1"},"canonical":"https:\/\/monti.lt\/en\/product\/kurybinis-rinkinys-vienaragis\/","og_locale":"en_US","og_type":"article","og_title":"K\u016brybinis rinkinys vienaragis - Montessori \u017eaislai","og_description":"Kristal\u0173 auginimo rinkinys yra puiki \u017eaislas vaikams, kurie domisi pasauliu. Jis leid\u017eia vaikams patiems auginti kristalus ant gipso vienaragio. Rinkinyje yra visi auginimui reikalingi priedai ir trys da\u017eai, skirti pagamintiems kristalams papuo\u0161ti. \u017daislas ugdo k\u016brybi\u0161kum\u0105 ir skatina smalsum\u0105, skatindamas vaikus atrasti mokslo paslaptis. Techniniai duomenys: Am\u017eius: 8+Med\u017eiaga: gipsasGipso formos matmenys: 9,5 cm x 8 cm [&hellip;]","og_url":"https:\/\/monti.lt\/en\/product\/kurybinis-rinkinys-vienaragis\/","og_site_name":"Montessori \u017eaislai","article_modified_time":"2026-03-20T09:02:43+00:00","og_image":[{"width":1024,"height":1024,"url":"https:\/\/monti.lt\/wp-content\/uploads\/2024\/09\/Unicorn-plaster-crystal-growing-kit-160528.jpg","type":"image\/jpeg"}],"twitter_card":"summary_large_image","twitter_misc":{"Est. reading time":"1 minute"},"schema":{"@context":"https:\/\/schema.org","@graph":[{"@type":"WebPage","@id":"https:\/\/monti.lt\/product\/kurybinis-rinkinys-vienaragis\/","url":"https:\/\/monti.lt\/product\/kurybinis-rinkinys-vienaragis\/","name":"K\u016brybinis rinkinys vienaragis - Montessori \u017eaislai","isPartOf":{"@id":"https:\/\/monti.lt\/#website"},"primaryImageOfPage":{"@id":"https:\/\/monti.lt\/product\/kurybinis-rinkinys-vienaragis\/#primaryimage"},"image":{"@id":"https:\/\/monti.lt\/product\/kurybinis-rinkinys-vienaragis\/#primaryimage"},"thumbnailUrl":"https:\/\/monti.lt\/wp-content\/uploads\/2024\/09\/Unicorn-plaster-crystal-growing-kit-160528.jpg","datePublished":"2024-09-16T10:31:36+00:00","dateModified":"2026-03-20T09:02:43+00:00","breadcrumb":{"@id":"https:\/\/monti.lt\/product\/kurybinis-rinkinys-vienaragis\/#breadcrumb"},"inLanguage":"en-US","potentialAction":[{"@type":"ReadAction","target":["https:\/\/monti.lt\/product\/kurybinis-rinkinys-vienaragis\/"]}]},{"@type":"ImageObject","inLanguage":"en-US","@id":"https:\/\/monti.lt\/product\/kurybinis-rinkinys-vienaragis\/#primaryimage","url":"https:\/\/monti.lt\/wp-content\/uploads\/2024\/09\/Unicorn-plaster-crystal-growing-kit-160528.jpg","contentUrl":"https:\/\/monti.lt\/wp-content\/uploads\/2024\/09\/Unicorn-plaster-crystal-growing-kit-160528.jpg","width":1024,"height":1024,"caption":"kristalu auginimas"},{"@type":"BreadcrumbList","@id":"https:\/\/monti.lt\/product\/kurybinis-rinkinys-vienaragis\/#breadcrumb","itemListElement":[{"@type":"ListItem","position":1,"name":"Home","item":"https:\/\/monti.lt\/"},{"@type":"ListItem","position":2,"name":"Parduotuv\u0117","item":"https:\/\/monti.lt\/shop\/"},{"@type":"ListItem","position":3,"name":"K\u016brybinis rinkinys vienaragis"}]},{"@type":"WebSite","@id":"https:\/\/monti.lt\/#website","url":"https:\/\/monti.lt\/","name":"Montessori \u017eaislai","description":"","publisher":{"@id":"https:\/\/monti.lt\/#organization"},"potentialAction":[{"@type":"SearchAction","target":{"@type":"EntryPoint","urlTemplate":"https:\/\/monti.lt\/?s={search_term_string}"},"query-input":"required name=search_term_string"}],"inLanguage":"en-US"},{"@type":"Organization","@id":"https:\/\/monti.lt\/#organization","name":"Montessori \u017eaislai","url":"https:\/\/monti.lt\/","logo":{"@type":"ImageObject","inLanguage":"en-US","@id":"https:\/\/monti.lt\/#\/schema\/logo\/image\/","url":"https:\/\/monti.lt\/wp-content\/uploads\/2022\/03\/montilogo-1.png","contentUrl":"https:\/\/monti.lt\/wp-content\/uploads\/2022\/03\/montilogo-1.png","width":512,"height":512,"caption":"Montessori \u017eaislai"},"image":{"@id":"https:\/\/monti.lt\/#\/schema\/logo\/image\/"}}]}},"_links":{"self":[{"href":"https:\/\/monti.lt\/en\/wp-json\/wp\/v2\/product\/24943"}],"collection":[{"href":"https:\/\/monti.lt\/en\/wp-json\/wp\/v2\/product"}],"about":[{"href":"https:\/\/monti.lt\/en\/wp-json\/wp\/v2\/types\/product"}],"version-history":[{"count":2,"href":"https:\/\/monti.lt\/en\/wp-json\/wp\/v2\/product\/24943\/revisions"}],"predecessor-version":[{"id":35846,"href":"https:\/\/monti.lt\/en\/wp-json\/wp\/v2\/product\/24943\/revisions\/35846"}],"wp:featuredmedia":[{"embeddable":true,"href":"https:\/\/monti.lt\/en\/wp-json\/wp\/v2\/media\/26077"}],"wp:attachment":[{"href":"https:\/\/monti.lt\/en\/wp-json\/wp\/v2\/media?parent=24943"}],"wp:term":[{"taxonomy":"product_cat","embeddable":true,"href":"https:\/\/monti.lt\/en\/wp-json\/wp\/v2\/product_cat?post=24943"},{"taxonomy":"product_tag","embeddable":true,"href":"https:\/\/monti.lt\/en\/wp-json\/wp\/v2\/product_tag?post=24943"}],"curies":[{"name":"wp","href":"https:\/\/api.w.org\/{rel}","templated":true}]}}