{"id":25399,"date":"2024-10-01T08:22:33","date_gmt":"2024-10-01T08:22:33","guid":{"rendered":"https:\/\/monti.lt\/?post_type=product&#038;p=25399"},"modified":"2026-04-07T18:01:33","modified_gmt":"2026-04-07T18:01:33","slug":"medine-virtuvele-su-kavos-aparatu","status":"publish","type":"product","link":"https:\/\/monti.lt\/en\/product\/medine-virtuvele-su-kavos-aparatu\/","title":{"rendered":"Medin\u0117 virtuv\u0117l\u0117 su kavos aparatu"},"content":{"rendered":"<p>MEDIN\u0116S VIRTUV\u0116S MDF LULILO SALIKO SU EXPRESS<\/p>\n\n\n\n<p>Ne visiems \u017einoma, kad vaikai m\u0117gsta m\u0117gd\u017eioti savo t\u0117vus, net ir tada, kai kalbama apie ma\u017eiau malonius darbus, pavyzd\u017eiui, valym\u0105 ir maisto gaminim\u0105. Toks pavyzdys kitiems padeda vaikams jaustis bendruomen\u0117s dalimi ir moko daugelio verting\u0173 \u012fg\u016bd\u017ei\u0173 bei to, kokia svarbi tokia veikla yra kasdieniniame gyvenime.<\/p>\n\n\n\n<p>VIRTUV\u0116 VAIKAMS &#8211; \u017dAISLAS, KURIS I\u0160MOKYS B\u016aSIM\u0104 VIR\u0116J\u0104<\/p>\n\n\n\n<p>\u012esp\u016bdinga vaik\u0173 virtuv\u0117 bus puikus \u017eaislas, kuris leis ma\u017eyliams pasijusti bent \u0161iek tiek pana\u0161iems \u012f suaugusiuosius tikroje virtuv\u0117je. Toks \u017eaislas taip pat yra puiki dingstis supa\u017eindinti vaik\u0105 su nam\u0173 ruo\u0161os darbais.<\/p>\n\n\n\n<p>Maisto gaminimas i\u0161 \u017eaislin\u0117s virtuv\u0117l\u0117s skatina vaizduot\u0119, k\u016brybin\u012f m\u0105stym\u0105 ir nuostabiai lavina rank\u0173 darbo \u012fg\u016bd\u017eius &#8211; juk paruo\u0161ti skanius patiekalus ne visada taip paprasta.<\/p>\n\n\n\n<p>\u017daidimas gaminant maist\u0105 taip pat gali b\u016bti puikus b\u016bdas i\u0161mokti saugiai elgtis virtuv\u0117je &#8211; saugiai naudotis degikliais ar i\u0161mokti naudotis mikrobang\u0173 krosnele.<\/p>\n\n\n\n<p>BALTA MEDIN\u0116 VIRTUV\u0116 VAIKAMS &#8211; ESTETIKA IR FUNKCIONALUMAS<\/p>\n\n\n\n<p>\u012edomus dizainas ir prislopintos spalvos, tod\u0117l virtuv\u0117 tiks bet kuriame vaik\u0173 kambaryje. Ji taip pat taps gra\u017eia puo\u0161mena, kai laikinai nebus naudojama!<\/p>\n\n\n\n<p>Ry\u0161kios spalvos ir daugyb\u0117 medini\u0173 virtuv\u0117s pried\u0173 patrauks bet kurio vaiko d\u0117mes\u012f. Visas rinkinys tikrai pavogs ma\u017eyli\u0173 \u0161irdis ir suteiks daugyb\u0119 nesibaigian\u010di\u0173 linksmybi\u0173!<\/p>\n\n\n\n<p>Funkcijos, kurias atlieka virtuv\u0117l\u0117:<\/p>\n\n\n\n<p>Laikrodis<br>Mikrobang\u0173 krosnel\u0117<br>Kavos aparatas<br>Skalbimo ma\u0161ina<br>Orkait\u0117<br>Mai\u0161ytuvas<br>Maisto gaminimo plok\u0161t\u0117<br>MEDINIAI \u017dAISLAI &#8211; S\u0104MONINGAS IR EKOLOGI\u0160KAS PASIRINKIMAS<\/p>\n\n\n\n<p>Mediniai \u017eaislai &#8211; tai pasirinkimas t\u0117vams, kurie ne tik teikia pramog\u0105 ma\u017eyliams, bet ir r\u016bpinasi m\u016bs\u0173 planetos gerove. Pagaminti i\u0161 nat\u016brali\u0173 med\u017eiag\u0173, saug\u016bs ir ilgaam\u017eiai, jie s\u0117kmingai tarnaus ne vienai vaik\u0173 kartai.<\/p>\n\n\n\n<p>Didel\u0117 virtuv\u0117l\u0117 pagaminta kruop\u0161\u010diai ir su d\u0117mesiu detal\u0117ms. O dauguma element\u0173 buvo pagaminti i\u0161 med\u017eio. Be to, visa tai buvo kruop\u0161\u010diai nu\u0161lifuota ir padengta netoksi\u0161kais da\u017eais &#8211; visa tai d\u0117l vaik\u0173 saugumo.<\/p>","protected":false},"excerpt":{"rendered":"<p>MEDIN\u0116S VIRTUV\u0116S MDF LULILO SALIKO SU EXPRESS Ne visiems \u017einoma, kad vaikai m\u0117gsta m\u0117gd\u017eioti savo t\u0117vus, net ir tada, kai kalbama apie ma\u017eiau malonius darbus, pavyzd\u017eiui, valym\u0105 ir maisto gaminim\u0105. Toks pavyzdys kitiems padeda vaikams jaustis bendruomen\u0117s dalimi ir moko daugelio verting\u0173 \u012fg\u016bd\u017ei\u0173 bei to, kokia svarbi tokia veikla yra kasdieniniame gyvenime. VIRTUV\u0116 VAIKAMS &#8211; [&hellip;]<\/p>","protected":false},"featured_media":25401,"template":"","meta":{"_acf_changed":false,"iawp_total_views":1447},"product_cat":[193,194,195,216,217,191,192,84,247,102,90,50,199,93,49,39],"product_tag":[96,97,98],"class_list":{"0":"post-25399","1":"product","2":"type-product","3":"status-publish","4":"has-post-thumbnail","6":"product_cat-dovanos-vaikams-1-2-metu","7":"product_cat-dovanos-vaikams-2-3-metu","8":"product_cat-dovanos-vaikams-3-4-metu","9":"product_cat-dovanos-4-5-metu-vaikams","10":"product_cat-dovanos-5-7-metu-vaikams","11":"product_cat-dovanos-vaikams","12":"product_cat-kaledines-dovanos-vaikams","13":"product_cat-lavinamieji-zaislai","14":"product_cat-lulilo","15":"product_cat-mediniai-zaislai","16":"product_cat-pasaulio-pazinimas","17":"product_cat-top-dovanos","18":"product_cat-ugdymo-istaigoms","19":"product_cat-vaidmenu-zaidimai","20":"product_cat-visi-zaislai","21":"product_cat-zaislai","22":"product_tag-2-m-3-m","23":"product_tag-3-m-4-m","24":"product_tag-5-m-7-m","26":"first","27":"outofstock","28":"taxable","29":"shipping-taxable","30":"purchasable","31":"product-type-simple"},"acf":[],"yoast_head":"<!-- This site is optimized with the Yoast SEO plugin v23.3 - https:\/\/yoast.com\/wordpress\/plugins\/seo\/ -->\n<title>Medin\u0117 virtuv\u0117l\u0117 su kavos aparatu - Montessori \u017eaislai<\/title>\n<meta name=\"robots\" content=\"index, follow, max-snippet:-1, max-image-preview:large, max-video-preview:-1\" \/>\n<link rel=\"canonical\" href=\"https:\/\/monti.lt\/en\/product\/medine-virtuvele-su-kavos-aparatu\/\" \/>\n<meta property=\"og:locale\" content=\"en_US\" \/>\n<meta property=\"og:type\" content=\"article\" \/>\n<meta property=\"og:title\" content=\"Medin\u0117 virtuv\u0117l\u0117 su kavos aparatu - Montessori \u017eaislai\" \/>\n<meta property=\"og:description\" content=\"MEDIN\u0116S VIRTUV\u0116S MDF LULILO SALIKO SU EXPRESS Ne visiems \u017einoma, kad vaikai m\u0117gsta m\u0117gd\u017eioti savo t\u0117vus, net ir tada, kai kalbama apie ma\u017eiau malonius darbus, pavyzd\u017eiui, valym\u0105 ir maisto gaminim\u0105. Toks pavyzdys kitiems padeda vaikams jaustis bendruomen\u0117s dalimi ir moko daugelio verting\u0173 \u012fg\u016bd\u017ei\u0173 bei to, kokia svarbi tokia veikla yra kasdieniniame gyvenime. VIRTUV\u0116 VAIKAMS &#8211; [&hellip;]\" \/>\n<meta property=\"og:url\" content=\"https:\/\/monti.lt\/en\/product\/medine-virtuvele-su-kavos-aparatu\/\" \/>\n<meta property=\"og:site_name\" content=\"Montessori \u017eaislai\" \/>\n<meta property=\"article:modified_time\" content=\"2026-04-07T18:01:33+00:00\" \/>\n<meta property=\"og:image\" content=\"https:\/\/monti.lt\/wp-content\/uploads\/2024\/10\/Wooden-kitchen-MDF-LULILO-Saliko-with-express-131172.jpg\" \/>\n\t<meta property=\"og:image:width\" content=\"1024\" \/>\n\t<meta property=\"og:image:height\" content=\"1024\" \/>\n\t<meta property=\"og:image:type\" content=\"image\/jpeg\" \/>\n<meta name=\"twitter:card\" content=\"summary_large_image\" \/>\n<meta name=\"twitter:label1\" content=\"Est. reading time\" \/>\n\t<meta name=\"twitter:data1\" content=\"2 minutes\" \/>\n<script type=\"application\/ld+json\" class=\"yoast-schema-graph\">{\"@context\":\"https:\/\/schema.org\",\"@graph\":[{\"@type\":\"WebPage\",\"@id\":\"https:\/\/monti.lt\/product\/medine-virtuvele-su-kavos-aparatu\/\",\"url\":\"https:\/\/monti.lt\/product\/medine-virtuvele-su-kavos-aparatu\/\",\"name\":\"Medin\u0117 virtuv\u0117l\u0117 su kavos aparatu - Montessori \u017eaislai\",\"isPartOf\":{\"@id\":\"https:\/\/monti.lt\/#website\"},\"primaryImageOfPage\":{\"@id\":\"https:\/\/monti.lt\/product\/medine-virtuvele-su-kavos-aparatu\/#primaryimage\"},\"image\":{\"@id\":\"https:\/\/monti.lt\/product\/medine-virtuvele-su-kavos-aparatu\/#primaryimage\"},\"thumbnailUrl\":\"https:\/\/monti.lt\/wp-content\/uploads\/2024\/10\/Wooden-kitchen-MDF-LULILO-Saliko-with-express-131172.jpg\",\"datePublished\":\"2024-10-01T08:22:33+00:00\",\"dateModified\":\"2026-04-07T18:01:33+00:00\",\"breadcrumb\":{\"@id\":\"https:\/\/monti.lt\/product\/medine-virtuvele-su-kavos-aparatu\/#breadcrumb\"},\"inLanguage\":\"en-US\",\"potentialAction\":[{\"@type\":\"ReadAction\",\"target\":[\"https:\/\/monti.lt\/product\/medine-virtuvele-su-kavos-aparatu\/\"]}]},{\"@type\":\"ImageObject\",\"inLanguage\":\"en-US\",\"@id\":\"https:\/\/monti.lt\/product\/medine-virtuvele-su-kavos-aparatu\/#primaryimage\",\"url\":\"https:\/\/monti.lt\/wp-content\/uploads\/2024\/10\/Wooden-kitchen-MDF-LULILO-Saliko-with-express-131172.jpg\",\"contentUrl\":\"https:\/\/monti.lt\/wp-content\/uploads\/2024\/10\/Wooden-kitchen-MDF-LULILO-Saliko-with-express-131172.jpg\",\"width\":1024,\"height\":1024,\"caption\":\"medine virtuve\"},{\"@type\":\"BreadcrumbList\",\"@id\":\"https:\/\/monti.lt\/product\/medine-virtuvele-su-kavos-aparatu\/#breadcrumb\",\"itemListElement\":[{\"@type\":\"ListItem\",\"position\":1,\"name\":\"Home\",\"item\":\"https:\/\/monti.lt\/\"},{\"@type\":\"ListItem\",\"position\":2,\"name\":\"Parduotuv\u0117\",\"item\":\"https:\/\/monti.lt\/shop\/\"},{\"@type\":\"ListItem\",\"position\":3,\"name\":\"Medin\u0117 virtuv\u0117l\u0117 su kavos aparatu\"}]},{\"@type\":\"WebSite\",\"@id\":\"https:\/\/monti.lt\/#website\",\"url\":\"https:\/\/monti.lt\/\",\"name\":\"Montessori \u017eaislai\",\"description\":\"\",\"publisher\":{\"@id\":\"https:\/\/monti.lt\/#organization\"},\"potentialAction\":[{\"@type\":\"SearchAction\",\"target\":{\"@type\":\"EntryPoint\",\"urlTemplate\":\"https:\/\/monti.lt\/?s={search_term_string}\"},\"query-input\":\"required name=search_term_string\"}],\"inLanguage\":\"en-US\"},{\"@type\":\"Organization\",\"@id\":\"https:\/\/monti.lt\/#organization\",\"name\":\"Montessori \u017eaislai\",\"url\":\"https:\/\/monti.lt\/\",\"logo\":{\"@type\":\"ImageObject\",\"inLanguage\":\"en-US\",\"@id\":\"https:\/\/monti.lt\/#\/schema\/logo\/image\/\",\"url\":\"https:\/\/monti.lt\/wp-content\/uploads\/2022\/03\/montilogo-1.png\",\"contentUrl\":\"https:\/\/monti.lt\/wp-content\/uploads\/2022\/03\/montilogo-1.png\",\"width\":512,\"height\":512,\"caption\":\"Montessori \u017eaislai\"},\"image\":{\"@id\":\"https:\/\/monti.lt\/#\/schema\/logo\/image\/\"}}]}<\/script>\n<!-- \/ Yoast SEO plugin. -->","yoast_head_json":{"title":"Medin\u0117 virtuv\u0117l\u0117 su kavos aparatu - Montessori \u017eaislai","robots":{"index":"index","follow":"follow","max-snippet":"max-snippet:-1","max-image-preview":"max-image-preview:large","max-video-preview":"max-video-preview:-1"},"canonical":"https:\/\/monti.lt\/en\/product\/medine-virtuvele-su-kavos-aparatu\/","og_locale":"en_US","og_type":"article","og_title":"Medin\u0117 virtuv\u0117l\u0117 su kavos aparatu - Montessori \u017eaislai","og_description":"MEDIN\u0116S VIRTUV\u0116S MDF LULILO SALIKO SU EXPRESS Ne visiems \u017einoma, kad vaikai m\u0117gsta m\u0117gd\u017eioti savo t\u0117vus, net ir tada, kai kalbama apie ma\u017eiau malonius darbus, pavyzd\u017eiui, valym\u0105 ir maisto gaminim\u0105. Toks pavyzdys kitiems padeda vaikams jaustis bendruomen\u0117s dalimi ir moko daugelio verting\u0173 \u012fg\u016bd\u017ei\u0173 bei to, kokia svarbi tokia veikla yra kasdieniniame gyvenime. VIRTUV\u0116 VAIKAMS &#8211; [&hellip;]","og_url":"https:\/\/monti.lt\/en\/product\/medine-virtuvele-su-kavos-aparatu\/","og_site_name":"Montessori \u017eaislai","article_modified_time":"2026-04-07T18:01:33+00:00","og_image":[{"width":1024,"height":1024,"url":"https:\/\/monti.lt\/wp-content\/uploads\/2024\/10\/Wooden-kitchen-MDF-LULILO-Saliko-with-express-131172.jpg","type":"image\/jpeg"}],"twitter_card":"summary_large_image","twitter_misc":{"Est. reading time":"2 minutes"},"schema":{"@context":"https:\/\/schema.org","@graph":[{"@type":"WebPage","@id":"https:\/\/monti.lt\/product\/medine-virtuvele-su-kavos-aparatu\/","url":"https:\/\/monti.lt\/product\/medine-virtuvele-su-kavos-aparatu\/","name":"Medin\u0117 virtuv\u0117l\u0117 su kavos aparatu - Montessori \u017eaislai","isPartOf":{"@id":"https:\/\/monti.lt\/#website"},"primaryImageOfPage":{"@id":"https:\/\/monti.lt\/product\/medine-virtuvele-su-kavos-aparatu\/#primaryimage"},"image":{"@id":"https:\/\/monti.lt\/product\/medine-virtuvele-su-kavos-aparatu\/#primaryimage"},"thumbnailUrl":"https:\/\/monti.lt\/wp-content\/uploads\/2024\/10\/Wooden-kitchen-MDF-LULILO-Saliko-with-express-131172.jpg","datePublished":"2024-10-01T08:22:33+00:00","dateModified":"2026-04-07T18:01:33+00:00","breadcrumb":{"@id":"https:\/\/monti.lt\/product\/medine-virtuvele-su-kavos-aparatu\/#breadcrumb"},"inLanguage":"en-US","potentialAction":[{"@type":"ReadAction","target":["https:\/\/monti.lt\/product\/medine-virtuvele-su-kavos-aparatu\/"]}]},{"@type":"ImageObject","inLanguage":"en-US","@id":"https:\/\/monti.lt\/product\/medine-virtuvele-su-kavos-aparatu\/#primaryimage","url":"https:\/\/monti.lt\/wp-content\/uploads\/2024\/10\/Wooden-kitchen-MDF-LULILO-Saliko-with-express-131172.jpg","contentUrl":"https:\/\/monti.lt\/wp-content\/uploads\/2024\/10\/Wooden-kitchen-MDF-LULILO-Saliko-with-express-131172.jpg","width":1024,"height":1024,"caption":"medine virtuve"},{"@type":"BreadcrumbList","@id":"https:\/\/monti.lt\/product\/medine-virtuvele-su-kavos-aparatu\/#breadcrumb","itemListElement":[{"@type":"ListItem","position":1,"name":"Home","item":"https:\/\/monti.lt\/"},{"@type":"ListItem","position":2,"name":"Parduotuv\u0117","item":"https:\/\/monti.lt\/shop\/"},{"@type":"ListItem","position":3,"name":"Medin\u0117 virtuv\u0117l\u0117 su kavos aparatu"}]},{"@type":"WebSite","@id":"https:\/\/monti.lt\/#website","url":"https:\/\/monti.lt\/","name":"Montessori \u017eaislai","description":"","publisher":{"@id":"https:\/\/monti.lt\/#organization"},"potentialAction":[{"@type":"SearchAction","target":{"@type":"EntryPoint","urlTemplate":"https:\/\/monti.lt\/?s={search_term_string}"},"query-input":"required name=search_term_string"}],"inLanguage":"en-US"},{"@type":"Organization","@id":"https:\/\/monti.lt\/#organization","name":"Montessori \u017eaislai","url":"https:\/\/monti.lt\/","logo":{"@type":"ImageObject","inLanguage":"en-US","@id":"https:\/\/monti.lt\/#\/schema\/logo\/image\/","url":"https:\/\/monti.lt\/wp-content\/uploads\/2022\/03\/montilogo-1.png","contentUrl":"https:\/\/monti.lt\/wp-content\/uploads\/2022\/03\/montilogo-1.png","width":512,"height":512,"caption":"Montessori \u017eaislai"},"image":{"@id":"https:\/\/monti.lt\/#\/schema\/logo\/image\/"}}]}},"_links":{"self":[{"href":"https:\/\/monti.lt\/en\/wp-json\/wp\/v2\/product\/25399"}],"collection":[{"href":"https:\/\/monti.lt\/en\/wp-json\/wp\/v2\/product"}],"about":[{"href":"https:\/\/monti.lt\/en\/wp-json\/wp\/v2\/types\/product"}],"version-history":[{"count":1,"href":"https:\/\/monti.lt\/en\/wp-json\/wp\/v2\/product\/25399\/revisions"}],"predecessor-version":[{"id":25415,"href":"https:\/\/monti.lt\/en\/wp-json\/wp\/v2\/product\/25399\/revisions\/25415"}],"wp:featuredmedia":[{"embeddable":true,"href":"https:\/\/monti.lt\/en\/wp-json\/wp\/v2\/media\/25401"}],"wp:attachment":[{"href":"https:\/\/monti.lt\/en\/wp-json\/wp\/v2\/media?parent=25399"}],"wp:term":[{"taxonomy":"product_cat","embeddable":true,"href":"https:\/\/monti.lt\/en\/wp-json\/wp\/v2\/product_cat?post=25399"},{"taxonomy":"product_tag","embeddable":true,"href":"https:\/\/monti.lt\/en\/wp-json\/wp\/v2\/product_tag?post=25399"}],"curies":[{"name":"wp","href":"https:\/\/api.w.org\/{rel}","templated":true}]}}