{"id":25496,"date":"2024-10-01T14:17:12","date_gmt":"2024-10-01T14:17:12","guid":{"rendered":"https:\/\/monti.lt\/?post_type=product&#038;p=25496"},"modified":"2025-10-09T06:13:37","modified_gmt":"2025-10-09T06:13:37","slug":"piesimo-lenta-staliukas","status":"publish","type":"product","link":"https:\/\/monti.lt\/en\/product\/piesimo-lenta-staliukas\/","title":{"rendered":"Pie\u0161imo lenta-staliukas"},"content":{"rendered":"<p>\u2705 ZNIKOPIS magnetin\u0117 lenta ant kojeli\u0173, kuri\u0105 galima pastatyti kaip ma\u017e\u0105 staliuk\u0105.<\/p>\n\n\n\n<p>\u017daisle naudojama \u012fvairi\u0173 spalv\u0173 metalo daleli\u0173 fizin\u0117 trauka, kuri\u0105 u\u017etikrina specialus magnetinis ra\u0161iklis.<\/p>\n\n\n\n<p>Prie lentos pridedami 3 apskritimo, g\u0117l\u0117s ir rankos formos magnetiniai antspaudai, taip pat ra\u0161iklis.<\/p>\n\n\n\n<p>\u2705 Lenta turi magnetin\u012f ra\u0161ikl\u012f, kuriuo vaikas gali kurti \u012fvairius spalvingus pie\u0161inius.<\/p>\n\n\n\n<p>\u017daislas stimuliuoja ma\u017eo vaiko sensorin\u012f vystym\u0105si ir skatina vaizduot\u0119.<\/p>\n\n\n\n<p>Dingstan\u010dios lentos su pritvirtintomis kojomis matmenys: 38 cm x 28 cm 18 cm<\/p>\n\n\n\n<p>Ra\u0161ymo pavir\u0161ius<\/p>\n\n\n\n<p>I\u0161nykstan\u010di\u0105 ra\u0161ymo priemon\u0119 galima pasiimti \u012f kelion\u0119, atjungus kojas, ir gabenti patogia rankena.<\/p>","protected":false},"excerpt":{"rendered":"<p>\u2705 ZNIKOPIS magnetin\u0117 lenta ant kojeli\u0173, kuri\u0105 galima pastatyti kaip ma\u017e\u0105 staliuk\u0105. \u017daisle naudojama \u012fvairi\u0173 spalv\u0173 metalo daleli\u0173 fizin\u0117 trauka, kuri\u0105 u\u017etikrina specialus magnetinis ra\u0161iklis. Prie lentos pridedami 3 apskritimo, g\u0117l\u0117s ir rankos formos magnetiniai antspaudai, taip pat ra\u0161iklis. \u2705 Lenta turi magnetin\u012f ra\u0161ikl\u012f, kuriuo vaikas gali kurti \u012fvairius spalvingus pie\u0161inius. \u017daislas stimuliuoja ma\u017eo vaiko [&hellip;]<\/p>","protected":false},"featured_media":25497,"template":"","meta":{"_acf_changed":false,"iawp_total_views":992},"product_cat":[194,195,216,191,82,84,89,199,49,39,201],"product_tag":[95,96,97,98],"class_list":{"0":"post-25496","1":"product","2":"type-product","3":"status-publish","4":"has-post-thumbnail","6":"product_cat-dovanos-vaikams-2-3-metu","7":"product_cat-dovanos-vaikams-3-4-metu","8":"product_cat-dovanos-4-5-metu-vaikams","9":"product_cat-dovanos-vaikams","10":"product_cat-ispardavimas","11":"product_cat-lavinamieji-zaislai","12":"product_cat-mokausi-piesti","13":"product_cat-ugdymo-istaigoms","14":"product_cat-visi-zaislai","15":"product_cat-zaislai","16":"product_cat-zaislai-kelioneje","17":"product_tag-1-m-2-m","18":"product_tag-2-m-3-m","19":"product_tag-3-m-4-m","20":"product_tag-5-m-7-m","22":"first","23":"outofstock","24":"taxable","25":"shipping-taxable","26":"purchasable","27":"product-type-simple"},"acf":[],"yoast_head":"<!-- This site is optimized with the Yoast SEO plugin v23.3 - https:\/\/yoast.com\/wordpress\/plugins\/seo\/ -->\n<title>Pie\u0161imo lenta-staliukas - Montessori \u017eaislai<\/title>\n<meta name=\"robots\" content=\"index, follow, max-snippet:-1, max-image-preview:large, max-video-preview:-1\" \/>\n<link rel=\"canonical\" href=\"https:\/\/monti.lt\/en\/product\/piesimo-lenta-staliukas\/\" \/>\n<meta property=\"og:locale\" content=\"en_US\" \/>\n<meta property=\"og:type\" content=\"article\" \/>\n<meta property=\"og:title\" content=\"Pie\u0161imo lenta-staliukas - Montessori \u017eaislai\" \/>\n<meta property=\"og:description\" content=\"\u2705 ZNIKOPIS magnetin\u0117 lenta ant kojeli\u0173, kuri\u0105 galima pastatyti kaip ma\u017e\u0105 staliuk\u0105. \u017daisle naudojama \u012fvairi\u0173 spalv\u0173 metalo daleli\u0173 fizin\u0117 trauka, kuri\u0105 u\u017etikrina specialus magnetinis ra\u0161iklis. Prie lentos pridedami 3 apskritimo, g\u0117l\u0117s ir rankos formos magnetiniai antspaudai, taip pat ra\u0161iklis. \u2705 Lenta turi magnetin\u012f ra\u0161ikl\u012f, kuriuo vaikas gali kurti \u012fvairius spalvingus pie\u0161inius. \u017daislas stimuliuoja ma\u017eo vaiko [&hellip;]\" \/>\n<meta property=\"og:url\" content=\"https:\/\/monti.lt\/en\/product\/piesimo-lenta-staliukas\/\" \/>\n<meta property=\"og:site_name\" content=\"Montessori \u017eaislai\" \/>\n<meta property=\"article:modified_time\" content=\"2025-10-09T06:13:37+00:00\" \/>\n<meta property=\"og:image\" content=\"https:\/\/monti.lt\/wp-content\/uploads\/2024\/10\/znikopis-stol.webp\" \/>\n\t<meta property=\"og:image:width\" content=\"800\" \/>\n\t<meta property=\"og:image:height\" content=\"800\" \/>\n\t<meta property=\"og:image:type\" content=\"image\/webp\" \/>\n<meta name=\"twitter:card\" content=\"summary_large_image\" \/>\n<meta name=\"twitter:label1\" content=\"Est. reading time\" \/>\n\t<meta name=\"twitter:data1\" content=\"1 minute\" \/>\n<script type=\"application\/ld+json\" class=\"yoast-schema-graph\">{\"@context\":\"https:\/\/schema.org\",\"@graph\":[{\"@type\":\"WebPage\",\"@id\":\"https:\/\/monti.lt\/product\/piesimo-lenta-staliukas\/\",\"url\":\"https:\/\/monti.lt\/product\/piesimo-lenta-staliukas\/\",\"name\":\"Pie\u0161imo lenta-staliukas - Montessori \u017eaislai\",\"isPartOf\":{\"@id\":\"https:\/\/monti.lt\/#website\"},\"primaryImageOfPage\":{\"@id\":\"https:\/\/monti.lt\/product\/piesimo-lenta-staliukas\/#primaryimage\"},\"image\":{\"@id\":\"https:\/\/monti.lt\/product\/piesimo-lenta-staliukas\/#primaryimage\"},\"thumbnailUrl\":\"https:\/\/monti.lt\/wp-content\/uploads\/2024\/10\/znikopis-stol.webp\",\"datePublished\":\"2024-10-01T14:17:12+00:00\",\"dateModified\":\"2025-10-09T06:13:37+00:00\",\"breadcrumb\":{\"@id\":\"https:\/\/monti.lt\/product\/piesimo-lenta-staliukas\/#breadcrumb\"},\"inLanguage\":\"en-US\",\"potentialAction\":[{\"@type\":\"ReadAction\",\"target\":[\"https:\/\/monti.lt\/product\/piesimo-lenta-staliukas\/\"]}]},{\"@type\":\"ImageObject\",\"inLanguage\":\"en-US\",\"@id\":\"https:\/\/monti.lt\/product\/piesimo-lenta-staliukas\/#primaryimage\",\"url\":\"https:\/\/monti.lt\/wp-content\/uploads\/2024\/10\/znikopis-stol.webp\",\"contentUrl\":\"https:\/\/monti.lt\/wp-content\/uploads\/2024\/10\/znikopis-stol.webp\",\"width\":800,\"height\":800,\"caption\":\"piesimo staliukas\"},{\"@type\":\"BreadcrumbList\",\"@id\":\"https:\/\/monti.lt\/product\/piesimo-lenta-staliukas\/#breadcrumb\",\"itemListElement\":[{\"@type\":\"ListItem\",\"position\":1,\"name\":\"Home\",\"item\":\"https:\/\/monti.lt\/\"},{\"@type\":\"ListItem\",\"position\":2,\"name\":\"Parduotuv\u0117\",\"item\":\"https:\/\/monti.lt\/shop\/\"},{\"@type\":\"ListItem\",\"position\":3,\"name\":\"Pie\u0161imo lenta-staliukas\"}]},{\"@type\":\"WebSite\",\"@id\":\"https:\/\/monti.lt\/#website\",\"url\":\"https:\/\/monti.lt\/\",\"name\":\"Montessori \u017eaislai\",\"description\":\"\",\"publisher\":{\"@id\":\"https:\/\/monti.lt\/#organization\"},\"potentialAction\":[{\"@type\":\"SearchAction\",\"target\":{\"@type\":\"EntryPoint\",\"urlTemplate\":\"https:\/\/monti.lt\/?s={search_term_string}\"},\"query-input\":\"required name=search_term_string\"}],\"inLanguage\":\"en-US\"},{\"@type\":\"Organization\",\"@id\":\"https:\/\/monti.lt\/#organization\",\"name\":\"Montessori \u017eaislai\",\"url\":\"https:\/\/monti.lt\/\",\"logo\":{\"@type\":\"ImageObject\",\"inLanguage\":\"en-US\",\"@id\":\"https:\/\/monti.lt\/#\/schema\/logo\/image\/\",\"url\":\"https:\/\/monti.lt\/wp-content\/uploads\/2022\/03\/montilogo-1.png\",\"contentUrl\":\"https:\/\/monti.lt\/wp-content\/uploads\/2022\/03\/montilogo-1.png\",\"width\":512,\"height\":512,\"caption\":\"Montessori \u017eaislai\"},\"image\":{\"@id\":\"https:\/\/monti.lt\/#\/schema\/logo\/image\/\"}}]}<\/script>\n<!-- \/ Yoast SEO plugin. -->","yoast_head_json":{"title":"Pie\u0161imo lenta-staliukas - Montessori \u017eaislai","robots":{"index":"index","follow":"follow","max-snippet":"max-snippet:-1","max-image-preview":"max-image-preview:large","max-video-preview":"max-video-preview:-1"},"canonical":"https:\/\/monti.lt\/en\/product\/piesimo-lenta-staliukas\/","og_locale":"en_US","og_type":"article","og_title":"Pie\u0161imo lenta-staliukas - Montessori \u017eaislai","og_description":"\u2705 ZNIKOPIS magnetin\u0117 lenta ant kojeli\u0173, kuri\u0105 galima pastatyti kaip ma\u017e\u0105 staliuk\u0105. \u017daisle naudojama \u012fvairi\u0173 spalv\u0173 metalo daleli\u0173 fizin\u0117 trauka, kuri\u0105 u\u017etikrina specialus magnetinis ra\u0161iklis. Prie lentos pridedami 3 apskritimo, g\u0117l\u0117s ir rankos formos magnetiniai antspaudai, taip pat ra\u0161iklis. \u2705 Lenta turi magnetin\u012f ra\u0161ikl\u012f, kuriuo vaikas gali kurti \u012fvairius spalvingus pie\u0161inius. \u017daislas stimuliuoja ma\u017eo vaiko [&hellip;]","og_url":"https:\/\/monti.lt\/en\/product\/piesimo-lenta-staliukas\/","og_site_name":"Montessori \u017eaislai","article_modified_time":"2025-10-09T06:13:37+00:00","og_image":[{"width":800,"height":800,"url":"https:\/\/monti.lt\/wp-content\/uploads\/2024\/10\/znikopis-stol.webp","type":"image\/webp"}],"twitter_card":"summary_large_image","twitter_misc":{"Est. reading time":"1 minute"},"schema":{"@context":"https:\/\/schema.org","@graph":[{"@type":"WebPage","@id":"https:\/\/monti.lt\/product\/piesimo-lenta-staliukas\/","url":"https:\/\/monti.lt\/product\/piesimo-lenta-staliukas\/","name":"Pie\u0161imo lenta-staliukas - Montessori \u017eaislai","isPartOf":{"@id":"https:\/\/monti.lt\/#website"},"primaryImageOfPage":{"@id":"https:\/\/monti.lt\/product\/piesimo-lenta-staliukas\/#primaryimage"},"image":{"@id":"https:\/\/monti.lt\/product\/piesimo-lenta-staliukas\/#primaryimage"},"thumbnailUrl":"https:\/\/monti.lt\/wp-content\/uploads\/2024\/10\/znikopis-stol.webp","datePublished":"2024-10-01T14:17:12+00:00","dateModified":"2025-10-09T06:13:37+00:00","breadcrumb":{"@id":"https:\/\/monti.lt\/product\/piesimo-lenta-staliukas\/#breadcrumb"},"inLanguage":"en-US","potentialAction":[{"@type":"ReadAction","target":["https:\/\/monti.lt\/product\/piesimo-lenta-staliukas\/"]}]},{"@type":"ImageObject","inLanguage":"en-US","@id":"https:\/\/monti.lt\/product\/piesimo-lenta-staliukas\/#primaryimage","url":"https:\/\/monti.lt\/wp-content\/uploads\/2024\/10\/znikopis-stol.webp","contentUrl":"https:\/\/monti.lt\/wp-content\/uploads\/2024\/10\/znikopis-stol.webp","width":800,"height":800,"caption":"piesimo staliukas"},{"@type":"BreadcrumbList","@id":"https:\/\/monti.lt\/product\/piesimo-lenta-staliukas\/#breadcrumb","itemListElement":[{"@type":"ListItem","position":1,"name":"Home","item":"https:\/\/monti.lt\/"},{"@type":"ListItem","position":2,"name":"Parduotuv\u0117","item":"https:\/\/monti.lt\/shop\/"},{"@type":"ListItem","position":3,"name":"Pie\u0161imo lenta-staliukas"}]},{"@type":"WebSite","@id":"https:\/\/monti.lt\/#website","url":"https:\/\/monti.lt\/","name":"Montessori \u017eaislai","description":"","publisher":{"@id":"https:\/\/monti.lt\/#organization"},"potentialAction":[{"@type":"SearchAction","target":{"@type":"EntryPoint","urlTemplate":"https:\/\/monti.lt\/?s={search_term_string}"},"query-input":"required name=search_term_string"}],"inLanguage":"en-US"},{"@type":"Organization","@id":"https:\/\/monti.lt\/#organization","name":"Montessori \u017eaislai","url":"https:\/\/monti.lt\/","logo":{"@type":"ImageObject","inLanguage":"en-US","@id":"https:\/\/monti.lt\/#\/schema\/logo\/image\/","url":"https:\/\/monti.lt\/wp-content\/uploads\/2022\/03\/montilogo-1.png","contentUrl":"https:\/\/monti.lt\/wp-content\/uploads\/2022\/03\/montilogo-1.png","width":512,"height":512,"caption":"Montessori \u017eaislai"},"image":{"@id":"https:\/\/monti.lt\/#\/schema\/logo\/image\/"}}]}},"_links":{"self":[{"href":"https:\/\/monti.lt\/en\/wp-json\/wp\/v2\/product\/25496"}],"collection":[{"href":"https:\/\/monti.lt\/en\/wp-json\/wp\/v2\/product"}],"about":[{"href":"https:\/\/monti.lt\/en\/wp-json\/wp\/v2\/types\/product"}],"version-history":[{"count":1,"href":"https:\/\/monti.lt\/en\/wp-json\/wp\/v2\/product\/25496\/revisions"}],"predecessor-version":[{"id":25504,"href":"https:\/\/monti.lt\/en\/wp-json\/wp\/v2\/product\/25496\/revisions\/25504"}],"wp:featuredmedia":[{"embeddable":true,"href":"https:\/\/monti.lt\/en\/wp-json\/wp\/v2\/media\/25497"}],"wp:attachment":[{"href":"https:\/\/monti.lt\/en\/wp-json\/wp\/v2\/media?parent=25496"}],"wp:term":[{"taxonomy":"product_cat","embeddable":true,"href":"https:\/\/monti.lt\/en\/wp-json\/wp\/v2\/product_cat?post=25496"},{"taxonomy":"product_tag","embeddable":true,"href":"https:\/\/monti.lt\/en\/wp-json\/wp\/v2\/product_tag?post=25496"}],"curies":[{"name":"wp","href":"https:\/\/api.w.org\/{rel}","templated":true}]}}